{"id":8875,"date":"2022-03-04T13:48:25","date_gmt":"2022-03-04T13:48:25","guid":{"rendered":"https:\/\/www.avanceplasticsurgery.com\/procedimientos-cosmeticos-y-de-cirugia\/seno\/extraccion-de-implantes-mamarios\/"},"modified":"2023-05-01T18:58:59","modified_gmt":"2023-05-01T18:58:59","slug":"extraccion-de-implantes-mamarios","status":"publish","type":"page","link":"https:\/\/www.avanceplasticsurgery.com\/es\/procedimientos-cosmeticos-y-de-cirugia\/seno\/extraccion-de-implantes-mamarios\/","title":{"rendered":"Extracci\u00f3n de implantes mamarios"},"content":{"rendered":"<h1>Cirug\u00eda de extracci\u00f3n de implantes mamarios<\/h1>\n<p>La extracci\u00f3n de implantes mamarios es un procedimiento com\u00fan que se lleva a cabo por una variedad de razones. A veces, la extracci\u00f3n es necesaria debido a un problema con el propio implante. Aunque es raro, los implantes pueden tener fugas o causar contractura capsular (tejido cicatricial anormal). M\u00e1s com\u00fanmente, los implantes mamarios se extraen cuando la paciente decide <a title=\"Reno NV Cirug\u00eda Est\u00e9tica de Senos\" href=\"https:\/\/www.avanceplasticsurgery.com\/es\/cosmetic-and-surgery-procedures\/breast-cosmetic-surgery\/\">aumentar o disminuir el tama\u00f1o del implante<\/a> o, a veces, simplemente ya no quiere implantes. El Dr. Erez Dayan puede ayudarla a decidir si la extracci\u00f3n completa del implante mamario es la mejor opci\u00f3n para usted.<\/p>\n<div><button class=\"flc-yt lazyload\" data-id=\"K7kZUiqBaVM\" data-title=\"Ideal Breast Measurements For Breast Surgery | Avance Plastic Surgery: Dr. Erez Dayan | Reno, Tahoe\" data-bg=\"https:\/\/i.ytimg.com\/vi\/K7kZUiqBaVM\/hqdefault.jpg\" aria-label=\"Play video Ideal Breast Measurements For Breast Surgery | Avance Plastic Surgery: Dr. Erez Dayan | Reno, Tahoe\">  <div class=\"flc-yt__title\">Ideal Breast Measurements For Breast Surgery | Avance Plastic Surgery: Dr. Erez Dayan | Reno, Tahoe<\/div>  <span class=\"flc-yt__play\">    <svg viewBox=\"0 0 68 48\" xmlns=\"http:\/\/www.w3.org\/2000\/svg\" aria-hidden=\"true\"><path d=\"M66.5 7.8A8.5 8.5 0 0 0 60.6 2C55.3.5 34 .5 34 .5S12.7.5 7.4 2A8.5 8.5 0 0 0 1.5 7.8C0 13.1 0 24 0 24s0 10.9 1.5 16.2A8.5 8.5 0 0 0 7.4 46C12.7 47.5 34 47.5 34 47.5s21.3 0 26.6-1.5a8.5 8.5 0 0 0 5.9-5.8C68 34.9 68 24 68 24s0-10.9-1.5-16.2Z\" fill=\"#f00\"\/><path d=\"M27 34l18-10-18-10v20Z\" fill=\"#fff\"\/><\/svg>  <\/span><\/button><\/div>\n<h2>Intercambio de implantes mamarios<\/h2>\n<p>Tambi\u00e9n conocido como aumento mamario de revisi\u00f3n, el cambio de implantes mamarios se realiza por varias razones, incluido el aumento o la disminuci\u00f3n del tama\u00f1o del implante, el reemplazo de implantes da\u00f1ados o los malos resultados de una cirug\u00eda anterior realizada por un cirujano sin experiencia. Los cambios significativos en el \u00e1rea del seno, como la p\u00e9rdida de peso, pueden producir piel suelta y pueden requerir el reposicionamiento o el cambio del tama\u00f1o del implante para lograr una forma natural y atractiva.<\/p>\n<h3>\u00bfCu\u00e1nto tiempo lleva recuperarse?<\/h3>\n<p>La extracci\u00f3n de implantes mamarios suele ser un procedimiento m\u00e1s r\u00e1pido que el cambio de implantes. Dependiendo de la cantidad de tejido cicatricial, la posici\u00f3n del implante y otros factores, es probable que tenga una combinaci\u00f3n de anestesia general y local para mantenerlo c\u00f3modo.<\/p>\n<p>El tiempo de curaci\u00f3n variar\u00e1 seg\u00fan su proceso de curaci\u00f3n natural, pero puede llevar m\u00e1s tiempo recuperarse despu\u00e9s del cambio de implante debido a la complejidad del procedimiento. Con la extracci\u00f3n de un implante, puede esperar experimentar una incomodidad similar a la del aumento de senos original. Para ambos procedimientos, el Dr. Dayan recomendar\u00e1 medicamentos para aliviar su malestar.<\/p>\n<p>Debe esperar tomarse al menos una semana libre para descansar tanto como sea posible. En su seguimiento, el Dr. Dayan puede aconsejarle cu\u00e1ndo puede reanudar sus actividades normales.<\/p>\n<h4>\u00bfCu\u00e1les son los beneficios de la extracci\u00f3n o el intercambio de implantes?<\/h4>\n<p>Tanto para la extracci\u00f3n como para el intercambio, el Dr. Dayan utiliza sus t\u00e9cnicas y habilidades quir\u00fargicas avanzadas para remodelar el seno en una forma natural y agradable. Su atenci\u00f3n al detalle proporciona beneficios adicionales, que incluyen:<\/p>\n<ul>\n<li><strong>Implantes mejorados:<\/strong> la \u00faltima generaci\u00f3n de implantes es m\u00e1s c\u00f3moda y se ve y se siente incre\u00edblemente natural.<\/li>\n<li>Levantamiento de <strong>senos:<\/strong> el procedimiento restaurar\u00e1 la plenitud de la parte superior del seno mientras levanta los tejidos ca\u00eddos, creando senos m\u00e1s alegres y juveniles.<\/li>\n<li><strong>Simetr\u00eda de los senos:<\/strong> con m\u00e1s opciones y una mejor posici\u00f3n, se puede hacer que los senos desequilibrados parezcan iguales.<\/li>\n<li><strong>Sin cicatrices nuevas:<\/strong> las incisiones generalmente se colocan en el sitio original del primer procedimiento, que generalmente es debajo del seno. Si no se pueden colocar en la misma \u00e1rea, el Dr. Dayan ofrecer\u00e1 alternativas para minimizar las incisiones visibles tanto como sea posible.<\/li>\n<\/ul>\n<p>El Dr. Dayan es uno de los principales cirujanos pl\u00e1sticos y reconstructivos del pa\u00eds, reconocido internacionalmente por sus t\u00e9cnicas y resultados est\u00e9ticos. Si le preocupan sus implantes mamarios, le gustar\u00eda hablar sobre el cambio de tama\u00f1o de los implantes o est\u00e1 considerando la extracci\u00f3n de los implantes, <a title=\"Comun\u00edquese con Avance Plastic Surgery en Reno NV\" href=\"https:\/\/www.avanceplasticsurgery.com\/es\/contact-us-dr-erez-dayan\/\">comun\u00edquese hoy con Avance Plastic Surgery<\/a> para su consulta.<\/p>\n","protected":false},"excerpt":{"rendered":"<p>Cirug\u00eda de extracci\u00f3n de implantes mamarios La extracci\u00f3n de implantes mamarios es un procedimiento com\u00fan que se lleva a&hellip;<\/p>\n","protected":false},"author":1,"featured_media":0,"parent":8869,"menu_order":0,"comment_status":"closed","ping_status":"closed","template":"","meta":{"_acf_changed":false,"footnotes":""},"class_list":["post-8875","page","type-page","status-publish"],"acf":[],"yoast_head":"<!-- This site is optimized with the Yoast SEO plugin v27.3 - https:\/\/yoast.com\/product\/yoast-seo-wordpress\/ -->\n<title>Reno NV Cirug\u00eda de extracci\u00f3n de implantes mamarios | Intercambio de implantes en Lake Tahoe<\/title>\n<meta name=\"description\" content=\"\u00bfTiene cambios en sus implantes mamarios o desea cambiar el tama\u00f1o de los implantes? El cambio o la extracci\u00f3n de implantes mamarios puede lograr resultados de apariencia natural.\" \/>\n<meta name=\"robots\" content=\"index, follow, max-snippet:-1, max-image-preview:large, max-video-preview:-1\" \/>\n<link rel=\"canonical\" href=\"https:\/\/www.avanceplasticsurgery.com\/es\/procedimientos-cosmeticos-y-de-cirugia\/seno\/extraccion-de-implantes-mamarios\/\" \/>\n<meta property=\"og:locale\" content=\"es_ES\" \/>\n<meta property=\"og:type\" content=\"article\" \/>\n<meta property=\"og:title\" content=\"Reno NV Cirug\u00eda de extracci\u00f3n de implantes mamarios | Intercambio de implantes en Lake Tahoe\" \/>\n<meta property=\"og:description\" content=\"\u00bfTiene cambios en sus implantes mamarios o desea cambiar el tama\u00f1o de los implantes? El cambio o la extracci\u00f3n de implantes mamarios puede lograr resultados de apariencia natural.\" \/>\n<meta property=\"og:url\" content=\"https:\/\/www.avanceplasticsurgery.com\/es\/procedimientos-cosmeticos-y-de-cirugia\/seno\/extraccion-de-implantes-mamarios\/\" \/>\n<meta property=\"og:site_name\" content=\"Avance Plastic Surgery\" \/>\n<meta property=\"article:modified_time\" content=\"2023-05-01T18:58:59+00:00\" \/>\n<meta name=\"twitter:card\" content=\"summary_large_image\" \/>\n<meta name=\"twitter:label1\" content=\"Tiempo de lectura\" \/>\n\t<meta name=\"twitter:data1\" content=\"3 minutos\" \/>\n<!-- \/ Yoast SEO plugin. -->","yoast_head_json":{"title":"Reno NV Cirug\u00eda de extracci\u00f3n de implantes mamarios | Intercambio de implantes en Lake Tahoe","description":"\u00bfTiene cambios en sus implantes mamarios o desea cambiar el tama\u00f1o de los implantes? El cambio o la extracci\u00f3n de implantes mamarios puede lograr resultados de apariencia natural.","robots":{"index":"index","follow":"follow","max-snippet":"max-snippet:-1","max-image-preview":"max-image-preview:large","max-video-preview":"max-video-preview:-1"},"canonical":"https:\/\/www.avanceplasticsurgery.com\/es\/procedimientos-cosmeticos-y-de-cirugia\/seno\/extraccion-de-implantes-mamarios\/","og_locale":"es_ES","og_type":"article","og_title":"Reno NV Cirug\u00eda de extracci\u00f3n de implantes mamarios | Intercambio de implantes en Lake Tahoe","og_description":"\u00bfTiene cambios en sus implantes mamarios o desea cambiar el tama\u00f1o de los implantes? El cambio o la extracci\u00f3n de implantes mamarios puede lograr resultados de apariencia natural.","og_url":"https:\/\/www.avanceplasticsurgery.com\/es\/procedimientos-cosmeticos-y-de-cirugia\/seno\/extraccion-de-implantes-mamarios\/","og_site_name":"Avance Plastic Surgery","article_modified_time":"2023-05-01T18:58:59+00:00","twitter_card":"summary_large_image","twitter_misc":{"Tiempo de lectura":"3 minutos"},"schema":{"@context":"https:\/\/schema.org","@graph":[{"@type":"WebPage","@id":"https:\/\/www.avanceplasticsurgery.com\/es\/procedimientos-cosmeticos-y-de-cirugia\/seno\/extraccion-de-implantes-mamarios\/","url":"https:\/\/www.avanceplasticsurgery.com\/es\/procedimientos-cosmeticos-y-de-cirugia\/seno\/extraccion-de-implantes-mamarios\/","name":"Reno NV Cirug\u00eda de extracci\u00f3n de implantes mamarios | Intercambio de implantes en Lake Tahoe","isPartOf":{"@id":"https:\/\/www.avanceplasticsurgery.com\/es\/#website"},"datePublished":"2022-03-04T13:48:25+00:00","dateModified":"2023-05-01T18:58:59+00:00","description":"\u00bfTiene cambios en sus implantes mamarios o desea cambiar el tama\u00f1o de los implantes? El cambio o la extracci\u00f3n de implantes mamarios puede lograr resultados de apariencia natural.","breadcrumb":{"@id":"https:\/\/www.avanceplasticsurgery.com\/es\/procedimientos-cosmeticos-y-de-cirugia\/seno\/extraccion-de-implantes-mamarios\/#breadcrumb"},"inLanguage":"es","potentialAction":[{"@type":"ReadAction","target":["https:\/\/www.avanceplasticsurgery.com\/es\/procedimientos-cosmeticos-y-de-cirugia\/seno\/extraccion-de-implantes-mamarios\/"]}]},{"@type":"BreadcrumbList","@id":"https:\/\/www.avanceplasticsurgery.com\/es\/procedimientos-cosmeticos-y-de-cirugia\/seno\/extraccion-de-implantes-mamarios\/#breadcrumb","itemListElement":[{"@type":"ListItem","position":1,"name":"Home","item":"https:\/\/www.avanceplasticsurgery.com\/es\/"},{"@type":"ListItem","position":2,"name":"Cosm\u00e9tica","item":"https:\/\/www.avanceplasticsurgery.com\/es\/procedimientos-cosmeticos-y-de-cirugia\/"},{"@type":"ListItem","position":3,"name":"Seno","item":"https:\/\/www.avanceplasticsurgery.com\/es\/procedimientos-cosmeticos-y-de-cirugia\/seno\/"},{"@type":"ListItem","position":4,"name":"Extracci\u00f3n de implantes mamarios"}]},{"@type":"WebSite","@id":"https:\/\/www.avanceplasticsurgery.com\/es\/#website","url":"https:\/\/www.avanceplasticsurgery.com\/es\/","name":"Avance Plastic Surgery","description":"","potentialAction":[{"@type":"SearchAction","target":{"@type":"EntryPoint","urlTemplate":"https:\/\/www.avanceplasticsurgery.com\/es\/?s={search_term_string}"},"query-input":{"@type":"PropertyValueSpecification","valueRequired":true,"valueName":"search_term_string"}}],"inLanguage":"es"}]}},"_links":{"self":[{"href":"https:\/\/www.avanceplasticsurgery.com\/es\/wp-json\/wp\/v2\/pages\/8875","targetHints":{"allow":["GET"]}}],"collection":[{"href":"https:\/\/www.avanceplasticsurgery.com\/es\/wp-json\/wp\/v2\/pages"}],"about":[{"href":"https:\/\/www.avanceplasticsurgery.com\/es\/wp-json\/wp\/v2\/types\/page"}],"author":[{"embeddable":true,"href":"https:\/\/www.avanceplasticsurgery.com\/es\/wp-json\/wp\/v2\/users\/1"}],"replies":[{"embeddable":true,"href":"https:\/\/www.avanceplasticsurgery.com\/es\/wp-json\/wp\/v2\/comments?post=8875"}],"version-history":[{"count":2,"href":"https:\/\/www.avanceplasticsurgery.com\/es\/wp-json\/wp\/v2\/pages\/8875\/revisions"}],"predecessor-version":[{"id":10407,"href":"https:\/\/www.avanceplasticsurgery.com\/es\/wp-json\/wp\/v2\/pages\/8875\/revisions\/10407"}],"up":[{"embeddable":true,"href":"https:\/\/www.avanceplasticsurgery.com\/es\/wp-json\/wp\/v2\/pages\/8869"}],"wp:attachment":[{"href":"https:\/\/www.avanceplasticsurgery.com\/es\/wp-json\/wp\/v2\/media?parent=8875"}],"curies":[{"name":"wp","href":"https:\/\/api.w.org\/{rel}","templated":true}]}}