{"id":8876,"date":"2020-09-15T22:05:36","date_gmt":"2020-09-15T22:05:36","guid":{"rendered":"https:\/\/www.avanceplasticsurgery.com\/procedimientos-cosmeticos-y-de-cirugia\/seno\/ruptura-de-implante-mamario\/"},"modified":"2023-05-01T19:00:54","modified_gmt":"2023-05-01T19:00:54","slug":"ruptura-de-implante-mamario","status":"publish","type":"page","link":"https:\/\/www.avanceplasticsurgery.com\/es\/procedimientos-cosmeticos-y-de-cirugia\/seno\/ruptura-de-implante-mamario\/","title":{"rendered":"Ruptura de implante mamario"},"content":{"rendered":"<h1>Cirug\u00eda de reparaci\u00f3n de ruptura de implante mamario<\/h1>\n<p>La cirug\u00eda de implante mamario es una de las cirug\u00edas est\u00e9ticas m\u00e1s populares en los Estados Unidos. El Dr. Erez Dayan es un destacado cirujano de implantes mamarios con una amplia formaci\u00f3n y experiencia. Realiza numerosas <a title=\"Reno NV Cirug\u00eda Est\u00e9tica de Senos\" href=\"https:\/\/www.avanceplasticsurgery.com\/es\/cosmetic-and-surgery-procedures\/breast-cosmetic-surgery\/\">cirug\u00edas est\u00e9ticas y reconstructivas relacionadas con los senos<\/a> cada a\u00f1o en el Instituto de Cirug\u00eda Pl\u00e1stica Avance en Reno\/Tahoe, NV. Estos incluyen la cirug\u00eda de reparaci\u00f3n de ruptura de implante mamario cuando falla un implante mamario.<\/p>\n<div class=\"row\">\n<div class=\"col-md-6\"><button class=\"flc-yt lazyload\" data-id=\"RrJWCc2ccLQ\" data-title=\"Reno\/Tahoe Breast Implant Rupture Specialist | Avance Plastic Surgery Institute: Dr. Erez Dayan\" data-bg=\"https:\/\/i.ytimg.com\/vi\/RrJWCc2ccLQ\/hqdefault.jpg\" aria-label=\"Play video Reno\/Tahoe Breast Implant Rupture Specialist | Avance Plastic Surgery Institute: Dr. Erez Dayan\">  <div class=\"flc-yt__title\">Reno\/Tahoe Breast Implant Rupture Specialist | Avance Plastic Surgery Institute: Dr. Erez Dayan<\/div>  <span class=\"flc-yt__play\">    <svg viewBox=\"0 0 68 48\" xmlns=\"http:\/\/www.w3.org\/2000\/svg\" aria-hidden=\"true\"><path d=\"M66.5 7.8A8.5 8.5 0 0 0 60.6 2C55.3.5 34 .5 34 .5S12.7.5 7.4 2A8.5 8.5 0 0 0 1.5 7.8C0 13.1 0 24 0 24s0 10.9 1.5 16.2A8.5 8.5 0 0 0 7.4 46C12.7 47.5 34 47.5 34 47.5s21.3 0 26.6-1.5a8.5 8.5 0 0 0 5.9-5.8C68 34.9 68 24 68 24s0-10.9-1.5-16.2Z\" fill=\"#f00\"\/><path d=\"M27 34l18-10-18-10v20Z\" fill=\"#fff\"\/><\/svg>  <\/span><\/button><\/div>\n<div class=\"col-md-6\"><button class=\"flc-yt lazyload\" data-id=\"K7kZUiqBaVM\" data-title=\"Ideal Breast Measurements For Breast Surgery | Avance Plastic Surgery: Dr. Erez Dayan | Reno, Tahoe\" data-bg=\"https:\/\/i.ytimg.com\/vi\/K7kZUiqBaVM\/hqdefault.jpg\" aria-label=\"Play video Ideal Breast Measurements For Breast Surgery | Avance Plastic Surgery: Dr. Erez Dayan | Reno, Tahoe\">  <div class=\"flc-yt__title\">Ideal Breast Measurements For Breast Surgery | Avance Plastic Surgery: Dr. Erez Dayan | Reno, Tahoe<\/div>  <span class=\"flc-yt__play\">    <svg viewBox=\"0 0 68 48\" xmlns=\"http:\/\/www.w3.org\/2000\/svg\" aria-hidden=\"true\"><path d=\"M66.5 7.8A8.5 8.5 0 0 0 60.6 2C55.3.5 34 .5 34 .5S12.7.5 7.4 2A8.5 8.5 0 0 0 1.5 7.8C0 13.1 0 24 0 24s0 10.9 1.5 16.2A8.5 8.5 0 0 0 7.4 46C12.7 47.5 34 47.5 34 47.5s21.3 0 26.6-1.5a8.5 8.5 0 0 0 5.9-5.8C68 34.9 68 24 68 24s0-10.9-1.5-16.2Z\" fill=\"#f00\"\/><path d=\"M27 34l18-10-18-10v20Z\" fill=\"#fff\"\/><\/svg>  <\/span><\/button><\/div>\n<div>\n<p>Los implantes mamarios no solo son populares, sino que tambi\u00e9n se encuentran entre las cirug\u00edas cosm\u00e9ticas disponibles m\u00e1s exitosas. El procedimiento es relativamente simple y las fallas no son comunes. A\u00fan as\u00ed, cuando se rompe un implante mamario, puede causar algunas complicaciones, as\u00ed como se\u00f1ales est\u00e9ticas. Los signos comunes de la ruptura de un implante mamario incluyen:<\/p>\n<ul>\n<li>Pecho aplanado, hundido o ca\u00eddo<\/li>\n<li>Sensaci\u00f3n de ardor dentro del seno.<\/li>\n<li>Formaci\u00f3n de gr\u00e1nulos de silicona en la piel (con implantes de silicona)<\/li>\n<li>Otras reacciones de la piel<\/li>\n<\/ul>\n<p>La soluci\u00f3n salina dentro de los implantes salinos es inofensiva y simplemente ser\u00e1 absorbida por el cuerpo. El gel de silicona de un implante de silicona puede causar una reacci\u00f3n en la piel o la formaci\u00f3n de peque\u00f1os gr\u00e1nulos de silicona en la superficie de su seno. Si sospecha que un implante mamario se ha roto, debe ver a su cirujano pl\u00e1stico para un examen y una radiograf\u00eda lo antes posible.<\/p>\n<h2>Reparaciones de Reno para implantes mamarios fallidos<\/h2>\n<p>Cuando el Dr. Dayan determina que su implante mamario ha fallado, recomendar\u00e1 una cirug\u00eda para reemplazarlo. Las reparaciones de implantes mamarios fallidos generalmente implican la extracci\u00f3n del implante fallido y su reemplazo por uno nuevo. Es posible que sea necesario cambiar de posici\u00f3n para lograr la simetr\u00eda adecuada con el otro seno.<\/p>\n<p>La incisi\u00f3n del implante anterior se usa com\u00fanmente, eliminando la necesidad de crear otra cicatriz. Es posible que el Dr. Dayan tambi\u00e9n tenga que agrandar ligeramente la c\u00e1psula mamaria para que el nuevo implante encaje correctamente. A veces tambi\u00e9n usar\u00e1 injertos de grasa o liposucci\u00f3n para crear la forma est\u00e9tica adecuada y una apariencia suave para que coincida con el otro seno.<\/p>\n<p>La cirug\u00eda de reparaci\u00f3n de ruptura de implante mamario est\u00e1 disponible con el Dr. Dayan en el Instituto de Cirug\u00eda Pl\u00e1stica Avance en Reno\/Tahoe, Nevada. <a title=\"P\u00f3ngase en contacto con el Instituto de Cirug\u00eda Pl\u00e1stica Avance en Reno NV\" href=\"https:\/\/www.avanceplasticsurgery.com\/es\/contact-us-dr-erez-dayan\/\">P\u00f3ngase en contacto con nuestra oficina<\/a> hoy para programar una consulta si cree que un implante mamario se ha roto o ha fallado.<\/p>\n<h3>Programa de mantenimiento<\/h3>\n<p>El <a href=\"https:\/\/www.avanceplasticsurgery.com\/es\/about-avance-plastic-surgery-institute\/plastic-surgery-maintenance\/\">programa de mantenimiento<\/a> en Avance Plastic Surgery Institute est\u00e1 dise\u00f1ado para ofrecer a los pacientes una forma conveniente de continuar viendo los beneficios de nuestros tratamientos durante el mayor tiempo posible.<\/p>\n<p>Para mantener los resultados de los procedimientos cosm\u00e9ticos mamarios, recomendamos tratamientos no invasivos y m\u00ednimamente invasivos con los siguientes dispositivos:<\/p>\n<ul>\n<li>Forma Body (InMode)<\/li>\n<li>Morfeo 8 (en modo)<\/li>\n<\/ul>\n","protected":false},"excerpt":{"rendered":"<p>Cirug\u00eda de reparaci\u00f3n de ruptura de implante mamario La cirug\u00eda de implante mamario es una de las cirug\u00edas est\u00e9ticas&hellip;<\/p>\n","protected":false},"author":1,"featured_media":0,"parent":8869,"menu_order":0,"comment_status":"closed","ping_status":"closed","template":"","meta":{"_acf_changed":false,"footnotes":""},"class_list":["post-8876","page","type-page","status-publish"],"acf":[],"yoast_head":"<!-- This site is optimized with the Yoast SEO plugin v27.3 - https:\/\/yoast.com\/product\/yoast-seo-wordpress\/ -->\n<title>Reno NV Cirug\u00eda mamaria correctiva | Reparaci\u00f3n de ruptura de implantes en Lake Tahoe<\/title>\n<meta name=\"description\" content=\"El Dr. Erez Dayan es un cirujano pl\u00e1stico cosm\u00e9tico altamente calificado que realiza cirug\u00edas de reparaci\u00f3n de ruptura de implantes mamarios y recontorneado en el Instituto de Cirug\u00eda Pl\u00e1stica Avance. Llame a nuestra oficina de Reno, NV, para programar una consulta si cree que su implante mamario se ha roto.\" \/>\n<meta name=\"robots\" content=\"index, follow, max-snippet:-1, max-image-preview:large, max-video-preview:-1\" \/>\n<link rel=\"canonical\" href=\"https:\/\/www.avanceplasticsurgery.com\/es\/procedimientos-cosmeticos-y-de-cirugia\/seno\/ruptura-de-implante-mamario\/\" \/>\n<meta property=\"og:locale\" content=\"es_ES\" \/>\n<meta property=\"og:type\" content=\"article\" \/>\n<meta property=\"og:title\" content=\"Reno NV Cirug\u00eda mamaria correctiva | Reparaci\u00f3n de ruptura de implantes en Lake Tahoe\" \/>\n<meta property=\"og:description\" content=\"El Dr. Erez Dayan es un cirujano pl\u00e1stico cosm\u00e9tico altamente calificado que realiza cirug\u00edas de reparaci\u00f3n de ruptura de implantes mamarios y recontorneado en el Instituto de Cirug\u00eda Pl\u00e1stica Avance. Llame a nuestra oficina de Reno, NV, para programar una consulta si cree que su implante mamario se ha roto.\" \/>\n<meta property=\"og:url\" content=\"https:\/\/www.avanceplasticsurgery.com\/es\/procedimientos-cosmeticos-y-de-cirugia\/seno\/ruptura-de-implante-mamario\/\" \/>\n<meta property=\"og:site_name\" content=\"Avance Plastic Surgery\" \/>\n<meta property=\"article:modified_time\" content=\"2023-05-01T19:00:54+00:00\" \/>\n<meta name=\"twitter:card\" content=\"summary_large_image\" \/>\n<meta name=\"twitter:label1\" content=\"Tiempo de lectura\" \/>\n\t<meta name=\"twitter:data1\" content=\"3 minutos\" \/>\n<!-- \/ Yoast SEO plugin. -->","yoast_head_json":{"title":"Reno NV Cirug\u00eda mamaria correctiva | Reparaci\u00f3n de ruptura de implantes en Lake Tahoe","description":"El Dr. Erez Dayan es un cirujano pl\u00e1stico cosm\u00e9tico altamente calificado que realiza cirug\u00edas de reparaci\u00f3n de ruptura de implantes mamarios y recontorneado en el Instituto de Cirug\u00eda Pl\u00e1stica Avance. Llame a nuestra oficina de Reno, NV, para programar una consulta si cree que su implante mamario se ha roto.","robots":{"index":"index","follow":"follow","max-snippet":"max-snippet:-1","max-image-preview":"max-image-preview:large","max-video-preview":"max-video-preview:-1"},"canonical":"https:\/\/www.avanceplasticsurgery.com\/es\/procedimientos-cosmeticos-y-de-cirugia\/seno\/ruptura-de-implante-mamario\/","og_locale":"es_ES","og_type":"article","og_title":"Reno NV Cirug\u00eda mamaria correctiva | Reparaci\u00f3n de ruptura de implantes en Lake Tahoe","og_description":"El Dr. Erez Dayan es un cirujano pl\u00e1stico cosm\u00e9tico altamente calificado que realiza cirug\u00edas de reparaci\u00f3n de ruptura de implantes mamarios y recontorneado en el Instituto de Cirug\u00eda Pl\u00e1stica Avance. Llame a nuestra oficina de Reno, NV, para programar una consulta si cree que su implante mamario se ha roto.","og_url":"https:\/\/www.avanceplasticsurgery.com\/es\/procedimientos-cosmeticos-y-de-cirugia\/seno\/ruptura-de-implante-mamario\/","og_site_name":"Avance Plastic Surgery","article_modified_time":"2023-05-01T19:00:54+00:00","twitter_card":"summary_large_image","twitter_misc":{"Tiempo de lectura":"3 minutos"},"schema":{"@context":"https:\/\/schema.org","@graph":[{"@type":"WebPage","@id":"https:\/\/www.avanceplasticsurgery.com\/es\/procedimientos-cosmeticos-y-de-cirugia\/seno\/ruptura-de-implante-mamario\/","url":"https:\/\/www.avanceplasticsurgery.com\/es\/procedimientos-cosmeticos-y-de-cirugia\/seno\/ruptura-de-implante-mamario\/","name":"Reno NV Cirug\u00eda mamaria correctiva | Reparaci\u00f3n de ruptura de implantes en Lake Tahoe","isPartOf":{"@id":"https:\/\/www.avanceplasticsurgery.com\/es\/#website"},"datePublished":"2020-09-15T22:05:36+00:00","dateModified":"2023-05-01T19:00:54+00:00","description":"El Dr. Erez Dayan es un cirujano pl\u00e1stico cosm\u00e9tico altamente calificado que realiza cirug\u00edas de reparaci\u00f3n de ruptura de implantes mamarios y recontorneado en el Instituto de Cirug\u00eda Pl\u00e1stica Avance. Llame a nuestra oficina de Reno, NV, para programar una consulta si cree que su implante mamario se ha roto.","breadcrumb":{"@id":"https:\/\/www.avanceplasticsurgery.com\/es\/procedimientos-cosmeticos-y-de-cirugia\/seno\/ruptura-de-implante-mamario\/#breadcrumb"},"inLanguage":"es","potentialAction":[{"@type":"ReadAction","target":["https:\/\/www.avanceplasticsurgery.com\/es\/procedimientos-cosmeticos-y-de-cirugia\/seno\/ruptura-de-implante-mamario\/"]}]},{"@type":"BreadcrumbList","@id":"https:\/\/www.avanceplasticsurgery.com\/es\/procedimientos-cosmeticos-y-de-cirugia\/seno\/ruptura-de-implante-mamario\/#breadcrumb","itemListElement":[{"@type":"ListItem","position":1,"name":"Home","item":"https:\/\/www.avanceplasticsurgery.com\/es\/"},{"@type":"ListItem","position":2,"name":"Cosm\u00e9tica","item":"https:\/\/www.avanceplasticsurgery.com\/es\/procedimientos-cosmeticos-y-de-cirugia\/"},{"@type":"ListItem","position":3,"name":"Seno","item":"https:\/\/www.avanceplasticsurgery.com\/es\/procedimientos-cosmeticos-y-de-cirugia\/seno\/"},{"@type":"ListItem","position":4,"name":"Ruptura de implante mamario"}]},{"@type":"WebSite","@id":"https:\/\/www.avanceplasticsurgery.com\/es\/#website","url":"https:\/\/www.avanceplasticsurgery.com\/es\/","name":"Avance Plastic Surgery","description":"","potentialAction":[{"@type":"SearchAction","target":{"@type":"EntryPoint","urlTemplate":"https:\/\/www.avanceplasticsurgery.com\/es\/?s={search_term_string}"},"query-input":{"@type":"PropertyValueSpecification","valueRequired":true,"valueName":"search_term_string"}}],"inLanguage":"es"}]}},"_links":{"self":[{"href":"https:\/\/www.avanceplasticsurgery.com\/es\/wp-json\/wp\/v2\/pages\/8876","targetHints":{"allow":["GET"]}}],"collection":[{"href":"https:\/\/www.avanceplasticsurgery.com\/es\/wp-json\/wp\/v2\/pages"}],"about":[{"href":"https:\/\/www.avanceplasticsurgery.com\/es\/wp-json\/wp\/v2\/types\/page"}],"author":[{"embeddable":true,"href":"https:\/\/www.avanceplasticsurgery.com\/es\/wp-json\/wp\/v2\/users\/1"}],"replies":[{"embeddable":true,"href":"https:\/\/www.avanceplasticsurgery.com\/es\/wp-json\/wp\/v2\/comments?post=8876"}],"version-history":[{"count":2,"href":"https:\/\/www.avanceplasticsurgery.com\/es\/wp-json\/wp\/v2\/pages\/8876\/revisions"}],"predecessor-version":[{"id":10409,"href":"https:\/\/www.avanceplasticsurgery.com\/es\/wp-json\/wp\/v2\/pages\/8876\/revisions\/10409"}],"up":[{"embeddable":true,"href":"https:\/\/www.avanceplasticsurgery.com\/es\/wp-json\/wp\/v2\/pages\/8869"}],"wp:attachment":[{"href":"https:\/\/www.avanceplasticsurgery.com\/es\/wp-json\/wp\/v2\/media?parent=8876"}],"curies":[{"name":"wp","href":"https:\/\/api.w.org\/{rel}","templated":true}]}}