{"id":8877,"date":"2020-09-15T22:16:21","date_gmt":"2020-09-15T22:16:21","guid":{"rendered":"https:\/\/www.avanceplasticsurgery.com\/procedimientos-cosmeticos-y-de-cirugia\/seno\/levantamiento-de-senos-con-implantes\/"},"modified":"2024-09-05T11:53:24","modified_gmt":"2024-09-05T11:53:24","slug":"levantamiento-de-senos-con-implantes","status":"publish","type":"page","link":"https:\/\/www.avanceplasticsurgery.com\/es\/procedimientos-cosmeticos-y-de-cirugia\/seno\/levantamiento-de-senos-con-implantes\/","title":{"rendered":"Levantamiento de Senos con Implantes"},"content":{"rendered":"<h1>Levantamiento de Senos con Implantes<\/h1>\n<p>El envejecimiento, la maternidad y la lactancia, la p\u00e9rdida de peso y otros factores pueden provocar cambios dr\u00e1sticos en los senos. Con el tiempo, la atracci\u00f3n de la gravedad hace que los senos se caigan y cuelguen m\u00e1s abajo que antes. La p\u00e9rdida de volumen, las estr\u00edas, la menor elasticidad de la piel y m\u00e1s pueden hacer que se sienta disgustada e incluso avergonzada de sus senos. El Dr. Erez Dayan ofrece un procedimiento de levantamiento de senos con implantes en el Avance Plastic Surgery Institute para agregar nueva vida, forma, volumen y atractivo a sus senos.<\/p>\n<p>Este popular <a title=\"Reno NV Cirug\u00eda Est\u00e9tica de Senos\" href=\"https:\/\/www.avanceplasticsurgery.com\/es\/cosmetic-and-surgery-procedures\/breast-cosmetic-surgery\/\">procedimiento cosm\u00e9tico de senos<\/a> combina una mastopexia, o cirug\u00eda de levantamiento de senos, con implantes de senos para aumentar o restaurar el tama\u00f1o y la forma de los senos. El Dr. Dayan realiza este aumento de senos totalmente personalizable para mujeres que:<\/p>\n<ul>\n<li>Tiene senos que son notablemente diferentes en tama\u00f1o o forma.<\/li>\n<li>Tiene senos que han perdido volumen, forma y firmeza.<\/li>\n<li>Tiene senos que parecen desinflados.<\/li>\n<li>Desea agregar tama\u00f1o y volumen a sus senos<\/li>\n<\/ul>\n<p>El Dr. Dayan y su talentoso equipo de est\u00e9tica del Instituto de Cirug\u00eda Pl\u00e1stica Avance en Reno\/Tahoe, NV, ofrecen esta opci\u00f3n de cirug\u00eda como uno de varios procedimientos de mejora de senos. El Dr. Dayan es un h\u00e1bil cirujano pl\u00e1stico est\u00e9tico y reconstructivo y un experto ampliamente reconocido en el realce de senos. Su enfoque \u00fanico para las cirug\u00edas cosm\u00e9ticas de mama generalmente combina liposucci\u00f3n y\/o injertos de grasa adem\u00e1s de implantes o levantamientos para garantizar una apariencia perfectamente natural y suave.<\/p>\n<div class=\"row\">\n<div class=\"col-md-6\"><button class=\"flc-yt lazyload\" data-id=\"R-owY3_W-hA\" data-title=\"Galaflex Internal Mesh Breast Revision | Avance Plastic Surgery Institute: Dr. Erez Dayan | Reno, NV\" data-bg=\"https:\/\/i.ytimg.com\/vi\/R-owY3_W-hA\/hqdefault.jpg\" aria-label=\"Play video Galaflex Internal Mesh Breast Revision | Avance Plastic Surgery Institute: Dr. Erez Dayan | Reno, NV\">  <div class=\"flc-yt__title\">Galaflex Internal Mesh Breast Revision | Avance Plastic Surgery Institute: Dr. Erez Dayan | Reno, NV<\/div>  <span class=\"flc-yt__play\">    <svg viewBox=\"0 0 68 48\" xmlns=\"http:\/\/www.w3.org\/2000\/svg\" aria-hidden=\"true\"><path d=\"M66.5 7.8A8.5 8.5 0 0 0 60.6 2C55.3.5 34 .5 34 .5S12.7.5 7.4 2A8.5 8.5 0 0 0 1.5 7.8C0 13.1 0 24 0 24s0 10.9 1.5 16.2A8.5 8.5 0 0 0 7.4 46C12.7 47.5 34 47.5 34 47.5s21.3 0 26.6-1.5a8.5 8.5 0 0 0 5.9-5.8C68 34.9 68 24 68 24s0-10.9-1.5-16.2Z\" fill=\"#f00\"\/><path d=\"M27 34l18-10-18-10v20Z\" fill=\"#fff\"\/><\/svg>  <\/span><\/button><\/div>\n<div class=\"col-md-6\"><a href=\"https:\/\/www.youtube.com\/watch?v=AKP1PW9ofqA\" target=\"_blank\" rel=\"noopener\"><img decoding=\"async\" src=\"https:\/\/www.avanceplasticsurgery.com\/wp-content\/uploads\/2023\/07\/AKP1PW9ofqA.jpg\" alt=\"YouTube video titled Reno Breast Augmentation with Lift Before and After | Avance Plastic Surgery: Dr. Erez Dayan | Tahoe\" class=\"img-fluid mb-3\"><\/a><\/div>\n<div class=\"col-md-6\"><a href=\"https:\/\/www.youtube.com\/watch?v=i1Ww-3BKzig\" target=\"_blank\" rel=\"noopener\"><img decoding=\"async\" src=\"https:\/\/www.avanceplasticsurgery.com\/wp-content\/uploads\/2024\/04\/i1Ww-3BKzig.jpg\" alt=\"Pain Control After Surgical Procedures | Avance Plastic Surgery: Dr. Erez Dayan | Reno, Tahoe, NV\" class=\"img-fluid mb-3\" \/><\/a><\/div>\n<div class=\"col-md-6\"><a href=\"https:\/\/www.youtube.com\/watch?v=1BRuAg7eXRs\" target=\"_blank\" rel=\"noopener\"><img decoding=\"async\" src=\"https:\/\/www.avanceplasticsurgery.com\/wp-content\/uploads\/2022\/02\/1BRuAg7eXRs.jpg\" alt=\"YouTube video titled Mommy Makeover Reno Nevada Avance Plastic Surgery\" class=\"img-fluid mb-3\"><\/a><\/div>\n<div class=\"col-md-6\"><a href=\"https:\/\/www.youtube.com\/watch?v=DdLBwrlT2oY\" target=\"_blank\" rel=\"noopener\"><img decoding=\"async\" src=\"https:\/\/www.avanceplasticsurgery.com\/wp-content\/uploads\/2024\/04\/DdLBwrlT2oY.jpg\" alt=\"YouTube video titled Reno NV Breast Augmentation and Breast Lift | Tahoe Breast Specialist | Avance Plastic Surgery\" class=\"img-fluid mb-3\"><\/a><\/div>\n<div class=\"col-md-6\"><button class=\"flc-yt lazyload\" data-id=\"sneTWtV5raU\" data-title=\"How Durable Is A Breast Implant? | Reno Breast Implants | Dr. Erez Dayan | Avance Plastic Surgery\" data-bg=\"https:\/\/i.ytimg.com\/vi\/sneTWtV5raU\/hqdefault.jpg\" aria-label=\"Play video How Durable Is A Breast Implant? | Reno Breast Implants | Dr. Erez Dayan | Avance Plastic Surgery\">  <div class=\"flc-yt__title\">How Durable Is A Breast Implant? | Reno Breast Implants | Dr. Erez Dayan | Avance Plastic Surgery<\/div>  <span class=\"flc-yt__play\">    <svg viewBox=\"0 0 68 48\" xmlns=\"http:\/\/www.w3.org\/2000\/svg\" aria-hidden=\"true\"><path d=\"M66.5 7.8A8.5 8.5 0 0 0 60.6 2C55.3.5 34 .5 34 .5S12.7.5 7.4 2A8.5 8.5 0 0 0 1.5 7.8C0 13.1 0 24 0 24s0 10.9 1.5 16.2A8.5 8.5 0 0 0 7.4 46C12.7 47.5 34 47.5 34 47.5s21.3 0 26.6-1.5a8.5 8.5 0 0 0 5.9-5.8C68 34.9 68 24 68 24s0-10.9-1.5-16.2Z\" fill=\"#f00\"\/><path d=\"M27 34l18-10-18-10v20Z\" fill=\"#fff\"\/><\/svg>  <\/span><\/button><\/div>\n<div class=\"col-md-6\"><button class=\"flc-yt lazyload\" data-id=\"K7kZUiqBaVM\" data-title=\"Ideal Breast Measurements For Breast Surgery | Avance Plastic Surgery: Dr. Erez Dayan | Reno, Tahoe\" data-bg=\"https:\/\/i.ytimg.com\/vi\/K7kZUiqBaVM\/hqdefault.jpg\" aria-label=\"Play video Ideal Breast Measurements For Breast Surgery | Avance Plastic Surgery: Dr. Erez Dayan | Reno, Tahoe\">  <div class=\"flc-yt__title\">Ideal Breast Measurements For Breast Surgery | Avance Plastic Surgery: Dr. Erez Dayan | Reno, Tahoe<\/div>  <span class=\"flc-yt__play\">    <svg viewBox=\"0 0 68 48\" xmlns=\"http:\/\/www.w3.org\/2000\/svg\" aria-hidden=\"true\"><path d=\"M66.5 7.8A8.5 8.5 0 0 0 60.6 2C55.3.5 34 .5 34 .5S12.7.5 7.4 2A8.5 8.5 0 0 0 1.5 7.8C0 13.1 0 24 0 24s0 10.9 1.5 16.2A8.5 8.5 0 0 0 7.4 46C12.7 47.5 34 47.5 34 47.5s21.3 0 26.6-1.5a8.5 8.5 0 0 0 5.9-5.8C68 34.9 68 24 68 24s0-10.9-1.5-16.2Z\" fill=\"#f00\"\/><path d=\"M27 34l18-10-18-10v20Z\" fill=\"#fff\"\/><\/svg>  <\/span><\/button><\/div>\n<\/div>\n<h2>Realce de Senos Reno\/Tahoe<\/h2>\n<p>En esta versi\u00f3n particular de aumento de senos, un levantamiento de senos con implantes implica levantar, tensar o realzar la piel del seno y, a menudo, mover el pez\u00f3n\/areola para facilitar los cambios realizados al levantar los m\u00fasculos y el tejido del seno. Tambi\u00e9n se implanta un implante de silicona o soluci\u00f3n salina de un tama\u00f1o predeterminado debajo del m\u00fasculo pectoral para proporcionar volumen adicional.<\/p>\n<p>Despu\u00e9s de la cirug\u00eda de levantamiento de senos con implantes, puede esperar algo de enrojecimiento e hinchaz\u00f3n en los senos durante aproximadamente dos semanas. El Dr. Dayan le recetar\u00e1 medicamentos para ayudarlo a sentirse c\u00f3modo mientras se recupera. No debe conducir durante aproximadamente dos semanas y evitar levantar m\u00e1s de cinco libras durante al menos un mes. Aunque el Dr. Dayan tiene talento para ocultar las cicatrices de la cirug\u00eda de aumento de senos, sus cicatrices visibles deber\u00edan desaparecer con el tiempo y volverse completamente imperceptibles dentro de un a\u00f1o.<\/p>\n<p><a title=\"P\u00f3ngase en contacto con el Instituto de Cirug\u00eda Pl\u00e1stica Avance en Reno NV\" href=\"https:\/\/www.avanceplasticsurgery.com\/es\/contact-us-dr-erez-dayan\/\">Programe una consulta<\/a> con el Dr. Dayan en el Instituto de Cirug\u00eda Pl\u00e1stica Avance para analizar sus opciones de mejora de senos, incluido un levantamiento de senos con implantes.<\/p>\n<p style=\"text-align: center;\"><a href=\"https:\/\/www.avanceplasticsurgery.com\/wp-content\/uploads\/2020\/10\/Breast-implant-safety.pdf\" class=\"btn btn-primary\" target=\"_blank\" rel=\"noopener noreferrer\">Publicaci\u00f3n del Dr. Dayan<\/a><\/p>\n<h3>Programa de mantenimiento<\/h3>\n<p>El <a href=\"https:\/\/www.avanceplasticsurgery.com\/es\/about-avance-plastic-surgery-institute\/plastic-surgery-maintenance\/\">programa de mantenimiento<\/a> en Avance Plastic Surgery Institute est\u00e1 dise\u00f1ado para ofrecer a los pacientes una forma conveniente de continuar viendo los beneficios de nuestros tratamientos durante el mayor tiempo posible.<\/p>\n<p>Para mantener los resultados de los procedimientos cosm\u00e9ticos mamarios, recomendamos tratamientos no invasivos y m\u00ednimamente invasivos con los siguientes dispositivos:<\/p>\n<ul>\n<li>Forma Body (InMode)<\/li>\n<li>Morfeo 8 (en modo)<\/li>\n<\/ul>\n","protected":false},"excerpt":{"rendered":"<p>Levantamiento de Senos con Implantes El envejecimiento, la maternidad y la lactancia, la p\u00e9rdida de peso y otros factores&hellip;<\/p>\n","protected":false},"author":1,"featured_media":0,"parent":8869,"menu_order":0,"comment_status":"closed","ping_status":"closed","template":"","meta":{"_acf_changed":false,"footnotes":""},"class_list":["post-8877","page","type-page","status-publish"],"acf":[],"yoast_head":"<!-- This site is optimized with the Yoast SEO plugin v27.5 - https:\/\/yoast.com\/product\/yoast-seo-wordpress\/ -->\n<title>Reno NV Levantamiento de Senos con Implantes | Cirujano pl\u00e1stico de mama de Lake Tahoe<\/title>\n<meta name=\"description\" content=\"Un levantamiento de senos con implantes es una de varias opciones cosm\u00e9ticas de mejora de senos disponibles del Dr. Erez Dayan en Avance Plastic Surgery Institute. Llame a nuestra oficina de Reno, NV, hoy para programar su consulta confidencial de cirug\u00eda de senos.\" \/>\n<meta name=\"robots\" content=\"index, follow, max-snippet:-1, max-image-preview:large, max-video-preview:-1\" \/>\n<link rel=\"canonical\" href=\"https:\/\/www.avanceplasticsurgery.com\/es\/procedimientos-cosmeticos-y-de-cirugia\/seno\/levantamiento-de-senos-con-implantes\/\" \/>\n<meta property=\"og:locale\" content=\"es_ES\" \/>\n<meta property=\"og:type\" content=\"article\" \/>\n<meta property=\"og:title\" content=\"Reno NV Levantamiento de Senos con Implantes | Cirujano pl\u00e1stico de mama de Lake Tahoe\" \/>\n<meta property=\"og:description\" content=\"Un levantamiento de senos con implantes es una de varias opciones cosm\u00e9ticas de mejora de senos disponibles del Dr. Erez Dayan en Avance Plastic Surgery Institute. Llame a nuestra oficina de Reno, NV, hoy para programar su consulta confidencial de cirug\u00eda de senos.\" \/>\n<meta property=\"og:url\" content=\"https:\/\/www.avanceplasticsurgery.com\/es\/procedimientos-cosmeticos-y-de-cirugia\/seno\/levantamiento-de-senos-con-implantes\/\" \/>\n<meta property=\"og:site_name\" content=\"Avance Plastic Surgery\" \/>\n<meta property=\"article:modified_time\" content=\"2024-09-05T11:53:24+00:00\" \/>\n<meta property=\"og:image\" content=\"https:\/\/www.avanceplasticsurgery.com\/wp-content\/uploads\/2023\/07\/AKP1PW9ofqA.jpg\" \/>\n<meta name=\"twitter:card\" content=\"summary_large_image\" \/>\n<meta name=\"twitter:label1\" content=\"Tiempo de lectura\" \/>\n\t<meta name=\"twitter:data1\" content=\"4 minutos\" \/>\n<!-- \/ Yoast SEO plugin. -->","yoast_head_json":{"title":"Reno NV Levantamiento de Senos con Implantes | Cirujano pl\u00e1stico de mama de Lake Tahoe","description":"Un levantamiento de senos con implantes es una de varias opciones cosm\u00e9ticas de mejora de senos disponibles del Dr. Erez Dayan en Avance Plastic Surgery Institute. Llame a nuestra oficina de Reno, NV, hoy para programar su consulta confidencial de cirug\u00eda de senos.","robots":{"index":"index","follow":"follow","max-snippet":"max-snippet:-1","max-image-preview":"max-image-preview:large","max-video-preview":"max-video-preview:-1"},"canonical":"https:\/\/www.avanceplasticsurgery.com\/es\/procedimientos-cosmeticos-y-de-cirugia\/seno\/levantamiento-de-senos-con-implantes\/","og_locale":"es_ES","og_type":"article","og_title":"Reno NV Levantamiento de Senos con Implantes | Cirujano pl\u00e1stico de mama de Lake Tahoe","og_description":"Un levantamiento de senos con implantes es una de varias opciones cosm\u00e9ticas de mejora de senos disponibles del Dr. Erez Dayan en Avance Plastic Surgery Institute. Llame a nuestra oficina de Reno, NV, hoy para programar su consulta confidencial de cirug\u00eda de senos.","og_url":"https:\/\/www.avanceplasticsurgery.com\/es\/procedimientos-cosmeticos-y-de-cirugia\/seno\/levantamiento-de-senos-con-implantes\/","og_site_name":"Avance Plastic Surgery","article_modified_time":"2024-09-05T11:53:24+00:00","og_image":[{"url":"https:\/\/www.avanceplasticsurgery.com\/wp-content\/uploads\/2023\/07\/AKP1PW9ofqA.jpg","type":"","width":"","height":""}],"twitter_card":"summary_large_image","twitter_misc":{"Tiempo de lectura":"4 minutos"},"schema":{"@context":"https:\/\/schema.org","@graph":[{"@type":"WebPage","@id":"https:\/\/www.avanceplasticsurgery.com\/es\/procedimientos-cosmeticos-y-de-cirugia\/seno\/levantamiento-de-senos-con-implantes\/","url":"https:\/\/www.avanceplasticsurgery.com\/es\/procedimientos-cosmeticos-y-de-cirugia\/seno\/levantamiento-de-senos-con-implantes\/","name":"Reno NV Levantamiento de Senos con Implantes | Cirujano pl\u00e1stico de mama de Lake Tahoe","isPartOf":{"@id":"https:\/\/www.avanceplasticsurgery.com\/es\/#website"},"primaryImageOfPage":{"@id":"https:\/\/www.avanceplasticsurgery.com\/es\/procedimientos-cosmeticos-y-de-cirugia\/seno\/levantamiento-de-senos-con-implantes\/#primaryimage"},"image":{"@id":"https:\/\/www.avanceplasticsurgery.com\/es\/procedimientos-cosmeticos-y-de-cirugia\/seno\/levantamiento-de-senos-con-implantes\/#primaryimage"},"thumbnailUrl":"https:\/\/www.avanceplasticsurgery.com\/wp-content\/uploads\/2023\/07\/AKP1PW9ofqA.jpg","datePublished":"2020-09-15T22:16:21+00:00","dateModified":"2024-09-05T11:53:24+00:00","description":"Un levantamiento de senos con implantes es una de varias opciones cosm\u00e9ticas de mejora de senos disponibles del Dr. Erez Dayan en Avance Plastic Surgery Institute. Llame a nuestra oficina de Reno, NV, hoy para programar su consulta confidencial de cirug\u00eda de senos.","breadcrumb":{"@id":"https:\/\/www.avanceplasticsurgery.com\/es\/procedimientos-cosmeticos-y-de-cirugia\/seno\/levantamiento-de-senos-con-implantes\/#breadcrumb"},"inLanguage":"es","potentialAction":[{"@type":"ReadAction","target":["https:\/\/www.avanceplasticsurgery.com\/es\/procedimientos-cosmeticos-y-de-cirugia\/seno\/levantamiento-de-senos-con-implantes\/"]}]},{"@type":"ImageObject","inLanguage":"es","@id":"https:\/\/www.avanceplasticsurgery.com\/es\/procedimientos-cosmeticos-y-de-cirugia\/seno\/levantamiento-de-senos-con-implantes\/#primaryimage","url":"https:\/\/www.avanceplasticsurgery.com\/wp-content\/uploads\/2023\/07\/AKP1PW9ofqA.jpg","contentUrl":"https:\/\/www.avanceplasticsurgery.com\/wp-content\/uploads\/2023\/07\/AKP1PW9ofqA.jpg"},{"@type":"BreadcrumbList","@id":"https:\/\/www.avanceplasticsurgery.com\/es\/procedimientos-cosmeticos-y-de-cirugia\/seno\/levantamiento-de-senos-con-implantes\/#breadcrumb","itemListElement":[{"@type":"ListItem","position":1,"name":"Home","item":"https:\/\/www.avanceplasticsurgery.com\/es\/"},{"@type":"ListItem","position":2,"name":"Cosm\u00e9tica","item":"https:\/\/www.avanceplasticsurgery.com\/es\/procedimientos-cosmeticos-y-de-cirugia\/"},{"@type":"ListItem","position":3,"name":"Seno","item":"https:\/\/www.avanceplasticsurgery.com\/es\/procedimientos-cosmeticos-y-de-cirugia\/seno\/"},{"@type":"ListItem","position":4,"name":"Levantamiento de Senos con Implantes"}]},{"@type":"WebSite","@id":"https:\/\/www.avanceplasticsurgery.com\/es\/#website","url":"https:\/\/www.avanceplasticsurgery.com\/es\/","name":"Avance Plastic Surgery","description":"","potentialAction":[{"@type":"SearchAction","target":{"@type":"EntryPoint","urlTemplate":"https:\/\/www.avanceplasticsurgery.com\/es\/?s={search_term_string}"},"query-input":{"@type":"PropertyValueSpecification","valueRequired":true,"valueName":"search_term_string"}}],"inLanguage":"es"}]}},"_links":{"self":[{"href":"https:\/\/www.avanceplasticsurgery.com\/es\/wp-json\/wp\/v2\/pages\/8877","targetHints":{"allow":["GET"]}}],"collection":[{"href":"https:\/\/www.avanceplasticsurgery.com\/es\/wp-json\/wp\/v2\/pages"}],"about":[{"href":"https:\/\/www.avanceplasticsurgery.com\/es\/wp-json\/wp\/v2\/types\/page"}],"author":[{"embeddable":true,"href":"https:\/\/www.avanceplasticsurgery.com\/es\/wp-json\/wp\/v2\/users\/1"}],"replies":[{"embeddable":true,"href":"https:\/\/www.avanceplasticsurgery.com\/es\/wp-json\/wp\/v2\/comments?post=8877"}],"version-history":[{"count":5,"href":"https:\/\/www.avanceplasticsurgery.com\/es\/wp-json\/wp\/v2\/pages\/8877\/revisions"}],"predecessor-version":[{"id":9270,"href":"https:\/\/www.avanceplasticsurgery.com\/es\/wp-json\/wp\/v2\/pages\/8877\/revisions\/9270"}],"up":[{"embeddable":true,"href":"https:\/\/www.avanceplasticsurgery.com\/es\/wp-json\/wp\/v2\/pages\/8869"}],"wp:attachment":[{"href":"https:\/\/www.avanceplasticsurgery.com\/es\/wp-json\/wp\/v2\/media?parent=8877"}],"curies":[{"name":"wp","href":"https:\/\/api.w.org\/{rel}","templated":true}]}}