{"id":8878,"date":"2020-09-15T22:13:30","date_gmt":"2020-09-15T22:13:30","guid":{"rendered":"https:\/\/www.avanceplasticsurgery.com\/procedimientos-cosmeticos-y-de-cirugia\/seno\/levantamiento-de-senos\/"},"modified":"2025-09-29T19:39:14","modified_gmt":"2025-09-29T19:39:14","slug":"levantamiento-de-senos","status":"publish","type":"page","link":"https:\/\/www.avanceplasticsurgery.com\/es\/procedimientos-cosmeticos-y-de-cirugia\/seno\/levantamiento-de-senos\/","title":{"rendered":"Levantamiento de senos"},"content":{"rendered":"<h1>Cirug\u00eda Pl\u00e1stica de Levantamiento de Senos<\/h1>\n<p>A medida que el cuerpo envejece, es natural que los senos pierdan volumen y se caigan. La gravedad hace que la piel se estire y pierda su elasticidad y apariencia juvenil. El procedimiento de levantamiento de senos, o mastopexia, puede ayudar a restaurar la elevaci\u00f3n y la forma de los senos ca\u00eddos, al mismo tiempo que cambia el tama\u00f1o y la posici\u00f3n de los pezones y la areola. Un levantamiento de senos a menudo se realiza con o sin un aumento de senos para ayudar a revitalizar <a title=\"Reno NV Cirug\u00eda Est\u00e9tica de Senos\" href=\"https:\/\/www.avanceplasticsurgery.com\/es\/procedimientos-cosmeticos-y-de-cirugia\/seno\/\">toda la est\u00e9tica de los senos<\/a> . El Dr. Dayan del Instituto de Cirug\u00eda Pl\u00e1stica Avance en Reno\/Tahoe com\u00fanmente realiza liposucci\u00f3n y transferencia de grasa al seno durante un levantamiento de senos para restaurar el volumen perdido con una est\u00e9tica natural.<\/p>\n<p>Dependiendo de la cantidad de elevaci\u00f3n requerida, se realiza una incisi\u00f3n en uno de cuatro patrones:<\/p>\n<ul>\n<li>Alrededor de la mitad superior de la areola.<\/li>\n<li>Alrededor de toda la areola.<\/li>\n<li>Alrededor de la areola y verticalmente hacia abajo del seno (&#8216;incisi\u00f3n de piruleta&#8217;).<\/li>\n<li>O alrededor de la areola, verticalmente hacia abajo del seno y luego horizontalmente a trav\u00e9s del pliegue del seno (\u00abT invertida\u00bb o \u00abincisi\u00f3n de anclaje\u00bb).<\/li>\n<\/ul>\n<p>Una vez que se realiza la incisi\u00f3n, el Dr. Dayan puede eliminar el exceso de grasa y piel, y reposicionar el pez\u00f3n y el mont\u00edculo del seno en una posici\u00f3n est\u00e9ticamente m\u00e1s ideal.<\/p>\n<div class=\"row\">\n<div class=\"col-md-6\"><button class=\"flc-yt lazyload\" data-id=\"FLhmj8E1ms8\" data-title=\"2-Month Breast Reduction\/Lift Result | Avance Plastic Surgery Institute: Dr. Erez Dayan\" data-bg=\"https:\/\/i.ytimg.com\/vi\/FLhmj8E1ms8\/hqdefault.jpg\" aria-label=\"Play video 2-Month Breast Reduction\/Lift Result | Avance Plastic Surgery Institute: Dr. Erez Dayan\">  <div class=\"flc-yt__title\">2-Month Breast Reduction\/Lift Result | Avance Plastic Surgery Institute: Dr. Erez Dayan<\/div>  <span class=\"flc-yt__play\">    <svg viewBox=\"0 0 68 48\" xmlns=\"http:\/\/www.w3.org\/2000\/svg\" aria-hidden=\"true\"><path d=\"M66.5 7.8A8.5 8.5 0 0 0 60.6 2C55.3.5 34 .5 34 .5S12.7.5 7.4 2A8.5 8.5 0 0 0 1.5 7.8C0 13.1 0 24 0 24s0 10.9 1.5 16.2A8.5 8.5 0 0 0 7.4 46C12.7 47.5 34 47.5 34 47.5s21.3 0 26.6-1.5a8.5 8.5 0 0 0 5.9-5.8C68 34.9 68 24 68 24s0-10.9-1.5-16.2Z\" fill=\"#f00\"\/><path d=\"M27 34l18-10-18-10v20Z\" fill=\"#fff\"\/><\/svg>  <\/span><\/button><\/div>\n<div class=\"col-md-6\"><button class=\"flc-yt lazyload\" data-id=\"R-owY3_W-hA\" data-title=\"Galaflex Internal Mesh Breast Revision | Avance Plastic Surgery Institute: Dr. Erez Dayan | Reno, NV\" data-bg=\"https:\/\/i.ytimg.com\/vi\/R-owY3_W-hA\/hqdefault.jpg\" aria-label=\"Play video Galaflex Internal Mesh Breast Revision | Avance Plastic Surgery Institute: Dr. Erez Dayan | Reno, NV\">  <div class=\"flc-yt__title\">Galaflex Internal Mesh Breast Revision | Avance Plastic Surgery Institute: Dr. Erez Dayan | Reno, NV<\/div>  <span class=\"flc-yt__play\">    <svg viewBox=\"0 0 68 48\" xmlns=\"http:\/\/www.w3.org\/2000\/svg\" aria-hidden=\"true\"><path d=\"M66.5 7.8A8.5 8.5 0 0 0 60.6 2C55.3.5 34 .5 34 .5S12.7.5 7.4 2A8.5 8.5 0 0 0 1.5 7.8C0 13.1 0 24 0 24s0 10.9 1.5 16.2A8.5 8.5 0 0 0 7.4 46C12.7 47.5 34 47.5 34 47.5s21.3 0 26.6-1.5a8.5 8.5 0 0 0 5.9-5.8C68 34.9 68 24 68 24s0-10.9-1.5-16.2Z\" fill=\"#f00\"\/><path d=\"M27 34l18-10-18-10v20Z\" fill=\"#fff\"\/><\/svg>  <\/span><\/button><\/div>\n<div class=\"col-md-6\"><a href=\"https:\/\/www.youtube.com\/watch?v=i1Ww-3BKzig\" target=\"_blank\" rel=\"noopener\"><img decoding=\"async\" src=\"https:\/\/www.avanceplasticsurgery.com\/wp-content\/uploads\/2024\/04\/i1Ww-3BKzig.jpg\" alt=\"Pain Control After Surgical Procedures | Avance Plastic Surgery: Dr. Erez Dayan | Reno, Tahoe, NV\" class=\"img-fluid mb-3\" \/><\/a><\/div>\n<div class=\"col-md-6\"><a href=\"https:\/\/www.youtube.com\/watch?v=OHFTbfOSEt8\" target=\"_blank\" rel=\"noopener\"><img decoding=\"async\" src=\"https:\/\/www.avanceplasticsurgery.com\/wp-content\/uploads\/2022\/09\/OHFTbfOSEt8-1.jpg\" alt=\"YouTube video titled Reno NV Mommy Makeover with Breast Lift &#038; Tummy Tuck | Dr. Erez Dayan\" class=\"img-fluid mb-3\" \/><\/a><\/div>\n<div class=\"col-md-6\"><a href=\"https:\/\/www.youtube.com\/watch?v=kDpw03TU9Oc\" target=\"_blank\" rel=\"noopener\"><img decoding=\"async\" src=\"https:\/\/www.avanceplasticsurgery.com\/wp-content\/uploads\/2022\/02\/kDpw03TU9Oc.jpg\" alt=\"YouTube video titled Breast Lift Dr. Erez Dayan Avance Plastic Surgery\" class=\"img-fluid mb-3\" \/><\/a><\/div>\n<div class=\"col-md-6\"><a href=\"https:\/\/www.youtube.com\/watch?v=1BRuAg7eXRs\" target=\"_blank\" rel=\"noopener\"><img decoding=\"async\" src=\"https:\/\/www.avanceplasticsurgery.com\/wp-content\/uploads\/2022\/02\/1BRuAg7eXRs.jpg\" alt=\"YouTube video titled Mommy Makeover Reno Nevada Avance Plastic Surgery\" class=\"img-fluid mb-3\" \/><\/a><\/div>\n<div class=\"col-md-6\"><a href=\"https:\/\/www.youtube.com\/watch?v=whQ5m7zvrms\" target=\"_blank\" rel=\"noopener\"><img decoding=\"async\" src=\"https:\/\/www.avanceplasticsurgery.com\/wp-content\/uploads\/2022\/04\/whQ5m7zvrms.jpg\" alt=\"YouTube video titled Reno Mommy Makeover, Tummy Tuck Before and After | Tahoe Breast Lift | Avance Plastic Surgery\" class=\"img-fluid mb-3\" \/><\/a><\/div>\n<div class=\"col-md-6\"><a href=\"https:\/\/www.youtube.com\/watch?v=6RSM26kgbSo\" target=\"_blank\" rel=\"noopener\"><img decoding=\"async\" src=\"https:\/\/www.avanceplasticsurgery.com\/wp-content\/uploads\/2022\/05\/6RSM26kgbSo.jpg\" alt=\"YouTube video titled Reno\/Tahoe Mommy Makeover | Breast Lift, Abdominoplasty (Tummy Tuck), Liposuction | Dr. Erez Dayan\" class=\"img-fluid mb-3\" \/><\/a><\/div>\n<div class=\"col-md-6\"><a href=\"https:\/\/www.youtube.com\/watch?v=3lE3DjPdZyw\" target=\"_blank\" rel=\"noopener\"><img decoding=\"async\" src=\"https:\/\/www.avanceplasticsurgery.com\/wp-content\/uploads\/2022\/07\/3lE3DjPdZyw.jpg\" alt=\"YouTube video titled Reno NV Mommy Makeover Before &#038; After | Dr Erez Dayan | Avance Plastic Surgery Institute\" class=\"img-fluid mb-3\" \/><\/a><\/div>\n<div class=\"col-md-6\"><button class=\"flc-yt lazyload\" data-id=\"74-4tNHnfqk\" data-title=\"Breast Reduction &amp; Breast Lift\" data-bg=\"https:\/\/i.ytimg.com\/vi\/74-4tNHnfqk\/hqdefault.jpg\" aria-label=\"Play video Breast Reduction &amp; Breast Lift\">  <div class=\"flc-yt__title\">Breast Reduction &amp; Breast Lift<\/div>  <span class=\"flc-yt__play\">    <svg viewBox=\"0 0 68 48\" xmlns=\"http:\/\/www.w3.org\/2000\/svg\" aria-hidden=\"true\"><path d=\"M66.5 7.8A8.5 8.5 0 0 0 60.6 2C55.3.5 34 .5 34 .5S12.7.5 7.4 2A8.5 8.5 0 0 0 1.5 7.8C0 13.1 0 24 0 24s0 10.9 1.5 16.2A8.5 8.5 0 0 0 7.4 46C12.7 47.5 34 47.5 34 47.5s21.3 0 26.6-1.5a8.5 8.5 0 0 0 5.9-5.8C68 34.9 68 24 68 24s0-10.9-1.5-16.2Z\" fill=\"#f00\"\/><path d=\"M27 34l18-10-18-10v20Z\" fill=\"#fff\"\/><\/svg>  <\/span><\/button><\/div>\n<div class=\"col-md-6\"><button class=\"flc-yt lazyload\" data-id=\"K7kZUiqBaVM\" data-title=\"Ideal Breast Measurements For Breast Surgery | Avance Plastic Surgery: Dr. Erez Dayan | Reno, Tahoe\" data-bg=\"https:\/\/i.ytimg.com\/vi\/K7kZUiqBaVM\/hqdefault.jpg\" aria-label=\"Play video Ideal Breast Measurements For Breast Surgery | Avance Plastic Surgery: Dr. Erez Dayan | Reno, Tahoe\">  <div class=\"flc-yt__title\">Ideal Breast Measurements For Breast Surgery | Avance Plastic Surgery: Dr. Erez Dayan | Reno, Tahoe<\/div>  <span class=\"flc-yt__play\">    <svg viewBox=\"0 0 68 48\" xmlns=\"http:\/\/www.w3.org\/2000\/svg\" aria-hidden=\"true\"><path d=\"M66.5 7.8A8.5 8.5 0 0 0 60.6 2C55.3.5 34 .5 34 .5S12.7.5 7.4 2A8.5 8.5 0 0 0 1.5 7.8C0 13.1 0 24 0 24s0 10.9 1.5 16.2A8.5 8.5 0 0 0 7.4 46C12.7 47.5 34 47.5 34 47.5s21.3 0 26.6-1.5a8.5 8.5 0 0 0 5.9-5.8C68 34.9 68 24 68 24s0-10.9-1.5-16.2Z\" fill=\"#f00\"\/><path d=\"M27 34l18-10-18-10v20Z\" fill=\"#fff\"\/><\/svg>  <\/span><\/button><\/div>\n<div class=\"col-md-6\"><a href=\"https:\/\/www.youtube.com\/watch?v=11qEX2Gk5N8\" target=\"_blank\" rel=\"noopener\"><img decoding=\"async\" src=\"https:\/\/www.avanceplasticsurgery.com\/wp-content\/uploads\/2024\/04\/11qEX2Gk5N8.jpg\" alt=\"Breast Reduction Before And After | Avance Plastic Surgery: Dr. Erez Dayan | Reno, Tahoe, NV\" class=\"img-fluid mb-3\" \/><\/a><\/div>\n<div class=\"col-md-6\"><a href=\"https:\/\/www.youtube.com\/watch?v=O7cQSd3T_yc\" target=\"_blank\" rel=\"noopener\"><img decoding=\"async\" src=\"https:\/\/www.avanceplasticsurgery.com\/wp-content\/uploads\/2024\/04\/O7cQSd3T_yc.jpg\" alt=\"Breast Lift Before And After | Avance Plastic Surgery Institute: Dr. Erez Dayan | Reno\/Tahoe, NV\" class=\"img-fluid mb-3\" \/><\/a><\/div>\n<\/div>\n<dl id=\"faq-1\" class=\"flc-faq\"><dt>\u00bfCu\u00e1les son los niveles de laxitud mamaria o ptosis?<\/dt><dd>El grado 1 es cuando los pezones a\u00fan miran hacia adelante, el tejido mamario ha comenzado a hundirse hacia el pliegue inframamario. En el Grado 2, los senos est\u00e1n ligeramente ca\u00eddos por debajo del pliegue del seno y los pezones apenas comienzan a apuntar hacia abajo. En el grado 3, los senos est\u00e1n ca\u00eddos por debajo del pliegue inframamario y los pezones apuntan hacia abajo. En el nivel final, Grado 4, la mayor parte del tejido mamario est\u00e1 debajo del pliegue mamario y los pezones apuntan hacia el piso.<\/dd><dt>\u00bfCu\u00e1les son los beneficios de la cirug\u00eda de levantamiento de senos?<\/dt><dd><p>Los beneficios de la cirug\u00eda de levantamiento de senos son numerosos. Algunos de los m\u00e1s comunes o populares entre nuestros pacientes incluyen:<\/p>\r\n<ul> \r\n<li>Senos m\u00e1s firmes y de apariencia m\u00e1s juvenil.<\/li>\r\n<li>Tama\u00f1o y colocaci\u00f3n del pez\u00f3n rejuvenecido<\/li>\r\n<li>Un mejor ajuste en ropa y trajes de ba\u00f1o.<\/li>\r\n<li>Mayor confianza en la propia imagen.<\/li>\r\n<li>Menos rozaduras debajo de los senos<\/li>\r\n<li>Resultado de aspecto natural<\/li> \r\n<\/ul><\/dd><dt>\u00bfQui\u00e9n es el mejor candidato para un levantamiento de senos (mastopexia) en Reno\/Tahoe?<\/dt><dd><p>Existen diferentes tipos de procedimientos de levantamiento de senos, o mastopexia, para tratar los diversos grados de ca\u00edda de los senos o ptosis. Durante su consulta con el Dr. Dayan, \u00e9l discutir\u00e1 los diferentes tipos de procedimientos de levantamiento de senos y cu\u00e1l es el m\u00e1s adecuado para usted para lograr un resultado est\u00e9tico \u00f3ptimo. En los casos aplicables, tambi\u00e9n discutir\u00e1 las opciones de revolumizaci\u00f3n usando su propia grasa transferida al seno o con implantes de soluci\u00f3n salina\/silicona para complementar el procedimiento de levantamiento.<\/p>\r\n\r\n<p>M\u00e1s com\u00fanmente, los pacientes tienen ptosis mamaria por el envejecimiento, el embarazo o la p\u00e9rdida de peso. Un levantamiento de senos estrat\u00e9gico realizado por el Dr. Dayan proporcionar\u00e1 un resultado natural y elegante. Los buenos candidatos son saludables, tanto f\u00edsica como mentalmente, sin problemas m\u00e9dicos importantes. Son no fumadores que son realistas en sus expectativas de resultados de la cirug\u00eda.<\/p><\/dd><dt>\u00bfC\u00f3mo ser\u00e1 mi recuperaci\u00f3n?<\/dt><dd><p>Podr\u00e1 irse a casa el mismo d\u00eda de su procedimiento. El Dr. Dayan utiliza las \u00faltimas t\u00e9cnicas de anestesia local y bloqueos nerviosos para garantizar su comodidad. Deber\u00e1 descansar unos d\u00edas despu\u00e9s de la cirug\u00eda, a medida que la inflamaci\u00f3n comience a desaparecer. El Dr. Dayan le colocar\u00e1 una prenda de compresi\u00f3n para ayudar a minimizar esta hinchaz\u00f3n y mantener intacta la nueva forma de su seno.<\/p>\r\n\r\n<p>Se puede usar un sost\u00e9n quir\u00fargico durante 3 a 4 semanas para brindar apoyo mientras sana. Recibir\u00e1 recetas de analg\u00e9sicos para ayudar a aliviar cualquier molestia, as\u00ed como un plan de cuidados posteriores que se adapte a su recuperaci\u00f3n \u00fanica.<\/p><\/dd><dt>\u00bfCu\u00e1les son las tarifas asociadas con un levantamiento de senos?<\/dt><dd>Cada levantamiento de senos (mastopexia) se personaliza seg\u00fan la anatom\u00eda, los objetivos est\u00e9ticos y las preferencias de la paciente. A menudo, el Dr. Dayan realizar\u00e1 un aumento o reducci\u00f3n de senos al mismo tiempo que un procedimiento de levantamiento de senos. Los costos var\u00edan seg\u00fan su plan de tratamiento espec\u00edfico. El Dr. Dayan se asegurar\u00e1 de que salga de su consulta de Reno con una imagen precisa de lo que puede esperar en t\u00e9rminos de sus gastos.<\/dd><dt>\u00bfPor qu\u00e9 elegir al Dr. Dayan para la cirug\u00eda de levantamiento de senos en Reno\/Tahoe?<\/dt><dd><p>El Dr. Dayan es un cirujano pl\u00e1stico capacitado en Harvard que ofrece cirug\u00eda de senos m\u00ednimamente invasiva con resultados elegantes que realzan su belleza natural. Es uno de los pocos cirujanos pl\u00e1sticos que logr\u00f3 una beca de capacitaci\u00f3n adicional en cirug\u00eda est\u00e9tica acreditada por la Sociedad Estadounidense de Cirujanos Pl\u00e1sticos Est\u00e9ticos.<\/p>\r\n\r\n<p>El Dr. Dayan complet\u00f3 su beca de investigaci\u00f3n en est\u00e9tica en el renombrado Instituto de Cirug\u00eda Pl\u00e1stica de Dallas, considerado uno de los mejores programas de est\u00e9tica en los Estados Unidos. El Dr. Dayan es autor de cinco libros sobre temas de cirug\u00eda pl\u00e1stica. Ha sido invitado a dar conferencias en los Estados Unidos y en todo el mundo sobre temas de cirug\u00eda pl\u00e1stica, incluida la cirug\u00eda mamaria est\u00e9tica y la reconstrucci\u00f3n mamaria compleja.<\/p><\/dd><\/dl>\n<p><a title=\"P\u00f3ngase en contacto con el Instituto de Cirug\u00eda Pl\u00e1stica Avance en Reno NV\" href=\"https:\/\/www.avanceplasticsurgery.com\/es\/contactenos\/\">Comun\u00edquese con el Instituto de Cirug\u00eda Pl\u00e1stica Avance<\/a> en Reno\/Tahoe, NV, o ll\u00e1menos al (775) 800-4444 para programar su consulta de cirug\u00eda de levantamiento de senos con el Dr. Erez Dayan hoy.<\/p>\n<p style=\"text-align: center;\"><a href=\"https:\/\/www.avanceplasticsurgery.com\/wp-content\/uploads\/2020\/10\/Breast_Mastopexy_and_Breast_Augmentation_Instructions.pdf\" class=\"btn btn-primary\" target=\"_blank\" rel=\"noopener noreferrer\">Instrucciones postoperatorias<\/a><\/p>\n<h3>Programa de mantenimiento<\/h3>\n<p>El <a href=\"https:\/\/www.avanceplasticsurgery.com\/es\/acerca-de\/programa-de-mantenimiento\/\">programa de mantenimiento<\/a> en Avance Plastic Surgery Institute est\u00e1 dise\u00f1ado para ofrecer a los pacientes una forma conveniente de continuar viendo los beneficios de nuestros tratamientos durante el mayor tiempo posible.<\/p>\n<p>Para mantener los resultados de los procedimientos cosm\u00e9ticos mamarios, recomendamos tratamientos no invasivos y m\u00ednimamente invasivos con los siguientes dispositivos:<\/p>\n<ul>\n<li>Forma Body (InMode)<\/li>\n<li>Morfeo 8 (en modo)<\/li>\n<\/ul>\n","protected":false},"excerpt":{"rendered":"<p>Cirug\u00eda Pl\u00e1stica de Levantamiento de Senos A medida que el cuerpo envejece, es natural que los senos pierdan volumen&hellip;<\/p>\n","protected":false},"author":1,"featured_media":0,"parent":8869,"menu_order":0,"comment_status":"closed","ping_status":"closed","template":"","meta":{"_acf_changed":false,"footnotes":""},"class_list":["post-8878","page","type-page","status-publish"],"acf":[],"yoast_head":"<!-- This site is optimized with the Yoast SEO plugin v27.3 - https:\/\/yoast.com\/product\/yoast-seo-wordpress\/ -->\n<title>Reno NV Cirug\u00eda de levantamiento de senos | Mastopexia del lago Tahoe (mamoplastia)<\/title>\n<meta name=\"description\" content=\"La cirug\u00eda de levantamiento de senos puede restaurar una apariencia juvenil, sexy y atractiva a los senos ca\u00eddos y ca\u00eddos. El Dr. Erez Dayan realiza una cirug\u00eda experta de levantamiento de senos en el Instituto de Cirug\u00eda Pl\u00e1stica Avance en Reno, NV. Llame hoy para programar su consulta.\" \/>\n<meta name=\"robots\" content=\"index, follow, max-snippet:-1, max-image-preview:large, max-video-preview:-1\" \/>\n<link rel=\"canonical\" href=\"https:\/\/www.avanceplasticsurgery.com\/es\/procedimientos-cosmeticos-y-de-cirugia\/seno\/levantamiento-de-senos\/\" \/>\n<meta property=\"og:locale\" content=\"es_ES\" \/>\n<meta property=\"og:type\" content=\"article\" \/>\n<meta property=\"og:title\" content=\"Reno NV Cirug\u00eda de levantamiento de senos | Mastopexia del lago Tahoe (mamoplastia)\" \/>\n<meta property=\"og:description\" content=\"La cirug\u00eda de levantamiento de senos puede restaurar una apariencia juvenil, sexy y atractiva a los senos ca\u00eddos y ca\u00eddos. El Dr. Erez Dayan realiza una cirug\u00eda experta de levantamiento de senos en el Instituto de Cirug\u00eda Pl\u00e1stica Avance en Reno, NV. Llame hoy para programar su consulta.\" \/>\n<meta property=\"og:url\" content=\"https:\/\/www.avanceplasticsurgery.com\/es\/procedimientos-cosmeticos-y-de-cirugia\/seno\/levantamiento-de-senos\/\" \/>\n<meta property=\"og:site_name\" content=\"Avance Plastic Surgery\" \/>\n<meta property=\"article:modified_time\" content=\"2025-09-29T19:39:14+00:00\" \/>\n<meta property=\"og:image\" content=\"https:\/\/www.avanceplasticsurgery.com\/wp-content\/uploads\/2024\/04\/i1Ww-3BKzig.jpg\" \/>\n<meta name=\"twitter:card\" content=\"summary_large_image\" \/>\n<meta name=\"twitter:label1\" content=\"Tiempo de lectura\" \/>\n\t<meta name=\"twitter:data1\" content=\"4 minutos\" \/>\n<!-- \/ Yoast SEO plugin. -->","yoast_head_json":{"title":"Reno NV Cirug\u00eda de levantamiento de senos | Mastopexia del lago Tahoe (mamoplastia)","description":"La cirug\u00eda de levantamiento de senos puede restaurar una apariencia juvenil, sexy y atractiva a los senos ca\u00eddos y ca\u00eddos. El Dr. Erez Dayan realiza una cirug\u00eda experta de levantamiento de senos en el Instituto de Cirug\u00eda Pl\u00e1stica Avance en Reno, NV. Llame hoy para programar su consulta.","robots":{"index":"index","follow":"follow","max-snippet":"max-snippet:-1","max-image-preview":"max-image-preview:large","max-video-preview":"max-video-preview:-1"},"canonical":"https:\/\/www.avanceplasticsurgery.com\/es\/procedimientos-cosmeticos-y-de-cirugia\/seno\/levantamiento-de-senos\/","og_locale":"es_ES","og_type":"article","og_title":"Reno NV Cirug\u00eda de levantamiento de senos | Mastopexia del lago Tahoe (mamoplastia)","og_description":"La cirug\u00eda de levantamiento de senos puede restaurar una apariencia juvenil, sexy y atractiva a los senos ca\u00eddos y ca\u00eddos. El Dr. Erez Dayan realiza una cirug\u00eda experta de levantamiento de senos en el Instituto de Cirug\u00eda Pl\u00e1stica Avance en Reno, NV. Llame hoy para programar su consulta.","og_url":"https:\/\/www.avanceplasticsurgery.com\/es\/procedimientos-cosmeticos-y-de-cirugia\/seno\/levantamiento-de-senos\/","og_site_name":"Avance Plastic Surgery","article_modified_time":"2025-09-29T19:39:14+00:00","og_image":[{"url":"https:\/\/www.avanceplasticsurgery.com\/wp-content\/uploads\/2024\/04\/i1Ww-3BKzig.jpg","type":"","width":"","height":""}],"twitter_card":"summary_large_image","twitter_misc":{"Tiempo de lectura":"4 minutos"},"schema":{"@context":"https:\/\/schema.org","@graph":[{"@type":"WebPage","@id":"https:\/\/www.avanceplasticsurgery.com\/es\/procedimientos-cosmeticos-y-de-cirugia\/seno\/levantamiento-de-senos\/","url":"https:\/\/www.avanceplasticsurgery.com\/es\/procedimientos-cosmeticos-y-de-cirugia\/seno\/levantamiento-de-senos\/","name":"Reno NV Cirug\u00eda de levantamiento de senos | Mastopexia del lago Tahoe (mamoplastia)","isPartOf":{"@id":"https:\/\/www.avanceplasticsurgery.com\/es\/#website"},"primaryImageOfPage":{"@id":"https:\/\/www.avanceplasticsurgery.com\/es\/procedimientos-cosmeticos-y-de-cirugia\/seno\/levantamiento-de-senos\/#primaryimage"},"image":{"@id":"https:\/\/www.avanceplasticsurgery.com\/es\/procedimientos-cosmeticos-y-de-cirugia\/seno\/levantamiento-de-senos\/#primaryimage"},"thumbnailUrl":"https:\/\/www.avanceplasticsurgery.com\/wp-content\/uploads\/2024\/04\/i1Ww-3BKzig.jpg","datePublished":"2020-09-15T22:13:30+00:00","dateModified":"2025-09-29T19:39:14+00:00","description":"La cirug\u00eda de levantamiento de senos puede restaurar una apariencia juvenil, sexy y atractiva a los senos ca\u00eddos y ca\u00eddos. El Dr. Erez Dayan realiza una cirug\u00eda experta de levantamiento de senos en el Instituto de Cirug\u00eda Pl\u00e1stica Avance en Reno, NV. Llame hoy para programar su consulta.","breadcrumb":{"@id":"https:\/\/www.avanceplasticsurgery.com\/es\/procedimientos-cosmeticos-y-de-cirugia\/seno\/levantamiento-de-senos\/#breadcrumb"},"inLanguage":"es","potentialAction":[{"@type":"ReadAction","target":["https:\/\/www.avanceplasticsurgery.com\/es\/procedimientos-cosmeticos-y-de-cirugia\/seno\/levantamiento-de-senos\/"]}]},{"@type":"ImageObject","inLanguage":"es","@id":"https:\/\/www.avanceplasticsurgery.com\/es\/procedimientos-cosmeticos-y-de-cirugia\/seno\/levantamiento-de-senos\/#primaryimage","url":"https:\/\/www.avanceplasticsurgery.com\/wp-content\/uploads\/2024\/04\/i1Ww-3BKzig.jpg","contentUrl":"https:\/\/www.avanceplasticsurgery.com\/wp-content\/uploads\/2024\/04\/i1Ww-3BKzig.jpg"},{"@type":"BreadcrumbList","@id":"https:\/\/www.avanceplasticsurgery.com\/es\/procedimientos-cosmeticos-y-de-cirugia\/seno\/levantamiento-de-senos\/#breadcrumb","itemListElement":[{"@type":"ListItem","position":1,"name":"Home","item":"https:\/\/www.avanceplasticsurgery.com\/es\/"},{"@type":"ListItem","position":2,"name":"Cosm\u00e9tica","item":"https:\/\/www.avanceplasticsurgery.com\/es\/procedimientos-cosmeticos-y-de-cirugia\/"},{"@type":"ListItem","position":3,"name":"Seno","item":"https:\/\/www.avanceplasticsurgery.com\/es\/procedimientos-cosmeticos-y-de-cirugia\/seno\/"},{"@type":"ListItem","position":4,"name":"Levantamiento de senos"}]},{"@type":"WebSite","@id":"https:\/\/www.avanceplasticsurgery.com\/es\/#website","url":"https:\/\/www.avanceplasticsurgery.com\/es\/","name":"Avance Plastic Surgery","description":"","potentialAction":[{"@type":"SearchAction","target":{"@type":"EntryPoint","urlTemplate":"https:\/\/www.avanceplasticsurgery.com\/es\/?s={search_term_string}"},"query-input":{"@type":"PropertyValueSpecification","valueRequired":true,"valueName":"search_term_string"}}],"inLanguage":"es"}]}},"_links":{"self":[{"href":"https:\/\/www.avanceplasticsurgery.com\/es\/wp-json\/wp\/v2\/pages\/8878","targetHints":{"allow":["GET"]}}],"collection":[{"href":"https:\/\/www.avanceplasticsurgery.com\/es\/wp-json\/wp\/v2\/pages"}],"about":[{"href":"https:\/\/www.avanceplasticsurgery.com\/es\/wp-json\/wp\/v2\/types\/page"}],"author":[{"embeddable":true,"href":"https:\/\/www.avanceplasticsurgery.com\/es\/wp-json\/wp\/v2\/users\/1"}],"replies":[{"embeddable":true,"href":"https:\/\/www.avanceplasticsurgery.com\/es\/wp-json\/wp\/v2\/comments?post=8878"}],"version-history":[{"count":5,"href":"https:\/\/www.avanceplasticsurgery.com\/es\/wp-json\/wp\/v2\/pages\/8878\/revisions"}],"predecessor-version":[{"id":14359,"href":"https:\/\/www.avanceplasticsurgery.com\/es\/wp-json\/wp\/v2\/pages\/8878\/revisions\/14359"}],"up":[{"embeddable":true,"href":"https:\/\/www.avanceplasticsurgery.com\/es\/wp-json\/wp\/v2\/pages\/8869"}],"wp:attachment":[{"href":"https:\/\/www.avanceplasticsurgery.com\/es\/wp-json\/wp\/v2\/media?parent=8878"}],"curies":[{"name":"wp","href":"https:\/\/api.w.org\/{rel}","templated":true}]}}