{"id":8879,"date":"2020-09-15T22:24:41","date_gmt":"2020-09-15T22:24:41","guid":{"rendered":"https:\/\/www.avanceplasticsurgery.com\/procedimientos-cosmeticos-y-de-cirugia\/seno\/reconstruccion-mamaria\/"},"modified":"2025-08-04T20:17:24","modified_gmt":"2025-08-04T20:17:24","slug":"reconstruccion-mamaria","status":"publish","type":"page","link":"https:\/\/www.avanceplasticsurgery.com\/es\/procedimientos-cosmeticos-y-de-cirugia\/seno\/reconstruccion-mamaria\/","title":{"rendered":"Reconstrucci\u00f3n mamaria"},"content":{"rendered":"<h1>Cirug\u00eda pl\u00e1stica de reconstrucci\u00f3n mamaria<\/h1>\n<p>Los estudios revelan que 1 de cada 8 mujeres en los Estados Unidos se ven afectadas por el c\u00e1ncer de mama. El tratamiento para el c\u00e1ncer de mama puede variar desde la extirpaci\u00f3n de un bulto de tejido (tumorectom\u00eda) hasta una mastectom\u00eda total con o sin preservaci\u00f3n del complejo areola del pez\u00f3n. Adem\u00e1s, se pueden extirpar o tomar muestras de los ganglios linf\u00e1ticos para tratar la enfermedad. El Dr. Dayan trabaja en estrecha colaboraci\u00f3n con los principales cirujanos de c\u00e1ncer de mama de la regi\u00f3n para reconstruir pacientes despu\u00e9s de su tratamiento para el c\u00e1ncer de mama.<\/p>\n<p><a title=\"Reno NV Cirug\u00eda Est\u00e9tica de Senos\" href=\"https:\/\/www.avanceplasticsurgery.com\/es\/procedimientos-cosmeticos-y-de-cirugia\/seno\/\">El aumento<\/a> y la reconstrucci\u00f3n de senos es un componente invaluable de su viaje despu\u00e9s del tratamiento del c\u00e1ncer de seno. El Dr. Dayan est\u00e1 con usted en cada paso del camino para explicarle los pros y los contras de las muchas opciones disponibles para la reconstrucci\u00f3n. El Dr. Dayan se capacit\u00f3 en las instituciones m\u00e1s avanzadas del pa\u00eds para poder brindarles a los pacientes todas las \u00faltimas t\u00e9cnicas y opciones reconstructivas.<\/p>\n<p>La reconstrucci\u00f3n puede comenzar inmediatamente durante la misma operaci\u00f3n de extirpaci\u00f3n del c\u00e1ncer de mama, o puede retrasarse como un procedimiento de segunda etapa. Adem\u00e1s, se puede transferir su propio tejido para la reconstrucci\u00f3n o se puede usar un implante. En cualquier caso, el Dr. Dayan crear\u00e1 resultados naturales que reflejen sus sensibilidades est\u00e9ticas y se adapten a su cuerpo.<\/p>\n<div class=\"row\">\n<div class=\"col-md-6\"><button class=\"flc-yt lazyload\" data-id=\"I1pWIrxDj4w\" data-title=\"Reconstrucci\u00f3n mamaria Dr. Erez Dayan Avance Plastic Surgery\" data-bg=\"https:\/\/i.ytimg.com\/vi\/I1pWIrxDj4w\/hqdefault.jpg\" aria-label=\"Play video Reconstrucci\u00f3n mamaria Dr. Erez Dayan Avance Plastic Surgery\">  <div class=\"flc-yt__title\">Reconstrucci\u00f3n mamaria Dr. Erez Dayan Avance Plastic Surgery<\/div>  <span class=\"flc-yt__play\">    <svg viewBox=\"0 0 68 48\" xmlns=\"http:\/\/www.w3.org\/2000\/svg\" aria-hidden=\"true\"><path d=\"M66.5 7.8A8.5 8.5 0 0 0 60.6 2C55.3.5 34 .5 34 .5S12.7.5 7.4 2A8.5 8.5 0 0 0 1.5 7.8C0 13.1 0 24 0 24s0 10.9 1.5 16.2A8.5 8.5 0 0 0 7.4 46C12.7 47.5 34 47.5 34 47.5s21.3 0 26.6-1.5a8.5 8.5 0 0 0 5.9-5.8C68 34.9 68 24 68 24s0-10.9-1.5-16.2Z\" fill=\"#f00\"\/><path d=\"M27 34l18-10-18-10v20Z\" fill=\"#fff\"\/><\/svg>  <\/span><\/button><\/div>\n<div class=\"col-md-6\"><button class=\"flc-yt lazyload\" data-id=\"K7kZUiqBaVM\" data-title=\"Ideal Breast Measurements For Breast Surgery | Avance Plastic Surgery: Dr. Erez Dayan | Reno, Tahoe\" data-bg=\"https:\/\/i.ytimg.com\/vi\/K7kZUiqBaVM\/hqdefault.jpg\" aria-label=\"Play video Ideal Breast Measurements For Breast Surgery | Avance Plastic Surgery: Dr. Erez Dayan | Reno, Tahoe\">  <div class=\"flc-yt__title\">Ideal Breast Measurements For Breast Surgery | Avance Plastic Surgery: Dr. Erez Dayan | Reno, Tahoe<\/div>  <span class=\"flc-yt__play\">    <svg viewBox=\"0 0 68 48\" xmlns=\"http:\/\/www.w3.org\/2000\/svg\" aria-hidden=\"true\"><path d=\"M66.5 7.8A8.5 8.5 0 0 0 60.6 2C55.3.5 34 .5 34 .5S12.7.5 7.4 2A8.5 8.5 0 0 0 1.5 7.8C0 13.1 0 24 0 24s0 10.9 1.5 16.2A8.5 8.5 0 0 0 7.4 46C12.7 47.5 34 47.5 34 47.5s21.3 0 26.6-1.5a8.5 8.5 0 0 0 5.9-5.8C68 34.9 68 24 68 24s0-10.9-1.5-16.2Z\" fill=\"#f00\"\/><path d=\"M27 34l18-10-18-10v20Z\" fill=\"#fff\"\/><\/svg>  <\/span><\/button><\/div>\n<\/div>\n<dl id=\"faq-1\" class=\"flc-faq\"><dt>\u00bfQu\u00e9 sucede durante mi reconstrucci\u00f3n mamaria Reno?<\/dt><dd><p>La reconstrucci\u00f3n mamaria se puede lograr de varias maneras diferentes, que el Dr. Dayan explicar\u00e1 en detalle durante su consulta confidencial.<\/p> \r\n<p>A continuaci\u00f3n se muestra una descripci\u00f3n general de cada enfoque:<\/p>\r\n<dl>\r\n<dt>Expansi\u00f3n de tejido<\/dt>\r\n<dd>En muchos casos, despu\u00e9s de la mastectom\u00eda, la piel de la mama es delicada y no est\u00e1 preparada para un implante. Un expansor de tejido es esencialmente un implante desinflado con un puerto magn\u00e9tico interno que se puede llenar en el consultorio durante las semanas o meses posteriores a la cirug\u00eda. La expansi\u00f3n del tejido lleva tiempo, pero es una forma eficaz de estirar la piel hasta que haya espacio para albergar un implante mamario o un colgajo. La recuperaci\u00f3n con expansi\u00f3n de tejido tiende a ser menos prolongada que algunas de las otras t\u00e9cnicas de reconstrucci\u00f3n mamaria que implican la transferencia de tejido desde otras partes del cuerpo (es decir, t\u00e9cnicas de colgajo).<\/dd>\r\n<dt>Reconstrucci\u00f3n con Implantes Mamarios<\/dt>\r\n<dd>En la mayor\u00eda de los casos, los implantes mamarios se colocan en el momento del tratamiento del c\u00e1ncer de mama o despu\u00e9s de la expansi\u00f3n del tejido. Existen numerosas opciones para los tipos de implantes mamarios, incluidos los implantes de silicona, ositos de goma o soluci\u00f3n salina. Cada uno se puede adaptar a sus necesidades para crear senos de aspecto realista.<\/dd>\r\n<dt>Transferencia de grasa<\/dt>\r\n<dd>En casos selectos, el Dr. Dayan puede sugerir una transferencia de grasa para reconstruir sus senos. Este procedimiento implica la extracci\u00f3n de grasa de una parte diferente del cuerpo mediante liposucci\u00f3n, procesando la grasa y luego reinyect\u00e1ndola en las \u00e1reas que carecen de volumen. Esta es una t\u00e9cnica efectiva para reconstruir defectos de tama\u00f1o peque\u00f1o a mediano. A veces, requiere m\u00e1s de una sesi\u00f3n de transferencia de grasa para un contorno \u00f3ptimo.<\/dd>\r\n<dt>T\u00e9cnicas de colgajos<\/dt>\r\n<dd>Este m\u00e9todo utiliza tejido aut\u00f3logo de su propio cuerpo para recrear mont\u00edculos mamarios de apariencia natural (colgajo TRAM, colgajo DIEP, colgajo SGAP, colgajo dorsal ancho). La grasa, la piel y\/o el m\u00fasculo se toman de un \u00e1rea donante, como los muslos, el abdomen, las nalgas, la espalda o el est\u00f3mago, y se transfieren al sitio de la mastectom\u00eda para que el tejido permanezca perfundido por su propio suministro de sangre saludable. Las t\u00e9cnicas de colgajo se pueden combinar con implantes mamarios y expansi\u00f3n de tejido, seg\u00fan las necesidades individuales de la paciente.<\/dd>\r\n<\/dl><\/dd><dt>\u00bfCu\u00e1les son los beneficios de la reconstrucci\u00f3n mamaria?<\/dt><dd><ul>\r\n<li>Restauraci\u00f3n de la confianza y satisfacci\u00f3n con la propia apariencia.<\/li>\r\n<li>Cierre en torno a los efectos del c\u00e1ncer de mama<\/li>\r\n<li>Pechos que son realistas y naturales.<\/li>\r\n<li>Incisiones bien ocultas<\/li>\r\n<li>Resultado natural y perfecto<\/li>\r\n<li>Resultados duraderos<\/li>\r\n<\/ul><\/dd><dt>\u00bfQui\u00e9n es el mejor candidato para la reconstrucci\u00f3n mamaria?<\/dt><dd><p>La reconstrucci\u00f3n es una elecci\u00f3n personal despu\u00e9s del tratamiento del c\u00e1ncer de mama. Para la mayor\u00eda de los pacientes, la reconstrucci\u00f3n mamaria tiene un efecto positivo en las emociones y el punto de vista. La mejor manera de saber si es un buen candidato para la cirug\u00eda reconstructiva es reunirse con el Dr. Dayan en persona en su consultorio de Reno\/Tahoe y hablar sobre sus deseos e inquietudes.<\/p>\r\n<p>El Dr. Dayan le explicar\u00e1 las diferentes opciones de reconstrucci\u00f3n (implantes, transferencia de grasa, expansi\u00f3n de tejido, colgajos), brind\u00e1ndole una imagen completa de los pros y los contras de cada tipo de reconstrucci\u00f3n y qu\u00e9 esperar de su cirug\u00eda. Deber\u00e1 gozar de buena salud mental y f\u00edsica y tener expectativas realistas para su resultado.<\/p><\/dd><dt>\u00bfC\u00f3mo es la recuperaci\u00f3n de la cirug\u00eda de reconstrucci\u00f3n mamaria?<\/dt><dd>Los tiempos de recuperaci\u00f3n variar\u00e1n seg\u00fan el tipo de t\u00e9cnica utilizada para la reconstrucci\u00f3n mamaria. El Dr. Dayan repasar\u00e1 su plan de recuperaci\u00f3n con usted durante su consulta y le explicar\u00e1 qu\u00e9 esperar en cada etapa. Recibir\u00e1 visitas de seguimiento peri\u00f3dicas y comunicaci\u00f3n constante para garantizar que su recuperaci\u00f3n siga por buen camino.<\/dd><dt>\u00bfQu\u00e9 tarifas est\u00e1n involucradas para la reconstrucci\u00f3n mamaria en Reno\/Tahoe?<\/dt><dd>La reconstrucci\u00f3n mamaria es un procedimiento altamente personalizado que es diferente para cada paciente. Los honorarios variar\u00e1n seg\u00fan la extensi\u00f3n del trabajo realizado, los honorarios del centro, los honorarios de la anestesia y los honorarios del cirujano. Recibir\u00e1 una cotizaci\u00f3n completa y detallada de los servicios en el momento de su consulta privada con el Dr. Dayan en Avance Plastic Surgery Institute. Participamos con la mayor\u00eda de los proveedores de seguros y con gusto la ayudaremos a obtener cobertura de seguro para su reconstrucci\u00f3n mamaria.<\/dd><dt>\u00bfPor qu\u00e9 elegir al Dr. Dayan?<\/dt><dd>El Dr. Dayan tiene una experiencia consumada en cirug\u00eda reconstructiva y est\u00e9tica y ha recibido una variedad de prestigiosos premios por su trabajo, incluido el Premio al Logro Acad\u00e9mico de Cirug\u00eda Pl\u00e1stica de Harvard, la Beca de la Fundaci\u00f3n de Investigaci\u00f3n y Educaci\u00f3n de Cirug\u00eda Est\u00e9tica y la Sociedad Mundial de Microcirug\u00eda Reconstructiva. Premio obtenido. Ha publicado numerosos art\u00edculos y cap\u00edtulos de libros en los principales textos de cirug\u00eda pl\u00e1stica sobre t\u00e9cnicas de reconstrucci\u00f3n mamaria. Es investigador y l\u00edder de opini\u00f3n de Allergan, InMode, Galderma y MTF Biologics.<\/dd><\/dl>\n<p><a title=\"P\u00f3ngase en contacto con el Instituto de Cirug\u00eda Pl\u00e1stica Avance en Reno NV\" href=\"https:\/\/www.avanceplasticsurgery.com\/es\/contactenos\/\">Comun\u00edquese con la oficina de Reno\/Tahoe, NV, del Instituto de Cirug\u00eda Pl\u00e1stica Avance<\/a> para programar una consulta de reconstrucci\u00f3n mamaria con el Dr. Erez Dayan hoy.<\/p>\n<h3>Programa de mantenimiento<\/h3>\n<p>El <a href=\"https:\/\/www.avanceplasticsurgery.com\/es\/acerca-de\/programa-de-mantenimiento\/\">programa de mantenimiento<\/a> en Avance Plastic Surgery Institute est\u00e1 dise\u00f1ado para ofrecer a los pacientes una forma conveniente de continuar viendo los beneficios de nuestros tratamientos durante el mayor tiempo posible.<\/p>\n<p>Para mantener los resultados de los procedimientos cosm\u00e9ticos mamarios, recomendamos tratamientos no invasivos y m\u00ednimamente invasivos con los siguientes dispositivos:<\/p>\n<ul>\n<li>Forma Body (InMode)<\/li>\n<li>Morfeo 8 (en modo)<\/li>\n<\/ul>\n","protected":false},"excerpt":{"rendered":"<p>Cirug\u00eda pl\u00e1stica de reconstrucci\u00f3n mamaria Los estudios revelan que 1 de cada 8 mujeres en los Estados Unidos se&hellip;<\/p>\n","protected":false},"author":1,"featured_media":0,"parent":8869,"menu_order":0,"comment_status":"closed","ping_status":"closed","template":"","meta":{"_acf_changed":false,"footnotes":""},"class_list":["post-8879","page","type-page","status-publish"],"acf":[],"yoast_head":"<!-- This site is optimized with the Yoast SEO plugin v27.3 - https:\/\/yoast.com\/product\/yoast-seo-wordpress\/ -->\n<title>Reno NV Cirug\u00eda de reconstrucci\u00f3n mamaria | Cirujano de mama superior de Lake Tahoe<\/title>\n<meta name=\"description\" content=\"La cirug\u00eda de reconstrucci\u00f3n mamaria a menudo proporciona el cierre necesario despu\u00e9s de los tratamientos de c\u00e1ncer de mama. El Dr. Erez Dayan del Instituto de Cirug\u00eda Pl\u00e1stica Avance en Reno es un experto en cirug\u00eda de reconstrucci\u00f3n mamaria de renombre mundial y ofrece varias opciones para esta cirug\u00eda.\" \/>\n<meta name=\"robots\" content=\"index, follow, max-snippet:-1, max-image-preview:large, max-video-preview:-1\" \/>\n<link rel=\"canonical\" href=\"https:\/\/www.avanceplasticsurgery.com\/es\/procedimientos-cosmeticos-y-de-cirugia\/seno\/reconstruccion-mamaria\/\" \/>\n<meta property=\"og:locale\" content=\"es_ES\" \/>\n<meta property=\"og:type\" content=\"article\" \/>\n<meta property=\"og:title\" content=\"Reno NV Cirug\u00eda de reconstrucci\u00f3n mamaria | Cirujano de mama superior de Lake Tahoe\" \/>\n<meta property=\"og:description\" content=\"La cirug\u00eda de reconstrucci\u00f3n mamaria a menudo proporciona el cierre necesario despu\u00e9s de los tratamientos de c\u00e1ncer de mama. El Dr. Erez Dayan del Instituto de Cirug\u00eda Pl\u00e1stica Avance en Reno es un experto en cirug\u00eda de reconstrucci\u00f3n mamaria de renombre mundial y ofrece varias opciones para esta cirug\u00eda.\" \/>\n<meta property=\"og:url\" content=\"https:\/\/www.avanceplasticsurgery.com\/es\/procedimientos-cosmeticos-y-de-cirugia\/seno\/reconstruccion-mamaria\/\" \/>\n<meta property=\"og:site_name\" content=\"Avance Plastic Surgery\" \/>\n<meta property=\"article:modified_time\" content=\"2025-08-04T20:17:24+00:00\" \/>\n<meta name=\"twitter:card\" content=\"summary_large_image\" \/>\n<meta name=\"twitter:label1\" content=\"Tiempo de lectura\" \/>\n\t<meta name=\"twitter:data1\" content=\"2 minutos\" \/>\n<!-- \/ Yoast SEO plugin. -->","yoast_head_json":{"title":"Reno NV Cirug\u00eda de reconstrucci\u00f3n mamaria | Cirujano de mama superior de Lake Tahoe","description":"La cirug\u00eda de reconstrucci\u00f3n mamaria a menudo proporciona el cierre necesario despu\u00e9s de los tratamientos de c\u00e1ncer de mama. El Dr. Erez Dayan del Instituto de Cirug\u00eda Pl\u00e1stica Avance en Reno es un experto en cirug\u00eda de reconstrucci\u00f3n mamaria de renombre mundial y ofrece varias opciones para esta cirug\u00eda.","robots":{"index":"index","follow":"follow","max-snippet":"max-snippet:-1","max-image-preview":"max-image-preview:large","max-video-preview":"max-video-preview:-1"},"canonical":"https:\/\/www.avanceplasticsurgery.com\/es\/procedimientos-cosmeticos-y-de-cirugia\/seno\/reconstruccion-mamaria\/","og_locale":"es_ES","og_type":"article","og_title":"Reno NV Cirug\u00eda de reconstrucci\u00f3n mamaria | Cirujano de mama superior de Lake Tahoe","og_description":"La cirug\u00eda de reconstrucci\u00f3n mamaria a menudo proporciona el cierre necesario despu\u00e9s de los tratamientos de c\u00e1ncer de mama. El Dr. Erez Dayan del Instituto de Cirug\u00eda Pl\u00e1stica Avance en Reno es un experto en cirug\u00eda de reconstrucci\u00f3n mamaria de renombre mundial y ofrece varias opciones para esta cirug\u00eda.","og_url":"https:\/\/www.avanceplasticsurgery.com\/es\/procedimientos-cosmeticos-y-de-cirugia\/seno\/reconstruccion-mamaria\/","og_site_name":"Avance Plastic Surgery","article_modified_time":"2025-08-04T20:17:24+00:00","twitter_card":"summary_large_image","twitter_misc":{"Tiempo de lectura":"2 minutos"},"schema":{"@context":"https:\/\/schema.org","@graph":[{"@type":"WebPage","@id":"https:\/\/www.avanceplasticsurgery.com\/es\/procedimientos-cosmeticos-y-de-cirugia\/seno\/reconstruccion-mamaria\/","url":"https:\/\/www.avanceplasticsurgery.com\/es\/procedimientos-cosmeticos-y-de-cirugia\/seno\/reconstruccion-mamaria\/","name":"Reno NV Cirug\u00eda de reconstrucci\u00f3n mamaria | Cirujano de mama superior de Lake Tahoe","isPartOf":{"@id":"https:\/\/www.avanceplasticsurgery.com\/es\/#website"},"datePublished":"2020-09-15T22:24:41+00:00","dateModified":"2025-08-04T20:17:24+00:00","description":"La cirug\u00eda de reconstrucci\u00f3n mamaria a menudo proporciona el cierre necesario despu\u00e9s de los tratamientos de c\u00e1ncer de mama. El Dr. Erez Dayan del Instituto de Cirug\u00eda Pl\u00e1stica Avance en Reno es un experto en cirug\u00eda de reconstrucci\u00f3n mamaria de renombre mundial y ofrece varias opciones para esta cirug\u00eda.","breadcrumb":{"@id":"https:\/\/www.avanceplasticsurgery.com\/es\/procedimientos-cosmeticos-y-de-cirugia\/seno\/reconstruccion-mamaria\/#breadcrumb"},"inLanguage":"es","potentialAction":[{"@type":"ReadAction","target":["https:\/\/www.avanceplasticsurgery.com\/es\/procedimientos-cosmeticos-y-de-cirugia\/seno\/reconstruccion-mamaria\/"]}]},{"@type":"BreadcrumbList","@id":"https:\/\/www.avanceplasticsurgery.com\/es\/procedimientos-cosmeticos-y-de-cirugia\/seno\/reconstruccion-mamaria\/#breadcrumb","itemListElement":[{"@type":"ListItem","position":1,"name":"Home","item":"https:\/\/www.avanceplasticsurgery.com\/es\/"},{"@type":"ListItem","position":2,"name":"Cosm\u00e9tica","item":"https:\/\/www.avanceplasticsurgery.com\/es\/procedimientos-cosmeticos-y-de-cirugia\/"},{"@type":"ListItem","position":3,"name":"Seno","item":"https:\/\/www.avanceplasticsurgery.com\/es\/procedimientos-cosmeticos-y-de-cirugia\/seno\/"},{"@type":"ListItem","position":4,"name":"Reconstrucci\u00f3n mamaria"}]},{"@type":"WebSite","@id":"https:\/\/www.avanceplasticsurgery.com\/es\/#website","url":"https:\/\/www.avanceplasticsurgery.com\/es\/","name":"Avance Plastic Surgery","description":"","potentialAction":[{"@type":"SearchAction","target":{"@type":"EntryPoint","urlTemplate":"https:\/\/www.avanceplasticsurgery.com\/es\/?s={search_term_string}"},"query-input":{"@type":"PropertyValueSpecification","valueRequired":true,"valueName":"search_term_string"}}],"inLanguage":"es"}]}},"_links":{"self":[{"href":"https:\/\/www.avanceplasticsurgery.com\/es\/wp-json\/wp\/v2\/pages\/8879","targetHints":{"allow":["GET"]}}],"collection":[{"href":"https:\/\/www.avanceplasticsurgery.com\/es\/wp-json\/wp\/v2\/pages"}],"about":[{"href":"https:\/\/www.avanceplasticsurgery.com\/es\/wp-json\/wp\/v2\/types\/page"}],"author":[{"embeddable":true,"href":"https:\/\/www.avanceplasticsurgery.com\/es\/wp-json\/wp\/v2\/users\/1"}],"replies":[{"embeddable":true,"href":"https:\/\/www.avanceplasticsurgery.com\/es\/wp-json\/wp\/v2\/comments?post=8879"}],"version-history":[{"count":3,"href":"https:\/\/www.avanceplasticsurgery.com\/es\/wp-json\/wp\/v2\/pages\/8879\/revisions"}],"predecessor-version":[{"id":14124,"href":"https:\/\/www.avanceplasticsurgery.com\/es\/wp-json\/wp\/v2\/pages\/8879\/revisions\/14124"}],"up":[{"embeddable":true,"href":"https:\/\/www.avanceplasticsurgery.com\/es\/wp-json\/wp\/v2\/pages\/8869"}],"wp:attachment":[{"href":"https:\/\/www.avanceplasticsurgery.com\/es\/wp-json\/wp\/v2\/media?parent=8879"}],"curies":[{"name":"wp","href":"https:\/\/api.w.org\/{rel}","templated":true}]}}