{"id":8880,"date":"2020-09-15T22:32:04","date_gmt":"2020-09-15T22:32:04","guid":{"rendered":"https:\/\/www.avanceplasticsurgery.com\/procedimientos-cosmeticos-y-de-cirugia\/seno\/reduccion-de-senos\/"},"modified":"2025-09-29T19:50:57","modified_gmt":"2025-09-29T19:50:57","slug":"reduccion-de-senos","status":"publish","type":"page","link":"https:\/\/www.avanceplasticsurgery.com\/es\/procedimientos-cosmeticos-y-de-cirugia\/seno\/reduccion-de-senos\/","title":{"rendered":"Reducci\u00f3n de senos"},"content":{"rendered":"<h1>Cirug\u00eda Pl\u00e1stica de Reducci\u00f3n de Senos<\/h1>\n<p>Las mujeres con senos demasiado grandes y pesados pueden experimentar una serie de dolencias, que van desde dolor de espalda, cuello y hombros hasta rozaduras e infecciones. Los senos colgantes tambi\u00e9n pueden generar atenci\u00f3n social no deseada y angustia emocional. El Dr. Erez Dayan realiza una cirug\u00eda de reducci\u00f3n de senos en el Instituto de Cirug\u00eda Pl\u00e1stica Avance en Reno\/Tahoe para ayudar a crear una figura equilibrada, juvenil y que mejore la confianza en uno mismo y la calidad de vida en el proceso.<\/p>\n<div class=\"row\">\n<div class=\"col-md-6\"><button class=\"flc-yt lazyload\" data-id=\"Q1XWoHCVxAo\" data-title=\"Reno Breast Reduction Patient Testimonial | Avance Plastic Surgery Institute: Dr. Erez Dayan\" data-bg=\"https:\/\/i.ytimg.com\/vi\/Q1XWoHCVxAo\/hqdefault.jpg\" aria-label=\"Play video Reno Breast Reduction Patient Testimonial | Avance Plastic Surgery Institute: Dr. Erez Dayan\">  <div class=\"flc-yt__title\">Reno Breast Reduction Patient Testimonial | Avance Plastic Surgery Institute: Dr. Erez Dayan<\/div>  <span class=\"flc-yt__play\">    <svg viewBox=\"0 0 68 48\" xmlns=\"http:\/\/www.w3.org\/2000\/svg\" aria-hidden=\"true\"><path d=\"M66.5 7.8A8.5 8.5 0 0 0 60.6 2C55.3.5 34 .5 34 .5S12.7.5 7.4 2A8.5 8.5 0 0 0 1.5 7.8C0 13.1 0 24 0 24s0 10.9 1.5 16.2A8.5 8.5 0 0 0 7.4 46C12.7 47.5 34 47.5 34 47.5s21.3 0 26.6-1.5a8.5 8.5 0 0 0 5.9-5.8C68 34.9 68 24 68 24s0-10.9-1.5-16.2Z\" fill=\"#f00\"\/><path d=\"M27 34l18-10-18-10v20Z\" fill=\"#fff\"\/><\/svg>  <\/span><\/button><\/div>\n<div class=\"col-md-6\"><button class=\"flc-yt lazyload\" data-id=\"FLhmj8E1ms8\" data-title=\"2-Month Breast Reduction\/Lift Result | Avance Plastic Surgery Institute: Dr. Erez Dayan\" data-bg=\"https:\/\/i.ytimg.com\/vi\/FLhmj8E1ms8\/hqdefault.jpg\" aria-label=\"Play video 2-Month Breast Reduction\/Lift Result | Avance Plastic Surgery Institute: Dr. Erez Dayan\">  <div class=\"flc-yt__title\">2-Month Breast Reduction\/Lift Result | Avance Plastic Surgery Institute: Dr. Erez Dayan<\/div>  <span class=\"flc-yt__play\">    <svg viewBox=\"0 0 68 48\" xmlns=\"http:\/\/www.w3.org\/2000\/svg\" aria-hidden=\"true\"><path d=\"M66.5 7.8A8.5 8.5 0 0 0 60.6 2C55.3.5 34 .5 34 .5S12.7.5 7.4 2A8.5 8.5 0 0 0 1.5 7.8C0 13.1 0 24 0 24s0 10.9 1.5 16.2A8.5 8.5 0 0 0 7.4 46C12.7 47.5 34 47.5 34 47.5s21.3 0 26.6-1.5a8.5 8.5 0 0 0 5.9-5.8C68 34.9 68 24 68 24s0-10.9-1.5-16.2Z\" fill=\"#f00\"\/><path d=\"M27 34l18-10-18-10v20Z\" fill=\"#fff\"\/><\/svg>  <\/span><\/button><\/div>\n<div class=\"col-md-6\"><a href=\"https:\/\/www.youtube.com\/watch?v=-dejwBjKz3U\" target=\"_blank\" rel=\"noopener\"><img decoding=\"async\" src=\"https:\/\/www.avanceplasticsurgery.com\/wp-content\/uploads\/2022\/12\/dejwBjKz3U.jpg\" alt=\"YouTube video titled Reno\/Tahoe NV Breast Reduction Surgery | Avance Plastic Surgery Institute: Dr. Erez Dayan\" class=\"img-fluid mb-3\" \/><\/a><\/div>\n<div class=\"col-md-6\"><button class=\"flc-yt lazyload\" data-id=\"iAI1K--kB0M\" data-title=\"Reno Breast Reduction Surgery | Breast Plastic Surgeon Dr. Erez Dayan\" data-bg=\"https:\/\/i.ytimg.com\/vi\/iAI1K--kB0M\/hqdefault.jpg\" aria-label=\"Play video Reno Breast Reduction Surgery | Breast Plastic Surgeon Dr. Erez Dayan\">  <div class=\"flc-yt__title\">Reno Breast Reduction Surgery | Breast Plastic Surgeon Dr. Erez Dayan<\/div>  <span class=\"flc-yt__play\">    <svg viewBox=\"0 0 68 48\" xmlns=\"http:\/\/www.w3.org\/2000\/svg\" aria-hidden=\"true\"><path d=\"M66.5 7.8A8.5 8.5 0 0 0 60.6 2C55.3.5 34 .5 34 .5S12.7.5 7.4 2A8.5 8.5 0 0 0 1.5 7.8C0 13.1 0 24 0 24s0 10.9 1.5 16.2A8.5 8.5 0 0 0 7.4 46C12.7 47.5 34 47.5 34 47.5s21.3 0 26.6-1.5a8.5 8.5 0 0 0 5.9-5.8C68 34.9 68 24 68 24s0-10.9-1.5-16.2Z\" fill=\"#f00\"\/><path d=\"M27 34l18-10-18-10v20Z\" fill=\"#fff\"\/><\/svg>  <\/span><\/button><\/div>\n<div class=\"col-md-6\"><a href=\"https:\/\/www.youtube.com\/watch?v=LOEWHD7RFoA\" target=\"_blank\" rel=\"noopener\"><img decoding=\"async\" src=\"https:\/\/www.avanceplasticsurgery.com\/wp-content\/uploads\/2024\/04\/LOEWHD7RFoA.jpg\" alt=\"YouTube video titled Breast Reduction Surgery Before &amp; After | Dr. Erez Dayan | Avance Plastic Surgery Reno NV\" class=\"img-fluid mb-3\" \/><\/a><\/div>\n<div class=\"col-md-6\"><button class=\"flc-yt lazyload\" data-id=\"74-4tNHnfqk\" data-title=\"Breast Reduction &amp; Breast Lift\" data-bg=\"https:\/\/i.ytimg.com\/vi\/74-4tNHnfqk\/hqdefault.jpg\" aria-label=\"Play video Breast Reduction &amp; Breast Lift\">  <div class=\"flc-yt__title\">Breast Reduction &amp; Breast Lift<\/div>  <span class=\"flc-yt__play\">    <svg viewBox=\"0 0 68 48\" xmlns=\"http:\/\/www.w3.org\/2000\/svg\" aria-hidden=\"true\"><path d=\"M66.5 7.8A8.5 8.5 0 0 0 60.6 2C55.3.5 34 .5 34 .5S12.7.5 7.4 2A8.5 8.5 0 0 0 1.5 7.8C0 13.1 0 24 0 24s0 10.9 1.5 16.2A8.5 8.5 0 0 0 7.4 46C12.7 47.5 34 47.5 34 47.5s21.3 0 26.6-1.5a8.5 8.5 0 0 0 5.9-5.8C68 34.9 68 24 68 24s0-10.9-1.5-16.2Z\" fill=\"#f00\"\/><path d=\"M27 34l18-10-18-10v20Z\" fill=\"#fff\"\/><\/svg>  <\/span><\/button><\/div>\n<div class=\"col-md-6\"><button class=\"flc-yt lazyload\" data-id=\"K7kZUiqBaVM\" data-title=\"Ideal Breast Measurements For Breast Surgery | Avance Plastic Surgery: Dr. Erez Dayan | Reno, Tahoe\" data-bg=\"https:\/\/i.ytimg.com\/vi\/K7kZUiqBaVM\/hqdefault.jpg\" aria-label=\"Play video Ideal Breast Measurements For Breast Surgery | Avance Plastic Surgery: Dr. Erez Dayan | Reno, Tahoe\">  <div class=\"flc-yt__title\">Ideal Breast Measurements For Breast Surgery | Avance Plastic Surgery: Dr. Erez Dayan | Reno, Tahoe<\/div>  <span class=\"flc-yt__play\">    <svg viewBox=\"0 0 68 48\" xmlns=\"http:\/\/www.w3.org\/2000\/svg\" aria-hidden=\"true\"><path d=\"M66.5 7.8A8.5 8.5 0 0 0 60.6 2C55.3.5 34 .5 34 .5S12.7.5 7.4 2A8.5 8.5 0 0 0 1.5 7.8C0 13.1 0 24 0 24s0 10.9 1.5 16.2A8.5 8.5 0 0 0 7.4 46C12.7 47.5 34 47.5 34 47.5s21.3 0 26.6-1.5a8.5 8.5 0 0 0 5.9-5.8C68 34.9 68 24 68 24s0-10.9-1.5-16.2Z\" fill=\"#f00\"\/><path d=\"M27 34l18-10-18-10v20Z\" fill=\"#fff\"\/><\/svg>  <\/span><\/button><\/div>\n<\/div>\n<dl id=\"faq-1\" class=\"flc-faq\"><dt>\u00bfQu\u00e9 implica la reducci\u00f3n de senos?<\/dt><dd><p>El Dr. Dayan comienza por comprender el tama\u00f1o que deseas tener y qu\u00e9 es lo mejor proporcionado para la forma de tu cuerpo. A continuaci\u00f3n, realiza medidas precisas para lograr este tama\u00f1o y proporci\u00f3n. Durante la cirug\u00eda, el Dr. Dayan crear\u00e1 incisiones bien ocultas en un patr\u00f3n de piruleta (alrededor de la areola y verticalmente hacia abajo del seno) o un patr\u00f3n de ancla (alrededor de la areola, verticalmente hacia abajo del seno y horizontalmente a trav\u00e9s del pliegue del seno).<\/p>\r\n\r\n<p>Luego, el Dr. Dayan elimina el exceso de grasa, piel y tejido para poder remodelar y esculpir los senos para lograr una apariencia est\u00e9tica \u00f3ptima. Si es necesario, se cambiar\u00e1 el tama\u00f1o de los pezones y la areola y se reposicionar\u00e1n en una posici\u00f3n m\u00e1s juvenil. En algunas situaciones, el Dr. Dayan puede usar la liposucci\u00f3n para ayudar a eliminar la grasa no deseada del pecho o debajo de la axila. Se hacen todos los esfuerzos para adoptar un enfoque m\u00ednimamente invasivo para que pueda usar un bikini o un vestido sin tirantes con confianza.<\/p><\/dd><dt>\u00bfCu\u00e1les son las ventajas de someterse a una reducci\u00f3n de senos con el Dr. Dayan en Reno\/Tahoe?<\/dt><dd><ul>\r\n<li>Mayor comodidad y calidad de vida<\/li>\r\n<li>Aumento de la energ\u00eda y la resistencia<\/li>\r\n<li>Mejora de la autoestima y la confianza.<\/li>\r\n<li>Ropa que se ajuste mejor<\/li>\r\n<li>Una apariencia m\u00e1s equilibrada y juvenil.<\/li>\r\n<li>Resultados elegantes y naturales.<\/li>\r\n<li>Resultado duradero<\/li>\r\n<\/ul><\/dd><dt>\u00bfQui\u00e9n es un candidato ideal para la reducci\u00f3n de senos?<\/dt><dd><p>Puede ser una buena candidata para la cirug\u00eda de reducci\u00f3n mamaria si:<\/p>\r\n<ul>\r\n<li>Gozas de buena salud, tanto f\u00edsica como psicol\u00f3gicamente.<\/li>\r\n<li>Est\u00e1s en o cerca de tu peso ideal<\/li>\r\n<li>no eres fumador<\/li>\r\n<li>Eres realista en tus expectativas.<\/li>\r\n<li>Sufres de dolor de cuello, espalda y hombros.<\/li>\r\n<li>Tus senos son asim\u00e9tricos.<\/li>\r\n<li>Le resulta dif\u00edcil participar en deportes y actividad f\u00edsica debido al tama\u00f1o de sus senos<\/li>\r\n<li>Sufre rozaduras en la piel o erupciones cut\u00e1neas debido a sus senos.<\/li>\r\n<li>Se siente cohibida y\/o avergonzada de sus senos<\/li>\r\n<\/ul><\/dd><dt>\u00bfQu\u00e9 puedo esperar de la recuperaci\u00f3n?<\/dt><dd><p>Podr\u00e1 irse a casa el mismo d\u00eda de su procedimiento de reducci\u00f3n de senos. Debido a que su cirug\u00eda se realizar\u00e1 bajo anestesia general, necesitar\u00e1 que un amigo o familiar lo lleve a su casa despu\u00e9s de su procedimiento. El Dr. Dayan utiliza t\u00e9cnicas avanzadas de anestesia local y bloqueos nerviosos para garantizar que su recuperaci\u00f3n sea c\u00f3moda y sin problemas. El Dr. Dayan y su personal le proporcionar\u00e1n un plan claro de cuidados posteriores para su recuperaci\u00f3n.<\/p>\r\n\r\n<p>Deber\u00e1 usar un sost\u00e9n quir\u00fargico durante aproximadamente 3 a 4 semanas despu\u00e9s de su procedimiento, lo que ayudar\u00e1 a disminuir la hinchaz\u00f3n y a mantener la nueva forma de sus senos. Podr\u00e1 volver a sus actividades regulares dentro de aproximadamente dos semanas, pero debe evitar el ejercicio vigoroso y el levantamiento de objetos pesados durante 4 a 6 semanas.<\/p><\/dd><dt>\u00bfCu\u00e1l es el costo de una reducci\u00f3n de senos?<\/dt><dd>Las tarifas de reducci\u00f3n de senos variar\u00e1n seg\u00fan la extensi\u00f3n del trabajo realizado y si el levantamiento de senos se realiza en conjunto, lo que a menudo es el caso para garantizar una mejora integral en la parte superior del t\u00f3rax. El Dr. Dayan evaluar\u00e1 la cantidad de volumen que espera reducir y su coordinador de pacientes lo enviar\u00e1 a su compa\u00f1\u00eda de seguros para su cobertura. Una vez que el Dr. Dayan realice su evaluaci\u00f3n en su oficina de Reno\/Tahoe, su equipo le presentar\u00e1 un presupuesto personalizado y un plan de tratamiento.<\/dd><dt>\u00bfPor qu\u00e9 elegir al Dr. Dayan?<\/dt><dd>El Dr. Dayan es un cirujano pl\u00e1stico galardonado con sede en el Instituto de Cirug\u00eda Pl\u00e1stica Avance en Reno\/Tahoe, que complet\u00f3 su formaci\u00f3n m\u00e9dica en el prestigioso Programa de Cirug\u00eda Pl\u00e1stica de Harvard. Posteriormente, obtuvo una beca de \u00e9lite en cirug\u00eda est\u00e9tica en el Instituto de Cirug\u00eda Pl\u00e1stica de Dallas, de renombre mundial. El Dr. Dayan recibi\u00f3 el Premio al Logro Acad\u00e9mico de Cirug\u00eda Pl\u00e1stica de Harvard y el Premio de la Sociedad Mundial de Microcirug\u00eda Reconstructiva. Es un l\u00edder de opini\u00f3n e investigador solicitado por compa\u00f1\u00edas est\u00e9ticas globales como Allergan, MTF Biologics, InMode y Galderma.<\/dd><\/dl>\n<p><a title=\"P\u00f3ngase en contacto con el Instituto de Cirug\u00eda Pl\u00e1stica Avance en Reno NV\" href=\"https:\/\/www.avanceplasticsurgery.com\/es\/contactenos\/\">Comun\u00edquese hoy con el Instituto de Cirug\u00eda Pl\u00e1stica Avance<\/a> para programar una consulta con el Dr. Dayan sobre la cirug\u00eda de reducci\u00f3n mamaria.<\/p>\n<p style=\"text-align: center;\"><a href=\"https:\/\/www.avanceplasticsurgery.com\/wp-content\/uploads\/2020\/10\/Breast_Reduction_Instructions.pdf\" class=\"btn btn-primary\" target=\"_blank\" rel=\"noopener noreferrer\">Instrucciones postoperatorias<\/a><\/p>\n<h3>Programa de mantenimiento<\/h3>\n<p>El <a href=\"https:\/\/www.avanceplasticsurgery.com\/es\/acerca-de\/programa-de-mantenimiento\/\">programa de mantenimiento<\/a> en Avance Plastic Surgery Institute est\u00e1 dise\u00f1ado para ofrecer a los pacientes una forma conveniente de continuar viendo los beneficios de nuestros tratamientos durante el mayor tiempo posible.<\/p>\n<p>Para mantener los resultados de los procedimientos cosm\u00e9ticos mamarios, recomendamos tratamientos no invasivos y m\u00ednimamente invasivos con los siguientes dispositivos:<\/p>\n<ul>\n<li>Forma Body (InMode)<\/li>\n<li>Morfeo 8 (en modo)<\/li>\n<\/ul>\n","protected":false},"excerpt":{"rendered":"<p>Cirug\u00eda Pl\u00e1stica de Reducci\u00f3n de Senos Las mujeres con senos demasiado grandes y pesados pueden experimentar una serie de&hellip;<\/p>\n","protected":false},"author":1,"featured_media":0,"parent":8869,"menu_order":0,"comment_status":"closed","ping_status":"closed","template":"","meta":{"_acf_changed":false,"footnotes":""},"class_list":["post-8880","page","type-page","status-publish"],"acf":[],"yoast_head":"<!-- This site is optimized with the Yoast SEO plugin v25.6 - https:\/\/yoast.com\/wordpress\/plugins\/seo\/ -->\n<title>Reno NV Cirug\u00eda de Reducci\u00f3n de Senos | Mamoplastia del lago Tahoe<\/title>\n<meta name=\"description\" content=\"La cirug\u00eda de reducci\u00f3n de senos en Reno est\u00e1 disponible a trav\u00e9s del cirujano pl\u00e1stico cosm\u00e9tico Dr. Erez Dayan en el Instituto de Cirug\u00eda Pl\u00e1stica Avance en Reno, Nevada. Llame hoy para programar una consulta confidencial sobre cirug\u00eda de reducci\u00f3n de senos.\" \/>\n<meta name=\"robots\" content=\"index, follow, max-snippet:-1, max-image-preview:large, max-video-preview:-1\" \/>\n<link rel=\"canonical\" href=\"https:\/\/www.avanceplasticsurgery.com\/es\/procedimientos-cosmeticos-y-de-cirugia\/seno\/reduccion-de-senos\/\" \/>\n<meta property=\"og:locale\" content=\"es_ES\" \/>\n<meta property=\"og:type\" content=\"article\" \/>\n<meta property=\"og:title\" content=\"Reno NV Cirug\u00eda de Reducci\u00f3n de Senos | Mamoplastia del lago Tahoe\" \/>\n<meta property=\"og:description\" content=\"La cirug\u00eda de reducci\u00f3n de senos en Reno est\u00e1 disponible a trav\u00e9s del cirujano pl\u00e1stico cosm\u00e9tico Dr. Erez Dayan en el Instituto de Cirug\u00eda Pl\u00e1stica Avance en Reno, Nevada. Llame hoy para programar una consulta confidencial sobre cirug\u00eda de reducci\u00f3n de senos.\" \/>\n<meta property=\"og:url\" content=\"https:\/\/www.avanceplasticsurgery.com\/es\/procedimientos-cosmeticos-y-de-cirugia\/seno\/reduccion-de-senos\/\" \/>\n<meta property=\"og:site_name\" content=\"Avance Plastic Surgery\" \/>\n<meta property=\"article:modified_time\" content=\"2025-09-29T19:50:57+00:00\" \/>\n<meta property=\"og:image\" content=\"https:\/\/www.avanceplasticsurgery.com\/wp-content\/uploads\/2022\/12\/dejwBjKz3U.jpg\" \/>\n<meta name=\"twitter:card\" content=\"summary_large_image\" \/>\n<meta name=\"twitter:label1\" content=\"Tiempo de lectura\" \/>\n\t<meta name=\"twitter:data1\" content=\"2 minutos\" \/>\n<!-- \/ Yoast SEO plugin. -->","yoast_head_json":{"title":"Reno NV Cirug\u00eda de Reducci\u00f3n de Senos | Mamoplastia del lago Tahoe","description":"La cirug\u00eda de reducci\u00f3n de senos en Reno est\u00e1 disponible a trav\u00e9s del cirujano pl\u00e1stico cosm\u00e9tico Dr. Erez Dayan en el Instituto de Cirug\u00eda Pl\u00e1stica Avance en Reno, Nevada. Llame hoy para programar una consulta confidencial sobre cirug\u00eda de reducci\u00f3n de senos.","robots":{"index":"index","follow":"follow","max-snippet":"max-snippet:-1","max-image-preview":"max-image-preview:large","max-video-preview":"max-video-preview:-1"},"canonical":"https:\/\/www.avanceplasticsurgery.com\/es\/procedimientos-cosmeticos-y-de-cirugia\/seno\/reduccion-de-senos\/","og_locale":"es_ES","og_type":"article","og_title":"Reno NV Cirug\u00eda de Reducci\u00f3n de Senos | Mamoplastia del lago Tahoe","og_description":"La cirug\u00eda de reducci\u00f3n de senos en Reno est\u00e1 disponible a trav\u00e9s del cirujano pl\u00e1stico cosm\u00e9tico Dr. Erez Dayan en el Instituto de Cirug\u00eda Pl\u00e1stica Avance en Reno, Nevada. Llame hoy para programar una consulta confidencial sobre cirug\u00eda de reducci\u00f3n de senos.","og_url":"https:\/\/www.avanceplasticsurgery.com\/es\/procedimientos-cosmeticos-y-de-cirugia\/seno\/reduccion-de-senos\/","og_site_name":"Avance Plastic Surgery","article_modified_time":"2025-09-29T19:50:57+00:00","og_image":[{"url":"https:\/\/www.avanceplasticsurgery.com\/wp-content\/uploads\/2022\/12\/dejwBjKz3U.jpg","type":"","width":"","height":""}],"twitter_card":"summary_large_image","twitter_misc":{"Tiempo de lectura":"2 minutos"},"schema":{"@context":"https:\/\/schema.org","@graph":[{"@type":"WebPage","@id":"https:\/\/www.avanceplasticsurgery.com\/es\/procedimientos-cosmeticos-y-de-cirugia\/seno\/reduccion-de-senos\/","url":"https:\/\/www.avanceplasticsurgery.com\/es\/procedimientos-cosmeticos-y-de-cirugia\/seno\/reduccion-de-senos\/","name":"Reno NV Cirug\u00eda de Reducci\u00f3n de Senos | Mamoplastia del lago Tahoe","isPartOf":{"@id":"https:\/\/www.avanceplasticsurgery.com\/es\/#website"},"primaryImageOfPage":{"@id":"https:\/\/www.avanceplasticsurgery.com\/es\/procedimientos-cosmeticos-y-de-cirugia\/seno\/reduccion-de-senos\/#primaryimage"},"image":{"@id":"https:\/\/www.avanceplasticsurgery.com\/es\/procedimientos-cosmeticos-y-de-cirugia\/seno\/reduccion-de-senos\/#primaryimage"},"thumbnailUrl":"https:\/\/www.avanceplasticsurgery.com\/wp-content\/uploads\/2022\/12\/dejwBjKz3U.jpg","datePublished":"2020-09-15T22:32:04+00:00","dateModified":"2025-09-29T19:50:57+00:00","description":"La cirug\u00eda de reducci\u00f3n de senos en Reno est\u00e1 disponible a trav\u00e9s del cirujano pl\u00e1stico cosm\u00e9tico Dr. Erez Dayan en el Instituto de Cirug\u00eda Pl\u00e1stica Avance en Reno, Nevada. Llame hoy para programar una consulta confidencial sobre cirug\u00eda de reducci\u00f3n de senos.","breadcrumb":{"@id":"https:\/\/www.avanceplasticsurgery.com\/es\/procedimientos-cosmeticos-y-de-cirugia\/seno\/reduccion-de-senos\/#breadcrumb"},"inLanguage":"es","potentialAction":[{"@type":"ReadAction","target":["https:\/\/www.avanceplasticsurgery.com\/es\/procedimientos-cosmeticos-y-de-cirugia\/seno\/reduccion-de-senos\/"]}]},{"@type":"ImageObject","inLanguage":"es","@id":"https:\/\/www.avanceplasticsurgery.com\/es\/procedimientos-cosmeticos-y-de-cirugia\/seno\/reduccion-de-senos\/#primaryimage","url":"https:\/\/www.avanceplasticsurgery.com\/wp-content\/uploads\/2022\/12\/dejwBjKz3U.jpg","contentUrl":"https:\/\/www.avanceplasticsurgery.com\/wp-content\/uploads\/2022\/12\/dejwBjKz3U.jpg"},{"@type":"BreadcrumbList","@id":"https:\/\/www.avanceplasticsurgery.com\/es\/procedimientos-cosmeticos-y-de-cirugia\/seno\/reduccion-de-senos\/#breadcrumb","itemListElement":[{"@type":"ListItem","position":1,"name":"Home","item":"https:\/\/www.avanceplasticsurgery.com\/es\/"},{"@type":"ListItem","position":2,"name":"Cosm\u00e9tica","item":"https:\/\/www.avanceplasticsurgery.com\/es\/procedimientos-cosmeticos-y-de-cirugia\/"},{"@type":"ListItem","position":3,"name":"Seno","item":"https:\/\/www.avanceplasticsurgery.com\/es\/procedimientos-cosmeticos-y-de-cirugia\/seno\/"},{"@type":"ListItem","position":4,"name":"Reducci\u00f3n de senos"}]},{"@type":"WebSite","@id":"https:\/\/www.avanceplasticsurgery.com\/es\/#website","url":"https:\/\/www.avanceplasticsurgery.com\/es\/","name":"Avance Plastic Surgery","description":"","potentialAction":[{"@type":"SearchAction","target":{"@type":"EntryPoint","urlTemplate":"https:\/\/www.avanceplasticsurgery.com\/es\/?s={search_term_string}"},"query-input":{"@type":"PropertyValueSpecification","valueRequired":true,"valueName":"search_term_string"}}],"inLanguage":"es"}]}},"_links":{"self":[{"href":"https:\/\/www.avanceplasticsurgery.com\/es\/wp-json\/wp\/v2\/pages\/8880","targetHints":{"allow":["GET"]}}],"collection":[{"href":"https:\/\/www.avanceplasticsurgery.com\/es\/wp-json\/wp\/v2\/pages"}],"about":[{"href":"https:\/\/www.avanceplasticsurgery.com\/es\/wp-json\/wp\/v2\/types\/page"}],"author":[{"embeddable":true,"href":"https:\/\/www.avanceplasticsurgery.com\/es\/wp-json\/wp\/v2\/users\/1"}],"replies":[{"embeddable":true,"href":"https:\/\/www.avanceplasticsurgery.com\/es\/wp-json\/wp\/v2\/comments?post=8880"}],"version-history":[{"count":5,"href":"https:\/\/www.avanceplasticsurgery.com\/es\/wp-json\/wp\/v2\/pages\/8880\/revisions"}],"predecessor-version":[{"id":14369,"href":"https:\/\/www.avanceplasticsurgery.com\/es\/wp-json\/wp\/v2\/pages\/8880\/revisions\/14369"}],"up":[{"embeddable":true,"href":"https:\/\/www.avanceplasticsurgery.com\/es\/wp-json\/wp\/v2\/pages\/8869"}],"wp:attachment":[{"href":"https:\/\/www.avanceplasticsurgery.com\/es\/wp-json\/wp\/v2\/media?parent=8880"}],"curies":[{"name":"wp","href":"https:\/\/api.w.org\/{rel}","templated":true}]}}