{"id":8881,"date":"2020-09-15T22:38:45","date_gmt":"2020-09-15T22:38:45","guid":{"rendered":"https:\/\/www.avanceplasticsurgery.com\/procedimientos-cosmeticos-y-de-cirugia\/seno\/revision-mamaria\/"},"modified":"2023-05-01T19:09:34","modified_gmt":"2023-05-01T19:09:34","slug":"revision-mamaria","status":"publish","type":"page","link":"https:\/\/www.avanceplasticsurgery.com\/es\/procedimientos-cosmeticos-y-de-cirugia\/seno\/revision-mamaria\/","title":{"rendered":"Revisi\u00f3n mamaria"},"content":{"rendered":"<h1>Cirug\u00eda pl\u00e1stica de revisi\u00f3n mamaria<\/h1>\n<p>Para las pacientes que se han sometido <a title=\"Reno NV Cirug\u00eda Est\u00e9tica de Senos\" href=\"https:\/\/www.avanceplasticsurgery.com\/es\/cosmetic-and-surgery-procedures\/breast-cosmetic-surgery\/\">a una cirug\u00eda de mamas<\/a> y no est\u00e1n satisfechas con los resultados, buscar una cirug\u00eda secundaria puede ser desalentador. El Dr. Erez Dayan y el Instituto de Cirug\u00eda Pl\u00e1stica Avance brindan un enfoque compasivo y h\u00e1bil que corrige las deformidades e imperfecciones de los senos en nuestro centro de cirug\u00eda de \u00faltima generaci\u00f3n en Reno\/Tahoe, NV. El objetivo del Dr. Dayan es lograr contornos juveniles y equilibrados que se adapten a su cuerpo y objetivos est\u00e9ticos. La revisi\u00f3n mamaria se puede realizar para revertir complicaciones, extraer o reemplazar implantes mamarios, cambiar el tama\u00f1o de la copa del implante, la posici\u00f3n o para abordar la asimetr\u00eda mamaria.<\/p>\n<div><button class=\"flc-yt lazyload\" data-id=\"K7kZUiqBaVM\" data-title=\"Ideal Breast Measurements For Breast Surgery | Avance Plastic Surgery: Dr. Erez Dayan | Reno, Tahoe\" data-bg=\"https:\/\/i.ytimg.com\/vi\/K7kZUiqBaVM\/hqdefault.jpg\" aria-label=\"Play video Ideal Breast Measurements For Breast Surgery | Avance Plastic Surgery: Dr. Erez Dayan | Reno, Tahoe\">  <div class=\"flc-yt__title\">Ideal Breast Measurements For Breast Surgery | Avance Plastic Surgery: Dr. Erez Dayan | Reno, Tahoe<\/div>  <span class=\"flc-yt__play\">    <svg viewBox=\"0 0 68 48\" xmlns=\"http:\/\/www.w3.org\/2000\/svg\" aria-hidden=\"true\"><path d=\"M66.5 7.8A8.5 8.5 0 0 0 60.6 2C55.3.5 34 .5 34 .5S12.7.5 7.4 2A8.5 8.5 0 0 0 1.5 7.8C0 13.1 0 24 0 24s0 10.9 1.5 16.2A8.5 8.5 0 0 0 7.4 46C12.7 47.5 34 47.5 34 47.5s21.3 0 26.6-1.5a8.5 8.5 0 0 0 5.9-5.8C68 34.9 68 24 68 24s0-10.9-1.5-16.2Z\" fill=\"#f00\"\/><path d=\"M27 34l18-10-18-10v20Z\" fill=\"#fff\"\/><\/svg>  <\/span><\/button><\/div>\n<dl id=\"faq-1\" class=\"flc-faq\"><dt>\u00bfPor qu\u00e9 considerar una revisi\u00f3n mamaria con el Dr. Dayan en Reno\/Tahoe?<\/dt><dd><p>Las t\u00e9cnicas de revisi\u00f3n requieren una gran delicadeza y matices, ya que el m\u00e9dico debe navegar por el trabajo quir\u00fargico previo realizado. El Dr. Dayan es un cirujano pl\u00e1stico capacitado en Harvard con amplia experiencia en revisi\u00f3n mamaria y reconstrucci\u00f3n mamaria compleja. Brinda t\u00e9cnicas de vanguardia m\u00ednimamente invasivas para ayudar a restaurar la confianza en su apariencia y corregir defectos de cirug\u00edas anteriores.<\/p>\r\n<p>Algunas de las razones m\u00e1s comunes para llevar a cabo un procedimiento de revisi\u00f3n mamaria incluyen:<\/p>\r\n<ul>\r\n<li>Cambio de bolsa de implante<\/li>\r\n<li>Correcci\u00f3n de contractura capsular<\/li>\r\n<li>Aumento o disminuci\u00f3n del tama\u00f1o del implante<\/li>\r\n<li>Extracci\u00f3n de un implante (cirug\u00eda de explante)<\/li>\r\n<li>Cambiar de soluci\u00f3n salina a silicona, o viceversa<\/li>\r\n<li>Deformidad mamaria de doble burbuja<\/li>\r\n<li>Malposici\u00f3n<\/li>\r\n<li>Rotura o fuga del implante<\/li>\r\n<li>Asimetr\u00eda del implante<\/li>\r\n<li>Desinflado de implantes<\/li>\r\n<li>Bordes ondulados o visibles del implante<\/li>\r\n<li>Correcci\u00f3n de pliegues mamarios<\/li>\r\n<li>Correcci\u00f3n del complejo areola del pez\u00f3n<\/li>\r\n<li>Mejora de cicatrices anteriores<\/li>\r\n<\/ul><\/dd><dt>\u00bfCu\u00e1les son los beneficios de una cirug\u00eda de revisi\u00f3n mamaria?<\/dt><dd><p>Los beneficios de una cirug\u00eda de revisi\u00f3n mamaria variar\u00e1n de un paciente a otro, ya que todos tendr\u00e1n diferentes puntos de vista y objetivos, pero entre los beneficios m\u00e1s comunes que escuchamos de los pacientes est\u00e1n:<\/p> \r\n<ul>\r\n<li>Un retorno de la confianza en uno mismo\r\n<li>Restauraci\u00f3n de los contornos mamarios est\u00e9ticos juveniles\r\n<li>Una sensaci\u00f3n de finalizaci\u00f3n y cierre en torno a su cirug\u00eda anterior.\r\n<li>Correcci\u00f3n de defectos de implantes.\r\n<li>Un mejor ajuste en trajes de ba\u00f1o y ropa.\r\n<\/ul>\r\n\r\n<p>Las candidatas ideales para la cirug\u00eda de revisi\u00f3n mamaria son las no fumadoras con mente y cuerpo sanos, sin problemas de salud significativos que interfieran con su tratamiento. Es posible que no est\u00e9n satisfechos con sus senos y con los resultados de una cirug\u00eda de realce anterior. Los pacientes pueden estar buscando corregir la apariencia de sus implantes, removerlos o cambiarlos. Los pacientes deben tener expectativas realistas de lo que puede lograr la revisi\u00f3n mamaria, seg\u00fan su consulta privada con el Dr. Dayan.<\/p><\/dd><dt>\u00bfQu\u00e9 puedo esperar de mi recuperaci\u00f3n?<\/dt><dd>El Dr. Dayan utiliza t\u00e9cnicas avanzadas de anestesia local, bloqueos nerviosos y analg\u00e9sicos para controlar y minimizar el dolor y la sensibilidad de todos sus pacientes en el Instituto de Cirug\u00eda Pl\u00e1stica Avance. La hinchaz\u00f3n y los moretones pueden presentarse durante los primeros 7 a 10 d\u00edas a medida que comienza su proceso de curaci\u00f3n. El Dr. Dayan se asegurar\u00e1 de que tenga la hoja de ruta adecuada para navegar su proceso de recuperaci\u00f3n personal. Evite levantar objetos pesados o hacer ejercicio extenuante durante 4 a 6 semanas y no ejerza una presi\u00f3n excesiva sobre el pecho.<\/dd><dt>\u00bfCu\u00e1les son las tarifas involucradas con una revisi\u00f3n de senos?<\/dt><dd>Los honorarios de la cirug\u00eda de revisi\u00f3n mamaria pueden variar ampliamente, ya que cada paciente se enfrenta a un conjunto diferente de circunstancias y tiene diferentes objetivos de mejora. El Dr. Dayan se reunir\u00e1 con usted en privado para una consulta en el Instituto de Cirug\u00eda Pl\u00e1stica Avance en Reno\/Tahoe y desarrollar\u00e1 un plan detallado y cotizar\u00e1 sus servicios en ese momento. Nuestra oficina puede ayudarlo con la documentaci\u00f3n del seguro y solicitar opciones de financiamiento con todos los principales prestamistas de atenci\u00f3n m\u00e9dica para planes de pagos mensuales bajos.<\/dd><dt>\u00bfPor qu\u00e9 debo considerar al Dr. Dayan en Reno\/Tahoe para mi revisi\u00f3n de senos?<\/dt><dd><p>El Dr. Dayan recibi\u00f3 una formaci\u00f3n rigurosa en cirug\u00eda pl\u00e1stica y reconstructiva en el Programa de Cirug\u00eda Pl\u00e1stica de Harvard, de renombre mundial, y trabaj\u00f3 en estrecha colaboraci\u00f3n con las principales autoridades en reconstrucci\u00f3n microvascular compleja y de vanguardia, trasplante de rostro y t\u00e9cnicas est\u00e9ticas para el rostro, el seno y el cuerpo. Luego fue elegido por el prestigioso Instituto de Cirug\u00eda Pl\u00e1stica de Dallas para completar lo que muchos consideran la mejor beca de cirug\u00eda est\u00e9tica a nivel internacional.<\/p>\r\n\r\n<p>El Dr. Dayan ha recibido m\u00faltiples premios por su intr\u00e9pido trabajo, incluido el Premio al Logro Acad\u00e9mico de Cirug\u00eda Pl\u00e1stica de Harvard, una Beca de la Facultad de Medicina de Harvard, el Premio al Logro de la Sociedad Mundial de Microcirug\u00eda Reconstructiva y la Beca de la Fundaci\u00f3n de Investigaci\u00f3n y Educaci\u00f3n en Cirug\u00eda Est\u00e9tica.<\/p>\r\n<\/dd><\/dl>\n<p><a title=\"P\u00f3ngase en contacto con el Instituto de Cirug\u00eda Pl\u00e1stica Avance en Reno NV\" href=\"https:\/\/www.avanceplasticsurgery.com\/es\/contact-us-dr-erez-dayan\/\">Comun\u00edquese hoy con el Instituto de Cirug\u00eda Pl\u00e1stica Avance<\/a> en Reno\/Tahoe para programar su consulta de cirug\u00eda de revisi\u00f3n de senos con el Dr. Erez Dayan.<\/p>\n<h3>Programa de mantenimiento<\/h3>\n<p>El <a href=\"https:\/\/www.avanceplasticsurgery.com\/es\/about-avance-plastic-surgery-institute\/plastic-surgery-maintenance\/\">programa de mantenimiento<\/a> en Avance Plastic Surgery Institute est\u00e1 dise\u00f1ado para ofrecer a los pacientes una forma conveniente de continuar viendo los beneficios de nuestros tratamientos durante el mayor tiempo posible.<\/p>\n<p>Para mantener los resultados de los procedimientos cosm\u00e9ticos mamarios, recomendamos tratamientos no invasivos y m\u00ednimamente invasivos con los siguientes dispositivos:<\/p>\n<ul>\n<li>Forma Body (InMode)<\/li>\n<li>Morfeo 8 (en modo)<\/li>\n<\/ul>\n","protected":false},"excerpt":{"rendered":"<p>Cirug\u00eda pl\u00e1stica de revisi\u00f3n mamaria Para las pacientes que se han sometido a una cirug\u00eda de mamas y no&hellip;<\/p>\n","protected":false},"author":1,"featured_media":0,"parent":8869,"menu_order":0,"comment_status":"closed","ping_status":"closed","template":"","meta":{"_acf_changed":false,"footnotes":""},"class_list":["post-8881","page","type-page","status-publish"],"acf":[],"yoast_head":"<!-- This site is optimized with the Yoast SEO plugin v25.6 - https:\/\/yoast.com\/wordpress\/plugins\/seo\/ -->\n<title>Reno NV Cirujano de Revisi\u00f3n de Senos | Correcci\u00f3n de cirug\u00eda mamaria en Lake Tahoe<\/title>\n<meta name=\"description\" content=\"La cirug\u00eda de revisi\u00f3n de senos del Dr. Erez Dayan en Reno puede corregir una variedad de cuestiones o problemas de cirug\u00edas previas u otras condiciones. Llame hoy al Instituto de Cirug\u00eda Pl\u00e1stica Avance para una consulta para discutir sus opciones quir\u00fargicas.\" \/>\n<meta name=\"robots\" content=\"index, follow, max-snippet:-1, max-image-preview:large, max-video-preview:-1\" \/>\n<link rel=\"canonical\" href=\"https:\/\/www.avanceplasticsurgery.com\/es\/procedimientos-cosmeticos-y-de-cirugia\/seno\/revision-mamaria\/\" \/>\n<meta property=\"og:locale\" content=\"es_ES\" \/>\n<meta property=\"og:type\" content=\"article\" \/>\n<meta property=\"og:title\" content=\"Reno NV Cirujano de Revisi\u00f3n de Senos | Correcci\u00f3n de cirug\u00eda mamaria en Lake Tahoe\" \/>\n<meta property=\"og:description\" content=\"La cirug\u00eda de revisi\u00f3n de senos del Dr. Erez Dayan en Reno puede corregir una variedad de cuestiones o problemas de cirug\u00edas previas u otras condiciones. Llame hoy al Instituto de Cirug\u00eda Pl\u00e1stica Avance para una consulta para discutir sus opciones quir\u00fargicas.\" \/>\n<meta property=\"og:url\" content=\"https:\/\/www.avanceplasticsurgery.com\/es\/procedimientos-cosmeticos-y-de-cirugia\/seno\/revision-mamaria\/\" \/>\n<meta property=\"og:site_name\" content=\"Avance Plastic Surgery\" \/>\n<meta property=\"article:modified_time\" content=\"2023-05-01T19:09:34+00:00\" \/>\n<meta name=\"twitter:card\" content=\"summary_large_image\" \/>\n<meta name=\"twitter:label1\" content=\"Tiempo de lectura\" \/>\n\t<meta name=\"twitter:data1\" content=\"1 minuto\" \/>\n<!-- \/ Yoast SEO plugin. -->","yoast_head_json":{"title":"Reno NV Cirujano de Revisi\u00f3n de Senos | Correcci\u00f3n de cirug\u00eda mamaria en Lake Tahoe","description":"La cirug\u00eda de revisi\u00f3n de senos del Dr. Erez Dayan en Reno puede corregir una variedad de cuestiones o problemas de cirug\u00edas previas u otras condiciones. Llame hoy al Instituto de Cirug\u00eda Pl\u00e1stica Avance para una consulta para discutir sus opciones quir\u00fargicas.","robots":{"index":"index","follow":"follow","max-snippet":"max-snippet:-1","max-image-preview":"max-image-preview:large","max-video-preview":"max-video-preview:-1"},"canonical":"https:\/\/www.avanceplasticsurgery.com\/es\/procedimientos-cosmeticos-y-de-cirugia\/seno\/revision-mamaria\/","og_locale":"es_ES","og_type":"article","og_title":"Reno NV Cirujano de Revisi\u00f3n de Senos | Correcci\u00f3n de cirug\u00eda mamaria en Lake Tahoe","og_description":"La cirug\u00eda de revisi\u00f3n de senos del Dr. Erez Dayan en Reno puede corregir una variedad de cuestiones o problemas de cirug\u00edas previas u otras condiciones. Llame hoy al Instituto de Cirug\u00eda Pl\u00e1stica Avance para una consulta para discutir sus opciones quir\u00fargicas.","og_url":"https:\/\/www.avanceplasticsurgery.com\/es\/procedimientos-cosmeticos-y-de-cirugia\/seno\/revision-mamaria\/","og_site_name":"Avance Plastic Surgery","article_modified_time":"2023-05-01T19:09:34+00:00","twitter_card":"summary_large_image","twitter_misc":{"Tiempo de lectura":"1 minuto"},"schema":{"@context":"https:\/\/schema.org","@graph":[{"@type":"WebPage","@id":"https:\/\/www.avanceplasticsurgery.com\/es\/procedimientos-cosmeticos-y-de-cirugia\/seno\/revision-mamaria\/","url":"https:\/\/www.avanceplasticsurgery.com\/es\/procedimientos-cosmeticos-y-de-cirugia\/seno\/revision-mamaria\/","name":"Reno NV Cirujano de Revisi\u00f3n de Senos | Correcci\u00f3n de cirug\u00eda mamaria en Lake Tahoe","isPartOf":{"@id":"https:\/\/www.avanceplasticsurgery.com\/es\/#website"},"datePublished":"2020-09-15T22:38:45+00:00","dateModified":"2023-05-01T19:09:34+00:00","description":"La cirug\u00eda de revisi\u00f3n de senos del Dr. Erez Dayan en Reno puede corregir una variedad de cuestiones o problemas de cirug\u00edas previas u otras condiciones. Llame hoy al Instituto de Cirug\u00eda Pl\u00e1stica Avance para una consulta para discutir sus opciones quir\u00fargicas.","breadcrumb":{"@id":"https:\/\/www.avanceplasticsurgery.com\/es\/procedimientos-cosmeticos-y-de-cirugia\/seno\/revision-mamaria\/#breadcrumb"},"inLanguage":"es","potentialAction":[{"@type":"ReadAction","target":["https:\/\/www.avanceplasticsurgery.com\/es\/procedimientos-cosmeticos-y-de-cirugia\/seno\/revision-mamaria\/"]}]},{"@type":"BreadcrumbList","@id":"https:\/\/www.avanceplasticsurgery.com\/es\/procedimientos-cosmeticos-y-de-cirugia\/seno\/revision-mamaria\/#breadcrumb","itemListElement":[{"@type":"ListItem","position":1,"name":"Home","item":"https:\/\/www.avanceplasticsurgery.com\/es\/"},{"@type":"ListItem","position":2,"name":"Cosm\u00e9tica","item":"https:\/\/www.avanceplasticsurgery.com\/es\/procedimientos-cosmeticos-y-de-cirugia\/"},{"@type":"ListItem","position":3,"name":"Seno","item":"https:\/\/www.avanceplasticsurgery.com\/es\/procedimientos-cosmeticos-y-de-cirugia\/seno\/"},{"@type":"ListItem","position":4,"name":"Revisi\u00f3n mamaria"}]},{"@type":"WebSite","@id":"https:\/\/www.avanceplasticsurgery.com\/es\/#website","url":"https:\/\/www.avanceplasticsurgery.com\/es\/","name":"Avance Plastic Surgery","description":"","potentialAction":[{"@type":"SearchAction","target":{"@type":"EntryPoint","urlTemplate":"https:\/\/www.avanceplasticsurgery.com\/es\/?s={search_term_string}"},"query-input":{"@type":"PropertyValueSpecification","valueRequired":true,"valueName":"search_term_string"}}],"inLanguage":"es"}]}},"_links":{"self":[{"href":"https:\/\/www.avanceplasticsurgery.com\/es\/wp-json\/wp\/v2\/pages\/8881","targetHints":{"allow":["GET"]}}],"collection":[{"href":"https:\/\/www.avanceplasticsurgery.com\/es\/wp-json\/wp\/v2\/pages"}],"about":[{"href":"https:\/\/www.avanceplasticsurgery.com\/es\/wp-json\/wp\/v2\/types\/page"}],"author":[{"embeddable":true,"href":"https:\/\/www.avanceplasticsurgery.com\/es\/wp-json\/wp\/v2\/users\/1"}],"replies":[{"embeddable":true,"href":"https:\/\/www.avanceplasticsurgery.com\/es\/wp-json\/wp\/v2\/comments?post=8881"}],"version-history":[{"count":3,"href":"https:\/\/www.avanceplasticsurgery.com\/es\/wp-json\/wp\/v2\/pages\/8881\/revisions"}],"predecessor-version":[{"id":10425,"href":"https:\/\/www.avanceplasticsurgery.com\/es\/wp-json\/wp\/v2\/pages\/8881\/revisions\/10425"}],"up":[{"embeddable":true,"href":"https:\/\/www.avanceplasticsurgery.com\/es\/wp-json\/wp\/v2\/pages\/8869"}],"wp:attachment":[{"href":"https:\/\/www.avanceplasticsurgery.com\/es\/wp-json\/wp\/v2\/media?parent=8881"}],"curies":[{"name":"wp","href":"https:\/\/api.w.org\/{rel}","templated":true}]}}