{"id":8883,"date":"2020-09-15T22:40:16","date_gmt":"2020-09-15T22:40:16","guid":{"rendered":"https:\/\/www.avanceplasticsurgery.com\/procedimientos-cosmeticos-y-de-cirugia\/seno\/contractura-capsular\/"},"modified":"2023-05-01T19:10:20","modified_gmt":"2023-05-01T19:10:20","slug":"contractura-capsular","status":"publish","type":"page","link":"https:\/\/www.avanceplasticsurgery.com\/es\/procedimientos-cosmeticos-y-de-cirugia\/seno\/contractura-capsular\/","title":{"rendered":"Contractura capsular"},"content":{"rendered":"<h1>Contractura capsular despu\u00e9s del tratamiento de implantes mamarios<\/h1>\n<p>Si bien las complicaciones despu\u00e9s <a title=\"Reno NV Cirug\u00eda Est\u00e9tica de Senos\" href=\"https:\/\/www.avanceplasticsurgery.com\/es\/cosmetic-and-surgery-procedures\/breast-cosmetic-surgery\/\">de la cirug\u00eda de implante mamario<\/a> no son comunes, ocurren. Una de esas condiciones se conoce como contractura capsular. Despu\u00e9s de la cirug\u00eda de implante mamario, su cuerpo forma una c\u00e1psula de tejido cicatricial alrededor del implante. Esta es la reacci\u00f3n normal de su cuerpo a la introducci\u00f3n de un cuerpo extra\u00f1o en el cuerpo y es parte del proceso de curaci\u00f3n.<\/p>\n<p>La contractura capsular es cuando este tejido cicatricial se vuelve inusualmente duro y comienza a contraerse alrededor del implante. Esto puede causar dolor en algunos casos, as\u00ed como afectar la apariencia de su seno e implante. La mayor\u00eda de los casos de contractura capsular ocurren dentro de los dos a\u00f1os posteriores a la recepci\u00f3n de los implantes, y hay algunos indicios de que la gen\u00e9tica est\u00e1 involucrada.<\/p>\n<p>El Dr. Erez Dayan proporciona contractura capsular despu\u00e9s del tratamiento con implantes mamarios en el Instituto de Cirug\u00eda Pl\u00e1stica Avance en Reno\/Tahoe, NV. Como un reconocido experto en cirug\u00eda est\u00e9tica y reconstructiva de senos, el Dr. Dayan puede tratar esta condici\u00f3n y devolver sus senos a su estado placentero y sin dolor. Llame a la oficina de Avance Plastic Surgery Institute para una consulta hoy.<\/p>\n<div><button class=\"flc-yt lazyload\" data-id=\"K7kZUiqBaVM\" data-title=\"Ideal Breast Measurements For Breast Surgery | Avance Plastic Surgery: Dr. Erez Dayan | Reno, Tahoe\" data-bg=\"https:\/\/i.ytimg.com\/vi\/K7kZUiqBaVM\/hqdefault.jpg\" aria-label=\"Play video Ideal Breast Measurements For Breast Surgery | Avance Plastic Surgery: Dr. Erez Dayan | Reno, Tahoe\">  <div class=\"flc-yt__title\">Ideal Breast Measurements For Breast Surgery | Avance Plastic Surgery: Dr. Erez Dayan | Reno, Tahoe<\/div>  <span class=\"flc-yt__play\">    <svg viewBox=\"0 0 68 48\" xmlns=\"http:\/\/www.w3.org\/2000\/svg\" aria-hidden=\"true\"><path d=\"M66.5 7.8A8.5 8.5 0 0 0 60.6 2C55.3.5 34 .5 34 .5S12.7.5 7.4 2A8.5 8.5 0 0 0 1.5 7.8C0 13.1 0 24 0 24s0 10.9 1.5 16.2A8.5 8.5 0 0 0 7.4 46C12.7 47.5 34 47.5 34 47.5s21.3 0 26.6-1.5a8.5 8.5 0 0 0 5.9-5.8C68 34.9 68 24 68 24s0-10.9-1.5-16.2Z\" fill=\"#f00\"\/><path d=\"M27 34l18-10-18-10v20Z\" fill=\"#fff\"\/><\/svg>  <\/span><\/button><\/div>\n<h2>Tratamiento de problemas despu\u00e9s de la cirug\u00eda de implante mamario en Reno\/Tahoe<\/h2>\n<p>El Dr. Dayan tiene varias opciones para ayudar con la contractura capsular despu\u00e9s del tratamiento con implantes mamarios. Un m\u00e9todo es una capsulectom\u00eda. Esto es simplemente eliminar el tejido cicatricial que se ha formado alrededor de su implante mamario. Otro m\u00e9todo es una capsulotom\u00eda, donde la c\u00e1psula de tejido se abre alrededor del implante para proporcionar m\u00e1s espacio para que el implante se mueva. Un tercer tratamiento es la reconstrucci\u00f3n aut\u00f3loga, que consiste en retirar el implante y reconstruir la mama con tejido de otra zona del cuerpo.<\/p>\n<p>Cuando se re\u00fana con el Dr. Dayan para una consulta en el Instituto de Cirug\u00eda Pl\u00e1stica Avance, \u00e9l realizar\u00e1 un examen f\u00edsico y posibles radiograf\u00edas, as\u00ed como tambi\u00e9n revisar\u00e1 su condici\u00f3n m\u00e9dica. Tambi\u00e9n le explicar\u00e1 m\u00e1s sobre cada procedimiento correctivo y le recomendar\u00e1 el mejor tratamiento para su caso espec\u00edfico. Siempre recibir\u00e1 un plan de tratamiento personalizado que se adapte a sus deseos y objetivos.<\/p>\n<p><a title=\"P\u00f3ngase en contacto con el Instituto de Cirug\u00eda Pl\u00e1stica Avance en Reno NV\" href=\"https:\/\/www.avanceplasticsurgery.com\/es\/contact-us-dr-erez-dayan\/\">Comun\u00edquese con nuestra oficina de Reno\/Tahoe, NV, en Avance Plastic Surgery Institute<\/a> si sospecha que sufre de contractura capsular despu\u00e9s de una cirug\u00eda de implante mamario.<\/p>\n<h3>Programa de mantenimiento<\/h3>\n<p>El <a href=\"https:\/\/www.avanceplasticsurgery.com\/es\/about-avance-plastic-surgery-institute\/plastic-surgery-maintenance\/\">programa de mantenimiento<\/a> en Avance Plastic Surgery Institute est\u00e1 dise\u00f1ado para ofrecer a los pacientes una forma conveniente de continuar viendo los beneficios de nuestros tratamientos durante el mayor tiempo posible.<\/p>\n<p>Para mantener los resultados de los procedimientos cosm\u00e9ticos mamarios, recomendamos tratamientos no invasivos y m\u00ednimamente invasivos con los siguientes dispositivos:<\/p>\n<ul>\n<li>Forma Body (InMode)<\/li>\n<li>Morfeo 8 (en modo)<\/li>\n<\/ul>\n","protected":false},"excerpt":{"rendered":"<p>Contractura capsular despu\u00e9s del tratamiento de implantes mamarios Si bien las complicaciones despu\u00e9s de la cirug\u00eda de implante mamario&hellip;<\/p>\n","protected":false},"author":1,"featured_media":0,"parent":8869,"menu_order":0,"comment_status":"closed","ping_status":"closed","template":"","meta":{"_acf_changed":false,"footnotes":""},"class_list":["post-8883","page","type-page","status-publish"],"acf":[],"yoast_head":"<!-- This site is optimized with the Yoast SEO plugin v25.6 - https:\/\/yoast.com\/wordpress\/plugins\/seo\/ -->\n<title>Contractura capsular de Reno NV despu\u00e9s del tratamiento con implantes mamarios, s\u00edntomas y signos<\/title>\n<meta name=\"description\" content=\"La contractura capsular puede ocurrir despu\u00e9s de la cirug\u00eda de implante cuando la c\u00e1psula cicatricial que rodea el implante se contrae con fuerza y causa dolor o cambios notables en el seno. El Dr. Dayan del Avance Plastic Surgery Institute en Reno ofrece tratamiento quir\u00fargico.\" \/>\n<meta name=\"robots\" content=\"index, follow, max-snippet:-1, max-image-preview:large, max-video-preview:-1\" \/>\n<link rel=\"canonical\" href=\"https:\/\/www.avanceplasticsurgery.com\/es\/procedimientos-cosmeticos-y-de-cirugia\/seno\/contractura-capsular\/\" \/>\n<meta property=\"og:locale\" content=\"es_ES\" \/>\n<meta property=\"og:type\" content=\"article\" \/>\n<meta property=\"og:title\" content=\"Contractura capsular de Reno NV despu\u00e9s del tratamiento con implantes mamarios, s\u00edntomas y signos\" \/>\n<meta property=\"og:description\" content=\"La contractura capsular puede ocurrir despu\u00e9s de la cirug\u00eda de implante cuando la c\u00e1psula cicatricial que rodea el implante se contrae con fuerza y causa dolor o cambios notables en el seno. El Dr. Dayan del Avance Plastic Surgery Institute en Reno ofrece tratamiento quir\u00fargico.\" \/>\n<meta property=\"og:url\" content=\"https:\/\/www.avanceplasticsurgery.com\/es\/procedimientos-cosmeticos-y-de-cirugia\/seno\/contractura-capsular\/\" \/>\n<meta property=\"og:site_name\" content=\"Avance Plastic Surgery\" \/>\n<meta property=\"article:modified_time\" content=\"2023-05-01T19:10:20+00:00\" \/>\n<meta name=\"twitter:card\" content=\"summary_large_image\" \/>\n<meta name=\"twitter:label1\" content=\"Tiempo de lectura\" \/>\n\t<meta name=\"twitter:data1\" content=\"3 minutos\" \/>\n<!-- \/ Yoast SEO plugin. -->","yoast_head_json":{"title":"Contractura capsular de Reno NV despu\u00e9s del tratamiento con implantes mamarios, s\u00edntomas y signos","description":"La contractura capsular puede ocurrir despu\u00e9s de la cirug\u00eda de implante cuando la c\u00e1psula cicatricial que rodea el implante se contrae con fuerza y causa dolor o cambios notables en el seno. El Dr. Dayan del Avance Plastic Surgery Institute en Reno ofrece tratamiento quir\u00fargico.","robots":{"index":"index","follow":"follow","max-snippet":"max-snippet:-1","max-image-preview":"max-image-preview:large","max-video-preview":"max-video-preview:-1"},"canonical":"https:\/\/www.avanceplasticsurgery.com\/es\/procedimientos-cosmeticos-y-de-cirugia\/seno\/contractura-capsular\/","og_locale":"es_ES","og_type":"article","og_title":"Contractura capsular de Reno NV despu\u00e9s del tratamiento con implantes mamarios, s\u00edntomas y signos","og_description":"La contractura capsular puede ocurrir despu\u00e9s de la cirug\u00eda de implante cuando la c\u00e1psula cicatricial que rodea el implante se contrae con fuerza y causa dolor o cambios notables en el seno. El Dr. Dayan del Avance Plastic Surgery Institute en Reno ofrece tratamiento quir\u00fargico.","og_url":"https:\/\/www.avanceplasticsurgery.com\/es\/procedimientos-cosmeticos-y-de-cirugia\/seno\/contractura-capsular\/","og_site_name":"Avance Plastic Surgery","article_modified_time":"2023-05-01T19:10:20+00:00","twitter_card":"summary_large_image","twitter_misc":{"Tiempo de lectura":"3 minutos"},"schema":{"@context":"https:\/\/schema.org","@graph":[{"@type":"WebPage","@id":"https:\/\/www.avanceplasticsurgery.com\/es\/procedimientos-cosmeticos-y-de-cirugia\/seno\/contractura-capsular\/","url":"https:\/\/www.avanceplasticsurgery.com\/es\/procedimientos-cosmeticos-y-de-cirugia\/seno\/contractura-capsular\/","name":"Contractura capsular de Reno NV despu\u00e9s del tratamiento con implantes mamarios, s\u00edntomas y signos","isPartOf":{"@id":"https:\/\/www.avanceplasticsurgery.com\/es\/#website"},"datePublished":"2020-09-15T22:40:16+00:00","dateModified":"2023-05-01T19:10:20+00:00","description":"La contractura capsular puede ocurrir despu\u00e9s de la cirug\u00eda de implante cuando la c\u00e1psula cicatricial que rodea el implante se contrae con fuerza y causa dolor o cambios notables en el seno. El Dr. Dayan del Avance Plastic Surgery Institute en Reno ofrece tratamiento quir\u00fargico.","breadcrumb":{"@id":"https:\/\/www.avanceplasticsurgery.com\/es\/procedimientos-cosmeticos-y-de-cirugia\/seno\/contractura-capsular\/#breadcrumb"},"inLanguage":"es","potentialAction":[{"@type":"ReadAction","target":["https:\/\/www.avanceplasticsurgery.com\/es\/procedimientos-cosmeticos-y-de-cirugia\/seno\/contractura-capsular\/"]}]},{"@type":"BreadcrumbList","@id":"https:\/\/www.avanceplasticsurgery.com\/es\/procedimientos-cosmeticos-y-de-cirugia\/seno\/contractura-capsular\/#breadcrumb","itemListElement":[{"@type":"ListItem","position":1,"name":"Home","item":"https:\/\/www.avanceplasticsurgery.com\/es\/"},{"@type":"ListItem","position":2,"name":"Cosm\u00e9tica","item":"https:\/\/www.avanceplasticsurgery.com\/es\/procedimientos-cosmeticos-y-de-cirugia\/"},{"@type":"ListItem","position":3,"name":"Seno","item":"https:\/\/www.avanceplasticsurgery.com\/es\/procedimientos-cosmeticos-y-de-cirugia\/seno\/"},{"@type":"ListItem","position":4,"name":"Contractura capsular"}]},{"@type":"WebSite","@id":"https:\/\/www.avanceplasticsurgery.com\/es\/#website","url":"https:\/\/www.avanceplasticsurgery.com\/es\/","name":"Avance Plastic Surgery","description":"","potentialAction":[{"@type":"SearchAction","target":{"@type":"EntryPoint","urlTemplate":"https:\/\/www.avanceplasticsurgery.com\/es\/?s={search_term_string}"},"query-input":{"@type":"PropertyValueSpecification","valueRequired":true,"valueName":"search_term_string"}}],"inLanguage":"es"}]}},"_links":{"self":[{"href":"https:\/\/www.avanceplasticsurgery.com\/es\/wp-json\/wp\/v2\/pages\/8883","targetHints":{"allow":["GET"]}}],"collection":[{"href":"https:\/\/www.avanceplasticsurgery.com\/es\/wp-json\/wp\/v2\/pages"}],"about":[{"href":"https:\/\/www.avanceplasticsurgery.com\/es\/wp-json\/wp\/v2\/types\/page"}],"author":[{"embeddable":true,"href":"https:\/\/www.avanceplasticsurgery.com\/es\/wp-json\/wp\/v2\/users\/1"}],"replies":[{"embeddable":true,"href":"https:\/\/www.avanceplasticsurgery.com\/es\/wp-json\/wp\/v2\/comments?post=8883"}],"version-history":[{"count":2,"href":"https:\/\/www.avanceplasticsurgery.com\/es\/wp-json\/wp\/v2\/pages\/8883\/revisions"}],"predecessor-version":[{"id":10426,"href":"https:\/\/www.avanceplasticsurgery.com\/es\/wp-json\/wp\/v2\/pages\/8883\/revisions\/10426"}],"up":[{"embeddable":true,"href":"https:\/\/www.avanceplasticsurgery.com\/es\/wp-json\/wp\/v2\/pages\/8869"}],"wp:attachment":[{"href":"https:\/\/www.avanceplasticsurgery.com\/es\/wp-json\/wp\/v2\/media?parent=8883"}],"curies":[{"name":"wp","href":"https:\/\/api.w.org\/{rel}","templated":true}]}}