{"id":8884,"date":"2020-09-15T22:45:14","date_gmt":"2020-09-15T22:45:14","guid":{"rendered":"https:\/\/www.avanceplasticsurgery.com\/procedimientos-cosmeticos-y-de-cirugia\/seno\/reduccion-de-pezones\/"},"modified":"2023-05-01T19:11:49","modified_gmt":"2023-05-01T19:11:49","slug":"reduccion-de-pezones","status":"publish","type":"page","link":"https:\/\/www.avanceplasticsurgery.com\/es\/procedimientos-cosmeticos-y-de-cirugia\/seno\/reduccion-de-pezones\/","title":{"rendered":"Reducci\u00f3n de pezones"},"content":{"rendered":"<h1>Cirug\u00eda de reducci\u00f3n de pezones<\/h1>\n<p>La belleza est\u00e1 verdaderamente en el ojo del espectador, y eso es especialmente cierto para los senos de una mujer. Lo que puede parecer atractivo para algunos puede parecer anormal o vergonzoso para otros. Este es ciertamente el caso con el \u00e1rea del pez\u00f3n\/areola de los senos. Los pezones o areolas que parecen demasiado grandes o deformes pueden verse con verg\u00fcenza o verg\u00fcenza. Tambi\u00e9n pueden causar otros problemas, como hacer que la ropa interior sea inc\u00f3moda o mostrarse a trav\u00e9s de muchos tipos de ropa.<\/p>\n<p>La cirug\u00eda de reducci\u00f3n de pezones es un <a title=\"Reno NV Cirug\u00eda Est\u00e9tica de Senos\" href=\"https:\/\/www.avanceplasticsurgery.com\/es\/cosmetic-and-surgery-procedures\/breast-cosmetic-surgery\/\">procedimiento quir\u00fargico cosm\u00e9tico de senos<\/a> ofrecido por el Dr. Erez Dayan y su equipo superior de est\u00e9tica en Avance Plastic Surgery Institute. Ubicado en Reno\/Tahoe, Nevada, el Instituto es un centro quir\u00fargico de vanguardia que contiene la \u00faltima tecnolog\u00eda y alberga numerosos proyectos de investigaci\u00f3n e investigaci\u00f3n para las principales compa\u00f1\u00edas de est\u00e9tica de todo Estados Unidos.<\/p>\n<p>El Dr. Dayan es un cirujano pl\u00e1stico cosm\u00e9tico y reconstructivo calificado que ha recibido una amplia capacitaci\u00f3n y certificaciones para todo tipo de cirug\u00edas pl\u00e1sticas, incluidas las reparaciones y aumentos de senos. Ofrecemos consultas virtuales y servicios de recuperaci\u00f3n de conserjer\u00eda para pacientes fuera de la ciudad que viajan para obtener los exquisitos servicios del Dr. Dayan.<\/p>\n<div><button class=\"flc-yt lazyload\" data-id=\"K7kZUiqBaVM\" data-title=\"Ideal Breast Measurements For Breast Surgery | Avance Plastic Surgery: Dr. Erez Dayan | Reno, Tahoe\" data-bg=\"https:\/\/i.ytimg.com\/vi\/K7kZUiqBaVM\/hqdefault.jpg\" aria-label=\"Play video Ideal Breast Measurements For Breast Surgery | Avance Plastic Surgery: Dr. Erez Dayan | Reno, Tahoe\">  <div class=\"flc-yt__title\">Ideal Breast Measurements For Breast Surgery | Avance Plastic Surgery: Dr. Erez Dayan | Reno, Tahoe<\/div>  <span class=\"flc-yt__play\">    <svg viewBox=\"0 0 68 48\" xmlns=\"http:\/\/www.w3.org\/2000\/svg\" aria-hidden=\"true\"><path d=\"M66.5 7.8A8.5 8.5 0 0 0 60.6 2C55.3.5 34 .5 34 .5S12.7.5 7.4 2A8.5 8.5 0 0 0 1.5 7.8C0 13.1 0 24 0 24s0 10.9 1.5 16.2A8.5 8.5 0 0 0 7.4 46C12.7 47.5 34 47.5 34 47.5s21.3 0 26.6-1.5a8.5 8.5 0 0 0 5.9-5.8C68 34.9 68 24 68 24s0-10.9-1.5-16.2Z\" fill=\"#f00\"\/><path d=\"M27 34l18-10-18-10v20Z\" fill=\"#fff\"\/><\/svg>  <\/span><\/button><\/div>\n<h2>Reducci\u00f3n Cosm\u00e9tica de Areola en Nevada<\/h2>\n<p>Cuando busque una reducci\u00f3n cosm\u00e9tica de areola en Nevada del Dr. Dayan, el procedimiento se adaptar\u00e1 a sus necesidades y deseos precisos. Cada mujer es diferente, cada seno es diferente y cada cirug\u00eda es \u00fanica. El Dr. Dayan extraer\u00e1 el tejido necesario y utilizar\u00e1 otras t\u00e9cnicas para remodelar, reformar o ajustar la ubicaci\u00f3n de sus pezones para brindar la mejor apariencia posible.<\/p>\n<p>Se pueden usar diferentes incisiones para ocultar las cicatrices quir\u00fargicas, as\u00ed como algunos tratamientos posteriores recomendados para ayudar a desvanecer cualquier signo visible de la cirug\u00eda. El Dr. Dayan puede explicarle los detalles de sus recomendaciones durante una consulta quir\u00fargica confidencial en su consultorio de Reno\/Tahoe. \u00c9l tiene sus mejores intereses en mente para ayudarlo a tener m\u00e1s confianza en su apariencia f\u00edsica para vivir la mejor vida posible.<\/p>\n<p><a title=\"P\u00f3ngase en contacto con el Instituto de Cirug\u00eda Pl\u00e1stica Avance en Reno NV\" href=\"https:\/\/www.avanceplasticsurgery.com\/es\/contact-us-dr-erez-dayan\/\">Comun\u00edquese con el Instituto de Cirug\u00eda Pl\u00e1stica Avance en l\u00ednea<\/a> o ll\u00e1menos al (775) 800-4444 para programar una consulta de cirug\u00eda de reducci\u00f3n de pez\u00f3n con el Dr. Erez Dayan hoy.<\/p>\n<h3>Programa de mantenimiento<\/h3>\n<p>El <a href=\"https:\/\/www.avanceplasticsurgery.com\/es\/about-avance-plastic-surgery-institute\/plastic-surgery-maintenance\/\">programa de mantenimiento<\/a> en Avance Plastic Surgery Institute est\u00e1 dise\u00f1ado para ofrecer a los pacientes una forma conveniente de continuar viendo los beneficios de nuestros tratamientos durante el mayor tiempo posible.<\/p>\n<p>Para mantener los resultados de los procedimientos cosm\u00e9ticos mamarios, recomendamos tratamientos no invasivos y m\u00ednimamente invasivos con los siguientes dispositivos:<\/p>\n<ul>\n<li>Forma Body (InMode)<\/li>\n<li>Morfeo 8 (en modo)<\/li>\n<\/ul>\n","protected":false},"excerpt":{"rendered":"<p>Cirug\u00eda de reducci\u00f3n de pezones La belleza est\u00e1 verdaderamente en el ojo del espectador, y eso es especialmente cierto&hellip;<\/p>\n","protected":false},"author":1,"featured_media":0,"parent":8869,"menu_order":0,"comment_status":"closed","ping_status":"closed","template":"","meta":{"_acf_changed":false,"footnotes":""},"class_list":["post-8884","page","type-page","status-publish"],"acf":[],"yoast_head":"<!-- This site is optimized with the Yoast SEO plugin v25.6 - https:\/\/yoast.com\/wordpress\/plugins\/seo\/ -->\n<title>Reno NV Cirug\u00eda de reducci\u00f3n de pezones | Cirujano de reducci\u00f3n de areola de Lake Tahoe<\/title>\n<meta name=\"description\" content=\"La cirug\u00eda de reducci\u00f3n de pezones est\u00e1 disponible para corregir deformidades percibidas o reales que le causan verg\u00fcenza o verg\u00fcenza. Llame al Instituto de Cirug\u00eda Pl\u00e1stica Avance en Reno para una consulta quir\u00fargica con el Dr. Erez Dayan.\" \/>\n<meta name=\"robots\" content=\"index, follow, max-snippet:-1, max-image-preview:large, max-video-preview:-1\" \/>\n<link rel=\"canonical\" href=\"https:\/\/www.avanceplasticsurgery.com\/es\/procedimientos-cosmeticos-y-de-cirugia\/seno\/reduccion-de-pezones\/\" \/>\n<meta property=\"og:locale\" content=\"es_ES\" \/>\n<meta property=\"og:type\" content=\"article\" \/>\n<meta property=\"og:title\" content=\"Reno NV Cirug\u00eda de reducci\u00f3n de pezones | Cirujano de reducci\u00f3n de areola de Lake Tahoe\" \/>\n<meta property=\"og:description\" content=\"La cirug\u00eda de reducci\u00f3n de pezones est\u00e1 disponible para corregir deformidades percibidas o reales que le causan verg\u00fcenza o verg\u00fcenza. Llame al Instituto de Cirug\u00eda Pl\u00e1stica Avance en Reno para una consulta quir\u00fargica con el Dr. Erez Dayan.\" \/>\n<meta property=\"og:url\" content=\"https:\/\/www.avanceplasticsurgery.com\/es\/procedimientos-cosmeticos-y-de-cirugia\/seno\/reduccion-de-pezones\/\" \/>\n<meta property=\"og:site_name\" content=\"Avance Plastic Surgery\" \/>\n<meta property=\"article:modified_time\" content=\"2023-05-01T19:11:49+00:00\" \/>\n<meta name=\"twitter:card\" content=\"summary_large_image\" \/>\n<meta name=\"twitter:label1\" content=\"Tiempo de lectura\" \/>\n\t<meta name=\"twitter:data1\" content=\"2 minutos\" \/>\n<!-- \/ Yoast SEO plugin. -->","yoast_head_json":{"title":"Reno NV Cirug\u00eda de reducci\u00f3n de pezones | Cirujano de reducci\u00f3n de areola de Lake Tahoe","description":"La cirug\u00eda de reducci\u00f3n de pezones est\u00e1 disponible para corregir deformidades percibidas o reales que le causan verg\u00fcenza o verg\u00fcenza. Llame al Instituto de Cirug\u00eda Pl\u00e1stica Avance en Reno para una consulta quir\u00fargica con el Dr. Erez Dayan.","robots":{"index":"index","follow":"follow","max-snippet":"max-snippet:-1","max-image-preview":"max-image-preview:large","max-video-preview":"max-video-preview:-1"},"canonical":"https:\/\/www.avanceplasticsurgery.com\/es\/procedimientos-cosmeticos-y-de-cirugia\/seno\/reduccion-de-pezones\/","og_locale":"es_ES","og_type":"article","og_title":"Reno NV Cirug\u00eda de reducci\u00f3n de pezones | Cirujano de reducci\u00f3n de areola de Lake Tahoe","og_description":"La cirug\u00eda de reducci\u00f3n de pezones est\u00e1 disponible para corregir deformidades percibidas o reales que le causan verg\u00fcenza o verg\u00fcenza. Llame al Instituto de Cirug\u00eda Pl\u00e1stica Avance en Reno para una consulta quir\u00fargica con el Dr. Erez Dayan.","og_url":"https:\/\/www.avanceplasticsurgery.com\/es\/procedimientos-cosmeticos-y-de-cirugia\/seno\/reduccion-de-pezones\/","og_site_name":"Avance Plastic Surgery","article_modified_time":"2023-05-01T19:11:49+00:00","twitter_card":"summary_large_image","twitter_misc":{"Tiempo de lectura":"2 minutos"},"schema":{"@context":"https:\/\/schema.org","@graph":[{"@type":"WebPage","@id":"https:\/\/www.avanceplasticsurgery.com\/es\/procedimientos-cosmeticos-y-de-cirugia\/seno\/reduccion-de-pezones\/","url":"https:\/\/www.avanceplasticsurgery.com\/es\/procedimientos-cosmeticos-y-de-cirugia\/seno\/reduccion-de-pezones\/","name":"Reno NV Cirug\u00eda de reducci\u00f3n de pezones | Cirujano de reducci\u00f3n de areola de Lake Tahoe","isPartOf":{"@id":"https:\/\/www.avanceplasticsurgery.com\/es\/#website"},"datePublished":"2020-09-15T22:45:14+00:00","dateModified":"2023-05-01T19:11:49+00:00","description":"La cirug\u00eda de reducci\u00f3n de pezones est\u00e1 disponible para corregir deformidades percibidas o reales que le causan verg\u00fcenza o verg\u00fcenza. Llame al Instituto de Cirug\u00eda Pl\u00e1stica Avance en Reno para una consulta quir\u00fargica con el Dr. Erez Dayan.","breadcrumb":{"@id":"https:\/\/www.avanceplasticsurgery.com\/es\/procedimientos-cosmeticos-y-de-cirugia\/seno\/reduccion-de-pezones\/#breadcrumb"},"inLanguage":"es","potentialAction":[{"@type":"ReadAction","target":["https:\/\/www.avanceplasticsurgery.com\/es\/procedimientos-cosmeticos-y-de-cirugia\/seno\/reduccion-de-pezones\/"]}]},{"@type":"BreadcrumbList","@id":"https:\/\/www.avanceplasticsurgery.com\/es\/procedimientos-cosmeticos-y-de-cirugia\/seno\/reduccion-de-pezones\/#breadcrumb","itemListElement":[{"@type":"ListItem","position":1,"name":"Home","item":"https:\/\/www.avanceplasticsurgery.com\/es\/"},{"@type":"ListItem","position":2,"name":"Cosm\u00e9tica","item":"https:\/\/www.avanceplasticsurgery.com\/es\/procedimientos-cosmeticos-y-de-cirugia\/"},{"@type":"ListItem","position":3,"name":"Seno","item":"https:\/\/www.avanceplasticsurgery.com\/es\/procedimientos-cosmeticos-y-de-cirugia\/seno\/"},{"@type":"ListItem","position":4,"name":"Reducci\u00f3n de pezones"}]},{"@type":"WebSite","@id":"https:\/\/www.avanceplasticsurgery.com\/es\/#website","url":"https:\/\/www.avanceplasticsurgery.com\/es\/","name":"Avance Plastic Surgery","description":"","potentialAction":[{"@type":"SearchAction","target":{"@type":"EntryPoint","urlTemplate":"https:\/\/www.avanceplasticsurgery.com\/es\/?s={search_term_string}"},"query-input":{"@type":"PropertyValueSpecification","valueRequired":true,"valueName":"search_term_string"}}],"inLanguage":"es"}]}},"_links":{"self":[{"href":"https:\/\/www.avanceplasticsurgery.com\/es\/wp-json\/wp\/v2\/pages\/8884","targetHints":{"allow":["GET"]}}],"collection":[{"href":"https:\/\/www.avanceplasticsurgery.com\/es\/wp-json\/wp\/v2\/pages"}],"about":[{"href":"https:\/\/www.avanceplasticsurgery.com\/es\/wp-json\/wp\/v2\/types\/page"}],"author":[{"embeddable":true,"href":"https:\/\/www.avanceplasticsurgery.com\/es\/wp-json\/wp\/v2\/users\/1"}],"replies":[{"embeddable":true,"href":"https:\/\/www.avanceplasticsurgery.com\/es\/wp-json\/wp\/v2\/comments?post=8884"}],"version-history":[{"count":2,"href":"https:\/\/www.avanceplasticsurgery.com\/es\/wp-json\/wp\/v2\/pages\/8884\/revisions"}],"predecessor-version":[{"id":10427,"href":"https:\/\/www.avanceplasticsurgery.com\/es\/wp-json\/wp\/v2\/pages\/8884\/revisions\/10427"}],"up":[{"embeddable":true,"href":"https:\/\/www.avanceplasticsurgery.com\/es\/wp-json\/wp\/v2\/pages\/8869"}],"wp:attachment":[{"href":"https:\/\/www.avanceplasticsurgery.com\/es\/wp-json\/wp\/v2\/media?parent=8884"}],"curies":[{"name":"wp","href":"https:\/\/api.w.org\/{rel}","templated":true}]}}