{"id":8886,"date":"2020-09-15T22:46:56","date_gmt":"2020-09-15T22:46:56","guid":{"rendered":"https:\/\/www.avanceplasticsurgery.com\/procedimientos-cosmeticos-y-de-cirugia\/seno\/deformidad-mamaria-tubular\/"},"modified":"2023-05-01T19:11:58","modified_gmt":"2023-05-01T19:11:58","slug":"deformidad-mamaria-tubular","status":"publish","type":"page","link":"https:\/\/www.avanceplasticsurgery.com\/es\/procedimientos-cosmeticos-y-de-cirugia\/seno\/deformidad-mamaria-tubular\/","title":{"rendered":"Deformidad mamaria tubular"},"content":{"rendered":"<h1>Cirug\u00eda de correcci\u00f3n de deformidad mamaria tubular<\/h1>\n<p>La deformidad tubular del seno, tambi\u00e9n llamada seno constre\u00f1ido, puede desarrollarse debido a una condici\u00f3n cong\u00e9nita en la que el bot\u00f3n del seno no se desarrolla normalmente durante la pubertad. Aunque no es un riesgo para la salud, la deformidad mamaria tubular puede plantear problemas est\u00e9ticos. Algunas mujeres han reportado dificultades para amamantar debido a esta condici\u00f3n. El Dr. Erez Dayan ofrece cirug\u00eda de correcci\u00f3n de deformidad mamaria tubular en el Instituto de Cirug\u00eda Pl\u00e1stica Avance en Reno\/Tahoe.<\/p>\n<p>La deformidad tubular de la mama se clasifica en cuatro clases de gravedad, pero, con mucho, la queja m\u00e1s com\u00fan se refiere a la apariencia. Las mujeres con deformidad mamaria tubular suelen ser extremadamente t\u00edmidas y les resulta dif\u00edcil usar ropa reveladora, trajes de ba\u00f1o o encontrar ropa interior que les quede adecuada y c\u00f3moda. El Dr. Dayan simpatiza completamente con las mujeres que padecen esta afecci\u00f3n y ofrece consejos y <a title=\"Reno NV Cirug\u00eda Est\u00e9tica de Senos\" href=\"https:\/\/www.avanceplasticsurgery.com\/es\/cosmetic-and-surgery-procedures\/breast-cosmetic-surgery\/\">tratamientos<\/a> compasivos.<\/p>\n<div><button class=\"flc-yt lazyload\" data-id=\"K7kZUiqBaVM\" data-title=\"Ideal Breast Measurements For Breast Surgery | Avance Plastic Surgery: Dr. Erez Dayan | Reno, Tahoe\" data-bg=\"https:\/\/i.ytimg.com\/vi\/K7kZUiqBaVM\/hqdefault.jpg\" aria-label=\"Play video Ideal Breast Measurements For Breast Surgery | Avance Plastic Surgery: Dr. Erez Dayan | Reno, Tahoe\">  <div class=\"flc-yt__title\">Ideal Breast Measurements For Breast Surgery | Avance Plastic Surgery: Dr. Erez Dayan | Reno, Tahoe<\/div>  <span class=\"flc-yt__play\">    <svg viewBox=\"0 0 68 48\" xmlns=\"http:\/\/www.w3.org\/2000\/svg\" aria-hidden=\"true\"><path d=\"M66.5 7.8A8.5 8.5 0 0 0 60.6 2C55.3.5 34 .5 34 .5S12.7.5 7.4 2A8.5 8.5 0 0 0 1.5 7.8C0 13.1 0 24 0 24s0 10.9 1.5 16.2A8.5 8.5 0 0 0 7.4 46C12.7 47.5 34 47.5 34 47.5s21.3 0 26.6-1.5a8.5 8.5 0 0 0 5.9-5.8C68 34.9 68 24 68 24s0-10.9-1.5-16.2Z\" fill=\"#f00\"\/><path d=\"M27 34l18-10-18-10v20Z\" fill=\"#fff\"\/><\/svg>  <\/span><\/button><\/div>\n<h2>Correcci\u00f3n de mamas tuberosas en Reno\/Tahoe, NV<\/h2>\n<p>La correcci\u00f3n de senos tuberosos en Reno\/Tahoe, NV, a manos del Dr. Dayan siempre se personaliza para abordar los aspectos est\u00e9ticos y funcionales espec\u00edficos de su condici\u00f3n de senos constre\u00f1idos. El recontorneado con implantes, la transferencia de grasa, la liposucci\u00f3n y otras t\u00e9cnicas quir\u00fargicas se combinan para producir los resultados est\u00e9ticos que desea y el mejor ajuste para su tama\u00f1o y forma general.<\/p>\n<p>El Dr. Dayan realizar\u00e1 un examen f\u00edsico como parte de su consulta privada y revisar\u00e1 su condici\u00f3n m\u00e9dica antes de emitir recomendaciones. \u00c9l le explicar\u00e1 detalladamente las opciones para ayudarlo a lograr sus objetivos quir\u00fargicos y tomar las mejores decisiones. El Dr. Dayan y el personal de nuestra oficina est\u00e1n siempre disponibles para apoyarlo en cada paso de su atenci\u00f3n.<\/p>\n<p>Si sufre de deformidad mamaria tubular, hay ayuda disponible en Reno\/Tahoe, NV. <a title=\"P\u00f3ngase en contacto con el Instituto de Cirug\u00eda Pl\u00e1stica Avance en Reno NV\" href=\"https:\/\/www.avanceplasticsurgery.com\/es\/contact-us-dr-erez-dayan\/\">Cont\u00e1ctenos en l\u00ednea<\/a> o llame al (775) 800-444 para programar una consulta con el Dr. Dayan en Avance Plastic Surgery Institute.<\/p>\n<h3>Programa de mantenimiento<\/h3>\n<p>El <a href=\"https:\/\/www.avanceplasticsurgery.com\/es\/about-avance-plastic-surgery-institute\/plastic-surgery-maintenance\/\">programa de mantenimiento<\/a> en Avance Plastic Surgery Institute est\u00e1 dise\u00f1ado para ofrecer a los pacientes una forma conveniente de continuar viendo los beneficios de nuestros tratamientos durante el mayor tiempo posible.<\/p>\n<p>Para mantener los resultados de los procedimientos cosm\u00e9ticos mamarios, recomendamos tratamientos no invasivos y m\u00ednimamente invasivos con los siguientes dispositivos:<\/p>\n<ul>\n<li>Forma Body (InMode)<\/li>\n<li>Morfeo 8 (en modo)<\/li>\n<\/ul>\n","protected":false},"excerpt":{"rendered":"<p>Cirug\u00eda de correcci\u00f3n de deformidad mamaria tubular La deformidad tubular del seno, tambi\u00e9n llamada seno constre\u00f1ido, puede desarrollarse debido&hellip;<\/p>\n","protected":false},"author":1,"featured_media":0,"parent":8869,"menu_order":0,"comment_status":"closed","ping_status":"closed","template":"","meta":{"_acf_changed":false,"footnotes":""},"class_list":["post-8886","page","type-page","status-publish"],"acf":[],"yoast_head":"<!-- This site is optimized with the Yoast SEO plugin v27.4 - https:\/\/yoast.com\/product\/yoast-seo-wordpress\/ -->\n<title>Reno NV Cirug\u00eda de deformidad mamaria tubular | Correcci\u00f3n de mamas tuberosas del lago Tahoe<\/title>\n<meta name=\"description\" content=\"La cirug\u00eda de correcci\u00f3n de la deformidad del seno tubular est\u00e1 disponible para darle una apariencia m\u00e1s natural y agradable. Llame para una consulta con el Dr. Erez Dayan en Avance Plastic Surgery Institute en Reno, NV, para obtener m\u00e1s informaci\u00f3n.\" \/>\n<meta name=\"robots\" content=\"index, follow, max-snippet:-1, max-image-preview:large, max-video-preview:-1\" \/>\n<link rel=\"canonical\" href=\"https:\/\/www.avanceplasticsurgery.com\/es\/procedimientos-cosmeticos-y-de-cirugia\/seno\/deformidad-mamaria-tubular\/\" \/>\n<meta property=\"og:locale\" content=\"es_ES\" \/>\n<meta property=\"og:type\" content=\"article\" \/>\n<meta property=\"og:title\" content=\"Reno NV Cirug\u00eda de deformidad mamaria tubular | Correcci\u00f3n de mamas tuberosas del lago Tahoe\" \/>\n<meta property=\"og:description\" content=\"La cirug\u00eda de correcci\u00f3n de la deformidad del seno tubular est\u00e1 disponible para darle una apariencia m\u00e1s natural y agradable. Llame para una consulta con el Dr. Erez Dayan en Avance Plastic Surgery Institute en Reno, NV, para obtener m\u00e1s informaci\u00f3n.\" \/>\n<meta property=\"og:url\" content=\"https:\/\/www.avanceplasticsurgery.com\/es\/procedimientos-cosmeticos-y-de-cirugia\/seno\/deformidad-mamaria-tubular\/\" \/>\n<meta property=\"og:site_name\" content=\"Avance Plastic Surgery\" \/>\n<meta property=\"article:modified_time\" content=\"2023-05-01T19:11:58+00:00\" \/>\n<meta name=\"twitter:card\" content=\"summary_large_image\" \/>\n<meta name=\"twitter:label1\" content=\"Tiempo de lectura\" \/>\n\t<meta name=\"twitter:data1\" content=\"2 minutos\" \/>\n<!-- \/ Yoast SEO plugin. -->","yoast_head_json":{"title":"Reno NV Cirug\u00eda de deformidad mamaria tubular | Correcci\u00f3n de mamas tuberosas del lago Tahoe","description":"La cirug\u00eda de correcci\u00f3n de la deformidad del seno tubular est\u00e1 disponible para darle una apariencia m\u00e1s natural y agradable. Llame para una consulta con el Dr. Erez Dayan en Avance Plastic Surgery Institute en Reno, NV, para obtener m\u00e1s informaci\u00f3n.","robots":{"index":"index","follow":"follow","max-snippet":"max-snippet:-1","max-image-preview":"max-image-preview:large","max-video-preview":"max-video-preview:-1"},"canonical":"https:\/\/www.avanceplasticsurgery.com\/es\/procedimientos-cosmeticos-y-de-cirugia\/seno\/deformidad-mamaria-tubular\/","og_locale":"es_ES","og_type":"article","og_title":"Reno NV Cirug\u00eda de deformidad mamaria tubular | Correcci\u00f3n de mamas tuberosas del lago Tahoe","og_description":"La cirug\u00eda de correcci\u00f3n de la deformidad del seno tubular est\u00e1 disponible para darle una apariencia m\u00e1s natural y agradable. Llame para una consulta con el Dr. Erez Dayan en Avance Plastic Surgery Institute en Reno, NV, para obtener m\u00e1s informaci\u00f3n.","og_url":"https:\/\/www.avanceplasticsurgery.com\/es\/procedimientos-cosmeticos-y-de-cirugia\/seno\/deformidad-mamaria-tubular\/","og_site_name":"Avance Plastic Surgery","article_modified_time":"2023-05-01T19:11:58+00:00","twitter_card":"summary_large_image","twitter_misc":{"Tiempo de lectura":"2 minutos"},"schema":{"@context":"https:\/\/schema.org","@graph":[{"@type":"WebPage","@id":"https:\/\/www.avanceplasticsurgery.com\/es\/procedimientos-cosmeticos-y-de-cirugia\/seno\/deformidad-mamaria-tubular\/","url":"https:\/\/www.avanceplasticsurgery.com\/es\/procedimientos-cosmeticos-y-de-cirugia\/seno\/deformidad-mamaria-tubular\/","name":"Reno NV Cirug\u00eda de deformidad mamaria tubular | Correcci\u00f3n de mamas tuberosas del lago Tahoe","isPartOf":{"@id":"https:\/\/www.avanceplasticsurgery.com\/es\/#website"},"datePublished":"2020-09-15T22:46:56+00:00","dateModified":"2023-05-01T19:11:58+00:00","description":"La cirug\u00eda de correcci\u00f3n de la deformidad del seno tubular est\u00e1 disponible para darle una apariencia m\u00e1s natural y agradable. Llame para una consulta con el Dr. Erez Dayan en Avance Plastic Surgery Institute en Reno, NV, para obtener m\u00e1s informaci\u00f3n.","breadcrumb":{"@id":"https:\/\/www.avanceplasticsurgery.com\/es\/procedimientos-cosmeticos-y-de-cirugia\/seno\/deformidad-mamaria-tubular\/#breadcrumb"},"inLanguage":"es","potentialAction":[{"@type":"ReadAction","target":["https:\/\/www.avanceplasticsurgery.com\/es\/procedimientos-cosmeticos-y-de-cirugia\/seno\/deformidad-mamaria-tubular\/"]}]},{"@type":"BreadcrumbList","@id":"https:\/\/www.avanceplasticsurgery.com\/es\/procedimientos-cosmeticos-y-de-cirugia\/seno\/deformidad-mamaria-tubular\/#breadcrumb","itemListElement":[{"@type":"ListItem","position":1,"name":"Home","item":"https:\/\/www.avanceplasticsurgery.com\/es\/"},{"@type":"ListItem","position":2,"name":"Cosm\u00e9tica","item":"https:\/\/www.avanceplasticsurgery.com\/es\/procedimientos-cosmeticos-y-de-cirugia\/"},{"@type":"ListItem","position":3,"name":"Seno","item":"https:\/\/www.avanceplasticsurgery.com\/es\/procedimientos-cosmeticos-y-de-cirugia\/seno\/"},{"@type":"ListItem","position":4,"name":"Deformidad mamaria tubular"}]},{"@type":"WebSite","@id":"https:\/\/www.avanceplasticsurgery.com\/es\/#website","url":"https:\/\/www.avanceplasticsurgery.com\/es\/","name":"Avance Plastic Surgery","description":"","potentialAction":[{"@type":"SearchAction","target":{"@type":"EntryPoint","urlTemplate":"https:\/\/www.avanceplasticsurgery.com\/es\/?s={search_term_string}"},"query-input":{"@type":"PropertyValueSpecification","valueRequired":true,"valueName":"search_term_string"}}],"inLanguage":"es"}]}},"_links":{"self":[{"href":"https:\/\/www.avanceplasticsurgery.com\/es\/wp-json\/wp\/v2\/pages\/8886","targetHints":{"allow":["GET"]}}],"collection":[{"href":"https:\/\/www.avanceplasticsurgery.com\/es\/wp-json\/wp\/v2\/pages"}],"about":[{"href":"https:\/\/www.avanceplasticsurgery.com\/es\/wp-json\/wp\/v2\/types\/page"}],"author":[{"embeddable":true,"href":"https:\/\/www.avanceplasticsurgery.com\/es\/wp-json\/wp\/v2\/users\/1"}],"replies":[{"embeddable":true,"href":"https:\/\/www.avanceplasticsurgery.com\/es\/wp-json\/wp\/v2\/comments?post=8886"}],"version-history":[{"count":2,"href":"https:\/\/www.avanceplasticsurgery.com\/es\/wp-json\/wp\/v2\/pages\/8886\/revisions"}],"predecessor-version":[{"id":10428,"href":"https:\/\/www.avanceplasticsurgery.com\/es\/wp-json\/wp\/v2\/pages\/8886\/revisions\/10428"}],"up":[{"embeddable":true,"href":"https:\/\/www.avanceplasticsurgery.com\/es\/wp-json\/wp\/v2\/pages\/8869"}],"wp:attachment":[{"href":"https:\/\/www.avanceplasticsurgery.com\/es\/wp-json\/wp\/v2\/media?parent=8886"}],"curies":[{"name":"wp","href":"https:\/\/api.w.org\/{rel}","templated":true}]}}