{"id":8888,"date":"2020-09-15T22:41:57","date_gmt":"2020-09-15T22:41:57","guid":{"rendered":"https:\/\/www.avanceplasticsurgery.com\/procedimientos-cosmeticos-y-de-cirugia\/seno\/ginecomastia-masculino\/"},"modified":"2024-09-05T15:22:30","modified_gmt":"2024-09-05T15:22:30","slug":"ginecomastia-masculino","status":"publish","type":"page","link":"https:\/\/www.avanceplasticsurgery.com\/es\/procedimientos-cosmeticos-y-de-cirugia\/seno\/ginecomastia-masculino\/","title":{"rendered":"Ginecomastia (masculino)"},"content":{"rendered":"<h1>Cirug\u00eda de ginecomastia masculina<\/h1>\n<p>Los senos anormalmente grandes en un hombre pueden causar verg\u00fcenza e incluso un estigma social no deseado. Los hombres con senos m\u00e1s grandes pueden evitar practicar deportes o quitarse la camisa debido a la timidez sobre su apariencia. Algunos casos de ginecomastia temprana o senos masculinos grandes se resolver\u00e1n con el tiempo. Otros casos de senos masculinos agrandados se extienden o se desarrollan en la edad adulta. El Dr. Erez Dayan ofrece cirug\u00eda de ginecomastia masculina en el Instituto de Cirug\u00eda Pl\u00e1stica Avance en Reno\/Tahoe, NV.<\/p>\n<p>La cirug\u00eda de ginecomastia masculina es bastante com\u00fan y no es motivo de verg\u00fcenza. Los an\u00e1lisis de sangre, las mamograf\u00edas o las evaluaciones hormonales son los m\u00e9todos m\u00e1s comunes para confirmar un diagn\u00f3stico de ginecomastia. Una vez que el Dr. Dayan realice un examen f\u00edsico y cualquier prueba necesaria para diagnosticar esta afecci\u00f3n, se reunir\u00e1 con usted para analizar <a title=\"Reno NV Cirug\u00eda Est\u00e9tica de Senos\" href=\"https:\/\/www.avanceplasticsurgery.com\/es\/cosmetic-and-surgery-procedures\/breast-cosmetic-surgery\/\">las opciones quir\u00fargicas<\/a> y los detalles, como la ubicaci\u00f3n de la cicatriz.<\/p>\n<div class=\"row\">\n<div class=\"col-md-6\"><button class=\"flc-yt lazyload\" data-id=\"IVfit0G7uZo\" data-title=\"Gynecomastia Dr. Erez Dayan Avance Plastic Surgery\" data-bg=\"https:\/\/i.ytimg.com\/vi\/IVfit0G7uZo\/hqdefault.jpg\" aria-label=\"Play video Gynecomastia Dr. Erez Dayan Avance Plastic Surgery\">  <div class=\"flc-yt__title\">Gynecomastia Dr. Erez Dayan Avance Plastic Surgery<\/div>  <span class=\"flc-yt__play\">    <svg viewBox=\"0 0 68 48\" xmlns=\"http:\/\/www.w3.org\/2000\/svg\" aria-hidden=\"true\"><path d=\"M66.5 7.8A8.5 8.5 0 0 0 60.6 2C55.3.5 34 .5 34 .5S12.7.5 7.4 2A8.5 8.5 0 0 0 1.5 7.8C0 13.1 0 24 0 24s0 10.9 1.5 16.2A8.5 8.5 0 0 0 7.4 46C12.7 47.5 34 47.5 34 47.5s21.3 0 26.6-1.5a8.5 8.5 0 0 0 5.9-5.8C68 34.9 68 24 68 24s0-10.9-1.5-16.2Z\" fill=\"#f00\"\/><path d=\"M27 34l18-10-18-10v20Z\" fill=\"#fff\"\/><\/svg>  <\/span><\/button><\/div>\n<div class=\"col-md-6\"><a href=\"https:\/\/www.youtube.com\/watch?v=i1Ww-3BKzig\" target=\"_blank\" rel=\"noopener\"><img decoding=\"async\" src=\"https:\/\/www.avanceplasticsurgery.com\/wp-content\/uploads\/2024\/04\/i1Ww-3BKzig.jpg\" alt=\"Pain Control After Surgical Procedures | Avance Plastic Surgery: Dr. Erez Dayan | Reno, Tahoe, NV\" class=\"img-fluid mb-3\" \/><\/a><\/div>\n<\/div>\n<p>El Dr. Dayan es completamente sensible al estigma y la verg\u00fcenza que normalmente acompa\u00f1a a esta condici\u00f3n. Su discreci\u00f3n y habilidad quir\u00fargica son del m\u00e1s alto calibre, y solo tiene en mente sus mejores intereses con cada recomendaci\u00f3n y tratamiento. Puede confiar en el Dr. Dayan y nuestro equipo de est\u00e9tica para brindarle la m\u00e1xima atenci\u00f3n.<\/p>\n<div class=\"row\">\n<div class=\"col-md-6\"><button class=\"flc-yt lazyload\" data-id=\"q9I2lvtLERQ\" data-title=\"Gynecomastia Before And After | Avance Plastic Surgery Institute: Dr. Erez Dayan | Reno, NV\" data-bg=\"https:\/\/i.ytimg.com\/vi\/q9I2lvtLERQ\/hqdefault.jpg\" aria-label=\"Play video Gynecomastia Before And After | Avance Plastic Surgery Institute: Dr. Erez Dayan | Reno, NV\">  <div class=\"flc-yt__title\">Gynecomastia Before And After | Avance Plastic Surgery Institute: Dr. Erez Dayan | Reno, NV<\/div>  <span class=\"flc-yt__play\">    <svg viewBox=\"0 0 68 48\" xmlns=\"http:\/\/www.w3.org\/2000\/svg\" aria-hidden=\"true\"><path d=\"M66.5 7.8A8.5 8.5 0 0 0 60.6 2C55.3.5 34 .5 34 .5S12.7.5 7.4 2A8.5 8.5 0 0 0 1.5 7.8C0 13.1 0 24 0 24s0 10.9 1.5 16.2A8.5 8.5 0 0 0 7.4 46C12.7 47.5 34 47.5 34 47.5s21.3 0 26.6-1.5a8.5 8.5 0 0 0 5.9-5.8C68 34.9 68 24 68 24s0-10.9-1.5-16.2Z\" fill=\"#f00\"\/><path d=\"M27 34l18-10-18-10v20Z\" fill=\"#fff\"\/><\/svg>  <\/span><\/button><\/div>\n<div class=\"col-md-6\"><button class=\"flc-yt lazyload\" data-id=\"fxdzOtd16GY\" data-title=\"Northern Nevada Gynecomastia Correction Before and After - Dr. Erez Dayan\" data-bg=\"https:\/\/i.ytimg.com\/vi\/fxdzOtd16GY\/hqdefault.jpg\" aria-label=\"Play video Northern Nevada Gynecomastia Correction Before and After - Dr. Erez Dayan\">  <div class=\"flc-yt__title\">Northern Nevada Gynecomastia Correction Before and After - Dr. Erez Dayan<\/div>  <span class=\"flc-yt__play\">    <svg viewBox=\"0 0 68 48\" xmlns=\"http:\/\/www.w3.org\/2000\/svg\" aria-hidden=\"true\"><path d=\"M66.5 7.8A8.5 8.5 0 0 0 60.6 2C55.3.5 34 .5 34 .5S12.7.5 7.4 2A8.5 8.5 0 0 0 1.5 7.8C0 13.1 0 24 0 24s0 10.9 1.5 16.2A8.5 8.5 0 0 0 7.4 46C12.7 47.5 34 47.5 34 47.5s21.3 0 26.6-1.5a8.5 8.5 0 0 0 5.9-5.8C68 34.9 68 24 68 24s0-10.9-1.5-16.2Z\" fill=\"#f00\"\/><path d=\"M27 34l18-10-18-10v20Z\" fill=\"#fff\"\/><\/svg>  <\/span><\/button><\/div>\n<\/div>\n<h2>Cirug\u00eda de reducci\u00f3n mamaria masculina en Reno\/Tahoe cerca del lago Tahoe<\/h2>\n<p>En la cirug\u00eda de reducci\u00f3n de senos masculinos, el Dr. Dayan puede usar diferentes t\u00e9cnicas para reducir el tama\u00f1o y remodelar el seno masculino para que tenga una apariencia m\u00e1s natural. Una t\u00e9cnica est\u00e1 utilizando la liposucci\u00f3n para eliminar el exceso de tejido graso. Otra es combinar este procedimiento con un levantamiento de senos para aumentar y reposicionar el pez\u00f3n y el tejido mamario para lograr la mejor est\u00e9tica posible.<\/p>\n<p>Estas cirug\u00edas se pueden realizar de forma ambulatoria, lo que significa que se ir\u00e1 a casa el mismo d\u00eda de la cirug\u00eda. Es probable que deba usar ropa interior de compresi\u00f3n durante algunas semanas despu\u00e9s de la cirug\u00eda y evitar levantar objetos pesados durante dos a cuatro semanas. Los pacientes pueden regresar a sus tareas no f\u00edsicas dentro de tres o cuatro d\u00edas. El Dr. Dayan le proporcionar\u00e1 instrucciones detalladas de cuidado posterior y seguimiento para garantizar su recuperaci\u00f3n completa.<\/p>\n<p><a title=\"P\u00f3ngase en contacto con el Instituto de Cirug\u00eda Pl\u00e1stica Avance en Reno NV\" href=\"https:\/\/www.avanceplasticsurgery.com\/es\/contact-us-dr-erez-dayan\/\">Comun\u00edquese hoy con el Instituto de Cirug\u00eda Pl\u00e1stica Avance<\/a> en Reno\/Tahoe para programar una consulta con el Dr. Dayan sobre la cirug\u00eda de reducci\u00f3n de senos masculinos.<\/p>\n<p style=\"text-align: center;\"><a href=\"https:\/\/www.avanceplasticsurgery.com\/wp-content\/uploads\/2020\/10\/Gynecomastia_Instructions.pdf\" class=\"btn btn-primary\" target=\"_blank\" rel=\"noopener noreferrer\">Instrucciones postoperatorias<\/a><\/p>\n<h3>Programa de mantenimiento<\/h3>\n<p>El <a href=\"https:\/\/www.avanceplasticsurgery.com\/es\/about-avance-plastic-surgery-institute\/plastic-surgery-maintenance\/\">programa de mantenimiento<\/a> en Avance Plastic Surgery Institute est\u00e1 dise\u00f1ado para ofrecer a los pacientes una forma conveniente de continuar viendo los beneficios de nuestros tratamientos durante el mayor tiempo posible.<\/p>\n<p>Para mantener los resultados de los procedimientos cosm\u00e9ticos mamarios, recomendamos tratamientos no invasivos y m\u00ednimamente invasivos con los siguientes dispositivos:<\/p>\n<ul>\n<li>Forma Body (InMode)<\/li>\n<li>Morfeo 8 (en modo)<\/li>\n<\/ul>\n","protected":false},"excerpt":{"rendered":"<p>Cirug\u00eda de ginecomastia masculina Los senos anormalmente grandes en un hombre pueden causar verg\u00fcenza e incluso un estigma social&hellip;<\/p>\n","protected":false},"author":1,"featured_media":0,"parent":8869,"menu_order":0,"comment_status":"closed","ping_status":"closed","template":"","meta":{"_acf_changed":false,"footnotes":""},"class_list":["post-8888","page","type-page","status-publish"],"acf":[],"yoast_head":"<!-- This site is optimized with the Yoast SEO plugin v25.6 - https:\/\/yoast.com\/wordpress\/plugins\/seo\/ -->\n<title>Reno NV Ginecomastia | Cirug\u00eda de reducci\u00f3n mamaria masculina en Lake Tahoe<\/title>\n<meta name=\"description\" content=\"La ginecomastia es una condici\u00f3n en la que los hombres tienen senos anormalmente grandes. El Dr. Erez Dayan ofrece cirug\u00eda de reducci\u00f3n mamaria masculina por ginecomastia en el Instituto de Cirug\u00eda Pl\u00e1stica Avance en Reno, NV. Llame hoy para una consulta confidencial.\" \/>\n<meta name=\"robots\" content=\"index, follow, max-snippet:-1, max-image-preview:large, max-video-preview:-1\" \/>\n<link rel=\"canonical\" href=\"https:\/\/www.avanceplasticsurgery.com\/es\/procedimientos-cosmeticos-y-de-cirugia\/seno\/ginecomastia-masculino\/\" \/>\n<meta property=\"og:locale\" content=\"es_ES\" \/>\n<meta property=\"og:type\" content=\"article\" \/>\n<meta property=\"og:title\" content=\"Reno NV Ginecomastia | Cirug\u00eda de reducci\u00f3n mamaria masculina en Lake Tahoe\" \/>\n<meta property=\"og:description\" content=\"La ginecomastia es una condici\u00f3n en la que los hombres tienen senos anormalmente grandes. El Dr. Erez Dayan ofrece cirug\u00eda de reducci\u00f3n mamaria masculina por ginecomastia en el Instituto de Cirug\u00eda Pl\u00e1stica Avance en Reno, NV. Llame hoy para una consulta confidencial.\" \/>\n<meta property=\"og:url\" content=\"https:\/\/www.avanceplasticsurgery.com\/es\/procedimientos-cosmeticos-y-de-cirugia\/seno\/ginecomastia-masculino\/\" \/>\n<meta property=\"og:site_name\" content=\"Avance Plastic Surgery\" \/>\n<meta property=\"article:modified_time\" content=\"2024-09-05T15:22:30+00:00\" \/>\n<meta property=\"og:image\" content=\"https:\/\/www.avanceplasticsurgery.com\/wp-content\/uploads\/2024\/04\/i1Ww-3BKzig.jpg\" \/>\n<meta name=\"twitter:card\" content=\"summary_large_image\" \/>\n<meta name=\"twitter:label1\" content=\"Tiempo de lectura\" \/>\n\t<meta name=\"twitter:data1\" content=\"3 minutos\" \/>\n<!-- \/ Yoast SEO plugin. -->","yoast_head_json":{"title":"Reno NV Ginecomastia | Cirug\u00eda de reducci\u00f3n mamaria masculina en Lake Tahoe","description":"La ginecomastia es una condici\u00f3n en la que los hombres tienen senos anormalmente grandes. El Dr. Erez Dayan ofrece cirug\u00eda de reducci\u00f3n mamaria masculina por ginecomastia en el Instituto de Cirug\u00eda Pl\u00e1stica Avance en Reno, NV. Llame hoy para una consulta confidencial.","robots":{"index":"index","follow":"follow","max-snippet":"max-snippet:-1","max-image-preview":"max-image-preview:large","max-video-preview":"max-video-preview:-1"},"canonical":"https:\/\/www.avanceplasticsurgery.com\/es\/procedimientos-cosmeticos-y-de-cirugia\/seno\/ginecomastia-masculino\/","og_locale":"es_ES","og_type":"article","og_title":"Reno NV Ginecomastia | Cirug\u00eda de reducci\u00f3n mamaria masculina en Lake Tahoe","og_description":"La ginecomastia es una condici\u00f3n en la que los hombres tienen senos anormalmente grandes. El Dr. Erez Dayan ofrece cirug\u00eda de reducci\u00f3n mamaria masculina por ginecomastia en el Instituto de Cirug\u00eda Pl\u00e1stica Avance en Reno, NV. Llame hoy para una consulta confidencial.","og_url":"https:\/\/www.avanceplasticsurgery.com\/es\/procedimientos-cosmeticos-y-de-cirugia\/seno\/ginecomastia-masculino\/","og_site_name":"Avance Plastic Surgery","article_modified_time":"2024-09-05T15:22:30+00:00","og_image":[{"url":"https:\/\/www.avanceplasticsurgery.com\/wp-content\/uploads\/2024\/04\/i1Ww-3BKzig.jpg","type":"","width":"","height":""}],"twitter_card":"summary_large_image","twitter_misc":{"Tiempo de lectura":"3 minutos"},"schema":{"@context":"https:\/\/schema.org","@graph":[{"@type":"WebPage","@id":"https:\/\/www.avanceplasticsurgery.com\/es\/procedimientos-cosmeticos-y-de-cirugia\/seno\/ginecomastia-masculino\/","url":"https:\/\/www.avanceplasticsurgery.com\/es\/procedimientos-cosmeticos-y-de-cirugia\/seno\/ginecomastia-masculino\/","name":"Reno NV Ginecomastia | Cirug\u00eda de reducci\u00f3n mamaria masculina en Lake Tahoe","isPartOf":{"@id":"https:\/\/www.avanceplasticsurgery.com\/es\/#website"},"primaryImageOfPage":{"@id":"https:\/\/www.avanceplasticsurgery.com\/es\/procedimientos-cosmeticos-y-de-cirugia\/seno\/ginecomastia-masculino\/#primaryimage"},"image":{"@id":"https:\/\/www.avanceplasticsurgery.com\/es\/procedimientos-cosmeticos-y-de-cirugia\/seno\/ginecomastia-masculino\/#primaryimage"},"thumbnailUrl":"https:\/\/www.avanceplasticsurgery.com\/wp-content\/uploads\/2024\/04\/i1Ww-3BKzig.jpg","datePublished":"2020-09-15T22:41:57+00:00","dateModified":"2024-09-05T15:22:30+00:00","description":"La ginecomastia es una condici\u00f3n en la que los hombres tienen senos anormalmente grandes. El Dr. Erez Dayan ofrece cirug\u00eda de reducci\u00f3n mamaria masculina por ginecomastia en el Instituto de Cirug\u00eda Pl\u00e1stica Avance en Reno, NV. Llame hoy para una consulta confidencial.","breadcrumb":{"@id":"https:\/\/www.avanceplasticsurgery.com\/es\/procedimientos-cosmeticos-y-de-cirugia\/seno\/ginecomastia-masculino\/#breadcrumb"},"inLanguage":"es","potentialAction":[{"@type":"ReadAction","target":["https:\/\/www.avanceplasticsurgery.com\/es\/procedimientos-cosmeticos-y-de-cirugia\/seno\/ginecomastia-masculino\/"]}]},{"@type":"ImageObject","inLanguage":"es","@id":"https:\/\/www.avanceplasticsurgery.com\/es\/procedimientos-cosmeticos-y-de-cirugia\/seno\/ginecomastia-masculino\/#primaryimage","url":"https:\/\/www.avanceplasticsurgery.com\/wp-content\/uploads\/2024\/04\/i1Ww-3BKzig.jpg","contentUrl":"https:\/\/www.avanceplasticsurgery.com\/wp-content\/uploads\/2024\/04\/i1Ww-3BKzig.jpg"},{"@type":"BreadcrumbList","@id":"https:\/\/www.avanceplasticsurgery.com\/es\/procedimientos-cosmeticos-y-de-cirugia\/seno\/ginecomastia-masculino\/#breadcrumb","itemListElement":[{"@type":"ListItem","position":1,"name":"Home","item":"https:\/\/www.avanceplasticsurgery.com\/es\/"},{"@type":"ListItem","position":2,"name":"Cosm\u00e9tica","item":"https:\/\/www.avanceplasticsurgery.com\/es\/procedimientos-cosmeticos-y-de-cirugia\/"},{"@type":"ListItem","position":3,"name":"Seno","item":"https:\/\/www.avanceplasticsurgery.com\/es\/procedimientos-cosmeticos-y-de-cirugia\/seno\/"},{"@type":"ListItem","position":4,"name":"Ginecomastia (masculino)"}]},{"@type":"WebSite","@id":"https:\/\/www.avanceplasticsurgery.com\/es\/#website","url":"https:\/\/www.avanceplasticsurgery.com\/es\/","name":"Avance Plastic Surgery","description":"","potentialAction":[{"@type":"SearchAction","target":{"@type":"EntryPoint","urlTemplate":"https:\/\/www.avanceplasticsurgery.com\/es\/?s={search_term_string}"},"query-input":{"@type":"PropertyValueSpecification","valueRequired":true,"valueName":"search_term_string"}}],"inLanguage":"es"}]}},"_links":{"self":[{"href":"https:\/\/www.avanceplasticsurgery.com\/es\/wp-json\/wp\/v2\/pages\/8888","targetHints":{"allow":["GET"]}}],"collection":[{"href":"https:\/\/www.avanceplasticsurgery.com\/es\/wp-json\/wp\/v2\/pages"}],"about":[{"href":"https:\/\/www.avanceplasticsurgery.com\/es\/wp-json\/wp\/v2\/types\/page"}],"author":[{"embeddable":true,"href":"https:\/\/www.avanceplasticsurgery.com\/es\/wp-json\/wp\/v2\/users\/1"}],"replies":[{"embeddable":true,"href":"https:\/\/www.avanceplasticsurgery.com\/es\/wp-json\/wp\/v2\/comments?post=8888"}],"version-history":[{"count":3,"href":"https:\/\/www.avanceplasticsurgery.com\/es\/wp-json\/wp\/v2\/pages\/8888\/revisions"}],"predecessor-version":[{"id":11446,"href":"https:\/\/www.avanceplasticsurgery.com\/es\/wp-json\/wp\/v2\/pages\/8888\/revisions\/11446"}],"up":[{"embeddable":true,"href":"https:\/\/www.avanceplasticsurgery.com\/es\/wp-json\/wp\/v2\/pages\/8869"}],"wp:attachment":[{"href":"https:\/\/www.avanceplasticsurgery.com\/es\/wp-json\/wp\/v2\/media?parent=8888"}],"curies":[{"name":"wp","href":"https:\/\/api.w.org\/{rel}","templated":true}]}}