{"id":8890,"date":"2020-09-15T22:50:17","date_gmt":"2020-09-15T22:50:17","guid":{"rendered":"https:\/\/www.avanceplasticsurgery.com\/procedimientos-cosmeticos-y-de-cirugia\/cirugia-de-orejas\/"},"modified":"2022-04-25T10:53:13","modified_gmt":"2022-04-25T10:53:13","slug":"cirugia-de-orejas","status":"publish","type":"page","link":"https:\/\/www.avanceplasticsurgery.com\/es\/procedimientos-cosmeticos-y-de-cirugia\/cirugia-de-orejas\/","title":{"rendered":"Cirug\u00eda de orejas"},"content":{"rendered":"<h1>Cirug\u00eda Pl\u00e1stica de Orejas<\/h1>\n<p>El o\u00eddo humano es una parte notable del cuerpo, con una forma \u00fanica y espec\u00edfica para recolectar y canalizar la energ\u00eda del sonido. Es una parte del cuerpo muy flexible y tambi\u00e9n muy visible, ya que se coloca cerca de la cara. Una sola mirada detecta la apariencia facial de una persona, y esto tambi\u00e9n est\u00e1 influenciado por los o\u00eddos. Esto significa que este ap\u00e9ndice visible se nota f\u00e1cilmente cuando es demasiado grande, sobresale o sobresale de la cabeza o la cara.<\/p>\n<p>Adem\u00e1s, la oreja est\u00e1 en mala posici\u00f3n para verse afectada por un traumatismo. Los golpes en la cabeza en deportes, accidentes o altercados f\u00edsicos pueden golpear f\u00e1cilmente la oreja, caus\u00e1ndole da\u00f1os. La fijaci\u00f3n humana con los adornos tambi\u00e9n es popular en las orejas, lo que tambi\u00e9n puede contribuir a da\u00f1os o problemas con el aspecto de nuestras orejas. La cirug\u00eda de orejas, u otoplastia, es un campo de <a title=\"Reno NV Cirug\u00eda Est\u00e9tica Facial\" href=\"https:\/\/www.avanceplasticsurgery.com\/es\/cosmetic-and-surgery-procedures\/\">la cirug\u00eda est\u00e9tica<\/a> que busca corregir deformidades o traumatismos en el o\u00eddo externo.<\/p>\n<h2>Procedimientos Cosm\u00e9ticos y Funcionales del O\u00eddo en Reno, NV<\/h2>\n<p>Varias condiciones han hecho necesario ofrecer numerosos procedimientos est\u00e9ticos y funcionales para los o\u00eddos en Reno\/Tahoe, NV. El Dr. Erez Dayan en el Instituto de Cirug\u00eda Pl\u00e1stica Avance en Reno\/Tahoe puede corregir quir\u00fargicamente traumatismos, adornos, condiciones cong\u00e9nitas u otros problemas. Algunas de las cirug\u00edas pl\u00e1sticas de o\u00eddo que ofrecemos incluyen:<\/p>\n<nav class=\"flc-submenu\" aria-label=\"sub menu\"><ul><li class=\"page_item page-item-8895\"><a href=\"https:\/\/www.avanceplasticsurgery.com\/es\/procedimientos-cosmeticos-y-de-cirugia\/cirugia-de-orejas\/eliminacion-de-queloides\/\">Eliminaci\u00f3n de queloides<\/a><\/li>\n<li class=\"page_item page-item-8896\"><a href=\"https:\/\/www.avanceplasticsurgery.com\/es\/procedimientos-cosmeticos-y-de-cirugia\/cirugia-de-orejas\/microtia\/\">Microtia<\/a><\/li>\n<li class=\"page_item page-item-8898\"><a href=\"https:\/\/www.avanceplasticsurgery.com\/es\/procedimientos-cosmeticos-y-de-cirugia\/cirugia-de-orejas\/otoplastia-fijacion-de-orejas\/\">Otoplastia, Fijaci\u00f3n de orejas<\/a><\/li>\n<li class=\"page_item page-item-8894\"><a href=\"https:\/\/www.avanceplasticsurgery.com\/es\/procedimientos-cosmeticos-y-de-cirugia\/cirugia-de-orejas\/reduccion-del-lobulo-de-la-oreja\/\">Reducci\u00f3n del l\u00f3bulo de la oreja<\/a><\/li>\n<li class=\"page_item page-item-8891\"><a href=\"https:\/\/www.avanceplasticsurgery.com\/es\/procedimientos-cosmeticos-y-de-cirugia\/cirugia-de-orejas\/remodelacion-de-orejas\/\">Remodelaci\u00f3n de orejas<\/a><\/li>\n<li class=\"page_item page-item-8899\"><a href=\"https:\/\/www.avanceplasticsurgery.com\/es\/procedimientos-cosmeticos-y-de-cirugia\/cirugia-de-orejas\/reparacion-de-lobulo-desgarrado\/\">Reparaci\u00f3n de l\u00f3bulo desgarrado<\/a><\/li>\n<li class=\"page_item page-item-8893\"><a href=\"https:\/\/www.avanceplasticsurgery.com\/es\/procedimientos-cosmeticos-y-de-cirugia\/cirugia-de-orejas\/trauma-del-oido\/\">trauma del o\u00eddo<\/a><\/li>\n<\/ul><\/nav>\n<p>Ya sea que haya sufrido un accidente traum\u00e1tico, sufra queloides, haya sufrido un desgarro en el l\u00f3bulo de la oreja debido a deportes o aretes o simplemente no est\u00e9 satisfecho con sus o\u00eddos, el Dr. Dayan se complace en analizar sus deseos y objetivos y recomendar un tratamiento durante una consulta privada de otoplastia. \u00c9l es sensible a c\u00f3mo los o\u00eddos pueden afectar los problemas funcionales, emocionales y de confianza que restringen su calidad de vida.<\/p>\n<p><a title=\"P\u00f3ngase en contacto con el Instituto de Cirug\u00eda Pl\u00e1stica Avance en Reno NV\" href=\"https:\/\/www.avanceplasticsurgery.com\/es\/contact-us-dr-erez-dayan\/\">Comun\u00edquese con el Instituto de Cirug\u00eda Pl\u00e1stica Avance<\/a> en Reno\/Tahoe, NV, para una cirug\u00eda de orejas u otoplastia, consulte con el Dr. Dayan para explorar las posibilidades de la cirug\u00eda cosm\u00e9tica y reconstructiva de orejas. Puede confiar su apariencia al Dr. Dayan, quien es un cirujano pl\u00e1stico cosm\u00e9tico y reconstructivo capacitado como becario con amplia experiencia en cirug\u00eda de orejas.<\/p>\n<p>El Dr. Erez Dayan ha realizado una extensa investigaci\u00f3n sobre suplementos en cirug\u00eda pl\u00e1stica. Lea m\u00e1s sobre la investigaci\u00f3n de Suplementos en Cirug\u00eda Pl\u00e1stica del <a href=\"https:\/\/www.avanceplasticsurgery.com\/es\/about-avance-plastic-surgery-institute\/research\/#supplements\">Dr. Dayan aqu\u00ed.<\/a><\/p>\n","protected":false},"excerpt":{"rendered":"<p>Cirug\u00eda Pl\u00e1stica de Orejas El o\u00eddo humano es una parte notable del cuerpo, con una forma \u00fanica y espec\u00edfica&hellip;<\/p>\n","protected":false},"author":1,"featured_media":8579,"parent":8804,"menu_order":0,"comment_status":"closed","ping_status":"closed","template":"","meta":{"_acf_changed":false,"footnotes":""},"class_list":["post-8890","page","type-page","status-publish","has-post-thumbnail"],"acf":[],"yoast_head":"<!-- This site is optimized with the Yoast SEO plugin v25.6 - https:\/\/yoast.com\/wordpress\/plugins\/seo\/ -->\n<title>Reno NV Cirug\u00eda Pl\u00e1stica del O\u00eddo | Cirujano cosm\u00e9tico del o\u00eddo de Lake Tahoe<\/title>\n<meta name=\"description\" content=\"La cirug\u00eda pl\u00e1stica de orejas est\u00e1 disponible en Reno, NV, para corregir una variedad de problemas o complicaciones. Llame al Instituto de Cirug\u00eda Pl\u00e1stica Avance para programar su consulta de cirug\u00eda de orejas con el cirujano pl\u00e1stico cosm\u00e9tico de renombre mundial, el Dr. Erez Dayan.\" \/>\n<meta name=\"robots\" content=\"index, follow, max-snippet:-1, max-image-preview:large, max-video-preview:-1\" \/>\n<link rel=\"canonical\" href=\"https:\/\/www.avanceplasticsurgery.com\/es\/procedimientos-cosmeticos-y-de-cirugia\/cirugia-de-orejas\/\" \/>\n<meta property=\"og:locale\" content=\"es_ES\" \/>\n<meta property=\"og:type\" content=\"article\" \/>\n<meta property=\"og:title\" content=\"Reno NV Cirug\u00eda Pl\u00e1stica del O\u00eddo | Cirujano cosm\u00e9tico del o\u00eddo de Lake Tahoe\" \/>\n<meta property=\"og:description\" content=\"La cirug\u00eda pl\u00e1stica de orejas est\u00e1 disponible en Reno, NV, para corregir una variedad de problemas o complicaciones. Llame al Instituto de Cirug\u00eda Pl\u00e1stica Avance para programar su consulta de cirug\u00eda de orejas con el cirujano pl\u00e1stico cosm\u00e9tico de renombre mundial, el Dr. Erez Dayan.\" \/>\n<meta property=\"og:url\" content=\"https:\/\/www.avanceplasticsurgery.com\/es\/procedimientos-cosmeticos-y-de-cirugia\/cirugia-de-orejas\/\" \/>\n<meta property=\"og:site_name\" content=\"Avance Plastic Surgery\" \/>\n<meta property=\"article:modified_time\" content=\"2022-04-25T10:53:13+00:00\" \/>\n<meta property=\"og:image\" content=\"https:\/\/www.avanceplasticsurgery.com\/wp-content\/uploads\/2022\/01\/ears.jpg\" \/>\n\t<meta property=\"og:image:width\" content=\"1920\" \/>\n\t<meta property=\"og:image:height\" content=\"595\" \/>\n\t<meta property=\"og:image:type\" content=\"image\/jpeg\" \/>\n<meta name=\"twitter:card\" content=\"summary_large_image\" \/>\n<meta name=\"twitter:label1\" content=\"Tiempo de lectura\" \/>\n\t<meta name=\"twitter:data1\" content=\"2 minutos\" \/>\n<!-- \/ Yoast SEO plugin. -->","yoast_head_json":{"title":"Reno NV Cirug\u00eda Pl\u00e1stica del O\u00eddo | Cirujano cosm\u00e9tico del o\u00eddo de Lake Tahoe","description":"La cirug\u00eda pl\u00e1stica de orejas est\u00e1 disponible en Reno, NV, para corregir una variedad de problemas o complicaciones. Llame al Instituto de Cirug\u00eda Pl\u00e1stica Avance para programar su consulta de cirug\u00eda de orejas con el cirujano pl\u00e1stico cosm\u00e9tico de renombre mundial, el Dr. Erez Dayan.","robots":{"index":"index","follow":"follow","max-snippet":"max-snippet:-1","max-image-preview":"max-image-preview:large","max-video-preview":"max-video-preview:-1"},"canonical":"https:\/\/www.avanceplasticsurgery.com\/es\/procedimientos-cosmeticos-y-de-cirugia\/cirugia-de-orejas\/","og_locale":"es_ES","og_type":"article","og_title":"Reno NV Cirug\u00eda Pl\u00e1stica del O\u00eddo | Cirujano cosm\u00e9tico del o\u00eddo de Lake Tahoe","og_description":"La cirug\u00eda pl\u00e1stica de orejas est\u00e1 disponible en Reno, NV, para corregir una variedad de problemas o complicaciones. Llame al Instituto de Cirug\u00eda Pl\u00e1stica Avance para programar su consulta de cirug\u00eda de orejas con el cirujano pl\u00e1stico cosm\u00e9tico de renombre mundial, el Dr. Erez Dayan.","og_url":"https:\/\/www.avanceplasticsurgery.com\/es\/procedimientos-cosmeticos-y-de-cirugia\/cirugia-de-orejas\/","og_site_name":"Avance Plastic Surgery","article_modified_time":"2022-04-25T10:53:13+00:00","og_image":[{"width":1920,"height":595,"url":"https:\/\/www.avanceplasticsurgery.com\/wp-content\/uploads\/2022\/01\/ears.jpg","type":"image\/jpeg"}],"twitter_card":"summary_large_image","twitter_misc":{"Tiempo de lectura":"2 minutos"},"schema":{"@context":"https:\/\/schema.org","@graph":[{"@type":"WebPage","@id":"https:\/\/www.avanceplasticsurgery.com\/es\/procedimientos-cosmeticos-y-de-cirugia\/cirugia-de-orejas\/","url":"https:\/\/www.avanceplasticsurgery.com\/es\/procedimientos-cosmeticos-y-de-cirugia\/cirugia-de-orejas\/","name":"Reno NV Cirug\u00eda Pl\u00e1stica del O\u00eddo | Cirujano cosm\u00e9tico del o\u00eddo de Lake Tahoe","isPartOf":{"@id":"https:\/\/www.avanceplasticsurgery.com\/es\/#website"},"primaryImageOfPage":{"@id":"https:\/\/www.avanceplasticsurgery.com\/es\/procedimientos-cosmeticos-y-de-cirugia\/cirugia-de-orejas\/#primaryimage"},"image":{"@id":"https:\/\/www.avanceplasticsurgery.com\/es\/procedimientos-cosmeticos-y-de-cirugia\/cirugia-de-orejas\/#primaryimage"},"thumbnailUrl":"https:\/\/www.avanceplasticsurgery.com\/wp-content\/uploads\/2022\/01\/ears.jpg","datePublished":"2020-09-15T22:50:17+00:00","dateModified":"2022-04-25T10:53:13+00:00","description":"La cirug\u00eda pl\u00e1stica de orejas est\u00e1 disponible en Reno, NV, para corregir una variedad de problemas o complicaciones. Llame al Instituto de Cirug\u00eda Pl\u00e1stica Avance para programar su consulta de cirug\u00eda de orejas con el cirujano pl\u00e1stico cosm\u00e9tico de renombre mundial, el Dr. Erez Dayan.","breadcrumb":{"@id":"https:\/\/www.avanceplasticsurgery.com\/es\/procedimientos-cosmeticos-y-de-cirugia\/cirugia-de-orejas\/#breadcrumb"},"inLanguage":"es","potentialAction":[{"@type":"ReadAction","target":["https:\/\/www.avanceplasticsurgery.com\/es\/procedimientos-cosmeticos-y-de-cirugia\/cirugia-de-orejas\/"]}]},{"@type":"ImageObject","inLanguage":"es","@id":"https:\/\/www.avanceplasticsurgery.com\/es\/procedimientos-cosmeticos-y-de-cirugia\/cirugia-de-orejas\/#primaryimage","url":"https:\/\/www.avanceplasticsurgery.com\/wp-content\/uploads\/2022\/01\/ears.jpg","contentUrl":"https:\/\/www.avanceplasticsurgery.com\/wp-content\/uploads\/2022\/01\/ears.jpg","width":1920,"height":595,"caption":"Un m\u00e9dico con guantes negros utiliza unos calibradores digitales para medir la oreja de una joven de pelo casta\u00f1o liso, sobre un fondo gris neutro."},{"@type":"BreadcrumbList","@id":"https:\/\/www.avanceplasticsurgery.com\/es\/procedimientos-cosmeticos-y-de-cirugia\/cirugia-de-orejas\/#breadcrumb","itemListElement":[{"@type":"ListItem","position":1,"name":"Home","item":"https:\/\/www.avanceplasticsurgery.com\/es\/"},{"@type":"ListItem","position":2,"name":"Cosm\u00e9tica","item":"https:\/\/www.avanceplasticsurgery.com\/es\/procedimientos-cosmeticos-y-de-cirugia\/"},{"@type":"ListItem","position":3,"name":"Cirug\u00eda de orejas"}]},{"@type":"WebSite","@id":"https:\/\/www.avanceplasticsurgery.com\/es\/#website","url":"https:\/\/www.avanceplasticsurgery.com\/es\/","name":"Avance Plastic Surgery","description":"","potentialAction":[{"@type":"SearchAction","target":{"@type":"EntryPoint","urlTemplate":"https:\/\/www.avanceplasticsurgery.com\/es\/?s={search_term_string}"},"query-input":{"@type":"PropertyValueSpecification","valueRequired":true,"valueName":"search_term_string"}}],"inLanguage":"es"}]}},"_links":{"self":[{"href":"https:\/\/www.avanceplasticsurgery.com\/es\/wp-json\/wp\/v2\/pages\/8890","targetHints":{"allow":["GET"]}}],"collection":[{"href":"https:\/\/www.avanceplasticsurgery.com\/es\/wp-json\/wp\/v2\/pages"}],"about":[{"href":"https:\/\/www.avanceplasticsurgery.com\/es\/wp-json\/wp\/v2\/types\/page"}],"author":[{"embeddable":true,"href":"https:\/\/www.avanceplasticsurgery.com\/es\/wp-json\/wp\/v2\/users\/1"}],"replies":[{"embeddable":true,"href":"https:\/\/www.avanceplasticsurgery.com\/es\/wp-json\/wp\/v2\/comments?post=8890"}],"version-history":[{"count":2,"href":"https:\/\/www.avanceplasticsurgery.com\/es\/wp-json\/wp\/v2\/pages\/8890\/revisions"}],"predecessor-version":[{"id":9148,"href":"https:\/\/www.avanceplasticsurgery.com\/es\/wp-json\/wp\/v2\/pages\/8890\/revisions\/9148"}],"up":[{"embeddable":true,"href":"https:\/\/www.avanceplasticsurgery.com\/es\/wp-json\/wp\/v2\/pages\/8804"}],"wp:featuredmedia":[{"embeddable":true,"href":"https:\/\/www.avanceplasticsurgery.com\/es\/wp-json\/wp\/v2\/media\/8579"}],"wp:attachment":[{"href":"https:\/\/www.avanceplasticsurgery.com\/es\/wp-json\/wp\/v2\/media?parent=8890"}],"curies":[{"name":"wp","href":"https:\/\/api.w.org\/{rel}","templated":true}]}}