{"id":8891,"date":"2020-09-15T22:52:16","date_gmt":"2020-09-15T22:52:16","guid":{"rendered":"https:\/\/www.avanceplasticsurgery.com\/procedimientos-cosmeticos-y-de-cirugia\/cirugia-de-orejas\/remodelacion-de-orejas\/"},"modified":"2025-09-29T19:55:57","modified_gmt":"2025-09-29T19:55:57","slug":"remodelacion-de-orejas","status":"publish","type":"page","link":"https:\/\/www.avanceplasticsurgery.com\/es\/procedimientos-cosmeticos-y-de-cirugia\/cirugia-de-orejas\/remodelacion-de-orejas\/","title":{"rendered":"Remodelaci\u00f3n de orejas"},"content":{"rendered":"<h1>Cirug\u00eda de remodelaci\u00f3n de orejas<\/h1>\n<p>La otoplastia es el t\u00e9rmino general para <a title=\"Reno NV Cirug\u00eda Pl\u00e1stica del O\u00eddo\" href=\"https:\/\/www.avanceplasticsurgery.com\/es\/procedimientos-cosmeticos-y-de-cirugia\/cirugia-de-orejas\/\">la cirug\u00eda pl\u00e1stica de las orejas<\/a> . Bajo ese t\u00edtulo amplio, una de las opciones es la cirug\u00eda de remodelaci\u00f3n de orejas. Este procedimiento busca lograr el equilibrio entre las orejas en cuanto a tama\u00f1o, forma, \u00e1ngulo y otras caracter\u00edsticas est\u00e9ticas. Si no est\u00e1 satisfecho con la forma o el tama\u00f1o de sus orejas, el Dr. Erez Dayan puede realizar una cirug\u00eda de remodelaci\u00f3n de orejas en el Instituto de Cirug\u00eda Pl\u00e1stica Avance en Reno\/Tahoe.<\/p>\n<p>Ciertas deformidades gen\u00e9ticas pueden dar a las orejas una forma antinatural que puede resultar poco atractiva o atraer una atenci\u00f3n no deseada. Aunque es posible que no haya problemas de salud, una persona puede desear someterse a una cirug\u00eda de remodelaci\u00f3n de orejas para lograr una forma normal para sus orejas. La apariencia es importante para muchos aspectos de la vida, incluida la confianza en uno mismo.<\/p>\n<p>Debido a que es relativamente f\u00e1cil detectar las orejas deformes al nacer, muchos padres buscan una cirug\u00eda de remodelaci\u00f3n de orejas para sus hijos para ayudarlos a evitar las inevitables burlas y dificultades que otros ni\u00f1os pueden presentar. La cirug\u00eda de remodelaci\u00f3n de orejas es posible para ni\u00f1os cuyas orejas han completado el desarrollo inicial. Esto suele ser alrededor de los siete a\u00f1os de edad. Por supuesto, el Dr. Dayan tambi\u00e9n puede realizar cirug\u00edas de remodelaci\u00f3n de orejas en adultos en el Instituto de Cirug\u00eda Pl\u00e1stica Avance.<\/p>\n<div class=\"row\">\n<div class=\"col-md-6\">\n<button class=\"flc-yt lazyload\" data-id=\"GlsggTxXDWs\" data-title=\"Otoplasty Patient Before and After | Avance Plastic Surgery Institute: Dr. Erez Dayan | Reno, Tahoe\" data-bg=\"https:\/\/i.ytimg.com\/vi\/GlsggTxXDWs\/hqdefault.jpg\" aria-label=\"Play video Otoplasty Patient Before and After | Avance Plastic Surgery Institute: Dr. Erez Dayan | Reno, Tahoe\">  <div class=\"flc-yt__title\">Otoplasty Patient Before and After | Avance Plastic Surgery Institute: Dr. Erez Dayan | Reno, Tahoe<\/div>  <span class=\"flc-yt__play\">    <svg viewBox=\"0 0 68 48\" xmlns=\"http:\/\/www.w3.org\/2000\/svg\" aria-hidden=\"true\"><path d=\"M66.5 7.8A8.5 8.5 0 0 0 60.6 2C55.3.5 34 .5 34 .5S12.7.5 7.4 2A8.5 8.5 0 0 0 1.5 7.8C0 13.1 0 24 0 24s0 10.9 1.5 16.2A8.5 8.5 0 0 0 7.4 46C12.7 47.5 34 47.5 34 47.5s21.3 0 26.6-1.5a8.5 8.5 0 0 0 5.9-5.8C68 34.9 68 24 68 24s0-10.9-1.5-16.2Z\" fill=\"#f00\"\/><path d=\"M27 34l18-10-18-10v20Z\" fill=\"#fff\"\/><\/svg>  <\/span><\/button><\/div>\n<div class=\"col-md-6\">\n<button class=\"flc-yt lazyload\" data-id=\"cqa3WZOgDQ4\" data-title=\"Reno Otoplasty Before And After | Avance Plastic Surgery Institute: Dr. Erez Dayan\" data-bg=\"https:\/\/i.ytimg.com\/vi\/cqa3WZOgDQ4\/hqdefault.jpg\" aria-label=\"Play video Reno Otoplasty Before And After | Avance Plastic Surgery Institute: Dr. Erez Dayan\">  <div class=\"flc-yt__title\">Reno Otoplasty Before And After | Avance Plastic Surgery Institute: Dr. Erez Dayan<\/div>  <span class=\"flc-yt__play\">    <svg viewBox=\"0 0 68 48\" xmlns=\"http:\/\/www.w3.org\/2000\/svg\" aria-hidden=\"true\"><path d=\"M66.5 7.8A8.5 8.5 0 0 0 60.6 2C55.3.5 34 .5 34 .5S12.7.5 7.4 2A8.5 8.5 0 0 0 1.5 7.8C0 13.1 0 24 0 24s0 10.9 1.5 16.2A8.5 8.5 0 0 0 7.4 46C12.7 47.5 34 47.5 34 47.5s21.3 0 26.6-1.5a8.5 8.5 0 0 0 5.9-5.8C68 34.9 68 24 68 24s0-10.9-1.5-16.2Z\" fill=\"#f00\"\/><path d=\"M27 34l18-10-18-10v20Z\" fill=\"#fff\"\/><\/svg>  <\/span><\/button>\n<\/div>\n<div class=\"col-md-6\">\n<button class=\"flc-yt lazyload\" data-id=\"-DaU0yUIhtU\" data-title=\"Reno Torn Earlobe Repair | Avance Plastic Surgery Institute: Dr. Erez Dayan\" data-bg=\"https:\/\/i.ytimg.com\/vi\/-DaU0yUIhtU\/hqdefault.jpg\" aria-label=\"Play video Reno Torn Earlobe Repair | Avance Plastic Surgery Institute: Dr. Erez Dayan\">  <div class=\"flc-yt__title\">Reno Torn Earlobe Repair | Avance Plastic Surgery Institute: Dr. Erez Dayan<\/div>  <span class=\"flc-yt__play\">    <svg viewBox=\"0 0 68 48\" xmlns=\"http:\/\/www.w3.org\/2000\/svg\" aria-hidden=\"true\"><path d=\"M66.5 7.8A8.5 8.5 0 0 0 60.6 2C55.3.5 34 .5 34 .5S12.7.5 7.4 2A8.5 8.5 0 0 0 1.5 7.8C0 13.1 0 24 0 24s0 10.9 1.5 16.2A8.5 8.5 0 0 0 7.4 46C12.7 47.5 34 47.5 34 47.5s21.3 0 26.6-1.5a8.5 8.5 0 0 0 5.9-5.8C68 34.9 68 24 68 24s0-10.9-1.5-16.2Z\" fill=\"#f00\"\/><path d=\"M27 34l18-10-18-10v20Z\" fill=\"#fff\"\/><\/svg>  <\/span><\/button><\/div>\n<\/div>\n<h2>Cirug\u00eda de contorno de oreja equilibrada en Reno\/Tahoe<\/h2>\n<p>El Dr. Dayan y su equipo de est\u00e9tica buscan realizar una cirug\u00eda de contorno de oreja equilibrada en Reno\/Tahoe para pacientes que no est\u00e1n satisfechos con la apariencia de sus orejas. Se utilizan diferentes t\u00e9cnicas quir\u00fargicas para corregir varios problemas, que el Dr. Dayan determinar\u00e1 despu\u00e9s de un examen f\u00edsico y una consulta. Cada tratamiento se adapta a las necesidades y objetivos espec\u00edficos del paciente para su apariencia.<\/p>\n<p>Generalmente, se hace una incisi\u00f3n en la parte posterior de la oreja, lo que le da al Dr. Dayan acceso a las \u00e1reas de cart\u00edlago que necesitan trabajo. El cart\u00edlago de la oreja se puede remodelar, reposicionar o incluso trasplantar de otra \u00e1rea del cuerpo si es necesario para crear la forma y el tama\u00f1o deseados. El Instituto de Cirug\u00eda Pl\u00e1stica Avance tambi\u00e9n puede trabajar con un otorrinolaring\u00f3logo si se requiere una cirug\u00eda adicional para corregir los problemas de audici\u00f3n dentro del o\u00eddo.<\/p>\n<p>Su recuperaci\u00f3n deber\u00eda durar alrededor de una semana, durante la cual usar\u00e1 un vendaje alrededor de la cabeza sobre los sitios quir\u00fargicos. Cualquier molestia se puede controlar con analg\u00e9sicos de venta libre. Le quitar\u00e1n las suturas en aproximadamente 7 a 10 d\u00edas, momento en el que se quitar\u00e1n los vendajes. Evite la actividad durante al menos una semana y cualquier actividad vigorosa, como los deportes, durante al menos seis semanas. Tambi\u00e9n deber\u00e1 dormir con una diadema protectora durante unos seis meses para proteger sus o\u00eddos.<\/p>\n<p>Para una cirug\u00eda de remodelaci\u00f3n de orejas de clase mundial en Reno\/Tahoe, NV, <a title=\"P\u00f3ngase en contacto con el Instituto de Cirug\u00eda Pl\u00e1stica Avance en Reno NV\" href=\"https:\/\/www.avanceplasticsurgery.com\/es\/contactenos\/\">comun\u00edquese con nuestra oficina<\/a> para una consulta con el Dr. Erez Dayan en Avance Plastic Surgery Institute.<\/p>\n","protected":false},"excerpt":{"rendered":"<p>Cirug\u00eda de remodelaci\u00f3n de orejas La otoplastia es el t\u00e9rmino general para la cirug\u00eda pl\u00e1stica de las orejas .&hellip;<\/p>\n","protected":false},"author":1,"featured_media":0,"parent":8890,"menu_order":0,"comment_status":"closed","ping_status":"closed","template":"","meta":{"_acf_changed":false,"footnotes":""},"class_list":["post-8891","page","type-page","status-publish"],"acf":[],"yoast_head":"<!-- This site is optimized with the Yoast SEO plugin v25.6 - https:\/\/yoast.com\/wordpress\/plugins\/seo\/ -->\n<title>Reno NV Cirug\u00eda de remodelaci\u00f3n de orejas | Lake Tahoe Logre un contorno de oreja equilibrado<\/title>\n<meta name=\"description\" content=\"La cirug\u00eda de remodelaci\u00f3n de orejas puede ser necesaria para corregir defectos cong\u00e9nitos que resultan en orejas deformes o de tama\u00f1o extra\u00f1o. El Dr. Erez Dayan en Avance Plastic Surgery Institute ofrece cirug\u00eda de remodelaci\u00f3n de orejas de clase mundial para pacientes en Reno, NV.\" \/>\n<meta name=\"robots\" content=\"index, follow, max-snippet:-1, max-image-preview:large, max-video-preview:-1\" \/>\n<link rel=\"canonical\" href=\"https:\/\/www.avanceplasticsurgery.com\/es\/procedimientos-cosmeticos-y-de-cirugia\/cirugia-de-orejas\/remodelacion-de-orejas\/\" \/>\n<meta property=\"og:locale\" content=\"es_ES\" \/>\n<meta property=\"og:type\" content=\"article\" \/>\n<meta property=\"og:title\" content=\"Reno NV Cirug\u00eda de remodelaci\u00f3n de orejas | Lake Tahoe Logre un contorno de oreja equilibrado\" \/>\n<meta property=\"og:description\" content=\"La cirug\u00eda de remodelaci\u00f3n de orejas puede ser necesaria para corregir defectos cong\u00e9nitos que resultan en orejas deformes o de tama\u00f1o extra\u00f1o. El Dr. Erez Dayan en Avance Plastic Surgery Institute ofrece cirug\u00eda de remodelaci\u00f3n de orejas de clase mundial para pacientes en Reno, NV.\" \/>\n<meta property=\"og:url\" content=\"https:\/\/www.avanceplasticsurgery.com\/es\/procedimientos-cosmeticos-y-de-cirugia\/cirugia-de-orejas\/remodelacion-de-orejas\/\" \/>\n<meta property=\"og:site_name\" content=\"Avance Plastic Surgery\" \/>\n<meta property=\"article:modified_time\" content=\"2025-09-29T19:55:57+00:00\" \/>\n<meta name=\"twitter:card\" content=\"summary_large_image\" \/>\n<meta name=\"twitter:label1\" content=\"Tiempo de lectura\" \/>\n\t<meta name=\"twitter:data1\" content=\"3 minutos\" \/>\n<!-- \/ Yoast SEO plugin. -->","yoast_head_json":{"title":"Reno NV Cirug\u00eda de remodelaci\u00f3n de orejas | Lake Tahoe Logre un contorno de oreja equilibrado","description":"La cirug\u00eda de remodelaci\u00f3n de orejas puede ser necesaria para corregir defectos cong\u00e9nitos que resultan en orejas deformes o de tama\u00f1o extra\u00f1o. El Dr. Erez Dayan en Avance Plastic Surgery Institute ofrece cirug\u00eda de remodelaci\u00f3n de orejas de clase mundial para pacientes en Reno, NV.","robots":{"index":"index","follow":"follow","max-snippet":"max-snippet:-1","max-image-preview":"max-image-preview:large","max-video-preview":"max-video-preview:-1"},"canonical":"https:\/\/www.avanceplasticsurgery.com\/es\/procedimientos-cosmeticos-y-de-cirugia\/cirugia-de-orejas\/remodelacion-de-orejas\/","og_locale":"es_ES","og_type":"article","og_title":"Reno NV Cirug\u00eda de remodelaci\u00f3n de orejas | Lake Tahoe Logre un contorno de oreja equilibrado","og_description":"La cirug\u00eda de remodelaci\u00f3n de orejas puede ser necesaria para corregir defectos cong\u00e9nitos que resultan en orejas deformes o de tama\u00f1o extra\u00f1o. El Dr. Erez Dayan en Avance Plastic Surgery Institute ofrece cirug\u00eda de remodelaci\u00f3n de orejas de clase mundial para pacientes en Reno, NV.","og_url":"https:\/\/www.avanceplasticsurgery.com\/es\/procedimientos-cosmeticos-y-de-cirugia\/cirugia-de-orejas\/remodelacion-de-orejas\/","og_site_name":"Avance Plastic Surgery","article_modified_time":"2025-09-29T19:55:57+00:00","twitter_card":"summary_large_image","twitter_misc":{"Tiempo de lectura":"3 minutos"},"schema":{"@context":"https:\/\/schema.org","@graph":[{"@type":"WebPage","@id":"https:\/\/www.avanceplasticsurgery.com\/es\/procedimientos-cosmeticos-y-de-cirugia\/cirugia-de-orejas\/remodelacion-de-orejas\/","url":"https:\/\/www.avanceplasticsurgery.com\/es\/procedimientos-cosmeticos-y-de-cirugia\/cirugia-de-orejas\/remodelacion-de-orejas\/","name":"Reno NV Cirug\u00eda de remodelaci\u00f3n de orejas | Lake Tahoe Logre un contorno de oreja equilibrado","isPartOf":{"@id":"https:\/\/www.avanceplasticsurgery.com\/es\/#website"},"datePublished":"2020-09-15T22:52:16+00:00","dateModified":"2025-09-29T19:55:57+00:00","description":"La cirug\u00eda de remodelaci\u00f3n de orejas puede ser necesaria para corregir defectos cong\u00e9nitos que resultan en orejas deformes o de tama\u00f1o extra\u00f1o. El Dr. Erez Dayan en Avance Plastic Surgery Institute ofrece cirug\u00eda de remodelaci\u00f3n de orejas de clase mundial para pacientes en Reno, NV.","breadcrumb":{"@id":"https:\/\/www.avanceplasticsurgery.com\/es\/procedimientos-cosmeticos-y-de-cirugia\/cirugia-de-orejas\/remodelacion-de-orejas\/#breadcrumb"},"inLanguage":"es","potentialAction":[{"@type":"ReadAction","target":["https:\/\/www.avanceplasticsurgery.com\/es\/procedimientos-cosmeticos-y-de-cirugia\/cirugia-de-orejas\/remodelacion-de-orejas\/"]}]},{"@type":"BreadcrumbList","@id":"https:\/\/www.avanceplasticsurgery.com\/es\/procedimientos-cosmeticos-y-de-cirugia\/cirugia-de-orejas\/remodelacion-de-orejas\/#breadcrumb","itemListElement":[{"@type":"ListItem","position":1,"name":"Home","item":"https:\/\/www.avanceplasticsurgery.com\/es\/"},{"@type":"ListItem","position":2,"name":"Cosm\u00e9tica","item":"https:\/\/www.avanceplasticsurgery.com\/es\/procedimientos-cosmeticos-y-de-cirugia\/"},{"@type":"ListItem","position":3,"name":"Cirug\u00eda de orejas","item":"https:\/\/www.avanceplasticsurgery.com\/es\/procedimientos-cosmeticos-y-de-cirugia\/cirugia-de-orejas\/"},{"@type":"ListItem","position":4,"name":"Remodelaci\u00f3n de orejas"}]},{"@type":"WebSite","@id":"https:\/\/www.avanceplasticsurgery.com\/es\/#website","url":"https:\/\/www.avanceplasticsurgery.com\/es\/","name":"Avance Plastic Surgery","description":"","potentialAction":[{"@type":"SearchAction","target":{"@type":"EntryPoint","urlTemplate":"https:\/\/www.avanceplasticsurgery.com\/es\/?s={search_term_string}"},"query-input":{"@type":"PropertyValueSpecification","valueRequired":true,"valueName":"search_term_string"}}],"inLanguage":"es"}]}},"_links":{"self":[{"href":"https:\/\/www.avanceplasticsurgery.com\/es\/wp-json\/wp\/v2\/pages\/8891","targetHints":{"allow":["GET"]}}],"collection":[{"href":"https:\/\/www.avanceplasticsurgery.com\/es\/wp-json\/wp\/v2\/pages"}],"about":[{"href":"https:\/\/www.avanceplasticsurgery.com\/es\/wp-json\/wp\/v2\/types\/page"}],"author":[{"embeddable":true,"href":"https:\/\/www.avanceplasticsurgery.com\/es\/wp-json\/wp\/v2\/users\/1"}],"replies":[{"embeddable":true,"href":"https:\/\/www.avanceplasticsurgery.com\/es\/wp-json\/wp\/v2\/comments?post=8891"}],"version-history":[{"count":3,"href":"https:\/\/www.avanceplasticsurgery.com\/es\/wp-json\/wp\/v2\/pages\/8891\/revisions"}],"predecessor-version":[{"id":14375,"href":"https:\/\/www.avanceplasticsurgery.com\/es\/wp-json\/wp\/v2\/pages\/8891\/revisions\/14375"}],"up":[{"embeddable":true,"href":"https:\/\/www.avanceplasticsurgery.com\/es\/wp-json\/wp\/v2\/pages\/8890"}],"wp:attachment":[{"href":"https:\/\/www.avanceplasticsurgery.com\/es\/wp-json\/wp\/v2\/media?parent=8891"}],"curies":[{"name":"wp","href":"https:\/\/api.w.org\/{rel}","templated":true}]}}