{"id":8893,"date":"2020-09-15T22:54:04","date_gmt":"2020-09-15T22:54:04","guid":{"rendered":"https:\/\/www.avanceplasticsurgery.com\/procedimientos-cosmeticos-y-de-cirugia\/cirugia-de-orejas\/trauma-del-oido\/"},"modified":"2022-04-25T10:57:29","modified_gmt":"2022-04-25T10:57:29","slug":"trauma-del-oido","status":"publish","type":"page","link":"https:\/\/www.avanceplasticsurgery.com\/es\/procedimientos-cosmeticos-y-de-cirugia\/cirugia-de-orejas\/trauma-del-oido\/","title":{"rendered":"trauma del o\u00eddo"},"content":{"rendered":"<h1>Cirug\u00eda Pl\u00e1stica Trauma del O\u00eddo<\/h1>\n<p>Los traumatismos pueden <a title=\"Reno NV Cirug\u00eda Pl\u00e1stica del O\u00eddo\" href=\"https:\/\/www.avanceplasticsurgery.com\/es\/cosmetic-and-surgery-procedures\/ear-surgery\/\">impactar en los o\u00eddos<\/a> con relativa facilidad debido a su ubicaci\u00f3n y caracter\u00edsticas. Su flexibilidad est\u00e1 destinada a ser una cierta protecci\u00f3n contra da\u00f1os, pero los o\u00eddos a\u00fan pueden sufrir una lesi\u00f3n que requiere reparaciones. La cirug\u00eda pl\u00e1stica de trauma del o\u00eddo es un \u00e1rea de especializaci\u00f3n en la que el Dr. Erez Dayan tiene una amplia experiencia y capacitaci\u00f3n. Si sufre una lesi\u00f3n traum\u00e1tica en uno o ambos o\u00eddos, \u00e9l y su equipo est\u00e9tico del Instituto de Cirug\u00eda Pl\u00e1stica Avance en Reno\/Tahoe pueden realizar las reparaciones necesarias.<\/p>\n<p>Muchas veces, el trauma del o\u00eddo es el resultado del uso de joyas o adornos que, con el tiempo, afectan la oreja. Los aretes pesados que cuelgan o los calibres grandes que forman orificios demasiado grandes en los l\u00f3bulos de las orejas pueden estirar la piel del l\u00f3bulo con el tiempo, m\u00e1s all\u00e1 de su capacidad para recuperar una forma normal. Esto da como resultado l\u00f3bulos de las orejas alargados con agujeros grandes e irregulares que son bastante notorios y poco atractivos.<\/p>\n<p>En otros casos, las lesiones pueden ocurrir por deportes como las artes marciales, el f\u00fatbol americano, el f\u00fatbol o el rugby, donde los golpes en la cabeza son comunes. Los accidentes automovil\u00edsticos o de motocicletas y los altercados personales tambi\u00e9n pueden contribuir a un traumatismo de o\u00eddo grave que requiere cirug\u00eda pl\u00e1stica de traumatismo de o\u00eddo para restaurar una apariencia normal.<\/p>\n<h2>Cirug\u00eda de reconstrucci\u00f3n de orejas en Reno<\/h2>\n<p>El Dr. Dayan puede usar varias t\u00e9cnicas avanzadas para la cirug\u00eda de reconstrucci\u00f3n del o\u00eddo en Reno\/Tahoe cuando el trauma le ha da\u00f1ado el o\u00eddo. Esto puede incluir la reparaci\u00f3n de desgarros o agujeros, remodelar el cart\u00edlago de la oreja da\u00f1ado o incluso reemplazar o reconstruir la oreja con cart\u00edlago extra\u00eddo de otras partes del cuerpo. El Dr. Dayan tambi\u00e9n puede volver a colocar una oreja que se haya arrancado si se puede conservar.<\/p>\n<p>Sus habilidades como cirujano pl\u00e1stico cosm\u00e9tico y reconstructivo galardonado y capacitado con becas son m\u00e1s que adecuadas para garantizar resultados satisfactorios despu\u00e9s de la cirug\u00eda de reconstrucci\u00f3n de orejas en Reno\/Tahoe, NV, en el Instituto de Cirug\u00eda Pl\u00e1stica Avance. El Dr. Dayan mantiene una pr\u00f3spera pr\u00e1ctica de cirug\u00eda pl\u00e1stica en Reno\/Tahoe, adem\u00e1s de ser un investigador solicitado por los principales fabricantes de dispositivos est\u00e9ticos. Tambi\u00e9n ha escrito, dado conferencias y demostrado t\u00e9cnicas avanzadas de cirug\u00eda pl\u00e1stica en siete continentes.<\/p>\n<p>Cuando necesite una cirug\u00eda de reconstrucci\u00f3n de orejas en Reno, NV, <a title=\"P\u00f3ngase en contacto con el Instituto de Cirug\u00eda Pl\u00e1stica Avance en Reno NV\" href=\"https:\/\/www.avanceplasticsurgery.com\/es\/contact-us-dr-erez-dayan\/\">comun\u00edquese con el Instituto de Cirug\u00eda Pl\u00e1stica Avance<\/a> para una consulta con el Dr. Erez Dayan.<\/p>\n","protected":false},"excerpt":{"rendered":"<p>Cirug\u00eda Pl\u00e1stica Trauma del O\u00eddo Los traumatismos pueden impactar en los o\u00eddos con relativa facilidad debido a su ubicaci\u00f3n&hellip;<\/p>\n","protected":false},"author":1,"featured_media":0,"parent":8890,"menu_order":0,"comment_status":"closed","ping_status":"closed","template":"","meta":{"_acf_changed":false,"footnotes":""},"class_list":["post-8893","page","type-page","status-publish"],"acf":[],"yoast_head":"<!-- This site is optimized with the Yoast SEO plugin v27.4 - https:\/\/yoast.com\/product\/yoast-seo-wordpress\/ -->\n<title>Reno NV Cirug\u00eda de trauma del o\u00eddo | Cirug\u00eda pl\u00e1stica de reconstrucci\u00f3n de orejas en Lake Tahoe<\/title>\n<meta name=\"description\" content=\"La cirug\u00eda de trauma del o\u00eddo est\u00e1 disponible en Reno, NV, del cirujano pl\u00e1stico cosm\u00e9tico de clase mundial Dr. Erez Dayan en Avance Plastic Surgery Institute. P\u00f3ngase en contacto con su oficina hoy para una consulta de cirug\u00eda de reconstrucci\u00f3n de orejas.\" \/>\n<meta name=\"robots\" content=\"index, follow, max-snippet:-1, max-image-preview:large, max-video-preview:-1\" \/>\n<link rel=\"canonical\" href=\"https:\/\/www.avanceplasticsurgery.com\/es\/procedimientos-cosmeticos-y-de-cirugia\/cirugia-de-orejas\/trauma-del-oido\/\" \/>\n<meta property=\"og:locale\" content=\"es_ES\" \/>\n<meta property=\"og:type\" content=\"article\" \/>\n<meta property=\"og:title\" content=\"Reno NV Cirug\u00eda de trauma del o\u00eddo | Cirug\u00eda pl\u00e1stica de reconstrucci\u00f3n de orejas en Lake Tahoe\" \/>\n<meta property=\"og:description\" content=\"La cirug\u00eda de trauma del o\u00eddo est\u00e1 disponible en Reno, NV, del cirujano pl\u00e1stico cosm\u00e9tico de clase mundial Dr. Erez Dayan en Avance Plastic Surgery Institute. P\u00f3ngase en contacto con su oficina hoy para una consulta de cirug\u00eda de reconstrucci\u00f3n de orejas.\" \/>\n<meta property=\"og:url\" content=\"https:\/\/www.avanceplasticsurgery.com\/es\/procedimientos-cosmeticos-y-de-cirugia\/cirugia-de-orejas\/trauma-del-oido\/\" \/>\n<meta property=\"og:site_name\" content=\"Avance Plastic Surgery\" \/>\n<meta property=\"article:modified_time\" content=\"2022-04-25T10:57:29+00:00\" \/>\n<meta name=\"twitter:card\" content=\"summary_large_image\" \/>\n<meta name=\"twitter:label1\" content=\"Tiempo de lectura\" \/>\n\t<meta name=\"twitter:data1\" content=\"3 minutos\" \/>\n<!-- \/ Yoast SEO plugin. -->","yoast_head_json":{"title":"Reno NV Cirug\u00eda de trauma del o\u00eddo | Cirug\u00eda pl\u00e1stica de reconstrucci\u00f3n de orejas en Lake Tahoe","description":"La cirug\u00eda de trauma del o\u00eddo est\u00e1 disponible en Reno, NV, del cirujano pl\u00e1stico cosm\u00e9tico de clase mundial Dr. Erez Dayan en Avance Plastic Surgery Institute. P\u00f3ngase en contacto con su oficina hoy para una consulta de cirug\u00eda de reconstrucci\u00f3n de orejas.","robots":{"index":"index","follow":"follow","max-snippet":"max-snippet:-1","max-image-preview":"max-image-preview:large","max-video-preview":"max-video-preview:-1"},"canonical":"https:\/\/www.avanceplasticsurgery.com\/es\/procedimientos-cosmeticos-y-de-cirugia\/cirugia-de-orejas\/trauma-del-oido\/","og_locale":"es_ES","og_type":"article","og_title":"Reno NV Cirug\u00eda de trauma del o\u00eddo | Cirug\u00eda pl\u00e1stica de reconstrucci\u00f3n de orejas en Lake Tahoe","og_description":"La cirug\u00eda de trauma del o\u00eddo est\u00e1 disponible en Reno, NV, del cirujano pl\u00e1stico cosm\u00e9tico de clase mundial Dr. Erez Dayan en Avance Plastic Surgery Institute. P\u00f3ngase en contacto con su oficina hoy para una consulta de cirug\u00eda de reconstrucci\u00f3n de orejas.","og_url":"https:\/\/www.avanceplasticsurgery.com\/es\/procedimientos-cosmeticos-y-de-cirugia\/cirugia-de-orejas\/trauma-del-oido\/","og_site_name":"Avance Plastic Surgery","article_modified_time":"2022-04-25T10:57:29+00:00","twitter_card":"summary_large_image","twitter_misc":{"Tiempo de lectura":"3 minutos"},"schema":{"@context":"https:\/\/schema.org","@graph":[{"@type":"WebPage","@id":"https:\/\/www.avanceplasticsurgery.com\/es\/procedimientos-cosmeticos-y-de-cirugia\/cirugia-de-orejas\/trauma-del-oido\/","url":"https:\/\/www.avanceplasticsurgery.com\/es\/procedimientos-cosmeticos-y-de-cirugia\/cirugia-de-orejas\/trauma-del-oido\/","name":"Reno NV Cirug\u00eda de trauma del o\u00eddo | Cirug\u00eda pl\u00e1stica de reconstrucci\u00f3n de orejas en Lake Tahoe","isPartOf":{"@id":"https:\/\/www.avanceplasticsurgery.com\/es\/#website"},"datePublished":"2020-09-15T22:54:04+00:00","dateModified":"2022-04-25T10:57:29+00:00","description":"La cirug\u00eda de trauma del o\u00eddo est\u00e1 disponible en Reno, NV, del cirujano pl\u00e1stico cosm\u00e9tico de clase mundial Dr. Erez Dayan en Avance Plastic Surgery Institute. P\u00f3ngase en contacto con su oficina hoy para una consulta de cirug\u00eda de reconstrucci\u00f3n de orejas.","breadcrumb":{"@id":"https:\/\/www.avanceplasticsurgery.com\/es\/procedimientos-cosmeticos-y-de-cirugia\/cirugia-de-orejas\/trauma-del-oido\/#breadcrumb"},"inLanguage":"es","potentialAction":[{"@type":"ReadAction","target":["https:\/\/www.avanceplasticsurgery.com\/es\/procedimientos-cosmeticos-y-de-cirugia\/cirugia-de-orejas\/trauma-del-oido\/"]}]},{"@type":"BreadcrumbList","@id":"https:\/\/www.avanceplasticsurgery.com\/es\/procedimientos-cosmeticos-y-de-cirugia\/cirugia-de-orejas\/trauma-del-oido\/#breadcrumb","itemListElement":[{"@type":"ListItem","position":1,"name":"Home","item":"https:\/\/www.avanceplasticsurgery.com\/es\/"},{"@type":"ListItem","position":2,"name":"Cosm\u00e9tica","item":"https:\/\/www.avanceplasticsurgery.com\/es\/procedimientos-cosmeticos-y-de-cirugia\/"},{"@type":"ListItem","position":3,"name":"Cirug\u00eda de orejas","item":"https:\/\/www.avanceplasticsurgery.com\/es\/procedimientos-cosmeticos-y-de-cirugia\/cirugia-de-orejas\/"},{"@type":"ListItem","position":4,"name":"trauma del o\u00eddo"}]},{"@type":"WebSite","@id":"https:\/\/www.avanceplasticsurgery.com\/es\/#website","url":"https:\/\/www.avanceplasticsurgery.com\/es\/","name":"Avance Plastic Surgery","description":"","potentialAction":[{"@type":"SearchAction","target":{"@type":"EntryPoint","urlTemplate":"https:\/\/www.avanceplasticsurgery.com\/es\/?s={search_term_string}"},"query-input":{"@type":"PropertyValueSpecification","valueRequired":true,"valueName":"search_term_string"}}],"inLanguage":"es"}]}},"_links":{"self":[{"href":"https:\/\/www.avanceplasticsurgery.com\/es\/wp-json\/wp\/v2\/pages\/8893","targetHints":{"allow":["GET"]}}],"collection":[{"href":"https:\/\/www.avanceplasticsurgery.com\/es\/wp-json\/wp\/v2\/pages"}],"about":[{"href":"https:\/\/www.avanceplasticsurgery.com\/es\/wp-json\/wp\/v2\/types\/page"}],"author":[{"embeddable":true,"href":"https:\/\/www.avanceplasticsurgery.com\/es\/wp-json\/wp\/v2\/users\/1"}],"replies":[{"embeddable":true,"href":"https:\/\/www.avanceplasticsurgery.com\/es\/wp-json\/wp\/v2\/comments?post=8893"}],"version-history":[{"count":1,"href":"https:\/\/www.avanceplasticsurgery.com\/es\/wp-json\/wp\/v2\/pages\/8893\/revisions"}],"predecessor-version":[{"id":9155,"href":"https:\/\/www.avanceplasticsurgery.com\/es\/wp-json\/wp\/v2\/pages\/8893\/revisions\/9155"}],"up":[{"embeddable":true,"href":"https:\/\/www.avanceplasticsurgery.com\/es\/wp-json\/wp\/v2\/pages\/8890"}],"wp:attachment":[{"href":"https:\/\/www.avanceplasticsurgery.com\/es\/wp-json\/wp\/v2\/media?parent=8893"}],"curies":[{"name":"wp","href":"https:\/\/api.w.org\/{rel}","templated":true}]}}