{"id":8894,"date":"2020-09-15T22:55:41","date_gmt":"2020-09-15T22:55:41","guid":{"rendered":"https:\/\/www.avanceplasticsurgery.com\/procedimientos-cosmeticos-y-de-cirugia\/cirugia-de-orejas\/reduccion-del-lobulo-de-la-oreja\/"},"modified":"2022-04-25T10:56:45","modified_gmt":"2022-04-25T10:56:45","slug":"reduccion-del-lobulo-de-la-oreja","status":"publish","type":"page","link":"https:\/\/www.avanceplasticsurgery.com\/es\/procedimientos-cosmeticos-y-de-cirugia\/cirugia-de-orejas\/reduccion-del-lobulo-de-la-oreja\/","title":{"rendered":"Reducci\u00f3n del l\u00f3bulo de la oreja"},"content":{"rendered":"<h1>Cirug\u00eda de reducci\u00f3n del l\u00f3bulo de la oreja<\/h1>\n<p>La cirug\u00eda de reducci\u00f3n del l\u00f3bulo de la oreja, tambi\u00e9n conocida como loboplast\u00eda, es una forma de otoplastia, o <a title=\"Reno NV Cirug\u00eda Pl\u00e1stica del O\u00eddo\" href=\"https:\/\/www.avanceplasticsurgery.com\/es\/cosmetic-and-surgery-procedures\/ear-surgery\/\">cirug\u00eda de remodelaci\u00f3n de la oreja<\/a> , que se enfoca espec\u00edficamente en remodelar o reducir el tama\u00f1o del l\u00f3bulo de la oreja. Los l\u00f3bulos de las orejas estirados, alargados o de forma irregular no presentan problemas de salud, pero se notan f\u00e1cilmente debido a su posici\u00f3n muy visible en la cabeza. El Dr. Erez Dayan realiza una cirug\u00eda de reducci\u00f3n del l\u00f3bulo de la oreja, o loboplast\u00eda, en el Instituto de Cirug\u00eda Pl\u00e1stica Avance en Reno\/Tahoe, Nevada.<\/p>\n<p>La ptosis es una enfermedad com\u00fan causada por el envejecimiento donde los l\u00f3bulos de las orejas comienzan a caerse. Los l\u00f3bulos de las orejas ca\u00eddos y alargados pueden ser poco atractivos o vergonzosos para algunos, lo que hace que oculten sus orejas debajo de un cabello m\u00e1s largo o una variedad de sombreros. A menudo, los a\u00f1os de usar aretes pesados y colgantes tambi\u00e9n pueden contribuir a que los l\u00f3bulos de las orejas se estiren m\u00e1s.<\/p>\n<p>Otras veces, los l\u00f3bulos de las orejas pueden tener una forma natural extra\u00f1a desde el nacimiento. A medida que el ni\u00f1o crece, esto se har\u00e1 evidente y muchos padres desear\u00e1n corregir la condici\u00f3n para evitar las burlas de otros ni\u00f1os. Independientemente de la causa o el razonamiento, el Dr. Dayan puede realizar una cirug\u00eda de reducci\u00f3n del l\u00f3bulo de la oreja en el Instituto de Cirug\u00eda Pl\u00e1stica Avance en Reno\/Tahoe, NV.<\/p>\n<h2>Remodelaci\u00f3n del l\u00f3bulo de la oreja de Lake Tahoe \/ Loboplast\u00eda<\/h2>\n<p>Las correcciones simples solo pueden tomar de 15 a 45 minutos por l\u00f3bulo de la oreja. Una reparaci\u00f3n o remodelaci\u00f3n m\u00e1s extensa puede requerir m\u00e1s tiempo, especialmente si es necesario un injerto de cart\u00edlago. Estos procedimientos se manejan de forma ambulatoria y usted regresar\u00e1 a su hogar el mismo d\u00eda de la cirug\u00eda. Se requiere que los pacientes usen una diadema de vendaje durante varios d\u00edas y mientras duermen durante algunas semanas.<\/p>\n<p>Se le pedir\u00e1 que no realice actividades extenuantes durante una semana o diez d\u00edas, y que evite doblar o manipular las orejas, as\u00ed como evitar cualquier tipo de aretes u otros adornos. El Dr. Dayan y su equipo le brindar\u00e1n instrucciones espec\u00edficas de cuidado posterior para cuando regrese a casa y lo visitar\u00e1 en una fecha posterior para un seguimiento posterior a la cirug\u00eda.<\/p>\n<p>Si no est\u00e1 satisfecho con el tama\u00f1o o la forma de los l\u00f3bulos de sus orejas, el Dr. Dayan puede realizar una cirug\u00eda de reducci\u00f3n de l\u00f3bulos, o loboplast\u00eda, en el Instituto de Cirug\u00eda Pl\u00e1stica Avance en Reno\/Tahoe. <a title=\"P\u00f3ngase en contacto con el Instituto de Cirug\u00eda Pl\u00e1stica Avance en Reno NV\" href=\"https:\/\/www.avanceplasticsurgery.com\/es\/contact-us-dr-erez-dayan\/\">Cont\u00e1ctenos<\/a> hoy para programar una consulta para discutir sus deseos y metas.<\/p>\n","protected":false},"excerpt":{"rendered":"<p>Cirug\u00eda de reducci\u00f3n del l\u00f3bulo de la oreja La cirug\u00eda de reducci\u00f3n del l\u00f3bulo de la oreja, tambi\u00e9n conocida&hellip;<\/p>\n","protected":false},"author":1,"featured_media":0,"parent":8890,"menu_order":0,"comment_status":"closed","ping_status":"closed","template":"","meta":{"_acf_changed":false,"footnotes":""},"class_list":["post-8894","page","type-page","status-publish"],"acf":[],"yoast_head":"<!-- This site is optimized with the Yoast SEO plugin v25.6 - https:\/\/yoast.com\/wordpress\/plugins\/seo\/ -->\n<title>Reno NV Cirug\u00eda de reducci\u00f3n del l\u00f3bulo de la oreja | Remodelaci\u00f3n del l\u00f3bulo de la oreja del lago Tahoe<\/title>\n<meta name=\"description\" content=\"La cirug\u00eda de reducci\u00f3n del l\u00f3bulo de la oreja, o loboplast\u00eda, es una de varias cirug\u00edas pl\u00e1sticas de oreja disponibles del Dr. Erez Dayan en el Instituto de Cirug\u00eda Pl\u00e1stica Avance en Reno, NV. Llame hoy para una consulta si no est\u00e1 satisfecho con la forma o el tama\u00f1o de su l\u00f3bulo.\" \/>\n<meta name=\"robots\" content=\"index, follow, max-snippet:-1, max-image-preview:large, max-video-preview:-1\" \/>\n<link rel=\"canonical\" href=\"https:\/\/www.avanceplasticsurgery.com\/es\/procedimientos-cosmeticos-y-de-cirugia\/cirugia-de-orejas\/reduccion-del-lobulo-de-la-oreja\/\" \/>\n<meta property=\"og:locale\" content=\"es_ES\" \/>\n<meta property=\"og:type\" content=\"article\" \/>\n<meta property=\"og:title\" content=\"Reno NV Cirug\u00eda de reducci\u00f3n del l\u00f3bulo de la oreja | Remodelaci\u00f3n del l\u00f3bulo de la oreja del lago Tahoe\" \/>\n<meta property=\"og:description\" content=\"La cirug\u00eda de reducci\u00f3n del l\u00f3bulo de la oreja, o loboplast\u00eda, es una de varias cirug\u00edas pl\u00e1sticas de oreja disponibles del Dr. Erez Dayan en el Instituto de Cirug\u00eda Pl\u00e1stica Avance en Reno, NV. Llame hoy para una consulta si no est\u00e1 satisfecho con la forma o el tama\u00f1o de su l\u00f3bulo.\" \/>\n<meta property=\"og:url\" content=\"https:\/\/www.avanceplasticsurgery.com\/es\/procedimientos-cosmeticos-y-de-cirugia\/cirugia-de-orejas\/reduccion-del-lobulo-de-la-oreja\/\" \/>\n<meta property=\"og:site_name\" content=\"Avance Plastic Surgery\" \/>\n<meta property=\"article:modified_time\" content=\"2022-04-25T10:56:45+00:00\" \/>\n<meta name=\"twitter:card\" content=\"summary_large_image\" \/>\n<meta name=\"twitter:label1\" content=\"Tiempo de lectura\" \/>\n\t<meta name=\"twitter:data1\" content=\"3 minutos\" \/>\n<!-- \/ Yoast SEO plugin. -->","yoast_head_json":{"title":"Reno NV Cirug\u00eda de reducci\u00f3n del l\u00f3bulo de la oreja | Remodelaci\u00f3n del l\u00f3bulo de la oreja del lago Tahoe","description":"La cirug\u00eda de reducci\u00f3n del l\u00f3bulo de la oreja, o loboplast\u00eda, es una de varias cirug\u00edas pl\u00e1sticas de oreja disponibles del Dr. Erez Dayan en el Instituto de Cirug\u00eda Pl\u00e1stica Avance en Reno, NV. Llame hoy para una consulta si no est\u00e1 satisfecho con la forma o el tama\u00f1o de su l\u00f3bulo.","robots":{"index":"index","follow":"follow","max-snippet":"max-snippet:-1","max-image-preview":"max-image-preview:large","max-video-preview":"max-video-preview:-1"},"canonical":"https:\/\/www.avanceplasticsurgery.com\/es\/procedimientos-cosmeticos-y-de-cirugia\/cirugia-de-orejas\/reduccion-del-lobulo-de-la-oreja\/","og_locale":"es_ES","og_type":"article","og_title":"Reno NV Cirug\u00eda de reducci\u00f3n del l\u00f3bulo de la oreja | Remodelaci\u00f3n del l\u00f3bulo de la oreja del lago Tahoe","og_description":"La cirug\u00eda de reducci\u00f3n del l\u00f3bulo de la oreja, o loboplast\u00eda, es una de varias cirug\u00edas pl\u00e1sticas de oreja disponibles del Dr. Erez Dayan en el Instituto de Cirug\u00eda Pl\u00e1stica Avance en Reno, NV. Llame hoy para una consulta si no est\u00e1 satisfecho con la forma o el tama\u00f1o de su l\u00f3bulo.","og_url":"https:\/\/www.avanceplasticsurgery.com\/es\/procedimientos-cosmeticos-y-de-cirugia\/cirugia-de-orejas\/reduccion-del-lobulo-de-la-oreja\/","og_site_name":"Avance Plastic Surgery","article_modified_time":"2022-04-25T10:56:45+00:00","twitter_card":"summary_large_image","twitter_misc":{"Tiempo de lectura":"3 minutos"},"schema":{"@context":"https:\/\/schema.org","@graph":[{"@type":"WebPage","@id":"https:\/\/www.avanceplasticsurgery.com\/es\/procedimientos-cosmeticos-y-de-cirugia\/cirugia-de-orejas\/reduccion-del-lobulo-de-la-oreja\/","url":"https:\/\/www.avanceplasticsurgery.com\/es\/procedimientos-cosmeticos-y-de-cirugia\/cirugia-de-orejas\/reduccion-del-lobulo-de-la-oreja\/","name":"Reno NV Cirug\u00eda de reducci\u00f3n del l\u00f3bulo de la oreja | Remodelaci\u00f3n del l\u00f3bulo de la oreja del lago Tahoe","isPartOf":{"@id":"https:\/\/www.avanceplasticsurgery.com\/es\/#website"},"datePublished":"2020-09-15T22:55:41+00:00","dateModified":"2022-04-25T10:56:45+00:00","description":"La cirug\u00eda de reducci\u00f3n del l\u00f3bulo de la oreja, o loboplast\u00eda, es una de varias cirug\u00edas pl\u00e1sticas de oreja disponibles del Dr. Erez Dayan en el Instituto de Cirug\u00eda Pl\u00e1stica Avance en Reno, NV. Llame hoy para una consulta si no est\u00e1 satisfecho con la forma o el tama\u00f1o de su l\u00f3bulo.","breadcrumb":{"@id":"https:\/\/www.avanceplasticsurgery.com\/es\/procedimientos-cosmeticos-y-de-cirugia\/cirugia-de-orejas\/reduccion-del-lobulo-de-la-oreja\/#breadcrumb"},"inLanguage":"es","potentialAction":[{"@type":"ReadAction","target":["https:\/\/www.avanceplasticsurgery.com\/es\/procedimientos-cosmeticos-y-de-cirugia\/cirugia-de-orejas\/reduccion-del-lobulo-de-la-oreja\/"]}]},{"@type":"BreadcrumbList","@id":"https:\/\/www.avanceplasticsurgery.com\/es\/procedimientos-cosmeticos-y-de-cirugia\/cirugia-de-orejas\/reduccion-del-lobulo-de-la-oreja\/#breadcrumb","itemListElement":[{"@type":"ListItem","position":1,"name":"Home","item":"https:\/\/www.avanceplasticsurgery.com\/es\/"},{"@type":"ListItem","position":2,"name":"Cosm\u00e9tica","item":"https:\/\/www.avanceplasticsurgery.com\/es\/procedimientos-cosmeticos-y-de-cirugia\/"},{"@type":"ListItem","position":3,"name":"Cirug\u00eda de orejas","item":"https:\/\/www.avanceplasticsurgery.com\/es\/procedimientos-cosmeticos-y-de-cirugia\/cirugia-de-orejas\/"},{"@type":"ListItem","position":4,"name":"Reducci\u00f3n del l\u00f3bulo de la oreja"}]},{"@type":"WebSite","@id":"https:\/\/www.avanceplasticsurgery.com\/es\/#website","url":"https:\/\/www.avanceplasticsurgery.com\/es\/","name":"Avance Plastic Surgery","description":"","potentialAction":[{"@type":"SearchAction","target":{"@type":"EntryPoint","urlTemplate":"https:\/\/www.avanceplasticsurgery.com\/es\/?s={search_term_string}"},"query-input":{"@type":"PropertyValueSpecification","valueRequired":true,"valueName":"search_term_string"}}],"inLanguage":"es"}]}},"_links":{"self":[{"href":"https:\/\/www.avanceplasticsurgery.com\/es\/wp-json\/wp\/v2\/pages\/8894","targetHints":{"allow":["GET"]}}],"collection":[{"href":"https:\/\/www.avanceplasticsurgery.com\/es\/wp-json\/wp\/v2\/pages"}],"about":[{"href":"https:\/\/www.avanceplasticsurgery.com\/es\/wp-json\/wp\/v2\/types\/page"}],"author":[{"embeddable":true,"href":"https:\/\/www.avanceplasticsurgery.com\/es\/wp-json\/wp\/v2\/users\/1"}],"replies":[{"embeddable":true,"href":"https:\/\/www.avanceplasticsurgery.com\/es\/wp-json\/wp\/v2\/comments?post=8894"}],"version-history":[{"count":1,"href":"https:\/\/www.avanceplasticsurgery.com\/es\/wp-json\/wp\/v2\/pages\/8894\/revisions"}],"predecessor-version":[{"id":9152,"href":"https:\/\/www.avanceplasticsurgery.com\/es\/wp-json\/wp\/v2\/pages\/8894\/revisions\/9152"}],"up":[{"embeddable":true,"href":"https:\/\/www.avanceplasticsurgery.com\/es\/wp-json\/wp\/v2\/pages\/8890"}],"wp:attachment":[{"href":"https:\/\/www.avanceplasticsurgery.com\/es\/wp-json\/wp\/v2\/media?parent=8894"}],"curies":[{"name":"wp","href":"https:\/\/api.w.org\/{rel}","templated":true}]}}