{"id":8895,"date":"2020-09-11T07:55:56","date_gmt":"2020-09-11T07:55:56","guid":{"rendered":"https:\/\/www.avanceplasticsurgery.com\/procedimientos-cosmeticos-y-de-cirugia\/cirugia-de-orejas\/eliminacion-de-queloides\/"},"modified":"2022-04-25T10:54:16","modified_gmt":"2022-04-25T10:54:16","slug":"eliminacion-de-queloides","status":"publish","type":"page","link":"https:\/\/www.avanceplasticsurgery.com\/es\/procedimientos-cosmeticos-y-de-cirugia\/cirugia-de-orejas\/eliminacion-de-queloides\/","title":{"rendered":"Eliminaci\u00f3n de queloides"},"content":{"rendered":"<h1>Cirug\u00eda de eliminaci\u00f3n de queloides<\/h1>\n<p>Los queloides son el resultado de una sobreproducci\u00f3n de col\u00e1geno durante el proceso de formaci\u00f3n de cicatrices\/cicatrizaci\u00f3n de heridas. Esta sobreabundancia de material cicatricial produce una cicatriz m\u00e1s grande de lo normal que sobresale m\u00e1s all\u00e1 de la superficie de la piel. Muchos pueden desarrollarse bastante grandes y ser f\u00e1cilmente perceptibles. Los queloides m\u00e1s grandes pueden causar problemas si irritan la ropa o las joyas, o a veces pueden impedir el movimiento, seg\u00fan su ubicaci\u00f3n. Como parte de nuestros <a title=\"Reno NV Cirug\u00eda Pl\u00e1stica del O\u00eddo\" href=\"https:\/\/www.avanceplasticsurgery.com\/es\/cosmetic-and-surgery-procedures\/ear-surgery\/\">procedimientos de o\u00eddo<\/a> , el Dr. Erez Dayan puede realizar una cirug\u00eda de eliminaci\u00f3n de queloides en el Instituto de Cirug\u00eda Pl\u00e1stica Avance en Reno\/Tahoe, NV.<\/p>\n<p>Los queloides se encuentran m\u00e1s com\u00fanmente en personas de tez m\u00e1s oscura, como las etnias asi\u00e1ticas, africanas o hispanas. Tambi\u00e9n hay un componente gen\u00e9tico involucrado, por lo que si tienes familiares con queloides, tu riesgo de desarrollarlos es mayor. Los queloides tambi\u00e9n pueden volver a crecer despu\u00e9s de la eliminaci\u00f3n en algunos casos. El Dr. Dayan utiliza t\u00e9cnicas y tratamientos avanzados de eliminaci\u00f3n de queloides para evitar que vuelvan a crecer. Con estos m\u00e9todos, los pacientes tienen alrededor de un 90 % de posibilidades de volver a crecer una cicatriz queloide despu\u00e9s de su eliminaci\u00f3n.<\/p>\n<p>Los queloides generalmente ocurren con mayor frecuencia en la espalda, los hombros y el pecho, pero pueden ocurrir en cualquier lugar donde tenga una herida superficial. Pueden sentirse de manera diferente a la piel circundante, m\u00e1s gomosos o duros. Los queloides tambi\u00e9n pueden tener diferentes colores, desde marr\u00f3n hasta p\u00farpura o rosa, oscureci\u00e9ndose por la exposici\u00f3n a la luz solar. Los pacientes en Reno, Lake Tahoe y \u00e1reas circundantes pueden desarrollar queloides en diferentes momentos de la vida; sin embargo, la mayor\u00eda se experimentan a los 30 a\u00f1os.<\/p>\n<h2>Tratamiento de cicatrices queloides en Reno\/Tahoe, NV<\/h2>\n<p>Hay algunos tratamientos de cicatrices queloides no invasivos que el Dr. Dayan puede elegir primero, dependiendo de su cicatriz queloide en particular, su ubicaci\u00f3n, tama\u00f1o y otros factores. Estos pueden incluir:<\/p>\n<ul>\n<li>Inyecciones de corticosteroides<\/li>\n<li>ung\u00fcentos recetados<\/li>\n<li>Gel de silicona o l\u00e1minas<\/li>\n<li>Tratamiento con l\u00e1ser de colorante pulsado<\/li>\n<li>Criocirug\u00eda con nitr\u00f3geno l\u00edquido<\/li>\n<\/ul>\n<p>Cuando estos m\u00e9todos no logran los resultados deseados, el Dr. Dayan puede extirpar quir\u00fargicamente los queloides, utilizando t\u00e9cnicas y tratamientos posteriores para evitar que vuelvan a crecer. Examinar\u00e1 su cicatriz queloide durante una consulta y le explicar\u00e1 m\u00e1s sobre las opciones de tratamiento y sus recomendaciones. <a title=\"P\u00f3ngase en contacto con el Instituto de Cirug\u00eda Pl\u00e1stica Avance en Reno NV\" href=\"https:\/\/www.avanceplasticsurgery.com\/es\/contact-us-dr-erez-dayan\/\">Comun\u00edquese con la oficina de Reno\/Tahoe del Instituto de Cirug\u00eda Pl\u00e1stica Avance<\/a> para programar su consulta con el Dr. Dayan sobre el tratamiento de cicatrices queloides.<\/p>\n","protected":false},"excerpt":{"rendered":"<p>Cirug\u00eda de eliminaci\u00f3n de queloides Los queloides son el resultado de una sobreproducci\u00f3n de col\u00e1geno durante el proceso de&hellip;<\/p>\n","protected":false},"author":1,"featured_media":0,"parent":8890,"menu_order":0,"comment_status":"closed","ping_status":"closed","template":"","meta":{"_acf_changed":false,"footnotes":""},"class_list":["post-8895","page","type-page","status-publish"],"acf":[],"yoast_head":"<!-- This site is optimized with the Yoast SEO plugin v25.6 - https:\/\/yoast.com\/wordpress\/plugins\/seo\/ -->\n<title>Reno NV Cirug\u00eda de eliminaci\u00f3n de queloides | Tratamiento de cicatrices queloides de Lake Tahoe<\/title>\n<meta name=\"description\" content=\"Cuando otros tratamientos no producen el resultado deseado, el Dr. Dayan puede realizar una cirug\u00eda de eliminaci\u00f3n de queloides, utilizando t\u00e9cnicas avanzadas y tratamientos posteriores para evitar que vuelvan a crecer. Llame al Instituto de Cirug\u00eda Pl\u00e1stica Avance en Reno, NV, para una consulta.\" \/>\n<meta name=\"robots\" content=\"index, follow, max-snippet:-1, max-image-preview:large, max-video-preview:-1\" \/>\n<link rel=\"canonical\" href=\"https:\/\/www.avanceplasticsurgery.com\/es\/procedimientos-cosmeticos-y-de-cirugia\/cirugia-de-orejas\/eliminacion-de-queloides\/\" \/>\n<meta property=\"og:locale\" content=\"es_ES\" \/>\n<meta property=\"og:type\" content=\"article\" \/>\n<meta property=\"og:title\" content=\"Reno NV Cirug\u00eda de eliminaci\u00f3n de queloides | Tratamiento de cicatrices queloides de Lake Tahoe\" \/>\n<meta property=\"og:description\" content=\"Cuando otros tratamientos no producen el resultado deseado, el Dr. Dayan puede realizar una cirug\u00eda de eliminaci\u00f3n de queloides, utilizando t\u00e9cnicas avanzadas y tratamientos posteriores para evitar que vuelvan a crecer. Llame al Instituto de Cirug\u00eda Pl\u00e1stica Avance en Reno, NV, para una consulta.\" \/>\n<meta property=\"og:url\" content=\"https:\/\/www.avanceplasticsurgery.com\/es\/procedimientos-cosmeticos-y-de-cirugia\/cirugia-de-orejas\/eliminacion-de-queloides\/\" \/>\n<meta property=\"og:site_name\" content=\"Avance Plastic Surgery\" \/>\n<meta property=\"article:modified_time\" content=\"2022-04-25T10:54:16+00:00\" \/>\n<meta name=\"twitter:card\" content=\"summary_large_image\" \/>\n<meta name=\"twitter:label1\" content=\"Tiempo de lectura\" \/>\n\t<meta name=\"twitter:data1\" content=\"2 minutos\" \/>\n<!-- \/ Yoast SEO plugin. -->","yoast_head_json":{"title":"Reno NV Cirug\u00eda de eliminaci\u00f3n de queloides | Tratamiento de cicatrices queloides de Lake Tahoe","description":"Cuando otros tratamientos no producen el resultado deseado, el Dr. Dayan puede realizar una cirug\u00eda de eliminaci\u00f3n de queloides, utilizando t\u00e9cnicas avanzadas y tratamientos posteriores para evitar que vuelvan a crecer. Llame al Instituto de Cirug\u00eda Pl\u00e1stica Avance en Reno, NV, para una consulta.","robots":{"index":"index","follow":"follow","max-snippet":"max-snippet:-1","max-image-preview":"max-image-preview:large","max-video-preview":"max-video-preview:-1"},"canonical":"https:\/\/www.avanceplasticsurgery.com\/es\/procedimientos-cosmeticos-y-de-cirugia\/cirugia-de-orejas\/eliminacion-de-queloides\/","og_locale":"es_ES","og_type":"article","og_title":"Reno NV Cirug\u00eda de eliminaci\u00f3n de queloides | Tratamiento de cicatrices queloides de Lake Tahoe","og_description":"Cuando otros tratamientos no producen el resultado deseado, el Dr. Dayan puede realizar una cirug\u00eda de eliminaci\u00f3n de queloides, utilizando t\u00e9cnicas avanzadas y tratamientos posteriores para evitar que vuelvan a crecer. Llame al Instituto de Cirug\u00eda Pl\u00e1stica Avance en Reno, NV, para una consulta.","og_url":"https:\/\/www.avanceplasticsurgery.com\/es\/procedimientos-cosmeticos-y-de-cirugia\/cirugia-de-orejas\/eliminacion-de-queloides\/","og_site_name":"Avance Plastic Surgery","article_modified_time":"2022-04-25T10:54:16+00:00","twitter_card":"summary_large_image","twitter_misc":{"Tiempo de lectura":"2 minutos"},"schema":{"@context":"https:\/\/schema.org","@graph":[{"@type":"WebPage","@id":"https:\/\/www.avanceplasticsurgery.com\/es\/procedimientos-cosmeticos-y-de-cirugia\/cirugia-de-orejas\/eliminacion-de-queloides\/","url":"https:\/\/www.avanceplasticsurgery.com\/es\/procedimientos-cosmeticos-y-de-cirugia\/cirugia-de-orejas\/eliminacion-de-queloides\/","name":"Reno NV Cirug\u00eda de eliminaci\u00f3n de queloides | Tratamiento de cicatrices queloides de Lake Tahoe","isPartOf":{"@id":"https:\/\/www.avanceplasticsurgery.com\/es\/#website"},"datePublished":"2020-09-11T07:55:56+00:00","dateModified":"2022-04-25T10:54:16+00:00","description":"Cuando otros tratamientos no producen el resultado deseado, el Dr. Dayan puede realizar una cirug\u00eda de eliminaci\u00f3n de queloides, utilizando t\u00e9cnicas avanzadas y tratamientos posteriores para evitar que vuelvan a crecer. Llame al Instituto de Cirug\u00eda Pl\u00e1stica Avance en Reno, NV, para una consulta.","breadcrumb":{"@id":"https:\/\/www.avanceplasticsurgery.com\/es\/procedimientos-cosmeticos-y-de-cirugia\/cirugia-de-orejas\/eliminacion-de-queloides\/#breadcrumb"},"inLanguage":"es","potentialAction":[{"@type":"ReadAction","target":["https:\/\/www.avanceplasticsurgery.com\/es\/procedimientos-cosmeticos-y-de-cirugia\/cirugia-de-orejas\/eliminacion-de-queloides\/"]}]},{"@type":"BreadcrumbList","@id":"https:\/\/www.avanceplasticsurgery.com\/es\/procedimientos-cosmeticos-y-de-cirugia\/cirugia-de-orejas\/eliminacion-de-queloides\/#breadcrumb","itemListElement":[{"@type":"ListItem","position":1,"name":"Home","item":"https:\/\/www.avanceplasticsurgery.com\/es\/"},{"@type":"ListItem","position":2,"name":"Cosm\u00e9tica","item":"https:\/\/www.avanceplasticsurgery.com\/es\/procedimientos-cosmeticos-y-de-cirugia\/"},{"@type":"ListItem","position":3,"name":"Cirug\u00eda de orejas","item":"https:\/\/www.avanceplasticsurgery.com\/es\/procedimientos-cosmeticos-y-de-cirugia\/cirugia-de-orejas\/"},{"@type":"ListItem","position":4,"name":"Eliminaci\u00f3n de queloides"}]},{"@type":"WebSite","@id":"https:\/\/www.avanceplasticsurgery.com\/es\/#website","url":"https:\/\/www.avanceplasticsurgery.com\/es\/","name":"Avance Plastic Surgery","description":"","potentialAction":[{"@type":"SearchAction","target":{"@type":"EntryPoint","urlTemplate":"https:\/\/www.avanceplasticsurgery.com\/es\/?s={search_term_string}"},"query-input":{"@type":"PropertyValueSpecification","valueRequired":true,"valueName":"search_term_string"}}],"inLanguage":"es"}]}},"_links":{"self":[{"href":"https:\/\/www.avanceplasticsurgery.com\/es\/wp-json\/wp\/v2\/pages\/8895","targetHints":{"allow":["GET"]}}],"collection":[{"href":"https:\/\/www.avanceplasticsurgery.com\/es\/wp-json\/wp\/v2\/pages"}],"about":[{"href":"https:\/\/www.avanceplasticsurgery.com\/es\/wp-json\/wp\/v2\/types\/page"}],"author":[{"embeddable":true,"href":"https:\/\/www.avanceplasticsurgery.com\/es\/wp-json\/wp\/v2\/users\/1"}],"replies":[{"embeddable":true,"href":"https:\/\/www.avanceplasticsurgery.com\/es\/wp-json\/wp\/v2\/comments?post=8895"}],"version-history":[{"count":1,"href":"https:\/\/www.avanceplasticsurgery.com\/es\/wp-json\/wp\/v2\/pages\/8895\/revisions"}],"predecessor-version":[{"id":9149,"href":"https:\/\/www.avanceplasticsurgery.com\/es\/wp-json\/wp\/v2\/pages\/8895\/revisions\/9149"}],"up":[{"embeddable":true,"href":"https:\/\/www.avanceplasticsurgery.com\/es\/wp-json\/wp\/v2\/pages\/8890"}],"wp:attachment":[{"href":"https:\/\/www.avanceplasticsurgery.com\/es\/wp-json\/wp\/v2\/media?parent=8895"}],"curies":[{"name":"wp","href":"https:\/\/api.w.org\/{rel}","templated":true}]}}