{"id":8896,"date":"2020-09-15T23:00:01","date_gmt":"2020-09-15T23:00:01","guid":{"rendered":"https:\/\/www.avanceplasticsurgery.com\/procedimientos-cosmeticos-y-de-cirugia\/cirugia-de-orejas\/microtia\/"},"modified":"2022-04-25T10:56:10","modified_gmt":"2022-04-25T10:56:10","slug":"microtia","status":"publish","type":"page","link":"https:\/\/www.avanceplasticsurgery.com\/es\/procedimientos-cosmeticos-y-de-cirugia\/cirugia-de-orejas\/microtia\/","title":{"rendered":"Microtia"},"content":{"rendered":"<h1>Cirug\u00eda de microtia<\/h1>\n<p>La microtia, tambi\u00e9n llamada \u201coreja peque\u00f1a\u201d, es una deformidad cong\u00e9nita en la que las orejas son excesivamente peque\u00f1as y posiblemente incluso malformadas. No existe una causa espec\u00edfica, pero la microtia puede ocurrir junto con ciertos s\u00edndromes y es m\u00e1s frecuente en beb\u00e9s de madres diab\u00e9ticas o que estuvieron expuestas a ciertas sustancias antes del nacimiento. En la microtia, debido a problemas con la formaci\u00f3n de tejido, las orejas simplemente no se desarrollan completa o correctamente. En algunos casos, esto es parte de un problema funcional que involucra el o\u00eddo interno. En estos casos, el Dr. Dayan coordina la cirug\u00eda de microtia para corregir la deformidad f\u00edsica del o\u00eddo con el tratamiento de un otorrinolaring\u00f3logo.<\/p>\n<p>En muchos pacientes, la microtia es el \u00fanico problema, dej\u00e1ndolos sin problemas auditivos, solo <a title=\"Reno NV Cirug\u00eda Pl\u00e1stica del O\u00eddo\" href=\"https:\/\/www.avanceplasticsurgery.com\/es\/cosmetic-and-surgery-procedures\/ear-surgery\/\">preocupaciones est\u00e9ticas de los o\u00eddos<\/a> . El Dr. Dayan puede realizar una cirug\u00eda de microtia para crear una oreja completamente formada y de apariencia natural. Sin mucho material con el que empezar a trabajar, es probable que tenga que reconstruir una oreja completamente nueva a partir de cart\u00edlago extra\u00eddo de su propio cuerpo.<\/p>\n<h2>Reparaci\u00f3n de deformidades cong\u00e9nitas del o\u00eddo<\/h2>\n<p>Al igual que con cualquier reparaci\u00f3n de deformidad cong\u00e9nita del o\u00eddo, el Dr. Dayan puede realizar correcciones tanto en ni\u00f1os como en adultos. La mayor\u00eda de las deformidades del o\u00eddo se detectan temprano en la vida, y los padres est\u00e1n ansiosos por corregirlas lo antes posible para evitar la verg\u00fcenza y el rid\u00edculo de sus seres queridos. La oreja debe haber dejado de crecer antes de que se pueda reparar cualquier deformidad cong\u00e9nita de la oreja. Esto suele ser alrededor de los siete a\u00f1os.<\/p>\n<p>La cirug\u00eda de microtia generalmente se maneja en etapas, y existen varios m\u00e9todos que el Dr. Dayan puede elegir para completar la cirug\u00eda de reconstrucci\u00f3n del o\u00eddo por microtia. Una reconstrucci\u00f3n completa requerir\u00e1 m\u00faltiples procedimientos. El Dr. Dayan puede explicar m\u00e1s y brindar recomendaciones espec\u00edficas despu\u00e9s de reunirse con usted y\/o su hijo en una consulta confidencial en su oficina en Reno\/Tahoe.<\/p>\n<p><a title=\"P\u00f3ngase en contacto con el Instituto de Cirug\u00eda Pl\u00e1stica Avance en Reno NV\" href=\"https:\/\/www.avanceplasticsurgery.com\/es\/contact-us-dr-erez-dayan\/\">Comun\u00edquese con Avance Plastic Surgery Institute<\/a> para programar una consulta de cirug\u00eda de reparaci\u00f3n de microtia con el Dr. Dayan. Tambi\u00e9n ofrecemos consultas virtuales para pacientes fuera del \u00e1rea de Reno y Lake Tahoe. El Dr. Dayan puede ofrecer asesoramiento y explicar las opciones quir\u00fargicas por videoconferencia, lo que le permite tomar decisiones m\u00e1s informadas sobre su atenci\u00f3n antes de planificar cualquier viaje.<\/p>\n","protected":false},"excerpt":{"rendered":"<p>Cirug\u00eda de microtia La microtia, tambi\u00e9n llamada \u201coreja peque\u00f1a\u201d, es una deformidad cong\u00e9nita en la que las orejas son&hellip;<\/p>\n","protected":false},"author":1,"featured_media":0,"parent":8890,"menu_order":0,"comment_status":"closed","ping_status":"closed","template":"","meta":{"_acf_changed":false,"footnotes":""},"class_list":["post-8896","page","type-page","status-publish"],"acf":[],"yoast_head":"<!-- This site is optimized with the Yoast SEO plugin v25.6 - https:\/\/yoast.com\/wordpress\/plugins\/seo\/ -->\n<title>Reno NV Microtia Cirug\u00eda | Reparaci\u00f3n de deformidades cong\u00e9nitas del o\u00eddo en Lake Tahoe<\/title>\n<meta name=\"description\" content=\"La cirug\u00eda de microtia busca corregir la \u201coreja peque\u00f1a\u201d, una deformidad cong\u00e9nita en la que el tejido de la oreja no se desarrolla correctamente o no se desarrolla en absoluto. El Dr. Erez Dayan realiza esta cirug\u00eda en ni\u00f1os o adultos en el Instituto de Cirug\u00eda Pl\u00e1stica Avance en Reno. Llame hoy para una consulta.\" \/>\n<meta name=\"robots\" content=\"index, follow, max-snippet:-1, max-image-preview:large, max-video-preview:-1\" \/>\n<link rel=\"canonical\" href=\"https:\/\/www.avanceplasticsurgery.com\/es\/procedimientos-cosmeticos-y-de-cirugia\/cirugia-de-orejas\/microtia\/\" \/>\n<meta property=\"og:locale\" content=\"es_ES\" \/>\n<meta property=\"og:type\" content=\"article\" \/>\n<meta property=\"og:title\" content=\"Reno NV Microtia Cirug\u00eda | Reparaci\u00f3n de deformidades cong\u00e9nitas del o\u00eddo en Lake Tahoe\" \/>\n<meta property=\"og:description\" content=\"La cirug\u00eda de microtia busca corregir la \u201coreja peque\u00f1a\u201d, una deformidad cong\u00e9nita en la que el tejido de la oreja no se desarrolla correctamente o no se desarrolla en absoluto. El Dr. Erez Dayan realiza esta cirug\u00eda en ni\u00f1os o adultos en el Instituto de Cirug\u00eda Pl\u00e1stica Avance en Reno. Llame hoy para una consulta.\" \/>\n<meta property=\"og:url\" content=\"https:\/\/www.avanceplasticsurgery.com\/es\/procedimientos-cosmeticos-y-de-cirugia\/cirugia-de-orejas\/microtia\/\" \/>\n<meta property=\"og:site_name\" content=\"Avance Plastic Surgery\" \/>\n<meta property=\"article:modified_time\" content=\"2022-04-25T10:56:10+00:00\" \/>\n<meta name=\"twitter:card\" content=\"summary_large_image\" \/>\n<meta name=\"twitter:label1\" content=\"Tiempo de lectura\" \/>\n\t<meta name=\"twitter:data1\" content=\"2 minutos\" \/>\n<!-- \/ Yoast SEO plugin. -->","yoast_head_json":{"title":"Reno NV Microtia Cirug\u00eda | Reparaci\u00f3n de deformidades cong\u00e9nitas del o\u00eddo en Lake Tahoe","description":"La cirug\u00eda de microtia busca corregir la \u201coreja peque\u00f1a\u201d, una deformidad cong\u00e9nita en la que el tejido de la oreja no se desarrolla correctamente o no se desarrolla en absoluto. El Dr. Erez Dayan realiza esta cirug\u00eda en ni\u00f1os o adultos en el Instituto de Cirug\u00eda Pl\u00e1stica Avance en Reno. Llame hoy para una consulta.","robots":{"index":"index","follow":"follow","max-snippet":"max-snippet:-1","max-image-preview":"max-image-preview:large","max-video-preview":"max-video-preview:-1"},"canonical":"https:\/\/www.avanceplasticsurgery.com\/es\/procedimientos-cosmeticos-y-de-cirugia\/cirugia-de-orejas\/microtia\/","og_locale":"es_ES","og_type":"article","og_title":"Reno NV Microtia Cirug\u00eda | Reparaci\u00f3n de deformidades cong\u00e9nitas del o\u00eddo en Lake Tahoe","og_description":"La cirug\u00eda de microtia busca corregir la \u201coreja peque\u00f1a\u201d, una deformidad cong\u00e9nita en la que el tejido de la oreja no se desarrolla correctamente o no se desarrolla en absoluto. El Dr. Erez Dayan realiza esta cirug\u00eda en ni\u00f1os o adultos en el Instituto de Cirug\u00eda Pl\u00e1stica Avance en Reno. Llame hoy para una consulta.","og_url":"https:\/\/www.avanceplasticsurgery.com\/es\/procedimientos-cosmeticos-y-de-cirugia\/cirugia-de-orejas\/microtia\/","og_site_name":"Avance Plastic Surgery","article_modified_time":"2022-04-25T10:56:10+00:00","twitter_card":"summary_large_image","twitter_misc":{"Tiempo de lectura":"2 minutos"},"schema":{"@context":"https:\/\/schema.org","@graph":[{"@type":"WebPage","@id":"https:\/\/www.avanceplasticsurgery.com\/es\/procedimientos-cosmeticos-y-de-cirugia\/cirugia-de-orejas\/microtia\/","url":"https:\/\/www.avanceplasticsurgery.com\/es\/procedimientos-cosmeticos-y-de-cirugia\/cirugia-de-orejas\/microtia\/","name":"Reno NV Microtia Cirug\u00eda | Reparaci\u00f3n de deformidades cong\u00e9nitas del o\u00eddo en Lake Tahoe","isPartOf":{"@id":"https:\/\/www.avanceplasticsurgery.com\/es\/#website"},"datePublished":"2020-09-15T23:00:01+00:00","dateModified":"2022-04-25T10:56:10+00:00","description":"La cirug\u00eda de microtia busca corregir la \u201coreja peque\u00f1a\u201d, una deformidad cong\u00e9nita en la que el tejido de la oreja no se desarrolla correctamente o no se desarrolla en absoluto. El Dr. Erez Dayan realiza esta cirug\u00eda en ni\u00f1os o adultos en el Instituto de Cirug\u00eda Pl\u00e1stica Avance en Reno. Llame hoy para una consulta.","breadcrumb":{"@id":"https:\/\/www.avanceplasticsurgery.com\/es\/procedimientos-cosmeticos-y-de-cirugia\/cirugia-de-orejas\/microtia\/#breadcrumb"},"inLanguage":"es","potentialAction":[{"@type":"ReadAction","target":["https:\/\/www.avanceplasticsurgery.com\/es\/procedimientos-cosmeticos-y-de-cirugia\/cirugia-de-orejas\/microtia\/"]}]},{"@type":"BreadcrumbList","@id":"https:\/\/www.avanceplasticsurgery.com\/es\/procedimientos-cosmeticos-y-de-cirugia\/cirugia-de-orejas\/microtia\/#breadcrumb","itemListElement":[{"@type":"ListItem","position":1,"name":"Home","item":"https:\/\/www.avanceplasticsurgery.com\/es\/"},{"@type":"ListItem","position":2,"name":"Cosm\u00e9tica","item":"https:\/\/www.avanceplasticsurgery.com\/es\/procedimientos-cosmeticos-y-de-cirugia\/"},{"@type":"ListItem","position":3,"name":"Cirug\u00eda de orejas","item":"https:\/\/www.avanceplasticsurgery.com\/es\/procedimientos-cosmeticos-y-de-cirugia\/cirugia-de-orejas\/"},{"@type":"ListItem","position":4,"name":"Microtia"}]},{"@type":"WebSite","@id":"https:\/\/www.avanceplasticsurgery.com\/es\/#website","url":"https:\/\/www.avanceplasticsurgery.com\/es\/","name":"Avance Plastic Surgery","description":"","potentialAction":[{"@type":"SearchAction","target":{"@type":"EntryPoint","urlTemplate":"https:\/\/www.avanceplasticsurgery.com\/es\/?s={search_term_string}"},"query-input":{"@type":"PropertyValueSpecification","valueRequired":true,"valueName":"search_term_string"}}],"inLanguage":"es"}]}},"_links":{"self":[{"href":"https:\/\/www.avanceplasticsurgery.com\/es\/wp-json\/wp\/v2\/pages\/8896","targetHints":{"allow":["GET"]}}],"collection":[{"href":"https:\/\/www.avanceplasticsurgery.com\/es\/wp-json\/wp\/v2\/pages"}],"about":[{"href":"https:\/\/www.avanceplasticsurgery.com\/es\/wp-json\/wp\/v2\/types\/page"}],"author":[{"embeddable":true,"href":"https:\/\/www.avanceplasticsurgery.com\/es\/wp-json\/wp\/v2\/users\/1"}],"replies":[{"embeddable":true,"href":"https:\/\/www.avanceplasticsurgery.com\/es\/wp-json\/wp\/v2\/comments?post=8896"}],"version-history":[{"count":2,"href":"https:\/\/www.avanceplasticsurgery.com\/es\/wp-json\/wp\/v2\/pages\/8896\/revisions"}],"predecessor-version":[{"id":9150,"href":"https:\/\/www.avanceplasticsurgery.com\/es\/wp-json\/wp\/v2\/pages\/8896\/revisions\/9150"}],"up":[{"embeddable":true,"href":"https:\/\/www.avanceplasticsurgery.com\/es\/wp-json\/wp\/v2\/pages\/8890"}],"wp:attachment":[{"href":"https:\/\/www.avanceplasticsurgery.com\/es\/wp-json\/wp\/v2\/media?parent=8896"}],"curies":[{"name":"wp","href":"https:\/\/api.w.org\/{rel}","templated":true}]}}