{"id":8898,"date":"2020-09-15T23:01:56","date_gmt":"2020-09-15T23:01:56","guid":{"rendered":"https:\/\/www.avanceplasticsurgery.com\/procedimientos-cosmeticos-y-de-cirugia\/cirugia-de-orejas\/otoplastia-fijacion-de-orejas\/"},"modified":"2025-09-29T19:55:36","modified_gmt":"2025-09-29T19:55:36","slug":"otoplastia-fijacion-de-orejas","status":"publish","type":"page","link":"https:\/\/www.avanceplasticsurgery.com\/es\/procedimientos-cosmeticos-y-de-cirugia\/cirugia-de-orejas\/otoplastia-fijacion-de-orejas\/","title":{"rendered":"Otoplastia, Fijaci\u00f3n de orejas"},"content":{"rendered":"<h1>Otoplastia &#8211; Cirug\u00eda pl\u00e1stica de fijaci\u00f3n de orejas<\/h1>\n<p>A veces las orejas no se forman correctamente y pueden tener una forma y\/o tama\u00f1o irregular. Una de esas manifestaciones de esta deformidad cong\u00e9nita es cuando las orejas sobresalen o sobresalen del costado de la cabeza en un grado antinatural. Si bien esto generalmente no plantea un problema funcional con la audici\u00f3n, puede causar <a title=\"Reno NV Cirug\u00eda Pl\u00e1stica del O\u00eddo\" href=\"https:\/\/www.avanceplasticsurgery.com\/es\/procedimientos-cosmeticos-y-de-cirugia\/cirugia-de-orejas\/\">problemas est\u00e9ticos y verg\u00fcenza<\/a> . El Dr. Erez Dayan es un cirujano pl\u00e1stico cosm\u00e9tico y reconstructivo altamente calificado en Reno\/Tahoe que realiza otoplastia, o cirug\u00eda pl\u00e1stica para colocar clavos en las orejas, en el Instituto de Cirug\u00eda Pl\u00e1stica Avance.<\/p>\n<p>Las orejas demasiado sobresalientes pueden causar problemas de confianza en s\u00ed mismo y autoestima, pero tambi\u00e9n pueden presentar un mayor riesgo de lesiones. Las orejas que sobresalen m\u00e1s all\u00e1 de un rango normal pueden lesionarse m\u00e1s f\u00e1cilmente en los deportes u otras actividades f\u00edsicas. El o\u00eddo humano t\u00edpico se extiende no m\u00e1s de dos cent\u00edmetros desde el lado de la cabeza, en un \u00e1ngulo de alrededor del 25% o menos. Cualquier cosa m\u00e1s puede parecer anormal y causar problemas est\u00e9ticos.<\/p>\n<p>No importa el motivo por el que te preocupes por tus orejas, si parecen sobresalir demasiado y te causan verg\u00fcenza, este es un problema leg\u00edtimo para ti. El Dr. Dayan es totalmente compasivo y comprensivo en estas circunstancias. El trabajo de su vida se ha dedicado a corregir quir\u00fargicamente deformidades y problemas cosm\u00e9ticos para ayudar a sus pacientes a vivir su mejor vida.<\/p>\n<div class=\"row\">\n<div class=\"col-md-6\">\n<button class=\"flc-yt lazyload\" data-id=\"GlsggTxXDWs\" data-title=\"Otoplasty Patient Before and After | Avance Plastic Surgery Institute: Dr. Erez Dayan | Reno, Tahoe\" data-bg=\"https:\/\/i.ytimg.com\/vi\/GlsggTxXDWs\/hqdefault.jpg\" aria-label=\"Play video Otoplasty Patient Before and After | Avance Plastic Surgery Institute: Dr. Erez Dayan | Reno, Tahoe\">  <div class=\"flc-yt__title\">Otoplasty Patient Before and After | Avance Plastic Surgery Institute: Dr. Erez Dayan | Reno, Tahoe<\/div>  <span class=\"flc-yt__play\">    <svg viewBox=\"0 0 68 48\" xmlns=\"http:\/\/www.w3.org\/2000\/svg\" aria-hidden=\"true\"><path d=\"M66.5 7.8A8.5 8.5 0 0 0 60.6 2C55.3.5 34 .5 34 .5S12.7.5 7.4 2A8.5 8.5 0 0 0 1.5 7.8C0 13.1 0 24 0 24s0 10.9 1.5 16.2A8.5 8.5 0 0 0 7.4 46C12.7 47.5 34 47.5 34 47.5s21.3 0 26.6-1.5a8.5 8.5 0 0 0 5.9-5.8C68 34.9 68 24 68 24s0-10.9-1.5-16.2Z\" fill=\"#f00\"\/><path d=\"M27 34l18-10-18-10v20Z\" fill=\"#fff\"\/><\/svg>  <\/span><\/button><\/div>\n<div class=\"col-md-6\">\n<button class=\"flc-yt lazyload\" data-id=\"cqa3WZOgDQ4\" data-title=\"Reno Otoplasty Before And After | Avance Plastic Surgery Institute: Dr. Erez Dayan\" data-bg=\"https:\/\/i.ytimg.com\/vi\/cqa3WZOgDQ4\/hqdefault.jpg\" aria-label=\"Play video Reno Otoplasty Before And After | Avance Plastic Surgery Institute: Dr. Erez Dayan\">  <div class=\"flc-yt__title\">Reno Otoplasty Before And After | Avance Plastic Surgery Institute: Dr. Erez Dayan<\/div>  <span class=\"flc-yt__play\">    <svg viewBox=\"0 0 68 48\" xmlns=\"http:\/\/www.w3.org\/2000\/svg\" aria-hidden=\"true\"><path d=\"M66.5 7.8A8.5 8.5 0 0 0 60.6 2C55.3.5 34 .5 34 .5S12.7.5 7.4 2A8.5 8.5 0 0 0 1.5 7.8C0 13.1 0 24 0 24s0 10.9 1.5 16.2A8.5 8.5 0 0 0 7.4 46C12.7 47.5 34 47.5 34 47.5s21.3 0 26.6-1.5a8.5 8.5 0 0 0 5.9-5.8C68 34.9 68 24 68 24s0-10.9-1.5-16.2Z\" fill=\"#f00\"\/><path d=\"M27 34l18-10-18-10v20Z\" fill=\"#fff\"\/><\/svg>  <\/span><\/button>\n<\/div>\n<\/div>\n<h2>Correcci\u00f3n de orejas sobresalientes en Reno<\/h2>\n<p>Su correcci\u00f3n de orejas sobresalientes en Reno\/Tahoe del Dr. Dayan se realiza de forma ambulatoria bajo anestesia local. Durante su consulta, examinar\u00e1 sus orejas y tomar\u00e1 medidas, adem\u00e1s de tomar en consideraci\u00f3n el tama\u00f1o de su cabeza, caracter\u00edsticas faciales y otros marcadores est\u00e9ticos. \u00c9l y su equipo luego compartir\u00e1n con usted c\u00f3mo el procedimiento puede hacer las correcciones necesarias en uno o ambos o\u00eddos para producir los resultados de aspecto natural que desea.<\/p>\n<p>Regresar\u00e1 a casa el mismo d\u00eda despu\u00e9s de su cirug\u00eda con instrucciones detalladas de cuidado posterior del Dr. Dayan. Cualquier molestia debe aliviarse con analg\u00e9sicos de venta libre. Es probable que use un vendaje\/banda para la cabeza durante varios d\u00edas y mientras duerme durante al menos un mes. El Dr. Dayan generalmente recomienda que espere de 7 a 10 d\u00edas para que se recupere antes de regresar al trabajo o la escuela, y que evite las actividades extenuantes durante al menos un mes.<\/p>\n<p>Puede disfrutar de unas orejas de aspecto natural despu\u00e9s de la cirug\u00eda de correcci\u00f3n de orejas sobresalientes del Dr. Erez Dayan. <a title=\"P\u00f3ngase en contacto con el Instituto de Cirug\u00eda Pl\u00e1stica Avance en Reno NV\" href=\"https:\/\/www.avanceplasticsurgery.com\/es\/contactenos\/\">Comun\u00edquese con el Instituto de Cirug\u00eda Pl\u00e1stica Avance<\/a> en Reno\/Tahoe, NV, para una consulta, durante la cual podr\u00e1 analizar sus inquietudes y obtener m\u00e1s informaci\u00f3n sobre las opciones quir\u00fargicas disponibles.<\/p>\n<p style=\"text-align: center;\"><a href=\"https:\/\/www.avanceplasticsurgery.com\/wp-content\/uploads\/2020\/10\/Otoplasty_Instructions.pdf\" class=\"btn btn-primary\" target=\"_blank\" rel=\"noopener noreferrer\">Instrucciones postoperatorias<\/a><\/p>\n","protected":false},"excerpt":{"rendered":"<p>Otoplastia &#8211; Cirug\u00eda pl\u00e1stica de fijaci\u00f3n de orejas A veces las orejas no se forman correctamente y pueden tener&hellip;<\/p>\n","protected":false},"author":1,"featured_media":0,"parent":8890,"menu_order":0,"comment_status":"closed","ping_status":"closed","template":"","meta":{"_acf_changed":false,"footnotes":""},"class_list":["post-8898","page","type-page","status-publish"],"acf":[],"yoast_head":"<!-- This site is optimized with the Yoast SEO plugin v27.5 - https:\/\/yoast.com\/product\/yoast-seo-wordpress\/ -->\n<title>Reno NV Otoplastia\/Colocaci\u00f3n de orejas | Correcci\u00f3n de orejas sobresalientes del lago Tahoe<\/title>\n<meta name=\"description\" content=\"La otoplastia, o cirug\u00eda de fijaci\u00f3n de orejas, puede corregir las orejas demasiado protuberantes para lograr una apariencia m\u00e1s natural. Este procedimiento ambulatorio est\u00e1 disponible con el Dr. Erez Dayan en Avance Plastic Surgery Institute en Reno, NV. Llame hoy para su consulta de otoplastia.\" \/>\n<meta name=\"robots\" content=\"index, follow, max-snippet:-1, max-image-preview:large, max-video-preview:-1\" \/>\n<link rel=\"canonical\" href=\"https:\/\/www.avanceplasticsurgery.com\/es\/procedimientos-cosmeticos-y-de-cirugia\/cirugia-de-orejas\/otoplastia-fijacion-de-orejas\/\" \/>\n<meta property=\"og:locale\" content=\"es_ES\" \/>\n<meta property=\"og:type\" content=\"article\" \/>\n<meta property=\"og:title\" content=\"Reno NV Otoplastia\/Colocaci\u00f3n de orejas | Correcci\u00f3n de orejas sobresalientes del lago Tahoe\" \/>\n<meta property=\"og:description\" content=\"La otoplastia, o cirug\u00eda de fijaci\u00f3n de orejas, puede corregir las orejas demasiado protuberantes para lograr una apariencia m\u00e1s natural. Este procedimiento ambulatorio est\u00e1 disponible con el Dr. Erez Dayan en Avance Plastic Surgery Institute en Reno, NV. Llame hoy para su consulta de otoplastia.\" \/>\n<meta property=\"og:url\" content=\"https:\/\/www.avanceplasticsurgery.com\/es\/procedimientos-cosmeticos-y-de-cirugia\/cirugia-de-orejas\/otoplastia-fijacion-de-orejas\/\" \/>\n<meta property=\"og:site_name\" content=\"Avance Plastic Surgery\" \/>\n<meta property=\"article:modified_time\" content=\"2025-09-29T19:55:36+00:00\" \/>\n<meta name=\"twitter:card\" content=\"summary_large_image\" \/>\n<meta name=\"twitter:label1\" content=\"Tiempo de lectura\" \/>\n\t<meta name=\"twitter:data1\" content=\"3 minutos\" \/>\n<!-- \/ Yoast SEO plugin. -->","yoast_head_json":{"title":"Reno NV Otoplastia\/Colocaci\u00f3n de orejas | Correcci\u00f3n de orejas sobresalientes del lago Tahoe","description":"La otoplastia, o cirug\u00eda de fijaci\u00f3n de orejas, puede corregir las orejas demasiado protuberantes para lograr una apariencia m\u00e1s natural. Este procedimiento ambulatorio est\u00e1 disponible con el Dr. Erez Dayan en Avance Plastic Surgery Institute en Reno, NV. Llame hoy para su consulta de otoplastia.","robots":{"index":"index","follow":"follow","max-snippet":"max-snippet:-1","max-image-preview":"max-image-preview:large","max-video-preview":"max-video-preview:-1"},"canonical":"https:\/\/www.avanceplasticsurgery.com\/es\/procedimientos-cosmeticos-y-de-cirugia\/cirugia-de-orejas\/otoplastia-fijacion-de-orejas\/","og_locale":"es_ES","og_type":"article","og_title":"Reno NV Otoplastia\/Colocaci\u00f3n de orejas | Correcci\u00f3n de orejas sobresalientes del lago Tahoe","og_description":"La otoplastia, o cirug\u00eda de fijaci\u00f3n de orejas, puede corregir las orejas demasiado protuberantes para lograr una apariencia m\u00e1s natural. Este procedimiento ambulatorio est\u00e1 disponible con el Dr. Erez Dayan en Avance Plastic Surgery Institute en Reno, NV. Llame hoy para su consulta de otoplastia.","og_url":"https:\/\/www.avanceplasticsurgery.com\/es\/procedimientos-cosmeticos-y-de-cirugia\/cirugia-de-orejas\/otoplastia-fijacion-de-orejas\/","og_site_name":"Avance Plastic Surgery","article_modified_time":"2025-09-29T19:55:36+00:00","twitter_card":"summary_large_image","twitter_misc":{"Tiempo de lectura":"3 minutos"},"schema":{"@context":"https:\/\/schema.org","@graph":[{"@type":"WebPage","@id":"https:\/\/www.avanceplasticsurgery.com\/es\/procedimientos-cosmeticos-y-de-cirugia\/cirugia-de-orejas\/otoplastia-fijacion-de-orejas\/","url":"https:\/\/www.avanceplasticsurgery.com\/es\/procedimientos-cosmeticos-y-de-cirugia\/cirugia-de-orejas\/otoplastia-fijacion-de-orejas\/","name":"Reno NV Otoplastia\/Colocaci\u00f3n de orejas | Correcci\u00f3n de orejas sobresalientes del lago Tahoe","isPartOf":{"@id":"https:\/\/www.avanceplasticsurgery.com\/es\/#website"},"datePublished":"2020-09-15T23:01:56+00:00","dateModified":"2025-09-29T19:55:36+00:00","description":"La otoplastia, o cirug\u00eda de fijaci\u00f3n de orejas, puede corregir las orejas demasiado protuberantes para lograr una apariencia m\u00e1s natural. Este procedimiento ambulatorio est\u00e1 disponible con el Dr. Erez Dayan en Avance Plastic Surgery Institute en Reno, NV. Llame hoy para su consulta de otoplastia.","breadcrumb":{"@id":"https:\/\/www.avanceplasticsurgery.com\/es\/procedimientos-cosmeticos-y-de-cirugia\/cirugia-de-orejas\/otoplastia-fijacion-de-orejas\/#breadcrumb"},"inLanguage":"es","potentialAction":[{"@type":"ReadAction","target":["https:\/\/www.avanceplasticsurgery.com\/es\/procedimientos-cosmeticos-y-de-cirugia\/cirugia-de-orejas\/otoplastia-fijacion-de-orejas\/"]}]},{"@type":"BreadcrumbList","@id":"https:\/\/www.avanceplasticsurgery.com\/es\/procedimientos-cosmeticos-y-de-cirugia\/cirugia-de-orejas\/otoplastia-fijacion-de-orejas\/#breadcrumb","itemListElement":[{"@type":"ListItem","position":1,"name":"Home","item":"https:\/\/www.avanceplasticsurgery.com\/es\/"},{"@type":"ListItem","position":2,"name":"Cosm\u00e9tica","item":"https:\/\/www.avanceplasticsurgery.com\/es\/procedimientos-cosmeticos-y-de-cirugia\/"},{"@type":"ListItem","position":3,"name":"Cirug\u00eda de orejas","item":"https:\/\/www.avanceplasticsurgery.com\/es\/procedimientos-cosmeticos-y-de-cirugia\/cirugia-de-orejas\/"},{"@type":"ListItem","position":4,"name":"Otoplastia, Fijaci\u00f3n de orejas"}]},{"@type":"WebSite","@id":"https:\/\/www.avanceplasticsurgery.com\/es\/#website","url":"https:\/\/www.avanceplasticsurgery.com\/es\/","name":"Avance Plastic Surgery","description":"","potentialAction":[{"@type":"SearchAction","target":{"@type":"EntryPoint","urlTemplate":"https:\/\/www.avanceplasticsurgery.com\/es\/?s={search_term_string}"},"query-input":{"@type":"PropertyValueSpecification","valueRequired":true,"valueName":"search_term_string"}}],"inLanguage":"es"}]}},"_links":{"self":[{"href":"https:\/\/www.avanceplasticsurgery.com\/es\/wp-json\/wp\/v2\/pages\/8898","targetHints":{"allow":["GET"]}}],"collection":[{"href":"https:\/\/www.avanceplasticsurgery.com\/es\/wp-json\/wp\/v2\/pages"}],"about":[{"href":"https:\/\/www.avanceplasticsurgery.com\/es\/wp-json\/wp\/v2\/types\/page"}],"author":[{"embeddable":true,"href":"https:\/\/www.avanceplasticsurgery.com\/es\/wp-json\/wp\/v2\/users\/1"}],"replies":[{"embeddable":true,"href":"https:\/\/www.avanceplasticsurgery.com\/es\/wp-json\/wp\/v2\/comments?post=8898"}],"version-history":[{"count":2,"href":"https:\/\/www.avanceplasticsurgery.com\/es\/wp-json\/wp\/v2\/pages\/8898\/revisions"}],"predecessor-version":[{"id":14374,"href":"https:\/\/www.avanceplasticsurgery.com\/es\/wp-json\/wp\/v2\/pages\/8898\/revisions\/14374"}],"up":[{"embeddable":true,"href":"https:\/\/www.avanceplasticsurgery.com\/es\/wp-json\/wp\/v2\/pages\/8890"}],"wp:attachment":[{"href":"https:\/\/www.avanceplasticsurgery.com\/es\/wp-json\/wp\/v2\/media?parent=8898"}],"curies":[{"name":"wp","href":"https:\/\/api.w.org\/{rel}","templated":true}]}}