{"id":8899,"date":"2020-09-15T23:03:31","date_gmt":"2020-09-15T23:03:31","guid":{"rendered":"https:\/\/www.avanceplasticsurgery.com\/procedimientos-cosmeticos-y-de-cirugia\/cirugia-de-orejas\/reparacion-de-lobulo-desgarrado\/"},"modified":"2022-04-25T10:57:15","modified_gmt":"2022-04-25T10:57:15","slug":"reparacion-de-lobulo-desgarrado","status":"publish","type":"page","link":"https:\/\/www.avanceplasticsurgery.com\/es\/procedimientos-cosmeticos-y-de-cirugia\/cirugia-de-orejas\/reparacion-de-lobulo-desgarrado\/","title":{"rendered":"Reparaci\u00f3n de l\u00f3bulo desgarrado"},"content":{"rendered":"<h1>Cirug\u00eda pl\u00e1stica de reparaci\u00f3n de l\u00f3bulo desgarrado<\/h1>\n<p>El l\u00f3bulo de la oreja es peque\u00f1o y flexible, capaz de estirarse y doblarse para su propia protecci\u00f3n. Sin embargo, puede romperse debido a un traumatismo o al uso extensivo de ornamentaci\u00f3n. Algunos accidentes pueden lesionar la cabeza, la oreja y el l\u00f3bulo de la oreja, lo que requiere que el l\u00f3bulo de la oreja necesite reparaciones. Algunos deportes conllevan un alto riesgo de golpes en la cabeza que podr\u00edan da\u00f1ar el l\u00f3bulo de la oreja. Los altercados personales pueden resultar en una <a title=\"Reno NV Cirug\u00eda Pl\u00e1stica del O\u00eddo\" href=\"https:\/\/www.avanceplasticsurgery.com\/es\/cosmetic-and-surgery-procedures\/ear-surgery\/\">oreja y un l\u00f3bulo da\u00f1ados<\/a> . Incluso los aretes o los calibres pesados pueden estirar demasiado el l\u00f3bulo de la oreja y da\u00f1arlo. El Dr. Erez Dayan realiza una cirug\u00eda pl\u00e1stica de reparaci\u00f3n de l\u00f3bulo desgarrado en Reno\/Tahoe, NV.<\/p>\n<p>Avance Plastic Surgery Institute es uno de los centros de cirug\u00eda pl\u00e1stica m\u00e1s destacados de los Estados Unidos y alberga programas de investigaci\u00f3n est\u00e9tica, as\u00ed como t\u00e9cnicas avanzadas de cirug\u00eda pl\u00e1stica y sesiones de instrucci\u00f3n. El Dr. Erez Dayan es un cirujano pl\u00e1stico est\u00e9tico y reconstructivo calificado en el Instituto de Cirug\u00eda Pl\u00e1stica Avance que realiza numerosas cirug\u00edas avanzadas para pacientes de todo Estados Unidos.<\/p>\n<p>Como renombrado cirujano pl\u00e1stico est\u00e9tico y reconstructivo, su cirug\u00eda pl\u00e1stica de reparaci\u00f3n de l\u00f3bulo desgarrado no podr\u00eda ser realizada por un mejor m\u00e9dico especialista. El Dr. Dayan ha desarrollado y demostrado muchas t\u00e9cnicas innovadoras de cirug\u00eda pl\u00e1stica, incluidos los procedimientos de reconstrucci\u00f3n cosm\u00e9tica en la oreja para reparar da\u00f1os por traumatismos o defectos cong\u00e9nitos.<\/p>\n<h2>Reparaci\u00f3n y reconstrucci\u00f3n del l\u00f3bulo de la oreja del lago Tahoe<\/h2>\n<p>El Dr. Dayan es un experto reconocido en la reconstrucci\u00f3n y reparaci\u00f3n del l\u00f3bulo de la oreja para pacientes en Lake Tahoe, Reno y en todo Nevada y el resto de los Estados Unidos. Como cirujano pl\u00e1stico experimentado, ha reparado l\u00f3bulos de las orejas desgarrados como resultado de numerosas lesiones y causas. Tiene la capacitaci\u00f3n y el conocimiento para reparar o reconstruir los l\u00f3bulos de las orejas desgarrados, incluso si queda muy poco con lo que trabajar.<\/p>\n<p>En algunos casos, el trauma del l\u00f3bulo de la oreja puede ser tan extenso que es necesario un injerto de cart\u00edlago de otra parte del cuerpo. El Dr. Dayan puede usar cart\u00edlago de costilla u otros materiales m\u00e9dicos para construir un marco y construir completamente un nuevo l\u00f3bulo de la oreja. El alcance de sus reparaciones y las opciones que recomendar\u00e1 el Dr. Dayan se adaptar\u00e1n a sus necesidades espec\u00edficas, comenzando con medidas y un examen durante su consulta personal en su oficina de Reno\/Tahoe.<\/p>\n<p>Los traumatismos, la ornamentaci\u00f3n u otras causas no tienen por qu\u00e9 dejarte escondiendo los l\u00f3bulos de las orejas bajo el pelo largo o sombreros. El Dr. Dayan realiza reparaciones de reconstrucci\u00f3n del l\u00f3bulo de la oreja en el Instituto de Cirug\u00eda Pl\u00e1stica Avance en Reno\/Tahoe, NV. <a title=\"P\u00f3ngase en contacto con el Instituto de Cirug\u00eda Pl\u00e1stica Avance en Reno NV\" href=\"https:\/\/www.avanceplasticsurgery.com\/es\/contact-us-dr-erez-dayan\/\">Cont\u00e1ctenos<\/a> hoy para programar una consulta para cirug\u00eda pl\u00e1stica de reparaci\u00f3n de l\u00f3bulo desgarrado.<\/p>\n","protected":false},"excerpt":{"rendered":"<p>Cirug\u00eda pl\u00e1stica de reparaci\u00f3n de l\u00f3bulo desgarrado El l\u00f3bulo de la oreja es peque\u00f1o y flexible, capaz de estirarse&hellip;<\/p>\n","protected":false},"author":1,"featured_media":0,"parent":8890,"menu_order":0,"comment_status":"closed","ping_status":"closed","template":"","meta":{"_acf_changed":false,"footnotes":""},"class_list":["post-8899","page","type-page","status-publish"],"acf":[],"yoast_head":"<!-- This site is optimized with the Yoast SEO plugin v25.6 - https:\/\/yoast.com\/wordpress\/plugins\/seo\/ -->\n<title>Reparaci\u00f3n del l\u00f3bulo de la oreja desgarrado de Reno NV | Cirug\u00eda pl\u00e1stica del l\u00f3bulo de la oreja en Lake Tahoe<\/title>\n<meta name=\"description\" content=\"La cirug\u00eda pl\u00e1stica de reparaci\u00f3n del l\u00f3bulo desgarrado a veces es necesaria debido a lesiones por traumatismo o ornamentaci\u00f3n excesiva de la oreja. El Dr. Erez Dayan realiza una reparaci\u00f3n y reconstrucci\u00f3n del l\u00f3bulo de la oreja desgarrado en el Instituto de Cirug\u00eda Pl\u00e1stica Avance cerca del lago Tahoe en Reno, NV.\" \/>\n<meta name=\"robots\" content=\"index, follow, max-snippet:-1, max-image-preview:large, max-video-preview:-1\" \/>\n<link rel=\"canonical\" href=\"https:\/\/www.avanceplasticsurgery.com\/es\/procedimientos-cosmeticos-y-de-cirugia\/cirugia-de-orejas\/reparacion-de-lobulo-desgarrado\/\" \/>\n<meta property=\"og:locale\" content=\"es_ES\" \/>\n<meta property=\"og:type\" content=\"article\" \/>\n<meta property=\"og:title\" content=\"Reparaci\u00f3n del l\u00f3bulo de la oreja desgarrado de Reno NV | Cirug\u00eda pl\u00e1stica del l\u00f3bulo de la oreja en Lake Tahoe\" \/>\n<meta property=\"og:description\" content=\"La cirug\u00eda pl\u00e1stica de reparaci\u00f3n del l\u00f3bulo desgarrado a veces es necesaria debido a lesiones por traumatismo o ornamentaci\u00f3n excesiva de la oreja. El Dr. Erez Dayan realiza una reparaci\u00f3n y reconstrucci\u00f3n del l\u00f3bulo de la oreja desgarrado en el Instituto de Cirug\u00eda Pl\u00e1stica Avance cerca del lago Tahoe en Reno, NV.\" \/>\n<meta property=\"og:url\" content=\"https:\/\/www.avanceplasticsurgery.com\/es\/procedimientos-cosmeticos-y-de-cirugia\/cirugia-de-orejas\/reparacion-de-lobulo-desgarrado\/\" \/>\n<meta property=\"og:site_name\" content=\"Avance Plastic Surgery\" \/>\n<meta property=\"article:modified_time\" content=\"2022-04-25T10:57:15+00:00\" \/>\n<meta name=\"twitter:card\" content=\"summary_large_image\" \/>\n<meta name=\"twitter:label1\" content=\"Tiempo de lectura\" \/>\n\t<meta name=\"twitter:data1\" content=\"3 minutos\" \/>\n<!-- \/ Yoast SEO plugin. -->","yoast_head_json":{"title":"Reparaci\u00f3n del l\u00f3bulo de la oreja desgarrado de Reno NV | Cirug\u00eda pl\u00e1stica del l\u00f3bulo de la oreja en Lake Tahoe","description":"La cirug\u00eda pl\u00e1stica de reparaci\u00f3n del l\u00f3bulo desgarrado a veces es necesaria debido a lesiones por traumatismo o ornamentaci\u00f3n excesiva de la oreja. El Dr. Erez Dayan realiza una reparaci\u00f3n y reconstrucci\u00f3n del l\u00f3bulo de la oreja desgarrado en el Instituto de Cirug\u00eda Pl\u00e1stica Avance cerca del lago Tahoe en Reno, NV.","robots":{"index":"index","follow":"follow","max-snippet":"max-snippet:-1","max-image-preview":"max-image-preview:large","max-video-preview":"max-video-preview:-1"},"canonical":"https:\/\/www.avanceplasticsurgery.com\/es\/procedimientos-cosmeticos-y-de-cirugia\/cirugia-de-orejas\/reparacion-de-lobulo-desgarrado\/","og_locale":"es_ES","og_type":"article","og_title":"Reparaci\u00f3n del l\u00f3bulo de la oreja desgarrado de Reno NV | Cirug\u00eda pl\u00e1stica del l\u00f3bulo de la oreja en Lake Tahoe","og_description":"La cirug\u00eda pl\u00e1stica de reparaci\u00f3n del l\u00f3bulo desgarrado a veces es necesaria debido a lesiones por traumatismo o ornamentaci\u00f3n excesiva de la oreja. El Dr. Erez Dayan realiza una reparaci\u00f3n y reconstrucci\u00f3n del l\u00f3bulo de la oreja desgarrado en el Instituto de Cirug\u00eda Pl\u00e1stica Avance cerca del lago Tahoe en Reno, NV.","og_url":"https:\/\/www.avanceplasticsurgery.com\/es\/procedimientos-cosmeticos-y-de-cirugia\/cirugia-de-orejas\/reparacion-de-lobulo-desgarrado\/","og_site_name":"Avance Plastic Surgery","article_modified_time":"2022-04-25T10:57:15+00:00","twitter_card":"summary_large_image","twitter_misc":{"Tiempo de lectura":"3 minutos"},"schema":{"@context":"https:\/\/schema.org","@graph":[{"@type":"WebPage","@id":"https:\/\/www.avanceplasticsurgery.com\/es\/procedimientos-cosmeticos-y-de-cirugia\/cirugia-de-orejas\/reparacion-de-lobulo-desgarrado\/","url":"https:\/\/www.avanceplasticsurgery.com\/es\/procedimientos-cosmeticos-y-de-cirugia\/cirugia-de-orejas\/reparacion-de-lobulo-desgarrado\/","name":"Reparaci\u00f3n del l\u00f3bulo de la oreja desgarrado de Reno NV | Cirug\u00eda pl\u00e1stica del l\u00f3bulo de la oreja en Lake Tahoe","isPartOf":{"@id":"https:\/\/www.avanceplasticsurgery.com\/es\/#website"},"datePublished":"2020-09-15T23:03:31+00:00","dateModified":"2022-04-25T10:57:15+00:00","description":"La cirug\u00eda pl\u00e1stica de reparaci\u00f3n del l\u00f3bulo desgarrado a veces es necesaria debido a lesiones por traumatismo o ornamentaci\u00f3n excesiva de la oreja. El Dr. Erez Dayan realiza una reparaci\u00f3n y reconstrucci\u00f3n del l\u00f3bulo de la oreja desgarrado en el Instituto de Cirug\u00eda Pl\u00e1stica Avance cerca del lago Tahoe en Reno, NV.","breadcrumb":{"@id":"https:\/\/www.avanceplasticsurgery.com\/es\/procedimientos-cosmeticos-y-de-cirugia\/cirugia-de-orejas\/reparacion-de-lobulo-desgarrado\/#breadcrumb"},"inLanguage":"es","potentialAction":[{"@type":"ReadAction","target":["https:\/\/www.avanceplasticsurgery.com\/es\/procedimientos-cosmeticos-y-de-cirugia\/cirugia-de-orejas\/reparacion-de-lobulo-desgarrado\/"]}]},{"@type":"BreadcrumbList","@id":"https:\/\/www.avanceplasticsurgery.com\/es\/procedimientos-cosmeticos-y-de-cirugia\/cirugia-de-orejas\/reparacion-de-lobulo-desgarrado\/#breadcrumb","itemListElement":[{"@type":"ListItem","position":1,"name":"Home","item":"https:\/\/www.avanceplasticsurgery.com\/es\/"},{"@type":"ListItem","position":2,"name":"Cosm\u00e9tica","item":"https:\/\/www.avanceplasticsurgery.com\/es\/procedimientos-cosmeticos-y-de-cirugia\/"},{"@type":"ListItem","position":3,"name":"Cirug\u00eda de orejas","item":"https:\/\/www.avanceplasticsurgery.com\/es\/procedimientos-cosmeticos-y-de-cirugia\/cirugia-de-orejas\/"},{"@type":"ListItem","position":4,"name":"Reparaci\u00f3n de l\u00f3bulo desgarrado"}]},{"@type":"WebSite","@id":"https:\/\/www.avanceplasticsurgery.com\/es\/#website","url":"https:\/\/www.avanceplasticsurgery.com\/es\/","name":"Avance Plastic Surgery","description":"","potentialAction":[{"@type":"SearchAction","target":{"@type":"EntryPoint","urlTemplate":"https:\/\/www.avanceplasticsurgery.com\/es\/?s={search_term_string}"},"query-input":{"@type":"PropertyValueSpecification","valueRequired":true,"valueName":"search_term_string"}}],"inLanguage":"es"}]}},"_links":{"self":[{"href":"https:\/\/www.avanceplasticsurgery.com\/es\/wp-json\/wp\/v2\/pages\/8899","targetHints":{"allow":["GET"]}}],"collection":[{"href":"https:\/\/www.avanceplasticsurgery.com\/es\/wp-json\/wp\/v2\/pages"}],"about":[{"href":"https:\/\/www.avanceplasticsurgery.com\/es\/wp-json\/wp\/v2\/types\/page"}],"author":[{"embeddable":true,"href":"https:\/\/www.avanceplasticsurgery.com\/es\/wp-json\/wp\/v2\/users\/1"}],"replies":[{"embeddable":true,"href":"https:\/\/www.avanceplasticsurgery.com\/es\/wp-json\/wp\/v2\/comments?post=8899"}],"version-history":[{"count":1,"href":"https:\/\/www.avanceplasticsurgery.com\/es\/wp-json\/wp\/v2\/pages\/8899\/revisions"}],"predecessor-version":[{"id":9154,"href":"https:\/\/www.avanceplasticsurgery.com\/es\/wp-json\/wp\/v2\/pages\/8899\/revisions\/9154"}],"up":[{"embeddable":true,"href":"https:\/\/www.avanceplasticsurgery.com\/es\/wp-json\/wp\/v2\/pages\/8890"}],"wp:attachment":[{"href":"https:\/\/www.avanceplasticsurgery.com\/es\/wp-json\/wp\/v2\/media?parent=8899"}],"curies":[{"name":"wp","href":"https:\/\/api.w.org\/{rel}","templated":true}]}}