{"id":8901,"date":"2020-09-15T23:06:09","date_gmt":"2020-09-15T23:06:09","guid":{"rendered":"https:\/\/www.avanceplasticsurgery.com\/procedimientos-cosmeticos-y-de-cirugia\/ojos-y-cejas\/"},"modified":"2022-04-25T11:17:49","modified_gmt":"2022-04-25T11:17:49","slug":"ojos-y-cejas","status":"publish","type":"page","link":"https:\/\/www.avanceplasticsurgery.com\/es\/procedimientos-cosmeticos-y-de-cirugia\/ojos-y-cejas\/","title":{"rendered":"ojos y cejas"},"content":{"rendered":"<h1>Cirug\u00eda Pl\u00e1stica Est\u00e9tica de Ojos y Cejas<\/h1>\n<p>Una de las \u00e1reas de tu rostro donde la edad es m\u00e1s reveladora son los ojos. La exposici\u00f3n a los rayos UV del sol, la gravedad, el envejecimiento y la p\u00e9rdida de col\u00e1geno y otros factores afectan los ojos. Incluso toda una vida de expresiones faciales puede dejar su marca alrededor de los ojos, haci\u00e9ndonos entrecerrar los ojos o parecer cansados y viejos. <a title=\"Reno NV Cirug\u00eda Est\u00e9tica Facial\" href=\"https:\/\/www.avanceplasticsurgery.com\/es\/cosmetic-and-surgery-procedures\/\">La cirug\u00eda pl\u00e1stica cosm\u00e9tica<\/a> para los ojos y las cejas es un \u00e1rea popular de inter\u00e9s para muchos pacientes que desean revivir sus ojos y lucir m\u00e1s j\u00f3venes. El Dr. Erez Dayan es su especialista del \u00e1rea de Reno y Lake Tahoe en cirug\u00eda pl\u00e1stica cosm\u00e9tica y reconstructiva para los ojos y las cejas.<\/p>\n<p>Los p\u00e1rpados y las cejas son mecanismos intrincados dise\u00f1ados para resguardar y proteger los ojos, que en s\u00ed mismos son notables. A veces, los efectos del envejecimiento pueden afectar tanto nuestros ojos que nuestra visi\u00f3n se ve afectada. Cuando surgen problemas funcionales o est\u00e9ticos con las cejas y los ojos, el Dr. Dayan puede realizar una variedad de procedimientos quir\u00fargicos avanzados para corregir problemas y eliminar los signos desagradables del envejecimiento.<\/p>\n<h2>Cirujano de ojos cosm\u00e9tico cerca del lago Tahoe en Reno\/Tahoe<\/h2>\n<p>El Dr. Dayan y su equipo de est\u00e9tica del Instituto de Cirug\u00eda Pl\u00e1stica Avance en Reno\/Tahoe utilizan algunas de las t\u00e9cnicas quir\u00fargicas m\u00e1s avanzadas para borrar a\u00f1os de su rostro y mejorar su apariencia general. Cada opci\u00f3n de cirug\u00eda tiene su propia gama de t\u00e9cnicas que se pueden usar, pero los procedimientos b\u00e1sicos que ofrece el Dr. Dayan para mejorar la apariencia y funci\u00f3n de sus cejas y ojos incluyen:<\/p>\n<nav class=\"flc-submenu\" aria-label=\"sub menu\"><ul><li class=\"page_item page-item-8903\"><a href=\"https:\/\/www.avanceplasticsurgery.com\/es\/procedimientos-cosmeticos-y-de-cirugia\/ojos-y-cejas\/blefaroplastia-superior-e-inferior\/\">Blefaroplastia (Superior e Inferior)<\/a><\/li>\n<li class=\"page_item page-item-8909\"><a href=\"https:\/\/www.avanceplasticsurgery.com\/es\/procedimientos-cosmeticos-y-de-cirugia\/ojos-y-cejas\/eliminacion-de-osteomas\/\">Eliminaci\u00f3n de osteomas<\/a><\/li>\n<li class=\"page_item page-item-8905\"><a href=\"https:\/\/www.avanceplasticsurgery.com\/es\/procedimientos-cosmeticos-y-de-cirugia\/ojos-y-cejas\/exceso-de-piel-en-los-parpados\/\">Exceso de piel en los p\u00e1rpados<\/a><\/li>\n<li class=\"page_item page-item-8907\"><a href=\"https:\/\/www.avanceplasticsurgery.com\/es\/procedimientos-cosmeticos-y-de-cirugia\/ojos-y-cejas\/levantamiento-de-frente-cejas\/\">Levantamiento de frente\/cejas<\/a><\/li>\n<li class=\"page_item page-item-8908\"><a href=\"https:\/\/www.avanceplasticsurgery.com\/es\/procedimientos-cosmeticos-y-de-cirugia\/ojos-y-cejas\/levantamiento-de-ojos-no-quirurgico\/\">Levantamiento de ojos no quir\u00fargico<\/a><\/li>\n<li class=\"page_item page-item-8906\"><a href=\"https:\/\/www.avanceplasticsurgery.com\/es\/procedimientos-cosmeticos-y-de-cirugia\/ojos-y-cejas\/levantamiento-de-parpados\/\">Levantamiento de p\u00e1rpados<\/a><\/li>\n<li class=\"page_item page-item-8904\"><a href=\"https:\/\/www.avanceplasticsurgery.com\/es\/procedimientos-cosmeticos-y-de-cirugia\/ojos-y-cejas\/reparacion-de-parpados-caidos\/\">Reparaci\u00f3n de p\u00e1rpados ca\u00eddos<\/a><\/li>\n<\/ul><\/nav>\n<p>Estos procedimientos de cirug\u00eda pl\u00e1stica pueden borrar el envejecimiento, reparar da\u00f1os por trauma o corregir ciertas condiciones que surjan, todas relacionadas con la apariencia y funci\u00f3n de sus cejas, p\u00e1rpados y \u00e1rea de la piel de los ojos.<\/p>\n<h3>Borra los a\u00f1os de tu rostro con una cirug\u00eda est\u00e9tica de ojos<\/h3>\n<p>\u00bfEst\u00e1 cansado de mirarse en el espejo y ver bolsas debajo de los ojos, p\u00e1rpados ca\u00eddos, ojos hinchados, lagrimas, ojeras o una expresi\u00f3n cansada o enojada? El Dr. Dayan puede realizar una cirug\u00eda ocular est\u00e9tica y combinarla con otras t\u00e9cnicas para brindarle una apariencia facial m\u00e1s atractiva y en\u00e9rgica, eliminando el desgaste de los a\u00f1os e incluso mejorando su visi\u00f3n en algunos casos.<\/p>\n<p>Cuando te ves mejor, te sientes mejor y recuperas tu confianza. \u00bfEst\u00e1s listo para una versi\u00f3n completamente nueva y m\u00e1s joven de ti? La cirug\u00eda ocular cosm\u00e9tica y reconstructiva del Dr. Erez Dayan en Avance Plastic Surgery Institute puede brindarle una apariencia m\u00e1s agradable. <a title=\"P\u00f3ngase en contacto con el Instituto de Cirug\u00eda Pl\u00e1stica Avance en Reno NV\" href=\"https:\/\/www.avanceplasticsurgery.com\/es\/contact-us-dr-erez-dayan\/\">Comun\u00edquese con nuestra oficina de Reno\/Tahoe, NV,<\/a> hoy para una consulta con el Dr. Dayan sobre sus problemas de la vista.<\/p>\n<p>El Dr. Erez Dayan ha realizado una extensa investigaci\u00f3n sobre suplementos en cirug\u00eda pl\u00e1stica. Lea m\u00e1s sobre la investigaci\u00f3n de Suplementos en Cirug\u00eda Pl\u00e1stica del <a href=\"https:\/\/www.avanceplasticsurgery.com\/es\/about-avance-plastic-surgery-institute\/research\/#supplements\">Dr. Dayan aqu\u00ed.<\/a><\/p>\n<h3>Programa de mantenimiento<\/h3>\n<p>El <a href=\"https:\/\/www.avanceplasticsurgery.com\/es\/about-avance-plastic-surgery-institute\/plastic-surgery-maintenance\/\">programa de mantenimiento<\/a> en Avance Plastic Surgery Institute est\u00e1 dise\u00f1ado para ofrecer a los pacientes una forma conveniente de continuar viendo los beneficios de nuestros tratamientos durante el mayor tiempo posible.<\/p>\n<p>Para todos los procedimientos cosm\u00e9ticos de ojos y cejas, recomendamos el mantenimiento con Morpheus 8.<\/p>\n","protected":false},"excerpt":{"rendered":"<p>Cirug\u00eda Pl\u00e1stica Est\u00e9tica de Ojos y Cejas Una de las \u00e1reas de tu rostro donde la edad es m\u00e1s&hellip;<\/p>\n","protected":false},"author":1,"featured_media":8580,"parent":8804,"menu_order":0,"comment_status":"closed","ping_status":"closed","template":"","meta":{"_acf_changed":false,"footnotes":""},"class_list":["post-8901","page","type-page","status-publish","has-post-thumbnail"],"acf":[],"yoast_head":"<!-- This site is optimized with the Yoast SEO plugin v27.4 - https:\/\/yoast.com\/product\/yoast-seo-wordpress\/ -->\n<title>Reno NV Cirug\u00eda pl\u00e1stica de ojos y cejas | Cirujano de ojos cosm\u00e9tico de Lake Tahoe<\/title>\n<meta name=\"description\" content=\"La cirug\u00eda pl\u00e1stica de los ojos y las cejas es un \u00e1rea meticulosa de mejora cosm\u00e9tica, en la que el Dr. Erez Dayan es especialista. Explore las opciones para la cirug\u00eda est\u00e9tica de ojos en el Instituto de Cirug\u00eda Pl\u00e1stica Avance en Reno, NV.\" \/>\n<meta name=\"robots\" content=\"index, follow, max-snippet:-1, max-image-preview:large, max-video-preview:-1\" \/>\n<link rel=\"canonical\" href=\"https:\/\/www.avanceplasticsurgery.com\/es\/procedimientos-cosmeticos-y-de-cirugia\/ojos-y-cejas\/\" \/>\n<meta property=\"og:locale\" content=\"es_ES\" \/>\n<meta property=\"og:type\" content=\"article\" \/>\n<meta property=\"og:title\" content=\"Reno NV Cirug\u00eda pl\u00e1stica de ojos y cejas | Cirujano de ojos cosm\u00e9tico de Lake Tahoe\" \/>\n<meta property=\"og:description\" content=\"La cirug\u00eda pl\u00e1stica de los ojos y las cejas es un \u00e1rea meticulosa de mejora cosm\u00e9tica, en la que el Dr. Erez Dayan es especialista. Explore las opciones para la cirug\u00eda est\u00e9tica de ojos en el Instituto de Cirug\u00eda Pl\u00e1stica Avance en Reno, NV.\" \/>\n<meta property=\"og:url\" content=\"https:\/\/www.avanceplasticsurgery.com\/es\/procedimientos-cosmeticos-y-de-cirugia\/ojos-y-cejas\/\" \/>\n<meta property=\"og:site_name\" content=\"Avance Plastic Surgery\" \/>\n<meta property=\"article:modified_time\" content=\"2022-04-25T11:17:49+00:00\" \/>\n<meta property=\"og:image\" content=\"https:\/\/www.avanceplasticsurgery.com\/wp-content\/uploads\/2022\/01\/eyes.jpg\" \/>\n\t<meta property=\"og:image:width\" content=\"1920\" \/>\n\t<meta property=\"og:image:height\" content=\"595\" \/>\n\t<meta property=\"og:image:type\" content=\"image\/jpeg\" \/>\n<meta name=\"twitter:card\" content=\"summary_large_image\" \/>\n<meta name=\"twitter:label1\" content=\"Tiempo de lectura\" \/>\n\t<meta name=\"twitter:data1\" content=\"3 minutos\" \/>\n<!-- \/ Yoast SEO plugin. -->","yoast_head_json":{"title":"Reno NV Cirug\u00eda pl\u00e1stica de ojos y cejas | Cirujano de ojos cosm\u00e9tico de Lake Tahoe","description":"La cirug\u00eda pl\u00e1stica de los ojos y las cejas es un \u00e1rea meticulosa de mejora cosm\u00e9tica, en la que el Dr. Erez Dayan es especialista. Explore las opciones para la cirug\u00eda est\u00e9tica de ojos en el Instituto de Cirug\u00eda Pl\u00e1stica Avance en Reno, NV.","robots":{"index":"index","follow":"follow","max-snippet":"max-snippet:-1","max-image-preview":"max-image-preview:large","max-video-preview":"max-video-preview:-1"},"canonical":"https:\/\/www.avanceplasticsurgery.com\/es\/procedimientos-cosmeticos-y-de-cirugia\/ojos-y-cejas\/","og_locale":"es_ES","og_type":"article","og_title":"Reno NV Cirug\u00eda pl\u00e1stica de ojos y cejas | Cirujano de ojos cosm\u00e9tico de Lake Tahoe","og_description":"La cirug\u00eda pl\u00e1stica de los ojos y las cejas es un \u00e1rea meticulosa de mejora cosm\u00e9tica, en la que el Dr. Erez Dayan es especialista. Explore las opciones para la cirug\u00eda est\u00e9tica de ojos en el Instituto de Cirug\u00eda Pl\u00e1stica Avance en Reno, NV.","og_url":"https:\/\/www.avanceplasticsurgery.com\/es\/procedimientos-cosmeticos-y-de-cirugia\/ojos-y-cejas\/","og_site_name":"Avance Plastic Surgery","article_modified_time":"2022-04-25T11:17:49+00:00","og_image":[{"width":1920,"height":595,"url":"https:\/\/www.avanceplasticsurgery.com\/wp-content\/uploads\/2022\/01\/eyes.jpg","type":"image\/jpeg"}],"twitter_card":"summary_large_image","twitter_misc":{"Tiempo de lectura":"3 minutos"},"schema":{"@context":"https:\/\/schema.org","@graph":[{"@type":"WebPage","@id":"https:\/\/www.avanceplasticsurgery.com\/es\/procedimientos-cosmeticos-y-de-cirugia\/ojos-y-cejas\/","url":"https:\/\/www.avanceplasticsurgery.com\/es\/procedimientos-cosmeticos-y-de-cirugia\/ojos-y-cejas\/","name":"Reno NV Cirug\u00eda pl\u00e1stica de ojos y cejas | Cirujano de ojos cosm\u00e9tico de Lake Tahoe","isPartOf":{"@id":"https:\/\/www.avanceplasticsurgery.com\/es\/#website"},"primaryImageOfPage":{"@id":"https:\/\/www.avanceplasticsurgery.com\/es\/procedimientos-cosmeticos-y-de-cirugia\/ojos-y-cejas\/#primaryimage"},"image":{"@id":"https:\/\/www.avanceplasticsurgery.com\/es\/procedimientos-cosmeticos-y-de-cirugia\/ojos-y-cejas\/#primaryimage"},"thumbnailUrl":"https:\/\/www.avanceplasticsurgery.com\/wp-content\/uploads\/2022\/01\/eyes.jpg","datePublished":"2020-09-15T23:06:09+00:00","dateModified":"2022-04-25T11:17:49+00:00","description":"La cirug\u00eda pl\u00e1stica de los ojos y las cejas es un \u00e1rea meticulosa de mejora cosm\u00e9tica, en la que el Dr. Erez Dayan es especialista. Explore las opciones para la cirug\u00eda est\u00e9tica de ojos en el Instituto de Cirug\u00eda Pl\u00e1stica Avance en Reno, NV.","breadcrumb":{"@id":"https:\/\/www.avanceplasticsurgery.com\/es\/procedimientos-cosmeticos-y-de-cirugia\/ojos-y-cejas\/#breadcrumb"},"inLanguage":"es","potentialAction":[{"@type":"ReadAction","target":["https:\/\/www.avanceplasticsurgery.com\/es\/procedimientos-cosmeticos-y-de-cirugia\/ojos-y-cejas\/"]}]},{"@type":"ImageObject","inLanguage":"es","@id":"https:\/\/www.avanceplasticsurgery.com\/es\/procedimientos-cosmeticos-y-de-cirugia\/ojos-y-cejas\/#primaryimage","url":"https:\/\/www.avanceplasticsurgery.com\/wp-content\/uploads\/2022\/01\/eyes.jpg","contentUrl":"https:\/\/www.avanceplasticsurgery.com\/wp-content\/uploads\/2022\/01\/eyes.jpg","width":1920,"height":595,"caption":"Primer plano del lado izquierdo del rostro de una mujer con el pelo liso y oscuro, ojos marrones y maquillaje natural, sobre un fondo gris liso."},{"@type":"BreadcrumbList","@id":"https:\/\/www.avanceplasticsurgery.com\/es\/procedimientos-cosmeticos-y-de-cirugia\/ojos-y-cejas\/#breadcrumb","itemListElement":[{"@type":"ListItem","position":1,"name":"Home","item":"https:\/\/www.avanceplasticsurgery.com\/es\/"},{"@type":"ListItem","position":2,"name":"Cosm\u00e9tica","item":"https:\/\/www.avanceplasticsurgery.com\/es\/procedimientos-cosmeticos-y-de-cirugia\/"},{"@type":"ListItem","position":3,"name":"ojos y cejas"}]},{"@type":"WebSite","@id":"https:\/\/www.avanceplasticsurgery.com\/es\/#website","url":"https:\/\/www.avanceplasticsurgery.com\/es\/","name":"Avance Plastic Surgery","description":"","potentialAction":[{"@type":"SearchAction","target":{"@type":"EntryPoint","urlTemplate":"https:\/\/www.avanceplasticsurgery.com\/es\/?s={search_term_string}"},"query-input":{"@type":"PropertyValueSpecification","valueRequired":true,"valueName":"search_term_string"}}],"inLanguage":"es"}]}},"_links":{"self":[{"href":"https:\/\/www.avanceplasticsurgery.com\/es\/wp-json\/wp\/v2\/pages\/8901","targetHints":{"allow":["GET"]}}],"collection":[{"href":"https:\/\/www.avanceplasticsurgery.com\/es\/wp-json\/wp\/v2\/pages"}],"about":[{"href":"https:\/\/www.avanceplasticsurgery.com\/es\/wp-json\/wp\/v2\/types\/page"}],"author":[{"embeddable":true,"href":"https:\/\/www.avanceplasticsurgery.com\/es\/wp-json\/wp\/v2\/users\/1"}],"replies":[{"embeddable":true,"href":"https:\/\/www.avanceplasticsurgery.com\/es\/wp-json\/wp\/v2\/comments?post=8901"}],"version-history":[{"count":3,"href":"https:\/\/www.avanceplasticsurgery.com\/es\/wp-json\/wp\/v2\/pages\/8901\/revisions"}],"predecessor-version":[{"id":9198,"href":"https:\/\/www.avanceplasticsurgery.com\/es\/wp-json\/wp\/v2\/pages\/8901\/revisions\/9198"}],"up":[{"embeddable":true,"href":"https:\/\/www.avanceplasticsurgery.com\/es\/wp-json\/wp\/v2\/pages\/8804"}],"wp:featuredmedia":[{"embeddable":true,"href":"https:\/\/www.avanceplasticsurgery.com\/es\/wp-json\/wp\/v2\/media\/8580"}],"wp:attachment":[{"href":"https:\/\/www.avanceplasticsurgery.com\/es\/wp-json\/wp\/v2\/media?parent=8901"}],"curies":[{"name":"wp","href":"https:\/\/api.w.org\/{rel}","templated":true}]}}