{"id":8903,"date":"2020-09-15T23:12:27","date_gmt":"2020-09-15T23:12:27","guid":{"rendered":"https:\/\/www.avanceplasticsurgery.com\/procedimientos-cosmeticos-y-de-cirugia\/ojos-y-cejas\/blefaroplastia-superior-e-inferior\/"},"modified":"2023-01-02T09:03:25","modified_gmt":"2023-01-02T09:03:25","slug":"blefaroplastia-superior-e-inferior","status":"publish","type":"page","link":"https:\/\/www.avanceplasticsurgery.com\/es\/procedimientos-cosmeticos-y-de-cirugia\/ojos-y-cejas\/blefaroplastia-superior-e-inferior\/","title":{"rendered":"Blefaroplastia (Superior e Inferior)"},"content":{"rendered":"<h1>Cirug\u00eda de p\u00e1rpado<\/h1>\n<p>Nuestros ojos se consideran la \u00abpuerta de entrada de la cara\u00bb. Son lo primero que miran los dem\u00e1s cuando hablan con nosotros. <a title=\"Reno NV Cirug\u00eda pl\u00e1stica de ojos y cejas\" href=\"https:\/\/www.avanceplasticsurgery.com\/es\/cosmetic-and-surgery-procedures\/eyes-brows-plastic-surgery\/\">La ca\u00edda, la hinchaz\u00f3n, las ojeras y las bolsas<\/a> en los p\u00e1rpados superiores o inferiores pueden afectar significativamente la est\u00e9tica facial general. Estos signos de envejecimiento distorsionan la expresi\u00f3n facial y distraen la atenci\u00f3n de su apariencia. Una blefaroplastia superior y\/o inferior puede iluminar su expresi\u00f3n facial general, revertir los signos del envejecimiento y brindarle confianza y una imagen positiva de s\u00ed mismo. Los resultados son perfectamente naturales y elegantes, con incisiones bien ocultas en el pliegue del p\u00e1rpado o en la l\u00ednea de las pesta\u00f1as.<\/p>\n<div class=\"row\">\n<div class=\"col-md-6\"><button class=\"flc-yt lazyload\" data-id=\"nlI9U1kkjo4\" data-title=\"Eyelid Lift Dr. Erez Dayan Avance Plastic Surgery Institute\" data-bg=\"https:\/\/i.ytimg.com\/vi\/nlI9U1kkjo4\/hqdefault.jpg\" aria-label=\"Play video Eyelid Lift Dr. Erez Dayan Avance Plastic Surgery Institute\">  <div class=\"flc-yt__title\">Eyelid Lift Dr. Erez Dayan Avance Plastic Surgery Institute<\/div>  <span class=\"flc-yt__play\">    <svg viewBox=\"0 0 68 48\" xmlns=\"http:\/\/www.w3.org\/2000\/svg\" aria-hidden=\"true\"><path d=\"M66.5 7.8A8.5 8.5 0 0 0 60.6 2C55.3.5 34 .5 34 .5S12.7.5 7.4 2A8.5 8.5 0 0 0 1.5 7.8C0 13.1 0 24 0 24s0 10.9 1.5 16.2A8.5 8.5 0 0 0 7.4 46C12.7 47.5 34 47.5 34 47.5s21.3 0 26.6-1.5a8.5 8.5 0 0 0 5.9-5.8C68 34.9 68 24 68 24s0-10.9-1.5-16.2Z\" fill=\"#f00\"\/><path d=\"M27 34l18-10-18-10v20Z\" fill=\"#fff\"\/><\/svg>  <\/span><\/button><\/div>\n<div class=\"col-md-6\"><button class=\"flc-yt lazyload\" data-id=\"8z3QGWl-FvA\" data-title=\"Reno\/Tahoe Lower Eyelid Blepharoplasty | Avance Plastic Surgery Institute: Dr. Erez Dayan\" data-bg=\"https:\/\/i.ytimg.com\/vi\/8z3QGWl-FvA\/hqdefault.jpg\" aria-label=\"Play video Reno\/Tahoe Lower Eyelid Blepharoplasty | Avance Plastic Surgery Institute: Dr. Erez Dayan\">  <div class=\"flc-yt__title\">Reno\/Tahoe Lower Eyelid Blepharoplasty | Avance Plastic Surgery Institute: Dr. Erez Dayan<\/div>  <span class=\"flc-yt__play\">    <svg viewBox=\"0 0 68 48\" xmlns=\"http:\/\/www.w3.org\/2000\/svg\" aria-hidden=\"true\"><path d=\"M66.5 7.8A8.5 8.5 0 0 0 60.6 2C55.3.5 34 .5 34 .5S12.7.5 7.4 2A8.5 8.5 0 0 0 1.5 7.8C0 13.1 0 24 0 24s0 10.9 1.5 16.2A8.5 8.5 0 0 0 7.4 46C12.7 47.5 34 47.5 34 47.5s21.3 0 26.6-1.5a8.5 8.5 0 0 0 5.9-5.8C68 34.9 68 24 68 24s0-10.9-1.5-16.2Z\" fill=\"#f00\"\/><path d=\"M27 34l18-10-18-10v20Z\" fill=\"#fff\"\/><\/svg>  <\/span><\/button><\/div>\n<\/div>\n<div><button class=\"flc-yt lazyload\" data-id=\"si_UtfBhjnE\" data-title=\"Upper &amp; Lower Blepharoplasty\" data-bg=\"https:\/\/i.ytimg.com\/vi\/si_UtfBhjnE\/hqdefault.jpg\" aria-label=\"Play video Upper &amp; Lower Blepharoplasty\">  <div class=\"flc-yt__title\">Upper &amp; Lower Blepharoplasty<\/div>  <span class=\"flc-yt__play\">    <svg viewBox=\"0 0 68 48\" xmlns=\"http:\/\/www.w3.org\/2000\/svg\" aria-hidden=\"true\"><path d=\"M66.5 7.8A8.5 8.5 0 0 0 60.6 2C55.3.5 34 .5 34 .5S12.7.5 7.4 2A8.5 8.5 0 0 0 1.5 7.8C0 13.1 0 24 0 24s0 10.9 1.5 16.2A8.5 8.5 0 0 0 7.4 46C12.7 47.5 34 47.5 34 47.5s21.3 0 26.6-1.5a8.5 8.5 0 0 0 5.9-5.8C68 34.9 68 24 68 24s0-10.9-1.5-16.2Z\" fill=\"#f00\"\/><path d=\"M27 34l18-10-18-10v20Z\" fill=\"#fff\"\/><\/svg>  <\/span><\/button><\/div>\n<dl id=\"faq-1\" class=\"flc-faq\"><dt>\u00bfQu\u00e9 es la blefaroplastia?<\/dt><dd><p>La cirug\u00eda de p\u00e1rpados, tambi\u00e9n llamada blefaroplastia, generalmente se realiza con anestesia local en el consultorio, pero tambi\u00e9n se puede realizar con anestesia general cuando se combina con otros procedimientos. Durante su procedimiento de p\u00e1rpado en el Instituto de Cirug\u00eda Pl\u00e1stica Avance en Reno\/Tahoe, NV, el Dr. Dayan har\u00e1 incisiones discretas en el pliegue del p\u00e1rpado superior y la l\u00ednea de las pesta\u00f1as inferiores, eliminando el exceso de grasa, piel y tejido para corregir defectos est\u00e9ticos como p\u00e1rpados ca\u00eddos y hinchaz\u00f3n.<\/p>\r\n\r\n<p>La cirug\u00eda de p\u00e1rpados no solo puede mejorar su apariencia general, sino que tambi\u00e9n puede ayudar a revertir el deterioro de la visi\u00f3n debido a los p\u00e1rpados ca\u00eddos. La blefaroplastia a menudo se combina bien con un levantamiento de cejas o una voluminizaci\u00f3n de los tejidos blandos faciales para revitalizar de manera integral toda la parte superior del rostro.<\/p>\r\n\r\n<p>Los beneficios de la cirug\u00eda de p\u00e1rpados incluyen:<\/p>\r\n<ul>\r\n<li>Correcci\u00f3n de bolsas debajo de los ojos<\/li>\r\n<li>Correcci\u00f3n de p\u00e1rpados ca\u00eddos<\/li>\r\n<li>Reversi\u00f3n de la hinchaz\u00f3n alrededor de los ojos<\/li>\r\n<li>Inversi\u00f3n de la apariencia \u201ccansada\u201d o \u201cenojada\u201d<\/li>\r\n<li>Contorno mejorado de la deformidad de la l\u00e1grima<\/li>\r\n<li>Una expresi\u00f3n facial m\u00e1s abierta, agradable y atractiva.<\/li>\r\n<li>Mejora en la visi\u00f3n<\/li>\r\n<li>Impulso en la confianza en s\u00ed mismo<\/li>\r\n<li>Incisiones bien ocultas<\/li>\r\n<li>Resultado de aspecto natural<\/li>\r\n<\/ul><\/dd><dt>\u00bfQui\u00e9n es el mejor candidato para la blefaroplastia?<\/dt><dd><p>Casi cualquier persona puede beneficiarse de la blefaroplastia, pero los mejores candidatos son aquellos que se ajustan a las descripciones a continuaci\u00f3n:<\/p>\r\n<ul>\r\n<li>Los p\u00e1rpados est\u00e1n ca\u00eddos y pueden oscurecer la visi\u00f3n.<\/li>\r\n<li>Hinchaz\u00f3n o c\u00edrculos oscuros alrededor de los p\u00e1rpados<\/li>\r\n<li>Bolsas de grasa pronunciadas alrededor de los ojos<\/li>\r\n<li>Deformidad de l\u00e1grima<\/li>\r\n<li>La apariencia de los p\u00e1rpados envejecidos est\u00e1 causando que te sientas acomplejado o infeliz.<\/li>\r\n<li>Tienes buena salud mental y f\u00edsica.<\/li>\r\n<li>no eres fumador<\/li>\r\n<\/ul><\/dd><dt>\u00bfQu\u00e9 es la recuperaci\u00f3n involucrada con la cirug\u00eda de p\u00e1rpados?<\/dt><dd>Despu\u00e9s de su cirug\u00eda, el Dr. Dayan controlar\u00e1 su curaci\u00f3n de cerca, asegur\u00e1ndose de que su recuperaci\u00f3n progrese sin problemas. Podr\u00e1 leer, mirar televisi\u00f3n y realizar tareas normales a los pocos d\u00edas del procedimiento. La mayor\u00eda de los pacientes regresan al trabajo dentro de una semana, usando maquillaje para camuflar cualquier hematoma menor que pueda ocurrir.<\/dd><dt>\u00bfCu\u00e1l es el costo de la blefaroplastia en Reno\/Tahoe, Nevada?<\/dt><dd>El costo de la cirug\u00eda de p\u00e1rpados depender\u00e1 de si se tratan los p\u00e1rpados superior, inferior o ambos. Adem\u00e1s, depender\u00e1 de si el Dr. Dayan recomienda incorporar injertos de grasa, rellenos o estiramiento cut\u00e1neo por radiofrecuencia en combinaci\u00f3n con el procedimiento para optimizar su resultado est\u00e9tico. El Dr. Dayan y su equipo se asegurar\u00e1n de que deje su consulta confidencial de Reno completamente informado y con una cotizaci\u00f3n clara de los servicios. Nuestra oficina puede ayudarlo a solicitar financiamiento a trav\u00e9s de los principales prestamistas de atenci\u00f3n m\u00e9dica con los que nos asociamos, muchos de los cuales pueden ofrecerle una aprobaci\u00f3n instant\u00e1nea directamente en nuestra oficina.<\/dd><dt>\u00bfPor qu\u00e9 elegir al Dr. Dayan del Avance Plastic Surgery Institute?<\/dt><dd>El Dr. Dayan es un cirujano pl\u00e1stico y reconstructivo capacitado en Harvard que ofrece t\u00e9cnicas de vanguardia y tecnolog\u00eda de punta a pacientes en el norte de Nevada y en todo Estados Unidos. Es autor de cinco libros sobre temas de cirug\u00eda pl\u00e1stica y es consultor principal de InMode, as\u00ed como investigador de Allergan, MTF Biologics y Galderma. El Dr. Dayan ha recibido prestigiosos premios como el Premio al Logro Acad\u00e9mico de Cirug\u00eda Pl\u00e1stica de Harvard y la Beca de la Facultad de Medicina de Harvard.<\/dd><\/dl>\n<p>Si cree que la blefaroplastia o la cirug\u00eda de p\u00e1rpados mejorar\u00eda algunos problemas con la apariencia de sus ojos, <a title=\"P\u00f3ngase en contacto con el Instituto de Cirug\u00eda Pl\u00e1stica Avance en Reno NV\" href=\"https:\/\/www.avanceplasticsurgery.com\/es\/contact-us-dr-erez-dayan\/\">comun\u00edquese con el Instituto de Cirug\u00eda Pl\u00e1stica Avance<\/a> en Reno\/Tahoe, NV, para programar una consulta con el Dr. Erez Dayan.<\/p>\n<p style=\"text-align: center;\"><a href=\"https:\/\/www.avanceplasticsurgery.com\/wp-content\/uploads\/2020\/10\/Blepharoplasty_Instructions.pdf\" class=\"btn btn-primary\" target=\"_blank\" rel=\"noopener noreferrer\">Instrucciones postoperatorias<\/a><\/p>\n<h2>Programa de mantenimiento<\/h2>\n<p>El <a href=\"https:\/\/www.avanceplasticsurgery.com\/es\/about-avance-plastic-surgery-institute\/plastic-surgery-maintenance\/\">programa de mantenimiento<\/a> en Avance Plastic Surgery Institute est\u00e1 dise\u00f1ado para ofrecer a los pacientes una forma conveniente de continuar viendo los beneficios de nuestros tratamientos durante el mayor tiempo posible.<\/p>\n<p>Para todos los procedimientos cosm\u00e9ticos de ojos y cejas, recomendamos el mantenimiento con Morpheus 8.<\/p>\n","protected":false},"excerpt":{"rendered":"<p>Cirug\u00eda de p\u00e1rpado Nuestros ojos se consideran la \u00abpuerta de entrada de la cara\u00bb. Son lo primero que miran&hellip;<\/p>\n","protected":false},"author":1,"featured_media":0,"parent":8901,"menu_order":0,"comment_status":"closed","ping_status":"closed","template":"","meta":{"_acf_changed":false,"footnotes":""},"class_list":["post-8903","page","type-page","status-publish"],"acf":[],"yoast_head":"<!-- This site is optimized with the Yoast SEO plugin v25.6 - https:\/\/yoast.com\/wordpress\/plugins\/seo\/ -->\n<title>Reno NV Blefaroplastia (superior e inferior) | Cirug\u00eda de p\u00e1rpados en el lago Tahoe<\/title>\n<meta name=\"description\" content=\"La blefaroplastia o cirug\u00eda de p\u00e1rpados (superiores e inferiores) puede corregir numerosos problemas funcionales y est\u00e9ticos que le hacen parecer mayor, cansado o enojado. Reserve una consulta hoy con el Dr. Erez Dayan en Avance Plastic Surgery Institute en Reno, Nevada.\" \/>\n<meta name=\"robots\" content=\"index, follow, max-snippet:-1, max-image-preview:large, max-video-preview:-1\" \/>\n<link rel=\"canonical\" href=\"https:\/\/www.avanceplasticsurgery.com\/es\/procedimientos-cosmeticos-y-de-cirugia\/ojos-y-cejas\/blefaroplastia-superior-e-inferior\/\" \/>\n<meta property=\"og:locale\" content=\"es_ES\" \/>\n<meta property=\"og:type\" content=\"article\" \/>\n<meta property=\"og:title\" content=\"Reno NV Blefaroplastia (superior e inferior) | Cirug\u00eda de p\u00e1rpados en el lago Tahoe\" \/>\n<meta property=\"og:description\" content=\"La blefaroplastia o cirug\u00eda de p\u00e1rpados (superiores e inferiores) puede corregir numerosos problemas funcionales y est\u00e9ticos que le hacen parecer mayor, cansado o enojado. Reserve una consulta hoy con el Dr. Erez Dayan en Avance Plastic Surgery Institute en Reno, Nevada.\" \/>\n<meta property=\"og:url\" content=\"https:\/\/www.avanceplasticsurgery.com\/es\/procedimientos-cosmeticos-y-de-cirugia\/ojos-y-cejas\/blefaroplastia-superior-e-inferior\/\" \/>\n<meta property=\"og:site_name\" content=\"Avance Plastic Surgery\" \/>\n<meta property=\"article:modified_time\" content=\"2023-01-02T09:03:25+00:00\" \/>\n<meta name=\"twitter:card\" content=\"summary_large_image\" \/>\n<meta name=\"twitter:label1\" content=\"Tiempo de lectura\" \/>\n\t<meta name=\"twitter:data1\" content=\"1 minuto\" \/>\n<!-- \/ Yoast SEO plugin. -->","yoast_head_json":{"title":"Reno NV Blefaroplastia (superior e inferior) | Cirug\u00eda de p\u00e1rpados en el lago Tahoe","description":"La blefaroplastia o cirug\u00eda de p\u00e1rpados (superiores e inferiores) puede corregir numerosos problemas funcionales y est\u00e9ticos que le hacen parecer mayor, cansado o enojado. Reserve una consulta hoy con el Dr. Erez Dayan en Avance Plastic Surgery Institute en Reno, Nevada.","robots":{"index":"index","follow":"follow","max-snippet":"max-snippet:-1","max-image-preview":"max-image-preview:large","max-video-preview":"max-video-preview:-1"},"canonical":"https:\/\/www.avanceplasticsurgery.com\/es\/procedimientos-cosmeticos-y-de-cirugia\/ojos-y-cejas\/blefaroplastia-superior-e-inferior\/","og_locale":"es_ES","og_type":"article","og_title":"Reno NV Blefaroplastia (superior e inferior) | Cirug\u00eda de p\u00e1rpados en el lago Tahoe","og_description":"La blefaroplastia o cirug\u00eda de p\u00e1rpados (superiores e inferiores) puede corregir numerosos problemas funcionales y est\u00e9ticos que le hacen parecer mayor, cansado o enojado. Reserve una consulta hoy con el Dr. Erez Dayan en Avance Plastic Surgery Institute en Reno, Nevada.","og_url":"https:\/\/www.avanceplasticsurgery.com\/es\/procedimientos-cosmeticos-y-de-cirugia\/ojos-y-cejas\/blefaroplastia-superior-e-inferior\/","og_site_name":"Avance Plastic Surgery","article_modified_time":"2023-01-02T09:03:25+00:00","twitter_card":"summary_large_image","twitter_misc":{"Tiempo de lectura":"1 minuto"},"schema":{"@context":"https:\/\/schema.org","@graph":[{"@type":"WebPage","@id":"https:\/\/www.avanceplasticsurgery.com\/es\/procedimientos-cosmeticos-y-de-cirugia\/ojos-y-cejas\/blefaroplastia-superior-e-inferior\/","url":"https:\/\/www.avanceplasticsurgery.com\/es\/procedimientos-cosmeticos-y-de-cirugia\/ojos-y-cejas\/blefaroplastia-superior-e-inferior\/","name":"Reno NV Blefaroplastia (superior e inferior) | Cirug\u00eda de p\u00e1rpados en el lago Tahoe","isPartOf":{"@id":"https:\/\/www.avanceplasticsurgery.com\/es\/#website"},"datePublished":"2020-09-15T23:12:27+00:00","dateModified":"2023-01-02T09:03:25+00:00","description":"La blefaroplastia o cirug\u00eda de p\u00e1rpados (superiores e inferiores) puede corregir numerosos problemas funcionales y est\u00e9ticos que le hacen parecer mayor, cansado o enojado. Reserve una consulta hoy con el Dr. Erez Dayan en Avance Plastic Surgery Institute en Reno, Nevada.","breadcrumb":{"@id":"https:\/\/www.avanceplasticsurgery.com\/es\/procedimientos-cosmeticos-y-de-cirugia\/ojos-y-cejas\/blefaroplastia-superior-e-inferior\/#breadcrumb"},"inLanguage":"es","potentialAction":[{"@type":"ReadAction","target":["https:\/\/www.avanceplasticsurgery.com\/es\/procedimientos-cosmeticos-y-de-cirugia\/ojos-y-cejas\/blefaroplastia-superior-e-inferior\/"]}]},{"@type":"BreadcrumbList","@id":"https:\/\/www.avanceplasticsurgery.com\/es\/procedimientos-cosmeticos-y-de-cirugia\/ojos-y-cejas\/blefaroplastia-superior-e-inferior\/#breadcrumb","itemListElement":[{"@type":"ListItem","position":1,"name":"Home","item":"https:\/\/www.avanceplasticsurgery.com\/es\/"},{"@type":"ListItem","position":2,"name":"Cosm\u00e9tica","item":"https:\/\/www.avanceplasticsurgery.com\/es\/procedimientos-cosmeticos-y-de-cirugia\/"},{"@type":"ListItem","position":3,"name":"ojos y cejas","item":"https:\/\/www.avanceplasticsurgery.com\/es\/procedimientos-cosmeticos-y-de-cirugia\/ojos-y-cejas\/"},{"@type":"ListItem","position":4,"name":"Blefaroplastia (Superior e Inferior)"}]},{"@type":"WebSite","@id":"https:\/\/www.avanceplasticsurgery.com\/es\/#website","url":"https:\/\/www.avanceplasticsurgery.com\/es\/","name":"Avance Plastic Surgery","description":"","potentialAction":[{"@type":"SearchAction","target":{"@type":"EntryPoint","urlTemplate":"https:\/\/www.avanceplasticsurgery.com\/es\/?s={search_term_string}"},"query-input":{"@type":"PropertyValueSpecification","valueRequired":true,"valueName":"search_term_string"}}],"inLanguage":"es"}]}},"_links":{"self":[{"href":"https:\/\/www.avanceplasticsurgery.com\/es\/wp-json\/wp\/v2\/pages\/8903","targetHints":{"allow":["GET"]}}],"collection":[{"href":"https:\/\/www.avanceplasticsurgery.com\/es\/wp-json\/wp\/v2\/pages"}],"about":[{"href":"https:\/\/www.avanceplasticsurgery.com\/es\/wp-json\/wp\/v2\/types\/page"}],"author":[{"embeddable":true,"href":"https:\/\/www.avanceplasticsurgery.com\/es\/wp-json\/wp\/v2\/users\/1"}],"replies":[{"embeddable":true,"href":"https:\/\/www.avanceplasticsurgery.com\/es\/wp-json\/wp\/v2\/comments?post=8903"}],"version-history":[{"count":3,"href":"https:\/\/www.avanceplasticsurgery.com\/es\/wp-json\/wp\/v2\/pages\/8903\/revisions"}],"predecessor-version":[{"id":10076,"href":"https:\/\/www.avanceplasticsurgery.com\/es\/wp-json\/wp\/v2\/pages\/8903\/revisions\/10076"}],"up":[{"embeddable":true,"href":"https:\/\/www.avanceplasticsurgery.com\/es\/wp-json\/wp\/v2\/pages\/8901"}],"wp:attachment":[{"href":"https:\/\/www.avanceplasticsurgery.com\/es\/wp-json\/wp\/v2\/media?parent=8903"}],"curies":[{"name":"wp","href":"https:\/\/api.w.org\/{rel}","templated":true}]}}