{"id":8904,"date":"2020-09-15T23:14:05","date_gmt":"2020-09-15T23:14:05","guid":{"rendered":"https:\/\/www.avanceplasticsurgery.com\/procedimientos-cosmeticos-y-de-cirugia\/ojos-y-cejas\/reparacion-de-parpados-caidos\/"},"modified":"2022-04-25T11:20:43","modified_gmt":"2022-04-25T11:20:43","slug":"reparacion-de-parpados-caidos","status":"publish","type":"page","link":"https:\/\/www.avanceplasticsurgery.com\/es\/procedimientos-cosmeticos-y-de-cirugia\/ojos-y-cejas\/reparacion-de-parpados-caidos\/","title":{"rendered":"Reparaci\u00f3n de p\u00e1rpados ca\u00eddos"},"content":{"rendered":"<h1>Cirug\u00eda de ptosis (p\u00e1rpado ca\u00eddo)<\/h1>\n<p>La piel fina y delicada de los p\u00e1rpados tiende a caerse con la edad. El envejecimiento puede hacer que se formen bolsas de grasa, lo que hace que los p\u00e1rpados se caigan o se comben. Sin embargo, cuando esta ca\u00edda es excesiva, llegando incluso a interferir con la vista, se denomina ptosis. Una forma de este trastorno, llamada ptosis muscular, es causada por un m\u00fasculo elevador d\u00e9bil. Este m\u00fasculo levanta el p\u00e1rpado, por lo que si se debilita, el p\u00e1rpado se cae. La cirug\u00eda de ptosis, o p\u00e1rpado ca\u00eddo, est\u00e1 disponible con el Dr. Erez Dayan en Avance Plastic Surgery Institute.<\/p>\n<p>La ptosis muscular generalmente se presenta en la primera infancia, pero tambi\u00e9n puede desarrollarse en la edad adulta. Otros casos de ptosis se desarrollan m\u00e1s adelante en la vida como resultado del envejecimiento. El trauma en el ojo tambi\u00e9n puede causar ptosis, al igual que algunos s\u00edndromes. La reparaci\u00f3n de p\u00e1rpados ca\u00eddos requiere cirug\u00eda, y existen algunos procedimientos que el Dr. Dayan puede realizar para corregir la ptosis, seg\u00fan la causa y el alcance de la afecci\u00f3n.<\/p>\n<p>El Dr. Dayan examinar\u00e1 sus ojos, posiblemente incluyendo radiograf\u00edas u otras pruebas, para determinar la causa exacta y el alcance de su ptosis en una consulta privada y confidencial en el Instituto de Cirug\u00eda Pl\u00e1stica Avance. Durante esta consulta en su consultorio de Reno\/Tahoe, NV, le explicar\u00e1 las diversas t\u00e9cnicas para corregir la ptosis y le explicar\u00e1 sus recomendaciones de tratamiento. Se le dar\u00e1 informaci\u00f3n completa sobre cualquier <a title=\"Reno NV Cirug\u00eda pl\u00e1stica de ojos y cejas\" href=\"https:\/\/www.avanceplasticsurgery.com\/es\/cosmetic-and-surgery-procedures\/eyes-brows-plastic-surgery\/\">procedimiento ocular recomendado<\/a> , incluidos sus beneficios y riesgos.<\/p>\n<h2>Cirug\u00eda de Reparaci\u00f3n de Reno Ptosis<\/h2>\n<p>Con la ptosis muscular, el Dr. Dayan necesitar\u00e1 fortalecer el m\u00fasculo elevador para que pueda levantar el p\u00e1rpado correctamente. Algunas pieles ca\u00eddas tambi\u00e9n pueden necesitar ser tratadas. Otros casos de ptosis pueden requerir la sutura del delicado tejido del p\u00e1rpado o la eliminaci\u00f3n de bolsas de grasa y trozos de tejido. En cualquier caso, se realiza una peque\u00f1a incisi\u00f3n en el pliegue del p\u00e1rpado para ocultar la cicatriz. Las reparaciones normalmente toman alrededor de 45 minutos para cada ojo.<\/p>\n<p>El Dr. Dayan realiza una cirug\u00eda de reparaci\u00f3n de ptosis de forma ambulatoria en el Instituto de Cirug\u00eda Pl\u00e1stica Avance, y usted regresar\u00e1 a su hogar el mismo d\u00eda de la cirug\u00eda. \u00c9l recomienda que evite el trabajo u otra actividad durante 5 a 7 d\u00edas despu\u00e9s de la cirug\u00eda. Se le dar\u00e1n gotas para los ojos y un lubricante para usar en los d\u00edas posteriores a la cirug\u00eda. Los moretones residuales pueden durar dos o tres semanas, pero desaparecer\u00e1n.<\/p>\n<p>Para obtener m\u00e1s informaci\u00f3n sobre ptosis, p\u00e1rpado ca\u00eddo, cirug\u00eda de reparaci\u00f3n en Reno\/Tahoe, <a title=\"P\u00f3ngase en contacto con el Instituto de Cirug\u00eda Pl\u00e1stica Avance en Reno NV\" href=\"https:\/\/www.avanceplasticsurgery.com\/es\/contact-us-dr-erez-dayan\/\">comun\u00edquese con el Instituto de Cirug\u00eda Pl\u00e1stica Avance<\/a> para programar una consulta con el Dr. Dayan.<\/p>\n<h3>Programa de mantenimiento<\/h3>\n<p>El <a href=\"https:\/\/www.avanceplasticsurgery.com\/es\/about-avance-plastic-surgery-institute\/plastic-surgery-maintenance\/\">programa de mantenimiento<\/a> en Avance Plastic Surgery Institute est\u00e1 dise\u00f1ado para ofrecer a los pacientes una forma conveniente de continuar viendo los beneficios de nuestros tratamientos durante el mayor tiempo posible.<\/p>\n<p>Para todos los procedimientos cosm\u00e9ticos de ojos y cejas, recomendamos el mantenimiento con Morpheus 8.<\/p>\n","protected":false},"excerpt":{"rendered":"<p>Cirug\u00eda de ptosis (p\u00e1rpado ca\u00eddo) La piel fina y delicada de los p\u00e1rpados tiende a caerse con la edad.&hellip;<\/p>\n","protected":false},"author":1,"featured_media":0,"parent":8901,"menu_order":0,"comment_status":"closed","ping_status":"closed","template":"","meta":{"_acf_changed":false,"footnotes":""},"class_list":["post-8904","page","type-page","status-publish"],"acf":[],"yoast_head":"<!-- This site is optimized with the Yoast SEO plugin v27.3 - https:\/\/yoast.com\/product\/yoast-seo-wordpress\/ -->\n<title>Reno NV Correcci\u00f3n de p\u00e1rpados ca\u00eddos | Cirug\u00eda de reparaci\u00f3n de ptosis en Lake Tahoe<\/title>\n<meta name=\"description\" content=\"La cirug\u00eda correctiva de p\u00e1rpados ca\u00eddos est\u00e1 disponible para aquellos que sufren de ptosis en el Instituto de Cirug\u00eda Pl\u00e1stica Avance en Reno, NV. El Dr. Erez Dayan puede reparar los p\u00e1rpados ca\u00eddos utilizando varias t\u00e9cnicas, dependiendo de su causa. Programe su consulta hoy.\" \/>\n<meta name=\"robots\" content=\"index, follow, max-snippet:-1, max-image-preview:large, max-video-preview:-1\" \/>\n<link rel=\"canonical\" href=\"https:\/\/www.avanceplasticsurgery.com\/es\/procedimientos-cosmeticos-y-de-cirugia\/ojos-y-cejas\/reparacion-de-parpados-caidos\/\" \/>\n<meta property=\"og:locale\" content=\"es_ES\" \/>\n<meta property=\"og:type\" content=\"article\" \/>\n<meta property=\"og:title\" content=\"Reno NV Correcci\u00f3n de p\u00e1rpados ca\u00eddos | Cirug\u00eda de reparaci\u00f3n de ptosis en Lake Tahoe\" \/>\n<meta property=\"og:description\" content=\"La cirug\u00eda correctiva de p\u00e1rpados ca\u00eddos est\u00e1 disponible para aquellos que sufren de ptosis en el Instituto de Cirug\u00eda Pl\u00e1stica Avance en Reno, NV. El Dr. Erez Dayan puede reparar los p\u00e1rpados ca\u00eddos utilizando varias t\u00e9cnicas, dependiendo de su causa. Programe su consulta hoy.\" \/>\n<meta property=\"og:url\" content=\"https:\/\/www.avanceplasticsurgery.com\/es\/procedimientos-cosmeticos-y-de-cirugia\/ojos-y-cejas\/reparacion-de-parpados-caidos\/\" \/>\n<meta property=\"og:site_name\" content=\"Avance Plastic Surgery\" \/>\n<meta property=\"article:modified_time\" content=\"2022-04-25T11:20:43+00:00\" \/>\n<meta name=\"twitter:card\" content=\"summary_large_image\" \/>\n<meta name=\"twitter:label1\" content=\"Tiempo de lectura\" \/>\n\t<meta name=\"twitter:data1\" content=\"3 minutos\" \/>\n<!-- \/ Yoast SEO plugin. -->","yoast_head_json":{"title":"Reno NV Correcci\u00f3n de p\u00e1rpados ca\u00eddos | Cirug\u00eda de reparaci\u00f3n de ptosis en Lake Tahoe","description":"La cirug\u00eda correctiva de p\u00e1rpados ca\u00eddos est\u00e1 disponible para aquellos que sufren de ptosis en el Instituto de Cirug\u00eda Pl\u00e1stica Avance en Reno, NV. El Dr. Erez Dayan puede reparar los p\u00e1rpados ca\u00eddos utilizando varias t\u00e9cnicas, dependiendo de su causa. Programe su consulta hoy.","robots":{"index":"index","follow":"follow","max-snippet":"max-snippet:-1","max-image-preview":"max-image-preview:large","max-video-preview":"max-video-preview:-1"},"canonical":"https:\/\/www.avanceplasticsurgery.com\/es\/procedimientos-cosmeticos-y-de-cirugia\/ojos-y-cejas\/reparacion-de-parpados-caidos\/","og_locale":"es_ES","og_type":"article","og_title":"Reno NV Correcci\u00f3n de p\u00e1rpados ca\u00eddos | Cirug\u00eda de reparaci\u00f3n de ptosis en Lake Tahoe","og_description":"La cirug\u00eda correctiva de p\u00e1rpados ca\u00eddos est\u00e1 disponible para aquellos que sufren de ptosis en el Instituto de Cirug\u00eda Pl\u00e1stica Avance en Reno, NV. El Dr. Erez Dayan puede reparar los p\u00e1rpados ca\u00eddos utilizando varias t\u00e9cnicas, dependiendo de su causa. Programe su consulta hoy.","og_url":"https:\/\/www.avanceplasticsurgery.com\/es\/procedimientos-cosmeticos-y-de-cirugia\/ojos-y-cejas\/reparacion-de-parpados-caidos\/","og_site_name":"Avance Plastic Surgery","article_modified_time":"2022-04-25T11:20:43+00:00","twitter_card":"summary_large_image","twitter_misc":{"Tiempo de lectura":"3 minutos"},"schema":{"@context":"https:\/\/schema.org","@graph":[{"@type":"WebPage","@id":"https:\/\/www.avanceplasticsurgery.com\/es\/procedimientos-cosmeticos-y-de-cirugia\/ojos-y-cejas\/reparacion-de-parpados-caidos\/","url":"https:\/\/www.avanceplasticsurgery.com\/es\/procedimientos-cosmeticos-y-de-cirugia\/ojos-y-cejas\/reparacion-de-parpados-caidos\/","name":"Reno NV Correcci\u00f3n de p\u00e1rpados ca\u00eddos | Cirug\u00eda de reparaci\u00f3n de ptosis en Lake Tahoe","isPartOf":{"@id":"https:\/\/www.avanceplasticsurgery.com\/es\/#website"},"datePublished":"2020-09-15T23:14:05+00:00","dateModified":"2022-04-25T11:20:43+00:00","description":"La cirug\u00eda correctiva de p\u00e1rpados ca\u00eddos est\u00e1 disponible para aquellos que sufren de ptosis en el Instituto de Cirug\u00eda Pl\u00e1stica Avance en Reno, NV. El Dr. Erez Dayan puede reparar los p\u00e1rpados ca\u00eddos utilizando varias t\u00e9cnicas, dependiendo de su causa. Programe su consulta hoy.","breadcrumb":{"@id":"https:\/\/www.avanceplasticsurgery.com\/es\/procedimientos-cosmeticos-y-de-cirugia\/ojos-y-cejas\/reparacion-de-parpados-caidos\/#breadcrumb"},"inLanguage":"es","potentialAction":[{"@type":"ReadAction","target":["https:\/\/www.avanceplasticsurgery.com\/es\/procedimientos-cosmeticos-y-de-cirugia\/ojos-y-cejas\/reparacion-de-parpados-caidos\/"]}]},{"@type":"BreadcrumbList","@id":"https:\/\/www.avanceplasticsurgery.com\/es\/procedimientos-cosmeticos-y-de-cirugia\/ojos-y-cejas\/reparacion-de-parpados-caidos\/#breadcrumb","itemListElement":[{"@type":"ListItem","position":1,"name":"Home","item":"https:\/\/www.avanceplasticsurgery.com\/es\/"},{"@type":"ListItem","position":2,"name":"Cosm\u00e9tica","item":"https:\/\/www.avanceplasticsurgery.com\/es\/procedimientos-cosmeticos-y-de-cirugia\/"},{"@type":"ListItem","position":3,"name":"ojos y cejas","item":"https:\/\/www.avanceplasticsurgery.com\/es\/procedimientos-cosmeticos-y-de-cirugia\/ojos-y-cejas\/"},{"@type":"ListItem","position":4,"name":"Reparaci\u00f3n de p\u00e1rpados ca\u00eddos"}]},{"@type":"WebSite","@id":"https:\/\/www.avanceplasticsurgery.com\/es\/#website","url":"https:\/\/www.avanceplasticsurgery.com\/es\/","name":"Avance Plastic Surgery","description":"","potentialAction":[{"@type":"SearchAction","target":{"@type":"EntryPoint","urlTemplate":"https:\/\/www.avanceplasticsurgery.com\/es\/?s={search_term_string}"},"query-input":{"@type":"PropertyValueSpecification","valueRequired":true,"valueName":"search_term_string"}}],"inLanguage":"es"}]}},"_links":{"self":[{"href":"https:\/\/www.avanceplasticsurgery.com\/es\/wp-json\/wp\/v2\/pages\/8904","targetHints":{"allow":["GET"]}}],"collection":[{"href":"https:\/\/www.avanceplasticsurgery.com\/es\/wp-json\/wp\/v2\/pages"}],"about":[{"href":"https:\/\/www.avanceplasticsurgery.com\/es\/wp-json\/wp\/v2\/types\/page"}],"author":[{"embeddable":true,"href":"https:\/\/www.avanceplasticsurgery.com\/es\/wp-json\/wp\/v2\/users\/1"}],"replies":[{"embeddable":true,"href":"https:\/\/www.avanceplasticsurgery.com\/es\/wp-json\/wp\/v2\/comments?post=8904"}],"version-history":[{"count":1,"href":"https:\/\/www.avanceplasticsurgery.com\/es\/wp-json\/wp\/v2\/pages\/8904\/revisions"}],"predecessor-version":[{"id":9205,"href":"https:\/\/www.avanceplasticsurgery.com\/es\/wp-json\/wp\/v2\/pages\/8904\/revisions\/9205"}],"up":[{"embeddable":true,"href":"https:\/\/www.avanceplasticsurgery.com\/es\/wp-json\/wp\/v2\/pages\/8901"}],"wp:attachment":[{"href":"https:\/\/www.avanceplasticsurgery.com\/es\/wp-json\/wp\/v2\/media?parent=8904"}],"curies":[{"name":"wp","href":"https:\/\/api.w.org\/{rel}","templated":true}]}}