{"id":8905,"date":"2020-09-15T23:15:48","date_gmt":"2020-09-15T23:15:48","guid":{"rendered":"https:\/\/www.avanceplasticsurgery.com\/procedimientos-cosmeticos-y-de-cirugia\/ojos-y-cejas\/exceso-de-piel-en-los-parpados\/"},"modified":"2022-04-25T11:19:20","modified_gmt":"2022-04-25T11:19:20","slug":"exceso-de-piel-en-los-parpados","status":"publish","type":"page","link":"https:\/\/www.avanceplasticsurgery.com\/es\/procedimientos-cosmeticos-y-de-cirugia\/ojos-y-cejas\/exceso-de-piel-en-los-parpados\/","title":{"rendered":"Exceso de piel en los p\u00e1rpados"},"content":{"rendered":"<h1>Cirug\u00eda de eliminaci\u00f3n de exceso de piel en los p\u00e1rpados<\/h1>\n<p>El exceso de piel en los p\u00e1rpados, o los ojos holgados, pueden afectar los p\u00e1rpados superiores o inferiores. M\u00e9dicamente conocida como dermatochalasis, puede ser causada por el envejecimiento o por una condici\u00f3n cong\u00e9nita. Se diferencia de la ptosis en que, con esa condici\u00f3n, un m\u00fasculo u otro elemento hace que el p\u00e1rpado se caiga. En la dermatocalasia, el exceso de piel o grasa que se ha desarrollado hace que los p\u00e1rpados se caigan. La ptosis tambi\u00e9n afecta t\u00edpicamente el p\u00e1rpado superior, mientras que el exceso de piel del p\u00e1rpado puede desarrollarse en los p\u00e1rpados superior e inferior.<\/p>\n<p><a title=\"Reno NV Cirug\u00eda pl\u00e1stica de ojos y cejas\" href=\"https:\/\/www.avanceplasticsurgery.com\/es\/cosmetic-and-surgery-procedures\/eyes-brows-plastic-surgery\/\">El exceso de piel en los p\u00e1rpados<\/a> puede causar problemas est\u00e9ticos, haciendo que el paciente parezca cansado o fatigado. Un exceso de piel ca\u00edda en los p\u00e1rpados puede interferir con la visi\u00f3n al bloquear el ojo. Otras posibles condiciones incluyen la interferencia con las pesta\u00f1as, la irritaci\u00f3n del globo ocular y la inflamaci\u00f3n de los p\u00e1rpados y los tejidos circundantes. Cuando se ve afectado por esta afecci\u00f3n, el Dr. Erez Dayan puede realizar una cirug\u00eda de eliminaci\u00f3n del exceso de piel de los p\u00e1rpados en el Instituto de Cirug\u00eda Pl\u00e1stica Avance en Reno\/Tahoe, Nevada.<\/p>\n<p>El Dr. Dayan es un cirujano pl\u00e1stico cosm\u00e9tico y reconstructivo altamente calificado que ha escrito, dado conferencias y demostrado procedimientos avanzados de cirug\u00eda pl\u00e1stica y tecnolog\u00eda de punta en todo el mundo. Adem\u00e1s de una pr\u00e1ctica pr\u00f3spera en el Instituto de Cirug\u00eda Pl\u00e1stica Avance, es un investigador solicitado e investigador para las principales empresas de fabricaci\u00f3n de dispositivos est\u00e9ticos. Su apariencia est\u00e1 en las mejores manos con el Dr. Dayan.<\/p>\n<h2>Dermatochalasis en Reno y Lake Tahoe, Nevada<\/h2>\n<p>Con el envejecimiento, los p\u00e1rpados comienzan a debilitarse naturalmente y la piel pierde elasticidad, lo que hace que los p\u00e1rpados se caigan. El exceso de piel y grasa se acumula, causando bolsas debajo de los ojos, ojeras, cejas ca\u00eddas y p\u00e1rpados ca\u00eddos. Tanto los p\u00e1rpados superiores como los inferiores se ven com\u00fanmente afectados. Esto tiene un efecto dram\u00e1tico en la apariencia, haci\u00e9ndote parecer a\u00f1os mayor que tu edad real y mucho m\u00e1s cansado y desgastado. Muchos pacientes evitan mirarse en el espejo debido a los cambios que puede producir la dermatocalasia.<\/p>\n<p>La blefaroplastia, o levantamiento de p\u00e1rpados, que tambi\u00e9n elimina el exceso de piel y bolsas de grasa, es la soluci\u00f3n quir\u00fargica para los p\u00e1rpados ca\u00eddos. Este es un procedimiento delicado, ya que la piel de los p\u00e1rpados es la m\u00e1s fina de todo el cuerpo. Se requiere un cirujano pl\u00e1stico talentoso y h\u00e1bil, como el Dr. Dayan, con amplia capacitaci\u00f3n y experiencia para realizar con \u00e9xito este procedimiento y volver a esculpir los ojos de manera efectiva.<\/p>\n<p>El Dr. Dayan tambi\u00e9n combina rutinariamente procedimientos est\u00e9ticos para lograr los mejores resultados posibles, como el uso de liposucci\u00f3n y transferencia de grasa para realizar cambios sutiles que remodelan los ojos y las cejas para una apariencia m\u00e1s joven, vibrante y natural. \u00c9l le explicar\u00e1 m\u00e1s acerca de las opciones de cirug\u00eda para eliminar el exceso de piel de los p\u00e1rpados con blefaroplastia en una consulta privada. <a title=\"P\u00f3ngase en contacto con el Instituto de Cirug\u00eda Pl\u00e1stica Avance en Reno NV\" href=\"https:\/\/www.avanceplasticsurgery.com\/es\/contact-us-dr-erez-dayan\/\">Comun\u00edquese con el Instituto de Cirug\u00eda Pl\u00e1stica Avance<\/a> en Reno\/Tahoe para programar una consulta hoy.<\/p>\n<h3>Programa de mantenimiento<\/h3>\n<p>El <a href=\"https:\/\/www.avanceplasticsurgery.com\/es\/about-avance-plastic-surgery-institute\/plastic-surgery-maintenance\/\">programa de mantenimiento<\/a> en Avance Plastic Surgery Institute est\u00e1 dise\u00f1ado para ofrecer a los pacientes una forma conveniente de continuar viendo los beneficios de nuestros tratamientos durante el mayor tiempo posible.<\/p>\n<p>Para todos los procedimientos cosm\u00e9ticos de ojos y cejas, recomendamos el mantenimiento con Morpheus 8.<\/p>\n","protected":false},"excerpt":{"rendered":"<p>Cirug\u00eda de eliminaci\u00f3n de exceso de piel en los p\u00e1rpados El exceso de piel en los p\u00e1rpados, o los&hellip;<\/p>\n","protected":false},"author":1,"featured_media":0,"parent":8901,"menu_order":0,"comment_status":"closed","ping_status":"closed","template":"","meta":{"_acf_changed":false,"footnotes":""},"class_list":["post-8905","page","type-page","status-publish"],"acf":[],"yoast_head":"<!-- This site is optimized with the Yoast SEO plugin v27.3 - https:\/\/yoast.com\/product\/yoast-seo-wordpress\/ -->\n<title>Reno NV Retire el exceso de cirug\u00eda de piel de p\u00e1rpados | Dermatocalasis del lago Tahoe<\/title>\n<meta name=\"description\" content=\"La cirug\u00eda de eliminaci\u00f3n del exceso de piel de los p\u00e1rpados, una forma de blefaroplastia, est\u00e1 disponible para lucir m\u00e1s joven y vibrante. Programe su consulta con el Dr. Erez Dayan en Avance Plastic Surgery Institute en Reno, Nevada.\" \/>\n<meta name=\"robots\" content=\"index, follow, max-snippet:-1, max-image-preview:large, max-video-preview:-1\" \/>\n<link rel=\"canonical\" href=\"https:\/\/www.avanceplasticsurgery.com\/es\/procedimientos-cosmeticos-y-de-cirugia\/ojos-y-cejas\/exceso-de-piel-en-los-parpados\/\" \/>\n<meta property=\"og:locale\" content=\"es_ES\" \/>\n<meta property=\"og:type\" content=\"article\" \/>\n<meta property=\"og:title\" content=\"Reno NV Retire el exceso de cirug\u00eda de piel de p\u00e1rpados | Dermatocalasis del lago Tahoe\" \/>\n<meta property=\"og:description\" content=\"La cirug\u00eda de eliminaci\u00f3n del exceso de piel de los p\u00e1rpados, una forma de blefaroplastia, est\u00e1 disponible para lucir m\u00e1s joven y vibrante. Programe su consulta con el Dr. Erez Dayan en Avance Plastic Surgery Institute en Reno, Nevada.\" \/>\n<meta property=\"og:url\" content=\"https:\/\/www.avanceplasticsurgery.com\/es\/procedimientos-cosmeticos-y-de-cirugia\/ojos-y-cejas\/exceso-de-piel-en-los-parpados\/\" \/>\n<meta property=\"og:site_name\" content=\"Avance Plastic Surgery\" \/>\n<meta property=\"article:modified_time\" content=\"2022-04-25T11:19:20+00:00\" \/>\n<meta name=\"twitter:card\" content=\"summary_large_image\" \/>\n<meta name=\"twitter:label1\" content=\"Tiempo de lectura\" \/>\n\t<meta name=\"twitter:data1\" content=\"3 minutos\" \/>\n<!-- \/ Yoast SEO plugin. -->","yoast_head_json":{"title":"Reno NV Retire el exceso de cirug\u00eda de piel de p\u00e1rpados | Dermatocalasis del lago Tahoe","description":"La cirug\u00eda de eliminaci\u00f3n del exceso de piel de los p\u00e1rpados, una forma de blefaroplastia, est\u00e1 disponible para lucir m\u00e1s joven y vibrante. Programe su consulta con el Dr. Erez Dayan en Avance Plastic Surgery Institute en Reno, Nevada.","robots":{"index":"index","follow":"follow","max-snippet":"max-snippet:-1","max-image-preview":"max-image-preview:large","max-video-preview":"max-video-preview:-1"},"canonical":"https:\/\/www.avanceplasticsurgery.com\/es\/procedimientos-cosmeticos-y-de-cirugia\/ojos-y-cejas\/exceso-de-piel-en-los-parpados\/","og_locale":"es_ES","og_type":"article","og_title":"Reno NV Retire el exceso de cirug\u00eda de piel de p\u00e1rpados | Dermatocalasis del lago Tahoe","og_description":"La cirug\u00eda de eliminaci\u00f3n del exceso de piel de los p\u00e1rpados, una forma de blefaroplastia, est\u00e1 disponible para lucir m\u00e1s joven y vibrante. Programe su consulta con el Dr. Erez Dayan en Avance Plastic Surgery Institute en Reno, Nevada.","og_url":"https:\/\/www.avanceplasticsurgery.com\/es\/procedimientos-cosmeticos-y-de-cirugia\/ojos-y-cejas\/exceso-de-piel-en-los-parpados\/","og_site_name":"Avance Plastic Surgery","article_modified_time":"2022-04-25T11:19:20+00:00","twitter_card":"summary_large_image","twitter_misc":{"Tiempo de lectura":"3 minutos"},"schema":{"@context":"https:\/\/schema.org","@graph":[{"@type":"WebPage","@id":"https:\/\/www.avanceplasticsurgery.com\/es\/procedimientos-cosmeticos-y-de-cirugia\/ojos-y-cejas\/exceso-de-piel-en-los-parpados\/","url":"https:\/\/www.avanceplasticsurgery.com\/es\/procedimientos-cosmeticos-y-de-cirugia\/ojos-y-cejas\/exceso-de-piel-en-los-parpados\/","name":"Reno NV Retire el exceso de cirug\u00eda de piel de p\u00e1rpados | Dermatocalasis del lago Tahoe","isPartOf":{"@id":"https:\/\/www.avanceplasticsurgery.com\/es\/#website"},"datePublished":"2020-09-15T23:15:48+00:00","dateModified":"2022-04-25T11:19:20+00:00","description":"La cirug\u00eda de eliminaci\u00f3n del exceso de piel de los p\u00e1rpados, una forma de blefaroplastia, est\u00e1 disponible para lucir m\u00e1s joven y vibrante. Programe su consulta con el Dr. Erez Dayan en Avance Plastic Surgery Institute en Reno, Nevada.","breadcrumb":{"@id":"https:\/\/www.avanceplasticsurgery.com\/es\/procedimientos-cosmeticos-y-de-cirugia\/ojos-y-cejas\/exceso-de-piel-en-los-parpados\/#breadcrumb"},"inLanguage":"es","potentialAction":[{"@type":"ReadAction","target":["https:\/\/www.avanceplasticsurgery.com\/es\/procedimientos-cosmeticos-y-de-cirugia\/ojos-y-cejas\/exceso-de-piel-en-los-parpados\/"]}]},{"@type":"BreadcrumbList","@id":"https:\/\/www.avanceplasticsurgery.com\/es\/procedimientos-cosmeticos-y-de-cirugia\/ojos-y-cejas\/exceso-de-piel-en-los-parpados\/#breadcrumb","itemListElement":[{"@type":"ListItem","position":1,"name":"Home","item":"https:\/\/www.avanceplasticsurgery.com\/es\/"},{"@type":"ListItem","position":2,"name":"Cosm\u00e9tica","item":"https:\/\/www.avanceplasticsurgery.com\/es\/procedimientos-cosmeticos-y-de-cirugia\/"},{"@type":"ListItem","position":3,"name":"ojos y cejas","item":"https:\/\/www.avanceplasticsurgery.com\/es\/procedimientos-cosmeticos-y-de-cirugia\/ojos-y-cejas\/"},{"@type":"ListItem","position":4,"name":"Exceso de piel en los p\u00e1rpados"}]},{"@type":"WebSite","@id":"https:\/\/www.avanceplasticsurgery.com\/es\/#website","url":"https:\/\/www.avanceplasticsurgery.com\/es\/","name":"Avance Plastic Surgery","description":"","potentialAction":[{"@type":"SearchAction","target":{"@type":"EntryPoint","urlTemplate":"https:\/\/www.avanceplasticsurgery.com\/es\/?s={search_term_string}"},"query-input":{"@type":"PropertyValueSpecification","valueRequired":true,"valueName":"search_term_string"}}],"inLanguage":"es"}]}},"_links":{"self":[{"href":"https:\/\/www.avanceplasticsurgery.com\/es\/wp-json\/wp\/v2\/pages\/8905","targetHints":{"allow":["GET"]}}],"collection":[{"href":"https:\/\/www.avanceplasticsurgery.com\/es\/wp-json\/wp\/v2\/pages"}],"about":[{"href":"https:\/\/www.avanceplasticsurgery.com\/es\/wp-json\/wp\/v2\/types\/page"}],"author":[{"embeddable":true,"href":"https:\/\/www.avanceplasticsurgery.com\/es\/wp-json\/wp\/v2\/users\/1"}],"replies":[{"embeddable":true,"href":"https:\/\/www.avanceplasticsurgery.com\/es\/wp-json\/wp\/v2\/comments?post=8905"}],"version-history":[{"count":1,"href":"https:\/\/www.avanceplasticsurgery.com\/es\/wp-json\/wp\/v2\/pages\/8905\/revisions"}],"predecessor-version":[{"id":9201,"href":"https:\/\/www.avanceplasticsurgery.com\/es\/wp-json\/wp\/v2\/pages\/8905\/revisions\/9201"}],"up":[{"embeddable":true,"href":"https:\/\/www.avanceplasticsurgery.com\/es\/wp-json\/wp\/v2\/pages\/8901"}],"wp:attachment":[{"href":"https:\/\/www.avanceplasticsurgery.com\/es\/wp-json\/wp\/v2\/media?parent=8905"}],"curies":[{"name":"wp","href":"https:\/\/api.w.org\/{rel}","templated":true}]}}