{"id":8906,"date":"2020-09-15T23:17:23","date_gmt":"2020-09-15T23:17:23","guid":{"rendered":"https:\/\/www.avanceplasticsurgery.com\/procedimientos-cosmeticos-y-de-cirugia\/ojos-y-cejas\/levantamiento-de-parpados\/"},"modified":"2022-04-25T11:20:26","modified_gmt":"2022-04-25T11:20:26","slug":"levantamiento-de-parpados","status":"publish","type":"page","link":"https:\/\/www.avanceplasticsurgery.com\/es\/procedimientos-cosmeticos-y-de-cirugia\/ojos-y-cejas\/levantamiento-de-parpados\/","title":{"rendered":"Levantamiento de p\u00e1rpados"},"content":{"rendered":"<h1>Cirug\u00eda de Levantamiento de P\u00e1rpados<\/h1>\n<p>La piel de los p\u00e1rpados es la piel m\u00e1s fina y delicada del cuerpo y es propensa a la flacidez con la edad. Muchos adultos mayores delatan su edad por la apariencia de ojos ca\u00eddos y ca\u00eddos que se suman a una apariencia cansada y envejecida. Si bien los p\u00e1rpados ca\u00eddos pueden ser una consecuencia del envejecimiento, no tiene que aceptarlo. La cirug\u00eda de levantamiento de p\u00e1rpados puede restaurar una apariencia de vida y vitalidad a su apariencia, borrando a\u00f1os de su rostro. El Dr. Erez Dayan del Avance Plastic Surgery Institute realiza una cirug\u00eda de levantamiento de p\u00e1rpados en Reno\/Tahoe, NV.<\/p>\n<p>El envejecimiento provoca cambios estructurales en el rostro, y la p\u00e9rdida de elasticidad de la piel permite que los m\u00fasculos y los tejidos sucumban a la inexorable atracci\u00f3n de la gravedad. La cirug\u00eda de levantamiento de p\u00e1rpados del Dr. Dayan utiliza una combinaci\u00f3n de t\u00e9cnicas y procedimientos quir\u00fargicos avanzados para <a title=\"Reno NV Cirug\u00eda pl\u00e1stica de ojos y cejas\" href=\"https:\/\/www.avanceplasticsurgery.com\/es\/cosmetic-and-surgery-procedures\/eyes-brows-plastic-surgery\/\">rejuvenecer la apariencia de sus ojos<\/a> , dej\u00e1ndolo con un aspecto mucho m\u00e1s joven. Las bolsas de grasa se pueden transferir a donde se necesita para agregar contorno, borrando las ojeras debajo de los ojos. La piel suelta se puede quitar y\/o tensar, junto con los m\u00fasculos faciales d\u00e9biles, para presentar una apariencia suave y joven.<\/p>\n<button class=\"flc-yt lazyload\" data-id=\"nlI9U1kkjo4\" data-title=\"Levantamiento de P\u00e1rpados Dr. Erez Dayan Instituto de Cirug\u00eda Pl\u00e1stica Avance\" data-bg=\"https:\/\/i.ytimg.com\/vi\/nlI9U1kkjo4\/hqdefault.jpg\" aria-label=\"Play video Levantamiento de P\u00e1rpados Dr. Erez Dayan Instituto de Cirug\u00eda Pl\u00e1stica Avance\">  <div class=\"flc-yt__title\">Levantamiento de P\u00e1rpados Dr. Erez Dayan Instituto de Cirug\u00eda Pl\u00e1stica Avance<\/div>  <span class=\"flc-yt__play\">    <svg viewBox=\"0 0 68 48\" xmlns=\"http:\/\/www.w3.org\/2000\/svg\" aria-hidden=\"true\"><path d=\"M66.5 7.8A8.5 8.5 0 0 0 60.6 2C55.3.5 34 .5 34 .5S12.7.5 7.4 2A8.5 8.5 0 0 0 1.5 7.8C0 13.1 0 24 0 24s0 10.9 1.5 16.2A8.5 8.5 0 0 0 7.4 46C12.7 47.5 34 47.5 34 47.5s21.3 0 26.6-1.5a8.5 8.5 0 0 0 5.9-5.8C68 34.9 68 24 68 24s0-10.9-1.5-16.2Z\" fill=\"#f00\"\/><path d=\"M27 34l18-10-18-10v20Z\" fill=\"#fff\"\/><\/svg>  <\/span><\/button>\n<p>Los p\u00e1rpados mismos, ya menudo tambi\u00e9n las cejas, se pueden levantar y mejorar quir\u00fargicamente para que parezcan m\u00e1s j\u00f3venes y vivos que nunca. Estos cambios sutiles, pero poderosos, solo son posibles por parte de un cirujano pl\u00e1stico talentoso, altamente experimentado y con habilidades excepcionales. El Dr. Dayan es un cirujano calificado, con una beca de capacitaci\u00f3n y con una vasta experiencia en cirug\u00eda pl\u00e1stica facial.<\/p>\n<h2>Cirug\u00eda cosm\u00e9tica de estiramiento de ojos en Reno\/Tahoe cerca del lago Tahoe<\/h2>\n<p>La cirug\u00eda est\u00e9tica de p\u00e1rpados en Reno\/Tahoe, cerca del lago Tahoe, puede rehacer por completo su apariencia y darle una nueva oportunidad de vida. Cuando te ves m\u00e1s joven, te sientes y act\u00faas m\u00e1s joven y con m\u00e1s energ\u00eda. \u00bfPor qu\u00e9 parecer mayor de tu edad cuando sientes que a\u00fan te quedan muchos a\u00f1os de vida por delante? El Dr. Dayan y su equipo en el Instituto de Cirug\u00eda Pl\u00e1stica Avance pueden realizar varias t\u00e9cnicas de cirug\u00eda est\u00e9tica de p\u00e1rpados para rehabilitar completamente sus ojos y los tejidos circundantes.<\/p>\n<p>Las necesidades de cada paciente son \u00fanicas, por lo que recibir\u00e1 un plan de tratamiento personalizado del Dr. Dayan. Su consulta incluir\u00e1 un examen, medidas y posiblemente radiograf\u00edas para comprender completamente el alcance de su condici\u00f3n y sus objetivos est\u00e9ticos. El Dr. Dayan luego presentar\u00e1 cualquier recomendaci\u00f3n para el tratamiento. Tendr\u00e1 la oportunidad de hacer preguntas y recibir informaci\u00f3n sobre cualquier procedimiento que \u00e9l crea que podr\u00eda beneficiarle.<\/p>\n<p>Tambi\u00e9n se le proporcionar\u00e1 un seguimiento de calidad y cuidados posteriores con el Dr. Dayan. Su recuperaci\u00f3n exitosa y la completa satisfacci\u00f3n con su apariencia son sus objetivos finales para su tratamiento. El Dr. Dayan y el equipo del Avance Plastic Surgery Institute no se conformar\u00e1n con menos. <a title=\"P\u00f3ngase en contacto con el Instituto de Cirug\u00eda Pl\u00e1stica Avance en Reno NV\" href=\"https:\/\/www.avanceplasticsurgery.com\/es\/contact-us-dr-erez-dayan\/\">Cont\u00e1ctenos en Reno\/Tahoe<\/a> hoy para programar su consulta de cirug\u00eda de levantamiento de p\u00e1rpados con el Dr. Dayan.<\/p>\n<h3>Programa de mantenimiento<\/h3>\n<p>El <a href=\"https:\/\/www.avanceplasticsurgery.com\/es\/about-avance-plastic-surgery-institute\/plastic-surgery-maintenance\/\">programa de mantenimiento<\/a> en Avance Plastic Surgery Institute est\u00e1 dise\u00f1ado para ofrecer a los pacientes una forma conveniente de continuar viendo los beneficios de nuestros tratamientos durante el mayor tiempo posible.<\/p>\n<p>Para todos los procedimientos cosm\u00e9ticos de ojos y cejas, recomendamos el mantenimiento con Morpheus 8.<\/p>\n","protected":false},"excerpt":{"rendered":"<p>Cirug\u00eda de Levantamiento de P\u00e1rpados La piel de los p\u00e1rpados es la piel m\u00e1s fina y delicada del cuerpo&hellip;<\/p>\n","protected":false},"author":1,"featured_media":0,"parent":8901,"menu_order":0,"comment_status":"closed","ping_status":"closed","template":"","meta":{"_acf_changed":false,"footnotes":""},"class_list":["post-8906","page","type-page","status-publish"],"acf":[],"yoast_head":"<!-- This site is optimized with the Yoast SEO plugin v25.6 - https:\/\/yoast.com\/wordpress\/plugins\/seo\/ -->\n<title>Reno NV Cirug\u00eda pl\u00e1stica de levantamiento de p\u00e1rpados | Cirujano de estiramiento de ojos cosm\u00e9tico de Lake Tahoe<\/title>\n<meta name=\"description\" content=\"La cirug\u00eda pl\u00e1stica de levantamiento de p\u00e1rpados en Reno puede rehacer completamente su apariencia facial para que se vea m\u00e1s joven y m\u00e1s vivo. El Dr. Dayan realiza una cirug\u00eda pl\u00e1stica cosm\u00e9tica de levantamiento de p\u00e1rpados en el Instituto de Cirug\u00eda Pl\u00e1stica Avance. Ll\u00e1menos hoy para una consulta.\" \/>\n<meta name=\"robots\" content=\"index, follow, max-snippet:-1, max-image-preview:large, max-video-preview:-1\" \/>\n<link rel=\"canonical\" href=\"https:\/\/www.avanceplasticsurgery.com\/es\/procedimientos-cosmeticos-y-de-cirugia\/ojos-y-cejas\/levantamiento-de-parpados\/\" \/>\n<meta property=\"og:locale\" content=\"es_ES\" \/>\n<meta property=\"og:type\" content=\"article\" \/>\n<meta property=\"og:title\" content=\"Reno NV Cirug\u00eda pl\u00e1stica de levantamiento de p\u00e1rpados | Cirujano de estiramiento de ojos cosm\u00e9tico de Lake Tahoe\" \/>\n<meta property=\"og:description\" content=\"La cirug\u00eda pl\u00e1stica de levantamiento de p\u00e1rpados en Reno puede rehacer completamente su apariencia facial para que se vea m\u00e1s joven y m\u00e1s vivo. El Dr. Dayan realiza una cirug\u00eda pl\u00e1stica cosm\u00e9tica de levantamiento de p\u00e1rpados en el Instituto de Cirug\u00eda Pl\u00e1stica Avance. Ll\u00e1menos hoy para una consulta.\" \/>\n<meta property=\"og:url\" content=\"https:\/\/www.avanceplasticsurgery.com\/es\/procedimientos-cosmeticos-y-de-cirugia\/ojos-y-cejas\/levantamiento-de-parpados\/\" \/>\n<meta property=\"og:site_name\" content=\"Avance Plastic Surgery\" \/>\n<meta property=\"article:modified_time\" content=\"2022-04-25T11:20:26+00:00\" \/>\n<meta name=\"twitter:card\" content=\"summary_large_image\" \/>\n<meta name=\"twitter:label1\" content=\"Tiempo de lectura\" \/>\n\t<meta name=\"twitter:data1\" content=\"3 minutos\" \/>\n<!-- \/ Yoast SEO plugin. -->","yoast_head_json":{"title":"Reno NV Cirug\u00eda pl\u00e1stica de levantamiento de p\u00e1rpados | Cirujano de estiramiento de ojos cosm\u00e9tico de Lake Tahoe","description":"La cirug\u00eda pl\u00e1stica de levantamiento de p\u00e1rpados en Reno puede rehacer completamente su apariencia facial para que se vea m\u00e1s joven y m\u00e1s vivo. El Dr. Dayan realiza una cirug\u00eda pl\u00e1stica cosm\u00e9tica de levantamiento de p\u00e1rpados en el Instituto de Cirug\u00eda Pl\u00e1stica Avance. Ll\u00e1menos hoy para una consulta.","robots":{"index":"index","follow":"follow","max-snippet":"max-snippet:-1","max-image-preview":"max-image-preview:large","max-video-preview":"max-video-preview:-1"},"canonical":"https:\/\/www.avanceplasticsurgery.com\/es\/procedimientos-cosmeticos-y-de-cirugia\/ojos-y-cejas\/levantamiento-de-parpados\/","og_locale":"es_ES","og_type":"article","og_title":"Reno NV Cirug\u00eda pl\u00e1stica de levantamiento de p\u00e1rpados | Cirujano de estiramiento de ojos cosm\u00e9tico de Lake Tahoe","og_description":"La cirug\u00eda pl\u00e1stica de levantamiento de p\u00e1rpados en Reno puede rehacer completamente su apariencia facial para que se vea m\u00e1s joven y m\u00e1s vivo. El Dr. Dayan realiza una cirug\u00eda pl\u00e1stica cosm\u00e9tica de levantamiento de p\u00e1rpados en el Instituto de Cirug\u00eda Pl\u00e1stica Avance. Ll\u00e1menos hoy para una consulta.","og_url":"https:\/\/www.avanceplasticsurgery.com\/es\/procedimientos-cosmeticos-y-de-cirugia\/ojos-y-cejas\/levantamiento-de-parpados\/","og_site_name":"Avance Plastic Surgery","article_modified_time":"2022-04-25T11:20:26+00:00","twitter_card":"summary_large_image","twitter_misc":{"Tiempo de lectura":"3 minutos"},"schema":{"@context":"https:\/\/schema.org","@graph":[{"@type":"WebPage","@id":"https:\/\/www.avanceplasticsurgery.com\/es\/procedimientos-cosmeticos-y-de-cirugia\/ojos-y-cejas\/levantamiento-de-parpados\/","url":"https:\/\/www.avanceplasticsurgery.com\/es\/procedimientos-cosmeticos-y-de-cirugia\/ojos-y-cejas\/levantamiento-de-parpados\/","name":"Reno NV Cirug\u00eda pl\u00e1stica de levantamiento de p\u00e1rpados | Cirujano de estiramiento de ojos cosm\u00e9tico de Lake Tahoe","isPartOf":{"@id":"https:\/\/www.avanceplasticsurgery.com\/es\/#website"},"datePublished":"2020-09-15T23:17:23+00:00","dateModified":"2022-04-25T11:20:26+00:00","description":"La cirug\u00eda pl\u00e1stica de levantamiento de p\u00e1rpados en Reno puede rehacer completamente su apariencia facial para que se vea m\u00e1s joven y m\u00e1s vivo. El Dr. Dayan realiza una cirug\u00eda pl\u00e1stica cosm\u00e9tica de levantamiento de p\u00e1rpados en el Instituto de Cirug\u00eda Pl\u00e1stica Avance. Ll\u00e1menos hoy para una consulta.","breadcrumb":{"@id":"https:\/\/www.avanceplasticsurgery.com\/es\/procedimientos-cosmeticos-y-de-cirugia\/ojos-y-cejas\/levantamiento-de-parpados\/#breadcrumb"},"inLanguage":"es","potentialAction":[{"@type":"ReadAction","target":["https:\/\/www.avanceplasticsurgery.com\/es\/procedimientos-cosmeticos-y-de-cirugia\/ojos-y-cejas\/levantamiento-de-parpados\/"]}]},{"@type":"BreadcrumbList","@id":"https:\/\/www.avanceplasticsurgery.com\/es\/procedimientos-cosmeticos-y-de-cirugia\/ojos-y-cejas\/levantamiento-de-parpados\/#breadcrumb","itemListElement":[{"@type":"ListItem","position":1,"name":"Home","item":"https:\/\/www.avanceplasticsurgery.com\/es\/"},{"@type":"ListItem","position":2,"name":"Cosm\u00e9tica","item":"https:\/\/www.avanceplasticsurgery.com\/es\/procedimientos-cosmeticos-y-de-cirugia\/"},{"@type":"ListItem","position":3,"name":"ojos y cejas","item":"https:\/\/www.avanceplasticsurgery.com\/es\/procedimientos-cosmeticos-y-de-cirugia\/ojos-y-cejas\/"},{"@type":"ListItem","position":4,"name":"Levantamiento de p\u00e1rpados"}]},{"@type":"WebSite","@id":"https:\/\/www.avanceplasticsurgery.com\/es\/#website","url":"https:\/\/www.avanceplasticsurgery.com\/es\/","name":"Avance Plastic Surgery","description":"","potentialAction":[{"@type":"SearchAction","target":{"@type":"EntryPoint","urlTemplate":"https:\/\/www.avanceplasticsurgery.com\/es\/?s={search_term_string}"},"query-input":{"@type":"PropertyValueSpecification","valueRequired":true,"valueName":"search_term_string"}}],"inLanguage":"es"}]}},"_links":{"self":[{"href":"https:\/\/www.avanceplasticsurgery.com\/es\/wp-json\/wp\/v2\/pages\/8906","targetHints":{"allow":["GET"]}}],"collection":[{"href":"https:\/\/www.avanceplasticsurgery.com\/es\/wp-json\/wp\/v2\/pages"}],"about":[{"href":"https:\/\/www.avanceplasticsurgery.com\/es\/wp-json\/wp\/v2\/types\/page"}],"author":[{"embeddable":true,"href":"https:\/\/www.avanceplasticsurgery.com\/es\/wp-json\/wp\/v2\/users\/1"}],"replies":[{"embeddable":true,"href":"https:\/\/www.avanceplasticsurgery.com\/es\/wp-json\/wp\/v2\/comments?post=8906"}],"version-history":[{"count":1,"href":"https:\/\/www.avanceplasticsurgery.com\/es\/wp-json\/wp\/v2\/pages\/8906\/revisions"}],"predecessor-version":[{"id":9204,"href":"https:\/\/www.avanceplasticsurgery.com\/es\/wp-json\/wp\/v2\/pages\/8906\/revisions\/9204"}],"up":[{"embeddable":true,"href":"https:\/\/www.avanceplasticsurgery.com\/es\/wp-json\/wp\/v2\/pages\/8901"}],"wp:attachment":[{"href":"https:\/\/www.avanceplasticsurgery.com\/es\/wp-json\/wp\/v2\/media?parent=8906"}],"curies":[{"name":"wp","href":"https:\/\/api.w.org\/{rel}","templated":true}]}}