{"id":8907,"date":"2020-09-15T23:23:59","date_gmt":"2020-09-15T23:23:59","guid":{"rendered":"https:\/\/www.avanceplasticsurgery.com\/procedimientos-cosmeticos-y-de-cirugia\/ojos-y-cejas\/levantamiento-de-frente-cejas\/"},"modified":"2022-04-25T11:19:47","modified_gmt":"2022-04-25T11:19:47","slug":"levantamiento-de-frente-cejas","status":"publish","type":"page","link":"https:\/\/www.avanceplasticsurgery.com\/es\/procedimientos-cosmeticos-y-de-cirugia\/ojos-y-cejas\/levantamiento-de-frente-cejas\/","title":{"rendered":"Levantamiento de frente\/cejas"},"content":{"rendered":"<h1>Cirug\u00eda Pl\u00e1stica de Levantamiento de Cejas<\/h1>\n<p>Las cejas son un componente clave de nuestras expresiones voluntarias e involuntarias. Subconscientemente, otras personas con frecuencia ven las <a title=\"Reno NV Cirug\u00eda pl\u00e1stica de ojos y cejas\" href=\"https:\/\/www.avanceplasticsurgery.com\/es\/cosmetic-and-surgery-procedures\/eyes-brows-plastic-surgery\/\">cejas ca\u00eddas o deformes<\/a> como cansadas, enojadas o deprimidas, cuando de hecho, el resto de sus expresiones faciales pueden ser bastante amistosas y optimistas. Las cejas ca\u00eddas tambi\u00e9n pueden interferir con la visi\u00f3n. Un levantamiento de cejas quir\u00fargico con el Dr. Erez Dayan en el Instituto de Cirug\u00eda Pl\u00e1stica Avance en Reno\/Tahoe es una soluci\u00f3n excelente para crear una apariencia facial m\u00e1s juvenil y una apariencia menos cansada, aumentando enormemente su confianza.<\/p>\n<button class=\"flc-yt lazyload\" data-id=\"8793Q9SemtY\" data-title=\"Dr. Erez Dayan Animaci\u00f3n de estiramiento de cejas Avance Plastic Surgery Institute\" data-bg=\"https:\/\/i.ytimg.com\/vi\/8793Q9SemtY\/hqdefault.jpg\" aria-label=\"Play video Dr. Erez Dayan Animaci\u00f3n de estiramiento de cejas Avance Plastic Surgery Institute\">  <div class=\"flc-yt__title\">Dr. Erez Dayan Animaci\u00f3n de estiramiento de cejas Avance Plastic Surgery Institute<\/div>  <span class=\"flc-yt__play\">    <svg viewBox=\"0 0 68 48\" xmlns=\"http:\/\/www.w3.org\/2000\/svg\" aria-hidden=\"true\"><path d=\"M66.5 7.8A8.5 8.5 0 0 0 60.6 2C55.3.5 34 .5 34 .5S12.7.5 7.4 2A8.5 8.5 0 0 0 1.5 7.8C0 13.1 0 24 0 24s0 10.9 1.5 16.2A8.5 8.5 0 0 0 7.4 46C12.7 47.5 34 47.5 34 47.5s21.3 0 26.6-1.5a8.5 8.5 0 0 0 5.9-5.8C68 34.9 68 24 68 24s0-10.9-1.5-16.2Z\" fill=\"#f00\"\/><path d=\"M27 34l18-10-18-10v20Z\" fill=\"#fff\"\/><\/svg>  <\/span><\/button>\n<dl id=\"faq-1\" class=\"flc-faq\"><dt>\u00bfQu\u00e9 implica un levantamiento de cejas?<\/dt><dd><p>Dependiendo de sus necesidades est\u00e9ticas y funcionales individuales, el Dr. Dayan realizar\u00e1 un estiramiento de cejas utilizando uno de los cuatro enfoques que son el estiramiento coronal tradicional, el estiramiento temporal con incisi\u00f3n limitada, el estiramiento endosc\u00f3pico o el estiramiento m\u00ednimamente invasivo con estiramiento de la piel por radiofrecuencia. Con los levantamientos de radiofrecuencia, endosc\u00f3picos y temporales, las incisiones se ocultan dentro de la l\u00ednea del cabello, sin dejar esencialmente evidencia del levantamiento de cejas. Estos tres tipos de levantamiento de cejas son adecuados para aquellos con ptosis leve de cejas y solo signos moderados de envejecimiento.<\/p>\r\n\r\n<p>Un levantamiento coronal brinda un levantamiento m\u00e1s dram\u00e1tico, ideal para pacientes que requieren una revisi\u00f3n m\u00e1s avanzada y profunda de la frente y las cejas. Es perfecto para aquellos con signos avanzados de envejecimiento. El Dr. Dayan discutir\u00e1 la mejor t\u00e9cnica para usted despu\u00e9s de realizar una evaluaci\u00f3n f\u00edsica en su consulta en el Instituto de Cirug\u00eda Pl\u00e1stica Avance en Reno\/Tahoe, Nevada.<\/p> \r\n\r\n<p>Las ventajas de un levantamiento de cejas son numerosas e incluyen:<\/p>\r\n<ul> \r\n<li>Invierta una expresi\u00f3n facial de enojo, cansancio o tristeza<\/li>\r\n<li>Suaviza las arrugas, los pliegues y las l\u00edneas finas<\/li>\r\n<li>Ilumina y abre los ojos.<\/li> \r\n<li>Mejora tu autoimagen<\/li>\r\n<li>Mejora tu campo de visi\u00f3n<\/li>\r\n<li>Proporcionar un resultado duradero.<\/li>\r\n<\/ul><\/dd><dt>\u00bfQu\u00e9 determina la candidatura para un levantamiento de cejas?<\/dt><dd>El primer paso para determinar su candidatura para un levantamiento de cejas ser\u00e1 reunirse con el Dr. Dayan en Reno\/Tahoe para su consulta y examen inicial. En este momento, el Dr. Dayan determinar\u00e1 si un levantamiento de cejas es el procedimiento ideal para sus necesidades, o si una blefaroplastia, un tratamiento con rellenos d\u00e9rmicos o un estiramiento facial podr\u00edan ser m\u00e1s apropiados. Adem\u00e1s, es importante que tenga una buena elasticidad de la piel, no fume, tenga buena salud mental y f\u00edsica, pero tambi\u00e9n sea realista en sus expectativas de resultados.<\/dd><dt>\u00bfC\u00f3mo ser\u00e1 mi recuperaci\u00f3n?<\/dt><dd><p>La recuperaci\u00f3n depende del tipo de procedimiento de levantamiento de cejas realizado. Por lo general, el Dr. Dayan adopta un enfoque m\u00ednimamente invasivo empleando el estiramiento de cejas temporal o el estiramiento de cejas asistido por radiofrecuencia con el dispositivo AccuTite\u00ae de InMode. Para estos procedimientos, las suturas se retirar\u00e1n generalmente dentro de una semana de su procedimiento.<\/p>\r\n<p>Es posible que experimente algunos moretones e hinchaz\u00f3n leves, pero esto desaparecer\u00e1 r\u00e1pidamente. Debe mantener la cabeza elevada durante unos d\u00edas para disminuir la hinchaz\u00f3n. La mayor\u00eda de las personas pueden regresar al trabajo o la escuela dentro de los 7 a 10 d\u00edas, pero debe evitar levantar objetos pesados y realizar actividades extenuantes durante aproximadamente 3 semanas.<\/p><\/dd><dt>\u00bfCu\u00e1nto cuesta un levantamiento de cejas?<\/dt><dd>Las tarifas de levantamiento de cejas var\u00edan de un paciente a otro y se basan en la extensi\u00f3n del procedimiento realizado. Una vez que se haya reunido con el Dr. Dayan para una consulta privada, podr\u00e1 ofrecerle un presupuesto personalizado para sus servicios. Nuestra oficina puede ayudarlo a financiar su cirug\u00eda brind\u00e1ndole una variedad de opciones de pr\u00e9stamos de atenci\u00f3n m\u00e9dica acreditadas con las que nos asociamos. Muchos de ellos le permiten presentar una solicitud y recibir una respuesta mientras se encuentra en nuestra oficina. <\/dd><dt>\u00bfPor qu\u00e9 elegir al Dr. Dayan?<\/dt><dd><p>El Dr. Dayan es un h\u00e1bil cirujano pl\u00e1stico y reconstructivo que brinda resultados meticulosos de est\u00e9tica facial y levantamiento de cejas en un entorno de vanguardia. Despu\u00e9s de completar su formaci\u00f3n en cirug\u00eda pl\u00e1stica en el prestigioso Programa de Cirug\u00eda Pl\u00e1stica de Harvard, el Dr. Dayan fue elegido entre un grupo de \u00e9lite para obtener una beca de investigaci\u00f3n en cirug\u00eda est\u00e9tica en el Instituto de Cirug\u00eda Pl\u00e1stica de Dallas, ampliamente considerado como un centro de est\u00e9tica superior a nivel internacional.<\/p> \r\n\r\n<p>El Dr. Dayan ha presentado y publicado sobre temas de cirug\u00eda pl\u00e1stica en m\u00e1s de 150 ocasiones a nivel nacional e internacional, incluida la publicaci\u00f3n de cinco libros. M\u00e1s recientemente, fue coautor del libro de texto autorizado titulado: Zonas de peligro facial: mantenerse seguro con cirug\u00eda, rellenos y dispositivos no invasivos. Es el ganador del Premio al Logro Acad\u00e9mico de Cirug\u00eda Pl\u00e1stica de Harvard y es investigador y titular de opini\u00f3n clave para compa\u00f1\u00edas est\u00e9ticas como InMode, Allergan y Galderma.<\/p><\/dd><\/dl>\n<p><a title=\"P\u00f3ngase en contacto con el Instituto de Cirug\u00eda Pl\u00e1stica Avance en Reno NV\" href=\"https:\/\/www.avanceplasticsurgery.com\/es\/contact-us-dr-erez-dayan\/\">Comun\u00edquese hoy con el Instituto de Cirug\u00eda Pl\u00e1stica Avance<\/a> en nuestra oficina de Reno\/Tahoe, NV, para programar una consulta de cirug\u00eda de levantamiento de cejas con el Dr. Dayan.<\/p>\n<h2>Programa de mantenimiento<\/h2>\n<p>El <a href=\"https:\/\/www.avanceplasticsurgery.com\/es\/about-avance-plastic-surgery-institute\/plastic-surgery-maintenance\/\">programa de mantenimiento<\/a> en Avance Plastic Surgery Institute est\u00e1 dise\u00f1ado para ofrecer a los pacientes una forma conveniente de continuar viendo los beneficios de nuestros tratamientos durante el mayor tiempo posible.<\/p>\n<p>Para todos los procedimientos cosm\u00e9ticos de ojos y cejas, recomendamos el mantenimiento con Morpheus 8.<\/p>\n","protected":false},"excerpt":{"rendered":"<p>Cirug\u00eda Pl\u00e1stica de Levantamiento de Cejas Las cejas son un componente clave de nuestras expresiones voluntarias e involuntarias. Subconscientemente,&hellip;<\/p>\n","protected":false},"author":1,"featured_media":0,"parent":8901,"menu_order":0,"comment_status":"closed","ping_status":"closed","template":"","meta":{"_acf_changed":false,"footnotes":""},"class_list":["post-8907","page","type-page","status-publish"],"acf":[],"yoast_head":"<!-- This site is optimized with the Yoast SEO plugin v27.5 - https:\/\/yoast.com\/product\/yoast-seo-wordpress\/ -->\n<title>Reno NV Cirug\u00eda de Estiramiento de Frente\/Ceja | Levantamiento de cejas endosc\u00f3pico de Lake Tahoe<\/title>\n<meta name=\"description\" content=\"Un levantamiento de cejas del Dr. Erez Dayan puede mejorar dram\u00e1ticamente su apariencia, haci\u00e9ndolo lucir mucho m\u00e1s joven y vivo. Llame hoy al Instituto de Cirug\u00eda Pl\u00e1stica Avance en Reno para programar una consulta quir\u00fargica con el Dr. Dayan.\" \/>\n<meta name=\"robots\" content=\"index, follow, max-snippet:-1, max-image-preview:large, max-video-preview:-1\" \/>\n<link rel=\"canonical\" href=\"https:\/\/www.avanceplasticsurgery.com\/es\/procedimientos-cosmeticos-y-de-cirugia\/ojos-y-cejas\/levantamiento-de-frente-cejas\/\" \/>\n<meta property=\"og:locale\" content=\"es_ES\" \/>\n<meta property=\"og:type\" content=\"article\" \/>\n<meta property=\"og:title\" content=\"Reno NV Cirug\u00eda de Estiramiento de Frente\/Ceja | Levantamiento de cejas endosc\u00f3pico de Lake Tahoe\" \/>\n<meta property=\"og:description\" content=\"Un levantamiento de cejas del Dr. Erez Dayan puede mejorar dram\u00e1ticamente su apariencia, haci\u00e9ndolo lucir mucho m\u00e1s joven y vivo. Llame hoy al Instituto de Cirug\u00eda Pl\u00e1stica Avance en Reno para programar una consulta quir\u00fargica con el Dr. Dayan.\" \/>\n<meta property=\"og:url\" content=\"https:\/\/www.avanceplasticsurgery.com\/es\/procedimientos-cosmeticos-y-de-cirugia\/ojos-y-cejas\/levantamiento-de-frente-cejas\/\" \/>\n<meta property=\"og:site_name\" content=\"Avance Plastic Surgery\" \/>\n<meta property=\"article:modified_time\" content=\"2022-04-25T11:19:47+00:00\" \/>\n<meta name=\"twitter:card\" content=\"summary_large_image\" \/>\n<meta name=\"twitter:label1\" content=\"Tiempo de lectura\" \/>\n\t<meta name=\"twitter:data1\" content=\"1 minuto\" \/>\n<!-- \/ Yoast SEO plugin. -->","yoast_head_json":{"title":"Reno NV Cirug\u00eda de Estiramiento de Frente\/Ceja | Levantamiento de cejas endosc\u00f3pico de Lake Tahoe","description":"Un levantamiento de cejas del Dr. Erez Dayan puede mejorar dram\u00e1ticamente su apariencia, haci\u00e9ndolo lucir mucho m\u00e1s joven y vivo. Llame hoy al Instituto de Cirug\u00eda Pl\u00e1stica Avance en Reno para programar una consulta quir\u00fargica con el Dr. Dayan.","robots":{"index":"index","follow":"follow","max-snippet":"max-snippet:-1","max-image-preview":"max-image-preview:large","max-video-preview":"max-video-preview:-1"},"canonical":"https:\/\/www.avanceplasticsurgery.com\/es\/procedimientos-cosmeticos-y-de-cirugia\/ojos-y-cejas\/levantamiento-de-frente-cejas\/","og_locale":"es_ES","og_type":"article","og_title":"Reno NV Cirug\u00eda de Estiramiento de Frente\/Ceja | Levantamiento de cejas endosc\u00f3pico de Lake Tahoe","og_description":"Un levantamiento de cejas del Dr. Erez Dayan puede mejorar dram\u00e1ticamente su apariencia, haci\u00e9ndolo lucir mucho m\u00e1s joven y vivo. Llame hoy al Instituto de Cirug\u00eda Pl\u00e1stica Avance en Reno para programar una consulta quir\u00fargica con el Dr. Dayan.","og_url":"https:\/\/www.avanceplasticsurgery.com\/es\/procedimientos-cosmeticos-y-de-cirugia\/ojos-y-cejas\/levantamiento-de-frente-cejas\/","og_site_name":"Avance Plastic Surgery","article_modified_time":"2022-04-25T11:19:47+00:00","twitter_card":"summary_large_image","twitter_misc":{"Tiempo de lectura":"1 minuto"},"schema":{"@context":"https:\/\/schema.org","@graph":[{"@type":"WebPage","@id":"https:\/\/www.avanceplasticsurgery.com\/es\/procedimientos-cosmeticos-y-de-cirugia\/ojos-y-cejas\/levantamiento-de-frente-cejas\/","url":"https:\/\/www.avanceplasticsurgery.com\/es\/procedimientos-cosmeticos-y-de-cirugia\/ojos-y-cejas\/levantamiento-de-frente-cejas\/","name":"Reno NV Cirug\u00eda de Estiramiento de Frente\/Ceja | Levantamiento de cejas endosc\u00f3pico de Lake Tahoe","isPartOf":{"@id":"https:\/\/www.avanceplasticsurgery.com\/es\/#website"},"datePublished":"2020-09-15T23:23:59+00:00","dateModified":"2022-04-25T11:19:47+00:00","description":"Un levantamiento de cejas del Dr. Erez Dayan puede mejorar dram\u00e1ticamente su apariencia, haci\u00e9ndolo lucir mucho m\u00e1s joven y vivo. Llame hoy al Instituto de Cirug\u00eda Pl\u00e1stica Avance en Reno para programar una consulta quir\u00fargica con el Dr. Dayan.","breadcrumb":{"@id":"https:\/\/www.avanceplasticsurgery.com\/es\/procedimientos-cosmeticos-y-de-cirugia\/ojos-y-cejas\/levantamiento-de-frente-cejas\/#breadcrumb"},"inLanguage":"es","potentialAction":[{"@type":"ReadAction","target":["https:\/\/www.avanceplasticsurgery.com\/es\/procedimientos-cosmeticos-y-de-cirugia\/ojos-y-cejas\/levantamiento-de-frente-cejas\/"]}]},{"@type":"BreadcrumbList","@id":"https:\/\/www.avanceplasticsurgery.com\/es\/procedimientos-cosmeticos-y-de-cirugia\/ojos-y-cejas\/levantamiento-de-frente-cejas\/#breadcrumb","itemListElement":[{"@type":"ListItem","position":1,"name":"Home","item":"https:\/\/www.avanceplasticsurgery.com\/es\/"},{"@type":"ListItem","position":2,"name":"Cosm\u00e9tica","item":"https:\/\/www.avanceplasticsurgery.com\/es\/procedimientos-cosmeticos-y-de-cirugia\/"},{"@type":"ListItem","position":3,"name":"ojos y cejas","item":"https:\/\/www.avanceplasticsurgery.com\/es\/procedimientos-cosmeticos-y-de-cirugia\/ojos-y-cejas\/"},{"@type":"ListItem","position":4,"name":"Levantamiento de frente\/cejas"}]},{"@type":"WebSite","@id":"https:\/\/www.avanceplasticsurgery.com\/es\/#website","url":"https:\/\/www.avanceplasticsurgery.com\/es\/","name":"Avance Plastic Surgery","description":"","potentialAction":[{"@type":"SearchAction","target":{"@type":"EntryPoint","urlTemplate":"https:\/\/www.avanceplasticsurgery.com\/es\/?s={search_term_string}"},"query-input":{"@type":"PropertyValueSpecification","valueRequired":true,"valueName":"search_term_string"}}],"inLanguage":"es"}]}},"_links":{"self":[{"href":"https:\/\/www.avanceplasticsurgery.com\/es\/wp-json\/wp\/v2\/pages\/8907","targetHints":{"allow":["GET"]}}],"collection":[{"href":"https:\/\/www.avanceplasticsurgery.com\/es\/wp-json\/wp\/v2\/pages"}],"about":[{"href":"https:\/\/www.avanceplasticsurgery.com\/es\/wp-json\/wp\/v2\/types\/page"}],"author":[{"embeddable":true,"href":"https:\/\/www.avanceplasticsurgery.com\/es\/wp-json\/wp\/v2\/users\/1"}],"replies":[{"embeddable":true,"href":"https:\/\/www.avanceplasticsurgery.com\/es\/wp-json\/wp\/v2\/comments?post=8907"}],"version-history":[{"count":1,"href":"https:\/\/www.avanceplasticsurgery.com\/es\/wp-json\/wp\/v2\/pages\/8907\/revisions"}],"predecessor-version":[{"id":9202,"href":"https:\/\/www.avanceplasticsurgery.com\/es\/wp-json\/wp\/v2\/pages\/8907\/revisions\/9202"}],"up":[{"embeddable":true,"href":"https:\/\/www.avanceplasticsurgery.com\/es\/wp-json\/wp\/v2\/pages\/8901"}],"wp:attachment":[{"href":"https:\/\/www.avanceplasticsurgery.com\/es\/wp-json\/wp\/v2\/media?parent=8907"}],"curies":[{"name":"wp","href":"https:\/\/api.w.org\/{rel}","templated":true}]}}