{"id":8908,"date":"2020-09-16T05:29:53","date_gmt":"2020-09-16T05:29:53","guid":{"rendered":"https:\/\/www.avanceplasticsurgery.com\/procedimientos-cosmeticos-y-de-cirugia\/ojos-y-cejas\/levantamiento-de-ojos-no-quirurgico\/"},"modified":"2022-04-25T11:20:01","modified_gmt":"2022-04-25T11:20:01","slug":"levantamiento-de-ojos-no-quirurgico","status":"publish","type":"page","link":"https:\/\/www.avanceplasticsurgery.com\/es\/procedimientos-cosmeticos-y-de-cirugia\/ojos-y-cejas\/levantamiento-de-ojos-no-quirurgico\/","title":{"rendered":"Levantamiento de ojos no quir\u00fargico"},"content":{"rendered":"<h1>Levantamiento de ojos no quir\u00fargico<\/h1>\n<p>La piel de los p\u00e1rpados es la piel m\u00e1s fina de todo el cuerpo. Con el envejecimiento, esta piel pierde elasticidad y aceites vitales que la ayudan a mantenerse saludable. El resultado son c\u00edrculos oscuros debajo de los ojos, bolsas debajo de los ojos y una apariencia generalmente m\u00e1s vieja. El p\u00e1rpado superior tambi\u00e9n puede caer, dando un aspecto cansado a un rostro joven y vibrante. Hay soluciones quir\u00fargicas disponibles para reparar estos problemas, pero el Dr. Dayan tambi\u00e9n ofrece algunas opciones m\u00ednimamente invasivas. Un levantamiento de ojos no quir\u00fargico puede ayudar a <a title=\"Reno NV Cirug\u00eda pl\u00e1stica de ojos y cejas\" href=\"https:\/\/www.avanceplasticsurgery.com\/es\/cosmetic-and-surgery-procedures\/eyes-brows-plastic-surgery\/\">restaurar una apariencia juvenil en los ojos<\/a> y la cara. Avance Plastic Surgery Institute ofrece una amplia gama de inyectables para combatir los signos del envejecimiento en Reno\/Tahoe, NV.<\/p>\n<p>Un levantamiento de ojos no quir\u00fargico del Dr. Dayan generalmente usa una combinaci\u00f3n de neurotoxinas como Botox\u00ae y otros rellenos faciales adecuados. Con estas sustancias, puede remodelar y esculpir los p\u00e1rpados, los m\u00fasculos y los tejidos alrededor de los ojos para producir una est\u00e9tica m\u00e1s joven, vibrante y agradable. Si sufre signos de envejecimiento alrededor de los ojos en Reno, Lake Tahoe u otras comunidades cercanas de Nevada, puede ser un candidato adecuado para un levantamiento de ojos no quir\u00fargico.<\/p>\n<p>Aquellos que deseen rejuvenecer la apariencia de sus ojos sin cirug\u00eda pueden programar una consulta con el Dr. Dayan para investigar las posibles opciones. \u00c9l puede examinar sus ojos y cara y revisar su condici\u00f3n m\u00e9dica para ver si existe la posibilidad de un levantamiento de ojos no quir\u00fargico. Los levantamientos de ojos no quir\u00fargicos son m\u00e1s adecuados para aquellos con bolsas debajo de los ojos de leves a moderadas, p\u00e1rpados ca\u00eddos y l\u00edneas finas como las patas de gallo. Los efectos de envejecimiento m\u00e1s severos requerir\u00e1n una soluci\u00f3n quir\u00fargica. El Dr. Dayan puede recomendar el mejor tratamiento durante su consulta en Avance Plastic Surgery Institute.<\/p>\n<h2>Tratamiento m\u00ednimamente invasivo para la piel fl\u00e1cida de los ojos<\/h2>\n<p>El Dr. Dayan utiliza una combinaci\u00f3n de varias neurotoxinas e inyectables de relleno facial para lograr los resultados que desea. Las neurotoxinas facilitan el movimiento de los ojos y los m\u00fasculos faciales y ralentizan sus reacciones, haciendo que se relajen. Esto elimina algunas arrugas y permite que los tejidos faciales y de los p\u00e1rpados se suavicen. Los rellenos faciales se inyectan en lugares precisos para agregar volumen y contorno adicional alrededor de los ojos, las cuencas de los ojos y las cejas.<\/p>\n<p>Al combinar los efectos de estos componentes est\u00e9ticos, el Dr. Dayan puede crear una apariencia mucho m\u00e1s suave y joven con menos arrugas y ojos m\u00e1s vivos. No m\u00e1s p\u00e1rpados ca\u00eddos que te hagan parecer cansado y cansado. No m\u00e1s ojos huecos con bolsillos oscuros debajo. Este tratamiento m\u00ednimamente invasivo para la flacidez de la piel de los ojos no es permanente, pero los resultados pueden durar de seis meses a un a\u00f1o antes de que se necesiten retoques.<\/p>\n<p>Si un levantamiento de ojos no quir\u00fargico suena como una soluci\u00f3n adecuada para su apariencia cansada y envejecida, <a title=\"P\u00f3ngase en contacto con el Instituto de Cirug\u00eda Pl\u00e1stica Avance en Reno NV\" href=\"https:\/\/www.avanceplasticsurgery.com\/es\/contact-us-dr-erez-dayan\/\">programe una consulta<\/a> con el Dr. Dayan en el Instituto de Cirug\u00eda Pl\u00e1stica Avance en Reno\/Tahoe para hablar sobre este tratamiento m\u00ednimamente invasivo para la piel fl\u00e1cida de los ojos.<\/p>\n<h3>Programa de mantenimiento<\/h3>\n<p>El <a href=\"https:\/\/www.avanceplasticsurgery.com\/es\/about-avance-plastic-surgery-institute\/plastic-surgery-maintenance\/\">programa de mantenimiento<\/a> en Avance Plastic Surgery Institute est\u00e1 dise\u00f1ado para ofrecer a los pacientes una forma conveniente de continuar viendo los beneficios de nuestros tratamientos durante el mayor tiempo posible.<\/p>\n<p>Para todos los procedimientos cosm\u00e9ticos de ojos y cejas, recomendamos el mantenimiento con Morpheus 8.<\/p>\n","protected":false},"excerpt":{"rendered":"<p>Levantamiento de ojos no quir\u00fargico La piel de los p\u00e1rpados es la piel m\u00e1s fina de todo el cuerpo.&hellip;<\/p>\n","protected":false},"author":1,"featured_media":0,"parent":8901,"menu_order":0,"comment_status":"closed","ping_status":"closed","template":"","meta":{"_acf_changed":false,"footnotes":""},"class_list":["post-8908","page","type-page","status-publish"],"acf":[],"yoast_head":"<!-- This site is optimized with the Yoast SEO plugin v25.6 - https:\/\/yoast.com\/wordpress\/plugins\/seo\/ -->\n<title>Estiramiento de ojos no quir\u00fargico Reno NV | Tratamiento del lago Tahoe para la piel fl\u00e1cida<\/title>\n<meta name=\"description\" content=\"Un levantamiento de ojos no quir\u00fargico con neurotoxinas y rellenos inyectables podr\u00eda ser una soluci\u00f3n para su aspecto envejecido. El Dr. Erez Dayan ofrece este tratamiento m\u00ednimamente invasivo en el Avance Plastic Surgery Institute en Reno, Nevada.\" \/>\n<meta name=\"robots\" content=\"index, follow, max-snippet:-1, max-image-preview:large, max-video-preview:-1\" \/>\n<link rel=\"canonical\" href=\"https:\/\/www.avanceplasticsurgery.com\/es\/procedimientos-cosmeticos-y-de-cirugia\/ojos-y-cejas\/levantamiento-de-ojos-no-quirurgico\/\" \/>\n<meta property=\"og:locale\" content=\"es_ES\" \/>\n<meta property=\"og:type\" content=\"article\" \/>\n<meta property=\"og:title\" content=\"Estiramiento de ojos no quir\u00fargico Reno NV | Tratamiento del lago Tahoe para la piel fl\u00e1cida\" \/>\n<meta property=\"og:description\" content=\"Un levantamiento de ojos no quir\u00fargico con neurotoxinas y rellenos inyectables podr\u00eda ser una soluci\u00f3n para su aspecto envejecido. El Dr. Erez Dayan ofrece este tratamiento m\u00ednimamente invasivo en el Avance Plastic Surgery Institute en Reno, Nevada.\" \/>\n<meta property=\"og:url\" content=\"https:\/\/www.avanceplasticsurgery.com\/es\/procedimientos-cosmeticos-y-de-cirugia\/ojos-y-cejas\/levantamiento-de-ojos-no-quirurgico\/\" \/>\n<meta property=\"og:site_name\" content=\"Avance Plastic Surgery\" \/>\n<meta property=\"article:modified_time\" content=\"2022-04-25T11:20:01+00:00\" \/>\n<meta name=\"twitter:card\" content=\"summary_large_image\" \/>\n<meta name=\"twitter:label1\" content=\"Tiempo de lectura\" \/>\n\t<meta name=\"twitter:data1\" content=\"3 minutos\" \/>\n<!-- \/ Yoast SEO plugin. -->","yoast_head_json":{"title":"Estiramiento de ojos no quir\u00fargico Reno NV | Tratamiento del lago Tahoe para la piel fl\u00e1cida","description":"Un levantamiento de ojos no quir\u00fargico con neurotoxinas y rellenos inyectables podr\u00eda ser una soluci\u00f3n para su aspecto envejecido. El Dr. Erez Dayan ofrece este tratamiento m\u00ednimamente invasivo en el Avance Plastic Surgery Institute en Reno, Nevada.","robots":{"index":"index","follow":"follow","max-snippet":"max-snippet:-1","max-image-preview":"max-image-preview:large","max-video-preview":"max-video-preview:-1"},"canonical":"https:\/\/www.avanceplasticsurgery.com\/es\/procedimientos-cosmeticos-y-de-cirugia\/ojos-y-cejas\/levantamiento-de-ojos-no-quirurgico\/","og_locale":"es_ES","og_type":"article","og_title":"Estiramiento de ojos no quir\u00fargico Reno NV | Tratamiento del lago Tahoe para la piel fl\u00e1cida","og_description":"Un levantamiento de ojos no quir\u00fargico con neurotoxinas y rellenos inyectables podr\u00eda ser una soluci\u00f3n para su aspecto envejecido. El Dr. Erez Dayan ofrece este tratamiento m\u00ednimamente invasivo en el Avance Plastic Surgery Institute en Reno, Nevada.","og_url":"https:\/\/www.avanceplasticsurgery.com\/es\/procedimientos-cosmeticos-y-de-cirugia\/ojos-y-cejas\/levantamiento-de-ojos-no-quirurgico\/","og_site_name":"Avance Plastic Surgery","article_modified_time":"2022-04-25T11:20:01+00:00","twitter_card":"summary_large_image","twitter_misc":{"Tiempo de lectura":"3 minutos"},"schema":{"@context":"https:\/\/schema.org","@graph":[{"@type":"WebPage","@id":"https:\/\/www.avanceplasticsurgery.com\/es\/procedimientos-cosmeticos-y-de-cirugia\/ojos-y-cejas\/levantamiento-de-ojos-no-quirurgico\/","url":"https:\/\/www.avanceplasticsurgery.com\/es\/procedimientos-cosmeticos-y-de-cirugia\/ojos-y-cejas\/levantamiento-de-ojos-no-quirurgico\/","name":"Estiramiento de ojos no quir\u00fargico Reno NV | Tratamiento del lago Tahoe para la piel fl\u00e1cida","isPartOf":{"@id":"https:\/\/www.avanceplasticsurgery.com\/es\/#website"},"datePublished":"2020-09-16T05:29:53+00:00","dateModified":"2022-04-25T11:20:01+00:00","description":"Un levantamiento de ojos no quir\u00fargico con neurotoxinas y rellenos inyectables podr\u00eda ser una soluci\u00f3n para su aspecto envejecido. El Dr. Erez Dayan ofrece este tratamiento m\u00ednimamente invasivo en el Avance Plastic Surgery Institute en Reno, Nevada.","breadcrumb":{"@id":"https:\/\/www.avanceplasticsurgery.com\/es\/procedimientos-cosmeticos-y-de-cirugia\/ojos-y-cejas\/levantamiento-de-ojos-no-quirurgico\/#breadcrumb"},"inLanguage":"es","potentialAction":[{"@type":"ReadAction","target":["https:\/\/www.avanceplasticsurgery.com\/es\/procedimientos-cosmeticos-y-de-cirugia\/ojos-y-cejas\/levantamiento-de-ojos-no-quirurgico\/"]}]},{"@type":"BreadcrumbList","@id":"https:\/\/www.avanceplasticsurgery.com\/es\/procedimientos-cosmeticos-y-de-cirugia\/ojos-y-cejas\/levantamiento-de-ojos-no-quirurgico\/#breadcrumb","itemListElement":[{"@type":"ListItem","position":1,"name":"Home","item":"https:\/\/www.avanceplasticsurgery.com\/es\/"},{"@type":"ListItem","position":2,"name":"Cosm\u00e9tica","item":"https:\/\/www.avanceplasticsurgery.com\/es\/procedimientos-cosmeticos-y-de-cirugia\/"},{"@type":"ListItem","position":3,"name":"ojos y cejas","item":"https:\/\/www.avanceplasticsurgery.com\/es\/procedimientos-cosmeticos-y-de-cirugia\/ojos-y-cejas\/"},{"@type":"ListItem","position":4,"name":"Levantamiento de ojos no quir\u00fargico"}]},{"@type":"WebSite","@id":"https:\/\/www.avanceplasticsurgery.com\/es\/#website","url":"https:\/\/www.avanceplasticsurgery.com\/es\/","name":"Avance Plastic Surgery","description":"","potentialAction":[{"@type":"SearchAction","target":{"@type":"EntryPoint","urlTemplate":"https:\/\/www.avanceplasticsurgery.com\/es\/?s={search_term_string}"},"query-input":{"@type":"PropertyValueSpecification","valueRequired":true,"valueName":"search_term_string"}}],"inLanguage":"es"}]}},"_links":{"self":[{"href":"https:\/\/www.avanceplasticsurgery.com\/es\/wp-json\/wp\/v2\/pages\/8908","targetHints":{"allow":["GET"]}}],"collection":[{"href":"https:\/\/www.avanceplasticsurgery.com\/es\/wp-json\/wp\/v2\/pages"}],"about":[{"href":"https:\/\/www.avanceplasticsurgery.com\/es\/wp-json\/wp\/v2\/types\/page"}],"author":[{"embeddable":true,"href":"https:\/\/www.avanceplasticsurgery.com\/es\/wp-json\/wp\/v2\/users\/1"}],"replies":[{"embeddable":true,"href":"https:\/\/www.avanceplasticsurgery.com\/es\/wp-json\/wp\/v2\/comments?post=8908"}],"version-history":[{"count":1,"href":"https:\/\/www.avanceplasticsurgery.com\/es\/wp-json\/wp\/v2\/pages\/8908\/revisions"}],"predecessor-version":[{"id":9203,"href":"https:\/\/www.avanceplasticsurgery.com\/es\/wp-json\/wp\/v2\/pages\/8908\/revisions\/9203"}],"up":[{"embeddable":true,"href":"https:\/\/www.avanceplasticsurgery.com\/es\/wp-json\/wp\/v2\/pages\/8901"}],"wp:attachment":[{"href":"https:\/\/www.avanceplasticsurgery.com\/es\/wp-json\/wp\/v2\/media?parent=8908"}],"curies":[{"name":"wp","href":"https:\/\/api.w.org\/{rel}","templated":true}]}}