{"id":8909,"date":"2020-09-16T05:31:45","date_gmt":"2020-09-16T05:31:45","guid":{"rendered":"https:\/\/www.avanceplasticsurgery.com\/procedimientos-cosmeticos-y-de-cirugia\/ojos-y-cejas\/eliminacion-de-osteomas\/"},"modified":"2022-04-25T11:19:01","modified_gmt":"2022-04-25T11:19:01","slug":"eliminacion-de-osteomas","status":"publish","type":"page","link":"https:\/\/www.avanceplasticsurgery.com\/es\/procedimientos-cosmeticos-y-de-cirugia\/ojos-y-cejas\/eliminacion-de-osteomas\/","title":{"rendered":"Eliminaci\u00f3n de osteomas"},"content":{"rendered":"<h1>Eliminaci\u00f3n de osteomas<\/h1>\n<p>Un osteoma es un crecimiento \u00f3seo que aparece m\u00e1s com\u00fanmente en la frente. Suelen ser muy visibles e incluso pueden causar algo de dolor. La mayor\u00eda de las preocupaciones sobre los osteomas tienen que ver con el impacto est\u00e9tico. Pueden estar presentes al nacer o desarrollarse con el tiempo. En la mayor\u00eda de los casos, se usa una tomograf\u00eda computarizada para asegurar que el osteoma no est\u00e9 adherido a estructuras \u00f3seas m\u00e1s profundas en el cr\u00e1neo. El Dr. Erez Dayan del Instituto de Cirug\u00eda Pl\u00e1stica Avance en Reno\/Tahoe ofrece una extracci\u00f3n de osteoma r\u00e1pida y segura.<\/p>\n<p>Se desconoce la causa de los osteomas y no existen factores de riesgo comprobados ni v\u00ednculos gen\u00e9ticos. En algunos casos, son completamente inofensivos y se dejan solos. Solo cuando <a title=\"Reno NV Cirug\u00eda pl\u00e1stica de ojos y cejas\" href=\"https:\/\/www.avanceplasticsurgery.com\/es\/cosmetic-and-surgery-procedures\/eyes-brows-plastic-surgery\/\">afectan la apariencia<\/a> , crecen hasta obstruir alg\u00fan aspecto funcional o se vuelven dolorosos, se recomienda retirarlos. Su desarrollo es lento, por lo que el riesgo de un crecimiento anormalmente grande es peque\u00f1o.<\/p>\n<p>Un nudo duro o un crecimiento \u00f3seo pueden alterar gravemente el equilibrio sim\u00e9trico y el atractivo de sus rasgos faciales. Con un procedimiento relativamente r\u00e1pido en el consultorio bajo anestesia local, el Dr. Dayan puede usar las incisiones m\u00e1s peque\u00f1as para acceder al osteoma y extirparlo, ocultando efectivamente la cicatriz en la l\u00ednea del cabello en la mayor\u00eda de los casos. Se compartir\u00e1 con usted una explicaci\u00f3n completa del procedimiento y sus beneficios y riesgos en una consulta en el consultorio del Dr. Dayan en Reno\/Tahoe en Avance Plastic Surgery Institute.<\/p>\n<h2>Tratamiento endosc\u00f3pico de osteoma Reno<\/h2>\n<p>El Dr. Dayan es un h\u00e1bil cirujano pl\u00e1stico est\u00e9tico y reconstructivo que es especialista en el uso de tecnolog\u00edas de punta y t\u00e9cnicas avanzadas para reparaciones y mejoras cosm\u00e9ticas. Utiliza un protocolo de tratamiento endosc\u00f3pico del osteoma para realizar una extracci\u00f3n r\u00e1pida con cicatrices m\u00ednimas, especialmente en \u00e1reas muy visibles de la cara y la frente.<\/p>\n<p>La endoscopia es una cirug\u00eda m\u00ednimamente invasiva que utiliza c\u00e1maras diminutas para dirigir los movimientos del cirujano con herramientas quir\u00fargicas. En un tratamiento de osteoma endosc\u00f3pico, el Dr. Dayan har\u00e1 unas peque\u00f1as incisiones en el cuero cabelludo, a trav\u00e9s de las cuales insertar\u00e1 la c\u00e1mara y los instrumentos quir\u00fargicos para extirpar el osteoma. La c\u00e1mara proyecta una imagen en una pantalla grande, lo que permite que el Dr. Dayan y su equipo realicen t\u00e9cnicas quir\u00fargicas diminutas y precisas con facilidad y seguridad.<\/p>\n<p>Si le preocupan los osteomas en la cara o la frente, <a title=\"P\u00f3ngase en contacto con el Instituto de Cirug\u00eda Pl\u00e1stica Avance en Reno NV\" href=\"https:\/\/www.avanceplasticsurgery.com\/es\/contact-us-dr-erez-dayan\/\">programe una consulta<\/a> con el Dr. Erez Dayan en el Avance Plastic Surgery Institute en Reno\/Tahoe, NV.<\/p>\n<h3>Programa de mantenimiento<\/h3>\n<p>El <a href=\"https:\/\/www.avanceplasticsurgery.com\/es\/about-avance-plastic-surgery-institute\/plastic-surgery-maintenance\/\">programa de mantenimiento<\/a> en Avance Plastic Surgery Institute est\u00e1 dise\u00f1ado para ofrecer a los pacientes una forma conveniente de continuar viendo los beneficios de nuestros tratamientos durante el mayor tiempo posible.<\/p>\n<p>Para todos los procedimientos cosm\u00e9ticos de ojos y cejas, recomendamos el mantenimiento con Morpheus 8.<\/p>\n","protected":false},"excerpt":{"rendered":"<p>Eliminaci\u00f3n de osteomas Un osteoma es un crecimiento \u00f3seo que aparece m\u00e1s com\u00fanmente en la frente. Suelen ser muy&hellip;<\/p>\n","protected":false},"author":1,"featured_media":0,"parent":8901,"menu_order":0,"comment_status":"closed","ping_status":"closed","template":"","meta":{"_acf_changed":false,"footnotes":""},"class_list":["post-8909","page","type-page","status-publish"],"acf":[],"yoast_head":"<!-- This site is optimized with the Yoast SEO plugin v25.6 - https:\/\/yoast.com\/wordpress\/plugins\/seo\/ -->\n<title>Eliminaci\u00f3n de osteoma de Reno NV | Tratamiento endosc\u00f3pico del osteoma del lago Tahoe<\/title>\n<meta name=\"description\" content=\"Los osteomas son crecimientos \u00f3seos que generalmente se presentan en la frente. Son benignos e inofensivos, pero pueden ser molestos para su apariencia. El Dr. Erez Dayan realiza la extracci\u00f3n endosc\u00f3pica de un osteoma en el Instituto de Cirug\u00eda Pl\u00e1stica Avance en Reno, NV.\" \/>\n<meta name=\"robots\" content=\"index, follow, max-snippet:-1, max-image-preview:large, max-video-preview:-1\" \/>\n<link rel=\"canonical\" href=\"https:\/\/www.avanceplasticsurgery.com\/es\/procedimientos-cosmeticos-y-de-cirugia\/ojos-y-cejas\/eliminacion-de-osteomas\/\" \/>\n<meta property=\"og:locale\" content=\"es_ES\" \/>\n<meta property=\"og:type\" content=\"article\" \/>\n<meta property=\"og:title\" content=\"Eliminaci\u00f3n de osteoma de Reno NV | Tratamiento endosc\u00f3pico del osteoma del lago Tahoe\" \/>\n<meta property=\"og:description\" content=\"Los osteomas son crecimientos \u00f3seos que generalmente se presentan en la frente. Son benignos e inofensivos, pero pueden ser molestos para su apariencia. El Dr. Erez Dayan realiza la extracci\u00f3n endosc\u00f3pica de un osteoma en el Instituto de Cirug\u00eda Pl\u00e1stica Avance en Reno, NV.\" \/>\n<meta property=\"og:url\" content=\"https:\/\/www.avanceplasticsurgery.com\/es\/procedimientos-cosmeticos-y-de-cirugia\/ojos-y-cejas\/eliminacion-de-osteomas\/\" \/>\n<meta property=\"og:site_name\" content=\"Avance Plastic Surgery\" \/>\n<meta property=\"article:modified_time\" content=\"2022-04-25T11:19:01+00:00\" \/>\n<meta name=\"twitter:card\" content=\"summary_large_image\" \/>\n<meta name=\"twitter:label1\" content=\"Tiempo de lectura\" \/>\n\t<meta name=\"twitter:data1\" content=\"3 minutos\" \/>\n<!-- \/ Yoast SEO plugin. -->","yoast_head_json":{"title":"Eliminaci\u00f3n de osteoma de Reno NV | Tratamiento endosc\u00f3pico del osteoma del lago Tahoe","description":"Los osteomas son crecimientos \u00f3seos que generalmente se presentan en la frente. Son benignos e inofensivos, pero pueden ser molestos para su apariencia. El Dr. Erez Dayan realiza la extracci\u00f3n endosc\u00f3pica de un osteoma en el Instituto de Cirug\u00eda Pl\u00e1stica Avance en Reno, NV.","robots":{"index":"index","follow":"follow","max-snippet":"max-snippet:-1","max-image-preview":"max-image-preview:large","max-video-preview":"max-video-preview:-1"},"canonical":"https:\/\/www.avanceplasticsurgery.com\/es\/procedimientos-cosmeticos-y-de-cirugia\/ojos-y-cejas\/eliminacion-de-osteomas\/","og_locale":"es_ES","og_type":"article","og_title":"Eliminaci\u00f3n de osteoma de Reno NV | Tratamiento endosc\u00f3pico del osteoma del lago Tahoe","og_description":"Los osteomas son crecimientos \u00f3seos que generalmente se presentan en la frente. Son benignos e inofensivos, pero pueden ser molestos para su apariencia. El Dr. Erez Dayan realiza la extracci\u00f3n endosc\u00f3pica de un osteoma en el Instituto de Cirug\u00eda Pl\u00e1stica Avance en Reno, NV.","og_url":"https:\/\/www.avanceplasticsurgery.com\/es\/procedimientos-cosmeticos-y-de-cirugia\/ojos-y-cejas\/eliminacion-de-osteomas\/","og_site_name":"Avance Plastic Surgery","article_modified_time":"2022-04-25T11:19:01+00:00","twitter_card":"summary_large_image","twitter_misc":{"Tiempo de lectura":"3 minutos"},"schema":{"@context":"https:\/\/schema.org","@graph":[{"@type":"WebPage","@id":"https:\/\/www.avanceplasticsurgery.com\/es\/procedimientos-cosmeticos-y-de-cirugia\/ojos-y-cejas\/eliminacion-de-osteomas\/","url":"https:\/\/www.avanceplasticsurgery.com\/es\/procedimientos-cosmeticos-y-de-cirugia\/ojos-y-cejas\/eliminacion-de-osteomas\/","name":"Eliminaci\u00f3n de osteoma de Reno NV | Tratamiento endosc\u00f3pico del osteoma del lago Tahoe","isPartOf":{"@id":"https:\/\/www.avanceplasticsurgery.com\/es\/#website"},"datePublished":"2020-09-16T05:31:45+00:00","dateModified":"2022-04-25T11:19:01+00:00","description":"Los osteomas son crecimientos \u00f3seos que generalmente se presentan en la frente. Son benignos e inofensivos, pero pueden ser molestos para su apariencia. El Dr. Erez Dayan realiza la extracci\u00f3n endosc\u00f3pica de un osteoma en el Instituto de Cirug\u00eda Pl\u00e1stica Avance en Reno, NV.","breadcrumb":{"@id":"https:\/\/www.avanceplasticsurgery.com\/es\/procedimientos-cosmeticos-y-de-cirugia\/ojos-y-cejas\/eliminacion-de-osteomas\/#breadcrumb"},"inLanguage":"es","potentialAction":[{"@type":"ReadAction","target":["https:\/\/www.avanceplasticsurgery.com\/es\/procedimientos-cosmeticos-y-de-cirugia\/ojos-y-cejas\/eliminacion-de-osteomas\/"]}]},{"@type":"BreadcrumbList","@id":"https:\/\/www.avanceplasticsurgery.com\/es\/procedimientos-cosmeticos-y-de-cirugia\/ojos-y-cejas\/eliminacion-de-osteomas\/#breadcrumb","itemListElement":[{"@type":"ListItem","position":1,"name":"Home","item":"https:\/\/www.avanceplasticsurgery.com\/es\/"},{"@type":"ListItem","position":2,"name":"Cosm\u00e9tica","item":"https:\/\/www.avanceplasticsurgery.com\/es\/procedimientos-cosmeticos-y-de-cirugia\/"},{"@type":"ListItem","position":3,"name":"ojos y cejas","item":"https:\/\/www.avanceplasticsurgery.com\/es\/procedimientos-cosmeticos-y-de-cirugia\/ojos-y-cejas\/"},{"@type":"ListItem","position":4,"name":"Eliminaci\u00f3n de osteomas"}]},{"@type":"WebSite","@id":"https:\/\/www.avanceplasticsurgery.com\/es\/#website","url":"https:\/\/www.avanceplasticsurgery.com\/es\/","name":"Avance Plastic Surgery","description":"","potentialAction":[{"@type":"SearchAction","target":{"@type":"EntryPoint","urlTemplate":"https:\/\/www.avanceplasticsurgery.com\/es\/?s={search_term_string}"},"query-input":{"@type":"PropertyValueSpecification","valueRequired":true,"valueName":"search_term_string"}}],"inLanguage":"es"}]}},"_links":{"self":[{"href":"https:\/\/www.avanceplasticsurgery.com\/es\/wp-json\/wp\/v2\/pages\/8909","targetHints":{"allow":["GET"]}}],"collection":[{"href":"https:\/\/www.avanceplasticsurgery.com\/es\/wp-json\/wp\/v2\/pages"}],"about":[{"href":"https:\/\/www.avanceplasticsurgery.com\/es\/wp-json\/wp\/v2\/types\/page"}],"author":[{"embeddable":true,"href":"https:\/\/www.avanceplasticsurgery.com\/es\/wp-json\/wp\/v2\/users\/1"}],"replies":[{"embeddable":true,"href":"https:\/\/www.avanceplasticsurgery.com\/es\/wp-json\/wp\/v2\/comments?post=8909"}],"version-history":[{"count":1,"href":"https:\/\/www.avanceplasticsurgery.com\/es\/wp-json\/wp\/v2\/pages\/8909\/revisions"}],"predecessor-version":[{"id":9200,"href":"https:\/\/www.avanceplasticsurgery.com\/es\/wp-json\/wp\/v2\/pages\/8909\/revisions\/9200"}],"up":[{"embeddable":true,"href":"https:\/\/www.avanceplasticsurgery.com\/es\/wp-json\/wp\/v2\/pages\/8901"}],"wp:attachment":[{"href":"https:\/\/www.avanceplasticsurgery.com\/es\/wp-json\/wp\/v2\/media?parent=8909"}],"curies":[{"name":"wp","href":"https:\/\/api.w.org\/{rel}","templated":true}]}}