{"id":8910,"date":"2021-02-25T13:25:00","date_gmt":"2021-02-25T13:25:00","guid":{"rendered":"https:\/\/www.avanceplasticsurgery.com\/procedimientos-cosmeticos-y-de-cirugia\/procedimientos-cosmeticos-para-ojos-y-cejas-lake-tahoe-truckee\/"},"modified":"2022-04-25T11:48:55","modified_gmt":"2022-04-25T11:48:55","slug":"procedimientos-cosmeticos-para-ojos-y-cejas-lake-tahoe-truckee","status":"publish","type":"page","link":"https:\/\/www.avanceplasticsurgery.com\/es\/procedimientos-cosmeticos-y-de-cirugia\/procedimientos-cosmeticos-para-ojos-y-cejas-lake-tahoe-truckee\/","title":{"rendered":"Procedimientos cosm\u00e9ticos para ojos y cejas Lake Tahoe\/Truckee"},"content":{"rendered":"<h1>Cirug\u00eda pl\u00e1stica cosm\u00e9tica de ojos y cejas en el \u00e1rea de Lake Tahoe\/Truckee<\/h1>\n<p>\u00bfEst\u00e1 buscando un cirujano pl\u00e1stico calificado que ofrezca cirug\u00eda est\u00e9tica de ojos y cejas en el \u00e1rea de Lake Tahoe? Una de las \u00e1reas de tu rostro donde la edad es m\u00e1s reveladora son los ojos. La exposici\u00f3n a los rayos UV del sol, la gravedad, el envejecimiento y la p\u00e9rdida de col\u00e1geno y otros factores afectan los ojos. Incluso toda una vida de expresiones faciales puede dejar su marca alrededor de los ojos, haci\u00e9ndonos entrecerrar los ojos o parecer cansados y viejos. <a title=\"Cirug\u00eda cosm\u00e9tica facial de Truckee Lake Tahoe\" href=\"https:\/\/www.avanceplasticsurgery.com\/es\/cosmetic-and-surgery-procedures\/\">La cirug\u00eda pl\u00e1stica cosm\u00e9tica<\/a> para los ojos y las cejas es un \u00e1rea popular de inter\u00e9s para muchos pacientes que desean revivir sus ojos y lucir m\u00e1s j\u00f3venes. El Dr. Erez Dayan es un reconocido especialista en cirug\u00eda pl\u00e1stica est\u00e9tica y reparadora de ojos y cejas.<\/p>\n<p>Los p\u00e1rpados y las cejas son mecanismos intrincados dise\u00f1ados para resguardar y proteger los ojos, que en s\u00ed mismos son notables. A veces, los efectos del envejecimiento pueden afectar tanto nuestros ojos que nuestra visi\u00f3n se ve afectada. Cuando surgen problemas funcionales o est\u00e9ticos con las cejas y los ojos, el Dr. Dayan puede realizar una variedad de procedimientos quir\u00fargicos avanzados para corregir problemas y eliminar los signos desagradables del envejecimiento.<\/p>\n<h2>Cirujano de ojos cosm\u00e9tico en el \u00e1rea de Lake Tahoe<\/h2>\n<p>El Dr. Dayan y su equipo de est\u00e9tica del Instituto de Cirug\u00eda Pl\u00e1stica Avance en el \u00e1rea de Lake Tahoe utilizan algunas de las t\u00e9cnicas quir\u00fargicas m\u00e1s avanzadas para borrar a\u00f1os de su rostro y mejorar su apariencia general. Cada opci\u00f3n de cirug\u00eda tiene su propia gama de t\u00e9cnicas que se pueden usar, pero los procedimientos b\u00e1sicos que ofrece el Dr. Dayan para mejorar la apariencia y funci\u00f3n de sus cejas y ojos incluyen:<\/p>\n<nav class=\"flc-submenu\" aria-label=\"sub menu\"><ul><li class=\"page_item page-item-8890 page_item_has_children\"><a href=\"https:\/\/www.avanceplasticsurgery.com\/es\/procedimientos-cosmeticos-y-de-cirugia\/cirugia-de-orejas\/\">Cirug\u00eda de orejas<\/a><\/li>\n<li class=\"page_item page-item-8900\"><a href=\"https:\/\/www.avanceplasticsurgery.com\/es\/procedimientos-cosmeticos-y-de-cirugia\/cirugia-de-orejas-lake-tahoe-truckee\/\">Cirug\u00eda de orejas Lake Tahoe\/Truckee<\/a><\/li>\n<li class=\"page_item page-item-8984 page_item_has_children\"><a href=\"https:\/\/www.avanceplasticsurgery.com\/es\/procedimientos-cosmeticos-y-de-cirugia\/cirugia-plastica-de-nariz\/\">Cirug\u00eda pl\u00e1stica de nariz<\/a><\/li>\n<li class=\"page_item page-item-8995\"><a href=\"https:\/\/www.avanceplasticsurgery.com\/es\/procedimientos-cosmeticos-y-de-cirugia\/cirugia-plastica-de-nariz-lake-tahoe-truckee\/\">Cirug\u00eda pl\u00e1stica de nariz Lake Tahoe\/Truckee<\/a><\/li>\n<li class=\"page_item page-item-8996 page_item_has_children\"><a href=\"https:\/\/www.avanceplasticsurgery.com\/es\/procedimientos-cosmeticos-y-de-cirugia\/cirugia-plastica-facial-pediatrica\/\">Cirug\u00eda Pl\u00e1stica Facial Pedi\u00e1trica<\/a><\/li>\n<li class=\"page_item page-item-9005\"><a href=\"https:\/\/www.avanceplasticsurgery.com\/es\/procedimientos-cosmeticos-y-de-cirugia\/cirugia-plastica-facial-pediatrica-lake-tahoe-truckee\/\">Cirug\u00eda pl\u00e1stica facial pedi\u00e1trica Lake Tahoe\/Truckee<\/a><\/li>\n<li class=\"page_item page-item-8983 page_item_has_children\"><a href=\"https:\/\/www.avanceplasticsurgery.com\/es\/procedimientos-cosmeticos-y-de-cirugia\/cirugia-plastica-masculina\/\">Cirug\u00eda Pl\u00e1stica Masculina<\/a><\/li>\n<li class=\"page_item page-item-8976\"><a href=\"https:\/\/www.avanceplasticsurgery.com\/es\/procedimientos-cosmeticos-y-de-cirugia\/cirugia-plastica-masculina-lake-tahoe-truckee\/\">Cirug\u00eda Pl\u00e1stica Masculina Lake Tahoe\/Truckee<\/a><\/li>\n<li class=\"page_item page-item-8956 page_item_has_children\"><a href=\"https:\/\/www.avanceplasticsurgery.com\/es\/procedimientos-cosmeticos-y-de-cirugia\/cirugia-reconstructiva-facial-lake-tahoe-truckee\/\">Cirug\u00eda reconstructiva facial Lake Tahoe\/Truckee<\/a><\/li>\n<li class=\"page_item page-item-9011 page_item_has_children\"><a href=\"https:\/\/www.avanceplasticsurgery.com\/es\/procedimientos-cosmeticos-y-de-cirugia\/eliminacion-del-crecimiento-de-la-piel\/\">Eliminaci\u00f3n del crecimiento de la piel<\/a><\/li>\n<li class=\"page_item page-item-9006 page_item_has_children\"><a href=\"https:\/\/www.avanceplasticsurgery.com\/es\/procedimientos-cosmeticos-y-de-cirugia\/eliminacion-y-revision-de-cicatrices\/\">Eliminaci\u00f3n y revisi\u00f3n de cicatrices<\/a><\/li>\n<li class=\"page_item page-item-9010\"><a href=\"https:\/\/www.avanceplasticsurgery.com\/es\/procedimientos-cosmeticos-y-de-cirugia\/eliminacion-y-revision-de-cicatrices-lake-tahoe-truckee\/\">Eliminaci\u00f3n y revisi\u00f3n de cicatrices Lake Tahoe\/Truckee<\/a><\/li>\n<li class=\"page_item page-item-8901 page_item_has_children\"><a href=\"https:\/\/www.avanceplasticsurgery.com\/es\/procedimientos-cosmeticos-y-de-cirugia\/ojos-y-cejas\/\">ojos y cejas<\/a><\/li>\n<li class=\"page_item page-item-8933\"><a href=\"https:\/\/www.avanceplasticsurgery.com\/es\/procedimientos-cosmeticos-y-de-cirugia\/paralisis-facial\/\">Par\u00e1lisis facial<\/a><\/li>\n<li class=\"page_item page-item-8791 page_item_has_children\"><a href=\"https:\/\/www.avanceplasticsurgery.com\/es\/procedimientos-cosmeticos-y-de-cirugia\/procedimientos-cosmeticos-corporales\/\">Procedimientos Cosm\u00e9ticos Corporales<\/a><\/li>\n<li class=\"page_item page-item-8868\"><a href=\"https:\/\/www.avanceplasticsurgery.com\/es\/procedimientos-cosmeticos-y-de-cirugia\/procedimientos-cosmeticos-corporales-lake-tahoe-truckee\/\">Procedimientos Cosm\u00e9ticos Corporales Lake Tahoe\/Truckee<\/a><\/li>\n<li class=\"page_item page-item-8911 page_item_has_children\"><a href=\"https:\/\/www.avanceplasticsurgery.com\/es\/procedimientos-cosmeticos-y-de-cirugia\/procedimientos-cosmeticos-de-cara-y-cuello\/\">Procedimientos Cosm\u00e9ticos de Cara y Cuello<\/a><\/li>\n<li class=\"page_item page-item-8948\"><a href=\"https:\/\/www.avanceplasticsurgery.com\/es\/procedimientos-cosmeticos-y-de-cirugia\/procedimientos-cosmeticos-de-cara-y-cuello-lake-tahoe-truckee\/\">Procedimientos cosm\u00e9ticos de cara y cuello Lake Tahoe\/Truckee<\/a><\/li>\n<li class=\"page_item page-item-8910\"><a href=\"https:\/\/www.avanceplasticsurgery.com\/es\/procedimientos-cosmeticos-y-de-cirugia\/procedimientos-cosmeticos-para-ojos-y-cejas-lake-tahoe-truckee\/\">Procedimientos cosm\u00e9ticos para ojos y cejas Lake Tahoe\/Truckee<\/a><\/li>\n<li class=\"page_item page-item-8889\"><a href=\"https:\/\/www.avanceplasticsurgery.com\/es\/procedimientos-cosmeticos-y-de-cirugia\/procedimientos-mamarios-lake-tahoe-truckee\/\">Procedimientos mamarios Lake Tahoe\/Truckee<\/a><\/li>\n<li class=\"page_item page-item-8965 page_item_has_children\"><a href=\"https:\/\/www.avanceplasticsurgery.com\/es\/procedimientos-cosmeticos-y-de-cirugia\/procedimientos-y-aumento-de-labios\/\">Procedimientos y Aumento de Labios<\/a><\/li>\n<li class=\"page_item page-item-8974\"><a href=\"https:\/\/www.avanceplasticsurgery.com\/es\/procedimientos-cosmeticos-y-de-cirugia\/procedimientos-y-aumento-de-labios-lake-tahoe-truckee\/\">Procedimientos y aumento de labios Lake Tahoe\/Truckee<\/a><\/li>\n<li class=\"page_item page-item-8932 page_item_has_children\"><a href=\"https:\/\/www.avanceplasticsurgery.com\/es\/procedimientos-cosmeticos-y-de-cirugia\/cirugia-reconstructiva-facial\/\">Reconstrucci\u00f3n<\/a><\/li>\n<li class=\"page_item page-item-8869 page_item_has_children\"><a href=\"https:\/\/www.avanceplasticsurgery.com\/es\/procedimientos-cosmeticos-y-de-cirugia\/seno\/\">Seno<\/a><\/li>\n<li class=\"page_item page-item-8975\"><a href=\"https:\/\/www.avanceplasticsurgery.com\/es\/procedimientos-cosmeticos-y-de-cirugia\/terapia-de-drenaje-linfatico\/\">Terapia de drenaje linf\u00e1tico<\/a><\/li>\n<li class=\"page_item page-item-8964\"><a href=\"https:\/\/www.avanceplasticsurgery.com\/es\/procedimientos-cosmeticos-y-de-cirugia\/transplante-de-pelo\/\">Transplante de pelo<\/a><\/li>\n<li class=\"page_item page-item-8946 page_item_has_children\"><a href=\"https:\/\/www.avanceplasticsurgery.com\/es\/procedimientos-cosmeticos-y-de-cirugia\/tratamientos-de-relleno-facial-y-dermico\/\">Tratamientos de relleno facial y d\u00e9rmico<\/a><\/li>\n<li class=\"page_item page-item-8934\"><a href=\"https:\/\/www.avanceplasticsurgery.com\/es\/procedimientos-cosmeticos-y-de-cirugia\/tratamientos-de-relleno-facial-y-dermico-lake-tahoe-truckee\/\">Tratamientos de relleno facial y d\u00e9rmico Lake Tahoe\/Truckee<\/a><\/li>\n<\/ul><\/nav>\n<p>Estos procedimientos de cirug\u00eda pl\u00e1stica pueden borrar el envejecimiento, reparar da\u00f1os por trauma o corregir ciertas condiciones que surjan, todas relacionadas con la apariencia y funci\u00f3n de sus cejas, p\u00e1rpados y \u00e1rea de la piel de los ojos.<\/p>\n<h3>Borra los a\u00f1os de tu rostro con una cirug\u00eda est\u00e9tica de ojos<\/h3>\n<p>\u00bfEst\u00e1 cansado de mirarse en el espejo y ver bolsas debajo de los ojos, p\u00e1rpados ca\u00eddos, ojos hinchados, lagrimas, ojeras o una expresi\u00f3n cansada o enojada? El Dr. Dayan puede realizar una cirug\u00eda ocular est\u00e9tica y combinarla con otras t\u00e9cnicas para brindarle una apariencia facial m\u00e1s atractiva y en\u00e9rgica, eliminando el desgaste de los a\u00f1os e incluso mejorando su visi\u00f3n en algunos casos.<\/p>\n<p>Cuando te ves mejor, te sientes mejor y recuperas tu confianza. \u00bfEst\u00e1s listo para una versi\u00f3n completamente nueva y m\u00e1s joven de ti? La cirug\u00eda ocular cosm\u00e9tica y reconstructiva del Dr. Erez Dayan en Avance Plastic Surgery Institute puede brindarle una apariencia m\u00e1s agradable. <a title=\"Comun\u00edquese con el Instituto de Cirug\u00eda Pl\u00e1stica Avance cerca de Truckee Lake Tahoe\" href=\"https:\/\/www.avanceplasticsurgery.com\/es\/contact-us-dr-erez-dayan\/\">P\u00f3ngase en contacto con nuestra oficina<\/a> en el \u00e1rea de Lake Tahoe hoy para una consulta con el Dr. Dayan sobre sus problemas de la vista.<\/p>\n<h4>Programa de mantenimiento<\/h4>\n<p>El <a href=\"https:\/\/www.avanceplasticsurgery.com\/es\/about-avance-plastic-surgery-institute\/plastic-surgery-maintenance\/\">programa de mantenimiento<\/a> en Avance Plastic Surgery Institute est\u00e1 dise\u00f1ado para ofrecer a los pacientes una forma conveniente de continuar viendo los beneficios de nuestros tratamientos durante el mayor tiempo posible.<\/p>\n<p>Para todos los procedimientos cosm\u00e9ticos de ojos y cejas, recomendamos el mantenimiento con Morpheus 8.<\/p>\n","protected":false},"excerpt":{"rendered":"<p>Cirug\u00eda pl\u00e1stica cosm\u00e9tica de ojos y cejas en el \u00e1rea de Lake Tahoe\/Truckee \u00bfEst\u00e1 buscando un cirujano pl\u00e1stico calificado&hellip;<\/p>\n","protected":false},"author":1,"featured_media":8580,"parent":8804,"menu_order":0,"comment_status":"closed","ping_status":"closed","template":"","meta":{"_acf_changed":false,"footnotes":""},"class_list":["post-8910","page","type-page","status-publish","has-post-thumbnail"],"acf":[],"yoast_head":"<!-- This site is optimized with the Yoast SEO plugin v27.5 - https:\/\/yoast.com\/product\/yoast-seo-wordpress\/ -->\n<title>Cirug\u00eda Pl\u00e1stica de Ojos y Cejas en Lake Tahoe | Cirujano cosm\u00e9tico ocular de Truckee<\/title>\n<meta name=\"description\" content=\"La cirug\u00eda pl\u00e1stica de los ojos y las cejas es un \u00e1rea meticulosa de mejora cosm\u00e9tica, en la que el Dr. Erez Dayan es especialista. Explore las opciones para la cirug\u00eda est\u00e9tica de ojos en el Instituto de Cirug\u00eda Pl\u00e1stica Avance en el \u00e1rea de Lake Tahoe.\" \/>\n<meta name=\"robots\" content=\"index, follow, max-snippet:-1, max-image-preview:large, max-video-preview:-1\" \/>\n<link rel=\"canonical\" href=\"https:\/\/www.avanceplasticsurgery.com\/es\/procedimientos-cosmeticos-y-de-cirugia\/procedimientos-cosmeticos-para-ojos-y-cejas-lake-tahoe-truckee\/\" \/>\n<meta property=\"og:locale\" content=\"es_ES\" \/>\n<meta property=\"og:type\" content=\"article\" \/>\n<meta property=\"og:title\" content=\"Cirug\u00eda Pl\u00e1stica de Ojos y Cejas en Lake Tahoe | Cirujano cosm\u00e9tico ocular de Truckee\" \/>\n<meta property=\"og:description\" content=\"La cirug\u00eda pl\u00e1stica de los ojos y las cejas es un \u00e1rea meticulosa de mejora cosm\u00e9tica, en la que el Dr. Erez Dayan es especialista. Explore las opciones para la cirug\u00eda est\u00e9tica de ojos en el Instituto de Cirug\u00eda Pl\u00e1stica Avance en el \u00e1rea de Lake Tahoe.\" \/>\n<meta property=\"og:url\" content=\"https:\/\/www.avanceplasticsurgery.com\/es\/procedimientos-cosmeticos-y-de-cirugia\/procedimientos-cosmeticos-para-ojos-y-cejas-lake-tahoe-truckee\/\" \/>\n<meta property=\"og:site_name\" content=\"Avance Plastic Surgery\" \/>\n<meta property=\"article:modified_time\" content=\"2022-04-25T11:48:55+00:00\" \/>\n<meta property=\"og:image\" content=\"https:\/\/www.avanceplasticsurgery.com\/wp-content\/uploads\/2022\/01\/eyes.jpg\" \/>\n\t<meta property=\"og:image:width\" content=\"1920\" \/>\n\t<meta property=\"og:image:height\" content=\"595\" \/>\n\t<meta property=\"og:image:type\" content=\"image\/jpeg\" \/>\n<meta name=\"twitter:card\" content=\"summary_large_image\" \/>\n<meta name=\"twitter:label1\" content=\"Tiempo de lectura\" \/>\n\t<meta name=\"twitter:data1\" content=\"3 minutos\" \/>\n<!-- \/ Yoast SEO plugin. -->","yoast_head_json":{"title":"Cirug\u00eda Pl\u00e1stica de Ojos y Cejas en Lake Tahoe | Cirujano cosm\u00e9tico ocular de Truckee","description":"La cirug\u00eda pl\u00e1stica de los ojos y las cejas es un \u00e1rea meticulosa de mejora cosm\u00e9tica, en la que el Dr. Erez Dayan es especialista. Explore las opciones para la cirug\u00eda est\u00e9tica de ojos en el Instituto de Cirug\u00eda Pl\u00e1stica Avance en el \u00e1rea de Lake Tahoe.","robots":{"index":"index","follow":"follow","max-snippet":"max-snippet:-1","max-image-preview":"max-image-preview:large","max-video-preview":"max-video-preview:-1"},"canonical":"https:\/\/www.avanceplasticsurgery.com\/es\/procedimientos-cosmeticos-y-de-cirugia\/procedimientos-cosmeticos-para-ojos-y-cejas-lake-tahoe-truckee\/","og_locale":"es_ES","og_type":"article","og_title":"Cirug\u00eda Pl\u00e1stica de Ojos y Cejas en Lake Tahoe | Cirujano cosm\u00e9tico ocular de Truckee","og_description":"La cirug\u00eda pl\u00e1stica de los ojos y las cejas es un \u00e1rea meticulosa de mejora cosm\u00e9tica, en la que el Dr. Erez Dayan es especialista. Explore las opciones para la cirug\u00eda est\u00e9tica de ojos en el Instituto de Cirug\u00eda Pl\u00e1stica Avance en el \u00e1rea de Lake Tahoe.","og_url":"https:\/\/www.avanceplasticsurgery.com\/es\/procedimientos-cosmeticos-y-de-cirugia\/procedimientos-cosmeticos-para-ojos-y-cejas-lake-tahoe-truckee\/","og_site_name":"Avance Plastic Surgery","article_modified_time":"2022-04-25T11:48:55+00:00","og_image":[{"width":1920,"height":595,"url":"https:\/\/www.avanceplasticsurgery.com\/wp-content\/uploads\/2022\/01\/eyes.jpg","type":"image\/jpeg"}],"twitter_card":"summary_large_image","twitter_misc":{"Tiempo de lectura":"3 minutos"},"schema":{"@context":"https:\/\/schema.org","@graph":[{"@type":"WebPage","@id":"https:\/\/www.avanceplasticsurgery.com\/es\/procedimientos-cosmeticos-y-de-cirugia\/procedimientos-cosmeticos-para-ojos-y-cejas-lake-tahoe-truckee\/","url":"https:\/\/www.avanceplasticsurgery.com\/es\/procedimientos-cosmeticos-y-de-cirugia\/procedimientos-cosmeticos-para-ojos-y-cejas-lake-tahoe-truckee\/","name":"Cirug\u00eda Pl\u00e1stica de Ojos y Cejas en Lake Tahoe | Cirujano cosm\u00e9tico ocular de Truckee","isPartOf":{"@id":"https:\/\/www.avanceplasticsurgery.com\/es\/#website"},"primaryImageOfPage":{"@id":"https:\/\/www.avanceplasticsurgery.com\/es\/procedimientos-cosmeticos-y-de-cirugia\/procedimientos-cosmeticos-para-ojos-y-cejas-lake-tahoe-truckee\/#primaryimage"},"image":{"@id":"https:\/\/www.avanceplasticsurgery.com\/es\/procedimientos-cosmeticos-y-de-cirugia\/procedimientos-cosmeticos-para-ojos-y-cejas-lake-tahoe-truckee\/#primaryimage"},"thumbnailUrl":"https:\/\/www.avanceplasticsurgery.com\/wp-content\/uploads\/2022\/01\/eyes.jpg","datePublished":"2021-02-25T13:25:00+00:00","dateModified":"2022-04-25T11:48:55+00:00","description":"La cirug\u00eda pl\u00e1stica de los ojos y las cejas es un \u00e1rea meticulosa de mejora cosm\u00e9tica, en la que el Dr. Erez Dayan es especialista. Explore las opciones para la cirug\u00eda est\u00e9tica de ojos en el Instituto de Cirug\u00eda Pl\u00e1stica Avance en el \u00e1rea de Lake Tahoe.","breadcrumb":{"@id":"https:\/\/www.avanceplasticsurgery.com\/es\/procedimientos-cosmeticos-y-de-cirugia\/procedimientos-cosmeticos-para-ojos-y-cejas-lake-tahoe-truckee\/#breadcrumb"},"inLanguage":"es","potentialAction":[{"@type":"ReadAction","target":["https:\/\/www.avanceplasticsurgery.com\/es\/procedimientos-cosmeticos-y-de-cirugia\/procedimientos-cosmeticos-para-ojos-y-cejas-lake-tahoe-truckee\/"]}]},{"@type":"ImageObject","inLanguage":"es","@id":"https:\/\/www.avanceplasticsurgery.com\/es\/procedimientos-cosmeticos-y-de-cirugia\/procedimientos-cosmeticos-para-ojos-y-cejas-lake-tahoe-truckee\/#primaryimage","url":"https:\/\/www.avanceplasticsurgery.com\/wp-content\/uploads\/2022\/01\/eyes.jpg","contentUrl":"https:\/\/www.avanceplasticsurgery.com\/wp-content\/uploads\/2022\/01\/eyes.jpg","width":1920,"height":595,"caption":"Primer plano del lado izquierdo del rostro de una mujer con el pelo liso y oscuro, ojos marrones y maquillaje natural, sobre un fondo gris liso."},{"@type":"BreadcrumbList","@id":"https:\/\/www.avanceplasticsurgery.com\/es\/procedimientos-cosmeticos-y-de-cirugia\/procedimientos-cosmeticos-para-ojos-y-cejas-lake-tahoe-truckee\/#breadcrumb","itemListElement":[{"@type":"ListItem","position":1,"name":"Home","item":"https:\/\/www.avanceplasticsurgery.com\/es\/"},{"@type":"ListItem","position":2,"name":"Cosm\u00e9tica","item":"https:\/\/www.avanceplasticsurgery.com\/es\/procedimientos-cosmeticos-y-de-cirugia\/"},{"@type":"ListItem","position":3,"name":"Procedimientos cosm\u00e9ticos para ojos y cejas Lake Tahoe\/Truckee"}]},{"@type":"WebSite","@id":"https:\/\/www.avanceplasticsurgery.com\/es\/#website","url":"https:\/\/www.avanceplasticsurgery.com\/es\/","name":"Avance Plastic Surgery","description":"","potentialAction":[{"@type":"SearchAction","target":{"@type":"EntryPoint","urlTemplate":"https:\/\/www.avanceplasticsurgery.com\/es\/?s={search_term_string}"},"query-input":{"@type":"PropertyValueSpecification","valueRequired":true,"valueName":"search_term_string"}}],"inLanguage":"es"}]}},"_links":{"self":[{"href":"https:\/\/www.avanceplasticsurgery.com\/es\/wp-json\/wp\/v2\/pages\/8910","targetHints":{"allow":["GET"]}}],"collection":[{"href":"https:\/\/www.avanceplasticsurgery.com\/es\/wp-json\/wp\/v2\/pages"}],"about":[{"href":"https:\/\/www.avanceplasticsurgery.com\/es\/wp-json\/wp\/v2\/types\/page"}],"author":[{"embeddable":true,"href":"https:\/\/www.avanceplasticsurgery.com\/es\/wp-json\/wp\/v2\/users\/1"}],"replies":[{"embeddable":true,"href":"https:\/\/www.avanceplasticsurgery.com\/es\/wp-json\/wp\/v2\/comments?post=8910"}],"version-history":[{"count":1,"href":"https:\/\/www.avanceplasticsurgery.com\/es\/wp-json\/wp\/v2\/pages\/8910\/revisions"}],"predecessor-version":[{"id":9244,"href":"https:\/\/www.avanceplasticsurgery.com\/es\/wp-json\/wp\/v2\/pages\/8910\/revisions\/9244"}],"up":[{"embeddable":true,"href":"https:\/\/www.avanceplasticsurgery.com\/es\/wp-json\/wp\/v2\/pages\/8804"}],"wp:featuredmedia":[{"embeddable":true,"href":"https:\/\/www.avanceplasticsurgery.com\/es\/wp-json\/wp\/v2\/media\/8580"}],"wp:attachment":[{"href":"https:\/\/www.avanceplasticsurgery.com\/es\/wp-json\/wp\/v2\/media?parent=8910"}],"curies":[{"name":"wp","href":"https:\/\/api.w.org\/{rel}","templated":true}]}}