{"id":8911,"date":"2020-09-11T07:56:51","date_gmt":"2020-09-11T07:56:51","guid":{"rendered":"https:\/\/www.avanceplasticsurgery.com\/procedimientos-cosmeticos-y-de-cirugia\/procedimientos-cosmeticos-de-cara-y-cuello\/"},"modified":"2022-04-25T11:38:46","modified_gmt":"2022-04-25T11:38:46","slug":"procedimientos-cosmeticos-de-cara-y-cuello","status":"publish","type":"page","link":"https:\/\/www.avanceplasticsurgery.com\/es\/procedimientos-cosmeticos-y-de-cirugia\/procedimientos-cosmeticos-de-cara-y-cuello\/","title":{"rendered":"Procedimientos Cosm\u00e9ticos de Cara y Cuello"},"content":{"rendered":"<h1>Procedimientos Cosm\u00e9ticos de Cara y Cuello<\/h1>\n<p>Los efectos del envejecimiento aparecen m\u00e1s prominentemente en la cara y el cuello. Estas \u00e1reas est\u00e1n expuestas a los da\u00f1inos rayos UV del sol, as\u00ed como a otros factores devastadores. La gravedad pasa factura con el tiempo, tirando de la piel y las facciones hacia abajo y creando facciones fl\u00e1cidas y desagradables. El Dr. Erez Dayan ofrece una gama completa de procedimientos cosm\u00e9ticos para el rostro y el cuello para rejuvenecer su apariencia y borrar los signos del envejecimiento.<\/p>\n<p>El Dr. Dayan es un cirujano pl\u00e1stico y reconstructivo cosm\u00e9tico educado en Harvard, capacitado con una beca y con amplia experiencia con credenciales impecables. Rutinariamente da conferencias y demuestra <a title=\"Reno NV Cirug\u00eda Est\u00e9tica Facial\" href=\"https:\/\/www.avanceplasticsurgery.com\/es\/cosmetic-and-surgery-procedures\/\">t\u00e9cnicas avanzadas de cirug\u00eda pl\u00e1stica cosm\u00e9tica y tecnolog\u00eda est\u00e9tica<\/a> a otros m\u00e9dicos y cirujanos de todo el mundo. Ha escrito o contribuido a cinco libros sobre cirug\u00eda pl\u00e1stica cosm\u00e9tica. Adem\u00e1s de una pr\u00e1ctica pr\u00f3spera en el Instituto de Cirug\u00eda Pl\u00e1stica Avance, es un investigador solicitado e investigador para los principales fabricantes de dispositivos est\u00e9ticos.<\/p>\n<p>Todos los procedimientos est\u00e9ticos y reconstructivos de cara y cuello que ofrece el Dr. Dayan utilizan la tecnolog\u00eda m\u00e1s avanzada y las t\u00e9cnicas quir\u00fargicas m\u00e1s avanzadas en el mundo de la cirug\u00eda pl\u00e1stica. Combina rutinariamente procedimientos para producir los mejores resultados posibles para alcanzar sus objetivos est\u00e9ticos. Desde opciones m\u00ednimamente invasivas hasta quir\u00fargicas complejas, el Dr. Dayan ofrece lo mejor en mejoras cosm\u00e9ticas.<\/p>\n<h2>Mejoras cosm\u00e9ticas para la parte superior del cuerpo en Reno\/Tahoe, cerca de Lake Tahoe, NV<\/h2>\n<p>Las mejoras cosm\u00e9ticas para la parte superior del cuerpo son muy populares entre hombres y mujeres que desean borrar los signos del envejecimiento y lucir lo mejor posible. Los procedimientos cosm\u00e9ticos y reconstructivos de rostro y cuello que ofrece el Dr. Dayan en Avance Plastic Surgery Institute incluyen:<\/p>\n<nav class=\"flc-submenu\" aria-label=\"sub menu\"><ul><li class=\"page_item page-item-8912\"><a href=\"https:\/\/www.avanceplasticsurgery.com\/es\/procedimientos-cosmeticos-y-de-cirugia\/procedimientos-cosmeticos-de-cara-y-cuello\/aumento-levantamiento-de-mejillas\/\">Aumento\/levantamiento de mejillas<\/a><\/li>\n<li class=\"page_item page-item-8921\"><a href=\"https:\/\/www.avanceplasticsurgery.com\/es\/procedimientos-cosmeticos-y-de-cirugia\/procedimientos-cosmeticos-de-cara-y-cuello\/cirugia-de-estiramiento-facial-medio\/\">Cirug\u00eda de estiramiento facial medio<\/a><\/li>\n<li class=\"page_item page-item-8931\"><a href=\"https:\/\/www.avanceplasticsurgery.com\/es\/procedimientos-cosmeticos-y-de-cirugia\/procedimientos-cosmeticos-de-cara-y-cuello\/cirugia-de-revision-de-estiramiento-facial\/\">Cirug\u00eda de revisi\u00f3n de estiramiento facial<\/a><\/li>\n<li class=\"page_item page-item-8928\"><a href=\"https:\/\/www.avanceplasticsurgery.com\/es\/procedimientos-cosmeticos-y-de-cirugia\/procedimientos-cosmeticos-de-cara-y-cuello\/estiramiento-de-cuello-no-quirurgico\/\">Estiramiento de cuello no quir\u00fargico<\/a><\/li>\n<li class=\"page_item page-item-8926\"><a href=\"https:\/\/www.avanceplasticsurgery.com\/es\/procedimientos-cosmeticos-y-de-cirugia\/procedimientos-cosmeticos-de-cara-y-cuello\/estiramiento-facial-no-quirurgico\/\">Estiramiento Facial No Quir\u00fargico<\/a><\/li>\n<li class=\"page_item page-item-8914\"><a href=\"https:\/\/www.avanceplasticsurgery.com\/es\/procedimientos-cosmeticos-y-de-cirugia\/procedimientos-cosmeticos-de-cara-y-cuello\/implantes-de-menton\/\">Implantes de ment\u00f3n<\/a><\/li>\n<li class=\"page_item page-item-8915\"><a href=\"https:\/\/www.avanceplasticsurgery.com\/es\/procedimientos-cosmeticos-y-de-cirugia\/procedimientos-cosmeticos-de-cara-y-cuello\/implantes-faciales-personalizados\/\">Implantes Faciales Personalizados<\/a><\/li>\n<li class=\"page_item page-item-8925\"><a href=\"https:\/\/www.avanceplasticsurgery.com\/es\/procedimientos-cosmeticos-y-de-cirugia\/procedimientos-cosmeticos-de-cara-y-cuello\/levantamiento-de-mejillas-no-quirurgico\/\">Levantamiento de mejillas no quir\u00fargico<\/a><\/li>\n<li class=\"page_item page-item-8916\"><a href=\"https:\/\/www.avanceplasticsurgery.com\/es\/procedimientos-cosmeticos-y-de-cirugia\/procedimientos-cosmeticos-de-cara-y-cuello\/lifting-facial-y-de-cuello\/\">Lifting facial y de cuello<\/a><\/li>\n<li class=\"page_item page-item-8917\"><a href=\"https:\/\/www.avanceplasticsurgery.com\/es\/procedimientos-cosmeticos-y-de-cirugia\/procedimientos-cosmeticos-de-cara-y-cuello\/lipoescultura-facial\/\">Lipoescultura Facial<\/a><\/li>\n<li class=\"page_item page-item-8924\"><a href=\"https:\/\/www.avanceplasticsurgery.com\/es\/procedimientos-cosmeticos-y-de-cirugia\/procedimientos-cosmeticos-de-cara-y-cuello\/liposuccion-de-cuello\/\">Liposucci\u00f3n de cuello<\/a><\/li>\n<li class=\"page_item page-item-8922\"><a href=\"https:\/\/www.avanceplasticsurgery.com\/es\/procedimientos-cosmeticos-y-de-cirugia\/procedimientos-cosmeticos-de-cara-y-cuello\/mini-cirugia-de-estiramiento-facial\/\">Mini Cirug\u00eda de Estiramiento Facial<\/a><\/li>\n<li class=\"page_item page-item-8920\"><a href=\"https:\/\/www.avanceplasticsurgery.com\/es\/procedimientos-cosmeticos-y-de-cirugia\/procedimientos-cosmeticos-de-cara-y-cuello\/reduccion-de-la-frente\/\">Reducci\u00f3n de la frente<\/a><\/li>\n<li class=\"page_item page-item-8913\"><a href=\"https:\/\/www.avanceplasticsurgery.com\/es\/procedimientos-cosmeticos-y-de-cirugia\/procedimientos-cosmeticos-de-cara-y-cuello\/reduccion-de-mejillas\/\">Reducci\u00f3n de mejillas<\/a><\/li>\n<li class=\"page_item page-item-8923\"><a href=\"https:\/\/www.avanceplasticsurgery.com\/es\/procedimientos-cosmeticos-y-de-cirugia\/procedimientos-cosmeticos-de-cara-y-cuello\/remocion-de-lunares\/\">Remoci\u00f3n de lunares<\/a><\/li>\n<li class=\"page_item page-item-8930\"><a href=\"https:\/\/www.avanceplasticsurgery.com\/es\/procedimientos-cosmeticos-y-de-cirugia\/procedimientos-cosmeticos-de-cara-y-cuello\/rinoplastia-no-quirurgica\/\">Rinoplastia no quir\u00fargica<\/a><\/li>\n<li class=\"page_item page-item-8918\"><a href=\"https:\/\/www.avanceplasticsurgery.com\/es\/procedimientos-cosmeticos-y-de-cirugia\/procedimientos-cosmeticos-de-cara-y-cuello\/transferencias-de-grasa\/\">Transferencias de grasa<\/a><\/li>\n<\/ul><\/nav>\n<p>El Dr. Dayan generalmente puede combinar varios de estos procedimientos para producir los resultados que desea. Por ejemplo, rutinariamente usa la liposucci\u00f3n y las transferencias de grasa en muchos procedimientos para agregar un mejor contorno y crear una est\u00e9tica natural. \u00c9l le explicar\u00e1 m\u00e1s sobre las opciones y posibles combinaciones en su consulta confidencial en su oficina de Reno\/Tahoe. Cada paciente recibe recomendaciones de tratamiento adaptadas a sus propias necesidades y objetivos espec\u00edficos.<\/p>\n<p><a title=\"P\u00f3ngase en contacto con el Instituto de Cirug\u00eda Pl\u00e1stica Avance en Reno NV\" href=\"https:\/\/www.avanceplasticsurgery.com\/es\/contact-us-dr-erez-dayan\/\">Comun\u00edquese hoy con el Instituto de Cirug\u00eda Pl\u00e1stica Avance<\/a> en Reno\/Tahoe, NV, para obtener informaci\u00f3n sobre las opciones de procedimientos est\u00e9ticos y reconstructivos para la cara y el cuello, y para programar su propia consulta privada con el Dr. Dayan. Tambi\u00e9n ofrecemos consultas virtuales para los que est\u00e1n fuera de la ciudad. Pregunta por esa opci\u00f3n cuando llames.<\/p>\n<p>El Dr. Erez Dayan ha realizado una extensa investigaci\u00f3n sobre suplementos en cirug\u00eda pl\u00e1stica. Lea m\u00e1s sobre la investigaci\u00f3n de Suplementos en Cirug\u00eda Pl\u00e1stica del <a href=\"https:\/\/www.avanceplasticsurgery.com\/es\/about-avance-plastic-surgery-institute\/research\/#supplements\">Dr. Dayan aqu\u00ed.<\/a><\/p>\n<h3>Programa de mantenimiento<\/h3>\n<p>El <a href=\"https:\/\/www.avanceplasticsurgery.com\/es\/about-avance-plastic-surgery-institute\/plastic-surgery-maintenance\/\">programa de mantenimiento<\/a> en Avance Plastic Surgery Institute est\u00e1 dise\u00f1ado para ofrecer a los pacientes una forma conveniente de continuar viendo los beneficios de nuestros tratamientos durante el mayor tiempo posible.<\/p>\n<p>Para mantener los resultados de los procedimientos cosm\u00e9ticos de cara y cuello, recomendamos tratamientos no invasivos y m\u00ednimamente invasivos con los siguientes dispositivos:<\/p>\n<ul>\n<li>Forma (en modo)<\/li>\n<li>Morfeo 8 (en modo)<\/li>\n<li>Evocar (en modo)<\/li>\n<\/ul>\n","protected":false},"excerpt":{"rendered":"<p>Procedimientos Cosm\u00e9ticos de Cara y Cuello Los efectos del envejecimiento aparecen m\u00e1s prominentemente en la cara y el cuello.&hellip;<\/p>\n","protected":false},"author":1,"featured_media":8581,"parent":8804,"menu_order":0,"comment_status":"closed","ping_status":"closed","template":"","meta":{"_acf_changed":false,"footnotes":""},"class_list":["post-8911","page","type-page","status-publish","has-post-thumbnail"],"acf":[],"yoast_head":"<!-- This site is optimized with the Yoast SEO plugin v27.4 - https:\/\/yoast.com\/product\/yoast-seo-wordpress\/ -->\n<title>Reno NV Procedimientos de Cirug\u00eda Pl\u00e1stica Cosm\u00e9tica de Cara y Cuello | Lago Tahoe<\/title>\n<meta name=\"description\" content=\"El Dr. Erez Dayan del Instituto de Cirug\u00eda Pl\u00e1stica Avance ofrece una amplia gama de procedimientos cosm\u00e9ticos para la cara y el cuello para mejorar la parte superior del cuerpo. Borra los signos del envejecimiento para vivir tu mejor vida. Llame a nuestras oficinas de Reno hoy para programar su consulta con el Dr. Dayan.\" \/>\n<meta name=\"robots\" content=\"index, follow, max-snippet:-1, max-image-preview:large, max-video-preview:-1\" \/>\n<link rel=\"canonical\" href=\"https:\/\/www.avanceplasticsurgery.com\/es\/procedimientos-cosmeticos-y-de-cirugia\/procedimientos-cosmeticos-de-cara-y-cuello\/\" \/>\n<meta property=\"og:locale\" content=\"es_ES\" \/>\n<meta property=\"og:type\" content=\"article\" \/>\n<meta property=\"og:title\" content=\"Reno NV Procedimientos de Cirug\u00eda Pl\u00e1stica Cosm\u00e9tica de Cara y Cuello | Lago Tahoe\" \/>\n<meta property=\"og:description\" content=\"El Dr. Erez Dayan del Instituto de Cirug\u00eda Pl\u00e1stica Avance ofrece una amplia gama de procedimientos cosm\u00e9ticos para la cara y el cuello para mejorar la parte superior del cuerpo. Borra los signos del envejecimiento para vivir tu mejor vida. Llame a nuestras oficinas de Reno hoy para programar su consulta con el Dr. Dayan.\" \/>\n<meta property=\"og:url\" content=\"https:\/\/www.avanceplasticsurgery.com\/es\/procedimientos-cosmeticos-y-de-cirugia\/procedimientos-cosmeticos-de-cara-y-cuello\/\" \/>\n<meta property=\"og:site_name\" content=\"Avance Plastic Surgery\" \/>\n<meta property=\"article:modified_time\" content=\"2022-04-25T11:38:46+00:00\" \/>\n<meta property=\"og:image\" content=\"https:\/\/www.avanceplasticsurgery.com\/wp-content\/uploads\/2022\/01\/face.jpg\" \/>\n\t<meta property=\"og:image:width\" content=\"1920\" \/>\n\t<meta property=\"og:image:height\" content=\"595\" \/>\n\t<meta property=\"og:image:type\" content=\"image\/jpeg\" \/>\n<meta name=\"twitter:card\" content=\"summary_large_image\" \/>\n<meta name=\"twitter:label1\" content=\"Tiempo de lectura\" \/>\n\t<meta name=\"twitter:data1\" content=\"3 minutos\" \/>\n<!-- \/ Yoast SEO plugin. -->","yoast_head_json":{"title":"Reno NV Procedimientos de Cirug\u00eda Pl\u00e1stica Cosm\u00e9tica de Cara y Cuello | Lago Tahoe","description":"El Dr. Erez Dayan del Instituto de Cirug\u00eda Pl\u00e1stica Avance ofrece una amplia gama de procedimientos cosm\u00e9ticos para la cara y el cuello para mejorar la parte superior del cuerpo. Borra los signos del envejecimiento para vivir tu mejor vida. Llame a nuestras oficinas de Reno hoy para programar su consulta con el Dr. Dayan.","robots":{"index":"index","follow":"follow","max-snippet":"max-snippet:-1","max-image-preview":"max-image-preview:large","max-video-preview":"max-video-preview:-1"},"canonical":"https:\/\/www.avanceplasticsurgery.com\/es\/procedimientos-cosmeticos-y-de-cirugia\/procedimientos-cosmeticos-de-cara-y-cuello\/","og_locale":"es_ES","og_type":"article","og_title":"Reno NV Procedimientos de Cirug\u00eda Pl\u00e1stica Cosm\u00e9tica de Cara y Cuello | Lago Tahoe","og_description":"El Dr. Erez Dayan del Instituto de Cirug\u00eda Pl\u00e1stica Avance ofrece una amplia gama de procedimientos cosm\u00e9ticos para la cara y el cuello para mejorar la parte superior del cuerpo. Borra los signos del envejecimiento para vivir tu mejor vida. Llame a nuestras oficinas de Reno hoy para programar su consulta con el Dr. Dayan.","og_url":"https:\/\/www.avanceplasticsurgery.com\/es\/procedimientos-cosmeticos-y-de-cirugia\/procedimientos-cosmeticos-de-cara-y-cuello\/","og_site_name":"Avance Plastic Surgery","article_modified_time":"2022-04-25T11:38:46+00:00","og_image":[{"width":1920,"height":595,"url":"https:\/\/www.avanceplasticsurgery.com\/wp-content\/uploads\/2022\/01\/face.jpg","type":"image\/jpeg"}],"twitter_card":"summary_large_image","twitter_misc":{"Tiempo de lectura":"3 minutos"},"schema":{"@context":"https:\/\/schema.org","@graph":[{"@type":"WebPage","@id":"https:\/\/www.avanceplasticsurgery.com\/es\/procedimientos-cosmeticos-y-de-cirugia\/procedimientos-cosmeticos-de-cara-y-cuello\/","url":"https:\/\/www.avanceplasticsurgery.com\/es\/procedimientos-cosmeticos-y-de-cirugia\/procedimientos-cosmeticos-de-cara-y-cuello\/","name":"Reno NV Procedimientos de Cirug\u00eda Pl\u00e1stica Cosm\u00e9tica de Cara y Cuello | Lago Tahoe","isPartOf":{"@id":"https:\/\/www.avanceplasticsurgery.com\/es\/#website"},"primaryImageOfPage":{"@id":"https:\/\/www.avanceplasticsurgery.com\/es\/procedimientos-cosmeticos-y-de-cirugia\/procedimientos-cosmeticos-de-cara-y-cuello\/#primaryimage"},"image":{"@id":"https:\/\/www.avanceplasticsurgery.com\/es\/procedimientos-cosmeticos-y-de-cirugia\/procedimientos-cosmeticos-de-cara-y-cuello\/#primaryimage"},"thumbnailUrl":"https:\/\/www.avanceplasticsurgery.com\/wp-content\/uploads\/2022\/01\/face.jpg","datePublished":"2020-09-11T07:56:51+00:00","dateModified":"2022-04-25T11:38:46+00:00","description":"El Dr. Erez Dayan del Instituto de Cirug\u00eda Pl\u00e1stica Avance ofrece una amplia gama de procedimientos cosm\u00e9ticos para la cara y el cuello para mejorar la parte superior del cuerpo. Borra los signos del envejecimiento para vivir tu mejor vida. Llame a nuestras oficinas de Reno hoy para programar su consulta con el Dr. Dayan.","breadcrumb":{"@id":"https:\/\/www.avanceplasticsurgery.com\/es\/procedimientos-cosmeticos-y-de-cirugia\/procedimientos-cosmeticos-de-cara-y-cuello\/#breadcrumb"},"inLanguage":"es","potentialAction":[{"@type":"ReadAction","target":["https:\/\/www.avanceplasticsurgery.com\/es\/procedimientos-cosmeticos-y-de-cirugia\/procedimientos-cosmeticos-de-cara-y-cuello\/"]}]},{"@type":"ImageObject","inLanguage":"es","@id":"https:\/\/www.avanceplasticsurgery.com\/es\/procedimientos-cosmeticos-y-de-cirugia\/procedimientos-cosmeticos-de-cara-y-cuello\/#primaryimage","url":"https:\/\/www.avanceplasticsurgery.com\/wp-content\/uploads\/2022\/01\/face.jpg","contentUrl":"https:\/\/www.avanceplasticsurgery.com\/wp-content\/uploads\/2022\/01\/face.jpg","width":1920,"height":595,"caption":"Un hombre con gafas y traje apunta una brocha de maquillaje a la mejilla de una mujer joven que mira hacia delante, sentada cerca de un espejo redondo sobre un fondo liso."},{"@type":"BreadcrumbList","@id":"https:\/\/www.avanceplasticsurgery.com\/es\/procedimientos-cosmeticos-y-de-cirugia\/procedimientos-cosmeticos-de-cara-y-cuello\/#breadcrumb","itemListElement":[{"@type":"ListItem","position":1,"name":"Home","item":"https:\/\/www.avanceplasticsurgery.com\/es\/"},{"@type":"ListItem","position":2,"name":"Cosm\u00e9tica","item":"https:\/\/www.avanceplasticsurgery.com\/es\/procedimientos-cosmeticos-y-de-cirugia\/"},{"@type":"ListItem","position":3,"name":"Procedimientos Cosm\u00e9ticos de Cara y Cuello"}]},{"@type":"WebSite","@id":"https:\/\/www.avanceplasticsurgery.com\/es\/#website","url":"https:\/\/www.avanceplasticsurgery.com\/es\/","name":"Avance Plastic Surgery","description":"","potentialAction":[{"@type":"SearchAction","target":{"@type":"EntryPoint","urlTemplate":"https:\/\/www.avanceplasticsurgery.com\/es\/?s={search_term_string}"},"query-input":{"@type":"PropertyValueSpecification","valueRequired":true,"valueName":"search_term_string"}}],"inLanguage":"es"}]}},"_links":{"self":[{"href":"https:\/\/www.avanceplasticsurgery.com\/es\/wp-json\/wp\/v2\/pages\/8911","targetHints":{"allow":["GET"]}}],"collection":[{"href":"https:\/\/www.avanceplasticsurgery.com\/es\/wp-json\/wp\/v2\/pages"}],"about":[{"href":"https:\/\/www.avanceplasticsurgery.com\/es\/wp-json\/wp\/v2\/types\/page"}],"author":[{"embeddable":true,"href":"https:\/\/www.avanceplasticsurgery.com\/es\/wp-json\/wp\/v2\/users\/1"}],"replies":[{"embeddable":true,"href":"https:\/\/www.avanceplasticsurgery.com\/es\/wp-json\/wp\/v2\/comments?post=8911"}],"version-history":[{"count":1,"href":"https:\/\/www.avanceplasticsurgery.com\/es\/wp-json\/wp\/v2\/pages\/8911\/revisions"}],"predecessor-version":[{"id":9222,"href":"https:\/\/www.avanceplasticsurgery.com\/es\/wp-json\/wp\/v2\/pages\/8911\/revisions\/9222"}],"up":[{"embeddable":true,"href":"https:\/\/www.avanceplasticsurgery.com\/es\/wp-json\/wp\/v2\/pages\/8804"}],"wp:featuredmedia":[{"embeddable":true,"href":"https:\/\/www.avanceplasticsurgery.com\/es\/wp-json\/wp\/v2\/media\/8581"}],"wp:attachment":[{"href":"https:\/\/www.avanceplasticsurgery.com\/es\/wp-json\/wp\/v2\/media?parent=8911"}],"curies":[{"name":"wp","href":"https:\/\/api.w.org\/{rel}","templated":true}]}}