{"id":8912,"date":"2020-09-16T05:38:31","date_gmt":"2020-09-16T05:38:31","guid":{"rendered":"https:\/\/www.avanceplasticsurgery.com\/procedimientos-cosmeticos-y-de-cirugia\/procedimientos-cosmeticos-de-cara-y-cuello\/aumento-levantamiento-de-mejillas\/"},"modified":"2022-04-25T11:39:01","modified_gmt":"2022-04-25T11:39:01","slug":"aumento-levantamiento-de-mejillas","status":"publish","type":"page","link":"https:\/\/www.avanceplasticsurgery.com\/es\/procedimientos-cosmeticos-y-de-cirugia\/procedimientos-cosmeticos-de-cara-y-cuello\/aumento-levantamiento-de-mejillas\/","title":{"rendered":"Aumento\/levantamiento de mejillas"},"content":{"rendered":"<h1>Aumento de P\u00f3mulos<\/h1>\n<p>El aumento de mejillas es un <a title=\"Reno NV Procedimientos de cirug\u00eda pl\u00e1stica cosm\u00e9tica de cara y cuello\" href=\"https:\/\/www.avanceplasticsurgery.com\/es\/cosmetic-and-surgery-procedures\/face-neck-cosmetic-procedures\/\">procedimiento cosm\u00e9tico facial<\/a> para hombres y mujeres que desean tener mejillas m\u00e1s llenas o p\u00f3mulos m\u00e1s agradables est\u00e9ticamente. El envejecimiento es una raz\u00f3n com\u00fan para que los pacientes busquen un procedimiento de aumento de p\u00f3mulos. A medida que el cuerpo envejece, la piel deja de producir tanto col\u00e1geno, que es la piedra angular de una piel sana y educada. El volumen generalmente se pierde en la cara y las mejillas pueden verse huecas y hundidas con la piel fl\u00e1cida.<\/p>\n<p>En algunos hombres y mujeres, los p\u00f3mulos son peque\u00f1os y agregan poco contorno o dimensi\u00f3n a la cara. Los hombres quieren especialmente una apariencia fuerte y segura, y los p\u00f3mulos m\u00e1s prominentes pueden causar esa impresi\u00f3n visual. Por lo general, las mujeres desean una apariencia m\u00e1s suave y de forma ovalada, y la forma del p\u00f3mulo derecho puede contribuir a ese efecto.<\/p>\n<p>El Dr. Erez Dayan es un cirujano pl\u00e1stico cosm\u00e9tico y reconstructivo muy buscado que puede realizar una cirug\u00eda personalizada de aumento de p\u00f3mulos para producir la apariencia que desea. Habitualmente combina procedimientos como la liposucci\u00f3n, los implantes y la transferencia de grasa para lograr un resultado de aspecto completamente natural que es deslumbrante y atractivo.<\/p>\n<h2>Rellenos e Implantes para Rejuvenecimiento Facial<\/h2>\n<p>Muy a menudo, el Dr. Dayan puede usar algunas opciones m\u00ednimamente invasivas para aumentar las mejillas. Los rellenos faciales inyectables se pueden usar en una amplia variedad de formas para agregar volumen y definici\u00f3n a las mejillas y los tejidos circundantes. Puede optar por comenzar con estas opciones no quir\u00fargicas para experimentar con diferentes estilos hasta que se decida por la soluci\u00f3n permanente que mejor se adapte a sus deseos y metas.<\/p>\n<p>Para un rejuvenecimiento facial m\u00e1s permanente, el Dr. Dayan puede usar implantes artificiales, liposucci\u00f3n, transferencias de grasa y t\u00e9cnicas quir\u00fargicas avanzadas. Utiliza varias t\u00e9cnicas para manipular las almohadillas de grasa bucal, los m\u00fasculos subyacentes y los tejidos faciales para crear la apariencia facial que mejor se adapte a sus objetivos. Los tiempos de recuperaci\u00f3n variar\u00e1n, dependiendo de los procedimientos necesarios. El Dr. Dayan y su equipo pueden explicar m\u00e1s en una consulta confidencial en su oficina de Reno\/Tahoe.<\/p>\n<p><a title=\"P\u00f3ngase en contacto con el Instituto de Cirug\u00eda Pl\u00e1stica Avance en Reno NV\" href=\"https:\/\/www.avanceplasticsurgery.com\/es\/contact-us-dr-erez-dayan\/\">Comun\u00edquese hoy con el Instituto de Cirug\u00eda Pl\u00e1stica Avance<\/a> para programar su consulta de aumento de p\u00f3mulos con el Dr. Dayan.<\/p>\n<h3>Programa de mantenimiento<\/h3>\n<p>El <a href=\"https:\/\/www.avanceplasticsurgery.com\/es\/about-avance-plastic-surgery-institute\/plastic-surgery-maintenance\/\">programa de mantenimiento<\/a> en Avance Plastic Surgery Institute est\u00e1 dise\u00f1ado para ofrecer a los pacientes una forma conveniente de continuar viendo los beneficios de nuestros tratamientos durante el mayor tiempo posible.<\/p>\n<p>Para mantener los resultados de los procedimientos cosm\u00e9ticos de cara y cuello, recomendamos tratamientos no invasivos y m\u00ednimamente invasivos con los siguientes dispositivos:<\/p>\n<ul>\n<li>Forma (en modo)<\/li>\n<li>Morfeo 8 (en modo)<\/li>\n<li>Evocar (en modo)<\/li>\n<\/ul>\n","protected":false},"excerpt":{"rendered":"<p>Aumento de P\u00f3mulos El aumento de mejillas es un procedimiento cosm\u00e9tico facial para hombres y mujeres que desean tener&hellip;<\/p>\n","protected":false},"author":1,"featured_media":0,"parent":8911,"menu_order":0,"comment_status":"closed","ping_status":"closed","template":"","meta":{"_acf_changed":false,"footnotes":""},"class_list":["post-8912","page","type-page","status-publish"],"acf":[],"yoast_head":"<!-- This site is optimized with the Yoast SEO plugin v27.4 - https:\/\/yoast.com\/product\/yoast-seo-wordpress\/ -->\n<title>Reno NV Aumento\/levantamiento de mejillas | Implantes, rellenos de Lake Tahoe<\/title>\n<meta name=\"description\" content=\"Un aumento y\/o levantamiento de mejillas puede agregar nueva vida a sus rasgos faciales. El Dr. Erez Dayan puede usar implantes, rellenos, transferencia de grasa y otras t\u00e9cnicas quir\u00fargicas avanzadas para mejorar su apariencia. Llame al Instituto de Cirug\u00eda Pl\u00e1stica Avance en Reno, NV, para una cita de consulta.\" \/>\n<meta name=\"robots\" content=\"index, follow, max-snippet:-1, max-image-preview:large, max-video-preview:-1\" \/>\n<link rel=\"canonical\" href=\"https:\/\/www.avanceplasticsurgery.com\/es\/procedimientos-cosmeticos-y-de-cirugia\/procedimientos-cosmeticos-de-cara-y-cuello\/aumento-levantamiento-de-mejillas\/\" \/>\n<meta property=\"og:locale\" content=\"es_ES\" \/>\n<meta property=\"og:type\" content=\"article\" \/>\n<meta property=\"og:title\" content=\"Reno NV Aumento\/levantamiento de mejillas | Implantes, rellenos de Lake Tahoe\" \/>\n<meta property=\"og:description\" content=\"Un aumento y\/o levantamiento de mejillas puede agregar nueva vida a sus rasgos faciales. El Dr. Erez Dayan puede usar implantes, rellenos, transferencia de grasa y otras t\u00e9cnicas quir\u00fargicas avanzadas para mejorar su apariencia. Llame al Instituto de Cirug\u00eda Pl\u00e1stica Avance en Reno, NV, para una cita de consulta.\" \/>\n<meta property=\"og:url\" content=\"https:\/\/www.avanceplasticsurgery.com\/es\/procedimientos-cosmeticos-y-de-cirugia\/procedimientos-cosmeticos-de-cara-y-cuello\/aumento-levantamiento-de-mejillas\/\" \/>\n<meta property=\"og:site_name\" content=\"Avance Plastic Surgery\" \/>\n<meta property=\"article:modified_time\" content=\"2022-04-25T11:39:01+00:00\" \/>\n<meta name=\"twitter:card\" content=\"summary_large_image\" \/>\n<meta name=\"twitter:label1\" content=\"Tiempo de lectura\" \/>\n\t<meta name=\"twitter:data1\" content=\"2 minutos\" \/>\n<!-- \/ Yoast SEO plugin. -->","yoast_head_json":{"title":"Reno NV Aumento\/levantamiento de mejillas | Implantes, rellenos de Lake Tahoe","description":"Un aumento y\/o levantamiento de mejillas puede agregar nueva vida a sus rasgos faciales. El Dr. Erez Dayan puede usar implantes, rellenos, transferencia de grasa y otras t\u00e9cnicas quir\u00fargicas avanzadas para mejorar su apariencia. Llame al Instituto de Cirug\u00eda Pl\u00e1stica Avance en Reno, NV, para una cita de consulta.","robots":{"index":"index","follow":"follow","max-snippet":"max-snippet:-1","max-image-preview":"max-image-preview:large","max-video-preview":"max-video-preview:-1"},"canonical":"https:\/\/www.avanceplasticsurgery.com\/es\/procedimientos-cosmeticos-y-de-cirugia\/procedimientos-cosmeticos-de-cara-y-cuello\/aumento-levantamiento-de-mejillas\/","og_locale":"es_ES","og_type":"article","og_title":"Reno NV Aumento\/levantamiento de mejillas | Implantes, rellenos de Lake Tahoe","og_description":"Un aumento y\/o levantamiento de mejillas puede agregar nueva vida a sus rasgos faciales. El Dr. Erez Dayan puede usar implantes, rellenos, transferencia de grasa y otras t\u00e9cnicas quir\u00fargicas avanzadas para mejorar su apariencia. Llame al Instituto de Cirug\u00eda Pl\u00e1stica Avance en Reno, NV, para una cita de consulta.","og_url":"https:\/\/www.avanceplasticsurgery.com\/es\/procedimientos-cosmeticos-y-de-cirugia\/procedimientos-cosmeticos-de-cara-y-cuello\/aumento-levantamiento-de-mejillas\/","og_site_name":"Avance Plastic Surgery","article_modified_time":"2022-04-25T11:39:01+00:00","twitter_card":"summary_large_image","twitter_misc":{"Tiempo de lectura":"2 minutos"},"schema":{"@context":"https:\/\/schema.org","@graph":[{"@type":"WebPage","@id":"https:\/\/www.avanceplasticsurgery.com\/es\/procedimientos-cosmeticos-y-de-cirugia\/procedimientos-cosmeticos-de-cara-y-cuello\/aumento-levantamiento-de-mejillas\/","url":"https:\/\/www.avanceplasticsurgery.com\/es\/procedimientos-cosmeticos-y-de-cirugia\/procedimientos-cosmeticos-de-cara-y-cuello\/aumento-levantamiento-de-mejillas\/","name":"Reno NV Aumento\/levantamiento de mejillas | Implantes, rellenos de Lake Tahoe","isPartOf":{"@id":"https:\/\/www.avanceplasticsurgery.com\/es\/#website"},"datePublished":"2020-09-16T05:38:31+00:00","dateModified":"2022-04-25T11:39:01+00:00","description":"Un aumento y\/o levantamiento de mejillas puede agregar nueva vida a sus rasgos faciales. El Dr. Erez Dayan puede usar implantes, rellenos, transferencia de grasa y otras t\u00e9cnicas quir\u00fargicas avanzadas para mejorar su apariencia. Llame al Instituto de Cirug\u00eda Pl\u00e1stica Avance en Reno, NV, para una cita de consulta.","breadcrumb":{"@id":"https:\/\/www.avanceplasticsurgery.com\/es\/procedimientos-cosmeticos-y-de-cirugia\/procedimientos-cosmeticos-de-cara-y-cuello\/aumento-levantamiento-de-mejillas\/#breadcrumb"},"inLanguage":"es","potentialAction":[{"@type":"ReadAction","target":["https:\/\/www.avanceplasticsurgery.com\/es\/procedimientos-cosmeticos-y-de-cirugia\/procedimientos-cosmeticos-de-cara-y-cuello\/aumento-levantamiento-de-mejillas\/"]}]},{"@type":"BreadcrumbList","@id":"https:\/\/www.avanceplasticsurgery.com\/es\/procedimientos-cosmeticos-y-de-cirugia\/procedimientos-cosmeticos-de-cara-y-cuello\/aumento-levantamiento-de-mejillas\/#breadcrumb","itemListElement":[{"@type":"ListItem","position":1,"name":"Home","item":"https:\/\/www.avanceplasticsurgery.com\/es\/"},{"@type":"ListItem","position":2,"name":"Cosm\u00e9tica","item":"https:\/\/www.avanceplasticsurgery.com\/es\/procedimientos-cosmeticos-y-de-cirugia\/"},{"@type":"ListItem","position":3,"name":"Procedimientos Cosm\u00e9ticos de Cara y Cuello","item":"https:\/\/www.avanceplasticsurgery.com\/es\/procedimientos-cosmeticos-y-de-cirugia\/procedimientos-cosmeticos-de-cara-y-cuello\/"},{"@type":"ListItem","position":4,"name":"Aumento\/levantamiento de mejillas"}]},{"@type":"WebSite","@id":"https:\/\/www.avanceplasticsurgery.com\/es\/#website","url":"https:\/\/www.avanceplasticsurgery.com\/es\/","name":"Avance Plastic Surgery","description":"","potentialAction":[{"@type":"SearchAction","target":{"@type":"EntryPoint","urlTemplate":"https:\/\/www.avanceplasticsurgery.com\/es\/?s={search_term_string}"},"query-input":{"@type":"PropertyValueSpecification","valueRequired":true,"valueName":"search_term_string"}}],"inLanguage":"es"}]}},"_links":{"self":[{"href":"https:\/\/www.avanceplasticsurgery.com\/es\/wp-json\/wp\/v2\/pages\/8912","targetHints":{"allow":["GET"]}}],"collection":[{"href":"https:\/\/www.avanceplasticsurgery.com\/es\/wp-json\/wp\/v2\/pages"}],"about":[{"href":"https:\/\/www.avanceplasticsurgery.com\/es\/wp-json\/wp\/v2\/types\/page"}],"author":[{"embeddable":true,"href":"https:\/\/www.avanceplasticsurgery.com\/es\/wp-json\/wp\/v2\/users\/1"}],"replies":[{"embeddable":true,"href":"https:\/\/www.avanceplasticsurgery.com\/es\/wp-json\/wp\/v2\/comments?post=8912"}],"version-history":[{"count":2,"href":"https:\/\/www.avanceplasticsurgery.com\/es\/wp-json\/wp\/v2\/pages\/8912\/revisions"}],"predecessor-version":[{"id":9224,"href":"https:\/\/www.avanceplasticsurgery.com\/es\/wp-json\/wp\/v2\/pages\/8912\/revisions\/9224"}],"up":[{"embeddable":true,"href":"https:\/\/www.avanceplasticsurgery.com\/es\/wp-json\/wp\/v2\/pages\/8911"}],"wp:attachment":[{"href":"https:\/\/www.avanceplasticsurgery.com\/es\/wp-json\/wp\/v2\/media?parent=8912"}],"curies":[{"name":"wp","href":"https:\/\/api.w.org\/{rel}","templated":true}]}}