{"id":8913,"date":"2020-09-16T05:40:25","date_gmt":"2020-09-16T05:40:25","guid":{"rendered":"https:\/\/www.avanceplasticsurgery.com\/procedimientos-cosmeticos-y-de-cirugia\/procedimientos-cosmeticos-de-cara-y-cuello\/reduccion-de-mejillas\/"},"modified":"2022-04-25T11:47:10","modified_gmt":"2022-04-25T11:47:10","slug":"reduccion-de-mejillas","status":"publish","type":"page","link":"https:\/\/www.avanceplasticsurgery.com\/es\/procedimientos-cosmeticos-y-de-cirugia\/procedimientos-cosmeticos-de-cara-y-cuello\/reduccion-de-mejillas\/","title":{"rendered":"Reducci\u00f3n de mejillas"},"content":{"rendered":"<h1>Cirug\u00eda de reducci\u00f3n de mejillas<\/h1>\n<p>Algunos pacientes no tienen problemas con las mejillas hundidas y huecas, ya que su problema se deriva de la condici\u00f3n opuesta. Sus mejillas pueden parecer m\u00e1s llenas o demasiado redondas e incluso desproporcionadas con el resto de su rostro. Tanto hombres como mujeres pueden desear un rostro m\u00e1s delgado y matizado. Tanto hombres como mujeres pueden desear un rostro contorneado m\u00e1s delgado que transmita una apariencia m\u00e1s madura y definida.<\/p>\n<p>La cirug\u00eda de reducci\u00f3n de p\u00f3mulos es un <a title=\"Reno NV Procedimientos de cirug\u00eda pl\u00e1stica cosm\u00e9tica de cara y cuello\" href=\"https:\/\/www.avanceplasticsurgery.com\/es\/cosmetic-and-surgery-procedures\/face-neck-cosmetic-procedures\/\">procedimiento est\u00e9tico facial<\/a> que busca reducir el efecto redondo del rostro para una apariencia m\u00e1s esbelta y tonificada. Si bien esto puede parecer trivial para algunos, para otros que est\u00e1n disgustados con su apariencia, puede ser una gran fuente de verg\u00fcenza e incluso una p\u00e9rdida de confianza. El Dr. Erez Dayan es completamente comprensivo y comprensivo con aquellos que desean cambiar su apariencia. Ha dedicado el trabajo de su vida a ayudar a sus pacientes a vivir sus mejores vidas con mejoras cosm\u00e9ticas.<\/p>\n<p>Si est\u00e1 interesado en la cirug\u00eda de reducci\u00f3n de mejillas, debe comenzar con una consulta con el Dr. Dayan en su oficina de Reno\/Tahoe. \u00c9l te escuchar\u00e1 atentamente mientras compartes tus sentimientos y deseos. Puede contar con buenos consejos y recomendaciones de tratamiento que tienen en cuenta sus mejores intereses. Si recomienda una cirug\u00eda de reducci\u00f3n de mejillas, le explicar\u00e1 los detalles, as\u00ed como los beneficios y riesgos. Siempre recibir\u00e1 informaci\u00f3n completa del Dr. Dayan sobre cualquier procedimiento sugerido.<\/p>\n<h2>Eliminaci\u00f3n de grasa bucal en Reno<\/h2>\n<p>La cirug\u00eda de reducci\u00f3n de mejillas en Reno\/Tahoe generalmente implica la eliminaci\u00f3n de grasa bucal. La masa de grasa en la mejilla se llama almohadilla de grasa bucal. En algunas personas, puede ser una masa m\u00e1s grande que causa la est\u00e9tica m\u00e1s redonda y completa de la cara que algunos consideran indeseable. En un procedimiento de eliminaci\u00f3n de grasa bucal, el Dr. Dayan generalmente hace algunas incisiones peque\u00f1as dentro de la boca, a trav\u00e9s de las cuales puede eliminar las almohadillas de grasa bucal y cualquier otro tejido graso necesario.<\/p>\n<button class=\"flc-yt lazyload\" data-id=\"627ZA8guf1w\" data-title=\"Eliminaci\u00f3n de grasa bucal Dr. Erez Dayan\" data-bg=\"https:\/\/i.ytimg.com\/vi\/627ZA8guf1w\/hqdefault.jpg\" aria-label=\"Play video Eliminaci\u00f3n de grasa bucal Dr. Erez Dayan\">  <div class=\"flc-yt__title\">Eliminaci\u00f3n de grasa bucal Dr. Erez Dayan<\/div>  <span class=\"flc-yt__play\">    <svg viewBox=\"0 0 68 48\" xmlns=\"http:\/\/www.w3.org\/2000\/svg\" aria-hidden=\"true\"><path d=\"M66.5 7.8A8.5 8.5 0 0 0 60.6 2C55.3.5 34 .5 34 .5S12.7.5 7.4 2A8.5 8.5 0 0 0 1.5 7.8C0 13.1 0 24 0 24s0 10.9 1.5 16.2A8.5 8.5 0 0 0 7.4 46C12.7 47.5 34 47.5 34 47.5s21.3 0 26.6-1.5a8.5 8.5 0 0 0 5.9-5.8C68 34.9 68 24 68 24s0-10.9-1.5-16.2Z\" fill=\"#f00\"\/><path d=\"M27 34l18-10-18-10v20Z\" fill=\"#fff\"\/><\/svg>  <\/span><\/button>\n<p>Las cicatrices son completamente invisibles dentro de la boca y no dejan evidencia de cirug\u00eda en la cara. Tambi\u00e9n puede realizar un contorno de transferencia de grasa durante este procedimiento para crear una apariencia m\u00e1s suave y tonificada que se combina a la perfecci\u00f3n con el resto de su rostro. El procedimiento se puede realizar de forma ambulatoria en tan solo una hora y regresar\u00e1 a casa el mismo d\u00eda.<\/p>\n<p>El Dr. Dayan le proporcionar\u00e1 instrucciones completas de cuidados posteriores para el cuidado de sus incisiones, el alivio del dolor y una recuperaci\u00f3n exitosa. Regresar\u00e1 para una visita de seguimiento en una o dos semanas, para que \u00e9l pueda asegurarse de que se est\u00e9 curando adecuadamente y que la hinchaz\u00f3n posoperatoria desaparezca. Sus resultados completos deber\u00edan ser evidentes dentro de tres a cuatro semanas, aunque se notar\u00e1 una diferencia inmediata el d\u00eda de la cirug\u00eda.<\/p>\n<p><a title=\"P\u00f3ngase en contacto con el Instituto de Cirug\u00eda Pl\u00e1stica Avance en Reno NV\" href=\"https:\/\/www.avanceplasticsurgery.com\/es\/contact-us-dr-erez-dayan\/\">Comun\u00edquese con el Instituto de Cirug\u00eda Pl\u00e1stica Avance<\/a> en Reno\/Tahoe, NV, y programe su consulta con el Dr. Dayan para hablar sobre la cirug\u00eda de reducci\u00f3n de mejillas.<\/p>\n<h3>Programa de mantenimiento<\/h3>\n<p>El <a href=\"https:\/\/www.avanceplasticsurgery.com\/es\/about-avance-plastic-surgery-institute\/plastic-surgery-maintenance\/\">programa de mantenimiento<\/a> en Avance Plastic Surgery Institute est\u00e1 dise\u00f1ado para ofrecer a los pacientes una forma conveniente de continuar viendo los beneficios de nuestros tratamientos durante el mayor tiempo posible.<\/p>\n<p>Para mantener los resultados de los procedimientos cosm\u00e9ticos de cara y cuello, recomendamos tratamientos no invasivos y m\u00ednimamente invasivos con los siguientes dispositivos:<\/p>\n<ul>\n<li>Forma (en modo)<\/li>\n<li>Morfeo 8 (en modo)<\/li>\n<li>Evocar (en modo)<\/li>\n<\/ul>\n","protected":false},"excerpt":{"rendered":"<p>Cirug\u00eda de reducci\u00f3n de mejillas Algunos pacientes no tienen problemas con las mejillas hundidas y huecas, ya que su&hellip;<\/p>\n","protected":false},"author":1,"featured_media":0,"parent":8911,"menu_order":0,"comment_status":"closed","ping_status":"closed","template":"","meta":{"_acf_changed":false,"footnotes":""},"class_list":["post-8913","page","type-page","status-publish"],"acf":[],"yoast_head":"<!-- This site is optimized with the Yoast SEO plugin v27.4 - https:\/\/yoast.com\/product\/yoast-seo-wordpress\/ -->\n<title>Reno NV Cirug\u00eda de reducci\u00f3n de mejillas | Eliminaci\u00f3n de grasa bucal del lago Tahoe<\/title>\n<meta name=\"description\" content=\"La cirug\u00eda de reducci\u00f3n de mejillas puede crear una est\u00e9tica facial m\u00e1s tonificada, madura y atractiva para aquellos que no est\u00e1n satisfechos con las mejillas redondas y regordetas. Llame al Instituto de Cirug\u00eda Pl\u00e1stica Avance en Reno, NV, para programar su consulta de eliminaci\u00f3n de grasa bucal con el Dr. Dayan.\" \/>\n<meta name=\"robots\" content=\"index, follow, max-snippet:-1, max-image-preview:large, max-video-preview:-1\" \/>\n<link rel=\"canonical\" href=\"https:\/\/www.avanceplasticsurgery.com\/es\/procedimientos-cosmeticos-y-de-cirugia\/procedimientos-cosmeticos-de-cara-y-cuello\/reduccion-de-mejillas\/\" \/>\n<meta property=\"og:locale\" content=\"es_ES\" \/>\n<meta property=\"og:type\" content=\"article\" \/>\n<meta property=\"og:title\" content=\"Reno NV Cirug\u00eda de reducci\u00f3n de mejillas | Eliminaci\u00f3n de grasa bucal del lago Tahoe\" \/>\n<meta property=\"og:description\" content=\"La cirug\u00eda de reducci\u00f3n de mejillas puede crear una est\u00e9tica facial m\u00e1s tonificada, madura y atractiva para aquellos que no est\u00e1n satisfechos con las mejillas redondas y regordetas. Llame al Instituto de Cirug\u00eda Pl\u00e1stica Avance en Reno, NV, para programar su consulta de eliminaci\u00f3n de grasa bucal con el Dr. Dayan.\" \/>\n<meta property=\"og:url\" content=\"https:\/\/www.avanceplasticsurgery.com\/es\/procedimientos-cosmeticos-y-de-cirugia\/procedimientos-cosmeticos-de-cara-y-cuello\/reduccion-de-mejillas\/\" \/>\n<meta property=\"og:site_name\" content=\"Avance Plastic Surgery\" \/>\n<meta property=\"article:modified_time\" content=\"2022-04-25T11:47:10+00:00\" \/>\n<meta name=\"twitter:card\" content=\"summary_large_image\" \/>\n<meta name=\"twitter:label1\" content=\"Tiempo de lectura\" \/>\n\t<meta name=\"twitter:data1\" content=\"3 minutos\" \/>\n<!-- \/ Yoast SEO plugin. -->","yoast_head_json":{"title":"Reno NV Cirug\u00eda de reducci\u00f3n de mejillas | Eliminaci\u00f3n de grasa bucal del lago Tahoe","description":"La cirug\u00eda de reducci\u00f3n de mejillas puede crear una est\u00e9tica facial m\u00e1s tonificada, madura y atractiva para aquellos que no est\u00e1n satisfechos con las mejillas redondas y regordetas. Llame al Instituto de Cirug\u00eda Pl\u00e1stica Avance en Reno, NV, para programar su consulta de eliminaci\u00f3n de grasa bucal con el Dr. Dayan.","robots":{"index":"index","follow":"follow","max-snippet":"max-snippet:-1","max-image-preview":"max-image-preview:large","max-video-preview":"max-video-preview:-1"},"canonical":"https:\/\/www.avanceplasticsurgery.com\/es\/procedimientos-cosmeticos-y-de-cirugia\/procedimientos-cosmeticos-de-cara-y-cuello\/reduccion-de-mejillas\/","og_locale":"es_ES","og_type":"article","og_title":"Reno NV Cirug\u00eda de reducci\u00f3n de mejillas | Eliminaci\u00f3n de grasa bucal del lago Tahoe","og_description":"La cirug\u00eda de reducci\u00f3n de mejillas puede crear una est\u00e9tica facial m\u00e1s tonificada, madura y atractiva para aquellos que no est\u00e1n satisfechos con las mejillas redondas y regordetas. Llame al Instituto de Cirug\u00eda Pl\u00e1stica Avance en Reno, NV, para programar su consulta de eliminaci\u00f3n de grasa bucal con el Dr. Dayan.","og_url":"https:\/\/www.avanceplasticsurgery.com\/es\/procedimientos-cosmeticos-y-de-cirugia\/procedimientos-cosmeticos-de-cara-y-cuello\/reduccion-de-mejillas\/","og_site_name":"Avance Plastic Surgery","article_modified_time":"2022-04-25T11:47:10+00:00","twitter_card":"summary_large_image","twitter_misc":{"Tiempo de lectura":"3 minutos"},"schema":{"@context":"https:\/\/schema.org","@graph":[{"@type":"WebPage","@id":"https:\/\/www.avanceplasticsurgery.com\/es\/procedimientos-cosmeticos-y-de-cirugia\/procedimientos-cosmeticos-de-cara-y-cuello\/reduccion-de-mejillas\/","url":"https:\/\/www.avanceplasticsurgery.com\/es\/procedimientos-cosmeticos-y-de-cirugia\/procedimientos-cosmeticos-de-cara-y-cuello\/reduccion-de-mejillas\/","name":"Reno NV Cirug\u00eda de reducci\u00f3n de mejillas | Eliminaci\u00f3n de grasa bucal del lago Tahoe","isPartOf":{"@id":"https:\/\/www.avanceplasticsurgery.com\/es\/#website"},"datePublished":"2020-09-16T05:40:25+00:00","dateModified":"2022-04-25T11:47:10+00:00","description":"La cirug\u00eda de reducci\u00f3n de mejillas puede crear una est\u00e9tica facial m\u00e1s tonificada, madura y atractiva para aquellos que no est\u00e1n satisfechos con las mejillas redondas y regordetas. Llame al Instituto de Cirug\u00eda Pl\u00e1stica Avance en Reno, NV, para programar su consulta de eliminaci\u00f3n de grasa bucal con el Dr. Dayan.","breadcrumb":{"@id":"https:\/\/www.avanceplasticsurgery.com\/es\/procedimientos-cosmeticos-y-de-cirugia\/procedimientos-cosmeticos-de-cara-y-cuello\/reduccion-de-mejillas\/#breadcrumb"},"inLanguage":"es","potentialAction":[{"@type":"ReadAction","target":["https:\/\/www.avanceplasticsurgery.com\/es\/procedimientos-cosmeticos-y-de-cirugia\/procedimientos-cosmeticos-de-cara-y-cuello\/reduccion-de-mejillas\/"]}]},{"@type":"BreadcrumbList","@id":"https:\/\/www.avanceplasticsurgery.com\/es\/procedimientos-cosmeticos-y-de-cirugia\/procedimientos-cosmeticos-de-cara-y-cuello\/reduccion-de-mejillas\/#breadcrumb","itemListElement":[{"@type":"ListItem","position":1,"name":"Home","item":"https:\/\/www.avanceplasticsurgery.com\/es\/"},{"@type":"ListItem","position":2,"name":"Cosm\u00e9tica","item":"https:\/\/www.avanceplasticsurgery.com\/es\/procedimientos-cosmeticos-y-de-cirugia\/"},{"@type":"ListItem","position":3,"name":"Procedimientos Cosm\u00e9ticos de Cara y Cuello","item":"https:\/\/www.avanceplasticsurgery.com\/es\/procedimientos-cosmeticos-y-de-cirugia\/procedimientos-cosmeticos-de-cara-y-cuello\/"},{"@type":"ListItem","position":4,"name":"Reducci\u00f3n de mejillas"}]},{"@type":"WebSite","@id":"https:\/\/www.avanceplasticsurgery.com\/es\/#website","url":"https:\/\/www.avanceplasticsurgery.com\/es\/","name":"Avance Plastic Surgery","description":"","potentialAction":[{"@type":"SearchAction","target":{"@type":"EntryPoint","urlTemplate":"https:\/\/www.avanceplasticsurgery.com\/es\/?s={search_term_string}"},"query-input":{"@type":"PropertyValueSpecification","valueRequired":true,"valueName":"search_term_string"}}],"inLanguage":"es"}]}},"_links":{"self":[{"href":"https:\/\/www.avanceplasticsurgery.com\/es\/wp-json\/wp\/v2\/pages\/8913","targetHints":{"allow":["GET"]}}],"collection":[{"href":"https:\/\/www.avanceplasticsurgery.com\/es\/wp-json\/wp\/v2\/pages"}],"about":[{"href":"https:\/\/www.avanceplasticsurgery.com\/es\/wp-json\/wp\/v2\/types\/page"}],"author":[{"embeddable":true,"href":"https:\/\/www.avanceplasticsurgery.com\/es\/wp-json\/wp\/v2\/users\/1"}],"replies":[{"embeddable":true,"href":"https:\/\/www.avanceplasticsurgery.com\/es\/wp-json\/wp\/v2\/comments?post=8913"}],"version-history":[{"count":1,"href":"https:\/\/www.avanceplasticsurgery.com\/es\/wp-json\/wp\/v2\/pages\/8913\/revisions"}],"predecessor-version":[{"id":9238,"href":"https:\/\/www.avanceplasticsurgery.com\/es\/wp-json\/wp\/v2\/pages\/8913\/revisions\/9238"}],"up":[{"embeddable":true,"href":"https:\/\/www.avanceplasticsurgery.com\/es\/wp-json\/wp\/v2\/pages\/8911"}],"wp:attachment":[{"href":"https:\/\/www.avanceplasticsurgery.com\/es\/wp-json\/wp\/v2\/media?parent=8913"}],"curies":[{"name":"wp","href":"https:\/\/api.w.org\/{rel}","templated":true}]}}