{"id":8914,"date":"2020-09-16T05:42:30","date_gmt":"2020-09-16T05:42:30","guid":{"rendered":"https:\/\/www.avanceplasticsurgery.com\/procedimientos-cosmeticos-y-de-cirugia\/procedimientos-cosmeticos-de-cara-y-cuello\/implantes-de-menton\/"},"modified":"2022-04-25T11:40:34","modified_gmt":"2022-04-25T11:40:34","slug":"implantes-de-menton","status":"publish","type":"page","link":"https:\/\/www.avanceplasticsurgery.com\/es\/procedimientos-cosmeticos-y-de-cirugia\/procedimientos-cosmeticos-de-cara-y-cuello\/implantes-de-menton\/","title":{"rendered":"Implantes de ment\u00f3n"},"content":{"rendered":"<h1>Cirug\u00eda de implantes de ment\u00f3n<\/h1>\n<p><a title=\"Reno NV Procedimientos de cirug\u00eda pl\u00e1stica cosm\u00e9tica de cara y cuello\" href=\"https:\/\/www.avanceplasticsurgery.com\/es\/cosmetic-and-surgery-procedures\/face-neck-cosmetic-procedures\/\">Los rasgos faciales equilibrados<\/a> generalmente dependen de dos rasgos principales, la nariz y el ment\u00f3n. El ment\u00f3n es una protuberancia \u00f3sea justo debajo de los labios en la mand\u00edbula inferior. Proporciona equilibrio y una especie de ancla para la cara, separ\u00e1ndola de tu cuello. Un ment\u00f3n deforme o con una forma extra\u00f1a puede arruinar todo el equilibrio est\u00e9tico de tu rostro. En los hombres se prefiere un ment\u00f3n ancho, fuerte y bien cincelado. Para las mujeres, un ment\u00f3n suave y redondo se considera m\u00e1s femenino. Cuando no est\u00e1 satisfecho con la apariencia de su ment\u00f3n, el Dr. Erez Dayan puede realizar una cirug\u00eda de implante de ment\u00f3n en el Avance Plastic Surgery Institute.<\/p>\n<div class=\"row\">\n<div class=\"col-md-6\"><button class=\"flc-yt lazyload\" data-id=\"Qa9qEhcEn0o\" data-title=\"Contorno de cuello y mand\u00edbula\" data-bg=\"https:\/\/i.ytimg.com\/vi\/Qa9qEhcEn0o\/hqdefault.jpg\" aria-label=\"Play video Contorno de cuello y mand\u00edbula\">  <div class=\"flc-yt__title\">Contorno de cuello y mand\u00edbula<\/div>  <span class=\"flc-yt__play\">    <svg viewBox=\"0 0 68 48\" xmlns=\"http:\/\/www.w3.org\/2000\/svg\" aria-hidden=\"true\"><path d=\"M66.5 7.8A8.5 8.5 0 0 0 60.6 2C55.3.5 34 .5 34 .5S12.7.5 7.4 2A8.5 8.5 0 0 0 1.5 7.8C0 13.1 0 24 0 24s0 10.9 1.5 16.2A8.5 8.5 0 0 0 7.4 46C12.7 47.5 34 47.5 34 47.5s21.3 0 26.6-1.5a8.5 8.5 0 0 0 5.9-5.8C68 34.9 68 24 68 24s0-10.9-1.5-16.2Z\" fill=\"#f00\"\/><path d=\"M27 34l18-10-18-10v20Z\" fill=\"#fff\"\/><\/svg>  <\/span><\/button><\/div>\n<div class=\"col-md-6\"><button class=\"flc-yt lazyload\" data-id=\"uRt2e_0Ey34\" data-title=\"Estiramiento de cuello no quir\u00fargico Reno\/Tahoe | Implante de Ment\u00f3n, Liposucci\u00f3n de Cuello, Estiramiento de la Piel | Dr. Erez Day\u00e1n\" data-bg=\"https:\/\/i.ytimg.com\/vi\/uRt2e_0Ey34\/hqdefault.jpg\" aria-label=\"Play video Estiramiento de cuello no quir\u00fargico Reno\/Tahoe | Implante de Ment\u00f3n, Liposucci\u00f3n de Cuello, Estiramiento de la Piel | Dr. Erez Day\u00e1n\">  <div class=\"flc-yt__title\">Estiramiento de cuello no quir\u00fargico Reno\/Tahoe | Implante de Ment\u00f3n, Liposucci\u00f3n de Cuello, Estiramiento de la Piel | Dr. Erez Day\u00e1n<\/div>  <span class=\"flc-yt__play\">    <svg viewBox=\"0 0 68 48\" xmlns=\"http:\/\/www.w3.org\/2000\/svg\" aria-hidden=\"true\"><path d=\"M66.5 7.8A8.5 8.5 0 0 0 60.6 2C55.3.5 34 .5 34 .5S12.7.5 7.4 2A8.5 8.5 0 0 0 1.5 7.8C0 13.1 0 24 0 24s0 10.9 1.5 16.2A8.5 8.5 0 0 0 7.4 46C12.7 47.5 34 47.5 34 47.5s21.3 0 26.6-1.5a8.5 8.5 0 0 0 5.9-5.8C68 34.9 68 24 68 24s0-10.9-1.5-16.2Z\" fill=\"#f00\"\/><path d=\"M27 34l18-10-18-10v20Z\" fill=\"#fff\"\/><\/svg>  <\/span><\/button><\/div>\n<\/div>\n<p>Una cirug\u00eda de implante de ment\u00f3n busca reemplazar su ment\u00f3n problem\u00e1tico con un implante que puede moldearse para parecerse al ment\u00f3n que desea. El aumento de ment\u00f3n, tambi\u00e9n conocido como genioplastia, utiliza implantes de silicona o implantes de polietileno poroso MEDPOR para agregar cambios de definici\u00f3n, proyecci\u00f3n, tama\u00f1o o forma a su ment\u00f3n. Hay disponible una amplia variedad de tama\u00f1os y formas de implantes, y el Dr. Dayan lo ayudar\u00e1 a elegir el que mejor producir\u00e1 el aspecto que desea.<\/p>\n<p>Muchos pacientes acuden al Dr. Dayan cuando consideran una cirug\u00eda de nariz o una rinoplastia porque sienten que su rostro est\u00e1 desequilibrado. A menudo, el problema del equilibrio no est\u00e1 en la nariz sino en la barbilla. Despu\u00e9s de ver algunas im\u00e1genes y discutir los cambios que se pueden hacer, muchos de esos pacientes cambian su decisi\u00f3n y optan por una genioplastia en su lugar, para obtener resultados m\u00e1s agradables.<\/p>\n<h2>Aumento Cosm\u00e9tico de Ment\u00f3n en Reno<\/h2>\n<p>El Dr. Dayan es un reconocido cirujano pl\u00e1stico est\u00e9tico y reconstructivo cuya experiencia y opiniones son muy buscadas. Sus recomendaciones sobre lo que mejorar\u00eda mejor sus caracter\u00edsticas deben ser consideradas en profundidad. \u00c9l siempre tiene en mente sus mejores intereses, y no se programar\u00e1n procedimientos quir\u00fargicos hasta que est\u00e9 seguro de su decisi\u00f3n.<\/p>\n<p>Para el aumento de ment\u00f3n cosm\u00e9tico y reconstructivo, el Dr. Dayan inserta y manipula el implante a trav\u00e9s de una peque\u00f1a incisi\u00f3n debajo del ment\u00f3n. Esto presenta menos riesgo de infecci\u00f3n que una incisi\u00f3n dentro de la boca y permite una curaci\u00f3n m\u00e1s r\u00e1pida y menos molestias para sus pacientes. Se le proporcionar\u00e1n medicamentos para ayudar con cualquier molestia e inflamaci\u00f3n. Los pacientes generalmente pueden esperar que la hinchaz\u00f3n disminuya en un par de semanas.<\/p>\n<p>El Dr. Dayan le proporcionar\u00e1 instrucciones espec\u00edficas de cuidado posterior y atenci\u00f3n de seguimiento para garantizar que sane adecuadamente. Tambi\u00e9n volver\u00e1 a visitarlo varias semanas despu\u00e9s de la cirug\u00eda para un chequeo final y un examen de su nuevo aspecto. <a title=\"P\u00f3ngase en contacto con el Instituto de Cirug\u00eda Pl\u00e1stica Avance en Reno NV\" href=\"https:\/\/www.avanceplasticsurgery.com\/es\/contact-us-dr-erez-dayan\/\">Comun\u00edquese hoy con el Instituto de Cirug\u00eda Pl\u00e1stica Avance<\/a> en Reno\/Tahoe, NV, para programar su consulta de aumento de ment\u00f3n cosm\u00e9tico y reconstructivo con el Dr. Dayan.<\/p>\n<p style=\"text-align: center;\"><a href=\"https:\/\/www.avanceplasticsurgery.com\/wp-content\/uploads\/2020\/10\/instructions-chinimplants.pdf\" class=\"btn btn-primary\" target=\"_blank\" rel=\"noopener noreferrer\">Instrucciones postoperatorias<\/a><\/p>\n<h3>Programa de mantenimiento<\/h3>\n<p>El <a href=\"https:\/\/www.avanceplasticsurgery.com\/es\/about-avance-plastic-surgery-institute\/plastic-surgery-maintenance\/\">programa de mantenimiento<\/a> en Avance Plastic Surgery Institute est\u00e1 dise\u00f1ado para ofrecer a los pacientes una forma conveniente de continuar viendo los beneficios de nuestros tratamientos durante el mayor tiempo posible.<\/p>\n<p>Para mantener los resultados de los procedimientos cosm\u00e9ticos de cara y cuello, recomendamos tratamientos no invasivos y m\u00ednimamente invasivos con los siguientes dispositivos:<\/p>\n<ul>\n<li>Forma (en modo)<\/li>\n<li>Morfeo 8 (en modo)<\/li>\n<li>Evocar (en modo)<\/li>\n<\/ul>\n","protected":false},"excerpt":{"rendered":"<p>Cirug\u00eda de implantes de ment\u00f3n Los rasgos faciales equilibrados generalmente dependen de dos rasgos principales, la nariz y el&hellip;<\/p>\n","protected":false},"author":1,"featured_media":0,"parent":8911,"menu_order":0,"comment_status":"closed","ping_status":"closed","template":"","meta":{"_acf_changed":false,"footnotes":""},"class_list":["post-8914","page","type-page","status-publish"],"acf":[],"yoast_head":"<!-- This site is optimized with the Yoast SEO plugin v25.6 - https:\/\/yoast.com\/wordpress\/plugins\/seo\/ -->\n<title>Reno NV Cirug\u00eda de implante de ment\u00f3n | Aumento de ment\u00f3n cosm\u00e9tico de Lake Tahoe<\/title>\n<meta name=\"description\" content=\"El Dr. Erez Dayan ofrece cirug\u00eda de implante de ment\u00f3n en Reno, NV, para aquellos que buscan una apariencia facial diferente o m\u00e1s equilibrada. Llame al Instituto de Cirug\u00eda Pl\u00e1stica Avance para programar una consulta con el Dr. Dayan sobre el aumento cosm\u00e9tico del ment\u00f3n.\" \/>\n<meta name=\"robots\" content=\"index, follow, max-snippet:-1, max-image-preview:large, max-video-preview:-1\" \/>\n<link rel=\"canonical\" href=\"https:\/\/www.avanceplasticsurgery.com\/es\/procedimientos-cosmeticos-y-de-cirugia\/procedimientos-cosmeticos-de-cara-y-cuello\/implantes-de-menton\/\" \/>\n<meta property=\"og:locale\" content=\"es_ES\" \/>\n<meta property=\"og:type\" content=\"article\" \/>\n<meta property=\"og:title\" content=\"Reno NV Cirug\u00eda de implante de ment\u00f3n | Aumento de ment\u00f3n cosm\u00e9tico de Lake Tahoe\" \/>\n<meta property=\"og:description\" content=\"El Dr. Erez Dayan ofrece cirug\u00eda de implante de ment\u00f3n en Reno, NV, para aquellos que buscan una apariencia facial diferente o m\u00e1s equilibrada. Llame al Instituto de Cirug\u00eda Pl\u00e1stica Avance para programar una consulta con el Dr. Dayan sobre el aumento cosm\u00e9tico del ment\u00f3n.\" \/>\n<meta property=\"og:url\" content=\"https:\/\/www.avanceplasticsurgery.com\/es\/procedimientos-cosmeticos-y-de-cirugia\/procedimientos-cosmeticos-de-cara-y-cuello\/implantes-de-menton\/\" \/>\n<meta property=\"og:site_name\" content=\"Avance Plastic Surgery\" \/>\n<meta property=\"article:modified_time\" content=\"2022-04-25T11:40:34+00:00\" \/>\n<meta name=\"twitter:card\" content=\"summary_large_image\" \/>\n<meta name=\"twitter:label1\" content=\"Tiempo de lectura\" \/>\n\t<meta name=\"twitter:data1\" content=\"3 minutos\" \/>\n<!-- \/ Yoast SEO plugin. -->","yoast_head_json":{"title":"Reno NV Cirug\u00eda de implante de ment\u00f3n | Aumento de ment\u00f3n cosm\u00e9tico de Lake Tahoe","description":"El Dr. Erez Dayan ofrece cirug\u00eda de implante de ment\u00f3n en Reno, NV, para aquellos que buscan una apariencia facial diferente o m\u00e1s equilibrada. Llame al Instituto de Cirug\u00eda Pl\u00e1stica Avance para programar una consulta con el Dr. Dayan sobre el aumento cosm\u00e9tico del ment\u00f3n.","robots":{"index":"index","follow":"follow","max-snippet":"max-snippet:-1","max-image-preview":"max-image-preview:large","max-video-preview":"max-video-preview:-1"},"canonical":"https:\/\/www.avanceplasticsurgery.com\/es\/procedimientos-cosmeticos-y-de-cirugia\/procedimientos-cosmeticos-de-cara-y-cuello\/implantes-de-menton\/","og_locale":"es_ES","og_type":"article","og_title":"Reno NV Cirug\u00eda de implante de ment\u00f3n | Aumento de ment\u00f3n cosm\u00e9tico de Lake Tahoe","og_description":"El Dr. Erez Dayan ofrece cirug\u00eda de implante de ment\u00f3n en Reno, NV, para aquellos que buscan una apariencia facial diferente o m\u00e1s equilibrada. Llame al Instituto de Cirug\u00eda Pl\u00e1stica Avance para programar una consulta con el Dr. Dayan sobre el aumento cosm\u00e9tico del ment\u00f3n.","og_url":"https:\/\/www.avanceplasticsurgery.com\/es\/procedimientos-cosmeticos-y-de-cirugia\/procedimientos-cosmeticos-de-cara-y-cuello\/implantes-de-menton\/","og_site_name":"Avance Plastic Surgery","article_modified_time":"2022-04-25T11:40:34+00:00","twitter_card":"summary_large_image","twitter_misc":{"Tiempo de lectura":"3 minutos"},"schema":{"@context":"https:\/\/schema.org","@graph":[{"@type":"WebPage","@id":"https:\/\/www.avanceplasticsurgery.com\/es\/procedimientos-cosmeticos-y-de-cirugia\/procedimientos-cosmeticos-de-cara-y-cuello\/implantes-de-menton\/","url":"https:\/\/www.avanceplasticsurgery.com\/es\/procedimientos-cosmeticos-y-de-cirugia\/procedimientos-cosmeticos-de-cara-y-cuello\/implantes-de-menton\/","name":"Reno NV Cirug\u00eda de implante de ment\u00f3n | Aumento de ment\u00f3n cosm\u00e9tico de Lake Tahoe","isPartOf":{"@id":"https:\/\/www.avanceplasticsurgery.com\/es\/#website"},"datePublished":"2020-09-16T05:42:30+00:00","dateModified":"2022-04-25T11:40:34+00:00","description":"El Dr. Erez Dayan ofrece cirug\u00eda de implante de ment\u00f3n en Reno, NV, para aquellos que buscan una apariencia facial diferente o m\u00e1s equilibrada. Llame al Instituto de Cirug\u00eda Pl\u00e1stica Avance para programar una consulta con el Dr. Dayan sobre el aumento cosm\u00e9tico del ment\u00f3n.","breadcrumb":{"@id":"https:\/\/www.avanceplasticsurgery.com\/es\/procedimientos-cosmeticos-y-de-cirugia\/procedimientos-cosmeticos-de-cara-y-cuello\/implantes-de-menton\/#breadcrumb"},"inLanguage":"es","potentialAction":[{"@type":"ReadAction","target":["https:\/\/www.avanceplasticsurgery.com\/es\/procedimientos-cosmeticos-y-de-cirugia\/procedimientos-cosmeticos-de-cara-y-cuello\/implantes-de-menton\/"]}]},{"@type":"BreadcrumbList","@id":"https:\/\/www.avanceplasticsurgery.com\/es\/procedimientos-cosmeticos-y-de-cirugia\/procedimientos-cosmeticos-de-cara-y-cuello\/implantes-de-menton\/#breadcrumb","itemListElement":[{"@type":"ListItem","position":1,"name":"Home","item":"https:\/\/www.avanceplasticsurgery.com\/es\/"},{"@type":"ListItem","position":2,"name":"Cosm\u00e9tica","item":"https:\/\/www.avanceplasticsurgery.com\/es\/procedimientos-cosmeticos-y-de-cirugia\/"},{"@type":"ListItem","position":3,"name":"Procedimientos Cosm\u00e9ticos de Cara y Cuello","item":"https:\/\/www.avanceplasticsurgery.com\/es\/procedimientos-cosmeticos-y-de-cirugia\/procedimientos-cosmeticos-de-cara-y-cuello\/"},{"@type":"ListItem","position":4,"name":"Implantes de ment\u00f3n"}]},{"@type":"WebSite","@id":"https:\/\/www.avanceplasticsurgery.com\/es\/#website","url":"https:\/\/www.avanceplasticsurgery.com\/es\/","name":"Avance Plastic Surgery","description":"","potentialAction":[{"@type":"SearchAction","target":{"@type":"EntryPoint","urlTemplate":"https:\/\/www.avanceplasticsurgery.com\/es\/?s={search_term_string}"},"query-input":{"@type":"PropertyValueSpecification","valueRequired":true,"valueName":"search_term_string"}}],"inLanguage":"es"}]}},"_links":{"self":[{"href":"https:\/\/www.avanceplasticsurgery.com\/es\/wp-json\/wp\/v2\/pages\/8914","targetHints":{"allow":["GET"]}}],"collection":[{"href":"https:\/\/www.avanceplasticsurgery.com\/es\/wp-json\/wp\/v2\/pages"}],"about":[{"href":"https:\/\/www.avanceplasticsurgery.com\/es\/wp-json\/wp\/v2\/types\/page"}],"author":[{"embeddable":true,"href":"https:\/\/www.avanceplasticsurgery.com\/es\/wp-json\/wp\/v2\/users\/1"}],"replies":[{"embeddable":true,"href":"https:\/\/www.avanceplasticsurgery.com\/es\/wp-json\/wp\/v2\/comments?post=8914"}],"version-history":[{"count":1,"href":"https:\/\/www.avanceplasticsurgery.com\/es\/wp-json\/wp\/v2\/pages\/8914\/revisions"}],"predecessor-version":[{"id":9229,"href":"https:\/\/www.avanceplasticsurgery.com\/es\/wp-json\/wp\/v2\/pages\/8914\/revisions\/9229"}],"up":[{"embeddable":true,"href":"https:\/\/www.avanceplasticsurgery.com\/es\/wp-json\/wp\/v2\/pages\/8911"}],"wp:attachment":[{"href":"https:\/\/www.avanceplasticsurgery.com\/es\/wp-json\/wp\/v2\/media?parent=8914"}],"curies":[{"name":"wp","href":"https:\/\/api.w.org\/{rel}","templated":true}]}}