{"id":8915,"date":"2020-09-16T05:52:54","date_gmt":"2020-09-16T05:52:54","guid":{"rendered":"https:\/\/www.avanceplasticsurgery.com\/procedimientos-cosmeticos-y-de-cirugia\/procedimientos-cosmeticos-de-cara-y-cuello\/implantes-faciales-personalizados\/"},"modified":"2022-04-25T11:43:41","modified_gmt":"2022-04-25T11:43:41","slug":"implantes-faciales-personalizados","status":"publish","type":"page","link":"https:\/\/www.avanceplasticsurgery.com\/es\/procedimientos-cosmeticos-y-de-cirugia\/procedimientos-cosmeticos-de-cara-y-cuello\/implantes-faciales-personalizados\/","title":{"rendered":"Implantes Faciales Personalizados"},"content":{"rendered":"<h1>Implantes Faciales Personalizados<\/h1>\n<p>Su estructura \u00f3sea facial sienta las bases para su <a title=\"Reno NV Procedimientos de cirug\u00eda pl\u00e1stica cosm\u00e9tica de cara y cuello\" href=\"https:\/\/www.avanceplasticsurgery.com\/es\/cosmetic-and-surgery-procedures\/face-neck-cosmetic-procedures\/\">equilibrio facial individualizado y su apariencia est\u00e9tica<\/a> . Los p\u00f3mulos altos, una barbilla y una mand\u00edbula bien contorneadas son componentes de una cara atractiva. Mientras entrenaba en Harvard, el Dr. Dayan trabaj\u00f3 con expertos mundiales en cirug\u00eda de implantes faciales y fue coautor del libro de texto sobre implantes faciales reconocido internacionalmente titulado: El Atlas de Implantes Faciales. El Dr. Dayan utiliza las \u00faltimas t\u00e9cnicas y tecnolog\u00eda para personalizar su cirug\u00eda de implantes y reflejar sus gustos est\u00e9ticos personales mientras mejora los defectos est\u00e9ticos.<\/p>\n<p>El Dr. Dayan utiliza la \u00faltima tecnolog\u00eda de im\u00e1genes para proporcionar a los pacientes implantes faciales fabricados a medida y de aspecto muy natural que pueden mejorar en gran medida su perfil, equilibrar sus rasgos y proporcionarle m\u00e1s definici\u00f3n en las mejillas, la mand\u00edbula y el ment\u00f3n.<\/p>\n<div class=\"row\">\n<div class=\"col-md-6\"><button class=\"flc-yt lazyload\" data-id=\"IivXWWOne2E\" data-title=\"Implantes Faciales Dr. Erez Dayan Avance Cirug\u00eda Pl\u00e1stica\" data-bg=\"https:\/\/i.ytimg.com\/vi\/IivXWWOne2E\/hqdefault.jpg\" aria-label=\"Play video Implantes Faciales Dr. Erez Dayan Avance Cirug\u00eda Pl\u00e1stica\">  <div class=\"flc-yt__title\">Implantes Faciales Dr. Erez Dayan Avance Cirug\u00eda Pl\u00e1stica<\/div>  <span class=\"flc-yt__play\">    <svg viewBox=\"0 0 68 48\" xmlns=\"http:\/\/www.w3.org\/2000\/svg\" aria-hidden=\"true\"><path d=\"M66.5 7.8A8.5 8.5 0 0 0 60.6 2C55.3.5 34 .5 34 .5S12.7.5 7.4 2A8.5 8.5 0 0 0 1.5 7.8C0 13.1 0 24 0 24s0 10.9 1.5 16.2A8.5 8.5 0 0 0 7.4 46C12.7 47.5 34 47.5 34 47.5s21.3 0 26.6-1.5a8.5 8.5 0 0 0 5.9-5.8C68 34.9 68 24 68 24s0-10.9-1.5-16.2Z\" fill=\"#f00\"\/><path d=\"M27 34l18-10-18-10v20Z\" fill=\"#fff\"\/><\/svg>  <\/span><\/button><\/div>\n<div class=\"col-md-6\"><button class=\"flc-yt lazyload\" data-id=\"Qa9qEhcEn0o\" data-title=\"Contorno de cuello y mand\u00edbula\" data-bg=\"https:\/\/i.ytimg.com\/vi\/Qa9qEhcEn0o\/hqdefault.jpg\" aria-label=\"Play video Contorno de cuello y mand\u00edbula\">  <div class=\"flc-yt__title\">Contorno de cuello y mand\u00edbula<\/div>  <span class=\"flc-yt__play\">    <svg viewBox=\"0 0 68 48\" xmlns=\"http:\/\/www.w3.org\/2000\/svg\" aria-hidden=\"true\"><path d=\"M66.5 7.8A8.5 8.5 0 0 0 60.6 2C55.3.5 34 .5 34 .5S12.7.5 7.4 2A8.5 8.5 0 0 0 1.5 7.8C0 13.1 0 24 0 24s0 10.9 1.5 16.2A8.5 8.5 0 0 0 7.4 46C12.7 47.5 34 47.5 34 47.5s21.3 0 26.6-1.5a8.5 8.5 0 0 0 5.9-5.8C68 34.9 68 24 68 24s0-10.9-1.5-16.2Z\" fill=\"#f00\"\/><path d=\"M27 34l18-10-18-10v20Z\" fill=\"#fff\"\/><\/svg>  <\/span><\/button><\/div>\n<div class=\"col-12\"><button class=\"flc-yt lazyload\" data-id=\"uRt2e_0Ey34\" data-title=\"Estiramiento de cuello no quir\u00fargico Reno\/Tahoe | Implante de Ment\u00f3n, Liposucci\u00f3n de Cuello, Estiramiento de la Piel | Dr. Erez Day\u00e1n\" data-bg=\"https:\/\/i.ytimg.com\/vi\/uRt2e_0Ey34\/hqdefault.jpg\" aria-label=\"Play video Estiramiento de cuello no quir\u00fargico Reno\/Tahoe | Implante de Ment\u00f3n, Liposucci\u00f3n de Cuello, Estiramiento de la Piel | Dr. Erez Day\u00e1n\">  <div class=\"flc-yt__title\">Estiramiento de cuello no quir\u00fargico Reno\/Tahoe | Implante de Ment\u00f3n, Liposucci\u00f3n de Cuello, Estiramiento de la Piel | Dr. Erez Day\u00e1n<\/div>  <span class=\"flc-yt__play\">    <svg viewBox=\"0 0 68 48\" xmlns=\"http:\/\/www.w3.org\/2000\/svg\" aria-hidden=\"true\"><path d=\"M66.5 7.8A8.5 8.5 0 0 0 60.6 2C55.3.5 34 .5 34 .5S12.7.5 7.4 2A8.5 8.5 0 0 0 1.5 7.8C0 13.1 0 24 0 24s0 10.9 1.5 16.2A8.5 8.5 0 0 0 7.4 46C12.7 47.5 34 47.5 34 47.5s21.3 0 26.6-1.5a8.5 8.5 0 0 0 5.9-5.8C68 34.9 68 24 68 24s0-10.9-1.5-16.2Z\" fill=\"#f00\"\/><path d=\"M27 34l18-10-18-10v20Z\" fill=\"#fff\"\/><\/svg>  <\/span><\/button><\/div>\n<\/div>\n<dl id=\"faq-1\" class=\"flc-faq\"><dt>\u00bfQu\u00e9 implica la cirug\u00eda con implantes faciales personalizados?<\/dt><dd><p>Durante su consulta, el Dr. Dayan escuchar\u00e1 sus \u00e1reas de preocupaci\u00f3n y realizar\u00e1 un an\u00e1lisis facial completo para mostrarle las \u00e1reas que se pueden mejorar. Una estructura facial atractiva consiste en p\u00f3mulos prominentes, una mand\u00edbula definida y un ment\u00f3n bien equilibrado con el resto de los rasgos faciales. Si no ha estado satisfecho con la apariencia de estas \u00e1reas faciales y descubre que su rostro carece de definici\u00f3n est\u00e9tica, los implantes pueden ser una excelente soluci\u00f3n para revitalizar su apariencia.<\/p>\r\n\r\n<p>Los implantes faciales logran un objetivo est\u00e9tico diferente al de los rellenos de tejidos blandos. A menudo, cuando los pacientes intentan lograr una apariencia facial m\u00e1s contorneada, intentan rellenos de tejidos blandos. Si bien los rellenos de tejidos blandos cumplen una funci\u00f3n en casos seleccionados, tienen una capacidad limitada para lograr un equilibrio significativo de las estructuras faciales. El Dr. Dayan ofrece implantes faciales personalizados en todo tipo de formas y tama\u00f1os, por lo que sus resultados se ver\u00e1n perfectamente naturales y bien adaptados a sus objetivos anat\u00f3micos y est\u00e9ticos.<\/p><\/dd><dt>\u00bfQu\u00e9 tipo de implantes faciales ofrece el Dr. Dayan?<\/dt><dd><p>Las opciones de implantes faciales del Dr. Dayan en Avance Plastic Surgery Institute en Reno\/Tahoe incluyen:<\/p>\r\n<ul>\r\n<li><strong>BARBILLA<\/strong><br>\r\nLa proyecci\u00f3n y el ancho de la barbilla pueden afectar significativamente el equilibrio facial general tanto en la vista frontal como de perfil. Dependiendo de sus necesidades individuales, el Dr. Dayan ofrece aumento de ment\u00f3n utilizando implantes de silicona y polietileno poroso MEDPOR. Cada implante se ajusta a la medida y se contornea para cumplir con sus objetivos est\u00e9ticos. Un implante de ment\u00f3n a menudo funciona para contrarrestar los rasgos faciales circundantes, mejorando el perfil y resolviendo el problema de un ment\u00f3n d\u00e9bil o subdesarrollado.<\/li>\r\n<li><strong>MAND\u00cdBULA<\/strong><br>\r\nTanto para hombres como para mujeres, una mand\u00edbula contorneada se considera atractiva. Los implantes de mand\u00edbula crean una apariencia facial inferior m\u00e1s completa, m\u00e1s fuerte y m\u00e1s atractiva y pueden ayudar a agregar equilibrio y definici\u00f3n.<\/li>\r\n<li><strong>LAS MEJILLAS<\/strong><br>\r\nLos p\u00f3mulos altos y el hueco debajo de la mejilla son caracter\u00edsticas muy atractivas que buscan tanto los pacientes masculinos como femeninos. El Dr. Dayan aumenta cuidadosamente los p\u00f3mulos a trav\u00e9s de peque\u00f1as incisiones en la boca para mejorar el contorno y el equilibrio facial. Los implantes de p\u00f3mulos pueden cumplir varias funciones, incluida la mejora de la definici\u00f3n del tercio medio facial y la compensaci\u00f3n de la p\u00e9rdida de volumen facial.<\/li>  \r\n<li><strong>COSTUMBRE<\/strong><\/br>\r\nSe crean implantes personalizados para optimizar y equilibrar la base facial. Esta t\u00e9cnica se basa en sofisticadas im\u00e1genes de tomograf\u00eda computarizada y fabricaci\u00f3n para cumplir con precisi\u00f3n los objetivos est\u00e9ticos del paciente y mejorar el equilibrio y el contorno facial. Al igual que con otras \u00e1reas de nuestro rostro y cuerpo, existen asimetr\u00edas inherentes. El uso de implantes faciales personalizados permite una precisi\u00f3n submilim\u00e9trica para equilibrar la est\u00e9tica y la simetr\u00eda facial.<\/li>\r\n<\/ul><\/dd><dt>\u00bfCu\u00e1les son los beneficios de los implantes faciales?<\/dt><dd><p>Los implantes faciales tienen beneficios \u00fanicos para cada paciente, pero entre los m\u00e1s populares se encuentran los siguientes:<\/p>\r\n<ul>\r\n<li>Equilibra las proporciones faciales y la simetr\u00eda.<\/li>\r\n<li>Mejorar el perfil y las vistas faciales frontales.<\/li>\r\n<li>Tratar defectos cong\u00e9nitos u ortogn\u00e1ticos<\/li>\r\n<li>Corregir asimetr\u00eda facial<\/li>\r\n<li>Restaurar el volumen facial perdido<\/li>\r\n<li>Resultado de aspecto natural<\/li>\r\n<li>Resultados duraderos<\/li>\r\n<li>Mejora en la confianza en uno mismo<\/li>\r\n<\/ul><\/dd><dt>\u00bfQu\u00e9 determina la candidatura para los implantes faciales?<\/dt><dd>Quienes busquen un mejor equilibrio del ment\u00f3n, una l\u00ednea de la mand\u00edbula contorneada o m\u00e1s definici\u00f3n en las mejillas se beneficiar\u00e1n enormemente de los implantes faciales personalizados. Los implantes faciales tambi\u00e9n pueden ayudar si tiene problemas con la p\u00e9rdida de volumen facial debido al proceso de envejecimiento. El Dr. Dayan determinar\u00e1 si usted es un buen candidato durante su consulta privada de Reno en el Avance Plastic Surgery Institute. Al igual que con cualquier cirug\u00eda, los clientes deben ser no fumadores, mental y f\u00edsicamente sanos, sin afecciones m\u00e9dicas importantes. Adem\u00e1s, deben ser realistas en lo que esperan lograr con su cirug\u00eda.<\/dd><dt>\u00bfQu\u00e9 puedo esperar de mi recuperaci\u00f3n?<\/dt><dd>El Dr. Dayan le proporcionar\u00e1 un plan detallado de cuidados posteriores adaptado a su procedimiento. Por lo general, los pacientes experimentan algo de hinchaz\u00f3n o hematomas despu\u00e9s del procedimiento que se resuelve despu\u00e9s de 1 a 2 semanas. El Dr. Dayan se asegurar\u00e1 de que su recuperaci\u00f3n progrese sin problemas con citas de seguimiento de rutina en su consultorio de Reno\/Tahoe.<\/dd><dt>\u00bfCu\u00e1nto cuestan los implantes faciales?<\/dt><dd>El costo de los implantes faciales variar\u00e1, ya que cada uno se selecciona de acuerdo con sus preferencias est\u00e9ticas individuales y sus necesidades anat\u00f3micas. El Dr. Dayan realizar\u00e1 una evaluaci\u00f3n f\u00edsica detallada y una revisi\u00f3n de su historial m\u00e9dico una vez que se re\u00fana con usted para una consulta privada en Reno\/Tahoe. Nuestra oficina puede ayudarlo a solicitar opciones de financiamiento que respalden su viaje cosm\u00e9tico y reconstructivo.<\/dd><dt>\u00bfPor qu\u00e9 elegir al Dr. Dayan en Reno\/Tahoe para implantes faciales personalizados?<\/dt><dd><p>Como cirujano pl\u00e1stico y reconstructivo capacitado en Harvard, el Dr. Dayan tiene un historial impresionante de resultados sorprendentes pero naturales para sus pacientes con implantes faciales. El Dr. Dayan ha trabajado en estrecha colaboraci\u00f3n con autoridades reconocidas internacionalmente en reconstrucci\u00f3n microvascular, trasplante de rostro y cirug\u00eda est\u00e9tica.<\/p>\r\n\r\n<p>El Dr. Dayan es coautor del Atlas de implantes faciales con el l\u00edder mundial y director del programa de Harvard, el Dr. Michael J. Yaremchuk. Despu\u00e9s de su formaci\u00f3n en Harvard, el Dr. Dayan fue elegido como uno de los dos becarios de \u00e9lite en el Instituto de Cirug\u00eda Pl\u00e1stica de Dallas, una de las instalaciones est\u00e9ticas m\u00e1s prestigiosas del mundo. Es autor de cinco libros sobre temas de cirug\u00eda pl\u00e1stica y con frecuencia es llamado a dar conferencias en Europa, Medio Oriente, Am\u00e9rica del Sur y Asia, as\u00ed como en todo Estados Unidos. Es un l\u00edder de opini\u00f3n e investigador clave para empresas de cirug\u00eda pl\u00e1stica como Galderma, Allergan, MTF Biologics e InMode.<\/p><\/dd><\/dl>\n<p>Para obtener m\u00e1s informaci\u00f3n acerca de los implantes faciales personalizados del Dr. Dayan, <a title=\"P\u00f3ngase en contacto con el Instituto de Cirug\u00eda Pl\u00e1stica Avance en Reno NV\" href=\"https:\/\/www.avanceplasticsurgery.com\/es\/contact-us-dr-erez-dayan\/\">comun\u00edquese con nuestra oficina<\/a> y programe una consulta en el Avance Plastic Surgery Institute en Reno\/Tahoe, NV.<\/p>\n<h3>Programa de mantenimiento<\/h3>\n<p>El <a href=\"https:\/\/www.avanceplasticsurgery.com\/es\/about-avance-plastic-surgery-institute\/plastic-surgery-maintenance\/\">programa de mantenimiento<\/a> en Avance Plastic Surgery Institute est\u00e1 dise\u00f1ado para ofrecer a los pacientes una forma conveniente de continuar viendo los beneficios de nuestros tratamientos durante el mayor tiempo posible.<\/p>\n<p>Para mantener los resultados de los procedimientos cosm\u00e9ticos de cara y cuello, recomendamos tratamientos no invasivos y m\u00ednimamente invasivos con los siguientes dispositivos:<\/p>\n<ul>\n<li>Forma (en modo)<\/li>\n<li>Morfeo 8 (en modo)<\/li>\n<li>Evocar (en modo)<\/li>\n<\/ul>\n","protected":false},"excerpt":{"rendered":"<p>Implantes Faciales Personalizados Su estructura \u00f3sea facial sienta las bases para su equilibrio facial individualizado y su apariencia est\u00e9tica&hellip;<\/p>\n","protected":false},"author":1,"featured_media":0,"parent":8911,"menu_order":0,"comment_status":"closed","ping_status":"closed","template":"","meta":{"_acf_changed":false,"footnotes":""},"class_list":["post-8915","page","type-page","status-publish"],"acf":[],"yoast_head":"<!-- This site is optimized with the Yoast SEO plugin v25.6 - https:\/\/yoast.com\/wordpress\/plugins\/seo\/ -->\n<title>Reno NV Implantes faciales personalizados | Cirujano pl\u00e1stico cosm\u00e9tico de Lake Tahoe<\/title>\n<meta name=\"description\" content=\"Los implantes faciales personalizados para el ment\u00f3n, las mejillas o la mand\u00edbula pueden mejorar significativamente la apariencia de su rostro. Llame al Instituto de Cirug\u00eda Pl\u00e1stica Avance en Reno, NV, para una consulta con el cirujano pl\u00e1stico de renombre mundial Dr. Erez Dayan.\" \/>\n<meta name=\"robots\" content=\"index, follow, max-snippet:-1, max-image-preview:large, max-video-preview:-1\" \/>\n<link rel=\"canonical\" href=\"https:\/\/www.avanceplasticsurgery.com\/es\/procedimientos-cosmeticos-y-de-cirugia\/procedimientos-cosmeticos-de-cara-y-cuello\/implantes-faciales-personalizados\/\" \/>\n<meta property=\"og:locale\" content=\"es_ES\" \/>\n<meta property=\"og:type\" content=\"article\" \/>\n<meta property=\"og:title\" content=\"Reno NV Implantes faciales personalizados | Cirujano pl\u00e1stico cosm\u00e9tico de Lake Tahoe\" \/>\n<meta property=\"og:description\" content=\"Los implantes faciales personalizados para el ment\u00f3n, las mejillas o la mand\u00edbula pueden mejorar significativamente la apariencia de su rostro. Llame al Instituto de Cirug\u00eda Pl\u00e1stica Avance en Reno, NV, para una consulta con el cirujano pl\u00e1stico de renombre mundial Dr. Erez Dayan.\" \/>\n<meta property=\"og:url\" content=\"https:\/\/www.avanceplasticsurgery.com\/es\/procedimientos-cosmeticos-y-de-cirugia\/procedimientos-cosmeticos-de-cara-y-cuello\/implantes-faciales-personalizados\/\" \/>\n<meta property=\"og:site_name\" content=\"Avance Plastic Surgery\" \/>\n<meta property=\"article:modified_time\" content=\"2022-04-25T11:43:41+00:00\" \/>\n<meta name=\"twitter:card\" content=\"summary_large_image\" \/>\n<meta name=\"twitter:label1\" content=\"Tiempo de lectura\" \/>\n\t<meta name=\"twitter:data1\" content=\"2 minutos\" \/>\n<!-- \/ Yoast SEO plugin. -->","yoast_head_json":{"title":"Reno NV Implantes faciales personalizados | Cirujano pl\u00e1stico cosm\u00e9tico de Lake Tahoe","description":"Los implantes faciales personalizados para el ment\u00f3n, las mejillas o la mand\u00edbula pueden mejorar significativamente la apariencia de su rostro. Llame al Instituto de Cirug\u00eda Pl\u00e1stica Avance en Reno, NV, para una consulta con el cirujano pl\u00e1stico de renombre mundial Dr. Erez Dayan.","robots":{"index":"index","follow":"follow","max-snippet":"max-snippet:-1","max-image-preview":"max-image-preview:large","max-video-preview":"max-video-preview:-1"},"canonical":"https:\/\/www.avanceplasticsurgery.com\/es\/procedimientos-cosmeticos-y-de-cirugia\/procedimientos-cosmeticos-de-cara-y-cuello\/implantes-faciales-personalizados\/","og_locale":"es_ES","og_type":"article","og_title":"Reno NV Implantes faciales personalizados | Cirujano pl\u00e1stico cosm\u00e9tico de Lake Tahoe","og_description":"Los implantes faciales personalizados para el ment\u00f3n, las mejillas o la mand\u00edbula pueden mejorar significativamente la apariencia de su rostro. Llame al Instituto de Cirug\u00eda Pl\u00e1stica Avance en Reno, NV, para una consulta con el cirujano pl\u00e1stico de renombre mundial Dr. Erez Dayan.","og_url":"https:\/\/www.avanceplasticsurgery.com\/es\/procedimientos-cosmeticos-y-de-cirugia\/procedimientos-cosmeticos-de-cara-y-cuello\/implantes-faciales-personalizados\/","og_site_name":"Avance Plastic Surgery","article_modified_time":"2022-04-25T11:43:41+00:00","twitter_card":"summary_large_image","twitter_misc":{"Tiempo de lectura":"2 minutos"},"schema":{"@context":"https:\/\/schema.org","@graph":[{"@type":"WebPage","@id":"https:\/\/www.avanceplasticsurgery.com\/es\/procedimientos-cosmeticos-y-de-cirugia\/procedimientos-cosmeticos-de-cara-y-cuello\/implantes-faciales-personalizados\/","url":"https:\/\/www.avanceplasticsurgery.com\/es\/procedimientos-cosmeticos-y-de-cirugia\/procedimientos-cosmeticos-de-cara-y-cuello\/implantes-faciales-personalizados\/","name":"Reno NV Implantes faciales personalizados | Cirujano pl\u00e1stico cosm\u00e9tico de Lake Tahoe","isPartOf":{"@id":"https:\/\/www.avanceplasticsurgery.com\/es\/#website"},"datePublished":"2020-09-16T05:52:54+00:00","dateModified":"2022-04-25T11:43:41+00:00","description":"Los implantes faciales personalizados para el ment\u00f3n, las mejillas o la mand\u00edbula pueden mejorar significativamente la apariencia de su rostro. Llame al Instituto de Cirug\u00eda Pl\u00e1stica Avance en Reno, NV, para una consulta con el cirujano pl\u00e1stico de renombre mundial Dr. Erez Dayan.","breadcrumb":{"@id":"https:\/\/www.avanceplasticsurgery.com\/es\/procedimientos-cosmeticos-y-de-cirugia\/procedimientos-cosmeticos-de-cara-y-cuello\/implantes-faciales-personalizados\/#breadcrumb"},"inLanguage":"es","potentialAction":[{"@type":"ReadAction","target":["https:\/\/www.avanceplasticsurgery.com\/es\/procedimientos-cosmeticos-y-de-cirugia\/procedimientos-cosmeticos-de-cara-y-cuello\/implantes-faciales-personalizados\/"]}]},{"@type":"BreadcrumbList","@id":"https:\/\/www.avanceplasticsurgery.com\/es\/procedimientos-cosmeticos-y-de-cirugia\/procedimientos-cosmeticos-de-cara-y-cuello\/implantes-faciales-personalizados\/#breadcrumb","itemListElement":[{"@type":"ListItem","position":1,"name":"Home","item":"https:\/\/www.avanceplasticsurgery.com\/es\/"},{"@type":"ListItem","position":2,"name":"Cosm\u00e9tica","item":"https:\/\/www.avanceplasticsurgery.com\/es\/procedimientos-cosmeticos-y-de-cirugia\/"},{"@type":"ListItem","position":3,"name":"Procedimientos Cosm\u00e9ticos de Cara y Cuello","item":"https:\/\/www.avanceplasticsurgery.com\/es\/procedimientos-cosmeticos-y-de-cirugia\/procedimientos-cosmeticos-de-cara-y-cuello\/"},{"@type":"ListItem","position":4,"name":"Implantes Faciales Personalizados"}]},{"@type":"WebSite","@id":"https:\/\/www.avanceplasticsurgery.com\/es\/#website","url":"https:\/\/www.avanceplasticsurgery.com\/es\/","name":"Avance Plastic Surgery","description":"","potentialAction":[{"@type":"SearchAction","target":{"@type":"EntryPoint","urlTemplate":"https:\/\/www.avanceplasticsurgery.com\/es\/?s={search_term_string}"},"query-input":{"@type":"PropertyValueSpecification","valueRequired":true,"valueName":"search_term_string"}}],"inLanguage":"es"}]}},"_links":{"self":[{"href":"https:\/\/www.avanceplasticsurgery.com\/es\/wp-json\/wp\/v2\/pages\/8915","targetHints":{"allow":["GET"]}}],"collection":[{"href":"https:\/\/www.avanceplasticsurgery.com\/es\/wp-json\/wp\/v2\/pages"}],"about":[{"href":"https:\/\/www.avanceplasticsurgery.com\/es\/wp-json\/wp\/v2\/types\/page"}],"author":[{"embeddable":true,"href":"https:\/\/www.avanceplasticsurgery.com\/es\/wp-json\/wp\/v2\/users\/1"}],"replies":[{"embeddable":true,"href":"https:\/\/www.avanceplasticsurgery.com\/es\/wp-json\/wp\/v2\/comments?post=8915"}],"version-history":[{"count":1,"href":"https:\/\/www.avanceplasticsurgery.com\/es\/wp-json\/wp\/v2\/pages\/8915\/revisions"}],"predecessor-version":[{"id":9230,"href":"https:\/\/www.avanceplasticsurgery.com\/es\/wp-json\/wp\/v2\/pages\/8915\/revisions\/9230"}],"up":[{"embeddable":true,"href":"https:\/\/www.avanceplasticsurgery.com\/es\/wp-json\/wp\/v2\/pages\/8911"}],"wp:attachment":[{"href":"https:\/\/www.avanceplasticsurgery.com\/es\/wp-json\/wp\/v2\/media?parent=8915"}],"curies":[{"name":"wp","href":"https:\/\/api.w.org\/{rel}","templated":true}]}}