{"id":8917,"date":"2020-09-16T06:50:22","date_gmt":"2020-09-16T06:50:22","guid":{"rendered":"https:\/\/www.avanceplasticsurgery.com\/procedimientos-cosmeticos-y-de-cirugia\/procedimientos-cosmeticos-de-cara-y-cuello\/lipoescultura-facial\/"},"modified":"2022-04-25T11:45:14","modified_gmt":"2022-04-25T11:45:14","slug":"lipoescultura-facial","status":"publish","type":"page","link":"https:\/\/www.avanceplasticsurgery.com\/es\/procedimientos-cosmeticos-y-de-cirugia\/procedimientos-cosmeticos-de-cara-y-cuello\/lipoescultura-facial\/","title":{"rendered":"Lipoescultura Facial"},"content":{"rendered":"<h1>Lipoescultura Facial<\/h1>\n<p>Muchos pacientes no est\u00e1n contentos con su apariencia facial y desean hacer cambios. Sin embargo, no todos desean cambios importantes que requieran <a title=\"Reno NV Procedimientos de cirug\u00eda pl\u00e1stica cosm\u00e9tica de cara y cuello\" href=\"https:\/\/www.avanceplasticsurgery.com\/es\/cosmetic-and-surgery-procedures\/face-neck-cosmetic-procedures\/\">procedimientos de cirug\u00eda facial<\/a> . Algunos pueden beneficiarse de una simple lipoescultura facial, una forma de liposucci\u00f3n para remodelar el rostro. Este servicio delicado e intrincado es ofrecido por el Dr. Erez Dayan en el Instituto de Cirug\u00eda Pl\u00e1stica Avance en Reno\/Tahoe, NV.<\/p>\n<div class=\"row\">\n<div class=\"col-md-6\"><button class=\"flc-yt lazyload\" data-id=\"Qa9qEhcEn0o\" data-title=\"Contorno de cuello y mand\u00edbula\" data-bg=\"https:\/\/i.ytimg.com\/vi\/Qa9qEhcEn0o\/hqdefault.jpg\" aria-label=\"Play video Contorno de cuello y mand\u00edbula\">  <div class=\"flc-yt__title\">Contorno de cuello y mand\u00edbula<\/div>  <span class=\"flc-yt__play\">    <svg viewBox=\"0 0 68 48\" xmlns=\"http:\/\/www.w3.org\/2000\/svg\" aria-hidden=\"true\"><path d=\"M66.5 7.8A8.5 8.5 0 0 0 60.6 2C55.3.5 34 .5 34 .5S12.7.5 7.4 2A8.5 8.5 0 0 0 1.5 7.8C0 13.1 0 24 0 24s0 10.9 1.5 16.2A8.5 8.5 0 0 0 7.4 46C12.7 47.5 34 47.5 34 47.5s21.3 0 26.6-1.5a8.5 8.5 0 0 0 5.9-5.8C68 34.9 68 24 68 24s0-10.9-1.5-16.2Z\" fill=\"#f00\"\/><path d=\"M27 34l18-10-18-10v20Z\" fill=\"#fff\"\/><\/svg>  <\/span><\/button><\/div>\n<div class=\"col-md-6\"><button class=\"flc-yt lazyload\" data-id=\"uRt2e_0Ey34\" data-title=\"Estiramiento de cuello no quir\u00fargico Reno\/Tahoe | Implante de Ment\u00f3n, Liposucci\u00f3n de Cuello, Estiramiento de la Piel | Dr. Erez Day\u00e1n\" data-bg=\"https:\/\/i.ytimg.com\/vi\/uRt2e_0Ey34\/hqdefault.jpg\" aria-label=\"Play video Estiramiento de cuello no quir\u00fargico Reno\/Tahoe | Implante de Ment\u00f3n, Liposucci\u00f3n de Cuello, Estiramiento de la Piel | Dr. Erez Day\u00e1n\">  <div class=\"flc-yt__title\">Estiramiento de cuello no quir\u00fargico Reno\/Tahoe | Implante de Ment\u00f3n, Liposucci\u00f3n de Cuello, Estiramiento de la Piel | Dr. Erez Day\u00e1n<\/div>  <span class=\"flc-yt__play\">    <svg viewBox=\"0 0 68 48\" xmlns=\"http:\/\/www.w3.org\/2000\/svg\" aria-hidden=\"true\"><path d=\"M66.5 7.8A8.5 8.5 0 0 0 60.6 2C55.3.5 34 .5 34 .5S12.7.5 7.4 2A8.5 8.5 0 0 0 1.5 7.8C0 13.1 0 24 0 24s0 10.9 1.5 16.2A8.5 8.5 0 0 0 7.4 46C12.7 47.5 34 47.5 34 47.5s21.3 0 26.6-1.5a8.5 8.5 0 0 0 5.9-5.8C68 34.9 68 24 68 24s0-10.9-1.5-16.2Z\" fill=\"#f00\"\/><path d=\"M27 34l18-10-18-10v20Z\" fill=\"#fff\"\/><\/svg>  <\/span><\/button><\/div>\n<\/div>\n<p>La lipoescultura facial consiste en la eliminaci\u00f3n y transferencia de algunas \u00e1reas de tejido graso facial a otras partes de la cara para un cambio de apariencia est\u00e9tica. Las mejillas excesivamente gordas se pueden reducir y la grasa se puede usar para realzar los huecos debajo de los ojos. La grasa ca\u00edda debajo del ment\u00f3n se puede eliminar y trasplantar para crear mand\u00edbulas m\u00e1s completas. B\u00e1sicamente, cualquier \u00e1rea grasa puede remodelarse y las \u00e1reas delgadas pueden recibir volumen adicional para lograr el aspecto que deseas.<\/p>\n<p>El Dr. Dayan utiliza rutinariamente la liposucci\u00f3n y la transferencia de grasa en muchos procedimientos cosm\u00e9ticos para garantizar los resultados m\u00e1s suaves y de aspecto m\u00e1s natural. Esto es especialmente cierto en el rostro, donde los m\u00e1s m\u00ednimos contornos y remodelaciones pueden marcar una gran diferencia. Durante su consulta con el Dr. Dayan en Reno\/Tahoe, discutir\u00e1 las opciones con usted y le demostrar\u00e1 c\u00f3mo las diferentes t\u00e9cnicas de remodelaci\u00f3n con lipoescultura facial pueden generar numerosos cambios en su apariencia.<\/p>\n<h2>Liposucci\u00f3n facial en Reno\/Tahoe cerca de Lake Tahoe, NV<\/h2>\n<p>Su liposucci\u00f3n facial en Reno\/Tahoe con el Dr. Dayan siempre se personaliza para lograr sus objetivos y deseos. El Dr. Dayan recomendar\u00e1 los cambios que crear\u00e1n el aspecto que desea y planificar\u00e1 su protocolo de tratamiento con usted. Dependiendo de la extensi\u00f3n de la liposucci\u00f3n facial que necesite o desee, es posible que necesite varias sesiones con tiempo para la curaci\u00f3n en el medio. La lipoescultura facial se realiza de forma ambulatoria, y regresar\u00e1s a casa el mismo d\u00eda.<\/p>\n<p>El Dr. Dayan es un experto en ocultar las incisiones de su trabajo facial cosm\u00e9tico y reconstructivo para que nadie necesite saber que se ha sometido a alg\u00fan tipo de procedimiento de recontorneado facial. Para obtener m\u00e1s informaci\u00f3n acerca de la lipoescultura facial con el Dr. Dayan, incluidos plazos, costos, opciones de financiamiento y tiempos de recuperaci\u00f3n espec\u00edficos, <a title=\"P\u00f3ngase en contacto con el Instituto de Cirug\u00eda Pl\u00e1stica Avance en Reno NV\" href=\"https:\/\/www.avanceplasticsurgery.com\/es\/contact-us-dr-erez-dayan\/\">comun\u00edquese con el Instituto de Cirug\u00eda Pl\u00e1stica Avance<\/a> en Reno\/Tahoe para programar su consulta.<\/p>\n<p>El Dr. Erez Dayan ha realizado una extensa investigaci\u00f3n sobre est\u00e9tica facial y resultados cosm\u00e9ticos excepcionales. Lea m\u00e1s sobre la investigaci\u00f3n de est\u00e9tica facial del Dr. Dayan <a href=\"https:\/\/www.avanceplasticsurgery.com\/es\/about-avance-plastic-surgery-institute\/research\/#facial-aesthetics\">aqu\u00ed<\/a> .<\/p>\n<h3>Programa de mantenimiento<\/h3>\n<p>El <a href=\"https:\/\/www.avanceplasticsurgery.com\/es\/about-avance-plastic-surgery-institute\/plastic-surgery-maintenance\/\">programa de mantenimiento<\/a> en Avance Plastic Surgery Institute est\u00e1 dise\u00f1ado para ofrecer a los pacientes una forma conveniente de continuar viendo los beneficios de nuestros tratamientos durante el mayor tiempo posible.<\/p>\n<p>Para mantener los resultados de los procedimientos cosm\u00e9ticos de cara y cuello, recomendamos tratamientos no invasivos y m\u00ednimamente invasivos con los siguientes dispositivos:<\/p>\n<ul>\n<li>Forma (en modo)<\/li>\n<li>Morfeo 8 (en modo)<\/li>\n<li>Evocar (en modo)<\/li>\n<\/ul>\n","protected":false},"excerpt":{"rendered":"<p>Lipoescultura Facial Muchos pacientes no est\u00e1n contentos con su apariencia facial y desean hacer cambios. Sin embargo, no todos&hellip;<\/p>\n","protected":false},"author":1,"featured_media":0,"parent":8911,"menu_order":0,"comment_status":"closed","ping_status":"closed","template":"","meta":{"_acf_changed":false,"footnotes":""},"class_list":["post-8917","page","type-page","status-publish"],"acf":[],"yoast_head":"<!-- This site is optimized with the Yoast SEO plugin v27.4 - https:\/\/yoast.com\/product\/yoast-seo-wordpress\/ -->\n<title>Lipoescultura facial Reno NV | Liposucci\u00f3n facial del lago Tahoe<\/title>\n<meta name=\"description\" content=\"La lipoescultura facial le permite obtener cambios sutiles en su apariencia facial mediante la eliminaci\u00f3n y transferencia de grasa facial a trav\u00e9s de procedimientos de liposucci\u00f3n y transferencia de grasa. El Dr. Erez Dayan en Reno es un experto de renombre mundial en cirug\u00eda pl\u00e1stica cosm\u00e9tica. Programe su consulta con \u00e9l hoy.\" \/>\n<meta name=\"robots\" content=\"index, follow, max-snippet:-1, max-image-preview:large, max-video-preview:-1\" \/>\n<link rel=\"canonical\" href=\"https:\/\/www.avanceplasticsurgery.com\/es\/procedimientos-cosmeticos-y-de-cirugia\/procedimientos-cosmeticos-de-cara-y-cuello\/lipoescultura-facial\/\" \/>\n<meta property=\"og:locale\" content=\"es_ES\" \/>\n<meta property=\"og:type\" content=\"article\" \/>\n<meta property=\"og:title\" content=\"Lipoescultura facial Reno NV | Liposucci\u00f3n facial del lago Tahoe\" \/>\n<meta property=\"og:description\" content=\"La lipoescultura facial le permite obtener cambios sutiles en su apariencia facial mediante la eliminaci\u00f3n y transferencia de grasa facial a trav\u00e9s de procedimientos de liposucci\u00f3n y transferencia de grasa. El Dr. Erez Dayan en Reno es un experto de renombre mundial en cirug\u00eda pl\u00e1stica cosm\u00e9tica. Programe su consulta con \u00e9l hoy.\" \/>\n<meta property=\"og:url\" content=\"https:\/\/www.avanceplasticsurgery.com\/es\/procedimientos-cosmeticos-y-de-cirugia\/procedimientos-cosmeticos-de-cara-y-cuello\/lipoescultura-facial\/\" \/>\n<meta property=\"og:site_name\" content=\"Avance Plastic Surgery\" \/>\n<meta property=\"article:modified_time\" content=\"2022-04-25T11:45:14+00:00\" \/>\n<meta name=\"twitter:card\" content=\"summary_large_image\" \/>\n<meta name=\"twitter:label1\" content=\"Tiempo de lectura\" \/>\n\t<meta name=\"twitter:data1\" content=\"3 minutos\" \/>\n<!-- \/ Yoast SEO plugin. -->","yoast_head_json":{"title":"Lipoescultura facial Reno NV | Liposucci\u00f3n facial del lago Tahoe","description":"La lipoescultura facial le permite obtener cambios sutiles en su apariencia facial mediante la eliminaci\u00f3n y transferencia de grasa facial a trav\u00e9s de procedimientos de liposucci\u00f3n y transferencia de grasa. El Dr. Erez Dayan en Reno es un experto de renombre mundial en cirug\u00eda pl\u00e1stica cosm\u00e9tica. Programe su consulta con \u00e9l hoy.","robots":{"index":"index","follow":"follow","max-snippet":"max-snippet:-1","max-image-preview":"max-image-preview:large","max-video-preview":"max-video-preview:-1"},"canonical":"https:\/\/www.avanceplasticsurgery.com\/es\/procedimientos-cosmeticos-y-de-cirugia\/procedimientos-cosmeticos-de-cara-y-cuello\/lipoescultura-facial\/","og_locale":"es_ES","og_type":"article","og_title":"Lipoescultura facial Reno NV | Liposucci\u00f3n facial del lago Tahoe","og_description":"La lipoescultura facial le permite obtener cambios sutiles en su apariencia facial mediante la eliminaci\u00f3n y transferencia de grasa facial a trav\u00e9s de procedimientos de liposucci\u00f3n y transferencia de grasa. El Dr. Erez Dayan en Reno es un experto de renombre mundial en cirug\u00eda pl\u00e1stica cosm\u00e9tica. Programe su consulta con \u00e9l hoy.","og_url":"https:\/\/www.avanceplasticsurgery.com\/es\/procedimientos-cosmeticos-y-de-cirugia\/procedimientos-cosmeticos-de-cara-y-cuello\/lipoescultura-facial\/","og_site_name":"Avance Plastic Surgery","article_modified_time":"2022-04-25T11:45:14+00:00","twitter_card":"summary_large_image","twitter_misc":{"Tiempo de lectura":"3 minutos"},"schema":{"@context":"https:\/\/schema.org","@graph":[{"@type":"WebPage","@id":"https:\/\/www.avanceplasticsurgery.com\/es\/procedimientos-cosmeticos-y-de-cirugia\/procedimientos-cosmeticos-de-cara-y-cuello\/lipoescultura-facial\/","url":"https:\/\/www.avanceplasticsurgery.com\/es\/procedimientos-cosmeticos-y-de-cirugia\/procedimientos-cosmeticos-de-cara-y-cuello\/lipoescultura-facial\/","name":"Lipoescultura facial Reno NV | Liposucci\u00f3n facial del lago Tahoe","isPartOf":{"@id":"https:\/\/www.avanceplasticsurgery.com\/es\/#website"},"datePublished":"2020-09-16T06:50:22+00:00","dateModified":"2022-04-25T11:45:14+00:00","description":"La lipoescultura facial le permite obtener cambios sutiles en su apariencia facial mediante la eliminaci\u00f3n y transferencia de grasa facial a trav\u00e9s de procedimientos de liposucci\u00f3n y transferencia de grasa. El Dr. Erez Dayan en Reno es un experto de renombre mundial en cirug\u00eda pl\u00e1stica cosm\u00e9tica. Programe su consulta con \u00e9l hoy.","breadcrumb":{"@id":"https:\/\/www.avanceplasticsurgery.com\/es\/procedimientos-cosmeticos-y-de-cirugia\/procedimientos-cosmeticos-de-cara-y-cuello\/lipoescultura-facial\/#breadcrumb"},"inLanguage":"es","potentialAction":[{"@type":"ReadAction","target":["https:\/\/www.avanceplasticsurgery.com\/es\/procedimientos-cosmeticos-y-de-cirugia\/procedimientos-cosmeticos-de-cara-y-cuello\/lipoescultura-facial\/"]}]},{"@type":"BreadcrumbList","@id":"https:\/\/www.avanceplasticsurgery.com\/es\/procedimientos-cosmeticos-y-de-cirugia\/procedimientos-cosmeticos-de-cara-y-cuello\/lipoescultura-facial\/#breadcrumb","itemListElement":[{"@type":"ListItem","position":1,"name":"Home","item":"https:\/\/www.avanceplasticsurgery.com\/es\/"},{"@type":"ListItem","position":2,"name":"Cosm\u00e9tica","item":"https:\/\/www.avanceplasticsurgery.com\/es\/procedimientos-cosmeticos-y-de-cirugia\/"},{"@type":"ListItem","position":3,"name":"Procedimientos Cosm\u00e9ticos de Cara y Cuello","item":"https:\/\/www.avanceplasticsurgery.com\/es\/procedimientos-cosmeticos-y-de-cirugia\/procedimientos-cosmeticos-de-cara-y-cuello\/"},{"@type":"ListItem","position":4,"name":"Lipoescultura Facial"}]},{"@type":"WebSite","@id":"https:\/\/www.avanceplasticsurgery.com\/es\/#website","url":"https:\/\/www.avanceplasticsurgery.com\/es\/","name":"Avance Plastic Surgery","description":"","potentialAction":[{"@type":"SearchAction","target":{"@type":"EntryPoint","urlTemplate":"https:\/\/www.avanceplasticsurgery.com\/es\/?s={search_term_string}"},"query-input":{"@type":"PropertyValueSpecification","valueRequired":true,"valueName":"search_term_string"}}],"inLanguage":"es"}]}},"_links":{"self":[{"href":"https:\/\/www.avanceplasticsurgery.com\/es\/wp-json\/wp\/v2\/pages\/8917","targetHints":{"allow":["GET"]}}],"collection":[{"href":"https:\/\/www.avanceplasticsurgery.com\/es\/wp-json\/wp\/v2\/pages"}],"about":[{"href":"https:\/\/www.avanceplasticsurgery.com\/es\/wp-json\/wp\/v2\/types\/page"}],"author":[{"embeddable":true,"href":"https:\/\/www.avanceplasticsurgery.com\/es\/wp-json\/wp\/v2\/users\/1"}],"replies":[{"embeddable":true,"href":"https:\/\/www.avanceplasticsurgery.com\/es\/wp-json\/wp\/v2\/comments?post=8917"}],"version-history":[{"count":2,"href":"https:\/\/www.avanceplasticsurgery.com\/es\/wp-json\/wp\/v2\/pages\/8917\/revisions"}],"predecessor-version":[{"id":9234,"href":"https:\/\/www.avanceplasticsurgery.com\/es\/wp-json\/wp\/v2\/pages\/8917\/revisions\/9234"}],"up":[{"embeddable":true,"href":"https:\/\/www.avanceplasticsurgery.com\/es\/wp-json\/wp\/v2\/pages\/8911"}],"wp:attachment":[{"href":"https:\/\/www.avanceplasticsurgery.com\/es\/wp-json\/wp\/v2\/media?parent=8917"}],"curies":[{"name":"wp","href":"https:\/\/api.w.org\/{rel}","templated":true}]}}