{"id":8918,"date":"2020-09-16T06:56:54","date_gmt":"2020-09-16T06:56:54","guid":{"rendered":"https:\/\/www.avanceplasticsurgery.com\/procedimientos-cosmeticos-y-de-cirugia\/procedimientos-cosmeticos-de-cara-y-cuello\/transferencias-de-grasa\/"},"modified":"2024-09-04T12:15:10","modified_gmt":"2024-09-04T12:15:10","slug":"transferencias-de-grasa","status":"publish","type":"page","link":"https:\/\/www.avanceplasticsurgery.com\/es\/procedimientos-cosmeticos-y-de-cirugia\/procedimientos-cosmeticos-de-cara-y-cuello\/transferencias-de-grasa\/","title":{"rendered":"Transferencias de grasa"},"content":{"rendered":"<h1>Transferencia de grasa facial<\/h1>\n<p>Una de las t\u00e9cnicas antienvejecimiento m\u00e1s innovadoras y efectivas que ha surgido en los \u00faltimos a\u00f1os es el procedimiento de transferencia de grasa facial. A medida que envejecemos, los compartimentos de grasa faciales superficiales y profundos se desinflaman, lo que contribuye a una apariencia envejecida. La transferencia de grasa a la cara puede ayudar a mejorar la p\u00e9rdida de volumen facial y <a title=\"Reno NV Procedimientos de cirug\u00eda pl\u00e1stica cosm\u00e9tica de cara y cuello\" href=\"https:\/\/www.avanceplasticsurgery.com\/es\/cosmetic-and-surgery-procedures\/face-neck-cosmetic-procedures\/\">restaurar una apariencia m\u00e1s juvenil y fresca<\/a> mientras mejora su confianza en s\u00ed mismo. El proceso de transferencia de grasa facial tiene el doble beneficio de adelgazar y tonificar el \u00e1rea donante mientras refresca y revitaliza su apariencia facial.<\/p>\n<div class=\"row\">\n<div class=\"col-md-6\"><button class=\"flc-yt lazyload\" data-id=\"vrKomUHXe-o\" data-title=\"Facial Fat Transfer Before and After | Avance Plastic Surgery: Dr. Erez Dayan | Reno, Tahoe, NV\" data-bg=\"https:\/\/i.ytimg.com\/vi\/vrKomUHXe-o\/hqdefault.jpg\" aria-label=\"Play video Facial Fat Transfer Before and After | Avance Plastic Surgery: Dr. Erez Dayan | Reno, Tahoe, NV\">  <div class=\"flc-yt__title\">Facial Fat Transfer Before and After | Avance Plastic Surgery: Dr. Erez Dayan | Reno, Tahoe, NV<\/div>  <span class=\"flc-yt__play\">    <svg viewBox=\"0 0 68 48\" xmlns=\"http:\/\/www.w3.org\/2000\/svg\" aria-hidden=\"true\"><path d=\"M66.5 7.8A8.5 8.5 0 0 0 60.6 2C55.3.5 34 .5 34 .5S12.7.5 7.4 2A8.5 8.5 0 0 0 1.5 7.8C0 13.1 0 24 0 24s0 10.9 1.5 16.2A8.5 8.5 0 0 0 7.4 46C12.7 47.5 34 47.5 34 47.5s21.3 0 26.6-1.5a8.5 8.5 0 0 0 5.9-5.8C68 34.9 68 24 68 24s0-10.9-1.5-16.2Z\" fill=\"#f00\"\/><path d=\"M27 34l18-10-18-10v20Z\" fill=\"#fff\"\/><\/svg>  <\/span><\/button><\/div>\n<div class=\"col-md-6\"><button class=\"flc-yt lazyload\" data-id=\"G7kYNhCGwZw\" data-title=\"Reno NV Minimally Invasive Face and Neck Contouring | Dr. Erez Dayan | Avance Plastic Surgery\" data-bg=\"https:\/\/i.ytimg.com\/vi\/G7kYNhCGwZw\/hqdefault.jpg\" aria-label=\"Play video Reno NV Minimally Invasive Face and Neck Contouring | Dr. Erez Dayan | Avance Plastic Surgery\">  <div class=\"flc-yt__title\">Reno NV Minimally Invasive Face and Neck Contouring | Dr. Erez Dayan | Avance Plastic Surgery<\/div>  <span class=\"flc-yt__play\">    <svg viewBox=\"0 0 68 48\" xmlns=\"http:\/\/www.w3.org\/2000\/svg\" aria-hidden=\"true\"><path d=\"M66.5 7.8A8.5 8.5 0 0 0 60.6 2C55.3.5 34 .5 34 .5S12.7.5 7.4 2A8.5 8.5 0 0 0 1.5 7.8C0 13.1 0 24 0 24s0 10.9 1.5 16.2A8.5 8.5 0 0 0 7.4 46C12.7 47.5 34 47.5 34 47.5s21.3 0 26.6-1.5a8.5 8.5 0 0 0 5.9-5.8C68 34.9 68 24 68 24s0-10.9-1.5-16.2Z\" fill=\"#f00\"\/><path d=\"M27 34l18-10-18-10v20Z\" fill=\"#fff\"\/><\/svg>  <\/span><\/button><\/div>\n<div class=\"col-md-6\"><button class=\"flc-yt lazyload\" data-id=\"oquUyKm-04Y\" data-title=\"Reno\/Tahoe Facial Fat Transfer, Restore Facial Volume | Avance Plastic Surgery Institute\" data-bg=\"https:\/\/i.ytimg.com\/vi\/oquUyKm-04Y\/hqdefault.jpg\" aria-label=\"Play video Reno\/Tahoe Facial Fat Transfer, Restore Facial Volume | Avance Plastic Surgery Institute\">  <div class=\"flc-yt__title\">Reno\/Tahoe Facial Fat Transfer, Restore Facial Volume | Avance Plastic Surgery Institute<\/div>  <span class=\"flc-yt__play\">    <svg viewBox=\"0 0 68 48\" xmlns=\"http:\/\/www.w3.org\/2000\/svg\" aria-hidden=\"true\"><path d=\"M66.5 7.8A8.5 8.5 0 0 0 60.6 2C55.3.5 34 .5 34 .5S12.7.5 7.4 2A8.5 8.5 0 0 0 1.5 7.8C0 13.1 0 24 0 24s0 10.9 1.5 16.2A8.5 8.5 0 0 0 7.4 46C12.7 47.5 34 47.5 34 47.5s21.3 0 26.6-1.5a8.5 8.5 0 0 0 5.9-5.8C68 34.9 68 24 68 24s0-10.9-1.5-16.2Z\" fill=\"#f00\"\/><path d=\"M27 34l18-10-18-10v20Z\" fill=\"#fff\"\/><\/svg>  <\/span><\/button><\/div>\n<div class=\"col-md-6\"><button class=\"flc-yt lazyload\" data-id=\"TQPGv7_qK34\" data-title=\"Full Facial Analysis | Avance Plastic Surgery Institute: Dr. Erez Dayan\" data-bg=\"https:\/\/i.ytimg.com\/vi\/TQPGv7_qK34\/hqdefault.jpg\" aria-label=\"Play video Full Facial Analysis | Avance Plastic Surgery Institute: Dr. Erez Dayan\">  <div class=\"flc-yt__title\">Full Facial Analysis | Avance Plastic Surgery Institute: Dr. Erez Dayan<\/div>  <span class=\"flc-yt__play\">    <svg viewBox=\"0 0 68 48\" xmlns=\"http:\/\/www.w3.org\/2000\/svg\" aria-hidden=\"true\"><path d=\"M66.5 7.8A8.5 8.5 0 0 0 60.6 2C55.3.5 34 .5 34 .5S12.7.5 7.4 2A8.5 8.5 0 0 0 1.5 7.8C0 13.1 0 24 0 24s0 10.9 1.5 16.2A8.5 8.5 0 0 0 7.4 46C12.7 47.5 34 47.5 34 47.5s21.3 0 26.6-1.5a8.5 8.5 0 0 0 5.9-5.8C68 34.9 68 24 68 24s0-10.9-1.5-16.2Z\" fill=\"#f00\"\/><path d=\"M27 34l18-10-18-10v20Z\" fill=\"#fff\"\/><\/svg>  <\/span><\/button><\/div>\n<div class=\"col-md-6\"><button class=\"flc-yt lazyload\" data-id=\"4NnLAJL3yKE\" data-title=\"Earlobe Fat Transfer | Avance Plastic Surgery: Dr. Erez Dayan | Reno, Tahoe, NV\" data-bg=\"https:\/\/i.ytimg.com\/vi\/4NnLAJL3yKE\/hqdefault.jpg\" aria-label=\"Play video Earlobe Fat Transfer | Avance Plastic Surgery: Dr. Erez Dayan | Reno, Tahoe, NV\">  <div class=\"flc-yt__title\">Earlobe Fat Transfer | Avance Plastic Surgery: Dr. Erez Dayan | Reno, Tahoe, NV<\/div>  <span class=\"flc-yt__play\">    <svg viewBox=\"0 0 68 48\" xmlns=\"http:\/\/www.w3.org\/2000\/svg\" aria-hidden=\"true\"><path d=\"M66.5 7.8A8.5 8.5 0 0 0 60.6 2C55.3.5 34 .5 34 .5S12.7.5 7.4 2A8.5 8.5 0 0 0 1.5 7.8C0 13.1 0 24 0 24s0 10.9 1.5 16.2A8.5 8.5 0 0 0 7.4 46C12.7 47.5 34 47.5 34 47.5s21.3 0 26.6-1.5a8.5 8.5 0 0 0 5.9-5.8C68 34.9 68 24 68 24s0-10.9-1.5-16.2Z\" fill=\"#f00\"\/><path d=\"M27 34l18-10-18-10v20Z\" fill=\"#fff\"\/><\/svg>  <\/span><\/button><\/div>\n<div class=\"col-md-6\"><button class=\"flc-yt lazyload\" data-id=\"I0jnZG8Rtkk\" data-title=\"Facial Fat Transfer | Avance Plastic Surgery: Dr. Erez Dayan | Reno, Tahoe, NV\" data-bg=\"https:\/\/i.ytimg.com\/vi\/I0jnZG8Rtkk\/hqdefault.jpg\" aria-label=\"Play video Facial Fat Transfer | Avance Plastic Surgery: Dr. Erez Dayan | Reno, Tahoe, NV\">  <div class=\"flc-yt__title\">Facial Fat Transfer | Avance Plastic Surgery: Dr. Erez Dayan | Reno, Tahoe, NV<\/div>  <span class=\"flc-yt__play\">    <svg viewBox=\"0 0 68 48\" xmlns=\"http:\/\/www.w3.org\/2000\/svg\" aria-hidden=\"true\"><path d=\"M66.5 7.8A8.5 8.5 0 0 0 60.6 2C55.3.5 34 .5 34 .5S12.7.5 7.4 2A8.5 8.5 0 0 0 1.5 7.8C0 13.1 0 24 0 24s0 10.9 1.5 16.2A8.5 8.5 0 0 0 7.4 46C12.7 47.5 34 47.5 34 47.5s21.3 0 26.6-1.5a8.5 8.5 0 0 0 5.9-5.8C68 34.9 68 24 68 24s0-10.9-1.5-16.2Z\" fill=\"#f00\"\/><path d=\"M27 34l18-10-18-10v20Z\" fill=\"#fff\"\/><\/svg>  <\/span><\/button><\/div>\n<\/div>\n<dl id=\"faq-1\" class=\"flc-faq\"><dt>\u00bfQu\u00e9 es el proceso de transferencia de grasa facial?<\/dt><dd><p>El procedimiento de transferencia de grasa facial se realiza com\u00fanmente en un consultorio bajo anestesia local. Durante este procedimiento, se extrae grasa de un \u00e1rea donante, como los muslos, la espalda, las caderas, la cintura o el abdomen, utilizando una c\u00e1nula o un tubo peque\u00f1o. Una vez que la grasa ha sido purificada y filtrada a un tama\u00f1o consistente, se coloca estrat\u00e9gicamente en la cara en \u00e1reas clave para mejorar el volumen facial y restaurar el volumen perdido de la juventud.<\/p>\r\n\r\n<p>En los casos en que los pacientes carecen del contenido de grasa necesario para proporcionar material donante para la transferencia, el Dr. Dayan ofrece formas alternativas de restaurar un rostro lleno de brillo y de apariencia saludable y resiliencia. El Dr. Dayan ofrece una variedad de rellenos de tejidos blandos o inyectables, personalizados para sus necesidades de restauraci\u00f3n de volumen. En casos seleccionados, puede sugerir el uso de implantes faciales personalizados en el \u00e1rea de las mejillas o la mand\u00edbula para mejorar el equilibrio facial.<\/p>\r\n\r\n<p>Las ventajas de la transferencia de grasa facial incluyen:<\/p>\r\n<ul>\r\n<li>Restauraci\u00f3n de la p\u00e9rdida de volumen facial<\/li>\r\n<li>Mejora de los rasgos faciales (es decir, p\u00f3mulos, l\u00ednea de la mand\u00edbula)<\/li>\r\n<li>Adelgazamiento y contorneado de la zona donante<\/li>\r\n<li>Resultados duraderos<\/li>\r\n<li>Apariencia de aspecto natural<\/li>\r\n<li>Una est\u00e9tica m\u00e1s juvenil y revitalizada<\/li>\r\n<li>Econ\u00f3mico<\/li>\r\n<li>Mayor confianza en su imagen<\/li>\r\n<\/ul><\/dd><dt>\u00bfQui\u00e9n es un buen candidato para una transferencia de grasa facial Reno?<\/dt><dd>Los buenos candidatos para la transferencia de grasa facial deben tener suficiente grasa donada para extraer y gozar de buena salud mental y f\u00edsica, sin afecciones m\u00e9dicas importantes que interfieran con el tratamiento. Los pacientes deben ser no fumadores que sean realistas en lo que creen que se puede lograr con una transferencia de grasa facial. En \u00faltima instancia, la mejor manera de determinar su candidatura para cualquier procedimiento es reunirse con el Dr. Dayan en persona y someterse a una evaluaci\u00f3n personalizada en Avance Plastic Surgery Institute.\r\n<\/dd><dt>\u00bfHay alguna recuperaci\u00f3n de la transferencia de grasa facial?<\/dt><dd><p>Cada procedimiento de transferencia de grasa facial se adapta a las necesidades est\u00e9ticas del paciente. Todos sanan a un ritmo diferente, por lo que es importante preguntarle al Dr. Dayan cu\u00e1nto tiempo debe esperar antes de volver al trabajo despu\u00e9s de un procedimiento. Recibir\u00e1 un plan detallado de cuidados posteriores para garantizar que su recuperaci\u00f3n progrese sin problemas.<\/p>\r\n\r\n<p>La hinchaz\u00f3n y los moretones generalmente desaparecer\u00e1n despu\u00e9s de aproximadamente una semana. Podr\u00e1 usar maquillaje para ayudar a camuflar cualquier decoloraci\u00f3n residual despu\u00e9s del procedimiento. Como siempre, si tiene alguna pregunta sobre su recuperaci\u00f3n, el Dr. Dayan se comunicar\u00e1 con usted de inmediato con las respuestas y controlar\u00e1 su recuperaci\u00f3n en cada paso del camino.<\/p><\/dd><dt>\u00bfCu\u00e1les son las tarifas para la transferencia de grasa facial?<\/dt><dd>Las tarifas de transferencia de grasa facial variar\u00e1n seg\u00fan la cantidad de trabajo realizado y si el procedimiento se realiza bajo anestesia local o general. El Dr. Dayan podr\u00e1 darle un presupuesto espec\u00edfico para los servicios despu\u00e9s de que haya realizado una evaluaci\u00f3n f\u00edsica como parte de su consulta en Reno\/Tahoe. Si necesita financiamiento, podemos ayudarlo con una gran cantidad de prestamistas de atenci\u00f3n m\u00e9dica acreditados que ofrecen aprobaci\u00f3n inmediata y condiciones de pago favorables.<\/dd><dt>\u00bfPor qu\u00e9 elegir al Dr. Dayan y al Avance Plastic Surgery Institute para la transferencia de grasa facial?<\/dt><dd>Despu\u00e9s de completar su formaci\u00f3n en cirug\u00eda pl\u00e1stica en el Programa de Cirug\u00eda Pl\u00e1stica de Harvard de renombre mundial, el Dr. Dayan fue seleccionado de un peque\u00f1o grupo de cirujanos pl\u00e1sticos y reconstructivos para obtener una beca de \u00e9lite en cirug\u00eda est\u00e9tica en el Instituto de Cirug\u00eda Pl\u00e1stica de Dallas de renombre mundial. Es autor de cinco libros sobre temas relacionados con la cirug\u00eda pl\u00e1stica, incluidos <i>Zonas de peligro facial: Mantenerse seguro con la cirug\u00eda, rellenos y dispositivos no invasivos, as\u00ed como El atlas de implantes faciales.<\/i><\/dd><\/dl>\n<p>El Dr. Dayan ha sido invitado a dar conferencias y realizar cirug\u00edas en vivo en todo el mundo, incluidos Asia, Am\u00e9rica del Sur, Europa y Medio Oriente. El Dr. Dayan se desempe\u00f1a como investigador y l\u00edder de opini\u00f3n clave para empresas como Allergan, Galderma, MTF Biologics e InMode. <a title=\"P\u00f3ngase en contacto con el Instituto de Cirug\u00eda Pl\u00e1stica Avance en Reno NV\" href=\"https:\/\/www.avanceplasticsurgery.com\/es\/contact-us-dr-erez-dayan\/\">Comun\u00edquese hoy con el Instituto de Cirug\u00eda Pl\u00e1stica Avance<\/a> en Reno\/Tahoe para programar una consulta con el Dr. Dayan.<\/p>\n<p style=\"text-align: center;\"><a href=\"https:\/\/www.avanceplasticsurgery.com\/wp-content\/uploads\/2020\/10\/Fat-compartments.pdf\" class=\"btn btn-primary\" target=\"_blank\" rel=\"noopener noreferrer\">Publicaci\u00f3n del Dr. Dayan<\/a><\/p>\n<h2>Programa de mantenimiento<\/h2>\n<p>El <a href=\"https:\/\/www.avanceplasticsurgery.com\/es\/about-avance-plastic-surgery-institute\/plastic-surgery-maintenance\/\">programa de mantenimiento<\/a> en Avance Plastic Surgery Institute est\u00e1 dise\u00f1ado para ofrecer a los pacientes una forma conveniente de continuar viendo los beneficios de nuestros tratamientos durante el mayor tiempo posible.<\/p>\n<p>Para mantener los resultados de los procedimientos cosm\u00e9ticos de cara y cuello, recomendamos tratamientos no invasivos y m\u00ednimamente invasivos con los siguientes dispositivos:<\/p>\n<ul>\n<li>Forma (en modo)<\/li>\n<li>Morfeo 8 (en modo)<\/li>\n<li>Evocar (en modo)<\/li>\n<\/ul>\n","protected":false},"excerpt":{"rendered":"<p>Transferencia de grasa facial Una de las t\u00e9cnicas antienvejecimiento m\u00e1s innovadoras y efectivas que ha surgido en los \u00faltimos&hellip;<\/p>\n","protected":false},"author":1,"featured_media":0,"parent":8911,"menu_order":0,"comment_status":"closed","ping_status":"closed","template":"","meta":{"_acf_changed":false,"footnotes":""},"class_list":["post-8918","page","type-page","status-publish"],"acf":[],"yoast_head":"<!-- This site is optimized with the Yoast SEO plugin v27.4 - https:\/\/yoast.com\/product\/yoast-seo-wordpress\/ -->\n<title>Transferencias de grasa facial Reno NV | Injerto de grasa del lago Tahoe, inyecciones<\/title>\n<meta name=\"description\" content=\"Las transferencias de grasa facial permiten un remodelado extenso para agregar volumen y equilibrio a sus rasgos faciales, borrando los signos reveladores del envejecimiento. El Dr. Erez Dayan ofrece transferencia de grasa facial en el Avance Plastic Surgery Institute en Reno, NV. Llame hoy para su consulta.\" \/>\n<meta name=\"robots\" content=\"index, follow, max-snippet:-1, max-image-preview:large, max-video-preview:-1\" \/>\n<link rel=\"canonical\" href=\"https:\/\/www.avanceplasticsurgery.com\/es\/procedimientos-cosmeticos-y-de-cirugia\/procedimientos-cosmeticos-de-cara-y-cuello\/transferencias-de-grasa\/\" \/>\n<meta property=\"og:locale\" content=\"es_ES\" \/>\n<meta property=\"og:type\" content=\"article\" \/>\n<meta property=\"og:title\" content=\"Transferencias de grasa facial Reno NV | Injerto de grasa del lago Tahoe, inyecciones\" \/>\n<meta property=\"og:description\" content=\"Las transferencias de grasa facial permiten un remodelado extenso para agregar volumen y equilibrio a sus rasgos faciales, borrando los signos reveladores del envejecimiento. El Dr. Erez Dayan ofrece transferencia de grasa facial en el Avance Plastic Surgery Institute en Reno, NV. Llame hoy para su consulta.\" \/>\n<meta property=\"og:url\" content=\"https:\/\/www.avanceplasticsurgery.com\/es\/procedimientos-cosmeticos-y-de-cirugia\/procedimientos-cosmeticos-de-cara-y-cuello\/transferencias-de-grasa\/\" \/>\n<meta property=\"og:site_name\" content=\"Avance Plastic Surgery\" \/>\n<meta property=\"article:modified_time\" content=\"2024-09-04T12:15:10+00:00\" \/>\n<meta name=\"twitter:card\" content=\"summary_large_image\" \/>\n<meta name=\"twitter:label1\" content=\"Tiempo de lectura\" \/>\n\t<meta name=\"twitter:data1\" content=\"2 minutos\" \/>\n<!-- \/ Yoast SEO plugin. -->","yoast_head_json":{"title":"Transferencias de grasa facial Reno NV | Injerto de grasa del lago Tahoe, inyecciones","description":"Las transferencias de grasa facial permiten un remodelado extenso para agregar volumen y equilibrio a sus rasgos faciales, borrando los signos reveladores del envejecimiento. El Dr. Erez Dayan ofrece transferencia de grasa facial en el Avance Plastic Surgery Institute en Reno, NV. Llame hoy para su consulta.","robots":{"index":"index","follow":"follow","max-snippet":"max-snippet:-1","max-image-preview":"max-image-preview:large","max-video-preview":"max-video-preview:-1"},"canonical":"https:\/\/www.avanceplasticsurgery.com\/es\/procedimientos-cosmeticos-y-de-cirugia\/procedimientos-cosmeticos-de-cara-y-cuello\/transferencias-de-grasa\/","og_locale":"es_ES","og_type":"article","og_title":"Transferencias de grasa facial Reno NV | Injerto de grasa del lago Tahoe, inyecciones","og_description":"Las transferencias de grasa facial permiten un remodelado extenso para agregar volumen y equilibrio a sus rasgos faciales, borrando los signos reveladores del envejecimiento. El Dr. Erez Dayan ofrece transferencia de grasa facial en el Avance Plastic Surgery Institute en Reno, NV. Llame hoy para su consulta.","og_url":"https:\/\/www.avanceplasticsurgery.com\/es\/procedimientos-cosmeticos-y-de-cirugia\/procedimientos-cosmeticos-de-cara-y-cuello\/transferencias-de-grasa\/","og_site_name":"Avance Plastic Surgery","article_modified_time":"2024-09-04T12:15:10+00:00","twitter_card":"summary_large_image","twitter_misc":{"Tiempo de lectura":"2 minutos"},"schema":{"@context":"https:\/\/schema.org","@graph":[{"@type":"WebPage","@id":"https:\/\/www.avanceplasticsurgery.com\/es\/procedimientos-cosmeticos-y-de-cirugia\/procedimientos-cosmeticos-de-cara-y-cuello\/transferencias-de-grasa\/","url":"https:\/\/www.avanceplasticsurgery.com\/es\/procedimientos-cosmeticos-y-de-cirugia\/procedimientos-cosmeticos-de-cara-y-cuello\/transferencias-de-grasa\/","name":"Transferencias de grasa facial Reno NV | Injerto de grasa del lago Tahoe, inyecciones","isPartOf":{"@id":"https:\/\/www.avanceplasticsurgery.com\/es\/#website"},"datePublished":"2020-09-16T06:56:54+00:00","dateModified":"2024-09-04T12:15:10+00:00","description":"Las transferencias de grasa facial permiten un remodelado extenso para agregar volumen y equilibrio a sus rasgos faciales, borrando los signos reveladores del envejecimiento. El Dr. Erez Dayan ofrece transferencia de grasa facial en el Avance Plastic Surgery Institute en Reno, NV. Llame hoy para su consulta.","breadcrumb":{"@id":"https:\/\/www.avanceplasticsurgery.com\/es\/procedimientos-cosmeticos-y-de-cirugia\/procedimientos-cosmeticos-de-cara-y-cuello\/transferencias-de-grasa\/#breadcrumb"},"inLanguage":"es","potentialAction":[{"@type":"ReadAction","target":["https:\/\/www.avanceplasticsurgery.com\/es\/procedimientos-cosmeticos-y-de-cirugia\/procedimientos-cosmeticos-de-cara-y-cuello\/transferencias-de-grasa\/"]}]},{"@type":"BreadcrumbList","@id":"https:\/\/www.avanceplasticsurgery.com\/es\/procedimientos-cosmeticos-y-de-cirugia\/procedimientos-cosmeticos-de-cara-y-cuello\/transferencias-de-grasa\/#breadcrumb","itemListElement":[{"@type":"ListItem","position":1,"name":"Home","item":"https:\/\/www.avanceplasticsurgery.com\/es\/"},{"@type":"ListItem","position":2,"name":"Cosm\u00e9tica","item":"https:\/\/www.avanceplasticsurgery.com\/es\/procedimientos-cosmeticos-y-de-cirugia\/"},{"@type":"ListItem","position":3,"name":"Procedimientos Cosm\u00e9ticos de Cara y Cuello","item":"https:\/\/www.avanceplasticsurgery.com\/es\/procedimientos-cosmeticos-y-de-cirugia\/procedimientos-cosmeticos-de-cara-y-cuello\/"},{"@type":"ListItem","position":4,"name":"Transferencias de grasa"}]},{"@type":"WebSite","@id":"https:\/\/www.avanceplasticsurgery.com\/es\/#website","url":"https:\/\/www.avanceplasticsurgery.com\/es\/","name":"Avance Plastic Surgery","description":"","potentialAction":[{"@type":"SearchAction","target":{"@type":"EntryPoint","urlTemplate":"https:\/\/www.avanceplasticsurgery.com\/es\/?s={search_term_string}"},"query-input":{"@type":"PropertyValueSpecification","valueRequired":true,"valueName":"search_term_string"}}],"inLanguage":"es"}]}},"_links":{"self":[{"href":"https:\/\/www.avanceplasticsurgery.com\/es\/wp-json\/wp\/v2\/pages\/8918","targetHints":{"allow":["GET"]}}],"collection":[{"href":"https:\/\/www.avanceplasticsurgery.com\/es\/wp-json\/wp\/v2\/pages"}],"about":[{"href":"https:\/\/www.avanceplasticsurgery.com\/es\/wp-json\/wp\/v2\/types\/page"}],"author":[{"embeddable":true,"href":"https:\/\/www.avanceplasticsurgery.com\/es\/wp-json\/wp\/v2\/users\/1"}],"replies":[{"embeddable":true,"href":"https:\/\/www.avanceplasticsurgery.com\/es\/wp-json\/wp\/v2\/comments?post=8918"}],"version-history":[{"count":5,"href":"https:\/\/www.avanceplasticsurgery.com\/es\/wp-json\/wp\/v2\/pages\/8918\/revisions"}],"predecessor-version":[{"id":11411,"href":"https:\/\/www.avanceplasticsurgery.com\/es\/wp-json\/wp\/v2\/pages\/8918\/revisions\/11411"}],"up":[{"embeddable":true,"href":"https:\/\/www.avanceplasticsurgery.com\/es\/wp-json\/wp\/v2\/pages\/8911"}],"wp:attachment":[{"href":"https:\/\/www.avanceplasticsurgery.com\/es\/wp-json\/wp\/v2\/media?parent=8918"}],"curies":[{"name":"wp","href":"https:\/\/api.w.org\/{rel}","templated":true}]}}