{"id":8920,"date":"2020-09-16T06:59:07","date_gmt":"2020-09-16T06:59:07","guid":{"rendered":"https:\/\/www.avanceplasticsurgery.com\/procedimientos-cosmeticos-y-de-cirugia\/procedimientos-cosmeticos-de-cara-y-cuello\/reduccion-de-la-frente\/"},"modified":"2022-04-25T11:46:55","modified_gmt":"2022-04-25T11:46:55","slug":"reduccion-de-la-frente","status":"publish","type":"page","link":"https:\/\/www.avanceplasticsurgery.com\/es\/procedimientos-cosmeticos-y-de-cirugia\/procedimientos-cosmeticos-de-cara-y-cuello\/reduccion-de-la-frente\/","title":{"rendered":"Reducci\u00f3n de la frente"},"content":{"rendered":"<h1>Cirug\u00eda de reducci\u00f3n de frente<\/h1>\n<p>Una l\u00ednea de cabello en retroceso puede hacer que su frente parezca excepcionalmente grande y contribuir a una apariencia m\u00e1s envejecida. Hombres y mujeres por igual pueden desear corregir esta condici\u00f3n para <a title=\"Reno NV Procedimientos de cirug\u00eda pl\u00e1stica cosm\u00e9tica de cara y cuello\" href=\"https:\/\/www.avanceplasticsurgery.com\/es\/cosmetic-and-surgery-procedures\/face-neck-cosmetic-procedures\/\">mejorar la simetr\u00eda facial y la apariencia general<\/a> . El Dr. Erez Dayan del Instituto de Cirug\u00eda Pl\u00e1stica Avance en Reno\/Tahoe, NV, es un cirujano pl\u00e1stico cosm\u00e9tico y reconstructivo altamente acreditado que ofrece cirug\u00eda de reducci\u00f3n de la frente para crear un mejor atractivo est\u00e9tico.<\/p>\n<p>En lugar de usar una variedad de sombreros o dejarse crecer el flequillo, la cirug\u00eda de reducci\u00f3n de la frente puede reducir la l\u00ednea del cabello aproximadamente de 1 a 2 pulgadas para reducir la apariencia de la frente. Este procedimiento tambi\u00e9n se puede combinar con la restauraci\u00f3n capilar para frentes amplias. El Dr. Dayan realizar\u00e1 un examen y una evaluaci\u00f3n m\u00e9dica como parte de su consulta confidencial en su oficina de Reno\/Tahoe. Luego ofrecer\u00e1 sus recomendaciones para la cirug\u00eda de reducci\u00f3n de la frente y explicar\u00e1 las opciones.<\/p>\n<h2>Reducci\u00f3n de la l\u00ednea del cabello en Reno\/Tahoe, NV<\/h2>\n<p>Las frentes de hombres y mujeres suelen tener diferentes caracter\u00edsticas, que el Dr. Dayan abordar\u00e1 en los planes quir\u00fargicos personalizados de cada paciente. La cirug\u00eda de reducci\u00f3n de cabello es generalmente un procedimiento en el mismo d\u00eda bajo anestesia general. El Dr. Dayan usar\u00e1 incisiones precisas en la l\u00ednea del cabello para mover la piel de las cejas y la l\u00ednea del cabello hacia abajo. Esto ayuda con la regeneraci\u00f3n del cabello en las cicatrices para ayudar a ocultar las incisiones y ocultar cualquier evidencia de cirug\u00eda.<\/p>\n<p>Un procedimiento quir\u00fargico normal para bajar la l\u00ednea del cabello dura de 2 a 3 horas. Se requiere algo de laxitud o elasticidad en la piel de la frente y el cuero cabelludo para que este procedimiento tenga los resultados deseados. El Dr. Dayan utiliza las t\u00e9cnicas quir\u00fargicas m\u00e1s avanzadas para manipular la piel y el cuero cabelludo para lograr la apariencia est\u00e9tica que desea.<\/p>\n<p>La recuperaci\u00f3n suele tardar entre 2 y 3 semanas, con una leve hinchaz\u00f3n y molestias durante los primeros d\u00edas. El Dr. Dayan brinda a cada paciente instrucciones completas de cuidado posterior y medicamentos recetados para ayudar con la comodidad y la curaci\u00f3n. Tambi\u00e9n har\u00e1 un seguimiento con el Dr. Dayan para asegurarse de que su recuperaci\u00f3n avanza de acuerdo con el plan.<\/p>\n<p><a title=\"P\u00f3ngase en contacto con el Instituto de Cirug\u00eda Pl\u00e1stica Avance en Reno NV\" href=\"https:\/\/www.avanceplasticsurgery.com\/es\/contact-us-dr-erez-dayan\/\">Comun\u00edquese con el Instituto de Cirug\u00eda Pl\u00e1stica Avance<\/a> en Reno\/Tahoe al 775-800-4444 para programar una consulta de cirug\u00eda de reducci\u00f3n de frente con el Dr. Dayan.<\/p>\n<h3>Programa de mantenimiento<\/h3>\n<p>El <a href=\"https:\/\/www.avanceplasticsurgery.com\/es\/about-avance-plastic-surgery-institute\/plastic-surgery-maintenance\/\">programa de mantenimiento<\/a> en Avance Plastic Surgery Institute est\u00e1 dise\u00f1ado para ofrecer a los pacientes una forma conveniente de continuar viendo los beneficios de nuestros tratamientos durante el mayor tiempo posible.<\/p>\n<p>Para mantener los resultados de los procedimientos cosm\u00e9ticos de cara y cuello, recomendamos tratamientos no invasivos y m\u00ednimamente invasivos con los siguientes dispositivos:<\/p>\n<ul>\n<li>Forma (en modo)<\/li>\n<li>Morfeo 8 (en modo)<\/li>\n<li>Evocar (en modo)<\/li>\n<\/ul>\n","protected":false},"excerpt":{"rendered":"<p>Cirug\u00eda de reducci\u00f3n de frente Una l\u00ednea de cabello en retroceso puede hacer que su frente parezca excepcionalmente grande&hellip;<\/p>\n","protected":false},"author":1,"featured_media":0,"parent":8911,"menu_order":0,"comment_status":"closed","ping_status":"closed","template":"","meta":{"_acf_changed":false,"footnotes":""},"class_list":["post-8920","page","type-page","status-publish"],"acf":[],"yoast_head":"<!-- This site is optimized with the Yoast SEO plugin v25.6 - https:\/\/yoast.com\/wordpress\/plugins\/seo\/ -->\n<title>Reno NV Cirug\u00eda de reducci\u00f3n de frente | Reducci\u00f3n de la l\u00ednea del cabello del lago Tahoe<\/title>\n<meta name=\"description\" content=\"La cirug\u00eda de reducci\u00f3n de frente para hombres y mujeres puede crear una mejor simetr\u00eda facial y un equilibrio general de sus rasgos. Llame al Instituto de Cirug\u00eda Pl\u00e1stica Avance en Reno, NV, para una consulta de cirug\u00eda de reducci\u00f3n de cabello con el Dr. Erez Dayan.\" \/>\n<meta name=\"robots\" content=\"index, follow, max-snippet:-1, max-image-preview:large, max-video-preview:-1\" \/>\n<link rel=\"canonical\" href=\"https:\/\/www.avanceplasticsurgery.com\/es\/procedimientos-cosmeticos-y-de-cirugia\/procedimientos-cosmeticos-de-cara-y-cuello\/reduccion-de-la-frente\/\" \/>\n<meta property=\"og:locale\" content=\"es_ES\" \/>\n<meta property=\"og:type\" content=\"article\" \/>\n<meta property=\"og:title\" content=\"Reno NV Cirug\u00eda de reducci\u00f3n de frente | Reducci\u00f3n de la l\u00ednea del cabello del lago Tahoe\" \/>\n<meta property=\"og:description\" content=\"La cirug\u00eda de reducci\u00f3n de frente para hombres y mujeres puede crear una mejor simetr\u00eda facial y un equilibrio general de sus rasgos. Llame al Instituto de Cirug\u00eda Pl\u00e1stica Avance en Reno, NV, para una consulta de cirug\u00eda de reducci\u00f3n de cabello con el Dr. Erez Dayan.\" \/>\n<meta property=\"og:url\" content=\"https:\/\/www.avanceplasticsurgery.com\/es\/procedimientos-cosmeticos-y-de-cirugia\/procedimientos-cosmeticos-de-cara-y-cuello\/reduccion-de-la-frente\/\" \/>\n<meta property=\"og:site_name\" content=\"Avance Plastic Surgery\" \/>\n<meta property=\"article:modified_time\" content=\"2022-04-25T11:46:55+00:00\" \/>\n<meta name=\"twitter:card\" content=\"summary_large_image\" \/>\n<meta name=\"twitter:label1\" content=\"Tiempo de lectura\" \/>\n\t<meta name=\"twitter:data1\" content=\"3 minutos\" \/>\n<!-- \/ Yoast SEO plugin. -->","yoast_head_json":{"title":"Reno NV Cirug\u00eda de reducci\u00f3n de frente | Reducci\u00f3n de la l\u00ednea del cabello del lago Tahoe","description":"La cirug\u00eda de reducci\u00f3n de frente para hombres y mujeres puede crear una mejor simetr\u00eda facial y un equilibrio general de sus rasgos. Llame al Instituto de Cirug\u00eda Pl\u00e1stica Avance en Reno, NV, para una consulta de cirug\u00eda de reducci\u00f3n de cabello con el Dr. Erez Dayan.","robots":{"index":"index","follow":"follow","max-snippet":"max-snippet:-1","max-image-preview":"max-image-preview:large","max-video-preview":"max-video-preview:-1"},"canonical":"https:\/\/www.avanceplasticsurgery.com\/es\/procedimientos-cosmeticos-y-de-cirugia\/procedimientos-cosmeticos-de-cara-y-cuello\/reduccion-de-la-frente\/","og_locale":"es_ES","og_type":"article","og_title":"Reno NV Cirug\u00eda de reducci\u00f3n de frente | Reducci\u00f3n de la l\u00ednea del cabello del lago Tahoe","og_description":"La cirug\u00eda de reducci\u00f3n de frente para hombres y mujeres puede crear una mejor simetr\u00eda facial y un equilibrio general de sus rasgos. Llame al Instituto de Cirug\u00eda Pl\u00e1stica Avance en Reno, NV, para una consulta de cirug\u00eda de reducci\u00f3n de cabello con el Dr. Erez Dayan.","og_url":"https:\/\/www.avanceplasticsurgery.com\/es\/procedimientos-cosmeticos-y-de-cirugia\/procedimientos-cosmeticos-de-cara-y-cuello\/reduccion-de-la-frente\/","og_site_name":"Avance Plastic Surgery","article_modified_time":"2022-04-25T11:46:55+00:00","twitter_card":"summary_large_image","twitter_misc":{"Tiempo de lectura":"3 minutos"},"schema":{"@context":"https:\/\/schema.org","@graph":[{"@type":"WebPage","@id":"https:\/\/www.avanceplasticsurgery.com\/es\/procedimientos-cosmeticos-y-de-cirugia\/procedimientos-cosmeticos-de-cara-y-cuello\/reduccion-de-la-frente\/","url":"https:\/\/www.avanceplasticsurgery.com\/es\/procedimientos-cosmeticos-y-de-cirugia\/procedimientos-cosmeticos-de-cara-y-cuello\/reduccion-de-la-frente\/","name":"Reno NV Cirug\u00eda de reducci\u00f3n de frente | Reducci\u00f3n de la l\u00ednea del cabello del lago Tahoe","isPartOf":{"@id":"https:\/\/www.avanceplasticsurgery.com\/es\/#website"},"datePublished":"2020-09-16T06:59:07+00:00","dateModified":"2022-04-25T11:46:55+00:00","description":"La cirug\u00eda de reducci\u00f3n de frente para hombres y mujeres puede crear una mejor simetr\u00eda facial y un equilibrio general de sus rasgos. Llame al Instituto de Cirug\u00eda Pl\u00e1stica Avance en Reno, NV, para una consulta de cirug\u00eda de reducci\u00f3n de cabello con el Dr. Erez Dayan.","breadcrumb":{"@id":"https:\/\/www.avanceplasticsurgery.com\/es\/procedimientos-cosmeticos-y-de-cirugia\/procedimientos-cosmeticos-de-cara-y-cuello\/reduccion-de-la-frente\/#breadcrumb"},"inLanguage":"es","potentialAction":[{"@type":"ReadAction","target":["https:\/\/www.avanceplasticsurgery.com\/es\/procedimientos-cosmeticos-y-de-cirugia\/procedimientos-cosmeticos-de-cara-y-cuello\/reduccion-de-la-frente\/"]}]},{"@type":"BreadcrumbList","@id":"https:\/\/www.avanceplasticsurgery.com\/es\/procedimientos-cosmeticos-y-de-cirugia\/procedimientos-cosmeticos-de-cara-y-cuello\/reduccion-de-la-frente\/#breadcrumb","itemListElement":[{"@type":"ListItem","position":1,"name":"Home","item":"https:\/\/www.avanceplasticsurgery.com\/es\/"},{"@type":"ListItem","position":2,"name":"Cosm\u00e9tica","item":"https:\/\/www.avanceplasticsurgery.com\/es\/procedimientos-cosmeticos-y-de-cirugia\/"},{"@type":"ListItem","position":3,"name":"Procedimientos Cosm\u00e9ticos de Cara y Cuello","item":"https:\/\/www.avanceplasticsurgery.com\/es\/procedimientos-cosmeticos-y-de-cirugia\/procedimientos-cosmeticos-de-cara-y-cuello\/"},{"@type":"ListItem","position":4,"name":"Reducci\u00f3n de la frente"}]},{"@type":"WebSite","@id":"https:\/\/www.avanceplasticsurgery.com\/es\/#website","url":"https:\/\/www.avanceplasticsurgery.com\/es\/","name":"Avance Plastic Surgery","description":"","potentialAction":[{"@type":"SearchAction","target":{"@type":"EntryPoint","urlTemplate":"https:\/\/www.avanceplasticsurgery.com\/es\/?s={search_term_string}"},"query-input":{"@type":"PropertyValueSpecification","valueRequired":true,"valueName":"search_term_string"}}],"inLanguage":"es"}]}},"_links":{"self":[{"href":"https:\/\/www.avanceplasticsurgery.com\/es\/wp-json\/wp\/v2\/pages\/8920","targetHints":{"allow":["GET"]}}],"collection":[{"href":"https:\/\/www.avanceplasticsurgery.com\/es\/wp-json\/wp\/v2\/pages"}],"about":[{"href":"https:\/\/www.avanceplasticsurgery.com\/es\/wp-json\/wp\/v2\/types\/page"}],"author":[{"embeddable":true,"href":"https:\/\/www.avanceplasticsurgery.com\/es\/wp-json\/wp\/v2\/users\/1"}],"replies":[{"embeddable":true,"href":"https:\/\/www.avanceplasticsurgery.com\/es\/wp-json\/wp\/v2\/comments?post=8920"}],"version-history":[{"count":1,"href":"https:\/\/www.avanceplasticsurgery.com\/es\/wp-json\/wp\/v2\/pages\/8920\/revisions"}],"predecessor-version":[{"id":9237,"href":"https:\/\/www.avanceplasticsurgery.com\/es\/wp-json\/wp\/v2\/pages\/8920\/revisions\/9237"}],"up":[{"embeddable":true,"href":"https:\/\/www.avanceplasticsurgery.com\/es\/wp-json\/wp\/v2\/pages\/8911"}],"wp:attachment":[{"href":"https:\/\/www.avanceplasticsurgery.com\/es\/wp-json\/wp\/v2\/media?parent=8920"}],"curies":[{"name":"wp","href":"https:\/\/api.w.org\/{rel}","templated":true}]}}