{"id":8921,"date":"2020-09-16T07:00:40","date_gmt":"2020-09-16T07:00:40","guid":{"rendered":"https:\/\/www.avanceplasticsurgery.com\/procedimientos-cosmeticos-y-de-cirugia\/procedimientos-cosmeticos-de-cara-y-cuello\/cirugia-de-estiramiento-facial-medio\/"},"modified":"2022-04-25T11:39:17","modified_gmt":"2022-04-25T11:39:17","slug":"cirugia-de-estiramiento-facial-medio","status":"publish","type":"page","link":"https:\/\/www.avanceplasticsurgery.com\/es\/procedimientos-cosmeticos-y-de-cirugia\/procedimientos-cosmeticos-de-cara-y-cuello\/cirugia-de-estiramiento-facial-medio\/","title":{"rendered":"Cirug\u00eda de estiramiento facial medio"},"content":{"rendered":"<h1>Cirug\u00eda de estiramiento facial medio<\/h1>\n<p>Los estiramientos faciales existen desde hace muchos a\u00f1os para corregir los efectos del envejecimiento en el rostro. Entre algunas de las variaciones m\u00e1s recientes de esta popular <a title=\"Reno NV Procedimientos de cirug\u00eda pl\u00e1stica cosm\u00e9tica de cara y cuello\" href=\"https:\/\/www.avanceplasticsurgery.com\/es\/cosmetic-and-surgery-procedures\/face-neck-cosmetic-procedures\/\">cirug\u00eda cosm\u00e9tica facial se<\/a> encuentra la cirug\u00eda de estiramiento del tercio medio facial. Este procedimiento en particular busca corregir las mejillas aplanadas o hundidas, las l\u00edneas de expresi\u00f3n y la flacidez de la piel debajo de los p\u00f3mulos. Esta regi\u00f3n particular de la cara, la \u00abparte media de la cara\u00bb, es donde ocurren muchos de los signos m\u00e1s prominentes del envejecimiento.<\/p>\n<div><button class=\"flc-yt lazyload\" data-id=\"4BVHW17OYmE\" data-title=\"Mini-Lifting Facial y de Cuello Antes y Despu\u00e9s - Dr. Erez Dayan\" data-bg=\"https:\/\/i.ytimg.com\/vi\/4BVHW17OYmE\/hqdefault.jpg\" aria-label=\"Play video Mini-Lifting Facial y de Cuello Antes y Despu\u00e9s - Dr. Erez Dayan\">  <div class=\"flc-yt__title\">Mini-Lifting Facial y de Cuello Antes y Despu\u00e9s - Dr. Erez Dayan<\/div>  <span class=\"flc-yt__play\">    <svg viewBox=\"0 0 68 48\" xmlns=\"http:\/\/www.w3.org\/2000\/svg\" aria-hidden=\"true\"><path d=\"M66.5 7.8A8.5 8.5 0 0 0 60.6 2C55.3.5 34 .5 34 .5S12.7.5 7.4 2A8.5 8.5 0 0 0 1.5 7.8C0 13.1 0 24 0 24s0 10.9 1.5 16.2A8.5 8.5 0 0 0 7.4 46C12.7 47.5 34 47.5 34 47.5s21.3 0 26.6-1.5a8.5 8.5 0 0 0 5.9-5.8C68 34.9 68 24 68 24s0-10.9-1.5-16.2Z\" fill=\"#f00\"\/><path d=\"M27 34l18-10-18-10v20Z\" fill=\"#fff\"\/><\/svg>  <\/span><\/button><\/div>\n<p>El Dr. Erez Dayan del Avance Plastic Surgery Institute ofrece esta cirug\u00eda de estiramiento del tercio medio facial para corregir los signos de envejecimiento de leves a moderados en las \u00e1reas m\u00e1s notorias del rostro. La frente, los ojos, la barbilla y el cuello no se tratan en este procedimiento. Como siempre, su cirug\u00eda \u00fanica de estiramiento del tercio medio facial est\u00e1 dise\u00f1ada para satisfacer sus necesidades y deseos espec\u00edficos y diferir\u00e1 en algunos aspectos de las cirug\u00edas de otros pacientes.<\/p>\n<h2>Mejoramiento facial cosm\u00e9tico de clase mundial en Reno\/Tahoe, NV<\/h2>\n<p>El Dr. Dayan es un cirujano pl\u00e1stico cosm\u00e9tico y reconstructivo educado en Harvard, capacitado con una beca y con amplia experiencia que ha escrito, dado conferencias y demostrado t\u00e9cnicas de cirug\u00eda pl\u00e1stica y tecnolog\u00edas avanzadas en todo el mundo. Adem\u00e1s, tanto los pacientes como los m\u00e9dicos vienen de diferentes lugares para aprender de \u00e9l en el Avance Plastic Surgery Institute en Reno\/Tahoe, NV.<\/p>\n<p>El Dr. Dayan colocar\u00e1 sus incisiones en \u00e1reas ocultas y utilizar\u00e1 t\u00e9cnicas quir\u00fargicas que minimizan las cicatrices para una apariencia completamente natural. Tambi\u00e9n combina rutinariamente un estiramiento de la parte media del rostro con liposucci\u00f3n y transferencia de grasa para lograr la est\u00e9tica m\u00e1s suave y de aspecto m\u00e1s joven posible. Hablar\u00e1 sobre estos procedimientos y sus t\u00e9cnicas quir\u00fargicas en detalle en una consulta confidencial en el Instituto de Cirug\u00eda Pl\u00e1stica Avance.<\/p>\n<p>Tambi\u00e9n es posible que desee analizar otros procedimientos que pueden combinarse con un estiramiento del tercio medio facial para lograr una apariencia m\u00e1s equilibrada. Un levantamiento de cejas, un levantamiento de p\u00e1rpados o un implante de ment\u00f3n son solo algunos ejemplos de posibles procedimientos combinados. El Dr. Dayan tambi\u00e9n recomendar\u00e1 otras opciones que podr\u00edan mejorar a\u00fan m\u00e1s su apariencia. <a title=\"P\u00f3ngase en contacto con el Instituto de Cirug\u00eda Pl\u00e1stica Avance en Reno NV\" href=\"https:\/\/www.avanceplasticsurgery.com\/es\/contact-us-dr-erez-dayan\/\">Comun\u00edquese hoy con el Instituto de Cirug\u00eda Pl\u00e1stica Avance<\/a> para programar su consulta de cirug\u00eda de mejora cosm\u00e9tica con el Dr. Dayan.<\/p>\n<h3>Programa de mantenimiento<\/h3>\n<p>El <a href=\"https:\/\/www.avanceplasticsurgery.com\/es\/about-avance-plastic-surgery-institute\/plastic-surgery-maintenance\/\">programa de mantenimiento<\/a> en Avance Plastic Surgery Institute est\u00e1 dise\u00f1ado para ofrecer a los pacientes una forma conveniente de continuar viendo los beneficios de nuestros tratamientos durante el mayor tiempo posible.<\/p>\n<p>Para mantener los resultados de los procedimientos cosm\u00e9ticos de cara y cuello, recomendamos tratamientos no invasivos y m\u00ednimamente invasivos con los siguientes dispositivos:<\/p>\n<ul>\n<li>Forma (en modo)<\/li>\n<li>Morfeo 8 (en modo)<\/li>\n<li>Evocar (en modo)<\/li>\n<\/ul>\n","protected":false},"excerpt":{"rendered":"<p>Cirug\u00eda de estiramiento facial medio Los estiramientos faciales existen desde hace muchos a\u00f1os para corregir los efectos del envejecimiento&hellip;<\/p>\n","protected":false},"author":1,"featured_media":0,"parent":8911,"menu_order":0,"comment_status":"closed","ping_status":"closed","template":"","meta":{"_acf_changed":false,"footnotes":""},"class_list":["post-8921","page","type-page","status-publish"],"acf":[],"yoast_head":"<!-- This site is optimized with the Yoast SEO plugin v25.6 - https:\/\/yoast.com\/wordpress\/plugins\/seo\/ -->\n<title>Reno NV Cirug\u00eda de estiramiento facial medio | Lake Tahoe \u00bfQu\u00e9 es un estiramiento facial medio?<\/title>\n<meta name=\"description\" content=\"La cirug\u00eda de estiramiento del tercio medio facial en Reno busca corregir las mejillas ca\u00eddas o ca\u00eddas y las l\u00edneas de la nariz a la boca que ocurren con el envejecimiento. Llame al Instituto de Cirug\u00eda Pl\u00e1stica Avance en Reno, NV, para una consulta de cirug\u00eda con el Dr. Erez Dayan.\" \/>\n<meta name=\"robots\" content=\"index, follow, max-snippet:-1, max-image-preview:large, max-video-preview:-1\" \/>\n<link rel=\"canonical\" href=\"https:\/\/www.avanceplasticsurgery.com\/es\/procedimientos-cosmeticos-y-de-cirugia\/procedimientos-cosmeticos-de-cara-y-cuello\/cirugia-de-estiramiento-facial-medio\/\" \/>\n<meta property=\"og:locale\" content=\"es_ES\" \/>\n<meta property=\"og:type\" content=\"article\" \/>\n<meta property=\"og:title\" content=\"Reno NV Cirug\u00eda de estiramiento facial medio | Lake Tahoe \u00bfQu\u00e9 es un estiramiento facial medio?\" \/>\n<meta property=\"og:description\" content=\"La cirug\u00eda de estiramiento del tercio medio facial en Reno busca corregir las mejillas ca\u00eddas o ca\u00eddas y las l\u00edneas de la nariz a la boca que ocurren con el envejecimiento. Llame al Instituto de Cirug\u00eda Pl\u00e1stica Avance en Reno, NV, para una consulta de cirug\u00eda con el Dr. Erez Dayan.\" \/>\n<meta property=\"og:url\" content=\"https:\/\/www.avanceplasticsurgery.com\/es\/procedimientos-cosmeticos-y-de-cirugia\/procedimientos-cosmeticos-de-cara-y-cuello\/cirugia-de-estiramiento-facial-medio\/\" \/>\n<meta property=\"og:site_name\" content=\"Avance Plastic Surgery\" \/>\n<meta property=\"article:modified_time\" content=\"2022-04-25T11:39:17+00:00\" \/>\n<meta name=\"twitter:card\" content=\"summary_large_image\" \/>\n<meta name=\"twitter:label1\" content=\"Tiempo de lectura\" \/>\n\t<meta name=\"twitter:data1\" content=\"3 minutos\" \/>\n<!-- \/ Yoast SEO plugin. -->","yoast_head_json":{"title":"Reno NV Cirug\u00eda de estiramiento facial medio | Lake Tahoe \u00bfQu\u00e9 es un estiramiento facial medio?","description":"La cirug\u00eda de estiramiento del tercio medio facial en Reno busca corregir las mejillas ca\u00eddas o ca\u00eddas y las l\u00edneas de la nariz a la boca que ocurren con el envejecimiento. Llame al Instituto de Cirug\u00eda Pl\u00e1stica Avance en Reno, NV, para una consulta de cirug\u00eda con el Dr. Erez Dayan.","robots":{"index":"index","follow":"follow","max-snippet":"max-snippet:-1","max-image-preview":"max-image-preview:large","max-video-preview":"max-video-preview:-1"},"canonical":"https:\/\/www.avanceplasticsurgery.com\/es\/procedimientos-cosmeticos-y-de-cirugia\/procedimientos-cosmeticos-de-cara-y-cuello\/cirugia-de-estiramiento-facial-medio\/","og_locale":"es_ES","og_type":"article","og_title":"Reno NV Cirug\u00eda de estiramiento facial medio | Lake Tahoe \u00bfQu\u00e9 es un estiramiento facial medio?","og_description":"La cirug\u00eda de estiramiento del tercio medio facial en Reno busca corregir las mejillas ca\u00eddas o ca\u00eddas y las l\u00edneas de la nariz a la boca que ocurren con el envejecimiento. Llame al Instituto de Cirug\u00eda Pl\u00e1stica Avance en Reno, NV, para una consulta de cirug\u00eda con el Dr. Erez Dayan.","og_url":"https:\/\/www.avanceplasticsurgery.com\/es\/procedimientos-cosmeticos-y-de-cirugia\/procedimientos-cosmeticos-de-cara-y-cuello\/cirugia-de-estiramiento-facial-medio\/","og_site_name":"Avance Plastic Surgery","article_modified_time":"2022-04-25T11:39:17+00:00","twitter_card":"summary_large_image","twitter_misc":{"Tiempo de lectura":"3 minutos"},"schema":{"@context":"https:\/\/schema.org","@graph":[{"@type":"WebPage","@id":"https:\/\/www.avanceplasticsurgery.com\/es\/procedimientos-cosmeticos-y-de-cirugia\/procedimientos-cosmeticos-de-cara-y-cuello\/cirugia-de-estiramiento-facial-medio\/","url":"https:\/\/www.avanceplasticsurgery.com\/es\/procedimientos-cosmeticos-y-de-cirugia\/procedimientos-cosmeticos-de-cara-y-cuello\/cirugia-de-estiramiento-facial-medio\/","name":"Reno NV Cirug\u00eda de estiramiento facial medio | Lake Tahoe \u00bfQu\u00e9 es un estiramiento facial medio?","isPartOf":{"@id":"https:\/\/www.avanceplasticsurgery.com\/es\/#website"},"datePublished":"2020-09-16T07:00:40+00:00","dateModified":"2022-04-25T11:39:17+00:00","description":"La cirug\u00eda de estiramiento del tercio medio facial en Reno busca corregir las mejillas ca\u00eddas o ca\u00eddas y las l\u00edneas de la nariz a la boca que ocurren con el envejecimiento. Llame al Instituto de Cirug\u00eda Pl\u00e1stica Avance en Reno, NV, para una consulta de cirug\u00eda con el Dr. Erez Dayan.","breadcrumb":{"@id":"https:\/\/www.avanceplasticsurgery.com\/es\/procedimientos-cosmeticos-y-de-cirugia\/procedimientos-cosmeticos-de-cara-y-cuello\/cirugia-de-estiramiento-facial-medio\/#breadcrumb"},"inLanguage":"es","potentialAction":[{"@type":"ReadAction","target":["https:\/\/www.avanceplasticsurgery.com\/es\/procedimientos-cosmeticos-y-de-cirugia\/procedimientos-cosmeticos-de-cara-y-cuello\/cirugia-de-estiramiento-facial-medio\/"]}]},{"@type":"BreadcrumbList","@id":"https:\/\/www.avanceplasticsurgery.com\/es\/procedimientos-cosmeticos-y-de-cirugia\/procedimientos-cosmeticos-de-cara-y-cuello\/cirugia-de-estiramiento-facial-medio\/#breadcrumb","itemListElement":[{"@type":"ListItem","position":1,"name":"Home","item":"https:\/\/www.avanceplasticsurgery.com\/es\/"},{"@type":"ListItem","position":2,"name":"Cosm\u00e9tica","item":"https:\/\/www.avanceplasticsurgery.com\/es\/procedimientos-cosmeticos-y-de-cirugia\/"},{"@type":"ListItem","position":3,"name":"Procedimientos Cosm\u00e9ticos de Cara y Cuello","item":"https:\/\/www.avanceplasticsurgery.com\/es\/procedimientos-cosmeticos-y-de-cirugia\/procedimientos-cosmeticos-de-cara-y-cuello\/"},{"@type":"ListItem","position":4,"name":"Cirug\u00eda de estiramiento facial medio"}]},{"@type":"WebSite","@id":"https:\/\/www.avanceplasticsurgery.com\/es\/#website","url":"https:\/\/www.avanceplasticsurgery.com\/es\/","name":"Avance Plastic Surgery","description":"","potentialAction":[{"@type":"SearchAction","target":{"@type":"EntryPoint","urlTemplate":"https:\/\/www.avanceplasticsurgery.com\/es\/?s={search_term_string}"},"query-input":{"@type":"PropertyValueSpecification","valueRequired":true,"valueName":"search_term_string"}}],"inLanguage":"es"}]}},"_links":{"self":[{"href":"https:\/\/www.avanceplasticsurgery.com\/es\/wp-json\/wp\/v2\/pages\/8921","targetHints":{"allow":["GET"]}}],"collection":[{"href":"https:\/\/www.avanceplasticsurgery.com\/es\/wp-json\/wp\/v2\/pages"}],"about":[{"href":"https:\/\/www.avanceplasticsurgery.com\/es\/wp-json\/wp\/v2\/types\/page"}],"author":[{"embeddable":true,"href":"https:\/\/www.avanceplasticsurgery.com\/es\/wp-json\/wp\/v2\/users\/1"}],"replies":[{"embeddable":true,"href":"https:\/\/www.avanceplasticsurgery.com\/es\/wp-json\/wp\/v2\/comments?post=8921"}],"version-history":[{"count":1,"href":"https:\/\/www.avanceplasticsurgery.com\/es\/wp-json\/wp\/v2\/pages\/8921\/revisions"}],"predecessor-version":[{"id":9225,"href":"https:\/\/www.avanceplasticsurgery.com\/es\/wp-json\/wp\/v2\/pages\/8921\/revisions\/9225"}],"up":[{"embeddable":true,"href":"https:\/\/www.avanceplasticsurgery.com\/es\/wp-json\/wp\/v2\/pages\/8911"}],"wp:attachment":[{"href":"https:\/\/www.avanceplasticsurgery.com\/es\/wp-json\/wp\/v2\/media?parent=8921"}],"curies":[{"name":"wp","href":"https:\/\/api.w.org\/{rel}","templated":true}]}}