{"id":8922,"date":"2020-09-16T07:02:15","date_gmt":"2020-09-16T07:02:15","guid":{"rendered":"https:\/\/www.avanceplasticsurgery.com\/procedimientos-cosmeticos-y-de-cirugia\/procedimientos-cosmeticos-de-cara-y-cuello\/mini-cirugia-de-estiramiento-facial\/"},"modified":"2025-09-29T19:29:01","modified_gmt":"2025-09-29T19:29:01","slug":"mini-cirugia-de-estiramiento-facial","status":"publish","type":"page","link":"https:\/\/www.avanceplasticsurgery.com\/es\/procedimientos-cosmeticos-y-de-cirugia\/procedimientos-cosmeticos-de-cara-y-cuello\/mini-cirugia-de-estiramiento-facial\/","title":{"rendered":"Mini Cirug\u00eda de Estiramiento Facial"},"content":{"rendered":"<h1>Mini Cirug\u00eda de Estiramiento Facial<\/h1>\n<p>Aquellos que tienen solo una ligera ca\u00edda de la papada y l\u00edneas leves alrededor de la parte inferior de la cara y la parte superior del cuello pueden ser buenos candidatos para la cirug\u00eda de mini estiramiento facial. Los pacientes de entre 30 y 50 a\u00f1os con solo signos leves de envejecimiento pueden elegir esta opci\u00f3n para detener temporalmente el proceso de envejecimiento antes de que contin\u00fae. El Dr. Erez Dayan del Instituto de Cirug\u00eda Pl\u00e1stica Avance en Reno\/Tahoe, NV, ofrece cirug\u00eda de mini estiramiento facial para correcciones m\u00e1s peque\u00f1as y una recuperaci\u00f3n m\u00e1s r\u00e1pida.<\/p>\n<div class=\"row\">\n<div class=\"col-md-6\"><button class=\"flc-yt lazyload\" data-id=\"4G12NDanC6Y\" data-title=\"Amazing 2-Month Result for Our Facelift\/Neck Lift Patient | Avance Plastic Surgery: Dr. Erez Dayan\" data-bg=\"https:\/\/i.ytimg.com\/vi\/4G12NDanC6Y\/hqdefault.jpg\" aria-label=\"Play video Amazing 2-Month Result for Our Facelift\/Neck Lift Patient | Avance Plastic Surgery: Dr. Erez Dayan\">  <div class=\"flc-yt__title\">Amazing 2-Month Result for Our Facelift\/Neck Lift Patient | Avance Plastic Surgery: Dr. Erez Dayan<\/div>  <span class=\"flc-yt__play\">    <svg viewBox=\"0 0 68 48\" xmlns=\"http:\/\/www.w3.org\/2000\/svg\" aria-hidden=\"true\"><path d=\"M66.5 7.8A8.5 8.5 0 0 0 60.6 2C55.3.5 34 .5 34 .5S12.7.5 7.4 2A8.5 8.5 0 0 0 1.5 7.8C0 13.1 0 24 0 24s0 10.9 1.5 16.2A8.5 8.5 0 0 0 7.4 46C12.7 47.5 34 47.5 34 47.5s21.3 0 26.6-1.5a8.5 8.5 0 0 0 5.9-5.8C68 34.9 68 24 68 24s0-10.9-1.5-16.2Z\" fill=\"#f00\"\/><path d=\"M27 34l18-10-18-10v20Z\" fill=\"#fff\"\/><\/svg>  <\/span><\/button><\/div>\n<div class=\"col-md-6\"><button class=\"flc-yt lazyload\" data-id=\"XJ4ogYtEA9U\" data-title=\"Full Facial Rejuvenation Patient Testimonial | Avance Plastic Surgery Institute: Dr. Erez Dayan\" data-bg=\"https:\/\/i.ytimg.com\/vi\/XJ4ogYtEA9U\/hqdefault.jpg\" aria-label=\"Play video Full Facial Rejuvenation Patient Testimonial | Avance Plastic Surgery Institute: Dr. Erez Dayan\">  <div class=\"flc-yt__title\">Full Facial Rejuvenation Patient Testimonial | Avance Plastic Surgery Institute: Dr. Erez Dayan<\/div>  <span class=\"flc-yt__play\">    <svg viewBox=\"0 0 68 48\" xmlns=\"http:\/\/www.w3.org\/2000\/svg\" aria-hidden=\"true\"><path d=\"M66.5 7.8A8.5 8.5 0 0 0 60.6 2C55.3.5 34 .5 34 .5S12.7.5 7.4 2A8.5 8.5 0 0 0 1.5 7.8C0 13.1 0 24 0 24s0 10.9 1.5 16.2A8.5 8.5 0 0 0 7.4 46C12.7 47.5 34 47.5 34 47.5s21.3 0 26.6-1.5a8.5 8.5 0 0 0 5.9-5.8C68 34.9 68 24 68 24s0-10.9-1.5-16.2Z\" fill=\"#f00\"\/><path d=\"M27 34l18-10-18-10v20Z\" fill=\"#fff\"\/><\/svg>  <\/span><\/button><\/div>\n<div class=\"col-md-6\"><button class=\"flc-yt lazyload\" data-id=\"4efkjl2n4EQ\" data-title=\"77-Year-Old Facelift\/Neck Lift Patient Before and Just 4 Weeks After| Avance Plastic Surgery\" data-bg=\"https:\/\/i.ytimg.com\/vi\/4efkjl2n4EQ\/hqdefault.jpg\" aria-label=\"Play video 77-Year-Old Facelift\/Neck Lift Patient Before and Just 4 Weeks After| Avance Plastic Surgery\">  <div class=\"flc-yt__title\">77-Year-Old Facelift\/Neck Lift Patient Before and Just 4 Weeks After| Avance Plastic Surgery<\/div>  <span class=\"flc-yt__play\">    <svg viewBox=\"0 0 68 48\" xmlns=\"http:\/\/www.w3.org\/2000\/svg\" aria-hidden=\"true\"><path d=\"M66.5 7.8A8.5 8.5 0 0 0 60.6 2C55.3.5 34 .5 34 .5S12.7.5 7.4 2A8.5 8.5 0 0 0 1.5 7.8C0 13.1 0 24 0 24s0 10.9 1.5 16.2A8.5 8.5 0 0 0 7.4 46C12.7 47.5 34 47.5 34 47.5s21.3 0 26.6-1.5a8.5 8.5 0 0 0 5.9-5.8C68 34.9 68 24 68 24s0-10.9-1.5-16.2Z\" fill=\"#f00\"\/><path d=\"M27 34l18-10-18-10v20Z\" fill=\"#fff\"\/><\/svg>  <\/span><\/button><\/div>\n<div class=\"col-md-6\"><button class=\"flc-yt lazyload\" data-id=\"QYMOArYnV5k\" data-title=\"Amazing Facelift\/Neck Lift 2-Month Result | Avance Plastic Surgery Institute: Dr. Erez Dayan\" data-bg=\"https:\/\/i.ytimg.com\/vi\/QYMOArYnV5k\/hqdefault.jpg\" aria-label=\"Play video Amazing Facelift\/Neck Lift 2-Month Result | Avance Plastic Surgery Institute: Dr. Erez Dayan\">  <div class=\"flc-yt__title\">Amazing Facelift\/Neck Lift 2-Month Result | Avance Plastic Surgery Institute: Dr. Erez Dayan<\/div>  <span class=\"flc-yt__play\">    <svg viewBox=\"0 0 68 48\" xmlns=\"http:\/\/www.w3.org\/2000\/svg\" aria-hidden=\"true\"><path d=\"M66.5 7.8A8.5 8.5 0 0 0 60.6 2C55.3.5 34 .5 34 .5S12.7.5 7.4 2A8.5 8.5 0 0 0 1.5 7.8C0 13.1 0 24 0 24s0 10.9 1.5 16.2A8.5 8.5 0 0 0 7.4 46C12.7 47.5 34 47.5 34 47.5s21.3 0 26.6-1.5a8.5 8.5 0 0 0 5.9-5.8C68 34.9 68 24 68 24s0-10.9-1.5-16.2Z\" fill=\"#f00\"\/><path d=\"M27 34l18-10-18-10v20Z\" fill=\"#fff\"\/><\/svg>  <\/span><\/button><\/div>\n<div class=\"col-md-6\"><button class=\"flc-yt lazyload\" data-id=\"Uq-Pw7rsyyE\" data-title=\"Facelift\/Neck Lift Beautiful 4-Week Result | Avance Plastic Surgery Institute: Dr. Erez Dayan\" data-bg=\"https:\/\/i.ytimg.com\/vi\/Uq-Pw7rsyyE\/hqdefault.jpg\" aria-label=\"Play video Facelift\/Neck Lift Beautiful 4-Week Result | Avance Plastic Surgery Institute: Dr. Erez Dayan\">  <div class=\"flc-yt__title\">Facelift\/Neck Lift Beautiful 4-Week Result | Avance Plastic Surgery Institute: Dr. Erez Dayan<\/div>  <span class=\"flc-yt__play\">    <svg viewBox=\"0 0 68 48\" xmlns=\"http:\/\/www.w3.org\/2000\/svg\" aria-hidden=\"true\"><path d=\"M66.5 7.8A8.5 8.5 0 0 0 60.6 2C55.3.5 34 .5 34 .5S12.7.5 7.4 2A8.5 8.5 0 0 0 1.5 7.8C0 13.1 0 24 0 24s0 10.9 1.5 16.2A8.5 8.5 0 0 0 7.4 46C12.7 47.5 34 47.5 34 47.5s21.3 0 26.6-1.5a8.5 8.5 0 0 0 5.9-5.8C68 34.9 68 24 68 24s0-10.9-1.5-16.2Z\" fill=\"#f00\"\/><path d=\"M27 34l18-10-18-10v20Z\" fill=\"#fff\"\/><\/svg>  <\/span><\/button><\/div>\n<div class=\"col-md-6\"><button class=\"flc-yt lazyload\" data-id=\"OVAf3XcpHZo\" data-title=\"Mini Facelift\" data-bg=\"https:\/\/i.ytimg.com\/vi\/OVAf3XcpHZo\/hqdefault.jpg\" aria-label=\"Play video Mini Facelift\">  <div class=\"flc-yt__title\">Mini Facelift<\/div>  <span class=\"flc-yt__play\">    <svg viewBox=\"0 0 68 48\" xmlns=\"http:\/\/www.w3.org\/2000\/svg\" aria-hidden=\"true\"><path d=\"M66.5 7.8A8.5 8.5 0 0 0 60.6 2C55.3.5 34 .5 34 .5S12.7.5 7.4 2A8.5 8.5 0 0 0 1.5 7.8C0 13.1 0 24 0 24s0 10.9 1.5 16.2A8.5 8.5 0 0 0 7.4 46C12.7 47.5 34 47.5 34 47.5s21.3 0 26.6-1.5a8.5 8.5 0 0 0 5.9-5.8C68 34.9 68 24 68 24s0-10.9-1.5-16.2Z\" fill=\"#f00\"\/><path d=\"M27 34l18-10-18-10v20Z\" fill=\"#fff\"\/><\/svg>  <\/span><\/button><\/div>\n<div class=\"col-md-6\"><button class=\"flc-yt lazyload\" data-id=\"3LqeR9rg4S4\" data-title=\"Mini Estiramiento Facial \/ Estiramiento de Cuello Reno NV | Erez Dayan, MD | Cirug\u00eda Pl\u00e1stica Avance\" data-bg=\"https:\/\/i.ytimg.com\/vi\/3LqeR9rg4S4\/hqdefault.jpg\" aria-label=\"Play video Mini Estiramiento Facial \/ Estiramiento de Cuello Reno NV | Erez Dayan, MD | Cirug\u00eda Pl\u00e1stica Avance\">  <div class=\"flc-yt__title\">Mini Estiramiento Facial \/ Estiramiento de Cuello Reno NV | Erez Dayan, MD | Cirug\u00eda Pl\u00e1stica Avance<\/div>  <span class=\"flc-yt__play\">    <svg viewBox=\"0 0 68 48\" xmlns=\"http:\/\/www.w3.org\/2000\/svg\" aria-hidden=\"true\"><path d=\"M66.5 7.8A8.5 8.5 0 0 0 60.6 2C55.3.5 34 .5 34 .5S12.7.5 7.4 2A8.5 8.5 0 0 0 1.5 7.8C0 13.1 0 24 0 24s0 10.9 1.5 16.2A8.5 8.5 0 0 0 7.4 46C12.7 47.5 34 47.5 34 47.5s21.3 0 26.6-1.5a8.5 8.5 0 0 0 5.9-5.8C68 34.9 68 24 68 24s0-10.9-1.5-16.2Z\" fill=\"#f00\"\/><path d=\"M27 34l18-10-18-10v20Z\" fill=\"#fff\"\/><\/svg>  <\/span><\/button><\/div>\n<div class=\"col-md-6\"><button class=\"flc-yt lazyload\" data-id=\"EtKMCWLpG8k\" data-title=\"Mini-estiramiento facial\/estiramiento de cuello bajo anestesia local\" data-bg=\"https:\/\/i.ytimg.com\/vi\/EtKMCWLpG8k\/hqdefault.jpg\" aria-label=\"Play video Mini-estiramiento facial\/estiramiento de cuello bajo anestesia local\">  <div class=\"flc-yt__title\">Mini-estiramiento facial\/estiramiento de cuello bajo anestesia local<\/div>  <span class=\"flc-yt__play\">    <svg viewBox=\"0 0 68 48\" xmlns=\"http:\/\/www.w3.org\/2000\/svg\" aria-hidden=\"true\"><path d=\"M66.5 7.8A8.5 8.5 0 0 0 60.6 2C55.3.5 34 .5 34 .5S12.7.5 7.4 2A8.5 8.5 0 0 0 1.5 7.8C0 13.1 0 24 0 24s0 10.9 1.5 16.2A8.5 8.5 0 0 0 7.4 46C12.7 47.5 34 47.5 34 47.5s21.3 0 26.6-1.5a8.5 8.5 0 0 0 5.9-5.8C68 34.9 68 24 68 24s0-10.9-1.5-16.2Z\" fill=\"#f00\"\/><path d=\"M27 34l18-10-18-10v20Z\" fill=\"#fff\"\/><\/svg>  <\/span><\/button><\/div>\n<div class=\"col-md-6\"><button class=\"flc-yt lazyload\" data-id=\"4BVHW17OYmE\" data-title=\"Mini-Lifting Facial y de Cuello Antes y Despu\u00e9s - Dr. Erez Dayan\" data-bg=\"https:\/\/i.ytimg.com\/vi\/4BVHW17OYmE\/hqdefault.jpg\" aria-label=\"Play video Mini-Lifting Facial y de Cuello Antes y Despu\u00e9s - Dr. Erez Dayan\">  <div class=\"flc-yt__title\">Mini-Lifting Facial y de Cuello Antes y Despu\u00e9s - Dr. Erez Dayan<\/div>  <span class=\"flc-yt__play\">    <svg viewBox=\"0 0 68 48\" xmlns=\"http:\/\/www.w3.org\/2000\/svg\" aria-hidden=\"true\"><path d=\"M66.5 7.8A8.5 8.5 0 0 0 60.6 2C55.3.5 34 .5 34 .5S12.7.5 7.4 2A8.5 8.5 0 0 0 1.5 7.8C0 13.1 0 24 0 24s0 10.9 1.5 16.2A8.5 8.5 0 0 0 7.4 46C12.7 47.5 34 47.5 34 47.5s21.3 0 26.6-1.5a8.5 8.5 0 0 0 5.9-5.8C68 34.9 68 24 68 24s0-10.9-1.5-16.2Z\" fill=\"#f00\"\/><path d=\"M27 34l18-10-18-10v20Z\" fill=\"#fff\"\/><\/svg>  <\/span><\/button><\/div>\n<div class=\"col-md-6\"><button class=\"flc-yt lazyload\" data-id=\"Jl2xHE3xMZQ\" data-title=\"Reno Cirug\u00eda Est\u00e9tica Facial Bajo Anestesia Local Antes y Despu\u00e9s | Cirujano pl\u00e1stico del lago Tahoe\" data-bg=\"https:\/\/i.ytimg.com\/vi\/Jl2xHE3xMZQ\/hqdefault.jpg\" aria-label=\"Play video Reno Cirug\u00eda Est\u00e9tica Facial Bajo Anestesia Local Antes y Despu\u00e9s | Cirujano pl\u00e1stico del lago Tahoe\">  <div class=\"flc-yt__title\">Reno Cirug\u00eda Est\u00e9tica Facial Bajo Anestesia Local Antes y Despu\u00e9s | Cirujano pl\u00e1stico del lago Tahoe<\/div>  <span class=\"flc-yt__play\">    <svg viewBox=\"0 0 68 48\" xmlns=\"http:\/\/www.w3.org\/2000\/svg\" aria-hidden=\"true\"><path d=\"M66.5 7.8A8.5 8.5 0 0 0 60.6 2C55.3.5 34 .5 34 .5S12.7.5 7.4 2A8.5 8.5 0 0 0 1.5 7.8C0 13.1 0 24 0 24s0 10.9 1.5 16.2A8.5 8.5 0 0 0 7.4 46C12.7 47.5 34 47.5 34 47.5s21.3 0 26.6-1.5a8.5 8.5 0 0 0 5.9-5.8C68 34.9 68 24 68 24s0-10.9-1.5-16.2Z\" fill=\"#f00\"\/><path d=\"M27 34l18-10-18-10v20Z\" fill=\"#fff\"\/><\/svg>  <\/span><\/button><\/div>\n<div class=\"col-md-6\"><button class=\"flc-yt lazyload\" data-id=\"8xFvbuKsRno\" data-title=\"Reno Mini-Estiramiento Facial, Estiramiento de Cuello Antes y Despu\u00e9s | Mand\u00edbula m\u00e1s afilada del lago Tahoe | Cirug\u00eda Pl\u00e1stica Avance\" data-bg=\"https:\/\/i.ytimg.com\/vi\/8xFvbuKsRno\/hqdefault.jpg\" aria-label=\"Play video Reno Mini-Estiramiento Facial, Estiramiento de Cuello Antes y Despu\u00e9s | Mand\u00edbula m\u00e1s afilada del lago Tahoe | Cirug\u00eda Pl\u00e1stica Avance\">  <div class=\"flc-yt__title\">Reno Mini-Estiramiento Facial, Estiramiento de Cuello Antes y Despu\u00e9s | Mand\u00edbula m\u00e1s afilada del lago Tahoe | Cirug\u00eda Pl\u00e1stica Avance<\/div>  <span class=\"flc-yt__play\">    <svg viewBox=\"0 0 68 48\" xmlns=\"http:\/\/www.w3.org\/2000\/svg\" aria-hidden=\"true\"><path d=\"M66.5 7.8A8.5 8.5 0 0 0 60.6 2C55.3.5 34 .5 34 .5S12.7.5 7.4 2A8.5 8.5 0 0 0 1.5 7.8C0 13.1 0 24 0 24s0 10.9 1.5 16.2A8.5 8.5 0 0 0 7.4 46C12.7 47.5 34 47.5 34 47.5s21.3 0 26.6-1.5a8.5 8.5 0 0 0 5.9-5.8C68 34.9 68 24 68 24s0-10.9-1.5-16.2Z\" fill=\"#f00\"\/><path d=\"M27 34l18-10-18-10v20Z\" fill=\"#fff\"\/><\/svg>  <\/span><\/button><\/div>\n<div class=\"col-md-6\"><button class=\"flc-yt lazyload\" data-id=\"BjMR62jdUNc\" data-title=\"Reno NV Mini Facelift &amp; Necklift Before &amp; After | Dr. Erez Dayan | Avance Plastic Surgery Institute\" data-bg=\"https:\/\/i.ytimg.com\/vi\/BjMR62jdUNc\/hqdefault.jpg\" aria-label=\"Play video Reno NV Mini Facelift &amp; Necklift Before &amp; After | Dr. Erez Dayan | Avance Plastic Surgery Institute\">  <div class=\"flc-yt__title\">Reno NV Mini Facelift &amp; Necklift Before &amp; After | Dr. Erez Dayan | Avance Plastic Surgery Institute<\/div>  <span class=\"flc-yt__play\">    <svg viewBox=\"0 0 68 48\" xmlns=\"http:\/\/www.w3.org\/2000\/svg\" aria-hidden=\"true\"><path d=\"M66.5 7.8A8.5 8.5 0 0 0 60.6 2C55.3.5 34 .5 34 .5S12.7.5 7.4 2A8.5 8.5 0 0 0 1.5 7.8C0 13.1 0 24 0 24s0 10.9 1.5 16.2A8.5 8.5 0 0 0 7.4 46C12.7 47.5 34 47.5 34 47.5s21.3 0 26.6-1.5a8.5 8.5 0 0 0 5.9-5.8C68 34.9 68 24 68 24s0-10.9-1.5-16.2Z\" fill=\"#f00\"\/><path d=\"M27 34l18-10-18-10v20Z\" fill=\"#fff\"\/><\/svg>  <\/span><\/button><\/div>\n<\/div>\n<h2>\u00bfQu\u00e9 es un minilifting facial?<\/h2>\n<p>Un mini estiramiento facial es un procedimiento de cicatriz corta menos invasivo que requiere menos acceso a los tejidos faciales subyacentes. Las incisiones generalmente se ocultan frente a la oreja, donde el Dr. Dayan levanta el tejido y los m\u00fasculos peque\u00f1os debajo de la piel, eliminando cualquier exceso y remodelando los contornos de las mand\u00edbulas. Este <a title=\"Reno NV Procedimientos de cirug\u00eda pl\u00e1stica cosm\u00e9tica de cara y cuello\" href=\"https:\/\/www.avanceplasticsurgery.com\/es\/procedimientos-cosmeticos-y-de-cirugia\/procedimientos-cosmeticos-de-cara-y-cuello\/\">procedimiento cosm\u00e9tico facial<\/a> tambi\u00e9n puede incluir lipoescultura, en la que el Dr. Dayan extrae y redistribuye el tejido graso para suavizar y perfilar el rostro a\u00fan m\u00e1s.<\/p>\n<p>La recuperaci\u00f3n de un mini estiramiento facial es mucho m\u00e1s r\u00e1pida debido a las incisiones m\u00e1s peque\u00f1as y la necesidad de menos ajustes debajo de la piel. Los pacientes est\u00e1n bajo anestesia general y regresan a casa con un vendaje quir\u00fargico el mismo d\u00eda. El vendaje se puede quitar en 24 horas y usted regresar\u00e1 para permitir que el Dr. Dayan quite los puntos en 7 a 10 d\u00edas. Un poco de hinchaz\u00f3n postoperatoria es normal, pero no tanto como con un estiramiento facial tradicional.<\/p>\n<p>Deber\u00eda ver resultados completos y ausencia de hinchaz\u00f3n en 4 a 6 semanas, y muchos pacientes pueden regresar al trabajo y sus actividades normales en 2 a 3 semanas. El Dr. Dayan brindar\u00e1 instrucciones espec\u00edficas para el cuidado posterior y las actividades posoperatorias, as\u00ed como el cuidado de seguimiento personal para garantizar su recuperaci\u00f3n completa y satisfactoria.<\/p>\n<p>Si tiene algunos signos iniciales de envejecimiento en la cara y se siente demasiado joven para comenzar a verse viejo, <a title=\"P\u00f3ngase en contacto con el Instituto de Cirug\u00eda Pl\u00e1stica Avance en Reno NV\" href=\"https:\/\/www.avanceplasticsurgery.com\/es\/contactenos\/\">comun\u00edquese con el Instituto de Cirug\u00eda Pl\u00e1stica Avance<\/a> en Reno\/Tahoe, NV, para una consulta quir\u00fargica de mini estiramiento facial con el Dr. Erez Dayan.<\/p>\n<h3>Programa de mantenimiento<\/h3>\n<p>El <a href=\"https:\/\/www.avanceplasticsurgery.com\/es\/acerca-de\/programa-de-mantenimiento\/\">programa de mantenimiento<\/a> en Avance Plastic Surgery Institute est\u00e1 dise\u00f1ado para ofrecer a los pacientes una forma conveniente de continuar viendo los beneficios de nuestros tratamientos durante el mayor tiempo posible.<\/p>\n<p>Para mantener los resultados de los procedimientos cosm\u00e9ticos de cara y cuello, recomendamos tratamientos no invasivos y m\u00ednimamente invasivos con los siguientes dispositivos:<\/p>\n<ul>\n<li>Forma (InMode)<\/li>\n<li>Morfeo 8 (en modo)<\/li>\n<li>Evoke (InMode)<\/li>\n<\/ul>\n","protected":false},"excerpt":{"rendered":"<p>Mini Cirug\u00eda de Estiramiento Facial Aquellos que tienen solo una ligera ca\u00edda de la papada y l\u00edneas leves alrededor&hellip;<\/p>\n","protected":false},"author":1,"featured_media":0,"parent":8911,"menu_order":0,"comment_status":"closed","ping_status":"closed","template":"","meta":{"_acf_changed":false,"footnotes":""},"class_list":["post-8922","page","type-page","status-publish"],"acf":[],"yoast_head":"<!-- This site is optimized with the Yoast SEO plugin v27.4 - https:\/\/yoast.com\/product\/yoast-seo-wordpress\/ -->\n<title>Cirug\u00eda de estiramiento facial mini Reno NV | Lake Tahoe \u00bfQu\u00e9 es un Mini Estiramiento Facial?<\/title>\n<meta name=\"description\" content=\"La cirug\u00eda de mini estiramiento facial es una opci\u00f3n menos invasiva para eliminar los primeros signos del envejecimiento con una recuperaci\u00f3n m\u00e1s r\u00e1pida y f\u00e1cil. El Dr. Erez Dayan ofrece esta opci\u00f3n quir\u00fargica para candidatos calificados en el Instituto de Cirug\u00eda Pl\u00e1stica Avance en Reno, Nevada.\" \/>\n<meta name=\"robots\" content=\"index, follow, max-snippet:-1, max-image-preview:large, max-video-preview:-1\" \/>\n<link rel=\"canonical\" href=\"https:\/\/www.avanceplasticsurgery.com\/es\/procedimientos-cosmeticos-y-de-cirugia\/procedimientos-cosmeticos-de-cara-y-cuello\/mini-cirugia-de-estiramiento-facial\/\" \/>\n<meta property=\"og:locale\" content=\"es_ES\" \/>\n<meta property=\"og:type\" content=\"article\" \/>\n<meta property=\"og:title\" content=\"Cirug\u00eda de estiramiento facial mini Reno NV | Lake Tahoe \u00bfQu\u00e9 es un Mini Estiramiento Facial?\" \/>\n<meta property=\"og:description\" content=\"La cirug\u00eda de mini estiramiento facial es una opci\u00f3n menos invasiva para eliminar los primeros signos del envejecimiento con una recuperaci\u00f3n m\u00e1s r\u00e1pida y f\u00e1cil. El Dr. Erez Dayan ofrece esta opci\u00f3n quir\u00fargica para candidatos calificados en el Instituto de Cirug\u00eda Pl\u00e1stica Avance en Reno, Nevada.\" \/>\n<meta property=\"og:url\" content=\"https:\/\/www.avanceplasticsurgery.com\/es\/procedimientos-cosmeticos-y-de-cirugia\/procedimientos-cosmeticos-de-cara-y-cuello\/mini-cirugia-de-estiramiento-facial\/\" \/>\n<meta property=\"og:site_name\" content=\"Avance Plastic Surgery\" \/>\n<meta property=\"article:modified_time\" content=\"2025-09-29T19:29:01+00:00\" \/>\n<meta name=\"twitter:card\" content=\"summary_large_image\" \/>\n<meta name=\"twitter:label1\" content=\"Tiempo de lectura\" \/>\n\t<meta name=\"twitter:data1\" content=\"3 minutos\" \/>\n<!-- \/ Yoast SEO plugin. -->","yoast_head_json":{"title":"Cirug\u00eda de estiramiento facial mini Reno NV | Lake Tahoe \u00bfQu\u00e9 es un Mini Estiramiento Facial?","description":"La cirug\u00eda de mini estiramiento facial es una opci\u00f3n menos invasiva para eliminar los primeros signos del envejecimiento con una recuperaci\u00f3n m\u00e1s r\u00e1pida y f\u00e1cil. El Dr. Erez Dayan ofrece esta opci\u00f3n quir\u00fargica para candidatos calificados en el Instituto de Cirug\u00eda Pl\u00e1stica Avance en Reno, Nevada.","robots":{"index":"index","follow":"follow","max-snippet":"max-snippet:-1","max-image-preview":"max-image-preview:large","max-video-preview":"max-video-preview:-1"},"canonical":"https:\/\/www.avanceplasticsurgery.com\/es\/procedimientos-cosmeticos-y-de-cirugia\/procedimientos-cosmeticos-de-cara-y-cuello\/mini-cirugia-de-estiramiento-facial\/","og_locale":"es_ES","og_type":"article","og_title":"Cirug\u00eda de estiramiento facial mini Reno NV | Lake Tahoe \u00bfQu\u00e9 es un Mini Estiramiento Facial?","og_description":"La cirug\u00eda de mini estiramiento facial es una opci\u00f3n menos invasiva para eliminar los primeros signos del envejecimiento con una recuperaci\u00f3n m\u00e1s r\u00e1pida y f\u00e1cil. El Dr. Erez Dayan ofrece esta opci\u00f3n quir\u00fargica para candidatos calificados en el Instituto de Cirug\u00eda Pl\u00e1stica Avance en Reno, Nevada.","og_url":"https:\/\/www.avanceplasticsurgery.com\/es\/procedimientos-cosmeticos-y-de-cirugia\/procedimientos-cosmeticos-de-cara-y-cuello\/mini-cirugia-de-estiramiento-facial\/","og_site_name":"Avance Plastic Surgery","article_modified_time":"2025-09-29T19:29:01+00:00","twitter_card":"summary_large_image","twitter_misc":{"Tiempo de lectura":"3 minutos"},"schema":{"@context":"https:\/\/schema.org","@graph":[{"@type":"WebPage","@id":"https:\/\/www.avanceplasticsurgery.com\/es\/procedimientos-cosmeticos-y-de-cirugia\/procedimientos-cosmeticos-de-cara-y-cuello\/mini-cirugia-de-estiramiento-facial\/","url":"https:\/\/www.avanceplasticsurgery.com\/es\/procedimientos-cosmeticos-y-de-cirugia\/procedimientos-cosmeticos-de-cara-y-cuello\/mini-cirugia-de-estiramiento-facial\/","name":"Cirug\u00eda de estiramiento facial mini Reno NV | Lake Tahoe \u00bfQu\u00e9 es un Mini Estiramiento Facial?","isPartOf":{"@id":"https:\/\/www.avanceplasticsurgery.com\/es\/#website"},"datePublished":"2020-09-16T07:02:15+00:00","dateModified":"2025-09-29T19:29:01+00:00","description":"La cirug\u00eda de mini estiramiento facial es una opci\u00f3n menos invasiva para eliminar los primeros signos del envejecimiento con una recuperaci\u00f3n m\u00e1s r\u00e1pida y f\u00e1cil. El Dr. Erez Dayan ofrece esta opci\u00f3n quir\u00fargica para candidatos calificados en el Instituto de Cirug\u00eda Pl\u00e1stica Avance en Reno, Nevada.","breadcrumb":{"@id":"https:\/\/www.avanceplasticsurgery.com\/es\/procedimientos-cosmeticos-y-de-cirugia\/procedimientos-cosmeticos-de-cara-y-cuello\/mini-cirugia-de-estiramiento-facial\/#breadcrumb"},"inLanguage":"es","potentialAction":[{"@type":"ReadAction","target":["https:\/\/www.avanceplasticsurgery.com\/es\/procedimientos-cosmeticos-y-de-cirugia\/procedimientos-cosmeticos-de-cara-y-cuello\/mini-cirugia-de-estiramiento-facial\/"]}]},{"@type":"BreadcrumbList","@id":"https:\/\/www.avanceplasticsurgery.com\/es\/procedimientos-cosmeticos-y-de-cirugia\/procedimientos-cosmeticos-de-cara-y-cuello\/mini-cirugia-de-estiramiento-facial\/#breadcrumb","itemListElement":[{"@type":"ListItem","position":1,"name":"Home","item":"https:\/\/www.avanceplasticsurgery.com\/es\/"},{"@type":"ListItem","position":2,"name":"Cosm\u00e9tica","item":"https:\/\/www.avanceplasticsurgery.com\/es\/procedimientos-cosmeticos-y-de-cirugia\/"},{"@type":"ListItem","position":3,"name":"Procedimientos Cosm\u00e9ticos de Cara y Cuello","item":"https:\/\/www.avanceplasticsurgery.com\/es\/procedimientos-cosmeticos-y-de-cirugia\/procedimientos-cosmeticos-de-cara-y-cuello\/"},{"@type":"ListItem","position":4,"name":"Mini Cirug\u00eda de Estiramiento Facial"}]},{"@type":"WebSite","@id":"https:\/\/www.avanceplasticsurgery.com\/es\/#website","url":"https:\/\/www.avanceplasticsurgery.com\/es\/","name":"Avance Plastic Surgery","description":"","potentialAction":[{"@type":"SearchAction","target":{"@type":"EntryPoint","urlTemplate":"https:\/\/www.avanceplasticsurgery.com\/es\/?s={search_term_string}"},"query-input":{"@type":"PropertyValueSpecification","valueRequired":true,"valueName":"search_term_string"}}],"inLanguage":"es"}]}},"_links":{"self":[{"href":"https:\/\/www.avanceplasticsurgery.com\/es\/wp-json\/wp\/v2\/pages\/8922","targetHints":{"allow":["GET"]}}],"collection":[{"href":"https:\/\/www.avanceplasticsurgery.com\/es\/wp-json\/wp\/v2\/pages"}],"about":[{"href":"https:\/\/www.avanceplasticsurgery.com\/es\/wp-json\/wp\/v2\/types\/page"}],"author":[{"embeddable":true,"href":"https:\/\/www.avanceplasticsurgery.com\/es\/wp-json\/wp\/v2\/users\/1"}],"replies":[{"embeddable":true,"href":"https:\/\/www.avanceplasticsurgery.com\/es\/wp-json\/wp\/v2\/comments?post=8922"}],"version-history":[{"count":5,"href":"https:\/\/www.avanceplasticsurgery.com\/es\/wp-json\/wp\/v2\/pages\/8922\/revisions"}],"predecessor-version":[{"id":14348,"href":"https:\/\/www.avanceplasticsurgery.com\/es\/wp-json\/wp\/v2\/pages\/8922\/revisions\/14348"}],"up":[{"embeddable":true,"href":"https:\/\/www.avanceplasticsurgery.com\/es\/wp-json\/wp\/v2\/pages\/8911"}],"wp:attachment":[{"href":"https:\/\/www.avanceplasticsurgery.com\/es\/wp-json\/wp\/v2\/media?parent=8922"}],"curies":[{"name":"wp","href":"https:\/\/api.w.org\/{rel}","templated":true}]}}