{"id":8923,"date":"2020-09-16T07:03:51","date_gmt":"2020-09-16T07:03:51","guid":{"rendered":"https:\/\/www.avanceplasticsurgery.com\/procedimientos-cosmeticos-y-de-cirugia\/procedimientos-cosmeticos-de-cara-y-cuello\/remocion-de-lunares\/"},"modified":"2022-04-25T11:47:24","modified_gmt":"2022-04-25T11:47:24","slug":"remocion-de-lunares","status":"publish","type":"page","link":"https:\/\/www.avanceplasticsurgery.com\/es\/procedimientos-cosmeticos-y-de-cirugia\/procedimientos-cosmeticos-de-cara-y-cuello\/remocion-de-lunares\/","title":{"rendered":"Remoci\u00f3n de lunares"},"content":{"rendered":"<h1>Cirug\u00eda Pl\u00e1stica de Eliminaci\u00f3n de Lunares<\/h1>\n<p>Los lunares, tambi\u00e9n llamados nevos, son lesiones rosadas, marrones o tostadas formadas por grupos de c\u00e9lulas. Se pueden formar en una variedad de formas, tama\u00f1os y ubicaciones en el cuerpo. La mayor\u00eda no representan una amenaza para la salud, pero pueden ocurrir en \u00e1reas donde se vuelven irritantes al usar ropa o joyas. La mayor preocupaci\u00f3n con los lunares es su falta de atractivo est\u00e9tico, especialmente cuando son grandes y se encuentran en \u00e1reas muy visibles.<\/p>\n<p>Si bien <a title=\"Reno NV Procedimientos de cirug\u00eda pl\u00e1stica cosm\u00e9tica de cara y cuello\" href=\"https:\/\/www.avanceplasticsurgery.com\/es\/cosmetic-and-surgery-procedures\/face-neck-cosmetic-procedures\/\">la cirug\u00eda pl\u00e1stica de<\/a> remoci\u00f3n de lunares es, en la mayor\u00eda de los casos, una cirug\u00eda menor, es mejor que la realice un cirujano pl\u00e1stico que pueda usar t\u00e9cnicas quir\u00fargicas avanzadas para minimizar las cicatrices. Este es especialmente el caso de los lunares m\u00e1s grandes que no se pueden eliminar por medios no quir\u00fargicos. El Dr. Erez Dayan del Instituto de Cirug\u00eda Pl\u00e1stica Avance en Reno\/Tahoe, NV, puede realizar de manera r\u00e1pida y experta una cirug\u00eda pl\u00e1stica de eliminaci\u00f3n de lunares para eliminar los nevos problem\u00e1ticos en cualquier \u00e1rea del cuerpo.<\/p>\n<h2>Tratamiento de nevus en Reno\/Tahoe cerca del lago Tahoe<\/h2>\n<p>El Dr. Dayan puede realizar algunos m\u00e9todos de tratamiento de nevus en Reno\/Tahoe en el Avance Plastic Surgery Institute. Estos incluyen varios m\u00e9todos quir\u00fargicos de diferentes niveles de invasividad o eliminaci\u00f3n con l\u00e1ser. En todos los casos, el Dr. Dayan examinar\u00e1 los nevos en cuesti\u00f3n y recomendar\u00e1 el mejor m\u00e9todo para eliminarlos. Cada paciente recibe un plan de tratamiento personalizado que es \u00fanico para sus necesidades y deseos.<\/p>\n<p>El Dr. Dayan es un h\u00e1bil cirujano pl\u00e1stico est\u00e9tico y reconstructivo que ha recibido capacitaci\u00f3n en prestigiosos centros de cirug\u00eda pl\u00e1stica, as\u00ed como varios premios de excelencia. Adem\u00e1s de su pr\u00e1ctica privada en el Instituto de Cirug\u00eda Pl\u00e1stica Avance en Reno\/Tahoe, con frecuencia da conferencias, escribe y demuestra procedimientos de cirug\u00eda pl\u00e1stica est\u00e9tica y reconstructiva en todo el mundo.<\/p>\n<p>La mayor\u00eda de los tratamientos de nevus del Dr. Dayan se completan en su consultorio de Reno\/Tahoe bajo anestesia local. Cada paciente recibe instrucciones completas de cuidado posterior para regresar a casa, as\u00ed como atenci\u00f3n de seguimiento del Dr. Dayan para garantizar una recuperaci\u00f3n completa. Para programar un tratamiento de nevus en Reno\/Tahoe cerca de Lake Tahoe, NV, <a title=\"P\u00f3ngase en contacto con el Instituto de Cirug\u00eda Pl\u00e1stica Avance en Reno NV\" href=\"https:\/\/www.avanceplasticsurgery.com\/es\/contact-us-dr-erez-dayan\/\">cont\u00e1ctenos en l\u00ednea<\/a> o llame al (775) 800-4444 y hable con un miembro del equipo del Avance Plastic Surgery Institute.<\/p>\n<h3>Programa de mantenimiento<\/h3>\n<p>El <a href=\"https:\/\/www.avanceplasticsurgery.com\/es\/about-avance-plastic-surgery-institute\/plastic-surgery-maintenance\/\">programa de mantenimiento<\/a> en Avance Plastic Surgery Institute est\u00e1 dise\u00f1ado para ofrecer a los pacientes una forma conveniente de continuar viendo los beneficios de nuestros tratamientos durante el mayor tiempo posible.<\/p>\n<p>Para mantener los resultados de los procedimientos cosm\u00e9ticos de cara y cuello, recomendamos tratamientos no invasivos y m\u00ednimamente invasivos con los siguientes dispositivos:<\/p>\n<ul>\n<li>Forma (en modo)<\/li>\n<li>Morfeo 8 (en modo)<\/li>\n<li>Evocar (en modo)<\/li>\n<\/ul>\n","protected":false},"excerpt":{"rendered":"<p>Cirug\u00eda Pl\u00e1stica de Eliminaci\u00f3n de Lunares Los lunares, tambi\u00e9n llamados nevos, son lesiones rosadas, marrones o tostadas formadas por&hellip;<\/p>\n","protected":false},"author":1,"featured_media":0,"parent":8911,"menu_order":0,"comment_status":"closed","ping_status":"closed","template":"","meta":{"_acf_changed":false,"footnotes":""},"class_list":["post-8923","page","type-page","status-publish"],"acf":[],"yoast_head":"<!-- This site is optimized with the Yoast SEO plugin v25.6 - https:\/\/yoast.com\/wordpress\/plugins\/seo\/ -->\n<title>Reno NV Cirujano pl\u00e1stico de eliminaci\u00f3n de lunares | Tratamiento del nevo del lago Tahoe<\/title>\n<meta name=\"description\" content=\"La cirug\u00eda de remoci\u00f3n de lunares est\u00e1 disponible por razones funcionales o cosm\u00e9ticas por el cirujano pl\u00e1stico Dr. Erez Dayan. Llame al Instituto de Cirug\u00eda Pl\u00e1stica Avance en Reno para un tratamiento de nevus avanzado.\" \/>\n<meta name=\"robots\" content=\"index, follow, max-snippet:-1, max-image-preview:large, max-video-preview:-1\" \/>\n<link rel=\"canonical\" href=\"https:\/\/www.avanceplasticsurgery.com\/es\/procedimientos-cosmeticos-y-de-cirugia\/procedimientos-cosmeticos-de-cara-y-cuello\/remocion-de-lunares\/\" \/>\n<meta property=\"og:locale\" content=\"es_ES\" \/>\n<meta property=\"og:type\" content=\"article\" \/>\n<meta property=\"og:title\" content=\"Reno NV Cirujano pl\u00e1stico de eliminaci\u00f3n de lunares | Tratamiento del nevo del lago Tahoe\" \/>\n<meta property=\"og:description\" content=\"La cirug\u00eda de remoci\u00f3n de lunares est\u00e1 disponible por razones funcionales o cosm\u00e9ticas por el cirujano pl\u00e1stico Dr. Erez Dayan. Llame al Instituto de Cirug\u00eda Pl\u00e1stica Avance en Reno para un tratamiento de nevus avanzado.\" \/>\n<meta property=\"og:url\" content=\"https:\/\/www.avanceplasticsurgery.com\/es\/procedimientos-cosmeticos-y-de-cirugia\/procedimientos-cosmeticos-de-cara-y-cuello\/remocion-de-lunares\/\" \/>\n<meta property=\"og:site_name\" content=\"Avance Plastic Surgery\" \/>\n<meta property=\"article:modified_time\" content=\"2022-04-25T11:47:24+00:00\" \/>\n<meta name=\"twitter:card\" content=\"summary_large_image\" \/>\n<meta name=\"twitter:label1\" content=\"Tiempo de lectura\" \/>\n\t<meta name=\"twitter:data1\" content=\"3 minutos\" \/>\n<!-- \/ Yoast SEO plugin. -->","yoast_head_json":{"title":"Reno NV Cirujano pl\u00e1stico de eliminaci\u00f3n de lunares | Tratamiento del nevo del lago Tahoe","description":"La cirug\u00eda de remoci\u00f3n de lunares est\u00e1 disponible por razones funcionales o cosm\u00e9ticas por el cirujano pl\u00e1stico Dr. Erez Dayan. Llame al Instituto de Cirug\u00eda Pl\u00e1stica Avance en Reno para un tratamiento de nevus avanzado.","robots":{"index":"index","follow":"follow","max-snippet":"max-snippet:-1","max-image-preview":"max-image-preview:large","max-video-preview":"max-video-preview:-1"},"canonical":"https:\/\/www.avanceplasticsurgery.com\/es\/procedimientos-cosmeticos-y-de-cirugia\/procedimientos-cosmeticos-de-cara-y-cuello\/remocion-de-lunares\/","og_locale":"es_ES","og_type":"article","og_title":"Reno NV Cirujano pl\u00e1stico de eliminaci\u00f3n de lunares | Tratamiento del nevo del lago Tahoe","og_description":"La cirug\u00eda de remoci\u00f3n de lunares est\u00e1 disponible por razones funcionales o cosm\u00e9ticas por el cirujano pl\u00e1stico Dr. Erez Dayan. Llame al Instituto de Cirug\u00eda Pl\u00e1stica Avance en Reno para un tratamiento de nevus avanzado.","og_url":"https:\/\/www.avanceplasticsurgery.com\/es\/procedimientos-cosmeticos-y-de-cirugia\/procedimientos-cosmeticos-de-cara-y-cuello\/remocion-de-lunares\/","og_site_name":"Avance Plastic Surgery","article_modified_time":"2022-04-25T11:47:24+00:00","twitter_card":"summary_large_image","twitter_misc":{"Tiempo de lectura":"3 minutos"},"schema":{"@context":"https:\/\/schema.org","@graph":[{"@type":"WebPage","@id":"https:\/\/www.avanceplasticsurgery.com\/es\/procedimientos-cosmeticos-y-de-cirugia\/procedimientos-cosmeticos-de-cara-y-cuello\/remocion-de-lunares\/","url":"https:\/\/www.avanceplasticsurgery.com\/es\/procedimientos-cosmeticos-y-de-cirugia\/procedimientos-cosmeticos-de-cara-y-cuello\/remocion-de-lunares\/","name":"Reno NV Cirujano pl\u00e1stico de eliminaci\u00f3n de lunares | Tratamiento del nevo del lago Tahoe","isPartOf":{"@id":"https:\/\/www.avanceplasticsurgery.com\/es\/#website"},"datePublished":"2020-09-16T07:03:51+00:00","dateModified":"2022-04-25T11:47:24+00:00","description":"La cirug\u00eda de remoci\u00f3n de lunares est\u00e1 disponible por razones funcionales o cosm\u00e9ticas por el cirujano pl\u00e1stico Dr. Erez Dayan. Llame al Instituto de Cirug\u00eda Pl\u00e1stica Avance en Reno para un tratamiento de nevus avanzado.","breadcrumb":{"@id":"https:\/\/www.avanceplasticsurgery.com\/es\/procedimientos-cosmeticos-y-de-cirugia\/procedimientos-cosmeticos-de-cara-y-cuello\/remocion-de-lunares\/#breadcrumb"},"inLanguage":"es","potentialAction":[{"@type":"ReadAction","target":["https:\/\/www.avanceplasticsurgery.com\/es\/procedimientos-cosmeticos-y-de-cirugia\/procedimientos-cosmeticos-de-cara-y-cuello\/remocion-de-lunares\/"]}]},{"@type":"BreadcrumbList","@id":"https:\/\/www.avanceplasticsurgery.com\/es\/procedimientos-cosmeticos-y-de-cirugia\/procedimientos-cosmeticos-de-cara-y-cuello\/remocion-de-lunares\/#breadcrumb","itemListElement":[{"@type":"ListItem","position":1,"name":"Home","item":"https:\/\/www.avanceplasticsurgery.com\/es\/"},{"@type":"ListItem","position":2,"name":"Cosm\u00e9tica","item":"https:\/\/www.avanceplasticsurgery.com\/es\/procedimientos-cosmeticos-y-de-cirugia\/"},{"@type":"ListItem","position":3,"name":"Procedimientos Cosm\u00e9ticos de Cara y Cuello","item":"https:\/\/www.avanceplasticsurgery.com\/es\/procedimientos-cosmeticos-y-de-cirugia\/procedimientos-cosmeticos-de-cara-y-cuello\/"},{"@type":"ListItem","position":4,"name":"Remoci\u00f3n de lunares"}]},{"@type":"WebSite","@id":"https:\/\/www.avanceplasticsurgery.com\/es\/#website","url":"https:\/\/www.avanceplasticsurgery.com\/es\/","name":"Avance Plastic Surgery","description":"","potentialAction":[{"@type":"SearchAction","target":{"@type":"EntryPoint","urlTemplate":"https:\/\/www.avanceplasticsurgery.com\/es\/?s={search_term_string}"},"query-input":{"@type":"PropertyValueSpecification","valueRequired":true,"valueName":"search_term_string"}}],"inLanguage":"es"}]}},"_links":{"self":[{"href":"https:\/\/www.avanceplasticsurgery.com\/es\/wp-json\/wp\/v2\/pages\/8923","targetHints":{"allow":["GET"]}}],"collection":[{"href":"https:\/\/www.avanceplasticsurgery.com\/es\/wp-json\/wp\/v2\/pages"}],"about":[{"href":"https:\/\/www.avanceplasticsurgery.com\/es\/wp-json\/wp\/v2\/types\/page"}],"author":[{"embeddable":true,"href":"https:\/\/www.avanceplasticsurgery.com\/es\/wp-json\/wp\/v2\/users\/1"}],"replies":[{"embeddable":true,"href":"https:\/\/www.avanceplasticsurgery.com\/es\/wp-json\/wp\/v2\/comments?post=8923"}],"version-history":[{"count":2,"href":"https:\/\/www.avanceplasticsurgery.com\/es\/wp-json\/wp\/v2\/pages\/8923\/revisions"}],"predecessor-version":[{"id":9240,"href":"https:\/\/www.avanceplasticsurgery.com\/es\/wp-json\/wp\/v2\/pages\/8923\/revisions\/9240"}],"up":[{"embeddable":true,"href":"https:\/\/www.avanceplasticsurgery.com\/es\/wp-json\/wp\/v2\/pages\/8911"}],"wp:attachment":[{"href":"https:\/\/www.avanceplasticsurgery.com\/es\/wp-json\/wp\/v2\/media?parent=8923"}],"curies":[{"name":"wp","href":"https:\/\/api.w.org\/{rel}","templated":true}]}}