{"id":8924,"date":"2020-09-16T07:05:20","date_gmt":"2020-09-16T07:05:20","guid":{"rendered":"https:\/\/www.avanceplasticsurgery.com\/procedimientos-cosmeticos-y-de-cirugia\/procedimientos-cosmeticos-de-cara-y-cuello\/liposuccion-de-cuello\/"},"modified":"2025-09-29T19:36:05","modified_gmt":"2025-09-29T19:36:05","slug":"liposuccion-de-cuello","status":"publish","type":"page","link":"https:\/\/www.avanceplasticsurgery.com\/es\/procedimientos-cosmeticos-y-de-cirugia\/procedimientos-cosmeticos-de-cara-y-cuello\/liposuccion-de-cuello\/","title":{"rendered":"Liposucci\u00f3n de cuello"},"content":{"rendered":"<h1>Liposucci\u00f3n de cuello<\/h1>\n<p>Aquellos a quienes les molesta la apariencia de un exceso de grasa debajo de la barbilla o un \u00e1ngulo de cuello indefinido pueden ser buenos candidatos para la liposucci\u00f3n de cuello. Esto puede ser realizado por el Dr. Dayan como un procedimiento independiente o como parte de varios <a title=\"Reno NV Procedimientos de cirug\u00eda pl\u00e1stica cosm\u00e9tica de cara y cuello\" href=\"https:\/\/www.avanceplasticsurgery.com\/es\/procedimientos-cosmeticos-y-de-cirugia\/procedimientos-cosmeticos-de-cara-y-cuello\/\">otros procedimientos cosm\u00e9ticos<\/a> para producir una apariencia m\u00e1s agradable. El Dr. Dayan utiliza rutinariamente procedimientos de liposucci\u00f3n y transferencia de grasa con muchas otras mejoras quir\u00fargicas para garantizar contornos mejores y m\u00e1s suaves que parezcan completamente naturales.<\/p>\n<p>El cuello se observa primero junto con la cara y forma una parte importante de su atractivo est\u00e9tico. Se puede desarrollar un exceso de tejido graso en esta \u00e1rea debajo de la barbilla que es pr\u00e1cticamente imposible de perder a trav\u00e9s de la dieta y el ejercicio. La liposucci\u00f3n de cuello es un procedimiento elegido por muchas personas que han trabajado duro para tonificar y dar forma a su cuerpo, pero luchan contra la grasa persistente del cuello y la barbilla.<\/p>\n<div class=\"row\">\n<div class=\"col-md-6\"><button class=\"flc-yt lazyload\" data-id=\"URh-UsEB8hg\" data-title=\"Neck Contouring With Radio Frequency and Liposuction | Avance Plastic Surgery | Dr. Erez Dayan\" data-bg=\"https:\/\/i.ytimg.com\/vi\/URh-UsEB8hg\/hqdefault.jpg\" aria-label=\"Play video Neck Contouring With Radio Frequency and Liposuction | Avance Plastic Surgery | Dr. Erez Dayan\">  <div class=\"flc-yt__title\">Neck Contouring With Radio Frequency and Liposuction | Avance Plastic Surgery | Dr. Erez Dayan<\/div>  <span class=\"flc-yt__play\">    <svg viewBox=\"0 0 68 48\" xmlns=\"http:\/\/www.w3.org\/2000\/svg\" aria-hidden=\"true\"><path d=\"M66.5 7.8A8.5 8.5 0 0 0 60.6 2C55.3.5 34 .5 34 .5S12.7.5 7.4 2A8.5 8.5 0 0 0 1.5 7.8C0 13.1 0 24 0 24s0 10.9 1.5 16.2A8.5 8.5 0 0 0 7.4 46C12.7 47.5 34 47.5 34 47.5s21.3 0 26.6-1.5a8.5 8.5 0 0 0 5.9-5.8C68 34.9 68 24 68 24s0-10.9-1.5-16.2Z\" fill=\"#f00\"\/><path d=\"M27 34l18-10-18-10v20Z\" fill=\"#fff\"\/><\/svg>  <\/span><\/button><\/div>\n<div class=\"col-md-6\"><button class=\"flc-yt lazyload\" data-id=\"oBKgxCSs-EI\" data-title=\"Neck Contouring 3-Week Result | Avance Plastic Surgery Institute: Dr. Erez Dayan\" data-bg=\"https:\/\/i.ytimg.com\/vi\/oBKgxCSs-EI\/hqdefault.jpg\" aria-label=\"Play video Neck Contouring 3-Week Result | Avance Plastic Surgery Institute: Dr. Erez Dayan\">  <div class=\"flc-yt__title\">Neck Contouring 3-Week Result | Avance Plastic Surgery Institute: Dr. Erez Dayan<\/div>  <span class=\"flc-yt__play\">    <svg viewBox=\"0 0 68 48\" xmlns=\"http:\/\/www.w3.org\/2000\/svg\" aria-hidden=\"true\"><path d=\"M66.5 7.8A8.5 8.5 0 0 0 60.6 2C55.3.5 34 .5 34 .5S12.7.5 7.4 2A8.5 8.5 0 0 0 1.5 7.8C0 13.1 0 24 0 24s0 10.9 1.5 16.2A8.5 8.5 0 0 0 7.4 46C12.7 47.5 34 47.5 34 47.5s21.3 0 26.6-1.5a8.5 8.5 0 0 0 5.9-5.8C68 34.9 68 24 68 24s0-10.9-1.5-16.2Z\" fill=\"#f00\"\/><path d=\"M27 34l18-10-18-10v20Z\" fill=\"#fff\"\/><\/svg>  <\/span><\/button><\/div>\n<div class=\"col-md-6\"><button class=\"flc-yt lazyload\" data-id=\"zUzfvf8Zmzo\" data-title=\"Liposucci\u00f3n de cuello despierto con estiramiento cut\u00e1neo por radiofrecuencia (FaceTite)\" data-bg=\"https:\/\/i.ytimg.com\/vi\/zUzfvf8Zmzo\/hqdefault.jpg\" aria-label=\"Play video Liposucci\u00f3n de cuello despierto con estiramiento cut\u00e1neo por radiofrecuencia (FaceTite)\">  <div class=\"flc-yt__title\">Liposucci\u00f3n de cuello despierto con estiramiento cut\u00e1neo por radiofrecuencia (FaceTite)<\/div>  <span class=\"flc-yt__play\">    <svg viewBox=\"0 0 68 48\" xmlns=\"http:\/\/www.w3.org\/2000\/svg\" aria-hidden=\"true\"><path d=\"M66.5 7.8A8.5 8.5 0 0 0 60.6 2C55.3.5 34 .5 34 .5S12.7.5 7.4 2A8.5 8.5 0 0 0 1.5 7.8C0 13.1 0 24 0 24s0 10.9 1.5 16.2A8.5 8.5 0 0 0 7.4 46C12.7 47.5 34 47.5 34 47.5s21.3 0 26.6-1.5a8.5 8.5 0 0 0 5.9-5.8C68 34.9 68 24 68 24s0-10.9-1.5-16.2Z\" fill=\"#f00\"\/><path d=\"M27 34l18-10-18-10v20Z\" fill=\"#fff\"\/><\/svg>  <\/span><\/button><\/div>\n<div class=\"col-md-6\"><button class=\"flc-yt lazyload\" data-id=\"Qa9qEhcEn0o\" data-title=\"Contorno de cuello y mand\u00edbula\" data-bg=\"https:\/\/i.ytimg.com\/vi\/Qa9qEhcEn0o\/hqdefault.jpg\" aria-label=\"Play video Contorno de cuello y mand\u00edbula\">  <div class=\"flc-yt__title\">Contorno de cuello y mand\u00edbula<\/div>  <span class=\"flc-yt__play\">    <svg viewBox=\"0 0 68 48\" xmlns=\"http:\/\/www.w3.org\/2000\/svg\" aria-hidden=\"true\"><path d=\"M66.5 7.8A8.5 8.5 0 0 0 60.6 2C55.3.5 34 .5 34 .5S12.7.5 7.4 2A8.5 8.5 0 0 0 1.5 7.8C0 13.1 0 24 0 24s0 10.9 1.5 16.2A8.5 8.5 0 0 0 7.4 46C12.7 47.5 34 47.5 34 47.5s21.3 0 26.6-1.5a8.5 8.5 0 0 0 5.9-5.8C68 34.9 68 24 68 24s0-10.9-1.5-16.2Z\" fill=\"#f00\"\/><path d=\"M27 34l18-10-18-10v20Z\" fill=\"#fff\"\/><\/svg>  <\/span><\/button><\/div>\n<div class=\"col-md-6\"><button class=\"flc-yt lazyload\" data-id=\"uRt2e_0Ey34\" data-title=\"Estiramiento de cuello no quir\u00fargico Reno\/Tahoe | Implante de Ment\u00f3n, Liposucci\u00f3n de Cuello, Estiramiento de la Piel | Dr. Erez Day\u00e1n\" data-bg=\"https:\/\/i.ytimg.com\/vi\/uRt2e_0Ey34\/hqdefault.jpg\" aria-label=\"Play video Estiramiento de cuello no quir\u00fargico Reno\/Tahoe | Implante de Ment\u00f3n, Liposucci\u00f3n de Cuello, Estiramiento de la Piel | Dr. Erez Day\u00e1n\">  <div class=\"flc-yt__title\">Estiramiento de cuello no quir\u00fargico Reno\/Tahoe | Implante de Ment\u00f3n, Liposucci\u00f3n de Cuello, Estiramiento de la Piel | Dr. Erez Day\u00e1n<\/div>  <span class=\"flc-yt__play\">    <svg viewBox=\"0 0 68 48\" xmlns=\"http:\/\/www.w3.org\/2000\/svg\" aria-hidden=\"true\"><path d=\"M66.5 7.8A8.5 8.5 0 0 0 60.6 2C55.3.5 34 .5 34 .5S12.7.5 7.4 2A8.5 8.5 0 0 0 1.5 7.8C0 13.1 0 24 0 24s0 10.9 1.5 16.2A8.5 8.5 0 0 0 7.4 46C12.7 47.5 34 47.5 34 47.5s21.3 0 26.6-1.5a8.5 8.5 0 0 0 5.9-5.8C68 34.9 68 24 68 24s0-10.9-1.5-16.2Z\" fill=\"#f00\"\/><path d=\"M27 34l18-10-18-10v20Z\" fill=\"#fff\"\/><\/svg>  <\/span><\/button><\/div>\n<div class=\"col-md-6\"><button class=\"flc-yt lazyload\" data-id=\"G7kYNhCGwZw\" data-title=\"Reno NV Minimally Invasive Face and Neck Contouring | Dr. Erez Dayan | Avance Plastic Surgery\" data-bg=\"https:\/\/i.ytimg.com\/vi\/G7kYNhCGwZw\/hqdefault.jpg\" aria-label=\"Play video Reno NV Minimally Invasive Face and Neck Contouring | Dr. Erez Dayan | Avance Plastic Surgery\">  <div class=\"flc-yt__title\">Reno NV Minimally Invasive Face and Neck Contouring | Dr. Erez Dayan | Avance Plastic Surgery<\/div>  <span class=\"flc-yt__play\">    <svg viewBox=\"0 0 68 48\" xmlns=\"http:\/\/www.w3.org\/2000\/svg\" aria-hidden=\"true\"><path d=\"M66.5 7.8A8.5 8.5 0 0 0 60.6 2C55.3.5 34 .5 34 .5S12.7.5 7.4 2A8.5 8.5 0 0 0 1.5 7.8C0 13.1 0 24 0 24s0 10.9 1.5 16.2A8.5 8.5 0 0 0 7.4 46C12.7 47.5 34 47.5 34 47.5s21.3 0 26.6-1.5a8.5 8.5 0 0 0 5.9-5.8C68 34.9 68 24 68 24s0-10.9-1.5-16.2Z\" fill=\"#f00\"\/><path d=\"M27 34l18-10-18-10v20Z\" fill=\"#fff\"\/><\/svg>  <\/span><\/button><\/div>\n<\/div>\n<p>Otros procedimientos que a menudo se combinan con la liposucci\u00f3n de cuello son el estiramiento de cuello, el implante de ment\u00f3n y el estiramiento facial. La recuperaci\u00f3n t\u00edpica variar\u00e1 con su procedimiento individual de liposucci\u00f3n de cuello y cualquier otro procedimiento combinado. En general, la recuperaci\u00f3n toma de 7 a 10 d\u00edas, y la hinchaz\u00f3n y los moretones generalmente desaparecen dentro de ese per\u00edodo de tiempo.<\/p>\n<h2>Remodelaci\u00f3n cosm\u00e9tica del cuello<\/h2>\n<p>Con la remodelaci\u00f3n cosm\u00e9tica del cuello del Dr. Dayan, generalmente hay peque\u00f1as incisiones debajo del ment\u00f3n y detr\u00e1s de las orejas a trav\u00e9s de las cuales inserta la c\u00e1nula de liposucci\u00f3n y otras herramientas quir\u00fargicas. El Dr. Dayan es un experto en t\u00e9cnicas quir\u00fargicas avanzadas para ocultar cicatrices y obtener un resultado completamente natural. El Dr. Dayan y su equipo est\u00e9tico a menudo son llamados para demostrar t\u00e9cnicas y tecnolog\u00edas quir\u00fargicas avanzadas para otros m\u00e9dicos y cirujanos en el Instituto de Cirug\u00eda Pl\u00e1stica Avance.<\/p>\n<p>Como cirujano pl\u00e1stico cosm\u00e9tico y reconstructivo y reconocido experto en contorno corporal, el Dr. Dayan puede realizar remodelaciones cosm\u00e9ticas del cuello para corregir una amplia variedad de dolencias. Cada paciente recibe un plan de tratamiento completamente personalizado para ayudarlo a lograr sus objetivos y deseos est\u00e9ticos. Despu\u00e9s de una consulta con el Dr. Dayan, recibir\u00e1 informaci\u00f3n completa sobre los procedimientos recomendados, incluida una lista de costos y opciones de financiamiento para el pago.<\/p>\n<p>La remodelaci\u00f3n cosm\u00e9tica del cuello con el Dr. Dayan puede cambiar por completo c\u00f3mo te ven los dem\u00e1s y c\u00f3mo te ves a ti mismo. <a title=\"P\u00f3ngase en contacto con el Instituto de Cirug\u00eda Pl\u00e1stica Avance en Reno NV\" href=\"https:\/\/www.avanceplasticsurgery.com\/es\/contactenos\/\">Comun\u00edquese con el Instituto de Cirug\u00eda Pl\u00e1stica Avance<\/a> en Reno\/Tahoe para programar su consulta de liposucci\u00f3n de cuello con el Dr. Dayan.<\/p>\n<h3>Programa de mantenimiento<\/h3>\n<p>El <a href=\"https:\/\/www.avanceplasticsurgery.com\/es\/acerca-de\/programa-de-mantenimiento\/\">programa de mantenimiento<\/a> en Avance Plastic Surgery Institute est\u00e1 dise\u00f1ado para ofrecer a los pacientes una forma conveniente de continuar viendo los beneficios de nuestros tratamientos durante el mayor tiempo posible.<\/p>\n<p>Para mantener los resultados de los procedimientos cosm\u00e9ticos de cara y cuello, recomendamos tratamientos no invasivos y m\u00ednimamente invasivos con los siguientes dispositivos:<\/p>\n<ul>\n<li>Forma (en modo)<\/li>\n<li>Morfeo 8 (en modo)<\/li>\n<li>Evocar (en modo)<\/li>\n<\/ul>\n","protected":false},"excerpt":{"rendered":"<p>Liposucci\u00f3n de cuello Aquellos a quienes les molesta la apariencia de un exceso de grasa debajo de la barbilla&hellip;<\/p>\n","protected":false},"author":1,"featured_media":0,"parent":8911,"menu_order":0,"comment_status":"closed","ping_status":"closed","template":"","meta":{"_acf_changed":false,"footnotes":""},"class_list":["post-8924","page","type-page","status-publish"],"acf":[],"yoast_head":"<!-- This site is optimized with the Yoast SEO plugin v27.4 - https:\/\/yoast.com\/product\/yoast-seo-wordpress\/ -->\n<title>Liposucci\u00f3n de cuello Reno NV | Remodelaci\u00f3n cosm\u00e9tica del cuello de Lake Tahoe<\/title>\n<meta name=\"description\" content=\"La liposucci\u00f3n de cuello es un procedimiento que se puede realizar solo o en combinaci\u00f3n con otros procedimientos est\u00e9ticos para eliminar por completo los signos del envejecimiento. Llame al Instituto de Cirug\u00eda Pl\u00e1stica Avance en Reno para una consulta con el Dr. Erez Dayan sobre la remodelaci\u00f3n cosm\u00e9tica del cuello con liposucci\u00f3n.\" \/>\n<meta name=\"robots\" content=\"index, follow, max-snippet:-1, max-image-preview:large, max-video-preview:-1\" \/>\n<link rel=\"canonical\" href=\"https:\/\/www.avanceplasticsurgery.com\/es\/procedimientos-cosmeticos-y-de-cirugia\/procedimientos-cosmeticos-de-cara-y-cuello\/liposuccion-de-cuello\/\" \/>\n<meta property=\"og:locale\" content=\"es_ES\" \/>\n<meta property=\"og:type\" content=\"article\" \/>\n<meta property=\"og:title\" content=\"Liposucci\u00f3n de cuello Reno NV | Remodelaci\u00f3n cosm\u00e9tica del cuello de Lake Tahoe\" \/>\n<meta property=\"og:description\" content=\"La liposucci\u00f3n de cuello es un procedimiento que se puede realizar solo o en combinaci\u00f3n con otros procedimientos est\u00e9ticos para eliminar por completo los signos del envejecimiento. Llame al Instituto de Cirug\u00eda Pl\u00e1stica Avance en Reno para una consulta con el Dr. Erez Dayan sobre la remodelaci\u00f3n cosm\u00e9tica del cuello con liposucci\u00f3n.\" \/>\n<meta property=\"og:url\" content=\"https:\/\/www.avanceplasticsurgery.com\/es\/procedimientos-cosmeticos-y-de-cirugia\/procedimientos-cosmeticos-de-cara-y-cuello\/liposuccion-de-cuello\/\" \/>\n<meta property=\"og:site_name\" content=\"Avance Plastic Surgery\" \/>\n<meta property=\"article:modified_time\" content=\"2025-09-29T19:36:05+00:00\" \/>\n<meta name=\"twitter:card\" content=\"summary_large_image\" \/>\n<meta name=\"twitter:label1\" content=\"Tiempo de lectura\" \/>\n\t<meta name=\"twitter:data1\" content=\"3 minutos\" \/>\n<!-- \/ Yoast SEO plugin. -->","yoast_head_json":{"title":"Liposucci\u00f3n de cuello Reno NV | Remodelaci\u00f3n cosm\u00e9tica del cuello de Lake Tahoe","description":"La liposucci\u00f3n de cuello es un procedimiento que se puede realizar solo o en combinaci\u00f3n con otros procedimientos est\u00e9ticos para eliminar por completo los signos del envejecimiento. Llame al Instituto de Cirug\u00eda Pl\u00e1stica Avance en Reno para una consulta con el Dr. Erez Dayan sobre la remodelaci\u00f3n cosm\u00e9tica del cuello con liposucci\u00f3n.","robots":{"index":"index","follow":"follow","max-snippet":"max-snippet:-1","max-image-preview":"max-image-preview:large","max-video-preview":"max-video-preview:-1"},"canonical":"https:\/\/www.avanceplasticsurgery.com\/es\/procedimientos-cosmeticos-y-de-cirugia\/procedimientos-cosmeticos-de-cara-y-cuello\/liposuccion-de-cuello\/","og_locale":"es_ES","og_type":"article","og_title":"Liposucci\u00f3n de cuello Reno NV | Remodelaci\u00f3n cosm\u00e9tica del cuello de Lake Tahoe","og_description":"La liposucci\u00f3n de cuello es un procedimiento que se puede realizar solo o en combinaci\u00f3n con otros procedimientos est\u00e9ticos para eliminar por completo los signos del envejecimiento. Llame al Instituto de Cirug\u00eda Pl\u00e1stica Avance en Reno para una consulta con el Dr. Erez Dayan sobre la remodelaci\u00f3n cosm\u00e9tica del cuello con liposucci\u00f3n.","og_url":"https:\/\/www.avanceplasticsurgery.com\/es\/procedimientos-cosmeticos-y-de-cirugia\/procedimientos-cosmeticos-de-cara-y-cuello\/liposuccion-de-cuello\/","og_site_name":"Avance Plastic Surgery","article_modified_time":"2025-09-29T19:36:05+00:00","twitter_card":"summary_large_image","twitter_misc":{"Tiempo de lectura":"3 minutos"},"schema":{"@context":"https:\/\/schema.org","@graph":[{"@type":"WebPage","@id":"https:\/\/www.avanceplasticsurgery.com\/es\/procedimientos-cosmeticos-y-de-cirugia\/procedimientos-cosmeticos-de-cara-y-cuello\/liposuccion-de-cuello\/","url":"https:\/\/www.avanceplasticsurgery.com\/es\/procedimientos-cosmeticos-y-de-cirugia\/procedimientos-cosmeticos-de-cara-y-cuello\/liposuccion-de-cuello\/","name":"Liposucci\u00f3n de cuello Reno NV | Remodelaci\u00f3n cosm\u00e9tica del cuello de Lake Tahoe","isPartOf":{"@id":"https:\/\/www.avanceplasticsurgery.com\/es\/#website"},"datePublished":"2020-09-16T07:05:20+00:00","dateModified":"2025-09-29T19:36:05+00:00","description":"La liposucci\u00f3n de cuello es un procedimiento que se puede realizar solo o en combinaci\u00f3n con otros procedimientos est\u00e9ticos para eliminar por completo los signos del envejecimiento. Llame al Instituto de Cirug\u00eda Pl\u00e1stica Avance en Reno para una consulta con el Dr. Erez Dayan sobre la remodelaci\u00f3n cosm\u00e9tica del cuello con liposucci\u00f3n.","breadcrumb":{"@id":"https:\/\/www.avanceplasticsurgery.com\/es\/procedimientos-cosmeticos-y-de-cirugia\/procedimientos-cosmeticos-de-cara-y-cuello\/liposuccion-de-cuello\/#breadcrumb"},"inLanguage":"es","potentialAction":[{"@type":"ReadAction","target":["https:\/\/www.avanceplasticsurgery.com\/es\/procedimientos-cosmeticos-y-de-cirugia\/procedimientos-cosmeticos-de-cara-y-cuello\/liposuccion-de-cuello\/"]}]},{"@type":"BreadcrumbList","@id":"https:\/\/www.avanceplasticsurgery.com\/es\/procedimientos-cosmeticos-y-de-cirugia\/procedimientos-cosmeticos-de-cara-y-cuello\/liposuccion-de-cuello\/#breadcrumb","itemListElement":[{"@type":"ListItem","position":1,"name":"Home","item":"https:\/\/www.avanceplasticsurgery.com\/es\/"},{"@type":"ListItem","position":2,"name":"Cosm\u00e9tica","item":"https:\/\/www.avanceplasticsurgery.com\/es\/procedimientos-cosmeticos-y-de-cirugia\/"},{"@type":"ListItem","position":3,"name":"Procedimientos Cosm\u00e9ticos de Cara y Cuello","item":"https:\/\/www.avanceplasticsurgery.com\/es\/procedimientos-cosmeticos-y-de-cirugia\/procedimientos-cosmeticos-de-cara-y-cuello\/"},{"@type":"ListItem","position":4,"name":"Liposucci\u00f3n de cuello"}]},{"@type":"WebSite","@id":"https:\/\/www.avanceplasticsurgery.com\/es\/#website","url":"https:\/\/www.avanceplasticsurgery.com\/es\/","name":"Avance Plastic Surgery","description":"","potentialAction":[{"@type":"SearchAction","target":{"@type":"EntryPoint","urlTemplate":"https:\/\/www.avanceplasticsurgery.com\/es\/?s={search_term_string}"},"query-input":{"@type":"PropertyValueSpecification","valueRequired":true,"valueName":"search_term_string"}}],"inLanguage":"es"}]}},"_links":{"self":[{"href":"https:\/\/www.avanceplasticsurgery.com\/es\/wp-json\/wp\/v2\/pages\/8924","targetHints":{"allow":["GET"]}}],"collection":[{"href":"https:\/\/www.avanceplasticsurgery.com\/es\/wp-json\/wp\/v2\/pages"}],"about":[{"href":"https:\/\/www.avanceplasticsurgery.com\/es\/wp-json\/wp\/v2\/types\/page"}],"author":[{"embeddable":true,"href":"https:\/\/www.avanceplasticsurgery.com\/es\/wp-json\/wp\/v2\/users\/1"}],"replies":[{"embeddable":true,"href":"https:\/\/www.avanceplasticsurgery.com\/es\/wp-json\/wp\/v2\/comments?post=8924"}],"version-history":[{"count":3,"href":"https:\/\/www.avanceplasticsurgery.com\/es\/wp-json\/wp\/v2\/pages\/8924\/revisions"}],"predecessor-version":[{"id":14354,"href":"https:\/\/www.avanceplasticsurgery.com\/es\/wp-json\/wp\/v2\/pages\/8924\/revisions\/14354"}],"up":[{"embeddable":true,"href":"https:\/\/www.avanceplasticsurgery.com\/es\/wp-json\/wp\/v2\/pages\/8911"}],"wp:attachment":[{"href":"https:\/\/www.avanceplasticsurgery.com\/es\/wp-json\/wp\/v2\/media?parent=8924"}],"curies":[{"name":"wp","href":"https:\/\/api.w.org\/{rel}","templated":true}]}}