{"id":8925,"date":"2020-09-16T07:06:58","date_gmt":"2020-09-16T07:06:58","guid":{"rendered":"https:\/\/www.avanceplasticsurgery.com\/procedimientos-cosmeticos-y-de-cirugia\/procedimientos-cosmeticos-de-cara-y-cuello\/levantamiento-de-mejillas-no-quirurgico\/"},"modified":"2022-04-25T11:43:57","modified_gmt":"2022-04-25T11:43:57","slug":"levantamiento-de-mejillas-no-quirurgico","status":"publish","type":"page","link":"https:\/\/www.avanceplasticsurgery.com\/es\/procedimientos-cosmeticos-y-de-cirugia\/procedimientos-cosmeticos-de-cara-y-cuello\/levantamiento-de-mejillas-no-quirurgico\/","title":{"rendered":"Levantamiento de mejillas no quir\u00fargico"},"content":{"rendered":"<h1>Levantamiento de mejillas no quir\u00fargico<\/h1>\n<p>Tus mejillas enmarcan tus otros rasgos faciales y preparan el escenario para toda tu est\u00e9tica. Cuando comienzan a caerse y perder volumen con la edad, esto puede provocar bolsas debajo de los ojos y l\u00edneas en la parte media de la cara. Para los primeros signos de p\u00e9rdida de volumen y envejecimiento de la piel, el Dr. Dayan puede recomendar un levantamiento de mejillas no quir\u00fargico. Este procedimiento m\u00ednimamente invasivo se puede lograr de varias maneras para evitar la cirug\u00eda y a\u00fan as\u00ed borrar los primeros signos del envejecimiento.<\/p>\n<p>El Dr. Dayan puede ofrecer estos <a title=\"Reno NV Procedimientos de cirug\u00eda pl\u00e1stica cosm\u00e9tica de cara y cuello\" href=\"https:\/\/www.avanceplasticsurgery.com\/es\/cosmetic-and-surgery-procedures\/face-neck-cosmetic-procedures\/\">procedimientos cosm\u00e9ticos<\/a> para levantar y agregar volumen a las mejillas en una sola visita al Instituto de Cirug\u00eda Pl\u00e1stica Avance en Reno\/Tahoe. Existen tratamientos para ayudar a mejorar la elasticidad de la piel que pueden rejuvenecer el \u00e1rea de las mejillas. El rejuvenecimiento con l\u00e1ser puede tensar la piel y estimular la producci\u00f3n de col\u00e1geno para producir una piel naturalmente m\u00e1s joven y saludable. Los rellenos inyectables tambi\u00e9n se pueden usar para agregar volumen y suavizar las arrugas y las l\u00edneas.<\/p>\n<h2>Estiramiento de la piel facial<\/h2>\n<p>Las t\u00e9cnicas de estiramiento de la piel del rostro del Dr. Dayan borran las l\u00edneas de marioneta, los pliegues nasolabiales y los desgarros mientras agregan volumen a las mejillas para una apariencia naturalmente m\u00e1s joven. El Dr. Dayan a menudo recomienda un enfoque combinado que se adapta a las necesidades y deseos de cada paciente. Estos pueden incluir rellenos d\u00e9rmicos, neurotoxinas, rejuvenecimiento con l\u00e1ser y estiramiento de la piel y otras opciones.<\/p>\n<p>El Dr. Dayan explicar\u00e1 cada opci\u00f3n junto con sus beneficios y riesgos, y c\u00f3mo cada una complementa las otras opciones para un rejuvenecimiento facial equilibrado y completo sin cirug\u00eda. Como un consumado cirujano pl\u00e1stico est\u00e9tico y reconstructivo, el Dr. Dayan est\u00e1 bien calificado para recomendar las mejores combinaciones posibles de tratamientos no invasivos o m\u00ednimamente invasivos para producir el aspecto que desea.<\/p>\n<p><a title=\"P\u00f3ngase en contacto con el Instituto de Cirug\u00eda Pl\u00e1stica Avance en Reno NV\" href=\"https:\/\/www.avanceplasticsurgery.com\/es\/contact-us-dr-erez-dayan\/\">Comun\u00edquese con el Instituto de Cirug\u00eda Pl\u00e1stica Avance<\/a> en Reno\/Tahoe, NV, por tel\u00e9fono al 775-800-4444 para programar una consulta con el Dr. Dayan para discutir las opciones para un levantamiento de mejillas no quir\u00fargico.<\/p>\n<h3>Programa de mantenimiento<\/h3>\n<p>El <a href=\"https:\/\/www.avanceplasticsurgery.com\/es\/about-avance-plastic-surgery-institute\/plastic-surgery-maintenance\/\">programa de mantenimiento<\/a> en Avance Plastic Surgery Institute est\u00e1 dise\u00f1ado para ofrecer a los pacientes una forma conveniente de continuar viendo los beneficios de nuestros tratamientos durante el mayor tiempo posible.<\/p>\n<p>Para mantener los resultados de los procedimientos cosm\u00e9ticos de cara y cuello, recomendamos tratamientos no invasivos y m\u00ednimamente invasivos con los siguientes dispositivos:<\/p>\n<ul>\n<li>Forma (en modo)<\/li>\n<li>Morfeo 8 (en modo)<\/li>\n<li>Evocar (en modo)<\/li>\n<\/ul>\n","protected":false},"excerpt":{"rendered":"<p>Levantamiento de mejillas no quir\u00fargico Tus mejillas enmarcan tus otros rasgos faciales y preparan el escenario para toda tu&hellip;<\/p>\n","protected":false},"author":1,"featured_media":0,"parent":8911,"menu_order":0,"comment_status":"closed","ping_status":"closed","template":"","meta":{"_acf_changed":false,"footnotes":""},"class_list":["post-8925","page","type-page","status-publish"],"acf":[],"yoast_head":"<!-- This site is optimized with the Yoast SEO plugin v25.6 - https:\/\/yoast.com\/wordpress\/plugins\/seo\/ -->\n<title>Levantamiento de mejillas sin cirug\u00eda Reno NV | Estiramiento de la piel facial del lago Tahoe<\/title>\n<meta name=\"description\" content=\"Un levantamiento de mejillas no quir\u00fargico utiliza t\u00e9cnicas m\u00ednimamente invasivas para tensar la piel y eliminar los signos sutiles del envejecimiento. Llame al Instituto de Cirug\u00eda Pl\u00e1stica Avance en Reno, NV, para programar una consulta de levantamiento de mejillas no quir\u00fargica con el Dr. Erez Dayan.\" \/>\n<meta name=\"robots\" content=\"index, follow, max-snippet:-1, max-image-preview:large, max-video-preview:-1\" \/>\n<link rel=\"canonical\" href=\"https:\/\/www.avanceplasticsurgery.com\/es\/procedimientos-cosmeticos-y-de-cirugia\/procedimientos-cosmeticos-de-cara-y-cuello\/levantamiento-de-mejillas-no-quirurgico\/\" \/>\n<meta property=\"og:locale\" content=\"es_ES\" \/>\n<meta property=\"og:type\" content=\"article\" \/>\n<meta property=\"og:title\" content=\"Levantamiento de mejillas sin cirug\u00eda Reno NV | Estiramiento de la piel facial del lago Tahoe\" \/>\n<meta property=\"og:description\" content=\"Un levantamiento de mejillas no quir\u00fargico utiliza t\u00e9cnicas m\u00ednimamente invasivas para tensar la piel y eliminar los signos sutiles del envejecimiento. Llame al Instituto de Cirug\u00eda Pl\u00e1stica Avance en Reno, NV, para programar una consulta de levantamiento de mejillas no quir\u00fargica con el Dr. Erez Dayan.\" \/>\n<meta property=\"og:url\" content=\"https:\/\/www.avanceplasticsurgery.com\/es\/procedimientos-cosmeticos-y-de-cirugia\/procedimientos-cosmeticos-de-cara-y-cuello\/levantamiento-de-mejillas-no-quirurgico\/\" \/>\n<meta property=\"og:site_name\" content=\"Avance Plastic Surgery\" \/>\n<meta property=\"article:modified_time\" content=\"2022-04-25T11:43:57+00:00\" \/>\n<meta name=\"twitter:card\" content=\"summary_large_image\" \/>\n<meta name=\"twitter:label1\" content=\"Tiempo de lectura\" \/>\n\t<meta name=\"twitter:data1\" content=\"2 minutos\" \/>\n<!-- \/ Yoast SEO plugin. -->","yoast_head_json":{"title":"Levantamiento de mejillas sin cirug\u00eda Reno NV | Estiramiento de la piel facial del lago Tahoe","description":"Un levantamiento de mejillas no quir\u00fargico utiliza t\u00e9cnicas m\u00ednimamente invasivas para tensar la piel y eliminar los signos sutiles del envejecimiento. Llame al Instituto de Cirug\u00eda Pl\u00e1stica Avance en Reno, NV, para programar una consulta de levantamiento de mejillas no quir\u00fargica con el Dr. Erez Dayan.","robots":{"index":"index","follow":"follow","max-snippet":"max-snippet:-1","max-image-preview":"max-image-preview:large","max-video-preview":"max-video-preview:-1"},"canonical":"https:\/\/www.avanceplasticsurgery.com\/es\/procedimientos-cosmeticos-y-de-cirugia\/procedimientos-cosmeticos-de-cara-y-cuello\/levantamiento-de-mejillas-no-quirurgico\/","og_locale":"es_ES","og_type":"article","og_title":"Levantamiento de mejillas sin cirug\u00eda Reno NV | Estiramiento de la piel facial del lago Tahoe","og_description":"Un levantamiento de mejillas no quir\u00fargico utiliza t\u00e9cnicas m\u00ednimamente invasivas para tensar la piel y eliminar los signos sutiles del envejecimiento. Llame al Instituto de Cirug\u00eda Pl\u00e1stica Avance en Reno, NV, para programar una consulta de levantamiento de mejillas no quir\u00fargica con el Dr. Erez Dayan.","og_url":"https:\/\/www.avanceplasticsurgery.com\/es\/procedimientos-cosmeticos-y-de-cirugia\/procedimientos-cosmeticos-de-cara-y-cuello\/levantamiento-de-mejillas-no-quirurgico\/","og_site_name":"Avance Plastic Surgery","article_modified_time":"2022-04-25T11:43:57+00:00","twitter_card":"summary_large_image","twitter_misc":{"Tiempo de lectura":"2 minutos"},"schema":{"@context":"https:\/\/schema.org","@graph":[{"@type":"WebPage","@id":"https:\/\/www.avanceplasticsurgery.com\/es\/procedimientos-cosmeticos-y-de-cirugia\/procedimientos-cosmeticos-de-cara-y-cuello\/levantamiento-de-mejillas-no-quirurgico\/","url":"https:\/\/www.avanceplasticsurgery.com\/es\/procedimientos-cosmeticos-y-de-cirugia\/procedimientos-cosmeticos-de-cara-y-cuello\/levantamiento-de-mejillas-no-quirurgico\/","name":"Levantamiento de mejillas sin cirug\u00eda Reno NV | Estiramiento de la piel facial del lago Tahoe","isPartOf":{"@id":"https:\/\/www.avanceplasticsurgery.com\/es\/#website"},"datePublished":"2020-09-16T07:06:58+00:00","dateModified":"2022-04-25T11:43:57+00:00","description":"Un levantamiento de mejillas no quir\u00fargico utiliza t\u00e9cnicas m\u00ednimamente invasivas para tensar la piel y eliminar los signos sutiles del envejecimiento. Llame al Instituto de Cirug\u00eda Pl\u00e1stica Avance en Reno, NV, para programar una consulta de levantamiento de mejillas no quir\u00fargica con el Dr. Erez Dayan.","breadcrumb":{"@id":"https:\/\/www.avanceplasticsurgery.com\/es\/procedimientos-cosmeticos-y-de-cirugia\/procedimientos-cosmeticos-de-cara-y-cuello\/levantamiento-de-mejillas-no-quirurgico\/#breadcrumb"},"inLanguage":"es","potentialAction":[{"@type":"ReadAction","target":["https:\/\/www.avanceplasticsurgery.com\/es\/procedimientos-cosmeticos-y-de-cirugia\/procedimientos-cosmeticos-de-cara-y-cuello\/levantamiento-de-mejillas-no-quirurgico\/"]}]},{"@type":"BreadcrumbList","@id":"https:\/\/www.avanceplasticsurgery.com\/es\/procedimientos-cosmeticos-y-de-cirugia\/procedimientos-cosmeticos-de-cara-y-cuello\/levantamiento-de-mejillas-no-quirurgico\/#breadcrumb","itemListElement":[{"@type":"ListItem","position":1,"name":"Home","item":"https:\/\/www.avanceplasticsurgery.com\/es\/"},{"@type":"ListItem","position":2,"name":"Cosm\u00e9tica","item":"https:\/\/www.avanceplasticsurgery.com\/es\/procedimientos-cosmeticos-y-de-cirugia\/"},{"@type":"ListItem","position":3,"name":"Procedimientos Cosm\u00e9ticos de Cara y Cuello","item":"https:\/\/www.avanceplasticsurgery.com\/es\/procedimientos-cosmeticos-y-de-cirugia\/procedimientos-cosmeticos-de-cara-y-cuello\/"},{"@type":"ListItem","position":4,"name":"Levantamiento de mejillas no quir\u00fargico"}]},{"@type":"WebSite","@id":"https:\/\/www.avanceplasticsurgery.com\/es\/#website","url":"https:\/\/www.avanceplasticsurgery.com\/es\/","name":"Avance Plastic Surgery","description":"","potentialAction":[{"@type":"SearchAction","target":{"@type":"EntryPoint","urlTemplate":"https:\/\/www.avanceplasticsurgery.com\/es\/?s={search_term_string}"},"query-input":{"@type":"PropertyValueSpecification","valueRequired":true,"valueName":"search_term_string"}}],"inLanguage":"es"}]}},"_links":{"self":[{"href":"https:\/\/www.avanceplasticsurgery.com\/es\/wp-json\/wp\/v2\/pages\/8925","targetHints":{"allow":["GET"]}}],"collection":[{"href":"https:\/\/www.avanceplasticsurgery.com\/es\/wp-json\/wp\/v2\/pages"}],"about":[{"href":"https:\/\/www.avanceplasticsurgery.com\/es\/wp-json\/wp\/v2\/types\/page"}],"author":[{"embeddable":true,"href":"https:\/\/www.avanceplasticsurgery.com\/es\/wp-json\/wp\/v2\/users\/1"}],"replies":[{"embeddable":true,"href":"https:\/\/www.avanceplasticsurgery.com\/es\/wp-json\/wp\/v2\/comments?post=8925"}],"version-history":[{"count":1,"href":"https:\/\/www.avanceplasticsurgery.com\/es\/wp-json\/wp\/v2\/pages\/8925\/revisions"}],"predecessor-version":[{"id":9231,"href":"https:\/\/www.avanceplasticsurgery.com\/es\/wp-json\/wp\/v2\/pages\/8925\/revisions\/9231"}],"up":[{"embeddable":true,"href":"https:\/\/www.avanceplasticsurgery.com\/es\/wp-json\/wp\/v2\/pages\/8911"}],"wp:attachment":[{"href":"https:\/\/www.avanceplasticsurgery.com\/es\/wp-json\/wp\/v2\/media?parent=8925"}],"curies":[{"name":"wp","href":"https:\/\/api.w.org\/{rel}","templated":true}]}}