{"id":8926,"date":"2020-09-16T07:08:31","date_gmt":"2020-09-16T07:08:31","guid":{"rendered":"https:\/\/www.avanceplasticsurgery.com\/procedimientos-cosmeticos-y-de-cirugia\/procedimientos-cosmeticos-de-cara-y-cuello\/estiramiento-facial-no-quirurgico\/"},"modified":"2022-04-25T11:40:10","modified_gmt":"2022-04-25T11:40:10","slug":"estiramiento-facial-no-quirurgico","status":"publish","type":"page","link":"https:\/\/www.avanceplasticsurgery.com\/es\/procedimientos-cosmeticos-y-de-cirugia\/procedimientos-cosmeticos-de-cara-y-cuello\/estiramiento-facial-no-quirurgico\/","title":{"rendered":"Estiramiento Facial No Quir\u00fargico"},"content":{"rendered":"<h1>Estiramiento Facial No Quir\u00fargico<\/h1>\n<p>La cirug\u00eda de estiramiento facial se encuentra entre los <a title=\"Reno NV Procedimientos de cirug\u00eda pl\u00e1stica cosm\u00e9tica de cara y cuello\" href=\"https:\/\/www.avanceplasticsurgery.com\/es\/cosmetic-and-surgery-procedures\/face-neck-cosmetic-procedures\/\">procedimientos cosm\u00e9ticos m\u00e1s populares<\/a> realizados en los Estados Unidos. Cada vez m\u00e1s, los pacientes buscan medios menos invasivos y menos costosos para someterse a un rejuvenecimiento facial para borrar los signos del envejecimiento. El Dr. Erez Dayan del Avance Plastic Surgery Institute ofrece un estiramiento facial no quir\u00fargico para borrar las arrugas, agregar volumen y ayudarlo a lucir m\u00e1s joven, todo sin los riesgos o el tiempo de inactividad de la cirug\u00eda.<\/p>\n<p>La piel del rostro pierde su elasticidad con el tiempo, y el envejecimiento deja l\u00edneas que marcan el paso del tiempo. Un estiramiento facial no quir\u00fargico es una excelente opci\u00f3n antes de que el envejecimiento deje marcas demasiado profundas. Tambi\u00e9n es una excelente opci\u00f3n para quienes deseen \u201cprobar\u201d un estiramiento facial sin someterse a una cirug\u00eda real. Si bien un estiramiento facial no quir\u00fargico no puede imitar por completo un estiramiento facial quir\u00fargico y sus muchas opciones, puede proporcionar una mejora significativa para su apariencia.<\/p>\n<p>El Dr. Dayan es un cirujano pl\u00e1stico cosm\u00e9tico y reconstructivo altamente calificado con amplia experiencia en el contorno facial y corporal a trav\u00e9s de m\u00e9todos quir\u00fargicos y no quir\u00fargicos. Su vasto conocimiento de la anatom\u00eda facial y el arte demostrado con mejoras cosm\u00e9ticas lo convierten en la elecci\u00f3n perfecta para un estiramiento facial no quir\u00fargico. \u00c9l y el equipo del Instituto de Cirug\u00eda Pl\u00e1stica Avance en Reno\/Tahoe pueden personalizar un plan espec\u00edfico de estiramiento facial no quir\u00fargico para satisfacer sus necesidades y objetivos \u00fanicos.<\/p>\n<h2>Lifting facial m\u00ednimamente invasivo<\/h2>\n<p>Con un estiramiento facial m\u00ednimamente invasivo, cada procedimiento es \u00fanico, como cada paciente. Durante una consulta confidencial con el Dr. Dayan, escuchar\u00e1 sus objetivos est\u00e9ticos y har\u00e1 recomendaciones sobre las mejores opciones de estiramiento facial no quir\u00fargico. Hay varias opciones entre las que puede elegir para tensar la piel, agregar volumen y borrar l\u00edneas y arrugas para producir una apariencia m\u00e1s joven.<\/p>\n<p>La terapia de radiofrecuencia utiliza calor para tensar la piel y desencadenar la producci\u00f3n de col\u00e1geno. Las transferencias de grasa y los rellenos faciales pueden reemplazar el volumen perdido y suavizar las l\u00edneas y arrugas. El Dr. Dayan frecuentemente realiza un estiramiento facial m\u00ednimamente invasivo al combinar varios procedimientos complementarios para producir el mejor resultado posible. Su tiempo de recuperaci\u00f3n variar\u00e1 seg\u00fan los procedimientos elegidos, pero ser\u00e1 significativamente menor que la cirug\u00eda de estiramiento facial.<\/p>\n<p>Las mejoras realizadas a trav\u00e9s de un estiramiento facial m\u00ednimamente invasivo generalmente duran de 1 a 2 a\u00f1os, seg\u00fan la cantidad de trabajo realizado y los procedimientos y productos utilizados. El Dr. Dayan puede explicar m\u00e1s sobre los resultados, los costos y los tiempos de recuperaci\u00f3n en su consulta de estiramiento facial no quir\u00fargico en Avance Plastic Surgery Institute. <a title=\"P\u00f3ngase en contacto con el Instituto de Cirug\u00eda Pl\u00e1stica Avance en Reno NV\" href=\"https:\/\/www.avanceplasticsurgery.com\/es\/contact-us-dr-erez-dayan\/\">Cont\u00e1ctenos en l\u00ednea<\/a> o llame a nuestra oficina de Reno\/Tahoe al (775) 800-4444 para programar su consulta hoy.<\/p>\n<p style=\"text-align: center;\"><a href=\"https:\/\/www.avanceplasticsurgery.com\/wp-content\/uploads\/2020\/10\/Accutite_FaceTite-instructions.pdf\" class=\"btn btn-primary\" target=\"_blank\" rel=\"noopener noreferrer\">Instrucciones postoperatorias<\/a><\/p>\n<h3>Programa de mantenimiento<\/h3>\n<p>El <a href=\"https:\/\/www.avanceplasticsurgery.com\/es\/about-avance-plastic-surgery-institute\/plastic-surgery-maintenance\/\">programa de mantenimiento<\/a> en Avance Plastic Surgery Institute est\u00e1 dise\u00f1ado para ofrecer a los pacientes una forma conveniente de continuar viendo los beneficios de nuestros tratamientos durante el mayor tiempo posible.<\/p>\n<p>Para mantener los resultados de los procedimientos cosm\u00e9ticos de cara y cuello, recomendamos tratamientos no invasivos y m\u00ednimamente invasivos con los siguientes dispositivos:<\/p>\n<ul>\n<li>Forma (en modo)<\/li>\n<li>Morfeo 8 (en modo)<\/li>\n<li>Evocar (en modo)<\/li>\n<\/ul>\n","protected":false},"excerpt":{"rendered":"<p>Estiramiento Facial No Quir\u00fargico La cirug\u00eda de estiramiento facial se encuentra entre los procedimientos cosm\u00e9ticos m\u00e1s populares realizados en&hellip;<\/p>\n","protected":false},"author":1,"featured_media":0,"parent":8911,"menu_order":0,"comment_status":"closed","ping_status":"closed","template":"","meta":{"_acf_changed":false,"footnotes":""},"class_list":["post-8926","page","type-page","status-publish"],"acf":[],"yoast_head":"<!-- This site is optimized with the Yoast SEO plugin v27.4 - https:\/\/yoast.com\/product\/yoast-seo-wordpress\/ -->\n<title>Estiramiento facial no quir\u00fargico de Reno NV | Estiramiento facial m\u00ednimamente invasivo del lago Tahoe<\/title>\n<meta name=\"description\" content=\"Un estiramiento facial no quir\u00fargico puede ayudarlo a combatir los primeros signos del envejecimiento sin los riesgos y los largos tiempos de recuperaci\u00f3n de la cirug\u00eda real. El Dr. Erez Dayan ofrece un estiramiento facial m\u00ednimamente invasivo que combina los mejores procedimientos para brindarle los resultados que desea en el Avance Plastic Surgery Institute en Reno.\" \/>\n<meta name=\"robots\" content=\"index, follow, max-snippet:-1, max-image-preview:large, max-video-preview:-1\" \/>\n<link rel=\"canonical\" href=\"https:\/\/www.avanceplasticsurgery.com\/es\/procedimientos-cosmeticos-y-de-cirugia\/procedimientos-cosmeticos-de-cara-y-cuello\/estiramiento-facial-no-quirurgico\/\" \/>\n<meta property=\"og:locale\" content=\"es_ES\" \/>\n<meta property=\"og:type\" content=\"article\" \/>\n<meta property=\"og:title\" content=\"Estiramiento facial no quir\u00fargico de Reno NV | Estiramiento facial m\u00ednimamente invasivo del lago Tahoe\" \/>\n<meta property=\"og:description\" content=\"Un estiramiento facial no quir\u00fargico puede ayudarlo a combatir los primeros signos del envejecimiento sin los riesgos y los largos tiempos de recuperaci\u00f3n de la cirug\u00eda real. El Dr. Erez Dayan ofrece un estiramiento facial m\u00ednimamente invasivo que combina los mejores procedimientos para brindarle los resultados que desea en el Avance Plastic Surgery Institute en Reno.\" \/>\n<meta property=\"og:url\" content=\"https:\/\/www.avanceplasticsurgery.com\/es\/procedimientos-cosmeticos-y-de-cirugia\/procedimientos-cosmeticos-de-cara-y-cuello\/estiramiento-facial-no-quirurgico\/\" \/>\n<meta property=\"og:site_name\" content=\"Avance Plastic Surgery\" \/>\n<meta property=\"article:modified_time\" content=\"2022-04-25T11:40:10+00:00\" \/>\n<meta name=\"twitter:card\" content=\"summary_large_image\" \/>\n<meta name=\"twitter:label1\" content=\"Tiempo de lectura\" \/>\n\t<meta name=\"twitter:data1\" content=\"3 minutos\" \/>\n<!-- \/ Yoast SEO plugin. -->","yoast_head_json":{"title":"Estiramiento facial no quir\u00fargico de Reno NV | Estiramiento facial m\u00ednimamente invasivo del lago Tahoe","description":"Un estiramiento facial no quir\u00fargico puede ayudarlo a combatir los primeros signos del envejecimiento sin los riesgos y los largos tiempos de recuperaci\u00f3n de la cirug\u00eda real. El Dr. Erez Dayan ofrece un estiramiento facial m\u00ednimamente invasivo que combina los mejores procedimientos para brindarle los resultados que desea en el Avance Plastic Surgery Institute en Reno.","robots":{"index":"index","follow":"follow","max-snippet":"max-snippet:-1","max-image-preview":"max-image-preview:large","max-video-preview":"max-video-preview:-1"},"canonical":"https:\/\/www.avanceplasticsurgery.com\/es\/procedimientos-cosmeticos-y-de-cirugia\/procedimientos-cosmeticos-de-cara-y-cuello\/estiramiento-facial-no-quirurgico\/","og_locale":"es_ES","og_type":"article","og_title":"Estiramiento facial no quir\u00fargico de Reno NV | Estiramiento facial m\u00ednimamente invasivo del lago Tahoe","og_description":"Un estiramiento facial no quir\u00fargico puede ayudarlo a combatir los primeros signos del envejecimiento sin los riesgos y los largos tiempos de recuperaci\u00f3n de la cirug\u00eda real. El Dr. Erez Dayan ofrece un estiramiento facial m\u00ednimamente invasivo que combina los mejores procedimientos para brindarle los resultados que desea en el Avance Plastic Surgery Institute en Reno.","og_url":"https:\/\/www.avanceplasticsurgery.com\/es\/procedimientos-cosmeticos-y-de-cirugia\/procedimientos-cosmeticos-de-cara-y-cuello\/estiramiento-facial-no-quirurgico\/","og_site_name":"Avance Plastic Surgery","article_modified_time":"2022-04-25T11:40:10+00:00","twitter_card":"summary_large_image","twitter_misc":{"Tiempo de lectura":"3 minutos"},"schema":{"@context":"https:\/\/schema.org","@graph":[{"@type":"WebPage","@id":"https:\/\/www.avanceplasticsurgery.com\/es\/procedimientos-cosmeticos-y-de-cirugia\/procedimientos-cosmeticos-de-cara-y-cuello\/estiramiento-facial-no-quirurgico\/","url":"https:\/\/www.avanceplasticsurgery.com\/es\/procedimientos-cosmeticos-y-de-cirugia\/procedimientos-cosmeticos-de-cara-y-cuello\/estiramiento-facial-no-quirurgico\/","name":"Estiramiento facial no quir\u00fargico de Reno NV | Estiramiento facial m\u00ednimamente invasivo del lago Tahoe","isPartOf":{"@id":"https:\/\/www.avanceplasticsurgery.com\/es\/#website"},"datePublished":"2020-09-16T07:08:31+00:00","dateModified":"2022-04-25T11:40:10+00:00","description":"Un estiramiento facial no quir\u00fargico puede ayudarlo a combatir los primeros signos del envejecimiento sin los riesgos y los largos tiempos de recuperaci\u00f3n de la cirug\u00eda real. El Dr. Erez Dayan ofrece un estiramiento facial m\u00ednimamente invasivo que combina los mejores procedimientos para brindarle los resultados que desea en el Avance Plastic Surgery Institute en Reno.","breadcrumb":{"@id":"https:\/\/www.avanceplasticsurgery.com\/es\/procedimientos-cosmeticos-y-de-cirugia\/procedimientos-cosmeticos-de-cara-y-cuello\/estiramiento-facial-no-quirurgico\/#breadcrumb"},"inLanguage":"es","potentialAction":[{"@type":"ReadAction","target":["https:\/\/www.avanceplasticsurgery.com\/es\/procedimientos-cosmeticos-y-de-cirugia\/procedimientos-cosmeticos-de-cara-y-cuello\/estiramiento-facial-no-quirurgico\/"]}]},{"@type":"BreadcrumbList","@id":"https:\/\/www.avanceplasticsurgery.com\/es\/procedimientos-cosmeticos-y-de-cirugia\/procedimientos-cosmeticos-de-cara-y-cuello\/estiramiento-facial-no-quirurgico\/#breadcrumb","itemListElement":[{"@type":"ListItem","position":1,"name":"Home","item":"https:\/\/www.avanceplasticsurgery.com\/es\/"},{"@type":"ListItem","position":2,"name":"Cosm\u00e9tica","item":"https:\/\/www.avanceplasticsurgery.com\/es\/procedimientos-cosmeticos-y-de-cirugia\/"},{"@type":"ListItem","position":3,"name":"Procedimientos Cosm\u00e9ticos de Cara y Cuello","item":"https:\/\/www.avanceplasticsurgery.com\/es\/procedimientos-cosmeticos-y-de-cirugia\/procedimientos-cosmeticos-de-cara-y-cuello\/"},{"@type":"ListItem","position":4,"name":"Estiramiento Facial No Quir\u00fargico"}]},{"@type":"WebSite","@id":"https:\/\/www.avanceplasticsurgery.com\/es\/#website","url":"https:\/\/www.avanceplasticsurgery.com\/es\/","name":"Avance Plastic Surgery","description":"","potentialAction":[{"@type":"SearchAction","target":{"@type":"EntryPoint","urlTemplate":"https:\/\/www.avanceplasticsurgery.com\/es\/?s={search_term_string}"},"query-input":{"@type":"PropertyValueSpecification","valueRequired":true,"valueName":"search_term_string"}}],"inLanguage":"es"}]}},"_links":{"self":[{"href":"https:\/\/www.avanceplasticsurgery.com\/es\/wp-json\/wp\/v2\/pages\/8926","targetHints":{"allow":["GET"]}}],"collection":[{"href":"https:\/\/www.avanceplasticsurgery.com\/es\/wp-json\/wp\/v2\/pages"}],"about":[{"href":"https:\/\/www.avanceplasticsurgery.com\/es\/wp-json\/wp\/v2\/types\/page"}],"author":[{"embeddable":true,"href":"https:\/\/www.avanceplasticsurgery.com\/es\/wp-json\/wp\/v2\/users\/1"}],"replies":[{"embeddable":true,"href":"https:\/\/www.avanceplasticsurgery.com\/es\/wp-json\/wp\/v2\/comments?post=8926"}],"version-history":[{"count":2,"href":"https:\/\/www.avanceplasticsurgery.com\/es\/wp-json\/wp\/v2\/pages\/8926\/revisions"}],"predecessor-version":[{"id":9228,"href":"https:\/\/www.avanceplasticsurgery.com\/es\/wp-json\/wp\/v2\/pages\/8926\/revisions\/9228"}],"up":[{"embeddable":true,"href":"https:\/\/www.avanceplasticsurgery.com\/es\/wp-json\/wp\/v2\/pages\/8911"}],"wp:attachment":[{"href":"https:\/\/www.avanceplasticsurgery.com\/es\/wp-json\/wp\/v2\/media?parent=8926"}],"curies":[{"name":"wp","href":"https:\/\/api.w.org\/{rel}","templated":true}]}}