{"id":8928,"date":"2020-09-16T07:11:08","date_gmt":"2020-09-16T07:11:08","guid":{"rendered":"https:\/\/www.avanceplasticsurgery.com\/procedimientos-cosmeticos-y-de-cirugia\/procedimientos-cosmeticos-de-cara-y-cuello\/estiramiento-de-cuello-no-quirurgico\/"},"modified":"2022-10-10T19:33:43","modified_gmt":"2022-10-10T19:33:43","slug":"estiramiento-de-cuello-no-quirurgico","status":"publish","type":"page","link":"https:\/\/www.avanceplasticsurgery.com\/es\/procedimientos-cosmeticos-y-de-cirugia\/procedimientos-cosmeticos-de-cara-y-cuello\/estiramiento-de-cuello-no-quirurgico\/","title":{"rendered":"Estiramiento de cuello no quir\u00fargico"},"content":{"rendered":"<h1>Estiramiento de cuello no quir\u00fargico<\/h1>\n<p>Su cuello est\u00e1 expuesto a los mismos elementos agresivos que su rostro, por lo que no es de extra\u00f1ar que tambi\u00e9n refleje los signos del envejecimiento. La piel pierde su tersura y puede colgarse en las cortinas, el temido efecto \u201czarza de pavo\u201d. No escondas tu cuello con cuellos altos y bufandas. Rejuvenece tu cuello con un lifting de cuello no quir\u00fargico. El Dr. Erez Dayan ofrece este tratamiento m\u00ednimamente invasivo en el Avance Plastic Surgery Institute en Reno\/Tahoe, NV.<\/p>\n<p>La piel arrugada y fl\u00e1cida del cuello puede afectar tanto a hombres como a mujeres. Cualquiera puede desear corregir esta condici\u00f3n para mejorar la apariencia y aumentar la confianza. Una est\u00e9tica m\u00e1s joven y vibrante es deseable para todos. El Dr. Dayan combina <a title=\"Reno NV Procedimientos de cirug\u00eda pl\u00e1stica cosm\u00e9tica de cara y cuello\" href=\"https:\/\/www.avanceplasticsurgery.com\/es\/cosmetic-and-surgery-procedures\/face-neck-cosmetic-procedures\/\">varios procedimientos y t\u00e9cnicas avanzadas<\/a> en su estiramiento de cuello no quir\u00fargico para tensar la piel y rejuvenecer su apariencia. Los resultados de un estiramiento de cuello no quir\u00fargico realizado por el Dr. Dayan y el equipo de est\u00e9tica del Instituto de Cirug\u00eda Pl\u00e1stica Avance realmente marcar\u00e1n la diferencia en c\u00f3mo se ve y se siente.<\/p>\n<div class=\"row\">\n<div class=\"col-md-6\"><button class=\"flc-yt lazyload\" data-id=\"uRt2e_0Ey34\" data-title=\"Non-Surgical Necklift Reno\/Tahoe | Chin Implant, Neck Liposuction, Skin Tightening | Dr. Erez Dayan\" data-bg=\"https:\/\/i.ytimg.com\/vi\/uRt2e_0Ey34\/hqdefault.jpg\" aria-label=\"Play video Non-Surgical Necklift Reno\/Tahoe | Chin Implant, Neck Liposuction, Skin Tightening | Dr. Erez Dayan\">  <div class=\"flc-yt__title\">Non-Surgical Necklift Reno\/Tahoe | Chin Implant, Neck Liposuction, Skin Tightening | Dr. Erez Dayan<\/div>  <span class=\"flc-yt__play\">    <svg viewBox=\"0 0 68 48\" xmlns=\"http:\/\/www.w3.org\/2000\/svg\" aria-hidden=\"true\"><path d=\"M66.5 7.8A8.5 8.5 0 0 0 60.6 2C55.3.5 34 .5 34 .5S12.7.5 7.4 2A8.5 8.5 0 0 0 1.5 7.8C0 13.1 0 24 0 24s0 10.9 1.5 16.2A8.5 8.5 0 0 0 7.4 46C12.7 47.5 34 47.5 34 47.5s21.3 0 26.6-1.5a8.5 8.5 0 0 0 5.9-5.8C68 34.9 68 24 68 24s0-10.9-1.5-16.2Z\" fill=\"#f00\"\/><path d=\"M27 34l18-10-18-10v20Z\" fill=\"#fff\"\/><\/svg>  <\/span><\/button><\/div>\n<div class=\"col-md-6\"><button class=\"flc-yt lazyload\" data-id=\"G7kYNhCGwZw\" data-title=\"Reno NV Minimally Invasive Face and Neck Contouring | Dr. Erez Dayan | Avance Plastic Surgery\" data-bg=\"https:\/\/i.ytimg.com\/vi\/G7kYNhCGwZw\/hqdefault.jpg\" aria-label=\"Play video Reno NV Minimally Invasive Face and Neck Contouring | Dr. Erez Dayan | Avance Plastic Surgery\">  <div class=\"flc-yt__title\">Reno NV Minimally Invasive Face and Neck Contouring | Dr. Erez Dayan | Avance Plastic Surgery<\/div>  <span class=\"flc-yt__play\">    <svg viewBox=\"0 0 68 48\" xmlns=\"http:\/\/www.w3.org\/2000\/svg\" aria-hidden=\"true\"><path d=\"M66.5 7.8A8.5 8.5 0 0 0 60.6 2C55.3.5 34 .5 34 .5S12.7.5 7.4 2A8.5 8.5 0 0 0 1.5 7.8C0 13.1 0 24 0 24s0 10.9 1.5 16.2A8.5 8.5 0 0 0 7.4 46C12.7 47.5 34 47.5 34 47.5s21.3 0 26.6-1.5a8.5 8.5 0 0 0 5.9-5.8C68 34.9 68 24 68 24s0-10.9-1.5-16.2Z\" fill=\"#f00\"\/><path d=\"M27 34l18-10-18-10v20Z\" fill=\"#fff\"\/><\/svg>  <\/span><\/button><\/div>\n<\/div>\n<h2>Estiramiento de la piel del cuello<\/h2>\n<p>Cada paciente que elige ver al Dr. Dayan para el estiramiento de la piel del cuello recibe un plan de tratamiento \u00fanico y personalizado para abordar sus necesidades y objetivos. No hay dos pacientes iguales, por lo que la estrategia del Dr. Dayan para el estiramiento de la piel del cuello es personalizada. Algunos pueden requerir menos tratamiento, mientras que las necesidades de otros pueden ser m\u00e1s extensas.<\/p>\n<p>El Dr. Dayan y su equipo combinan regularmente varios procedimientos para crear el efecto que desea, y estos pueden incluir:<\/p>\n<ul>\n<li>Estiramiento de la piel por radiofrecuencia<\/li>\n<li>Inyecciones que disuelven la grasa.<\/li>\n<li>Inyecciones de Botox\u00ae para relajar los m\u00fasculos<\/li>\n<li>Inyecciones de relleno facial para a\u00f1adir volumen y rellenar l\u00edneas.<\/li>\n<li>Liposucci\u00f3n para eliminar grasa<\/li>\n<li>Transferencia de grasa para agregar volumen<\/li>\n<\/ul>\n<p>Durante su consulta confidencial en el Instituto de Cirug\u00eda Pl\u00e1stica Avance en Reno\/Tahoe, NV, el Dr. Dayan examinar\u00e1 la piel de su cuello y el estado de su rostro, adem\u00e1s de revisar su historial m\u00e9dico y de salud actual. Tambi\u00e9n har\u00e1 recomendaciones sobre los mejores tratamientos para producir el aspecto que desea. Puede contener algunos de los tratamientos anteriores y otros que \u00e9l considere necesarios para completar la transformaci\u00f3n de su cuello.<\/p>\n<p>La mayor\u00eda de los pacientes que reciben un estiramiento de cuello no quir\u00fargico se recuperan r\u00e1pidamente, con una m\u00ednima molestia e inflamaci\u00f3n que desaparece en una semana. Esto depende de los tratamientos que reciba y si el estiramiento de la piel del cuello se combina con otros procedimientos, como un estiramiento facial no quir\u00fargico o un mini estiramiento facial. El Dr. Dayan hablar\u00e1 sobre el cuidado posterior y le brindar\u00e1 instrucciones espec\u00edficas para su recuperaci\u00f3n.<\/p>\n<p>\u00bfEst\u00e1s listo para rejuvenecer la apariencia de tu cuello sin cirug\u00eda? <a title=\"P\u00f3ngase en contacto con el Instituto de Cirug\u00eda Pl\u00e1stica Avance en Reno NV\" href=\"https:\/\/www.avanceplasticsurgery.com\/es\/contact-us-dr-erez-dayan\/\">Comun\u00edquese con el Instituto de Cirug\u00eda Pl\u00e1stica Avance<\/a> en Reno\/Tahoe para programar una consulta de estiramiento de cuello no quir\u00fargico con el Dr. Dayan.<\/p>\n<h3>Programa de mantenimiento<\/h3>\n<p>El <a href=\"https:\/\/www.avanceplasticsurgery.com\/es\/about-avance-plastic-surgery-institute\/plastic-surgery-maintenance\/\">programa de mantenimiento<\/a> en Avance Plastic Surgery Institute est\u00e1 dise\u00f1ado para ofrecer a los pacientes una forma conveniente de continuar viendo los beneficios de nuestros tratamientos durante el mayor tiempo posible.<\/p>\n<p>Para mantener los resultados de los procedimientos cosm\u00e9ticos de cara y cuello, recomendamos tratamientos no invasivos y m\u00ednimamente invasivos con los siguientes dispositivos:<\/p>\n<ul>\n<li>Forma (en modo)<\/li>\n<li>Morfeo 8 (en modo)<\/li>\n<li>Evocar (en modo)<\/li>\n<\/ul>\n","protected":false},"excerpt":{"rendered":"<p>Estiramiento de cuello no quir\u00fargico Su cuello est\u00e1 expuesto a los mismos elementos agresivos que su rostro, por lo&hellip;<\/p>\n","protected":false},"author":1,"featured_media":0,"parent":8911,"menu_order":0,"comment_status":"closed","ping_status":"closed","template":"","meta":{"_acf_changed":false,"footnotes":""},"class_list":["post-8928","page","type-page","status-publish"],"acf":[],"yoast_head":"<!-- This site is optimized with the Yoast SEO plugin v25.6 - https:\/\/yoast.com\/wordpress\/plugins\/seo\/ -->\n<title>Estiramiento de cuello no quir\u00fargico de Reno NV | Estiramiento de la piel del cuello del lago Tahoe<\/title>\n<meta name=\"description\" content=\"Para algunos pacientes que comienzan a ver signos de envejecimiento en el cuello, un estiramiento de cuello no quir\u00fargico es un excelente tratamiento para verse m\u00e1s j\u00f3venes nuevamente. Reserve una consulta de estiramiento de la piel del cuello con el Dr. Dayan en el Instituto de Cirug\u00eda Pl\u00e1stica Avance en Reno, NV.\" \/>\n<meta name=\"robots\" content=\"index, follow, max-snippet:-1, max-image-preview:large, max-video-preview:-1\" \/>\n<link rel=\"canonical\" href=\"https:\/\/www.avanceplasticsurgery.com\/es\/procedimientos-cosmeticos-y-de-cirugia\/procedimientos-cosmeticos-de-cara-y-cuello\/estiramiento-de-cuello-no-quirurgico\/\" \/>\n<meta property=\"og:locale\" content=\"es_ES\" \/>\n<meta property=\"og:type\" content=\"article\" \/>\n<meta property=\"og:title\" content=\"Estiramiento de cuello no quir\u00fargico de Reno NV | Estiramiento de la piel del cuello del lago Tahoe\" \/>\n<meta property=\"og:description\" content=\"Para algunos pacientes que comienzan a ver signos de envejecimiento en el cuello, un estiramiento de cuello no quir\u00fargico es un excelente tratamiento para verse m\u00e1s j\u00f3venes nuevamente. Reserve una consulta de estiramiento de la piel del cuello con el Dr. Dayan en el Instituto de Cirug\u00eda Pl\u00e1stica Avance en Reno, NV.\" \/>\n<meta property=\"og:url\" content=\"https:\/\/www.avanceplasticsurgery.com\/es\/procedimientos-cosmeticos-y-de-cirugia\/procedimientos-cosmeticos-de-cara-y-cuello\/estiramiento-de-cuello-no-quirurgico\/\" \/>\n<meta property=\"og:site_name\" content=\"Avance Plastic Surgery\" \/>\n<meta property=\"article:modified_time\" content=\"2022-10-10T19:33:43+00:00\" \/>\n<meta name=\"twitter:card\" content=\"summary_large_image\" \/>\n<meta name=\"twitter:label1\" content=\"Tiempo de lectura\" \/>\n\t<meta name=\"twitter:data1\" content=\"3 minutos\" \/>\n<!-- \/ Yoast SEO plugin. -->","yoast_head_json":{"title":"Estiramiento de cuello no quir\u00fargico de Reno NV | Estiramiento de la piel del cuello del lago Tahoe","description":"Para algunos pacientes que comienzan a ver signos de envejecimiento en el cuello, un estiramiento de cuello no quir\u00fargico es un excelente tratamiento para verse m\u00e1s j\u00f3venes nuevamente. Reserve una consulta de estiramiento de la piel del cuello con el Dr. Dayan en el Instituto de Cirug\u00eda Pl\u00e1stica Avance en Reno, NV.","robots":{"index":"index","follow":"follow","max-snippet":"max-snippet:-1","max-image-preview":"max-image-preview:large","max-video-preview":"max-video-preview:-1"},"canonical":"https:\/\/www.avanceplasticsurgery.com\/es\/procedimientos-cosmeticos-y-de-cirugia\/procedimientos-cosmeticos-de-cara-y-cuello\/estiramiento-de-cuello-no-quirurgico\/","og_locale":"es_ES","og_type":"article","og_title":"Estiramiento de cuello no quir\u00fargico de Reno NV | Estiramiento de la piel del cuello del lago Tahoe","og_description":"Para algunos pacientes que comienzan a ver signos de envejecimiento en el cuello, un estiramiento de cuello no quir\u00fargico es un excelente tratamiento para verse m\u00e1s j\u00f3venes nuevamente. Reserve una consulta de estiramiento de la piel del cuello con el Dr. Dayan en el Instituto de Cirug\u00eda Pl\u00e1stica Avance en Reno, NV.","og_url":"https:\/\/www.avanceplasticsurgery.com\/es\/procedimientos-cosmeticos-y-de-cirugia\/procedimientos-cosmeticos-de-cara-y-cuello\/estiramiento-de-cuello-no-quirurgico\/","og_site_name":"Avance Plastic Surgery","article_modified_time":"2022-10-10T19:33:43+00:00","twitter_card":"summary_large_image","twitter_misc":{"Tiempo de lectura":"3 minutos"},"schema":{"@context":"https:\/\/schema.org","@graph":[{"@type":"WebPage","@id":"https:\/\/www.avanceplasticsurgery.com\/es\/procedimientos-cosmeticos-y-de-cirugia\/procedimientos-cosmeticos-de-cara-y-cuello\/estiramiento-de-cuello-no-quirurgico\/","url":"https:\/\/www.avanceplasticsurgery.com\/es\/procedimientos-cosmeticos-y-de-cirugia\/procedimientos-cosmeticos-de-cara-y-cuello\/estiramiento-de-cuello-no-quirurgico\/","name":"Estiramiento de cuello no quir\u00fargico de Reno NV | Estiramiento de la piel del cuello del lago Tahoe","isPartOf":{"@id":"https:\/\/www.avanceplasticsurgery.com\/es\/#website"},"datePublished":"2020-09-16T07:11:08+00:00","dateModified":"2022-10-10T19:33:43+00:00","description":"Para algunos pacientes que comienzan a ver signos de envejecimiento en el cuello, un estiramiento de cuello no quir\u00fargico es un excelente tratamiento para verse m\u00e1s j\u00f3venes nuevamente. Reserve una consulta de estiramiento de la piel del cuello con el Dr. Dayan en el Instituto de Cirug\u00eda Pl\u00e1stica Avance en Reno, NV.","breadcrumb":{"@id":"https:\/\/www.avanceplasticsurgery.com\/es\/procedimientos-cosmeticos-y-de-cirugia\/procedimientos-cosmeticos-de-cara-y-cuello\/estiramiento-de-cuello-no-quirurgico\/#breadcrumb"},"inLanguage":"es","potentialAction":[{"@type":"ReadAction","target":["https:\/\/www.avanceplasticsurgery.com\/es\/procedimientos-cosmeticos-y-de-cirugia\/procedimientos-cosmeticos-de-cara-y-cuello\/estiramiento-de-cuello-no-quirurgico\/"]}]},{"@type":"BreadcrumbList","@id":"https:\/\/www.avanceplasticsurgery.com\/es\/procedimientos-cosmeticos-y-de-cirugia\/procedimientos-cosmeticos-de-cara-y-cuello\/estiramiento-de-cuello-no-quirurgico\/#breadcrumb","itemListElement":[{"@type":"ListItem","position":1,"name":"Home","item":"https:\/\/www.avanceplasticsurgery.com\/es\/"},{"@type":"ListItem","position":2,"name":"Cosm\u00e9tica","item":"https:\/\/www.avanceplasticsurgery.com\/es\/procedimientos-cosmeticos-y-de-cirugia\/"},{"@type":"ListItem","position":3,"name":"Procedimientos Cosm\u00e9ticos de Cara y Cuello","item":"https:\/\/www.avanceplasticsurgery.com\/es\/procedimientos-cosmeticos-y-de-cirugia\/procedimientos-cosmeticos-de-cara-y-cuello\/"},{"@type":"ListItem","position":4,"name":"Estiramiento de cuello no quir\u00fargico"}]},{"@type":"WebSite","@id":"https:\/\/www.avanceplasticsurgery.com\/es\/#website","url":"https:\/\/www.avanceplasticsurgery.com\/es\/","name":"Avance Plastic Surgery","description":"","potentialAction":[{"@type":"SearchAction","target":{"@type":"EntryPoint","urlTemplate":"https:\/\/www.avanceplasticsurgery.com\/es\/?s={search_term_string}"},"query-input":{"@type":"PropertyValueSpecification","valueRequired":true,"valueName":"search_term_string"}}],"inLanguage":"es"}]}},"_links":{"self":[{"href":"https:\/\/www.avanceplasticsurgery.com\/es\/wp-json\/wp\/v2\/pages\/8928","targetHints":{"allow":["GET"]}}],"collection":[{"href":"https:\/\/www.avanceplasticsurgery.com\/es\/wp-json\/wp\/v2\/pages"}],"about":[{"href":"https:\/\/www.avanceplasticsurgery.com\/es\/wp-json\/wp\/v2\/types\/page"}],"author":[{"embeddable":true,"href":"https:\/\/www.avanceplasticsurgery.com\/es\/wp-json\/wp\/v2\/users\/1"}],"replies":[{"embeddable":true,"href":"https:\/\/www.avanceplasticsurgery.com\/es\/wp-json\/wp\/v2\/comments?post=8928"}],"version-history":[{"count":3,"href":"https:\/\/www.avanceplasticsurgery.com\/es\/wp-json\/wp\/v2\/pages\/8928\/revisions"}],"predecessor-version":[{"id":9877,"href":"https:\/\/www.avanceplasticsurgery.com\/es\/wp-json\/wp\/v2\/pages\/8928\/revisions\/9877"}],"up":[{"embeddable":true,"href":"https:\/\/www.avanceplasticsurgery.com\/es\/wp-json\/wp\/v2\/pages\/8911"}],"wp:attachment":[{"href":"https:\/\/www.avanceplasticsurgery.com\/es\/wp-json\/wp\/v2\/media?parent=8928"}],"curies":[{"name":"wp","href":"https:\/\/api.w.org\/{rel}","templated":true}]}}