{"id":8930,"date":"2020-09-16T07:12:47","date_gmt":"2020-09-16T07:12:47","guid":{"rendered":"https:\/\/www.avanceplasticsurgery.com\/procedimientos-cosmeticos-y-de-cirugia\/procedimientos-cosmeticos-de-cara-y-cuello\/rinoplastia-no-quirurgica\/"},"modified":"2025-09-29T20:11:49","modified_gmt":"2025-09-29T20:11:49","slug":"rinoplastia-no-quirurgica","status":"publish","type":"page","link":"https:\/\/www.avanceplasticsurgery.com\/es\/procedimientos-cosmeticos-y-de-cirugia\/procedimientos-cosmeticos-de-cara-y-cuello\/rinoplastia-no-quirurgica\/","title":{"rendered":"Rinoplastia no quir\u00fargica"},"content":{"rendered":"<h1>Rinoplastia no quir\u00fargica<\/h1>\n<p>Tu nariz es tan \u00fanica como tu huella dactilar y mucho m\u00e1s definitoria de tu apariencia. Uno de los <a title=\"Reno NV Procedimientos de cirug\u00eda pl\u00e1stica cosm\u00e9tica de cara y cuello\" href=\"https:\/\/www.avanceplasticsurgery.com\/es\/procedimientos-cosmeticos-y-de-cirugia\/procedimientos-cosmeticos-de-cara-y-cuello\/\">procedimientos cosm\u00e9ticos m\u00e1s populares<\/a> es la rinoplastia o cirug\u00eda de nariz. Muchos hombres y mujeres no est\u00e1n satisfechos con la apariencia de su nariz y desean hacer cambios. Hay una opci\u00f3n del Dr. Erez Dayan para rehacer la est\u00e9tica de su nariz sin cirug\u00eda. Ofrece una rinoplastia no quir\u00fargica en el Instituto de Cirug\u00eda Pl\u00e1stica Avance en Reno\/Tahoe.<\/p>\n<p>Las inyecciones controladas y precisas de neurotoxinas y rellenos faciales pueden restaurar el equilibrio y la simetr\u00eda de su nariz, creando una apariencia completamente nueva y agradable. Despu\u00e9s de todo, su nariz es una caracter\u00edstica prominente que marca el aspecto completo de su rostro. Si su nariz est\u00e1 torcida, plana, hundida o deformada, el Dr. Dayan puede realizar una sorprendente cantidad de correcciones cosm\u00e9ticas en una rinoplastia no quir\u00fargica para crear la nariz que siempre ha deseado.<\/p>\n<p>El Dr. Dayan, cirujano pl\u00e1stico cosm\u00e9tico y reconstructivo altamente calificado, est\u00e1 bien calificado para recrear su nariz utilizando t\u00e9cnicas m\u00ednimamente invasivas. Es un reconocido experto en anatom\u00eda facial y mejoras cosm\u00e9ticas con varios premios en su haber y muchos a\u00f1os de experiencia trabajando con procedimientos cosm\u00e9ticos faciales.<\/p>\n<h2>Cirug\u00eda de nariz l\u00edquida<\/h2>\n<p>La rinoplastia no quir\u00fargica, conocida popularmente como cirug\u00eda de nariz l\u00edquida, utiliza una combinaci\u00f3n de varios inyectables cosm\u00e9ticos, cada uno de los cuales realiza una funci\u00f3n diferente para mejorar su apariencia. Las neurotoxinas como Botox\u00ae relajan los movimientos musculares para permitir que las l\u00edneas faciales se relajen. Los rellenos faciales de varios tipos agregan definici\u00f3n, volumen, forma y contorno para corregir una variedad de problemas.<\/p>\n<p><button class=\"flc-yt lazyload\" data-id=\"fWe0dvEE3mo\" data-title=\"Reno Liquid Rhinoplasty Patient Testimonial | Avance Plastic Surgery Institute: Dr. Erez Dayan\" data-bg=\"https:\/\/i.ytimg.com\/vi\/fWe0dvEE3mo\/hqdefault.jpg\" aria-label=\"Play video Reno Liquid Rhinoplasty Patient Testimonial | Avance Plastic Surgery Institute: Dr. Erez Dayan\">  <div class=\"flc-yt__title\">Reno Liquid Rhinoplasty Patient Testimonial | Avance Plastic Surgery Institute: Dr. Erez Dayan<\/div>  <span class=\"flc-yt__play\">    <svg viewBox=\"0 0 68 48\" xmlns=\"http:\/\/www.w3.org\/2000\/svg\" aria-hidden=\"true\"><path d=\"M66.5 7.8A8.5 8.5 0 0 0 60.6 2C55.3.5 34 .5 34 .5S12.7.5 7.4 2A8.5 8.5 0 0 0 1.5 7.8C0 13.1 0 24 0 24s0 10.9 1.5 16.2A8.5 8.5 0 0 0 7.4 46C12.7 47.5 34 47.5 34 47.5s21.3 0 26.6-1.5a8.5 8.5 0 0 0 5.9-5.8C68 34.9 68 24 68 24s0-10.9-1.5-16.2Z\" fill=\"#f00\"\/><path d=\"M27 34l18-10-18-10v20Z\" fill=\"#fff\"\/><\/svg>  <\/span><\/button><br \/>\n<button class=\"flc-yt lazyload\" data-id=\"g-gAyerK2pc\" data-title=\"Rinoplastia liquida antes y despues\" data-bg=\"https:\/\/i.ytimg.com\/vi\/g-gAyerK2pc\/hqdefault.jpg\" aria-label=\"Play video Rinoplastia liquida antes y despues\">  <div class=\"flc-yt__title\">Rinoplastia liquida antes y despues<\/div>  <span class=\"flc-yt__play\">    <svg viewBox=\"0 0 68 48\" xmlns=\"http:\/\/www.w3.org\/2000\/svg\" aria-hidden=\"true\"><path d=\"M66.5 7.8A8.5 8.5 0 0 0 60.6 2C55.3.5 34 .5 34 .5S12.7.5 7.4 2A8.5 8.5 0 0 0 1.5 7.8C0 13.1 0 24 0 24s0 10.9 1.5 16.2A8.5 8.5 0 0 0 7.4 46C12.7 47.5 34 47.5 34 47.5s21.3 0 26.6-1.5a8.5 8.5 0 0 0 5.9-5.8C68 34.9 68 24 68 24s0-10.9-1.5-16.2Z\" fill=\"#f00\"\/><path d=\"M27 34l18-10-18-10v20Z\" fill=\"#fff\"\/><\/svg>  <\/span><\/button><\/p>\n<p>Su cirug\u00eda de nariz l\u00edquida del Dr. Dayan se completa en su oficina de Reno\/Tahoe en el Instituto de Cirug\u00eda Pl\u00e1stica Avance, y puede regresar a casa el mismo d\u00eda. La recuperaci\u00f3n toma uno o dos d\u00edas para que desaparezca la hinchaz\u00f3n, pero puede volver a sus actividades normales de inmediato. El Dr. Dayan recomienda que evite la actividad extenuante durante al menos un d\u00eda despu\u00e9s de recibir una operaci\u00f3n de nariz l\u00edquida.<\/p>\n<p>Muchos pacientes de Reno y Lake Tahoe han recibido excelentes rejuvenecimientos de la nariz con una cirug\u00eda de nariz l\u00edquida del Dr. Dayan. Los resultados pueden durar de 1 a 2 a\u00f1os, dependiendo de los tratamientos utilizados. <a title=\"P\u00f3ngase en contacto con el Instituto de Cirug\u00eda Pl\u00e1stica Avance en Reno NV\" href=\"https:\/\/www.avanceplasticsurgery.com\/es\/contactenos\/\">Comun\u00edquese con el Instituto de Cirug\u00eda Pl\u00e1stica Avance<\/a> para programar una consulta de rinoplastia no quir\u00fargica y vea la diferencia que una operaci\u00f3n de nariz l\u00edquida puede hacer en su apariencia.<\/p>\n","protected":false},"excerpt":{"rendered":"<p>Rinoplastia no quir\u00fargica Tu nariz es tan \u00fanica como tu huella dactilar y mucho m\u00e1s definitoria de tu apariencia.&hellip;<\/p>\n","protected":false},"author":1,"featured_media":0,"parent":8911,"menu_order":0,"comment_status":"closed","ping_status":"closed","template":"","meta":{"_acf_changed":false,"footnotes":""},"class_list":["post-8930","page","type-page","status-publish"],"acf":[],"yoast_head":"<!-- This site is optimized with the Yoast SEO plugin v27.4 - https:\/\/yoast.com\/product\/yoast-seo-wordpress\/ -->\n<title>Reno NV Rinoplastia no quir\u00fargica | Cirug\u00eda de nariz l\u00edquida en el lago Tahoe<\/title>\n<meta name=\"description\" content=\"La rinoplastia no quir\u00fargica es una excelente manera de crear la nariz que siempre ha deseado sin los riesgos o la recuperaci\u00f3n de la cirug\u00eda. El Dr. Erez Dayan ofrece una operaci\u00f3n de nariz l\u00edquida en el Instituto de Cirug\u00eda Pl\u00e1stica Avance en Reno, NV. Llame hoy para programar su consulta.\" \/>\n<meta name=\"robots\" content=\"index, follow, max-snippet:-1, max-image-preview:large, max-video-preview:-1\" \/>\n<link rel=\"canonical\" href=\"https:\/\/www.avanceplasticsurgery.com\/es\/procedimientos-cosmeticos-y-de-cirugia\/procedimientos-cosmeticos-de-cara-y-cuello\/rinoplastia-no-quirurgica\/\" \/>\n<meta property=\"og:locale\" content=\"es_ES\" \/>\n<meta property=\"og:type\" content=\"article\" \/>\n<meta property=\"og:title\" content=\"Reno NV Rinoplastia no quir\u00fargica | Cirug\u00eda de nariz l\u00edquida en el lago Tahoe\" \/>\n<meta property=\"og:description\" content=\"La rinoplastia no quir\u00fargica es una excelente manera de crear la nariz que siempre ha deseado sin los riesgos o la recuperaci\u00f3n de la cirug\u00eda. El Dr. Erez Dayan ofrece una operaci\u00f3n de nariz l\u00edquida en el Instituto de Cirug\u00eda Pl\u00e1stica Avance en Reno, NV. Llame hoy para programar su consulta.\" \/>\n<meta property=\"og:url\" content=\"https:\/\/www.avanceplasticsurgery.com\/es\/procedimientos-cosmeticos-y-de-cirugia\/procedimientos-cosmeticos-de-cara-y-cuello\/rinoplastia-no-quirurgica\/\" \/>\n<meta property=\"og:site_name\" content=\"Avance Plastic Surgery\" \/>\n<meta property=\"article:modified_time\" content=\"2025-09-29T20:11:49+00:00\" \/>\n<meta name=\"twitter:card\" content=\"summary_large_image\" \/>\n<meta name=\"twitter:label1\" content=\"Tiempo de lectura\" \/>\n\t<meta name=\"twitter:data1\" content=\"2 minutos\" \/>\n<!-- \/ Yoast SEO plugin. -->","yoast_head_json":{"title":"Reno NV Rinoplastia no quir\u00fargica | Cirug\u00eda de nariz l\u00edquida en el lago Tahoe","description":"La rinoplastia no quir\u00fargica es una excelente manera de crear la nariz que siempre ha deseado sin los riesgos o la recuperaci\u00f3n de la cirug\u00eda. El Dr. Erez Dayan ofrece una operaci\u00f3n de nariz l\u00edquida en el Instituto de Cirug\u00eda Pl\u00e1stica Avance en Reno, NV. Llame hoy para programar su consulta.","robots":{"index":"index","follow":"follow","max-snippet":"max-snippet:-1","max-image-preview":"max-image-preview:large","max-video-preview":"max-video-preview:-1"},"canonical":"https:\/\/www.avanceplasticsurgery.com\/es\/procedimientos-cosmeticos-y-de-cirugia\/procedimientos-cosmeticos-de-cara-y-cuello\/rinoplastia-no-quirurgica\/","og_locale":"es_ES","og_type":"article","og_title":"Reno NV Rinoplastia no quir\u00fargica | Cirug\u00eda de nariz l\u00edquida en el lago Tahoe","og_description":"La rinoplastia no quir\u00fargica es una excelente manera de crear la nariz que siempre ha deseado sin los riesgos o la recuperaci\u00f3n de la cirug\u00eda. El Dr. Erez Dayan ofrece una operaci\u00f3n de nariz l\u00edquida en el Instituto de Cirug\u00eda Pl\u00e1stica Avance en Reno, NV. Llame hoy para programar su consulta.","og_url":"https:\/\/www.avanceplasticsurgery.com\/es\/procedimientos-cosmeticos-y-de-cirugia\/procedimientos-cosmeticos-de-cara-y-cuello\/rinoplastia-no-quirurgica\/","og_site_name":"Avance Plastic Surgery","article_modified_time":"2025-09-29T20:11:49+00:00","twitter_card":"summary_large_image","twitter_misc":{"Tiempo de lectura":"2 minutos"},"schema":{"@context":"https:\/\/schema.org","@graph":[{"@type":"WebPage","@id":"https:\/\/www.avanceplasticsurgery.com\/es\/procedimientos-cosmeticos-y-de-cirugia\/procedimientos-cosmeticos-de-cara-y-cuello\/rinoplastia-no-quirurgica\/","url":"https:\/\/www.avanceplasticsurgery.com\/es\/procedimientos-cosmeticos-y-de-cirugia\/procedimientos-cosmeticos-de-cara-y-cuello\/rinoplastia-no-quirurgica\/","name":"Reno NV Rinoplastia no quir\u00fargica | Cirug\u00eda de nariz l\u00edquida en el lago Tahoe","isPartOf":{"@id":"https:\/\/www.avanceplasticsurgery.com\/es\/#website"},"datePublished":"2020-09-16T07:12:47+00:00","dateModified":"2025-09-29T20:11:49+00:00","description":"La rinoplastia no quir\u00fargica es una excelente manera de crear la nariz que siempre ha deseado sin los riesgos o la recuperaci\u00f3n de la cirug\u00eda. El Dr. Erez Dayan ofrece una operaci\u00f3n de nariz l\u00edquida en el Instituto de Cirug\u00eda Pl\u00e1stica Avance en Reno, NV. Llame hoy para programar su consulta.","breadcrumb":{"@id":"https:\/\/www.avanceplasticsurgery.com\/es\/procedimientos-cosmeticos-y-de-cirugia\/procedimientos-cosmeticos-de-cara-y-cuello\/rinoplastia-no-quirurgica\/#breadcrumb"},"inLanguage":"es","potentialAction":[{"@type":"ReadAction","target":["https:\/\/www.avanceplasticsurgery.com\/es\/procedimientos-cosmeticos-y-de-cirugia\/procedimientos-cosmeticos-de-cara-y-cuello\/rinoplastia-no-quirurgica\/"]}]},{"@type":"BreadcrumbList","@id":"https:\/\/www.avanceplasticsurgery.com\/es\/procedimientos-cosmeticos-y-de-cirugia\/procedimientos-cosmeticos-de-cara-y-cuello\/rinoplastia-no-quirurgica\/#breadcrumb","itemListElement":[{"@type":"ListItem","position":1,"name":"Home","item":"https:\/\/www.avanceplasticsurgery.com\/es\/"},{"@type":"ListItem","position":2,"name":"Cosm\u00e9tica","item":"https:\/\/www.avanceplasticsurgery.com\/es\/procedimientos-cosmeticos-y-de-cirugia\/"},{"@type":"ListItem","position":3,"name":"Procedimientos Cosm\u00e9ticos de Cara y Cuello","item":"https:\/\/www.avanceplasticsurgery.com\/es\/procedimientos-cosmeticos-y-de-cirugia\/procedimientos-cosmeticos-de-cara-y-cuello\/"},{"@type":"ListItem","position":4,"name":"Rinoplastia no quir\u00fargica"}]},{"@type":"WebSite","@id":"https:\/\/www.avanceplasticsurgery.com\/es\/#website","url":"https:\/\/www.avanceplasticsurgery.com\/es\/","name":"Avance Plastic Surgery","description":"","potentialAction":[{"@type":"SearchAction","target":{"@type":"EntryPoint","urlTemplate":"https:\/\/www.avanceplasticsurgery.com\/es\/?s={search_term_string}"},"query-input":{"@type":"PropertyValueSpecification","valueRequired":true,"valueName":"search_term_string"}}],"inLanguage":"es"}]}},"_links":{"self":[{"href":"https:\/\/www.avanceplasticsurgery.com\/es\/wp-json\/wp\/v2\/pages\/8930","targetHints":{"allow":["GET"]}}],"collection":[{"href":"https:\/\/www.avanceplasticsurgery.com\/es\/wp-json\/wp\/v2\/pages"}],"about":[{"href":"https:\/\/www.avanceplasticsurgery.com\/es\/wp-json\/wp\/v2\/types\/page"}],"author":[{"embeddable":true,"href":"https:\/\/www.avanceplasticsurgery.com\/es\/wp-json\/wp\/v2\/users\/1"}],"replies":[{"embeddable":true,"href":"https:\/\/www.avanceplasticsurgery.com\/es\/wp-json\/wp\/v2\/comments?post=8930"}],"version-history":[{"count":2,"href":"https:\/\/www.avanceplasticsurgery.com\/es\/wp-json\/wp\/v2\/pages\/8930\/revisions"}],"predecessor-version":[{"id":14377,"href":"https:\/\/www.avanceplasticsurgery.com\/es\/wp-json\/wp\/v2\/pages\/8930\/revisions\/14377"}],"up":[{"embeddable":true,"href":"https:\/\/www.avanceplasticsurgery.com\/es\/wp-json\/wp\/v2\/pages\/8911"}],"wp:attachment":[{"href":"https:\/\/www.avanceplasticsurgery.com\/es\/wp-json\/wp\/v2\/media?parent=8930"}],"curies":[{"name":"wp","href":"https:\/\/api.w.org\/{rel}","templated":true}]}}