{"id":8931,"date":"2020-09-16T07:15:01","date_gmt":"2020-09-16T07:15:01","guid":{"rendered":"https:\/\/www.avanceplasticsurgery.com\/procedimientos-cosmeticos-y-de-cirugia\/procedimientos-cosmeticos-de-cara-y-cuello\/cirugia-de-revision-de-estiramiento-facial\/"},"modified":"2022-04-25T11:39:33","modified_gmt":"2022-04-25T11:39:33","slug":"cirugia-de-revision-de-estiramiento-facial","status":"publish","type":"page","link":"https:\/\/www.avanceplasticsurgery.com\/es\/procedimientos-cosmeticos-y-de-cirugia\/procedimientos-cosmeticos-de-cara-y-cuello\/cirugia-de-revision-de-estiramiento-facial\/","title":{"rendered":"Cirug\u00eda de revisi\u00f3n de estiramiento facial"},"content":{"rendered":"<h1>Cirug\u00eda de revisi\u00f3n de estiramiento facial<\/h1>\n<p>La cirug\u00eda de estiramiento facial de revisi\u00f3n puede ser necesaria por varias razones. La mayor\u00eda de la gente piensa que es necesaria una revisi\u00f3n debido a un procedimiento de estiramiento facial fallido que deja al paciente con un aspecto poco natural. Sin embargo, la mayor\u00eda de las cirug\u00edas de estiramiento facial de revisi\u00f3n consisten en repetir un estiramiento facial exitoso anterior debido al envejecimiento. Generalmente, una cirug\u00eda de estiramiento facial exitosa puede durar hasta 10 a\u00f1os; pero incluso entonces, el envejecimiento te alcanza. Las revisiones son necesarias para <a title=\"Reno NV Procedimientos de cirug\u00eda pl\u00e1stica cosm\u00e9tica de cara y cuello\" href=\"https:\/\/www.avanceplasticsurgery.com\/es\/cosmetic-and-surgery-procedures\/face-neck-cosmetic-procedures\/\">recrear un aspecto m\u00e1s joven<\/a> .<\/p>\n<p>Algunos pacientes acuden al Dr. Dayan para someterse a una cirug\u00eda de estiramiento facial de revisi\u00f3n despu\u00e9s de someterse a un procedimiento anterior y no estar satisfechos con los resultados. Los tratamientos insuficientes o excesivos no son infrecuentes por parte de cirujanos poco calificados. El Dr. Dayan comprende completamente sus inquietudes si no est\u00e1 satisfecho con un estiramiento facial anterior, y puede realizar una cirug\u00eda de estiramiento facial de revisi\u00f3n para corregir cualquier problema.<\/p>\n<p>Independientemente de sus necesidades de cirug\u00eda de estiramiento facial de revisi\u00f3n, el Dr. Dayan es una excelente opci\u00f3n para su cirujano pl\u00e1stico cosm\u00e9tico. Educado en Harvard y con una beca de formaci\u00f3n en un importante centro de cirug\u00eda pl\u00e1stica, la experiencia del Dr. Dayan es buscada en todo el mundo. Ha escrito y dado conferencias sobre procedimientos de cirug\u00eda pl\u00e1stica cosm\u00e9tica y reconstructiva, demostrando t\u00e9cnicas avanzadas e incluso investigando tecnolog\u00eda est\u00e9tica pionera para compa\u00f1\u00edas importantes como InMode, Allergan, Galderma y MTF Biologics.<\/p>\n<h2>Corrija los resultados deficientes del estiramiento facial<\/h2>\n<p>El Dr. Dayan sabe que para corregir los resultados deficientes del estiramiento facial, se necesitan t\u00e9cnicas especiales. La cirug\u00eda de revisi\u00f3n de estiramiento facial requiere un enfoque diferente porque el cirujano est\u00e1 abordando manipulaciones quir\u00fargicas previas. Es posible que algunos tratamientos anteriores a\u00fan est\u00e9n en buen estado, mientras que otros pueden haber fracasado por completo con el tiempo. Cada paciente envejece y cambia de manera diferente, y cada cirug\u00eda para corregir los malos resultados de un estiramiento facial o para rehacer un estiramiento facial antiguo exitoso requiere una precisi\u00f3n y un conocimiento \u00fanicos que no poseen muchos cirujanos pl\u00e1sticos.<\/p>\n<p>M\u00fasculos, tendones y tejidos que han sido previamente ajustados requieren un cuidado extremo para reajustarlos y realzarlos. El Dr. Dayan utiliza t\u00e9cnicas quir\u00fargicas avanzadas en las que ha sido pionero para hacer que la cirug\u00eda de estiramiento facial de revisi\u00f3n produzca la apariencia natural que desea. Recibir\u00e1 una explicaci\u00f3n completa de c\u00f3mo el Dr. Dayan abordar\u00e1 su cirug\u00eda para corregir los resultados deficientes del estiramiento facial en su consulta de cirug\u00eda.<\/p>\n<p>Los tiempos de recuperaci\u00f3n pueden variar, dependiendo de la cantidad de revisi\u00f3n que sea necesaria. La mayor\u00eda de los pacientes pueden regresar al trabajo y a sus actividades regulares despu\u00e9s de 10 a 14 d\u00edas. Deber\u00eda ver resultados completos y una ausencia total de hinchaz\u00f3n despu\u00e9s de un mes. El Dr. Dayan y su equipo le brindar\u00e1n instrucciones completas de cuidado posterior y atenci\u00f3n de seguimiento para garantizar su recuperaci\u00f3n completa.<\/p>\n<p><a title=\"P\u00f3ngase en contacto con el Instituto de Cirug\u00eda Pl\u00e1stica Avance en Reno NV\" href=\"https:\/\/www.avanceplasticsurgery.com\/es\/contact-us-dr-erez-dayan\/\">Comun\u00edquese con el Instituto de Cirug\u00eda Pl\u00e1stica Avance<\/a> en Reno\/Tahoe, NV, para programar su consulta con el Dr. Dayan sobre la cirug\u00eda de estiramiento facial de revisi\u00f3n.<\/p>\n<h3>Programa de mantenimiento<\/h3>\n<p>El <a href=\"https:\/\/www.avanceplasticsurgery.com\/es\/about-avance-plastic-surgery-institute\/plastic-surgery-maintenance\/\">programa de mantenimiento<\/a> en Avance Plastic Surgery Institute est\u00e1 dise\u00f1ado para ofrecer a los pacientes una forma conveniente de continuar viendo los beneficios de nuestros tratamientos durante el mayor tiempo posible.<\/p>\n<p>Para mantener los resultados de los procedimientos cosm\u00e9ticos de cara y cuello, recomendamos tratamientos no invasivos y m\u00ednimamente invasivos con los siguientes dispositivos:<\/p>\n<ul>\n<li>Forma (en modo)<\/li>\n<li>Morfeo 8 (en modo)<\/li>\n<li>Evocar (en modo)<\/li>\n<\/ul>\n","protected":false},"excerpt":{"rendered":"<p>Cirug\u00eda de revisi\u00f3n de estiramiento facial La cirug\u00eda de estiramiento facial de revisi\u00f3n puede ser necesaria por varias razones.&hellip;<\/p>\n","protected":false},"author":1,"featured_media":0,"parent":8911,"menu_order":0,"comment_status":"closed","ping_status":"closed","template":"","meta":{"_acf_changed":false,"footnotes":""},"class_list":["post-8931","page","type-page","status-publish"],"acf":[],"yoast_head":"<!-- This site is optimized with the Yoast SEO plugin v27.3 - https:\/\/yoast.com\/product\/yoast-seo-wordpress\/ -->\n<title>Reno NV Cirug\u00eda de Estiramiento Facial de Revisi\u00f3n | Lake Tahoe corrige los malos resultados del estiramiento facial<\/title>\n<meta name=\"description\" content=\"La cirug\u00eda de estiramiento facial de revisi\u00f3n puede rehacer un estiramiento facial anterior que ha envejecido con el tiempo o corregir los resultados por debajo o por encima de una cirug\u00eda anterior deficiente. El Dr. Erez Dayan realiza una excelente cirug\u00eda para corregir los resultados deficientes del estiramiento facial en el Instituto de Cirug\u00eda Pl\u00e1stica Avance en Reno, NV.\" \/>\n<meta name=\"robots\" content=\"index, follow, max-snippet:-1, max-image-preview:large, max-video-preview:-1\" \/>\n<link rel=\"canonical\" href=\"https:\/\/www.avanceplasticsurgery.com\/es\/procedimientos-cosmeticos-y-de-cirugia\/procedimientos-cosmeticos-de-cara-y-cuello\/cirugia-de-revision-de-estiramiento-facial\/\" \/>\n<meta property=\"og:locale\" content=\"es_ES\" \/>\n<meta property=\"og:type\" content=\"article\" \/>\n<meta property=\"og:title\" content=\"Reno NV Cirug\u00eda de Estiramiento Facial de Revisi\u00f3n | Lake Tahoe corrige los malos resultados del estiramiento facial\" \/>\n<meta property=\"og:description\" content=\"La cirug\u00eda de estiramiento facial de revisi\u00f3n puede rehacer un estiramiento facial anterior que ha envejecido con el tiempo o corregir los resultados por debajo o por encima de una cirug\u00eda anterior deficiente. El Dr. Erez Dayan realiza una excelente cirug\u00eda para corregir los resultados deficientes del estiramiento facial en el Instituto de Cirug\u00eda Pl\u00e1stica Avance en Reno, NV.\" \/>\n<meta property=\"og:url\" content=\"https:\/\/www.avanceplasticsurgery.com\/es\/procedimientos-cosmeticos-y-de-cirugia\/procedimientos-cosmeticos-de-cara-y-cuello\/cirugia-de-revision-de-estiramiento-facial\/\" \/>\n<meta property=\"og:site_name\" content=\"Avance Plastic Surgery\" \/>\n<meta property=\"article:modified_time\" content=\"2022-04-25T11:39:33+00:00\" \/>\n<meta name=\"twitter:card\" content=\"summary_large_image\" \/>\n<meta name=\"twitter:label1\" content=\"Tiempo de lectura\" \/>\n\t<meta name=\"twitter:data1\" content=\"3 minutos\" \/>\n<!-- \/ Yoast SEO plugin. -->","yoast_head_json":{"title":"Reno NV Cirug\u00eda de Estiramiento Facial de Revisi\u00f3n | Lake Tahoe corrige los malos resultados del estiramiento facial","description":"La cirug\u00eda de estiramiento facial de revisi\u00f3n puede rehacer un estiramiento facial anterior que ha envejecido con el tiempo o corregir los resultados por debajo o por encima de una cirug\u00eda anterior deficiente. El Dr. Erez Dayan realiza una excelente cirug\u00eda para corregir los resultados deficientes del estiramiento facial en el Instituto de Cirug\u00eda Pl\u00e1stica Avance en Reno, NV.","robots":{"index":"index","follow":"follow","max-snippet":"max-snippet:-1","max-image-preview":"max-image-preview:large","max-video-preview":"max-video-preview:-1"},"canonical":"https:\/\/www.avanceplasticsurgery.com\/es\/procedimientos-cosmeticos-y-de-cirugia\/procedimientos-cosmeticos-de-cara-y-cuello\/cirugia-de-revision-de-estiramiento-facial\/","og_locale":"es_ES","og_type":"article","og_title":"Reno NV Cirug\u00eda de Estiramiento Facial de Revisi\u00f3n | Lake Tahoe corrige los malos resultados del estiramiento facial","og_description":"La cirug\u00eda de estiramiento facial de revisi\u00f3n puede rehacer un estiramiento facial anterior que ha envejecido con el tiempo o corregir los resultados por debajo o por encima de una cirug\u00eda anterior deficiente. El Dr. Erez Dayan realiza una excelente cirug\u00eda para corregir los resultados deficientes del estiramiento facial en el Instituto de Cirug\u00eda Pl\u00e1stica Avance en Reno, NV.","og_url":"https:\/\/www.avanceplasticsurgery.com\/es\/procedimientos-cosmeticos-y-de-cirugia\/procedimientos-cosmeticos-de-cara-y-cuello\/cirugia-de-revision-de-estiramiento-facial\/","og_site_name":"Avance Plastic Surgery","article_modified_time":"2022-04-25T11:39:33+00:00","twitter_card":"summary_large_image","twitter_misc":{"Tiempo de lectura":"3 minutos"},"schema":{"@context":"https:\/\/schema.org","@graph":[{"@type":"WebPage","@id":"https:\/\/www.avanceplasticsurgery.com\/es\/procedimientos-cosmeticos-y-de-cirugia\/procedimientos-cosmeticos-de-cara-y-cuello\/cirugia-de-revision-de-estiramiento-facial\/","url":"https:\/\/www.avanceplasticsurgery.com\/es\/procedimientos-cosmeticos-y-de-cirugia\/procedimientos-cosmeticos-de-cara-y-cuello\/cirugia-de-revision-de-estiramiento-facial\/","name":"Reno NV Cirug\u00eda de Estiramiento Facial de Revisi\u00f3n | Lake Tahoe corrige los malos resultados del estiramiento facial","isPartOf":{"@id":"https:\/\/www.avanceplasticsurgery.com\/es\/#website"},"datePublished":"2020-09-16T07:15:01+00:00","dateModified":"2022-04-25T11:39:33+00:00","description":"La cirug\u00eda de estiramiento facial de revisi\u00f3n puede rehacer un estiramiento facial anterior que ha envejecido con el tiempo o corregir los resultados por debajo o por encima de una cirug\u00eda anterior deficiente. El Dr. Erez Dayan realiza una excelente cirug\u00eda para corregir los resultados deficientes del estiramiento facial en el Instituto de Cirug\u00eda Pl\u00e1stica Avance en Reno, NV.","breadcrumb":{"@id":"https:\/\/www.avanceplasticsurgery.com\/es\/procedimientos-cosmeticos-y-de-cirugia\/procedimientos-cosmeticos-de-cara-y-cuello\/cirugia-de-revision-de-estiramiento-facial\/#breadcrumb"},"inLanguage":"es","potentialAction":[{"@type":"ReadAction","target":["https:\/\/www.avanceplasticsurgery.com\/es\/procedimientos-cosmeticos-y-de-cirugia\/procedimientos-cosmeticos-de-cara-y-cuello\/cirugia-de-revision-de-estiramiento-facial\/"]}]},{"@type":"BreadcrumbList","@id":"https:\/\/www.avanceplasticsurgery.com\/es\/procedimientos-cosmeticos-y-de-cirugia\/procedimientos-cosmeticos-de-cara-y-cuello\/cirugia-de-revision-de-estiramiento-facial\/#breadcrumb","itemListElement":[{"@type":"ListItem","position":1,"name":"Home","item":"https:\/\/www.avanceplasticsurgery.com\/es\/"},{"@type":"ListItem","position":2,"name":"Cosm\u00e9tica","item":"https:\/\/www.avanceplasticsurgery.com\/es\/procedimientos-cosmeticos-y-de-cirugia\/"},{"@type":"ListItem","position":3,"name":"Procedimientos Cosm\u00e9ticos de Cara y Cuello","item":"https:\/\/www.avanceplasticsurgery.com\/es\/procedimientos-cosmeticos-y-de-cirugia\/procedimientos-cosmeticos-de-cara-y-cuello\/"},{"@type":"ListItem","position":4,"name":"Cirug\u00eda de revisi\u00f3n de estiramiento facial"}]},{"@type":"WebSite","@id":"https:\/\/www.avanceplasticsurgery.com\/es\/#website","url":"https:\/\/www.avanceplasticsurgery.com\/es\/","name":"Avance Plastic Surgery","description":"","potentialAction":[{"@type":"SearchAction","target":{"@type":"EntryPoint","urlTemplate":"https:\/\/www.avanceplasticsurgery.com\/es\/?s={search_term_string}"},"query-input":{"@type":"PropertyValueSpecification","valueRequired":true,"valueName":"search_term_string"}}],"inLanguage":"es"}]}},"_links":{"self":[{"href":"https:\/\/www.avanceplasticsurgery.com\/es\/wp-json\/wp\/v2\/pages\/8931","targetHints":{"allow":["GET"]}}],"collection":[{"href":"https:\/\/www.avanceplasticsurgery.com\/es\/wp-json\/wp\/v2\/pages"}],"about":[{"href":"https:\/\/www.avanceplasticsurgery.com\/es\/wp-json\/wp\/v2\/types\/page"}],"author":[{"embeddable":true,"href":"https:\/\/www.avanceplasticsurgery.com\/es\/wp-json\/wp\/v2\/users\/1"}],"replies":[{"embeddable":true,"href":"https:\/\/www.avanceplasticsurgery.com\/es\/wp-json\/wp\/v2\/comments?post=8931"}],"version-history":[{"count":1,"href":"https:\/\/www.avanceplasticsurgery.com\/es\/wp-json\/wp\/v2\/pages\/8931\/revisions"}],"predecessor-version":[{"id":9226,"href":"https:\/\/www.avanceplasticsurgery.com\/es\/wp-json\/wp\/v2\/pages\/8931\/revisions\/9226"}],"up":[{"embeddable":true,"href":"https:\/\/www.avanceplasticsurgery.com\/es\/wp-json\/wp\/v2\/pages\/8911"}],"wp:attachment":[{"href":"https:\/\/www.avanceplasticsurgery.com\/es\/wp-json\/wp\/v2\/media?parent=8931"}],"curies":[{"name":"wp","href":"https:\/\/api.w.org\/{rel}","templated":true}]}}