{"id":8932,"date":"2020-09-16T07:44:35","date_gmt":"2020-09-16T07:44:35","guid":{"rendered":"https:\/\/www.avanceplasticsurgery.com\/procedimientos-cosmeticos-y-de-cirugia\/cirugia-reconstructiva-facial\/"},"modified":"2022-04-25T11:53:26","modified_gmt":"2022-04-25T11:53:26","slug":"cirugia-reconstructiva-facial","status":"publish","type":"page","link":"https:\/\/www.avanceplasticsurgery.com\/es\/procedimientos-cosmeticos-y-de-cirugia\/cirugia-reconstructiva-facial\/","title":{"rendered":"Reconstrucci\u00f3n"},"content":{"rendered":"<h1>Cirug\u00eda Pl\u00e1stica Reconstructiva Facial<\/h1>\n<p>La cirug\u00eda pl\u00e1stica reconstructiva facial puede ser necesaria por una variedad de razones. Cuando necesita un <a title=\"Reno NV Cirug\u00eda Est\u00e9tica Facial\" href=\"https:\/\/www.avanceplasticsurgery.com\/es\/cosmetic-and-surgery-procedures\/\">trabajo cosm\u00e9tico en su rostro<\/a> , no es poca cosa. La forma en que aparecer\u00e1s ante el mundo para siempre depende de las reparaciones. Quiere un experto en cirug\u00eda pl\u00e1stica reconstructiva facial, y el mejor es el Dr. Erez Dayan en Reno\/Tahoe, NV.<\/p>\n<p>Numerosos m\u00e9dicos y cirujanos han viajado al Instituto de Cirug\u00eda Pl\u00e1stica Avance en Reno\/Tahoe para observar y aprender del Dr. Dayan mientras demuestra t\u00e9cnicas y tecnolog\u00eda de cirug\u00eda pl\u00e1stica avanzada e innovadora. Como investigador e investigador de importantes empresas de est\u00e9tica como InMode, Allergan y Galderma, sus opiniones y experiencia son muy solicitadas.<\/p>\n<h2>Reparaciones de traumatismos faciales en Reno\/Tahoe cerca de Lake Tahoe, NV<\/h2>\n<p>Independientemente de la causa detr\u00e1s de su trauma facial, desea que los resultados finales de las reparaciones de su trauma facial sean lo m\u00e1s naturales y originales posible. Algunas de las reparaciones comunes de trauma facial realizadas por el Dr. Dayan incluyen:<\/p>\n<nav class=\"flc-submenu\" aria-label=\"sub menu\"><ul><li class=\"page_item page-item-8950\"><a href=\"https:\/\/www.avanceplasticsurgery.com\/es\/procedimientos-cosmeticos-y-de-cirugia\/cirugia-reconstructiva-facial\/cirugia-de-parpado\/\">Cirug\u00eda de p\u00e1rpado<\/a><\/li>\n<li class=\"page_item page-item-8952\"><a href=\"https:\/\/www.avanceplasticsurgery.com\/es\/procedimientos-cosmeticos-y-de-cirugia\/cirugia-reconstructiva-facial\/mohs-cancer-de-piel\/\">Mohs | C\u00e1ncer de piel<\/a><\/li>\n<li class=\"page_item page-item-8953\"><a href=\"https:\/\/www.avanceplasticsurgery.com\/es\/procedimientos-cosmeticos-y-de-cirugia\/cirugia-reconstructiva-facial\/reconstruccion-nasal\/\">Reconstrucci\u00f3n Nasal<\/a><\/li>\n<li class=\"page_item page-item-8954\"><a href=\"https:\/\/www.avanceplasticsurgery.com\/es\/procedimientos-cosmeticos-y-de-cirugia\/cirugia-reconstructiva-facial\/reparacion-de-fractura-orbitaria\/\">Reparaci\u00f3n de fractura orbitaria<\/a><\/li>\n<li class=\"page_item page-item-8955\"><a href=\"https:\/\/www.avanceplasticsurgery.com\/es\/procedimientos-cosmeticos-y-de-cirugia\/cirugia-reconstructiva-facial\/revision-de-cicatrices\/\">Revisi\u00f3n de cicatrices<\/a><\/li>\n<li class=\"page_item page-item-8951\"><a href=\"https:\/\/www.avanceplasticsurgery.com\/es\/procedimientos-cosmeticos-y-de-cirugia\/cirugia-reconstructiva-facial\/traumatismos-faciales\/\">Traumatismos faciales<\/a><\/li>\n<\/ul><\/nav>\n<p>El trauma puede ocurrir por accidentes, altercados personales o una variedad de causas naturales y requieren reparaciones cosm\u00e9ticas de nivel experto. Ya sea que necesite reparaciones para afecciones de los p\u00e1rpados, trauma por mordedura de perro, c\u00e1ncer de piel, \u00e1reas faciales fracturadas o para borrar cicatrices de traumas pasados, el Dr. Erez Dayan tiene la capacitaci\u00f3n y la experiencia para producir resultados est\u00e9ticos y funcionales sorprendentes.<\/p>\n<h3>Reserve su consulta para cirug\u00eda reconstructiva facial<\/h3>\n<p>El Dr. Dayan trabaja habitualmente en conjunto con otros especialistas m\u00e9dicos cuando realiza varios tipos de cirug\u00eda reconstructiva facial en Reno\/Tahoe. Su especialista en c\u00e1ncer, otorrinolaring\u00f3logo, especialista en ojos u otro m\u00e9dico puede comunicarse con el Instituto de Cirug\u00eda Pl\u00e1stica Avance para una consulta, o puede llamar y hablar con un miembro de nuestro equipo para programar una consulta con el Dr. Dayan.<\/p>\n<p>Para obtener los servicios de un cirujano pl\u00e1stico cosm\u00e9tico y reconstructivo altamente calificado cuando necesite una cirug\u00eda reconstructiva facial, <a title=\"P\u00f3ngase en contacto con el Instituto de Cirug\u00eda Pl\u00e1stica Avance en Reno NV\" href=\"https:\/\/www.avanceplasticsurgery.com\/es\/contact-us-dr-erez-dayan\/\">comun\u00edquese con el Avance Plastic Surgery Institute en l\u00ednea<\/a> o ll\u00e1menos al (775) 800-4444.<\/p>\n<p>El Dr. Erez Dayan ha realizado una extensa investigaci\u00f3n sobre suplementos en cirug\u00eda pl\u00e1stica. Lea m\u00e1s sobre la investigaci\u00f3n de Suplementos en Cirug\u00eda Pl\u00e1stica del <a href=\"https:\/\/www.avanceplasticsurgery.com\/es\/about-avance-plastic-surgery-institute\/research\/#supplements\">Dr. Dayan aqu\u00ed.<\/a><\/p>\n","protected":false},"excerpt":{"rendered":"<p>Cirug\u00eda Pl\u00e1stica Reconstructiva Facial La cirug\u00eda pl\u00e1stica reconstructiva facial puede ser necesaria por una variedad de razones. Cuando necesita&hellip;<\/p>\n","protected":false},"author":1,"featured_media":8581,"parent":8804,"menu_order":0,"comment_status":"closed","ping_status":"closed","template":"","meta":{"_acf_changed":false,"footnotes":""},"class_list":["post-8932","page","type-page","status-publish","has-post-thumbnail"],"acf":[],"yoast_head":"<!-- This site is optimized with the Yoast SEO plugin v25.6 - https:\/\/yoast.com\/wordpress\/plugins\/seo\/ -->\n<title>Reno NV Cirug\u00eda Pl\u00e1stica Reconstructiva | Trauma facial del lago Tahoe<\/title>\n<meta name=\"description\" content=\"Los pacientes que necesitan una cirug\u00eda reconstructiva facial en Reno o Lake Tahoe, NV, encontrar\u00e1n al experto que necesitan en el Avance Plastic Surgery Institute. Llame hoy para programar una consulta con el Dr. Erez Dayan.\" \/>\n<meta name=\"robots\" content=\"index, follow, max-snippet:-1, max-image-preview:large, max-video-preview:-1\" \/>\n<link rel=\"canonical\" href=\"https:\/\/www.avanceplasticsurgery.com\/es\/procedimientos-cosmeticos-y-de-cirugia\/cirugia-reconstructiva-facial\/\" \/>\n<meta property=\"og:locale\" content=\"es_ES\" \/>\n<meta property=\"og:type\" content=\"article\" \/>\n<meta property=\"og:title\" content=\"Reno NV Cirug\u00eda Pl\u00e1stica Reconstructiva | Trauma facial del lago Tahoe\" \/>\n<meta property=\"og:description\" content=\"Los pacientes que necesitan una cirug\u00eda reconstructiva facial en Reno o Lake Tahoe, NV, encontrar\u00e1n al experto que necesitan en el Avance Plastic Surgery Institute. Llame hoy para programar una consulta con el Dr. Erez Dayan.\" \/>\n<meta property=\"og:url\" content=\"https:\/\/www.avanceplasticsurgery.com\/es\/procedimientos-cosmeticos-y-de-cirugia\/cirugia-reconstructiva-facial\/\" \/>\n<meta property=\"og:site_name\" content=\"Avance Plastic Surgery\" \/>\n<meta property=\"article:modified_time\" content=\"2022-04-25T11:53:26+00:00\" \/>\n<meta property=\"og:image\" content=\"https:\/\/www.avanceplasticsurgery.com\/wp-content\/uploads\/2022\/01\/face.jpg\" \/>\n\t<meta property=\"og:image:width\" content=\"1920\" \/>\n\t<meta property=\"og:image:height\" content=\"595\" \/>\n\t<meta property=\"og:image:type\" content=\"image\/jpeg\" \/>\n<meta name=\"twitter:card\" content=\"summary_large_image\" \/>\n<meta name=\"twitter:label1\" content=\"Tiempo de lectura\" \/>\n\t<meta name=\"twitter:data1\" content=\"2 minutos\" \/>\n<!-- \/ Yoast SEO plugin. -->","yoast_head_json":{"title":"Reno NV Cirug\u00eda Pl\u00e1stica Reconstructiva | Trauma facial del lago Tahoe","description":"Los pacientes que necesitan una cirug\u00eda reconstructiva facial en Reno o Lake Tahoe, NV, encontrar\u00e1n al experto que necesitan en el Avance Plastic Surgery Institute. Llame hoy para programar una consulta con el Dr. Erez Dayan.","robots":{"index":"index","follow":"follow","max-snippet":"max-snippet:-1","max-image-preview":"max-image-preview:large","max-video-preview":"max-video-preview:-1"},"canonical":"https:\/\/www.avanceplasticsurgery.com\/es\/procedimientos-cosmeticos-y-de-cirugia\/cirugia-reconstructiva-facial\/","og_locale":"es_ES","og_type":"article","og_title":"Reno NV Cirug\u00eda Pl\u00e1stica Reconstructiva | Trauma facial del lago Tahoe","og_description":"Los pacientes que necesitan una cirug\u00eda reconstructiva facial en Reno o Lake Tahoe, NV, encontrar\u00e1n al experto que necesitan en el Avance Plastic Surgery Institute. Llame hoy para programar una consulta con el Dr. Erez Dayan.","og_url":"https:\/\/www.avanceplasticsurgery.com\/es\/procedimientos-cosmeticos-y-de-cirugia\/cirugia-reconstructiva-facial\/","og_site_name":"Avance Plastic Surgery","article_modified_time":"2022-04-25T11:53:26+00:00","og_image":[{"width":1920,"height":595,"url":"https:\/\/www.avanceplasticsurgery.com\/wp-content\/uploads\/2022\/01\/face.jpg","type":"image\/jpeg"}],"twitter_card":"summary_large_image","twitter_misc":{"Tiempo de lectura":"2 minutos"},"schema":{"@context":"https:\/\/schema.org","@graph":[{"@type":"WebPage","@id":"https:\/\/www.avanceplasticsurgery.com\/es\/procedimientos-cosmeticos-y-de-cirugia\/cirugia-reconstructiva-facial\/","url":"https:\/\/www.avanceplasticsurgery.com\/es\/procedimientos-cosmeticos-y-de-cirugia\/cirugia-reconstructiva-facial\/","name":"Reno NV Cirug\u00eda Pl\u00e1stica Reconstructiva | Trauma facial del lago Tahoe","isPartOf":{"@id":"https:\/\/www.avanceplasticsurgery.com\/es\/#website"},"primaryImageOfPage":{"@id":"https:\/\/www.avanceplasticsurgery.com\/es\/procedimientos-cosmeticos-y-de-cirugia\/cirugia-reconstructiva-facial\/#primaryimage"},"image":{"@id":"https:\/\/www.avanceplasticsurgery.com\/es\/procedimientos-cosmeticos-y-de-cirugia\/cirugia-reconstructiva-facial\/#primaryimage"},"thumbnailUrl":"https:\/\/www.avanceplasticsurgery.com\/wp-content\/uploads\/2022\/01\/face.jpg","datePublished":"2020-09-16T07:44:35+00:00","dateModified":"2022-04-25T11:53:26+00:00","description":"Los pacientes que necesitan una cirug\u00eda reconstructiva facial en Reno o Lake Tahoe, NV, encontrar\u00e1n al experto que necesitan en el Avance Plastic Surgery Institute. Llame hoy para programar una consulta con el Dr. Erez Dayan.","breadcrumb":{"@id":"https:\/\/www.avanceplasticsurgery.com\/es\/procedimientos-cosmeticos-y-de-cirugia\/cirugia-reconstructiva-facial\/#breadcrumb"},"inLanguage":"es","potentialAction":[{"@type":"ReadAction","target":["https:\/\/www.avanceplasticsurgery.com\/es\/procedimientos-cosmeticos-y-de-cirugia\/cirugia-reconstructiva-facial\/"]}]},{"@type":"ImageObject","inLanguage":"es","@id":"https:\/\/www.avanceplasticsurgery.com\/es\/procedimientos-cosmeticos-y-de-cirugia\/cirugia-reconstructiva-facial\/#primaryimage","url":"https:\/\/www.avanceplasticsurgery.com\/wp-content\/uploads\/2022\/01\/face.jpg","contentUrl":"https:\/\/www.avanceplasticsurgery.com\/wp-content\/uploads\/2022\/01\/face.jpg","width":1920,"height":595,"caption":"Un hombre con gafas y traje apunta una brocha de maquillaje a la mejilla de una mujer joven que mira hacia delante, sentada cerca de un espejo redondo sobre un fondo liso."},{"@type":"BreadcrumbList","@id":"https:\/\/www.avanceplasticsurgery.com\/es\/procedimientos-cosmeticos-y-de-cirugia\/cirugia-reconstructiva-facial\/#breadcrumb","itemListElement":[{"@type":"ListItem","position":1,"name":"Home","item":"https:\/\/www.avanceplasticsurgery.com\/es\/"},{"@type":"ListItem","position":2,"name":"Cosm\u00e9tica","item":"https:\/\/www.avanceplasticsurgery.com\/es\/procedimientos-cosmeticos-y-de-cirugia\/"},{"@type":"ListItem","position":3,"name":"Reconstrucci\u00f3n"}]},{"@type":"WebSite","@id":"https:\/\/www.avanceplasticsurgery.com\/es\/#website","url":"https:\/\/www.avanceplasticsurgery.com\/es\/","name":"Avance Plastic Surgery","description":"","potentialAction":[{"@type":"SearchAction","target":{"@type":"EntryPoint","urlTemplate":"https:\/\/www.avanceplasticsurgery.com\/es\/?s={search_term_string}"},"query-input":{"@type":"PropertyValueSpecification","valueRequired":true,"valueName":"search_term_string"}}],"inLanguage":"es"}]}},"_links":{"self":[{"href":"https:\/\/www.avanceplasticsurgery.com\/es\/wp-json\/wp\/v2\/pages\/8932","targetHints":{"allow":["GET"]}}],"collection":[{"href":"https:\/\/www.avanceplasticsurgery.com\/es\/wp-json\/wp\/v2\/pages"}],"about":[{"href":"https:\/\/www.avanceplasticsurgery.com\/es\/wp-json\/wp\/v2\/types\/page"}],"author":[{"embeddable":true,"href":"https:\/\/www.avanceplasticsurgery.com\/es\/wp-json\/wp\/v2\/users\/1"}],"replies":[{"embeddable":true,"href":"https:\/\/www.avanceplasticsurgery.com\/es\/wp-json\/wp\/v2\/comments?post=8932"}],"version-history":[{"count":6,"href":"https:\/\/www.avanceplasticsurgery.com\/es\/wp-json\/wp\/v2\/pages\/8932\/revisions"}],"predecessor-version":[{"id":9253,"href":"https:\/\/www.avanceplasticsurgery.com\/es\/wp-json\/wp\/v2\/pages\/8932\/revisions\/9253"}],"up":[{"embeddable":true,"href":"https:\/\/www.avanceplasticsurgery.com\/es\/wp-json\/wp\/v2\/pages\/8804"}],"wp:featuredmedia":[{"embeddable":true,"href":"https:\/\/www.avanceplasticsurgery.com\/es\/wp-json\/wp\/v2\/media\/8581"}],"wp:attachment":[{"href":"https:\/\/www.avanceplasticsurgery.com\/es\/wp-json\/wp\/v2\/media?parent=8932"}],"curies":[{"name":"wp","href":"https:\/\/api.w.org\/{rel}","templated":true}]}}