{"id":8933,"date":"2020-09-16T07:41:56","date_gmt":"2020-09-16T07:41:56","guid":{"rendered":"https:\/\/www.avanceplasticsurgery.com\/procedimientos-cosmeticos-y-de-cirugia\/paralisis-facial\/"},"modified":"2022-04-25T11:20:57","modified_gmt":"2022-04-25T11:20:57","slug":"paralisis-facial","status":"publish","type":"page","link":"https:\/\/www.avanceplasticsurgery.com\/es\/procedimientos-cosmeticos-y-de-cirugia\/paralisis-facial\/","title":{"rendered":"Par\u00e1lisis facial"},"content":{"rendered":"<h1>Especialista en Par\u00e1lisis Facial<\/h1>\n<p>La par\u00e1lisis facial puede ocurrir por varias causas y a cualquier edad. Las causas comunes de par\u00e1lisis facial pueden incluir:<\/p>\n<ul>\n<li>Carrera<\/li>\n<li>Tumor o c\u00e1ncer<\/li>\n<li>Trauma<\/li>\n<li>Enfermedades autoinmunes<\/li>\n<li>enfermedades neurologicas<\/li>\n<li>Trastornos nerviosos, como la par\u00e1lisis de Bell<\/li>\n<\/ul>\n<p>Cuando estas u otras condiciones provocan alg\u00fan tipo de par\u00e1lisis facial o dificultades con los movimientos, la expresi\u00f3n o la funcionalidad facial, se necesita un <a title=\"Reno NV Cirug\u00eda Est\u00e9tica Facial\" href=\"https:\/\/www.avanceplasticsurgery.com\/es\/cosmetic-and-surgery-procedures\/\">especialista en par\u00e1lisis facial<\/a> . El Dr. Erez Dayan del Instituto de Cirug\u00eda Pl\u00e1stica Avance en Reno\/Tahoe ofrece tratamiento para el da\u00f1o del nervio facial.<\/p>\n<h2>Tratamiento del da\u00f1o del nervio facial<\/h2>\n<p>El da\u00f1o del nervio facial puede presentarse de muchas maneras, y esto determinar\u00e1 el tratamiento preciso que recomendar\u00e1 el Dr. Dayan. Puede haber movimientos faciales descoordinados o involuntarios, movimientos restringidos en un lado de la cara, falta de movimiento controlado que afecte la funci\u00f3n, como masticar o incluso ning\u00fan movimiento. Diferentes condiciones afectar\u00e1n diferentes nervios y producir\u00e1n diferentes resultados.<\/p>\n<p>El Dr. Dayan trabajar\u00e1 en estrecha colaboraci\u00f3n con su neur\u00f3logo para diagnosticar la causa exacta de su par\u00e1lisis facial y determinar el mejor tratamiento que restaurar\u00e1 el control y el movimiento tanto como sea posible. Un neur\u00f3logo realizar\u00e1 los procedimientos o reparaciones relacionados con los nervios, mientras que el Dr. Dayan trabaja para corregir los aspectos est\u00e9ticos y funcionales de su afecci\u00f3n.<\/p>\n<p>Algunos tratamientos para el da\u00f1o del nervio facial se pueden lograr con medios m\u00ednimamente invasivos, como las inyecciones de Botox\u00ae. Esto puede relajar los m\u00fasculos tensos y permitir una mejor est\u00e9tica facial en algunos casos. Tambi\u00e9n se pueden recomendar algunos estiramientos de la piel o varios procedimientos de estiramiento facial para corregir la asimetr\u00eda facial o los p\u00e1rpados ca\u00eddos, las mejillas y m\u00e1s.<\/p>\n<p>Si sufre da\u00f1o en el nervio facial y necesita un cirujano pl\u00e1stico est\u00e9tico y reconstructivo experto para el tratamiento, <a title=\"P\u00f3ngase en contacto con el Instituto de Cirug\u00eda Pl\u00e1stica Avance en Reno NV\" href=\"https:\/\/www.avanceplasticsurgery.com\/es\/contact-us-dr-erez-dayan\/\">comun\u00edquese con el Instituto de Cirug\u00eda Pl\u00e1stica Avance<\/a> en Reno\/Tahoe, NV, y reserve una consulta con el Dr. Erez Dayan.<\/p>\n","protected":false},"excerpt":{"rendered":"<p>Especialista en Par\u00e1lisis Facial La par\u00e1lisis facial puede ocurrir por varias causas y a cualquier edad. Las causas comunes&hellip;<\/p>\n","protected":false},"author":1,"featured_media":8581,"parent":8804,"menu_order":0,"comment_status":"closed","ping_status":"closed","template":"","meta":{"_acf_changed":false,"footnotes":""},"class_list":["post-8933","page","type-page","status-publish","has-post-thumbnail"],"acf":[],"yoast_head":"<!-- This site is optimized with the Yoast SEO plugin v27.4 - https:\/\/yoast.com\/product\/yoast-seo-wordpress\/ -->\n<title>Especialista en par\u00e1lisis facial de Reno NV | Tratamiento de da\u00f1os en los nervios del lago Tahoe<\/title>\n<meta name=\"description\" content=\"El Dr. Erez Dayan, especialista en par\u00e1lisis facial, es un cirujano pl\u00e1stico cosm\u00e9tico experto que ofrece tratamiento para el da\u00f1o del nervio facial en Reno, NV. Llame hoy al Instituto de Cirug\u00eda Pl\u00e1stica Avance para programar una consulta.\" \/>\n<meta name=\"robots\" content=\"index, follow, max-snippet:-1, max-image-preview:large, max-video-preview:-1\" \/>\n<link rel=\"canonical\" href=\"https:\/\/www.avanceplasticsurgery.com\/es\/procedimientos-cosmeticos-y-de-cirugia\/paralisis-facial\/\" \/>\n<meta property=\"og:locale\" content=\"es_ES\" \/>\n<meta property=\"og:type\" content=\"article\" \/>\n<meta property=\"og:title\" content=\"Especialista en par\u00e1lisis facial de Reno NV | Tratamiento de da\u00f1os en los nervios del lago Tahoe\" \/>\n<meta property=\"og:description\" content=\"El Dr. Erez Dayan, especialista en par\u00e1lisis facial, es un cirujano pl\u00e1stico cosm\u00e9tico experto que ofrece tratamiento para el da\u00f1o del nervio facial en Reno, NV. Llame hoy al Instituto de Cirug\u00eda Pl\u00e1stica Avance para programar una consulta.\" \/>\n<meta property=\"og:url\" content=\"https:\/\/www.avanceplasticsurgery.com\/es\/procedimientos-cosmeticos-y-de-cirugia\/paralisis-facial\/\" \/>\n<meta property=\"og:site_name\" content=\"Avance Plastic Surgery\" \/>\n<meta property=\"article:modified_time\" content=\"2022-04-25T11:20:57+00:00\" \/>\n<meta property=\"og:image\" content=\"https:\/\/www.avanceplasticsurgery.com\/wp-content\/uploads\/2022\/01\/face.jpg\" \/>\n\t<meta property=\"og:image:width\" content=\"1920\" \/>\n\t<meta property=\"og:image:height\" content=\"595\" \/>\n\t<meta property=\"og:image:type\" content=\"image\/jpeg\" \/>\n<meta name=\"twitter:card\" content=\"summary_large_image\" \/>\n<meta name=\"twitter:label1\" content=\"Tiempo de lectura\" \/>\n\t<meta name=\"twitter:data1\" content=\"2 minutos\" \/>\n<!-- \/ Yoast SEO plugin. -->","yoast_head_json":{"title":"Especialista en par\u00e1lisis facial de Reno NV | Tratamiento de da\u00f1os en los nervios del lago Tahoe","description":"El Dr. Erez Dayan, especialista en par\u00e1lisis facial, es un cirujano pl\u00e1stico cosm\u00e9tico experto que ofrece tratamiento para el da\u00f1o del nervio facial en Reno, NV. Llame hoy al Instituto de Cirug\u00eda Pl\u00e1stica Avance para programar una consulta.","robots":{"index":"index","follow":"follow","max-snippet":"max-snippet:-1","max-image-preview":"max-image-preview:large","max-video-preview":"max-video-preview:-1"},"canonical":"https:\/\/www.avanceplasticsurgery.com\/es\/procedimientos-cosmeticos-y-de-cirugia\/paralisis-facial\/","og_locale":"es_ES","og_type":"article","og_title":"Especialista en par\u00e1lisis facial de Reno NV | Tratamiento de da\u00f1os en los nervios del lago Tahoe","og_description":"El Dr. Erez Dayan, especialista en par\u00e1lisis facial, es un cirujano pl\u00e1stico cosm\u00e9tico experto que ofrece tratamiento para el da\u00f1o del nervio facial en Reno, NV. Llame hoy al Instituto de Cirug\u00eda Pl\u00e1stica Avance para programar una consulta.","og_url":"https:\/\/www.avanceplasticsurgery.com\/es\/procedimientos-cosmeticos-y-de-cirugia\/paralisis-facial\/","og_site_name":"Avance Plastic Surgery","article_modified_time":"2022-04-25T11:20:57+00:00","og_image":[{"width":1920,"height":595,"url":"https:\/\/www.avanceplasticsurgery.com\/wp-content\/uploads\/2022\/01\/face.jpg","type":"image\/jpeg"}],"twitter_card":"summary_large_image","twitter_misc":{"Tiempo de lectura":"2 minutos"},"schema":{"@context":"https:\/\/schema.org","@graph":[{"@type":"WebPage","@id":"https:\/\/www.avanceplasticsurgery.com\/es\/procedimientos-cosmeticos-y-de-cirugia\/paralisis-facial\/","url":"https:\/\/www.avanceplasticsurgery.com\/es\/procedimientos-cosmeticos-y-de-cirugia\/paralisis-facial\/","name":"Especialista en par\u00e1lisis facial de Reno NV | Tratamiento de da\u00f1os en los nervios del lago Tahoe","isPartOf":{"@id":"https:\/\/www.avanceplasticsurgery.com\/es\/#website"},"primaryImageOfPage":{"@id":"https:\/\/www.avanceplasticsurgery.com\/es\/procedimientos-cosmeticos-y-de-cirugia\/paralisis-facial\/#primaryimage"},"image":{"@id":"https:\/\/www.avanceplasticsurgery.com\/es\/procedimientos-cosmeticos-y-de-cirugia\/paralisis-facial\/#primaryimage"},"thumbnailUrl":"https:\/\/www.avanceplasticsurgery.com\/wp-content\/uploads\/2022\/01\/face.jpg","datePublished":"2020-09-16T07:41:56+00:00","dateModified":"2022-04-25T11:20:57+00:00","description":"El Dr. Erez Dayan, especialista en par\u00e1lisis facial, es un cirujano pl\u00e1stico cosm\u00e9tico experto que ofrece tratamiento para el da\u00f1o del nervio facial en Reno, NV. Llame hoy al Instituto de Cirug\u00eda Pl\u00e1stica Avance para programar una consulta.","breadcrumb":{"@id":"https:\/\/www.avanceplasticsurgery.com\/es\/procedimientos-cosmeticos-y-de-cirugia\/paralisis-facial\/#breadcrumb"},"inLanguage":"es","potentialAction":[{"@type":"ReadAction","target":["https:\/\/www.avanceplasticsurgery.com\/es\/procedimientos-cosmeticos-y-de-cirugia\/paralisis-facial\/"]}]},{"@type":"ImageObject","inLanguage":"es","@id":"https:\/\/www.avanceplasticsurgery.com\/es\/procedimientos-cosmeticos-y-de-cirugia\/paralisis-facial\/#primaryimage","url":"https:\/\/www.avanceplasticsurgery.com\/wp-content\/uploads\/2022\/01\/face.jpg","contentUrl":"https:\/\/www.avanceplasticsurgery.com\/wp-content\/uploads\/2022\/01\/face.jpg","width":1920,"height":595,"caption":"Un hombre con gafas y traje apunta una brocha de maquillaje a la mejilla de una mujer joven que mira hacia delante, sentada cerca de un espejo redondo sobre un fondo liso."},{"@type":"BreadcrumbList","@id":"https:\/\/www.avanceplasticsurgery.com\/es\/procedimientos-cosmeticos-y-de-cirugia\/paralisis-facial\/#breadcrumb","itemListElement":[{"@type":"ListItem","position":1,"name":"Home","item":"https:\/\/www.avanceplasticsurgery.com\/es\/"},{"@type":"ListItem","position":2,"name":"Cosm\u00e9tica","item":"https:\/\/www.avanceplasticsurgery.com\/es\/procedimientos-cosmeticos-y-de-cirugia\/"},{"@type":"ListItem","position":3,"name":"Par\u00e1lisis facial"}]},{"@type":"WebSite","@id":"https:\/\/www.avanceplasticsurgery.com\/es\/#website","url":"https:\/\/www.avanceplasticsurgery.com\/es\/","name":"Avance Plastic Surgery","description":"","potentialAction":[{"@type":"SearchAction","target":{"@type":"EntryPoint","urlTemplate":"https:\/\/www.avanceplasticsurgery.com\/es\/?s={search_term_string}"},"query-input":{"@type":"PropertyValueSpecification","valueRequired":true,"valueName":"search_term_string"}}],"inLanguage":"es"}]}},"_links":{"self":[{"href":"https:\/\/www.avanceplasticsurgery.com\/es\/wp-json\/wp\/v2\/pages\/8933","targetHints":{"allow":["GET"]}}],"collection":[{"href":"https:\/\/www.avanceplasticsurgery.com\/es\/wp-json\/wp\/v2\/pages"}],"about":[{"href":"https:\/\/www.avanceplasticsurgery.com\/es\/wp-json\/wp\/v2\/types\/page"}],"author":[{"embeddable":true,"href":"https:\/\/www.avanceplasticsurgery.com\/es\/wp-json\/wp\/v2\/users\/1"}],"replies":[{"embeddable":true,"href":"https:\/\/www.avanceplasticsurgery.com\/es\/wp-json\/wp\/v2\/comments?post=8933"}],"version-history":[{"count":1,"href":"https:\/\/www.avanceplasticsurgery.com\/es\/wp-json\/wp\/v2\/pages\/8933\/revisions"}],"predecessor-version":[{"id":9206,"href":"https:\/\/www.avanceplasticsurgery.com\/es\/wp-json\/wp\/v2\/pages\/8933\/revisions\/9206"}],"up":[{"embeddable":true,"href":"https:\/\/www.avanceplasticsurgery.com\/es\/wp-json\/wp\/v2\/pages\/8804"}],"wp:featuredmedia":[{"embeddable":true,"href":"https:\/\/www.avanceplasticsurgery.com\/es\/wp-json\/wp\/v2\/media\/8581"}],"wp:attachment":[{"href":"https:\/\/www.avanceplasticsurgery.com\/es\/wp-json\/wp\/v2\/media?parent=8933"}],"curies":[{"name":"wp","href":"https:\/\/api.w.org\/{rel}","templated":true}]}}