{"id":8936,"date":"2020-09-16T07:39:37","date_gmt":"2020-09-16T07:39:37","guid":{"rendered":"https:\/\/www.avanceplasticsurgery.com\/tratamiento-de-arrugas\/"},"modified":"2022-04-25T12:50:07","modified_gmt":"2022-04-25T12:50:07","slug":"tratamiento-de-arrugas","status":"publish","type":"page","link":"https:\/\/www.avanceplasticsurgery.com\/es\/procedimientos-cosmeticos-y-de-cirugia\/tratamientos-de-relleno-facial-y-dermico\/tratamiento-de-arrugas\/","title":{"rendered":"Tratamiento de Arrugas"},"content":{"rendered":"<h1>Tratamiento de Arrugas Faciales<\/h1>\n<p>Las arrugas faciales pueden ser un signo de gran sabidur\u00eda en algunas culturas, atribuido al conocimiento acumulado a lo largo del tiempo. Sin embargo, para muchos son simplemente una se\u00f1al de que han pasado muchos a\u00f1os y han dejado una serie de marcas f\u00edsicas indeseables. Para aquellos que deseen borrar estos signos reveladores del envejecimiento, el tratamiento antiarrugas faciales est\u00e1 disponible en Reno\/Tahoe del Dr. Erez Dayan.<\/p>\n<p>Avance Plastic Surgery Institute es un centro de cirug\u00eda est\u00e9tica y rejuvenecimiento f\u00edsico de primer nivel que ofrece servicios expertos en cosm\u00e9tica y reconstrucci\u00f3n. Las <a title=\"Reno NV Rellenos faciales Inyecciones d\u00e9rmicas\" href=\"https:\/\/www.avanceplasticsurgery.com\/es\/cosmetic-and-surgery-procedures\/facial-dermal-filler-treatments\/\">opciones que brindamos para el tratamiento de las arrugas faciales<\/a> , bajo la direcci\u00f3n del Dr. Dayan, pueden hacerte lucir 10 a\u00f1os m\u00e1s joven. Suaviza las arrugas faciales causadas por el sol o las expresiones faciales repetidas para una est\u00e9tica m\u00e1s atractiva.<\/p>\n<h2>Tratamiento antiarrugas debajo de los ojos<\/h2>\n<p>El tratamiento de las arrugas debajo de los ojos es uno de los muchos servicios que brindamos para que luzca m\u00e1s joven. La piel delgada de los p\u00e1rpados es uno de los primeros lugares donde la falta de col\u00e1geno y los rayos UV pueden causar flacidez y arrugas. Las t\u00e9cnicas de reafirmaci\u00f3n de la piel, como los tratamientos de radiofrecuencia o los rellenos faciales, pueden borrar estas peque\u00f1as arrugas para lograr ojos m\u00e1s j\u00f3venes y una apariencia m\u00e1s vibrante.<\/p>\n<p>El tratamiento de las arrugas debajo de los ojos es solo un \u00e1rea del tratamiento de las arrugas faciales que ofrece el Dr. Dayan para brindarle una apariencia m\u00e1s joven. A menudo recomienda una combinaci\u00f3n de reafirmaci\u00f3n de la piel, rellenos faciales y otras mejoras cosm\u00e9ticas para completar un rejuvenecimiento facial no quir\u00fargico. \u00c9l le explicar\u00e1 m\u00e1s sobre cada opci\u00f3n durante su cita de consulta.<\/p>\n<p>El Dr. Dayan est\u00e1 excepcionalmente calificado para realizar dichos tratamientos, y no encontrar\u00e1 un profesional mejor calificado en quien confiar sus mejoras cosm\u00e9ticas faciales en toda el \u00e1rea de Reno y Lake Tahoe. Es un cirujano pl\u00e1stico cosm\u00e9tico y reconstructivo altamente calificado con amplias credenciales y experiencia en todo el mundo. Est\u00e1 mucho m\u00e1s calificado para realizar tratamientos cosm\u00e9ticos de rejuvenecimiento facial que muchos spas y salones que ofrecen dichos servicios.<\/p>\n<p>Para mejoras faciales seguras, expertas y sorprendentes, incluido el tratamiento de arrugas faciales, <a title=\"P\u00f3ngase en contacto con el Instituto de Cirug\u00eda Pl\u00e1stica Avance en Reno NV\" href=\"https:\/\/www.avanceplasticsurgery.com\/es\/contact-us-dr-erez-dayan\/\">comun\u00edquese con el Instituto de Cirug\u00eda Pl\u00e1stica Avance<\/a> en Reno\/Tahoe para una consulta con el Dr. Dayan.<\/p>\n","protected":false},"excerpt":{"rendered":"<p>Tratamiento de Arrugas Faciales Las arrugas faciales pueden ser un signo de gran sabidur\u00eda en algunas culturas, atribuido al&hellip;<\/p>\n","protected":false},"author":1,"featured_media":0,"parent":8946,"menu_order":0,"comment_status":"closed","ping_status":"closed","template":"","meta":{"_acf_changed":false,"footnotes":""},"class_list":["post-8936","page","type-page","status-publish"],"acf":[],"yoast_head":"<!-- This site is optimized with the Yoast SEO plugin v25.6 - https:\/\/yoast.com\/wordpress\/plugins\/seo\/ -->\n<title>Tratamiento antiarrugas facial Reno NV | Tratamiento antiarrugas debajo de los ojos de Lake Tahoe<\/title>\n<meta name=\"description\" content=\"El tratamiento de las arrugas faciales, incluido el delicado tratamiento de las arrugas debajo de los ojos, est\u00e1 disponible a trav\u00e9s de un cirujano pl\u00e1stico cosm\u00e9tico experto en el Instituto de Cirug\u00eda Pl\u00e1stica Avance en Reno, NV. Llame hoy para su consulta con el Dr. Erez Dayan.\" \/>\n<meta name=\"robots\" content=\"index, follow, max-snippet:-1, max-image-preview:large, max-video-preview:-1\" \/>\n<link rel=\"canonical\" href=\"https:\/\/www.avanceplasticsurgery.com\/es\/procedimientos-cosmeticos-y-de-cirugia\/tratamientos-de-relleno-facial-y-dermico\/tratamiento-de-arrugas\/\" \/>\n<meta property=\"og:locale\" content=\"es_ES\" \/>\n<meta property=\"og:type\" content=\"article\" \/>\n<meta property=\"og:title\" content=\"Tratamiento antiarrugas facial Reno NV | Tratamiento antiarrugas debajo de los ojos de Lake Tahoe\" \/>\n<meta property=\"og:description\" content=\"El tratamiento de las arrugas faciales, incluido el delicado tratamiento de las arrugas debajo de los ojos, est\u00e1 disponible a trav\u00e9s de un cirujano pl\u00e1stico cosm\u00e9tico experto en el Instituto de Cirug\u00eda Pl\u00e1stica Avance en Reno, NV. Llame hoy para su consulta con el Dr. Erez Dayan.\" \/>\n<meta property=\"og:url\" content=\"https:\/\/www.avanceplasticsurgery.com\/es\/procedimientos-cosmeticos-y-de-cirugia\/tratamientos-de-relleno-facial-y-dermico\/tratamiento-de-arrugas\/\" \/>\n<meta property=\"og:site_name\" content=\"Avance Plastic Surgery\" \/>\n<meta property=\"article:modified_time\" content=\"2022-04-25T12:50:07+00:00\" \/>\n<meta name=\"twitter:card\" content=\"summary_large_image\" \/>\n<meta name=\"twitter:label1\" content=\"Tiempo de lectura\" \/>\n\t<meta name=\"twitter:data1\" content=\"2 minutos\" \/>\n<!-- \/ Yoast SEO plugin. -->","yoast_head_json":{"title":"Tratamiento antiarrugas facial Reno NV | Tratamiento antiarrugas debajo de los ojos de Lake Tahoe","description":"El tratamiento de las arrugas faciales, incluido el delicado tratamiento de las arrugas debajo de los ojos, est\u00e1 disponible a trav\u00e9s de un cirujano pl\u00e1stico cosm\u00e9tico experto en el Instituto de Cirug\u00eda Pl\u00e1stica Avance en Reno, NV. Llame hoy para su consulta con el Dr. Erez Dayan.","robots":{"index":"index","follow":"follow","max-snippet":"max-snippet:-1","max-image-preview":"max-image-preview:large","max-video-preview":"max-video-preview:-1"},"canonical":"https:\/\/www.avanceplasticsurgery.com\/es\/procedimientos-cosmeticos-y-de-cirugia\/tratamientos-de-relleno-facial-y-dermico\/tratamiento-de-arrugas\/","og_locale":"es_ES","og_type":"article","og_title":"Tratamiento antiarrugas facial Reno NV | Tratamiento antiarrugas debajo de los ojos de Lake Tahoe","og_description":"El tratamiento de las arrugas faciales, incluido el delicado tratamiento de las arrugas debajo de los ojos, est\u00e1 disponible a trav\u00e9s de un cirujano pl\u00e1stico cosm\u00e9tico experto en el Instituto de Cirug\u00eda Pl\u00e1stica Avance en Reno, NV. Llame hoy para su consulta con el Dr. Erez Dayan.","og_url":"https:\/\/www.avanceplasticsurgery.com\/es\/procedimientos-cosmeticos-y-de-cirugia\/tratamientos-de-relleno-facial-y-dermico\/tratamiento-de-arrugas\/","og_site_name":"Avance Plastic Surgery","article_modified_time":"2022-04-25T12:50:07+00:00","twitter_card":"summary_large_image","twitter_misc":{"Tiempo de lectura":"2 minutos"},"schema":{"@context":"https:\/\/schema.org","@graph":[{"@type":"WebPage","@id":"https:\/\/www.avanceplasticsurgery.com\/es\/procedimientos-cosmeticos-y-de-cirugia\/tratamientos-de-relleno-facial-y-dermico\/tratamiento-de-arrugas\/","url":"https:\/\/www.avanceplasticsurgery.com\/es\/procedimientos-cosmeticos-y-de-cirugia\/tratamientos-de-relleno-facial-y-dermico\/tratamiento-de-arrugas\/","name":"Tratamiento antiarrugas facial Reno NV | Tratamiento antiarrugas debajo de los ojos de Lake Tahoe","isPartOf":{"@id":"https:\/\/www.avanceplasticsurgery.com\/es\/#website"},"datePublished":"2020-09-16T07:39:37+00:00","dateModified":"2022-04-25T12:50:07+00:00","description":"El tratamiento de las arrugas faciales, incluido el delicado tratamiento de las arrugas debajo de los ojos, est\u00e1 disponible a trav\u00e9s de un cirujano pl\u00e1stico cosm\u00e9tico experto en el Instituto de Cirug\u00eda Pl\u00e1stica Avance en Reno, NV. Llame hoy para su consulta con el Dr. Erez Dayan.","breadcrumb":{"@id":"https:\/\/www.avanceplasticsurgery.com\/es\/procedimientos-cosmeticos-y-de-cirugia\/tratamientos-de-relleno-facial-y-dermico\/tratamiento-de-arrugas\/#breadcrumb"},"inLanguage":"es","potentialAction":[{"@type":"ReadAction","target":["https:\/\/www.avanceplasticsurgery.com\/es\/procedimientos-cosmeticos-y-de-cirugia\/tratamientos-de-relleno-facial-y-dermico\/tratamiento-de-arrugas\/"]}]},{"@type":"BreadcrumbList","@id":"https:\/\/www.avanceplasticsurgery.com\/es\/procedimientos-cosmeticos-y-de-cirugia\/tratamientos-de-relleno-facial-y-dermico\/tratamiento-de-arrugas\/#breadcrumb","itemListElement":[{"@type":"ListItem","position":1,"name":"Home","item":"https:\/\/www.avanceplasticsurgery.com\/es\/"},{"@type":"ListItem","position":2,"name":"Cosm\u00e9tica","item":"https:\/\/www.avanceplasticsurgery.com\/es\/procedimientos-cosmeticos-y-de-cirugia\/"},{"@type":"ListItem","position":3,"name":"Tratamientos de relleno facial y d\u00e9rmico","item":"https:\/\/www.avanceplasticsurgery.com\/es\/procedimientos-cosmeticos-y-de-cirugia\/tratamientos-de-relleno-facial-y-dermico\/"},{"@type":"ListItem","position":4,"name":"Tratamiento de Arrugas"}]},{"@type":"WebSite","@id":"https:\/\/www.avanceplasticsurgery.com\/es\/#website","url":"https:\/\/www.avanceplasticsurgery.com\/es\/","name":"Avance Plastic Surgery","description":"","potentialAction":[{"@type":"SearchAction","target":{"@type":"EntryPoint","urlTemplate":"https:\/\/www.avanceplasticsurgery.com\/es\/?s={search_term_string}"},"query-input":{"@type":"PropertyValueSpecification","valueRequired":true,"valueName":"search_term_string"}}],"inLanguage":"es"}]}},"_links":{"self":[{"href":"https:\/\/www.avanceplasticsurgery.com\/es\/wp-json\/wp\/v2\/pages\/8936","targetHints":{"allow":["GET"]}}],"collection":[{"href":"https:\/\/www.avanceplasticsurgery.com\/es\/wp-json\/wp\/v2\/pages"}],"about":[{"href":"https:\/\/www.avanceplasticsurgery.com\/es\/wp-json\/wp\/v2\/types\/page"}],"author":[{"embeddable":true,"href":"https:\/\/www.avanceplasticsurgery.com\/es\/wp-json\/wp\/v2\/users\/1"}],"replies":[{"embeddable":true,"href":"https:\/\/www.avanceplasticsurgery.com\/es\/wp-json\/wp\/v2\/comments?post=8936"}],"version-history":[{"count":1,"href":"https:\/\/www.avanceplasticsurgery.com\/es\/wp-json\/wp\/v2\/pages\/8936\/revisions"}],"predecessor-version":[{"id":9288,"href":"https:\/\/www.avanceplasticsurgery.com\/es\/wp-json\/wp\/v2\/pages\/8936\/revisions\/9288"}],"up":[{"embeddable":true,"href":"https:\/\/www.avanceplasticsurgery.com\/es\/wp-json\/wp\/v2\/pages\/8946"}],"wp:attachment":[{"href":"https:\/\/www.avanceplasticsurgery.com\/es\/wp-json\/wp\/v2\/media?parent=8936"}],"curies":[{"name":"wp","href":"https:\/\/api.w.org\/{rel}","templated":true}]}}