{"id":8937,"date":"2020-09-16T07:38:07","date_gmt":"2020-09-16T07:38:07","guid":{"rendered":"https:\/\/www.avanceplasticsurgery.com\/parte-superior-de-la-mejilla-parte-media-de-la-cara\/"},"modified":"2022-04-25T12:49:33","modified_gmt":"2022-04-25T12:49:33","slug":"parte-superior-de-la-mejilla-parte-media-de-la-cara","status":"publish","type":"page","link":"https:\/\/www.avanceplasticsurgery.com\/es\/procedimientos-cosmeticos-y-de-cirugia\/tratamientos-de-relleno-facial-y-dermico\/parte-superior-de-la-mejilla-parte-media-de-la-cara\/","title":{"rendered":"Parte superior de la mejilla\/parte media de la cara"},"content":{"rendered":"<h1>Estiramiento de la piel de la parte superior de la mejilla\/medio rostro<\/h1>\n<p>Uno de los signos m\u00e1s comunes y evidentes del envejecimiento es la p\u00e9rdida de volumen en las mejillas. Cuando esto ocurre y la gravedad hace mella en la piel que ha perdido su elasticidad, las mejillas se caen y se comban, dando como resultado una apariencia vieja y triste. Para algunos, esto puede ocurrir demasiado pronto en la vida y su apariencia puede no ser un fiel reflejo de qui\u00e9nes son o c\u00f3mo desean ser percibidos. Para estas personas, el Dr. Erez Dayan en Reno\/Tahoe, NV ofrece estiramiento de la piel de la parte superior de las mejillas y la parte media del rostro.<\/p>\n<p>A medida que envejeces, la producci\u00f3n de col\u00e1geno se ralentiza, lo que afecta directamente la juventud y la elasticidad de tu piel. Las almohadillas de grasa debajo de las mejillas pierden volumen, lo que permite que la piel cuelgue m\u00e1s abajo. Para los pacientes que no tienen una ca\u00edda excesiva de las mejillas o que necesitan un volumen adicional, los <a title=\"Reno NV Rellenos faciales Inyecciones d\u00e9rmicas\" href=\"https:\/\/www.avanceplasticsurgery.com\/es\/cosmetic-and-surgery-procedures\/facial-dermal-filler-treatments\/\">procedimientos de estiramiento de la piel<\/a> pueden hacer que la cara se vea m\u00e1s suave y joven.<\/p>\n<h2>Aprieta las mejillas ca\u00eddas<\/h2>\n<p>El Dr. Dayan puede usar una variedad de procedimientos para tensar las mejillas ca\u00eddas en el Instituto de Cirug\u00eda Pl\u00e1stica Avance. Los pacientes de Reno y Lake Tahoe pueden someterse a tratamientos de energ\u00eda de radiofrecuencia para tensar la piel o se pueden usar rellenos faciales para agregar volumen y contorno para el tratamiento de mejillas ca\u00eddas.<\/p>\n<p>El Dr. Dayan puede recomendar una combinaci\u00f3n de estos u otros tratamientos para reafirmar las mejillas ca\u00eddas sin cirug\u00eda. Es posible que se necesiten varias sesiones a lo largo del tiempo para producir el efecto que desea. El Dr. Dayan discutir\u00e1 todas las opciones y sus recomendaciones durante su consulta confidencial en su oficina de Reno\/Tahoe. Puede hacer preguntas sobre cualquier tr\u00e1mite, as\u00ed como sobre opciones de financiaci\u00f3n y pago.<\/p>\n<p>El Dr. Erez Dayan es un cirujano pl\u00e1stico cosm\u00e9tico y reconstructivo solicitado con una reputaci\u00f3n mundial de excelencia. Ha escrito, dado conferencias y ense\u00f1ado t\u00e9cnicas de cirug\u00eda pl\u00e1stica y mejora est\u00e9tica en todo el mundo. Su conocimiento superior de la anatom\u00eda facial y su experiencia creativa como cirujano pl\u00e1stico lo hacen sumamente calificado para ofrecerle el mejor tratamiento de estiramiento de la piel del tercio medio facial posible.<\/p>\n<p><a title=\"P\u00f3ngase en contacto con el Instituto de Cirug\u00eda Pl\u00e1stica Avance en Reno NV\" href=\"https:\/\/www.avanceplasticsurgery.com\/es\/contact-us-dr-erez-dayan\/\">Comun\u00edquese hoy con el Instituto de Cirug\u00eda Pl\u00e1stica Avance<\/a> en Reno\/Tahoe para programar su consulta con el Dr. Dayan.<\/p>\n","protected":false},"excerpt":{"rendered":"<p>Estiramiento de la piel de la parte superior de la mejilla\/medio rostro Uno de los signos m\u00e1s comunes y&hellip;<\/p>\n","protected":false},"author":1,"featured_media":0,"parent":8946,"menu_order":0,"comment_status":"closed","ping_status":"closed","template":"","meta":{"_acf_changed":false,"footnotes":""},"class_list":["post-8937","page","type-page","status-publish"],"acf":[],"yoast_head":"<!-- This site is optimized with the Yoast SEO plugin v25.6 - https:\/\/yoast.com\/wordpress\/plugins\/seo\/ -->\n<title>Reno NV Best Cheek Skin Tightening | Lake Tahoe Aprieta las mejillas ca\u00eddas<\/title>\n<meta name=\"description\" content=\"Para obtener el mejor estiramiento de la piel de las mejillas en Reno, no busque m\u00e1s que el Dr. Erez Dayan en Avance Plastic Surgery Institute. Ofrece varios tratamientos m\u00ednimamente invasivos para reafirmar las mejillas ca\u00eddas en Reno y Lake Tahoe, NV.\" \/>\n<meta name=\"robots\" content=\"index, follow, max-snippet:-1, max-image-preview:large, max-video-preview:-1\" \/>\n<link rel=\"canonical\" href=\"https:\/\/www.avanceplasticsurgery.com\/es\/procedimientos-cosmeticos-y-de-cirugia\/tratamientos-de-relleno-facial-y-dermico\/parte-superior-de-la-mejilla-parte-media-de-la-cara\/\" \/>\n<meta property=\"og:locale\" content=\"es_ES\" \/>\n<meta property=\"og:type\" content=\"article\" \/>\n<meta property=\"og:title\" content=\"Reno NV Best Cheek Skin Tightening | Lake Tahoe Aprieta las mejillas ca\u00eddas\" \/>\n<meta property=\"og:description\" content=\"Para obtener el mejor estiramiento de la piel de las mejillas en Reno, no busque m\u00e1s que el Dr. Erez Dayan en Avance Plastic Surgery Institute. Ofrece varios tratamientos m\u00ednimamente invasivos para reafirmar las mejillas ca\u00eddas en Reno y Lake Tahoe, NV.\" \/>\n<meta property=\"og:url\" content=\"https:\/\/www.avanceplasticsurgery.com\/es\/procedimientos-cosmeticos-y-de-cirugia\/tratamientos-de-relleno-facial-y-dermico\/parte-superior-de-la-mejilla-parte-media-de-la-cara\/\" \/>\n<meta property=\"og:site_name\" content=\"Avance Plastic Surgery\" \/>\n<meta property=\"article:modified_time\" content=\"2022-04-25T12:49:33+00:00\" \/>\n<meta name=\"twitter:card\" content=\"summary_large_image\" \/>\n<meta name=\"twitter:label1\" content=\"Tiempo de lectura\" \/>\n\t<meta name=\"twitter:data1\" content=\"2 minutos\" \/>\n<!-- \/ Yoast SEO plugin. -->","yoast_head_json":{"title":"Reno NV Best Cheek Skin Tightening | Lake Tahoe Aprieta las mejillas ca\u00eddas","description":"Para obtener el mejor estiramiento de la piel de las mejillas en Reno, no busque m\u00e1s que el Dr. Erez Dayan en Avance Plastic Surgery Institute. Ofrece varios tratamientos m\u00ednimamente invasivos para reafirmar las mejillas ca\u00eddas en Reno y Lake Tahoe, NV.","robots":{"index":"index","follow":"follow","max-snippet":"max-snippet:-1","max-image-preview":"max-image-preview:large","max-video-preview":"max-video-preview:-1"},"canonical":"https:\/\/www.avanceplasticsurgery.com\/es\/procedimientos-cosmeticos-y-de-cirugia\/tratamientos-de-relleno-facial-y-dermico\/parte-superior-de-la-mejilla-parte-media-de-la-cara\/","og_locale":"es_ES","og_type":"article","og_title":"Reno NV Best Cheek Skin Tightening | Lake Tahoe Aprieta las mejillas ca\u00eddas","og_description":"Para obtener el mejor estiramiento de la piel de las mejillas en Reno, no busque m\u00e1s que el Dr. Erez Dayan en Avance Plastic Surgery Institute. Ofrece varios tratamientos m\u00ednimamente invasivos para reafirmar las mejillas ca\u00eddas en Reno y Lake Tahoe, NV.","og_url":"https:\/\/www.avanceplasticsurgery.com\/es\/procedimientos-cosmeticos-y-de-cirugia\/tratamientos-de-relleno-facial-y-dermico\/parte-superior-de-la-mejilla-parte-media-de-la-cara\/","og_site_name":"Avance Plastic Surgery","article_modified_time":"2022-04-25T12:49:33+00:00","twitter_card":"summary_large_image","twitter_misc":{"Tiempo de lectura":"2 minutos"},"schema":{"@context":"https:\/\/schema.org","@graph":[{"@type":"WebPage","@id":"https:\/\/www.avanceplasticsurgery.com\/es\/procedimientos-cosmeticos-y-de-cirugia\/tratamientos-de-relleno-facial-y-dermico\/parte-superior-de-la-mejilla-parte-media-de-la-cara\/","url":"https:\/\/www.avanceplasticsurgery.com\/es\/procedimientos-cosmeticos-y-de-cirugia\/tratamientos-de-relleno-facial-y-dermico\/parte-superior-de-la-mejilla-parte-media-de-la-cara\/","name":"Reno NV Best Cheek Skin Tightening | Lake Tahoe Aprieta las mejillas ca\u00eddas","isPartOf":{"@id":"https:\/\/www.avanceplasticsurgery.com\/es\/#website"},"datePublished":"2020-09-16T07:38:07+00:00","dateModified":"2022-04-25T12:49:33+00:00","description":"Para obtener el mejor estiramiento de la piel de las mejillas en Reno, no busque m\u00e1s que el Dr. Erez Dayan en Avance Plastic Surgery Institute. Ofrece varios tratamientos m\u00ednimamente invasivos para reafirmar las mejillas ca\u00eddas en Reno y Lake Tahoe, NV.","breadcrumb":{"@id":"https:\/\/www.avanceplasticsurgery.com\/es\/procedimientos-cosmeticos-y-de-cirugia\/tratamientos-de-relleno-facial-y-dermico\/parte-superior-de-la-mejilla-parte-media-de-la-cara\/#breadcrumb"},"inLanguage":"es","potentialAction":[{"@type":"ReadAction","target":["https:\/\/www.avanceplasticsurgery.com\/es\/procedimientos-cosmeticos-y-de-cirugia\/tratamientos-de-relleno-facial-y-dermico\/parte-superior-de-la-mejilla-parte-media-de-la-cara\/"]}]},{"@type":"BreadcrumbList","@id":"https:\/\/www.avanceplasticsurgery.com\/es\/procedimientos-cosmeticos-y-de-cirugia\/tratamientos-de-relleno-facial-y-dermico\/parte-superior-de-la-mejilla-parte-media-de-la-cara\/#breadcrumb","itemListElement":[{"@type":"ListItem","position":1,"name":"Home","item":"https:\/\/www.avanceplasticsurgery.com\/es\/"},{"@type":"ListItem","position":2,"name":"Cosm\u00e9tica","item":"https:\/\/www.avanceplasticsurgery.com\/es\/procedimientos-cosmeticos-y-de-cirugia\/"},{"@type":"ListItem","position":3,"name":"Tratamientos de relleno facial y d\u00e9rmico","item":"https:\/\/www.avanceplasticsurgery.com\/es\/procedimientos-cosmeticos-y-de-cirugia\/tratamientos-de-relleno-facial-y-dermico\/"},{"@type":"ListItem","position":4,"name":"Parte superior de la mejilla\/parte media de la cara"}]},{"@type":"WebSite","@id":"https:\/\/www.avanceplasticsurgery.com\/es\/#website","url":"https:\/\/www.avanceplasticsurgery.com\/es\/","name":"Avance Plastic Surgery","description":"","potentialAction":[{"@type":"SearchAction","target":{"@type":"EntryPoint","urlTemplate":"https:\/\/www.avanceplasticsurgery.com\/es\/?s={search_term_string}"},"query-input":{"@type":"PropertyValueSpecification","valueRequired":true,"valueName":"search_term_string"}}],"inLanguage":"es"}]}},"_links":{"self":[{"href":"https:\/\/www.avanceplasticsurgery.com\/es\/wp-json\/wp\/v2\/pages\/8937","targetHints":{"allow":["GET"]}}],"collection":[{"href":"https:\/\/www.avanceplasticsurgery.com\/es\/wp-json\/wp\/v2\/pages"}],"about":[{"href":"https:\/\/www.avanceplasticsurgery.com\/es\/wp-json\/wp\/v2\/types\/page"}],"author":[{"embeddable":true,"href":"https:\/\/www.avanceplasticsurgery.com\/es\/wp-json\/wp\/v2\/users\/1"}],"replies":[{"embeddable":true,"href":"https:\/\/www.avanceplasticsurgery.com\/es\/wp-json\/wp\/v2\/comments?post=8937"}],"version-history":[{"count":1,"href":"https:\/\/www.avanceplasticsurgery.com\/es\/wp-json\/wp\/v2\/pages\/8937\/revisions"}],"predecessor-version":[{"id":9285,"href":"https:\/\/www.avanceplasticsurgery.com\/es\/wp-json\/wp\/v2\/pages\/8937\/revisions\/9285"}],"up":[{"embeddable":true,"href":"https:\/\/www.avanceplasticsurgery.com\/es\/wp-json\/wp\/v2\/pages\/8946"}],"wp:attachment":[{"href":"https:\/\/www.avanceplasticsurgery.com\/es\/wp-json\/wp\/v2\/media?parent=8937"}],"curies":[{"name":"wp","href":"https:\/\/api.w.org\/{rel}","templated":true}]}}