{"id":8938,"date":"2020-09-16T07:36:40","date_gmt":"2020-09-16T07:36:40","guid":{"rendered":"https:\/\/www.avanceplasticsurgery.com\/templos\/"},"modified":"2020-09-16T07:36:40","modified_gmt":"2020-09-16T07:36:40","slug":"templos","status":"publish","type":"page","link":"https:\/\/www.avanceplasticsurgery.com\/es\/procedimientos-cosmeticos-y-de-cirugia\/tratamientos-de-relleno-facial-y-dermico\/templos\/","title":{"rendered":"templos"},"content":{"rendered":"<h1>Tratamiento de relleno de templo<\/h1>\n<p>Un \u00e1rea que a menudo se pasa por alto para el tratamiento cosm\u00e9tico que muestra signos de envejecimiento es la sien. Al igual que el resto de la cara, las sienes pueden perder volumen con el tiempo y mostrar arrugas din\u00e1micas, que son las causadas por las expresiones faciales repetidas generadas por los m\u00fasculos. El Dr. Erez Dayan ofrece un tratamiento de relleno de sien como un <a title=\"Reno NV Rellenos faciales Inyecciones d\u00e9rmicas\" href=\"https:\/\/www.avanceplasticsurgery.com\/cosmetic-and-surgery-procedures\/facial-dermal-filler-treatments\/\">tratamiento cosm\u00e9tico m\u00ednimamente invasivo<\/a> en el Instituto de Cirug\u00eda Pl\u00e1stica Avance en Reno\/Tahoe, NV.<\/p>\n<p>La p\u00e9rdida de grasa y col\u00e1geno a trav\u00e9s del envejecimiento afecta todas las \u00e1reas de la cara, incluida la zona de las sienes. Esto lo convierte en un templo de aspecto hueco que parece huesudo, arrugado y gastado. Los rellenos d\u00e9rmicos se pueden usar para agregar volumen a esta \u00e1rea, al igual que se pueden usar en toda la cara y el cuello. La colocaci\u00f3n estrat\u00e9gica y precisa del tipo correcto de relleno puede borrar el aspecto envejecido del \u00e1rea de la sien y agregar una apariencia m\u00e1s joven en general, especialmente cuando se combina con otros tratamientos de relleno facial.<\/p>\n<p>El Dr. Dayan es un cirujano pl\u00e1stico cosm\u00e9tico y reconstructivo altamente calificado con una amplia capacitaci\u00f3n y experiencia en mejoras faciales. Es posible que recomiende un tratamiento de relleno de sien como parte de un plan integral para el rejuvenecimiento facial general. Puede obtener m\u00e1s informaci\u00f3n cuando hable con \u00e9l sobre las mejoras faciales en una consulta privada en su oficina de Reno\/Tahoe.<\/p>\n<h2>Reemplace el volumen facial perdido en Reno<\/h2>\n<p>Si est\u00e1 listo para reemplazar el volumen facial perdido en Reno, programe su consulta ahora con el Dr. Dayan. \u00c9l puede explicar c\u00f3mo los diversos productos de relleno d\u00e9rmico disponibles est\u00e1n dise\u00f1ados para usarse en \u00e1reas espec\u00edficas de la cara para obtener los mejores resultados posibles. Algunos productos son mejores para usar en el tratamiento de relleno de sien.<\/p>\n<p>Las inyecciones de relleno para reemplazar el volumen facial perdido son m\u00ednimamente invasivas y pr\u00e1cticamente indoloras. Puede recibir este tratamiento y volver a sus actividades normales de inmediato. Es posible que reconozca una ligera hinchaz\u00f3n en el lugar de la inyecci\u00f3n, pero desaparecer\u00e1 r\u00e1pidamente. Los resultados son inmediatos, con cierto desarrollo continuo a lo largo del tiempo. Su nueva apariencia durar\u00e1 alrededor de un a\u00f1o antes de que sea necesario un tratamiento de retoque.<\/p>\n<p><a title=\"P\u00f3ngase en contacto con el Instituto de Cirug\u00eda Pl\u00e1stica Avance en Reno NV\" href=\"https:\/\/www.avanceplasticsurgery.com\/contact-us-dr-erez-dayan\/\">Comun\u00edquese con el Instituto de Cirug\u00eda Pl\u00e1stica Avance<\/a> en Reno\/Tahoe, NV, al 775-800-4444 para programar una consulta confidencial con el Dr. Dayan para explorar las posibilidades del tratamiento de relleno de sien y otras mejoras faciales.<\/p>\n","protected":false},"excerpt":{"rendered":"<p>Tratamiento de relleno de templo Un \u00e1rea que a menudo se pasa por alto para el tratamiento cosm\u00e9tico que&hellip;<\/p>\n","protected":false},"author":1,"featured_media":0,"parent":8946,"menu_order":0,"comment_status":"closed","ping_status":"closed","template":"","meta":{"_acf_changed":false,"footnotes":""},"class_list":["post-8938","page","type-page","status-publish"],"acf":[],"yoast_head":"<!-- This site is optimized with the Yoast SEO plugin v27.3 - https:\/\/yoast.com\/product\/yoast-seo-wordpress\/ -->\n<title>Reno NV Temple Filler Tratamiento | Lake Tahoe Reemplace el volumen facial perdido<\/title>\n<meta name=\"description\" content=\"El tratamiento de relleno de sien puede reemplazar el volumen perdido y borrar los signos del envejecimiento en la parte superior de la cara. Llame al Instituto de Cirug\u00eda Pl\u00e1stica Avance en Reno, NV, para programar una consulta de mejora cosm\u00e9tica facial con el Dr. Erez Dayan.\" \/>\n<meta name=\"robots\" content=\"index, follow, max-snippet:-1, max-image-preview:large, max-video-preview:-1\" \/>\n<link rel=\"canonical\" href=\"https:\/\/www.avanceplasticsurgery.com\/es\/procedimientos-cosmeticos-y-de-cirugia\/tratamientos-de-relleno-facial-y-dermico\/templos\/\" \/>\n<meta property=\"og:locale\" content=\"es_ES\" \/>\n<meta property=\"og:type\" content=\"article\" \/>\n<meta property=\"og:title\" content=\"Reno NV Temple Filler Tratamiento | Lake Tahoe Reemplace el volumen facial perdido\" \/>\n<meta property=\"og:description\" content=\"El tratamiento de relleno de sien puede reemplazar el volumen perdido y borrar los signos del envejecimiento en la parte superior de la cara. Llame al Instituto de Cirug\u00eda Pl\u00e1stica Avance en Reno, NV, para programar una consulta de mejora cosm\u00e9tica facial con el Dr. Erez Dayan.\" \/>\n<meta property=\"og:url\" content=\"https:\/\/www.avanceplasticsurgery.com\/es\/procedimientos-cosmeticos-y-de-cirugia\/tratamientos-de-relleno-facial-y-dermico\/templos\/\" \/>\n<meta property=\"og:site_name\" content=\"Avance Plastic Surgery\" \/>\n<meta name=\"twitter:card\" content=\"summary_large_image\" \/>\n<meta name=\"twitter:label1\" content=\"Tiempo de lectura\" \/>\n\t<meta name=\"twitter:data1\" content=\"2 minutos\" \/>\n<!-- \/ Yoast SEO plugin. -->","yoast_head_json":{"title":"Reno NV Temple Filler Tratamiento | Lake Tahoe Reemplace el volumen facial perdido","description":"El tratamiento de relleno de sien puede reemplazar el volumen perdido y borrar los signos del envejecimiento en la parte superior de la cara. Llame al Instituto de Cirug\u00eda Pl\u00e1stica Avance en Reno, NV, para programar una consulta de mejora cosm\u00e9tica facial con el Dr. Erez Dayan.","robots":{"index":"index","follow":"follow","max-snippet":"max-snippet:-1","max-image-preview":"max-image-preview:large","max-video-preview":"max-video-preview:-1"},"canonical":"https:\/\/www.avanceplasticsurgery.com\/es\/procedimientos-cosmeticos-y-de-cirugia\/tratamientos-de-relleno-facial-y-dermico\/templos\/","og_locale":"es_ES","og_type":"article","og_title":"Reno NV Temple Filler Tratamiento | Lake Tahoe Reemplace el volumen facial perdido","og_description":"El tratamiento de relleno de sien puede reemplazar el volumen perdido y borrar los signos del envejecimiento en la parte superior de la cara. Llame al Instituto de Cirug\u00eda Pl\u00e1stica Avance en Reno, NV, para programar una consulta de mejora cosm\u00e9tica facial con el Dr. Erez Dayan.","og_url":"https:\/\/www.avanceplasticsurgery.com\/es\/procedimientos-cosmeticos-y-de-cirugia\/tratamientos-de-relleno-facial-y-dermico\/templos\/","og_site_name":"Avance Plastic Surgery","twitter_card":"summary_large_image","twitter_misc":{"Tiempo de lectura":"2 minutos"},"schema":{"@context":"https:\/\/schema.org","@graph":[{"@type":"WebPage","@id":"https:\/\/www.avanceplasticsurgery.com\/es\/procedimientos-cosmeticos-y-de-cirugia\/tratamientos-de-relleno-facial-y-dermico\/templos\/","url":"https:\/\/www.avanceplasticsurgery.com\/es\/procedimientos-cosmeticos-y-de-cirugia\/tratamientos-de-relleno-facial-y-dermico\/templos\/","name":"Reno NV Temple Filler Tratamiento | Lake Tahoe Reemplace el volumen facial perdido","isPartOf":{"@id":"https:\/\/www.avanceplasticsurgery.com\/es\/#website"},"datePublished":"2020-09-16T07:36:40+00:00","description":"El tratamiento de relleno de sien puede reemplazar el volumen perdido y borrar los signos del envejecimiento en la parte superior de la cara. Llame al Instituto de Cirug\u00eda Pl\u00e1stica Avance en Reno, NV, para programar una consulta de mejora cosm\u00e9tica facial con el Dr. Erez Dayan.","breadcrumb":{"@id":"https:\/\/www.avanceplasticsurgery.com\/es\/procedimientos-cosmeticos-y-de-cirugia\/tratamientos-de-relleno-facial-y-dermico\/templos\/#breadcrumb"},"inLanguage":"es","potentialAction":[{"@type":"ReadAction","target":["https:\/\/www.avanceplasticsurgery.com\/es\/procedimientos-cosmeticos-y-de-cirugia\/tratamientos-de-relleno-facial-y-dermico\/templos\/"]}]},{"@type":"BreadcrumbList","@id":"https:\/\/www.avanceplasticsurgery.com\/es\/procedimientos-cosmeticos-y-de-cirugia\/tratamientos-de-relleno-facial-y-dermico\/templos\/#breadcrumb","itemListElement":[{"@type":"ListItem","position":1,"name":"Home","item":"https:\/\/www.avanceplasticsurgery.com\/es\/"},{"@type":"ListItem","position":2,"name":"Cosm\u00e9tica","item":"https:\/\/www.avanceplasticsurgery.com\/es\/procedimientos-cosmeticos-y-de-cirugia\/"},{"@type":"ListItem","position":3,"name":"Tratamientos de relleno facial y d\u00e9rmico","item":"https:\/\/www.avanceplasticsurgery.com\/es\/procedimientos-cosmeticos-y-de-cirugia\/tratamientos-de-relleno-facial-y-dermico\/"},{"@type":"ListItem","position":4,"name":"templos"}]},{"@type":"WebSite","@id":"https:\/\/www.avanceplasticsurgery.com\/es\/#website","url":"https:\/\/www.avanceplasticsurgery.com\/es\/","name":"Avance Plastic Surgery","description":"","potentialAction":[{"@type":"SearchAction","target":{"@type":"EntryPoint","urlTemplate":"https:\/\/www.avanceplasticsurgery.com\/es\/?s={search_term_string}"},"query-input":{"@type":"PropertyValueSpecification","valueRequired":true,"valueName":"search_term_string"}}],"inLanguage":"es"}]}},"_links":{"self":[{"href":"https:\/\/www.avanceplasticsurgery.com\/es\/wp-json\/wp\/v2\/pages\/8938","targetHints":{"allow":["GET"]}}],"collection":[{"href":"https:\/\/www.avanceplasticsurgery.com\/es\/wp-json\/wp\/v2\/pages"}],"about":[{"href":"https:\/\/www.avanceplasticsurgery.com\/es\/wp-json\/wp\/v2\/types\/page"}],"author":[{"embeddable":true,"href":"https:\/\/www.avanceplasticsurgery.com\/es\/wp-json\/wp\/v2\/users\/1"}],"replies":[{"embeddable":true,"href":"https:\/\/www.avanceplasticsurgery.com\/es\/wp-json\/wp\/v2\/comments?post=8938"}],"version-history":[{"count":0,"href":"https:\/\/www.avanceplasticsurgery.com\/es\/wp-json\/wp\/v2\/pages\/8938\/revisions"}],"up":[{"embeddable":true,"href":"https:\/\/www.avanceplasticsurgery.com\/es\/wp-json\/wp\/v2\/pages\/8946"}],"wp:attachment":[{"href":"https:\/\/www.avanceplasticsurgery.com\/es\/wp-json\/wp\/v2\/media?parent=8938"}],"curies":[{"name":"wp","href":"https:\/\/api.w.org\/{rel}","templated":true}]}}